{"id":141591,"date":"2026-04-28T12:55:55","date_gmt":"2026-04-28T10:55:55","guid":{"rendered":"https:\/\/webshopdistricoscom.webhosting.be\/product\/busch-hybrid-cap-gros-8-mm-hc8880s-075-ref-8867-150\/"},"modified":"2026-04-28T12:55:59","modified_gmt":"2026-04-28T10:55:59","slug":"busch-hybrid-cap-gros-8-mm-hc8880s-075-ref-8867-150","status":"publish","type":"product","link":"https:\/\/districos.standingout.be\/fr\/product\/busch-hybrid-cap-gros-8-mm-hc8880s-075-ref-8867-150\/","title":{"rendered":"Busch Hybrid Cap Gros 8 mm HC8880S\/075"},"content":{"rendered":"<p >\n<p dir=ltr>Le Hybrid Cap, ensemble avec le Hybrid Twister, est la r\u00e9volution la plus r\u00e9cente dans la gamme de fraises Busch pour l\u2019enl\u00e8vement de callosit\u00e9s. Il est fabriqu\u00e9 de deux mati\u00e8res extraordinairement efficaces: le diamant et la c\u00e9ramique. La combinaison de ces deux mati\u00e8res constitue un grain hybride progressiste! Compar\u00e9 aux Diatwisters, ces fraises sont encore plus rapides et le r\u00e9sultat encore plus lisse et cela pour le m\u00eame prix! Gr\u00e2ce \u00e0 l\u2019indicateur color\u00e9 vous savez imm\u00e9diatement le grain de la fraise. N\u2019h\u00e9sitez pas, essayez-le vous-m\u00eame et laissez-vous convaincre par ce produit r\u00e9volutionnaire.<\/p>\n<p> <b>Disponibles en 3 grains:<\/b> <\/p>\n<ul> <\/p>\n<li>m\u00e9ga gros (callosit\u00e9s \u00e9paisses)<\/li>\n<p> <\/p>\n<li>tr\u00e8s gros (callosit\u00e9s dures)<\/li>\n<p> <\/p>\n<li>gros (callosit\u00e9s d\u00e9butantes)<\/li>\n<p> <\/ul>\n<p> Disponible en trois diam\u00e8tres: 8, 10 et 12 mm<\/p>\n<p> Attention : cette innovation Busch est brevet\u00e9e et n\u2019est disponible que chez un distributeur officiel de Busch.<\/p>\n<p> ATTENTION: Toutes les fraises diamant\u00e9es de BUSCH doivent \u00eatre nettoy\u00e9es avec la brosse de nettoyage sp\u00e9cifiquement con\u00e7ue \u00e0 cette fin (R\u00e9f. 8867.950) ou la brosse de nettoyage synth\u00e9tique (R\u00e9f. 8866.78) et ne peuvent PAS \u00eatre nettoy\u00e9es avec la brosse en cuivre classique. Cette brosse diminuera consid\u00e9rablement la dur\u00e9e de vie de vos fraises. <\/p>\n<ul> <\/p>\n<li>diam\u00e8tre: 075<\/li>\n<p> <\/p>\n<li>20.000 tpm<\/li>\n<p> <\/p>\n<li>N&rsquo;OUBLIEZ PAS DE COMMANDER LE SUPPORT r\u00e9f. 8867.145 <\/li>\n<p> <\/ul><\/p>\n","protected":false},"excerpt":{"rendered":"<p>Le Hybrid Cap, ensemble avec le Hybrid Twister, est la r\u00e9volution la plus r\u00e9cente dans la gamme de fraises Busch pour l\u2019enl\u00e8vement de callosit\u00e9s. Il est fabriqu\u00e9 de deux mati\u00e8res extraordinairement efficaces: le diamant et la c\u00e9ramique. La combinaison de ces deux mati\u00e8res constitue un grain hybride progressiste! Compar\u00e9 aux Diatwisters, ces fraises sont encore [&hellip;]<\/p>\n","protected":false},"featured_media":83987,"comment_status":"open","ping_status":"closed","template":"","meta":{"_acf_changed":false},"product_brand":[10322],"product_cat":[10014,9942,10273],"product_tag":[],"class_list":{"0":"post-141591","1":"product","2":"type-product","3":"status-publish","4":"has-post-thumbnail","6":"product_brand-busch-fr","7":"product_cat-soins-des-pieds-podologie-fraises-callosites","8":"product_cat-beaute-pedicure-fraises","9":"product_cat-soins-des-pieds-podologie-fraises-toutes-les-fraises","11":"first","12":"instock","13":"taxable","14":"shipping-taxable","15":"product-type-simple"},"acf":[],"yoast_head":"<!-- This site is optimized with the Yoast SEO plugin v27.3 - https:\/\/yoast.com\/product\/yoast-seo-wordpress\/ -->\n<title>Busch Hybrid Cap Gros 8 mm HC8880S\/075 - Districos Webshop<\/title>\n<meta name=\"robots\" content=\"noindex, follow, max-snippet:-1, max-image-preview:large, max-video-preview:-1\" \/>\n<meta property=\"og:locale\" content=\"fr_FR\" \/>\n<meta property=\"og:type\" content=\"article\" \/>\n<meta property=\"og:title\" content=\"Busch Hybrid Cap Gros 8 mm HC8880S\/075 - Districos Webshop\" \/>\n<meta property=\"og:description\" content=\"Le Hybrid Cap, ensemble avec le Hybrid Twister, est la r\u00e9volution la plus r\u00e9cente dans la gamme de fraises Busch pour l\u2019enl\u00e8vement de callosit\u00e9s. Il est fabriqu\u00e9 de deux mati\u00e8res extraordinairement efficaces: le diamant et la c\u00e9ramique. La combinaison de ces deux mati\u00e8res constitue un grain hybride progressiste! Compar\u00e9 aux Diatwisters, ces fraises sont encore [&hellip;]\" \/>\n<meta property=\"og:url\" content=\"https:\/\/districos.standingout.be\/fr\/product\/busch-hybrid-cap-gros-8-mm-hc8880s-075-ref-8867-150\/\" \/>\n<meta property=\"og:site_name\" content=\"Districos Webshop\" \/>\n<meta property=\"article:modified_time\" content=\"2026-04-28T10:55:59+00:00\" \/>\n<meta name=\"twitter:card\" content=\"summary_large_image\" \/>\n<meta name=\"twitter:label1\" content=\"Dur\u00e9e de lecture estim\u00e9e\" \/>\n\t<meta name=\"twitter:data1\" content=\"1 minute\" \/>\n<script type=\"application\/ld+json\" class=\"yoast-schema-graph\">{\"@context\":\"https:\\\/\\\/schema.org\",\"@graph\":[{\"@type\":\"WebPage\",\"@id\":\"https:\\\/\\\/districos.standingout.be\\\/fr\\\/product\\\/busch-hybrid-cap-gros-8-mm-hc8880s-075-ref-8867-150\\\/\",\"url\":\"https:\\\/\\\/districos.standingout.be\\\/fr\\\/product\\\/busch-hybrid-cap-gros-8-mm-hc8880s-075-ref-8867-150\\\/\",\"name\":\"Busch Hybrid Cap Gros 8 mm HC8880S\\\/075 - Districos Webshop\",\"isPartOf\":{\"@id\":\"https:\\\/\\\/districos.standingout.be\\\/fr\\\/#website\"},\"primaryImageOfPage\":{\"@id\":\"https:\\\/\\\/districos.standingout.be\\\/fr\\\/product\\\/busch-hybrid-cap-gros-8-mm-hc8880s-075-ref-8867-150\\\/#primaryimage\"},\"image\":{\"@id\":\"https:\\\/\\\/districos.standingout.be\\\/fr\\\/product\\\/busch-hybrid-cap-gros-8-mm-hc8880s-075-ref-8867-150\\\/#primaryimage\"},\"thumbnailUrl\":\"https:\\\/\\\/districos.standingout.be\\\/wp-content\\\/uploads\\\/2025\\\/07\\\/8867.150@LowRes_0.png\",\"datePublished\":\"2026-04-28T10:55:55+00:00\",\"dateModified\":\"2026-04-28T10:55:59+00:00\",\"breadcrumb\":{\"@id\":\"https:\\\/\\\/districos.standingout.be\\\/fr\\\/product\\\/busch-hybrid-cap-gros-8-mm-hc8880s-075-ref-8867-150\\\/#breadcrumb\"},\"inLanguage\":\"fr-FR\",\"potentialAction\":[{\"@type\":\"ReadAction\",\"target\":[\"https:\\\/\\\/districos.standingout.be\\\/fr\\\/product\\\/busch-hybrid-cap-gros-8-mm-hc8880s-075-ref-8867-150\\\/\"]}]},{\"@type\":\"ImageObject\",\"inLanguage\":\"fr-FR\",\"@id\":\"https:\\\/\\\/districos.standingout.be\\\/fr\\\/product\\\/busch-hybrid-cap-gros-8-mm-hc8880s-075-ref-8867-150\\\/#primaryimage\",\"url\":\"https:\\\/\\\/districos.standingout.be\\\/wp-content\\\/uploads\\\/2025\\\/07\\\/8867.150@LowRes_0.png\",\"contentUrl\":\"https:\\\/\\\/districos.standingout.be\\\/wp-content\\\/uploads\\\/2025\\\/07\\\/8867.150@LowRes_0.png\",\"width\":600,\"height\":600},{\"@type\":\"BreadcrumbList\",\"@id\":\"https:\\\/\\\/districos.standingout.be\\\/fr\\\/product\\\/busch-hybrid-cap-gros-8-mm-hc8880s-075-ref-8867-150\\\/#breadcrumb\",\"itemListElement\":[{\"@type\":\"ListItem\",\"position\":1,\"name\":\"Home\",\"item\":\"https:\\\/\\\/districos.standingout.be\\\/fr\\\/bienvenue-chez-districos\\\/\"},{\"@type\":\"ListItem\",\"position\":2,\"name\":\"Boutique\",\"item\":\"https:\\\/\\\/districos.standingout.be\\\/fr\\\/boutique\\\/\"},{\"@type\":\"ListItem\",\"position\":3,\"name\":\"Busch Hybrid Cap Gros 8 mm HC8880S\\\/075\"}]},{\"@type\":\"WebSite\",\"@id\":\"https:\\\/\\\/districos.standingout.be\\\/fr\\\/#website\",\"url\":\"https:\\\/\\\/districos.standingout.be\\\/fr\\\/\",\"name\":\"Districos Webshop\",\"description\":\"\",\"publisher\":{\"@id\":\"https:\\\/\\\/districos.standingout.be\\\/fr\\\/#organization\"},\"potentialAction\":[{\"@type\":\"SearchAction\",\"target\":{\"@type\":\"EntryPoint\",\"urlTemplate\":\"https:\\\/\\\/districos.standingout.be\\\/fr\\\/?s={search_term_string}\"},\"query-input\":{\"@type\":\"PropertyValueSpecification\",\"valueRequired\":true,\"valueName\":\"search_term_string\"}}],\"inLanguage\":\"fr-FR\"},{\"@type\":\"Organization\",\"@id\":\"https:\\\/\\\/districos.standingout.be\\\/fr\\\/#organization\",\"name\":\"Districos Webshop\",\"url\":\"https:\\\/\\\/districos.standingout.be\\\/fr\\\/\",\"logo\":{\"@type\":\"ImageObject\",\"inLanguage\":\"fr-FR\",\"@id\":\"https:\\\/\\\/districos.standingout.be\\\/fr\\\/#\\\/schema\\\/logo\\\/image\\\/\",\"url\":\"https:\\\/\\\/districos.standingout.be\\\/wp-content\\\/uploads\\\/2022\\\/09\\\/Districos_Logo_Webshop.svg\",\"contentUrl\":\"https:\\\/\\\/districos.standingout.be\\\/wp-content\\\/uploads\\\/2022\\\/09\\\/Districos_Logo_Webshop.svg\",\"caption\":\"Districos Webshop\"},\"image\":{\"@id\":\"https:\\\/\\\/districos.standingout.be\\\/fr\\\/#\\\/schema\\\/logo\\\/image\\\/\"}}]}<\/script>\n<!-- \/ Yoast SEO plugin. -->","yoast_head_json":{"title":"Busch Hybrid Cap Gros 8 mm HC8880S\/075 - Districos Webshop","robots":{"index":"noindex","follow":"follow","max-snippet":"max-snippet:-1","max-image-preview":"max-image-preview:large","max-video-preview":"max-video-preview:-1"},"og_locale":"fr_FR","og_type":"article","og_title":"Busch Hybrid Cap Gros 8 mm HC8880S\/075 - Districos Webshop","og_description":"Le Hybrid Cap, ensemble avec le Hybrid Twister, est la r\u00e9volution la plus r\u00e9cente dans la gamme de fraises Busch pour l\u2019enl\u00e8vement de callosit\u00e9s. Il est fabriqu\u00e9 de deux mati\u00e8res extraordinairement efficaces: le diamant et la c\u00e9ramique. La combinaison de ces deux mati\u00e8res constitue un grain hybride progressiste! Compar\u00e9 aux Diatwisters, ces fraises sont encore [&hellip;]","og_url":"https:\/\/districos.standingout.be\/fr\/product\/busch-hybrid-cap-gros-8-mm-hc8880s-075-ref-8867-150\/","og_site_name":"Districos Webshop","article_modified_time":"2026-04-28T10:55:59+00:00","twitter_card":"summary_large_image","twitter_misc":{"Dur\u00e9e de lecture estim\u00e9e":"1 minute"},"schema":{"@context":"https:\/\/schema.org","@graph":[{"@type":"WebPage","@id":"https:\/\/districos.standingout.be\/fr\/product\/busch-hybrid-cap-gros-8-mm-hc8880s-075-ref-8867-150\/","url":"https:\/\/districos.standingout.be\/fr\/product\/busch-hybrid-cap-gros-8-mm-hc8880s-075-ref-8867-150\/","name":"Busch Hybrid Cap Gros 8 mm HC8880S\/075 - Districos Webshop","isPartOf":{"@id":"https:\/\/districos.standingout.be\/fr\/#website"},"primaryImageOfPage":{"@id":"https:\/\/districos.standingout.be\/fr\/product\/busch-hybrid-cap-gros-8-mm-hc8880s-075-ref-8867-150\/#primaryimage"},"image":{"@id":"https:\/\/districos.standingout.be\/fr\/product\/busch-hybrid-cap-gros-8-mm-hc8880s-075-ref-8867-150\/#primaryimage"},"thumbnailUrl":"https:\/\/districos.standingout.be\/wp-content\/uploads\/2025\/07\/8867.150@LowRes_0.png","datePublished":"2026-04-28T10:55:55+00:00","dateModified":"2026-04-28T10:55:59+00:00","breadcrumb":{"@id":"https:\/\/districos.standingout.be\/fr\/product\/busch-hybrid-cap-gros-8-mm-hc8880s-075-ref-8867-150\/#breadcrumb"},"inLanguage":"fr-FR","potentialAction":[{"@type":"ReadAction","target":["https:\/\/districos.standingout.be\/fr\/product\/busch-hybrid-cap-gros-8-mm-hc8880s-075-ref-8867-150\/"]}]},{"@type":"ImageObject","inLanguage":"fr-FR","@id":"https:\/\/districos.standingout.be\/fr\/product\/busch-hybrid-cap-gros-8-mm-hc8880s-075-ref-8867-150\/#primaryimage","url":"https:\/\/districos.standingout.be\/wp-content\/uploads\/2025\/07\/8867.150@LowRes_0.png","contentUrl":"https:\/\/districos.standingout.be\/wp-content\/uploads\/2025\/07\/8867.150@LowRes_0.png","width":600,"height":600},{"@type":"BreadcrumbList","@id":"https:\/\/districos.standingout.be\/fr\/product\/busch-hybrid-cap-gros-8-mm-hc8880s-075-ref-8867-150\/#breadcrumb","itemListElement":[{"@type":"ListItem","position":1,"name":"Home","item":"https:\/\/districos.standingout.be\/fr\/bienvenue-chez-districos\/"},{"@type":"ListItem","position":2,"name":"Boutique","item":"https:\/\/districos.standingout.be\/fr\/boutique\/"},{"@type":"ListItem","position":3,"name":"Busch Hybrid Cap Gros 8 mm HC8880S\/075"}]},{"@type":"WebSite","@id":"https:\/\/districos.standingout.be\/fr\/#website","url":"https:\/\/districos.standingout.be\/fr\/","name":"Districos Webshop","description":"","publisher":{"@id":"https:\/\/districos.standingout.be\/fr\/#organization"},"potentialAction":[{"@type":"SearchAction","target":{"@type":"EntryPoint","urlTemplate":"https:\/\/districos.standingout.be\/fr\/?s={search_term_string}"},"query-input":{"@type":"PropertyValueSpecification","valueRequired":true,"valueName":"search_term_string"}}],"inLanguage":"fr-FR"},{"@type":"Organization","@id":"https:\/\/districos.standingout.be\/fr\/#organization","name":"Districos Webshop","url":"https:\/\/districos.standingout.be\/fr\/","logo":{"@type":"ImageObject","inLanguage":"fr-FR","@id":"https:\/\/districos.standingout.be\/fr\/#\/schema\/logo\/image\/","url":"https:\/\/districos.standingout.be\/wp-content\/uploads\/2022\/09\/Districos_Logo_Webshop.svg","contentUrl":"https:\/\/districos.standingout.be\/wp-content\/uploads\/2022\/09\/Districos_Logo_Webshop.svg","caption":"Districos Webshop"},"image":{"@id":"https:\/\/districos.standingout.be\/fr\/#\/schema\/logo\/image\/"}}]}},"_links":{"self":[{"href":"https:\/\/districos.standingout.be\/fr\/wp-json\/wp\/v2\/product\/141591","targetHints":{"allow":["GET"]}}],"collection":[{"href":"https:\/\/districos.standingout.be\/fr\/wp-json\/wp\/v2\/product"}],"about":[{"href":"https:\/\/districos.standingout.be\/fr\/wp-json\/wp\/v2\/types\/product"}],"replies":[{"embeddable":true,"href":"https:\/\/districos.standingout.be\/fr\/wp-json\/wp\/v2\/comments?post=141591"}],"wp:featuredmedia":[{"embeddable":true,"href":"https:\/\/districos.standingout.be\/fr\/wp-json\/wp\/v2\/media\/83987"}],"wp:attachment":[{"href":"https:\/\/districos.standingout.be\/fr\/wp-json\/wp\/v2\/media?parent=141591"}],"wp:term":[{"taxonomy":"product_brand","embeddable":true,"href":"https:\/\/districos.standingout.be\/fr\/wp-json\/wp\/v2\/product_brand?post=141591"},{"taxonomy":"product_cat","embeddable":true,"href":"https:\/\/districos.standingout.be\/fr\/wp-json\/wp\/v2\/product_cat?post=141591"},{"taxonomy":"product_tag","embeddable":true,"href":"https:\/\/districos.standingout.be\/fr\/wp-json\/wp\/v2\/product_tag?post=141591"}],"curies":[{"name":"wp","href":"https:\/\/api.w.org\/{rel}","templated":true}]}}