{"id":141617,"date":"2026-04-28T12:57:21","date_gmt":"2026-04-28T10:57:21","guid":{"rendered":"https:\/\/webshopdistricoscom.webhosting.be\/product\/busch-hybrid-twister-pointu-super-gros-12-mm-ht854r-115-ref-8867-171\/"},"modified":"2026-04-28T12:57:25","modified_gmt":"2026-04-28T10:57:25","slug":"busch-hybrid-twister-pointu-super-gros-12-mm-ht854r-115-ref-8867-171","status":"publish","type":"product","link":"https:\/\/districos.standingout.be\/fr\/product\/busch-hybrid-twister-pointu-super-gros-12-mm-ht854r-115-ref-8867-171\/","title":{"rendered":"Busch Hybrid Twister Pointu Super Gros 12 mm HT854R\/115"},"content":{"rendered":"<p >\n<\/p>\n<\/p>\n<\/p>\n<\/p>\n<\/p>\n<div>\n<p><span lang=\"FR-BE\">Le Hybrid Twister pointu est la derni\u00e8re innovation de Busch en mati\u00e8re de fraises pour l\u2019enl\u00e8vement de callosit\u00e9s. Comme le Diatwister, cette fraise pour l\u2019enl\u00e8vement de callosit\u00e9s contient des fentes de ventilation qui permettent un fraisage tr\u00e8s efficace sans que la fraise ne chauffe, m\u00eame avec la technique \u00e0 sec. Cette fraise est fabriqu\u00e9e de deux mati\u00e8res extraordinairement efficaces : le diamant et la c\u00e9ramique. Cela vous permet de travailler encore plus vite et le r\u00e9sultat final est encore plus lisse par rapport au Diatwister, et ce pour le m\u00eame prix ! Alors n&rsquo;h\u00e9sitez pas, essayez cette fraise et laissez-vous convaincre par ce produit r\u00e9volutionnaire.<\/span><span lang=\"FR-BE\"><o:p><\/o:p><\/span><\/p>\n<p><b><span lang=\"FR-BE\">Caract\u00e9ristiques<\/span><\/b><span lang=\"FR-BE\"><o:p><\/o:p><\/span><\/p>\n<ul type=\"disc\">\n<li><span lang=\"FR-BE\">Diam\u00e8tre : 12 mm<\/span><\/li>\n<li><span lang=\"FR-BE\">Max. 20.000 tpm<\/span><span lang=\"FR-BE\"><o:p><\/o:p><\/span><\/li>\n<li><span lang=\"FR-BE\">Convient pour enlever des callosit\u00e9s \u00e9paisses.<\/span><span lang=\"FR-BE\"><o:p><\/o:p><\/span><\/li>\n<\/ul>\n<p><b><span lang=\"FR-BE\">CONSEIL<\/span><\/b><span lang=\"FR-BE\"><o:p><\/o:p><\/span><\/p>\n<ul type=\"disc\">\n<li><span lang=\"FR-BE\">Ces fraises peuvent \u00eatre utilis\u00e9es pour la technique \u00e0 sec et pour la technique au spray, bien qu&rsquo;il soit recommand\u00e9 d&rsquo;utiliser uniquement les Hybrid Twisters de 8 mm pour la technique au spray afin d&rsquo;\u00e9viter un exc\u00e8s d&rsquo;\u00e9claboussures.<\/span><span lang=\"FR-BE\"><o:p><\/o:p><\/span><\/li>\n<\/ul>\n<p><b><span lang=\"FR-BE\">Remarque<\/span><\/b><span lang=\"FR-BE\"><o:p><\/o:p><\/span><\/p>\n<ul type=\"disc\">\n<li><span lang=\"FR-BE\">Cette innovation de Busch est brevet\u00e9e et n&rsquo;est donc disponible que dans les points de distribution agr\u00e9\u00e9s de Busch.<\/span><span lang=\"FR-BE\"><o:p><\/o:p><\/span><\/li>\n<\/ul>\n<p><b><span lang=\"FR-BE\">Avertissement<\/span><\/b><span lang=\"FR-BE\"><o:p><\/o:p><\/span><\/p>\n<ul type=\"disc\">\n<li><span lang=\"FR-BE\">Toutes les fraises diamant\u00e9es de Busch doivent \u00eatre nettoy\u00e9es avec la brosse de nettoyage d\u00e9velopp\u00e9e \u00e0 cet effet (r\u00e9f. 8867.950) ou avec la brosse de nettoyage en plastique (r\u00e9f. 8866.78). Elles NE PEUVENT PAS \u00eatre nettoy\u00e9es avec la brosse en cuivre classique, car cela raccourcira consid\u00e9rablement la dur\u00e9e de vie de votre fraise.<\/span><span lang=\"FR-BE\"><o:p><\/o:p><\/span><\/li>\n<\/ul>\n<p><b><span lang=\"FR-BE\">\u00c9galement disponible<\/span><\/b><span lang=\"FR-BE\"><o:p><\/o:p><\/span><\/p>\n<p> <span lang=\"FR-BE\">\u00b7<span>&nbsp;&nbsp;&nbsp;&nbsp;&nbsp;&nbsp; <\/span><\/span> <span>Busch Diatwister Rond M\u00e9ga Gros 8 mm DT4880\/085 (r\u00e9f.&nbsp;<\/span><span lang=\"FR-BE\"><a href=\"https:\/\/webshop.districos.com\/ProductDetail\/8876.100\" target=\"_blank\" rel=\"noopener noreferrer nofollow\"><span>8867.100<\/span><\/a><\/span><span lang=\"FR-BE\">)<\/span><span lang=\"FR-BE\"><o:p><\/o:p><\/span><\/p>\n<\/p>\n<p> <span>\u00b7<span>&nbsp;&nbsp;&nbsp;&nbsp;&nbsp;&nbsp; <\/span><\/span> <span>Busch Hybrid Twister Rond M\u00e9ga Gros 8 mm HT6880\/080&nbsp;<\/span><span lang=\"FR-BE\"><a href=\"https:\/\/webshop.districos.com\/ProductDetail\/8867.171\" target=\"_blank\" rel=\"noopener noreferrer nofollow\"><span lang=\"NL-BE\">8867.130<\/span><\/a><\/span><span>)<\/span><span><o:p><\/o:p><\/span><\/p>\n<p><span lang=\"FR-BE\"> &nbsp;<\/span><\/p>\n<\/div><\/p>\n","protected":false},"excerpt":{"rendered":"<p>Le Hybrid Twister pointu est la derni\u00e8re innovation de Busch en mati\u00e8re de fraises pour l\u2019enl\u00e8vement de callosit\u00e9s. Comme le Diatwister, cette fraise pour l\u2019enl\u00e8vement de callosit\u00e9s contient des fentes de ventilation qui permettent un fraisage tr\u00e8s efficace sans que la fraise ne chauffe, m\u00eame avec la technique \u00e0 sec. Cette fraise est fabriqu\u00e9e de [&hellip;]<\/p>\n","protected":false},"featured_media":84026,"comment_status":"open","ping_status":"closed","template":"","meta":{"_acf_changed":false},"product_brand":[10322],"product_cat":[10014,9942,10273],"product_tag":[],"class_list":{"0":"post-141617","1":"product","2":"type-product","3":"status-publish","4":"has-post-thumbnail","6":"product_brand-busch-fr","7":"product_cat-soins-des-pieds-podologie-fraises-callosites","8":"product_cat-beaute-pedicure-fraises","9":"product_cat-soins-des-pieds-podologie-fraises-toutes-les-fraises","11":"first","12":"instock","13":"taxable","14":"shipping-taxable","15":"product-type-simple"},"acf":[],"yoast_head":"<!-- This site is optimized with the Yoast SEO plugin v27.3 - https:\/\/yoast.com\/product\/yoast-seo-wordpress\/ -->\n<title>Busch Hybrid Twister Pointu Super Gros 12 mm HT854R\/115 - Districos Webshop<\/title>\n<meta name=\"robots\" content=\"noindex, follow, max-snippet:-1, max-image-preview:large, max-video-preview:-1\" \/>\n<meta property=\"og:locale\" content=\"fr_FR\" \/>\n<meta property=\"og:type\" content=\"article\" \/>\n<meta property=\"og:title\" content=\"Busch Hybrid Twister Pointu Super Gros 12 mm HT854R\/115 - Districos Webshop\" \/>\n<meta property=\"og:description\" content=\"Le Hybrid Twister pointu est la derni\u00e8re innovation de Busch en mati\u00e8re de fraises pour l\u2019enl\u00e8vement de callosit\u00e9s. Comme le Diatwister, cette fraise pour l\u2019enl\u00e8vement de callosit\u00e9s contient des fentes de ventilation qui permettent un fraisage tr\u00e8s efficace sans que la fraise ne chauffe, m\u00eame avec la technique \u00e0 sec. Cette fraise est fabriqu\u00e9e de [&hellip;]\" \/>\n<meta property=\"og:url\" content=\"https:\/\/districos.standingout.be\/fr\/product\/busch-hybrid-twister-pointu-super-gros-12-mm-ht854r-115-ref-8867-171\/\" \/>\n<meta property=\"og:site_name\" content=\"Districos Webshop\" \/>\n<meta property=\"article:modified_time\" content=\"2026-04-28T10:57:25+00:00\" \/>\n<meta name=\"twitter:card\" content=\"summary_large_image\" \/>\n<meta name=\"twitter:label1\" content=\"Dur\u00e9e de lecture estim\u00e9e\" \/>\n\t<meta name=\"twitter:data1\" content=\"1 minute\" \/>\n<script type=\"application\/ld+json\" class=\"yoast-schema-graph\">{\"@context\":\"https:\\\/\\\/schema.org\",\"@graph\":[{\"@type\":\"WebPage\",\"@id\":\"https:\\\/\\\/districos.standingout.be\\\/fr\\\/product\\\/busch-hybrid-twister-pointu-super-gros-12-mm-ht854r-115-ref-8867-171\\\/\",\"url\":\"https:\\\/\\\/districos.standingout.be\\\/fr\\\/product\\\/busch-hybrid-twister-pointu-super-gros-12-mm-ht854r-115-ref-8867-171\\\/\",\"name\":\"Busch Hybrid Twister Pointu Super Gros 12 mm HT854R\\\/115 - Districos Webshop\",\"isPartOf\":{\"@id\":\"https:\\\/\\\/districos.standingout.be\\\/fr\\\/#website\"},\"primaryImageOfPage\":{\"@id\":\"https:\\\/\\\/districos.standingout.be\\\/fr\\\/product\\\/busch-hybrid-twister-pointu-super-gros-12-mm-ht854r-115-ref-8867-171\\\/#primaryimage\"},\"image\":{\"@id\":\"https:\\\/\\\/districos.standingout.be\\\/fr\\\/product\\\/busch-hybrid-twister-pointu-super-gros-12-mm-ht854r-115-ref-8867-171\\\/#primaryimage\"},\"thumbnailUrl\":\"https:\\\/\\\/districos.standingout.be\\\/wp-content\\\/uploads\\\/2025\\\/07\\\/8867.171@LowRes_0.png\",\"datePublished\":\"2026-04-28T10:57:21+00:00\",\"dateModified\":\"2026-04-28T10:57:25+00:00\",\"breadcrumb\":{\"@id\":\"https:\\\/\\\/districos.standingout.be\\\/fr\\\/product\\\/busch-hybrid-twister-pointu-super-gros-12-mm-ht854r-115-ref-8867-171\\\/#breadcrumb\"},\"inLanguage\":\"fr-FR\",\"potentialAction\":[{\"@type\":\"ReadAction\",\"target\":[\"https:\\\/\\\/districos.standingout.be\\\/fr\\\/product\\\/busch-hybrid-twister-pointu-super-gros-12-mm-ht854r-115-ref-8867-171\\\/\"]}]},{\"@type\":\"ImageObject\",\"inLanguage\":\"fr-FR\",\"@id\":\"https:\\\/\\\/districos.standingout.be\\\/fr\\\/product\\\/busch-hybrid-twister-pointu-super-gros-12-mm-ht854r-115-ref-8867-171\\\/#primaryimage\",\"url\":\"https:\\\/\\\/districos.standingout.be\\\/wp-content\\\/uploads\\\/2025\\\/07\\\/8867.171@LowRes_0.png\",\"contentUrl\":\"https:\\\/\\\/districos.standingout.be\\\/wp-content\\\/uploads\\\/2025\\\/07\\\/8867.171@LowRes_0.png\",\"width\":600,\"height\":599},{\"@type\":\"BreadcrumbList\",\"@id\":\"https:\\\/\\\/districos.standingout.be\\\/fr\\\/product\\\/busch-hybrid-twister-pointu-super-gros-12-mm-ht854r-115-ref-8867-171\\\/#breadcrumb\",\"itemListElement\":[{\"@type\":\"ListItem\",\"position\":1,\"name\":\"Home\",\"item\":\"https:\\\/\\\/districos.standingout.be\\\/fr\\\/bienvenue-chez-districos\\\/\"},{\"@type\":\"ListItem\",\"position\":2,\"name\":\"Boutique\",\"item\":\"https:\\\/\\\/districos.standingout.be\\\/fr\\\/boutique\\\/\"},{\"@type\":\"ListItem\",\"position\":3,\"name\":\"Busch Hybrid Twister Pointu Super Gros 12 mm HT854R\\\/115\"}]},{\"@type\":\"WebSite\",\"@id\":\"https:\\\/\\\/districos.standingout.be\\\/fr\\\/#website\",\"url\":\"https:\\\/\\\/districos.standingout.be\\\/fr\\\/\",\"name\":\"Districos Webshop\",\"description\":\"\",\"publisher\":{\"@id\":\"https:\\\/\\\/districos.standingout.be\\\/fr\\\/#organization\"},\"potentialAction\":[{\"@type\":\"SearchAction\",\"target\":{\"@type\":\"EntryPoint\",\"urlTemplate\":\"https:\\\/\\\/districos.standingout.be\\\/fr\\\/?s={search_term_string}\"},\"query-input\":{\"@type\":\"PropertyValueSpecification\",\"valueRequired\":true,\"valueName\":\"search_term_string\"}}],\"inLanguage\":\"fr-FR\"},{\"@type\":\"Organization\",\"@id\":\"https:\\\/\\\/districos.standingout.be\\\/fr\\\/#organization\",\"name\":\"Districos Webshop\",\"url\":\"https:\\\/\\\/districos.standingout.be\\\/fr\\\/\",\"logo\":{\"@type\":\"ImageObject\",\"inLanguage\":\"fr-FR\",\"@id\":\"https:\\\/\\\/districos.standingout.be\\\/fr\\\/#\\\/schema\\\/logo\\\/image\\\/\",\"url\":\"https:\\\/\\\/districos.standingout.be\\\/wp-content\\\/uploads\\\/2022\\\/09\\\/Districos_Logo_Webshop.svg\",\"contentUrl\":\"https:\\\/\\\/districos.standingout.be\\\/wp-content\\\/uploads\\\/2022\\\/09\\\/Districos_Logo_Webshop.svg\",\"caption\":\"Districos Webshop\"},\"image\":{\"@id\":\"https:\\\/\\\/districos.standingout.be\\\/fr\\\/#\\\/schema\\\/logo\\\/image\\\/\"}}]}<\/script>\n<!-- \/ Yoast SEO plugin. -->","yoast_head_json":{"title":"Busch Hybrid Twister Pointu Super Gros 12 mm HT854R\/115 - Districos Webshop","robots":{"index":"noindex","follow":"follow","max-snippet":"max-snippet:-1","max-image-preview":"max-image-preview:large","max-video-preview":"max-video-preview:-1"},"og_locale":"fr_FR","og_type":"article","og_title":"Busch Hybrid Twister Pointu Super Gros 12 mm HT854R\/115 - Districos Webshop","og_description":"Le Hybrid Twister pointu est la derni\u00e8re innovation de Busch en mati\u00e8re de fraises pour l\u2019enl\u00e8vement de callosit\u00e9s. Comme le Diatwister, cette fraise pour l\u2019enl\u00e8vement de callosit\u00e9s contient des fentes de ventilation qui permettent un fraisage tr\u00e8s efficace sans que la fraise ne chauffe, m\u00eame avec la technique \u00e0 sec. Cette fraise est fabriqu\u00e9e de [&hellip;]","og_url":"https:\/\/districos.standingout.be\/fr\/product\/busch-hybrid-twister-pointu-super-gros-12-mm-ht854r-115-ref-8867-171\/","og_site_name":"Districos Webshop","article_modified_time":"2026-04-28T10:57:25+00:00","twitter_card":"summary_large_image","twitter_misc":{"Dur\u00e9e de lecture estim\u00e9e":"1 minute"},"schema":{"@context":"https:\/\/schema.org","@graph":[{"@type":"WebPage","@id":"https:\/\/districos.standingout.be\/fr\/product\/busch-hybrid-twister-pointu-super-gros-12-mm-ht854r-115-ref-8867-171\/","url":"https:\/\/districos.standingout.be\/fr\/product\/busch-hybrid-twister-pointu-super-gros-12-mm-ht854r-115-ref-8867-171\/","name":"Busch Hybrid Twister Pointu Super Gros 12 mm HT854R\/115 - Districos Webshop","isPartOf":{"@id":"https:\/\/districos.standingout.be\/fr\/#website"},"primaryImageOfPage":{"@id":"https:\/\/districos.standingout.be\/fr\/product\/busch-hybrid-twister-pointu-super-gros-12-mm-ht854r-115-ref-8867-171\/#primaryimage"},"image":{"@id":"https:\/\/districos.standingout.be\/fr\/product\/busch-hybrid-twister-pointu-super-gros-12-mm-ht854r-115-ref-8867-171\/#primaryimage"},"thumbnailUrl":"https:\/\/districos.standingout.be\/wp-content\/uploads\/2025\/07\/8867.171@LowRes_0.png","datePublished":"2026-04-28T10:57:21+00:00","dateModified":"2026-04-28T10:57:25+00:00","breadcrumb":{"@id":"https:\/\/districos.standingout.be\/fr\/product\/busch-hybrid-twister-pointu-super-gros-12-mm-ht854r-115-ref-8867-171\/#breadcrumb"},"inLanguage":"fr-FR","potentialAction":[{"@type":"ReadAction","target":["https:\/\/districos.standingout.be\/fr\/product\/busch-hybrid-twister-pointu-super-gros-12-mm-ht854r-115-ref-8867-171\/"]}]},{"@type":"ImageObject","inLanguage":"fr-FR","@id":"https:\/\/districos.standingout.be\/fr\/product\/busch-hybrid-twister-pointu-super-gros-12-mm-ht854r-115-ref-8867-171\/#primaryimage","url":"https:\/\/districos.standingout.be\/wp-content\/uploads\/2025\/07\/8867.171@LowRes_0.png","contentUrl":"https:\/\/districos.standingout.be\/wp-content\/uploads\/2025\/07\/8867.171@LowRes_0.png","width":600,"height":599},{"@type":"BreadcrumbList","@id":"https:\/\/districos.standingout.be\/fr\/product\/busch-hybrid-twister-pointu-super-gros-12-mm-ht854r-115-ref-8867-171\/#breadcrumb","itemListElement":[{"@type":"ListItem","position":1,"name":"Home","item":"https:\/\/districos.standingout.be\/fr\/bienvenue-chez-districos\/"},{"@type":"ListItem","position":2,"name":"Boutique","item":"https:\/\/districos.standingout.be\/fr\/boutique\/"},{"@type":"ListItem","position":3,"name":"Busch Hybrid Twister Pointu Super Gros 12 mm HT854R\/115"}]},{"@type":"WebSite","@id":"https:\/\/districos.standingout.be\/fr\/#website","url":"https:\/\/districos.standingout.be\/fr\/","name":"Districos Webshop","description":"","publisher":{"@id":"https:\/\/districos.standingout.be\/fr\/#organization"},"potentialAction":[{"@type":"SearchAction","target":{"@type":"EntryPoint","urlTemplate":"https:\/\/districos.standingout.be\/fr\/?s={search_term_string}"},"query-input":{"@type":"PropertyValueSpecification","valueRequired":true,"valueName":"search_term_string"}}],"inLanguage":"fr-FR"},{"@type":"Organization","@id":"https:\/\/districos.standingout.be\/fr\/#organization","name":"Districos Webshop","url":"https:\/\/districos.standingout.be\/fr\/","logo":{"@type":"ImageObject","inLanguage":"fr-FR","@id":"https:\/\/districos.standingout.be\/fr\/#\/schema\/logo\/image\/","url":"https:\/\/districos.standingout.be\/wp-content\/uploads\/2022\/09\/Districos_Logo_Webshop.svg","contentUrl":"https:\/\/districos.standingout.be\/wp-content\/uploads\/2022\/09\/Districos_Logo_Webshop.svg","caption":"Districos Webshop"},"image":{"@id":"https:\/\/districos.standingout.be\/fr\/#\/schema\/logo\/image\/"}}]}},"_links":{"self":[{"href":"https:\/\/districos.standingout.be\/fr\/wp-json\/wp\/v2\/product\/141617","targetHints":{"allow":["GET"]}}],"collection":[{"href":"https:\/\/districos.standingout.be\/fr\/wp-json\/wp\/v2\/product"}],"about":[{"href":"https:\/\/districos.standingout.be\/fr\/wp-json\/wp\/v2\/types\/product"}],"replies":[{"embeddable":true,"href":"https:\/\/districos.standingout.be\/fr\/wp-json\/wp\/v2\/comments?post=141617"}],"wp:featuredmedia":[{"embeddable":true,"href":"https:\/\/districos.standingout.be\/fr\/wp-json\/wp\/v2\/media\/84026"}],"wp:attachment":[{"href":"https:\/\/districos.standingout.be\/fr\/wp-json\/wp\/v2\/media?parent=141617"}],"wp:term":[{"taxonomy":"product_brand","embeddable":true,"href":"https:\/\/districos.standingout.be\/fr\/wp-json\/wp\/v2\/product_brand?post=141617"},{"taxonomy":"product_cat","embeddable":true,"href":"https:\/\/districos.standingout.be\/fr\/wp-json\/wp\/v2\/product_cat?post=141617"},{"taxonomy":"product_tag","embeddable":true,"href":"https:\/\/districos.standingout.be\/fr\/wp-json\/wp\/v2\/product_tag?post=141617"}],"curies":[{"name":"wp","href":"https:\/\/api.w.org\/{rel}","templated":true}]}}