{"id":141625,"date":"2026-04-28T12:57:37","date_gmt":"2026-04-28T10:57:37","guid":{"rendered":"https:\/\/webshopdistricoscom.webhosting.be\/product\/busch-top-grip-medium-entonnoir-805t-065-ref-8867-206\/"},"modified":"2026-04-28T12:57:42","modified_gmt":"2026-04-28T10:57:42","slug":"busch-top-grip-medium-entonnoir-805t-065-ref-8867-206","status":"publish","type":"product","link":"https:\/\/districos.standingout.be\/fr\/product\/busch-top-grip-medium-entonnoir-805t-065-ref-8867-206\/","title":{"rendered":"Busch Top Grip M\u00e9dium Entonnoir 805T\/065"},"content":{"rendered":"<p >\n<p dir=ltr>Les fraises Top Grip et Side Grip de Busch\u00ae sont id\u00e9ales pour traiter les pieds diab\u00e9tiques, parce qu&rsquo;elles disposent d&rsquo;une s\u00e9curit\u00e9 passive. Gr\u00e2ce \u00e0<br \/> leurs bords de s\u00e9curit\u00e9 arrondis \u00e0 l&rsquo;avant et seulement des grains diamant\u00e9s sur le dessus (Top Grip) ou sur le c\u00f4t\u00e9 (Side Grip), elles r\u00e9duisent le risque<br \/> de petites blessures au minimum.<\/p>\n<p> Id\u00e9ales pour \u00e9galiser les c\u00f4t\u00e9s de l&rsquo;ongle, raccourcir et limer les ongles.<\/p>\n<p> Disponible en rugosit\u00e9 moyenne et fine<\/p>\n<p> <\/p><\/p>\n","protected":false},"excerpt":{"rendered":"<p>Les fraises Top Grip et Side Grip de Busch\u00ae sont id\u00e9ales pour traiter les pieds diab\u00e9tiques, parce qu&rsquo;elles disposent d&rsquo;une s\u00e9curit\u00e9 passive. Gr\u00e2ce \u00e0 leurs bords de s\u00e9curit\u00e9 arrondis \u00e0 l&rsquo;avant et seulement des grains diamant\u00e9s sur le dessus (Top Grip) ou sur le c\u00f4t\u00e9 (Side Grip), elles r\u00e9duisent le risque de petites blessures au [&hellip;]<\/p>\n","protected":false},"featured_media":84038,"comment_status":"open","ping_status":"closed","template":"","meta":{"_acf_changed":false},"product_brand":[10322],"product_cat":[9942,10020,10273],"product_tag":[],"class_list":{"0":"post-141625","1":"product","2":"type-product","3":"status-publish","4":"has-post-thumbnail","6":"product_brand-busch-fr","7":"product_cat-beaute-pedicure-fraises","8":"product_cat-soins-des-pieds-podologie-fraises-plaque-ungueale","9":"product_cat-soins-des-pieds-podologie-fraises-toutes-les-fraises","11":"first","12":"instock","13":"taxable","14":"shipping-taxable","15":"product-type-simple"},"acf":[],"yoast_head":"<!-- This site is optimized with the Yoast SEO plugin v27.3 - https:\/\/yoast.com\/product\/yoast-seo-wordpress\/ -->\n<title>Busch Top Grip M\u00e9dium Entonnoir 805T\/065 - Districos Webshop<\/title>\n<meta name=\"robots\" content=\"noindex, follow, max-snippet:-1, max-image-preview:large, max-video-preview:-1\" \/>\n<meta property=\"og:locale\" content=\"fr_FR\" \/>\n<meta property=\"og:type\" content=\"article\" \/>\n<meta property=\"og:title\" content=\"Busch Top Grip M\u00e9dium Entonnoir 805T\/065 - Districos Webshop\" \/>\n<meta property=\"og:description\" content=\"Les fraises Top Grip et Side Grip de Busch\u00ae sont id\u00e9ales pour traiter les pieds diab\u00e9tiques, parce qu&rsquo;elles disposent d&rsquo;une s\u00e9curit\u00e9 passive. Gr\u00e2ce \u00e0 leurs bords de s\u00e9curit\u00e9 arrondis \u00e0 l&rsquo;avant et seulement des grains diamant\u00e9s sur le dessus (Top Grip) ou sur le c\u00f4t\u00e9 (Side Grip), elles r\u00e9duisent le risque de petites blessures au [&hellip;]\" \/>\n<meta property=\"og:url\" content=\"https:\/\/districos.standingout.be\/fr\/product\/busch-top-grip-medium-entonnoir-805t-065-ref-8867-206\/\" \/>\n<meta property=\"og:site_name\" content=\"Districos Webshop\" \/>\n<meta property=\"article:modified_time\" content=\"2026-04-28T10:57:42+00:00\" \/>\n<meta name=\"twitter:card\" content=\"summary_large_image\" \/>\n<script type=\"application\/ld+json\" class=\"yoast-schema-graph\">{\"@context\":\"https:\\\/\\\/schema.org\",\"@graph\":[{\"@type\":\"WebPage\",\"@id\":\"https:\\\/\\\/districos.standingout.be\\\/fr\\\/product\\\/busch-top-grip-medium-entonnoir-805t-065-ref-8867-206\\\/\",\"url\":\"https:\\\/\\\/districos.standingout.be\\\/fr\\\/product\\\/busch-top-grip-medium-entonnoir-805t-065-ref-8867-206\\\/\",\"name\":\"Busch Top Grip M\u00e9dium Entonnoir 805T\\\/065 - Districos Webshop\",\"isPartOf\":{\"@id\":\"https:\\\/\\\/districos.standingout.be\\\/fr\\\/#website\"},\"primaryImageOfPage\":{\"@id\":\"https:\\\/\\\/districos.standingout.be\\\/fr\\\/product\\\/busch-top-grip-medium-entonnoir-805t-065-ref-8867-206\\\/#primaryimage\"},\"image\":{\"@id\":\"https:\\\/\\\/districos.standingout.be\\\/fr\\\/product\\\/busch-top-grip-medium-entonnoir-805t-065-ref-8867-206\\\/#primaryimage\"},\"thumbnailUrl\":\"https:\\\/\\\/districos.standingout.be\\\/wp-content\\\/uploads\\\/2025\\\/07\\\/8867.206@LowRes_0.png\",\"datePublished\":\"2026-04-28T10:57:37+00:00\",\"dateModified\":\"2026-04-28T10:57:42+00:00\",\"breadcrumb\":{\"@id\":\"https:\\\/\\\/districos.standingout.be\\\/fr\\\/product\\\/busch-top-grip-medium-entonnoir-805t-065-ref-8867-206\\\/#breadcrumb\"},\"inLanguage\":\"fr-FR\",\"potentialAction\":[{\"@type\":\"ReadAction\",\"target\":[\"https:\\\/\\\/districos.standingout.be\\\/fr\\\/product\\\/busch-top-grip-medium-entonnoir-805t-065-ref-8867-206\\\/\"]}]},{\"@type\":\"ImageObject\",\"inLanguage\":\"fr-FR\",\"@id\":\"https:\\\/\\\/districos.standingout.be\\\/fr\\\/product\\\/busch-top-grip-medium-entonnoir-805t-065-ref-8867-206\\\/#primaryimage\",\"url\":\"https:\\\/\\\/districos.standingout.be\\\/wp-content\\\/uploads\\\/2025\\\/07\\\/8867.206@LowRes_0.png\",\"contentUrl\":\"https:\\\/\\\/districos.standingout.be\\\/wp-content\\\/uploads\\\/2025\\\/07\\\/8867.206@LowRes_0.png\",\"width\":600,\"height\":600},{\"@type\":\"BreadcrumbList\",\"@id\":\"https:\\\/\\\/districos.standingout.be\\\/fr\\\/product\\\/busch-top-grip-medium-entonnoir-805t-065-ref-8867-206\\\/#breadcrumb\",\"itemListElement\":[{\"@type\":\"ListItem\",\"position\":1,\"name\":\"Home\",\"item\":\"https:\\\/\\\/districos.standingout.be\\\/fr\\\/bienvenue-chez-districos\\\/\"},{\"@type\":\"ListItem\",\"position\":2,\"name\":\"Boutique\",\"item\":\"https:\\\/\\\/districos.standingout.be\\\/fr\\\/boutique\\\/\"},{\"@type\":\"ListItem\",\"position\":3,\"name\":\"Busch Top Grip M\u00e9dium Entonnoir 805T\\\/065\"}]},{\"@type\":\"WebSite\",\"@id\":\"https:\\\/\\\/districos.standingout.be\\\/fr\\\/#website\",\"url\":\"https:\\\/\\\/districos.standingout.be\\\/fr\\\/\",\"name\":\"Districos Webshop\",\"description\":\"\",\"publisher\":{\"@id\":\"https:\\\/\\\/districos.standingout.be\\\/fr\\\/#organization\"},\"potentialAction\":[{\"@type\":\"SearchAction\",\"target\":{\"@type\":\"EntryPoint\",\"urlTemplate\":\"https:\\\/\\\/districos.standingout.be\\\/fr\\\/?s={search_term_string}\"},\"query-input\":{\"@type\":\"PropertyValueSpecification\",\"valueRequired\":true,\"valueName\":\"search_term_string\"}}],\"inLanguage\":\"fr-FR\"},{\"@type\":\"Organization\",\"@id\":\"https:\\\/\\\/districos.standingout.be\\\/fr\\\/#organization\",\"name\":\"Districos Webshop\",\"url\":\"https:\\\/\\\/districos.standingout.be\\\/fr\\\/\",\"logo\":{\"@type\":\"ImageObject\",\"inLanguage\":\"fr-FR\",\"@id\":\"https:\\\/\\\/districos.standingout.be\\\/fr\\\/#\\\/schema\\\/logo\\\/image\\\/\",\"url\":\"https:\\\/\\\/districos.standingout.be\\\/wp-content\\\/uploads\\\/2022\\\/09\\\/Districos_Logo_Webshop.svg\",\"contentUrl\":\"https:\\\/\\\/districos.standingout.be\\\/wp-content\\\/uploads\\\/2022\\\/09\\\/Districos_Logo_Webshop.svg\",\"caption\":\"Districos Webshop\"},\"image\":{\"@id\":\"https:\\\/\\\/districos.standingout.be\\\/fr\\\/#\\\/schema\\\/logo\\\/image\\\/\"}}]}<\/script>\n<!-- \/ Yoast SEO plugin. -->","yoast_head_json":{"title":"Busch Top Grip M\u00e9dium Entonnoir 805T\/065 - Districos Webshop","robots":{"index":"noindex","follow":"follow","max-snippet":"max-snippet:-1","max-image-preview":"max-image-preview:large","max-video-preview":"max-video-preview:-1"},"og_locale":"fr_FR","og_type":"article","og_title":"Busch Top Grip M\u00e9dium Entonnoir 805T\/065 - Districos Webshop","og_description":"Les fraises Top Grip et Side Grip de Busch\u00ae sont id\u00e9ales pour traiter les pieds diab\u00e9tiques, parce qu&rsquo;elles disposent d&rsquo;une s\u00e9curit\u00e9 passive. Gr\u00e2ce \u00e0 leurs bords de s\u00e9curit\u00e9 arrondis \u00e0 l&rsquo;avant et seulement des grains diamant\u00e9s sur le dessus (Top Grip) ou sur le c\u00f4t\u00e9 (Side Grip), elles r\u00e9duisent le risque de petites blessures au [&hellip;]","og_url":"https:\/\/districos.standingout.be\/fr\/product\/busch-top-grip-medium-entonnoir-805t-065-ref-8867-206\/","og_site_name":"Districos Webshop","article_modified_time":"2026-04-28T10:57:42+00:00","twitter_card":"summary_large_image","schema":{"@context":"https:\/\/schema.org","@graph":[{"@type":"WebPage","@id":"https:\/\/districos.standingout.be\/fr\/product\/busch-top-grip-medium-entonnoir-805t-065-ref-8867-206\/","url":"https:\/\/districos.standingout.be\/fr\/product\/busch-top-grip-medium-entonnoir-805t-065-ref-8867-206\/","name":"Busch Top Grip M\u00e9dium Entonnoir 805T\/065 - Districos Webshop","isPartOf":{"@id":"https:\/\/districos.standingout.be\/fr\/#website"},"primaryImageOfPage":{"@id":"https:\/\/districos.standingout.be\/fr\/product\/busch-top-grip-medium-entonnoir-805t-065-ref-8867-206\/#primaryimage"},"image":{"@id":"https:\/\/districos.standingout.be\/fr\/product\/busch-top-grip-medium-entonnoir-805t-065-ref-8867-206\/#primaryimage"},"thumbnailUrl":"https:\/\/districos.standingout.be\/wp-content\/uploads\/2025\/07\/8867.206@LowRes_0.png","datePublished":"2026-04-28T10:57:37+00:00","dateModified":"2026-04-28T10:57:42+00:00","breadcrumb":{"@id":"https:\/\/districos.standingout.be\/fr\/product\/busch-top-grip-medium-entonnoir-805t-065-ref-8867-206\/#breadcrumb"},"inLanguage":"fr-FR","potentialAction":[{"@type":"ReadAction","target":["https:\/\/districos.standingout.be\/fr\/product\/busch-top-grip-medium-entonnoir-805t-065-ref-8867-206\/"]}]},{"@type":"ImageObject","inLanguage":"fr-FR","@id":"https:\/\/districos.standingout.be\/fr\/product\/busch-top-grip-medium-entonnoir-805t-065-ref-8867-206\/#primaryimage","url":"https:\/\/districos.standingout.be\/wp-content\/uploads\/2025\/07\/8867.206@LowRes_0.png","contentUrl":"https:\/\/districos.standingout.be\/wp-content\/uploads\/2025\/07\/8867.206@LowRes_0.png","width":600,"height":600},{"@type":"BreadcrumbList","@id":"https:\/\/districos.standingout.be\/fr\/product\/busch-top-grip-medium-entonnoir-805t-065-ref-8867-206\/#breadcrumb","itemListElement":[{"@type":"ListItem","position":1,"name":"Home","item":"https:\/\/districos.standingout.be\/fr\/bienvenue-chez-districos\/"},{"@type":"ListItem","position":2,"name":"Boutique","item":"https:\/\/districos.standingout.be\/fr\/boutique\/"},{"@type":"ListItem","position":3,"name":"Busch Top Grip M\u00e9dium Entonnoir 805T\/065"}]},{"@type":"WebSite","@id":"https:\/\/districos.standingout.be\/fr\/#website","url":"https:\/\/districos.standingout.be\/fr\/","name":"Districos Webshop","description":"","publisher":{"@id":"https:\/\/districos.standingout.be\/fr\/#organization"},"potentialAction":[{"@type":"SearchAction","target":{"@type":"EntryPoint","urlTemplate":"https:\/\/districos.standingout.be\/fr\/?s={search_term_string}"},"query-input":{"@type":"PropertyValueSpecification","valueRequired":true,"valueName":"search_term_string"}}],"inLanguage":"fr-FR"},{"@type":"Organization","@id":"https:\/\/districos.standingout.be\/fr\/#organization","name":"Districos Webshop","url":"https:\/\/districos.standingout.be\/fr\/","logo":{"@type":"ImageObject","inLanguage":"fr-FR","@id":"https:\/\/districos.standingout.be\/fr\/#\/schema\/logo\/image\/","url":"https:\/\/districos.standingout.be\/wp-content\/uploads\/2022\/09\/Districos_Logo_Webshop.svg","contentUrl":"https:\/\/districos.standingout.be\/wp-content\/uploads\/2022\/09\/Districos_Logo_Webshop.svg","caption":"Districos Webshop"},"image":{"@id":"https:\/\/districos.standingout.be\/fr\/#\/schema\/logo\/image\/"}}]}},"_links":{"self":[{"href":"https:\/\/districos.standingout.be\/fr\/wp-json\/wp\/v2\/product\/141625","targetHints":{"allow":["GET"]}}],"collection":[{"href":"https:\/\/districos.standingout.be\/fr\/wp-json\/wp\/v2\/product"}],"about":[{"href":"https:\/\/districos.standingout.be\/fr\/wp-json\/wp\/v2\/types\/product"}],"replies":[{"embeddable":true,"href":"https:\/\/districos.standingout.be\/fr\/wp-json\/wp\/v2\/comments?post=141625"}],"wp:featuredmedia":[{"embeddable":true,"href":"https:\/\/districos.standingout.be\/fr\/wp-json\/wp\/v2\/media\/84038"}],"wp:attachment":[{"href":"https:\/\/districos.standingout.be\/fr\/wp-json\/wp\/v2\/media?parent=141625"}],"wp:term":[{"taxonomy":"product_brand","embeddable":true,"href":"https:\/\/districos.standingout.be\/fr\/wp-json\/wp\/v2\/product_brand?post=141625"},{"taxonomy":"product_cat","embeddable":true,"href":"https:\/\/districos.standingout.be\/fr\/wp-json\/wp\/v2\/product_cat?post=141625"},{"taxonomy":"product_tag","embeddable":true,"href":"https:\/\/districos.standingout.be\/fr\/wp-json\/wp\/v2\/product_tag?post=141625"}],"curies":[{"name":"wp","href":"https:\/\/api.w.org\/{rel}","templated":true}]}}