{"id":141629,"date":"2026-04-28T12:57:46","date_gmt":"2026-04-28T10:57:46","guid":{"rendered":"https:\/\/webshopdistricoscom.webhosting.be\/product\/busch-side-grip-medium-cone-854s-033-ref-8867-228\/"},"modified":"2026-04-28T12:57:50","modified_gmt":"2026-04-28T10:57:50","slug":"busch-side-grip-medium-cone-854s-033-ref-8867-228","status":"publish","type":"product","link":"https:\/\/districos.standingout.be\/fr\/product\/busch-side-grip-medium-cone-854s-033-ref-8867-228\/","title":{"rendered":"Busch Side Grip M\u00e9dium C\u00f4ne 854S\/033"},"content":{"rendered":"<p >\n<p dir=ltr>Les fraises Top Grip et Side Grip de Busch\u00ae sont id\u00e9ales pour traiter les pieds diab\u00e9tiques, parce qu\u2019elles disposent d\u2019une s\u00e9curit\u00e9 passive. Gr\u00e2ce \u00e0 leurs bords de s\u00e9curit\u00e9 arrondis \u00e0 l\u2019avant et \u00e0 la pr\u00e9sence des grains diamant\u00e9s seulement sur le dessus (Top Grip) ou sur le c\u00f4t\u00e9 (Side Grip), elles r\u00e9duisent le risque de petites blessures au minimum.Id\u00e9ales pour adoucir l\u2019hyponychium &amp; les sillons ungu\u00e9aux et pour raccourcir et limer l\u2019ongle en forme.<\/p>\n<p> Disponibles en 2 grains : <\/p>\n<ul> <\/p>\n<li>m\u00e9dium<\/li>\n<p> <\/p>\n<li>fin<\/li>\n<p> <\/ul>\n<p> ATTENTION : Toutes les fraises diamant\u00e9es de BUSCH doivent \u00eatre nettoy\u00e9es avec la brosse de nettoyage sp\u00e9cifiquement con\u00e7ue \u00e0 cette fin (R\u00e9f. 8867.950) ou la brosse de nettoyage synth\u00e9tique (R\u00e9f. 8866.78) et ne peuvent PAS \u00eatre nettoy\u00e9es avec la brosse en cuivre classique. Cette brosse diminuera consid\u00e9rablement la dur\u00e9e de vie de vos fraises. <\/p>\n<ul> <\/p>\n<li>Diam\u00e8tre : 033<\/li>\n<p> <\/p>\n<li>5.000 &#8211; 10.000 tpm<\/li>\n<p> <\/ul><\/p>\n","protected":false},"excerpt":{"rendered":"<p>Les fraises Top Grip et Side Grip de Busch\u00ae sont id\u00e9ales pour traiter les pieds diab\u00e9tiques, parce qu\u2019elles disposent d\u2019une s\u00e9curit\u00e9 passive. Gr\u00e2ce \u00e0 leurs bords de s\u00e9curit\u00e9 arrondis \u00e0 l\u2019avant et \u00e0 la pr\u00e9sence des grains diamant\u00e9s seulement sur le dessus (Top Grip) ou sur le c\u00f4t\u00e9 (Side Grip), elles r\u00e9duisent le risque de [&hellip;]<\/p>\n","protected":false},"featured_media":84047,"comment_status":"open","ping_status":"closed","template":"","meta":{"_acf_changed":false},"product_brand":[10322],"product_cat":[9942,10020,10273],"product_tag":[],"class_list":{"0":"post-141629","1":"product","2":"type-product","3":"status-publish","4":"has-post-thumbnail","6":"product_brand-busch-fr","7":"product_cat-beaute-pedicure-fraises","8":"product_cat-soins-des-pieds-podologie-fraises-plaque-ungueale","9":"product_cat-soins-des-pieds-podologie-fraises-toutes-les-fraises","11":"first","12":"instock","13":"taxable","14":"shipping-taxable","15":"product-type-simple"},"acf":[],"yoast_head":"<!-- This site is optimized with the Yoast SEO plugin v27.3 - https:\/\/yoast.com\/product\/yoast-seo-wordpress\/ -->\n<title>Busch Side Grip M\u00e9dium C\u00f4ne 854S\/033 - Districos Webshop<\/title>\n<meta name=\"robots\" content=\"noindex, follow, max-snippet:-1, max-image-preview:large, max-video-preview:-1\" \/>\n<meta property=\"og:locale\" content=\"fr_FR\" \/>\n<meta property=\"og:type\" content=\"article\" \/>\n<meta property=\"og:title\" content=\"Busch Side Grip M\u00e9dium C\u00f4ne 854S\/033 - Districos Webshop\" \/>\n<meta property=\"og:description\" content=\"Les fraises Top Grip et Side Grip de Busch\u00ae sont id\u00e9ales pour traiter les pieds diab\u00e9tiques, parce qu\u2019elles disposent d\u2019une s\u00e9curit\u00e9 passive. Gr\u00e2ce \u00e0 leurs bords de s\u00e9curit\u00e9 arrondis \u00e0 l\u2019avant et \u00e0 la pr\u00e9sence des grains diamant\u00e9s seulement sur le dessus (Top Grip) ou sur le c\u00f4t\u00e9 (Side Grip), elles r\u00e9duisent le risque de [&hellip;]\" \/>\n<meta property=\"og:url\" content=\"https:\/\/districos.standingout.be\/fr\/product\/busch-side-grip-medium-cone-854s-033-ref-8867-228\/\" \/>\n<meta property=\"og:site_name\" content=\"Districos Webshop\" \/>\n<meta property=\"article:modified_time\" content=\"2026-04-28T10:57:50+00:00\" \/>\n<meta name=\"twitter:card\" content=\"summary_large_image\" \/>\n<meta name=\"twitter:label1\" content=\"Dur\u00e9e de lecture estim\u00e9e\" \/>\n\t<meta name=\"twitter:data1\" content=\"1 minute\" \/>\n<script type=\"application\/ld+json\" class=\"yoast-schema-graph\">{\"@context\":\"https:\\\/\\\/schema.org\",\"@graph\":[{\"@type\":\"WebPage\",\"@id\":\"https:\\\/\\\/districos.standingout.be\\\/fr\\\/product\\\/busch-side-grip-medium-cone-854s-033-ref-8867-228\\\/\",\"url\":\"https:\\\/\\\/districos.standingout.be\\\/fr\\\/product\\\/busch-side-grip-medium-cone-854s-033-ref-8867-228\\\/\",\"name\":\"Busch Side Grip M\u00e9dium C\u00f4ne 854S\\\/033 - Districos Webshop\",\"isPartOf\":{\"@id\":\"https:\\\/\\\/districos.standingout.be\\\/fr\\\/#website\"},\"primaryImageOfPage\":{\"@id\":\"https:\\\/\\\/districos.standingout.be\\\/fr\\\/product\\\/busch-side-grip-medium-cone-854s-033-ref-8867-228\\\/#primaryimage\"},\"image\":{\"@id\":\"https:\\\/\\\/districos.standingout.be\\\/fr\\\/product\\\/busch-side-grip-medium-cone-854s-033-ref-8867-228\\\/#primaryimage\"},\"thumbnailUrl\":\"https:\\\/\\\/districos.standingout.be\\\/wp-content\\\/uploads\\\/2025\\\/07\\\/8867.228@LowRes_0.png\",\"datePublished\":\"2026-04-28T10:57:46+00:00\",\"dateModified\":\"2026-04-28T10:57:50+00:00\",\"breadcrumb\":{\"@id\":\"https:\\\/\\\/districos.standingout.be\\\/fr\\\/product\\\/busch-side-grip-medium-cone-854s-033-ref-8867-228\\\/#breadcrumb\"},\"inLanguage\":\"fr-FR\",\"potentialAction\":[{\"@type\":\"ReadAction\",\"target\":[\"https:\\\/\\\/districos.standingout.be\\\/fr\\\/product\\\/busch-side-grip-medium-cone-854s-033-ref-8867-228\\\/\"]}]},{\"@type\":\"ImageObject\",\"inLanguage\":\"fr-FR\",\"@id\":\"https:\\\/\\\/districos.standingout.be\\\/fr\\\/product\\\/busch-side-grip-medium-cone-854s-033-ref-8867-228\\\/#primaryimage\",\"url\":\"https:\\\/\\\/districos.standingout.be\\\/wp-content\\\/uploads\\\/2025\\\/07\\\/8867.228@LowRes_0.png\",\"contentUrl\":\"https:\\\/\\\/districos.standingout.be\\\/wp-content\\\/uploads\\\/2025\\\/07\\\/8867.228@LowRes_0.png\",\"width\":600,\"height\":600},{\"@type\":\"BreadcrumbList\",\"@id\":\"https:\\\/\\\/districos.standingout.be\\\/fr\\\/product\\\/busch-side-grip-medium-cone-854s-033-ref-8867-228\\\/#breadcrumb\",\"itemListElement\":[{\"@type\":\"ListItem\",\"position\":1,\"name\":\"Home\",\"item\":\"https:\\\/\\\/districos.standingout.be\\\/fr\\\/bienvenue-chez-districos\\\/\"},{\"@type\":\"ListItem\",\"position\":2,\"name\":\"Boutique\",\"item\":\"https:\\\/\\\/districos.standingout.be\\\/fr\\\/boutique\\\/\"},{\"@type\":\"ListItem\",\"position\":3,\"name\":\"Busch Side Grip M\u00e9dium C\u00f4ne 854S\\\/033\"}]},{\"@type\":\"WebSite\",\"@id\":\"https:\\\/\\\/districos.standingout.be\\\/fr\\\/#website\",\"url\":\"https:\\\/\\\/districos.standingout.be\\\/fr\\\/\",\"name\":\"Districos Webshop\",\"description\":\"\",\"publisher\":{\"@id\":\"https:\\\/\\\/districos.standingout.be\\\/fr\\\/#organization\"},\"potentialAction\":[{\"@type\":\"SearchAction\",\"target\":{\"@type\":\"EntryPoint\",\"urlTemplate\":\"https:\\\/\\\/districos.standingout.be\\\/fr\\\/?s={search_term_string}\"},\"query-input\":{\"@type\":\"PropertyValueSpecification\",\"valueRequired\":true,\"valueName\":\"search_term_string\"}}],\"inLanguage\":\"fr-FR\"},{\"@type\":\"Organization\",\"@id\":\"https:\\\/\\\/districos.standingout.be\\\/fr\\\/#organization\",\"name\":\"Districos Webshop\",\"url\":\"https:\\\/\\\/districos.standingout.be\\\/fr\\\/\",\"logo\":{\"@type\":\"ImageObject\",\"inLanguage\":\"fr-FR\",\"@id\":\"https:\\\/\\\/districos.standingout.be\\\/fr\\\/#\\\/schema\\\/logo\\\/image\\\/\",\"url\":\"https:\\\/\\\/districos.standingout.be\\\/wp-content\\\/uploads\\\/2022\\\/09\\\/Districos_Logo_Webshop.svg\",\"contentUrl\":\"https:\\\/\\\/districos.standingout.be\\\/wp-content\\\/uploads\\\/2022\\\/09\\\/Districos_Logo_Webshop.svg\",\"caption\":\"Districos Webshop\"},\"image\":{\"@id\":\"https:\\\/\\\/districos.standingout.be\\\/fr\\\/#\\\/schema\\\/logo\\\/image\\\/\"}}]}<\/script>\n<!-- \/ Yoast SEO plugin. -->","yoast_head_json":{"title":"Busch Side Grip M\u00e9dium C\u00f4ne 854S\/033 - Districos Webshop","robots":{"index":"noindex","follow":"follow","max-snippet":"max-snippet:-1","max-image-preview":"max-image-preview:large","max-video-preview":"max-video-preview:-1"},"og_locale":"fr_FR","og_type":"article","og_title":"Busch Side Grip M\u00e9dium C\u00f4ne 854S\/033 - Districos Webshop","og_description":"Les fraises Top Grip et Side Grip de Busch\u00ae sont id\u00e9ales pour traiter les pieds diab\u00e9tiques, parce qu\u2019elles disposent d\u2019une s\u00e9curit\u00e9 passive. Gr\u00e2ce \u00e0 leurs bords de s\u00e9curit\u00e9 arrondis \u00e0 l\u2019avant et \u00e0 la pr\u00e9sence des grains diamant\u00e9s seulement sur le dessus (Top Grip) ou sur le c\u00f4t\u00e9 (Side Grip), elles r\u00e9duisent le risque de [&hellip;]","og_url":"https:\/\/districos.standingout.be\/fr\/product\/busch-side-grip-medium-cone-854s-033-ref-8867-228\/","og_site_name":"Districos Webshop","article_modified_time":"2026-04-28T10:57:50+00:00","twitter_card":"summary_large_image","twitter_misc":{"Dur\u00e9e de lecture estim\u00e9e":"1 minute"},"schema":{"@context":"https:\/\/schema.org","@graph":[{"@type":"WebPage","@id":"https:\/\/districos.standingout.be\/fr\/product\/busch-side-grip-medium-cone-854s-033-ref-8867-228\/","url":"https:\/\/districos.standingout.be\/fr\/product\/busch-side-grip-medium-cone-854s-033-ref-8867-228\/","name":"Busch Side Grip M\u00e9dium C\u00f4ne 854S\/033 - Districos Webshop","isPartOf":{"@id":"https:\/\/districos.standingout.be\/fr\/#website"},"primaryImageOfPage":{"@id":"https:\/\/districos.standingout.be\/fr\/product\/busch-side-grip-medium-cone-854s-033-ref-8867-228\/#primaryimage"},"image":{"@id":"https:\/\/districos.standingout.be\/fr\/product\/busch-side-grip-medium-cone-854s-033-ref-8867-228\/#primaryimage"},"thumbnailUrl":"https:\/\/districos.standingout.be\/wp-content\/uploads\/2025\/07\/8867.228@LowRes_0.png","datePublished":"2026-04-28T10:57:46+00:00","dateModified":"2026-04-28T10:57:50+00:00","breadcrumb":{"@id":"https:\/\/districos.standingout.be\/fr\/product\/busch-side-grip-medium-cone-854s-033-ref-8867-228\/#breadcrumb"},"inLanguage":"fr-FR","potentialAction":[{"@type":"ReadAction","target":["https:\/\/districos.standingout.be\/fr\/product\/busch-side-grip-medium-cone-854s-033-ref-8867-228\/"]}]},{"@type":"ImageObject","inLanguage":"fr-FR","@id":"https:\/\/districos.standingout.be\/fr\/product\/busch-side-grip-medium-cone-854s-033-ref-8867-228\/#primaryimage","url":"https:\/\/districos.standingout.be\/wp-content\/uploads\/2025\/07\/8867.228@LowRes_0.png","contentUrl":"https:\/\/districos.standingout.be\/wp-content\/uploads\/2025\/07\/8867.228@LowRes_0.png","width":600,"height":600},{"@type":"BreadcrumbList","@id":"https:\/\/districos.standingout.be\/fr\/product\/busch-side-grip-medium-cone-854s-033-ref-8867-228\/#breadcrumb","itemListElement":[{"@type":"ListItem","position":1,"name":"Home","item":"https:\/\/districos.standingout.be\/fr\/bienvenue-chez-districos\/"},{"@type":"ListItem","position":2,"name":"Boutique","item":"https:\/\/districos.standingout.be\/fr\/boutique\/"},{"@type":"ListItem","position":3,"name":"Busch Side Grip M\u00e9dium C\u00f4ne 854S\/033"}]},{"@type":"WebSite","@id":"https:\/\/districos.standingout.be\/fr\/#website","url":"https:\/\/districos.standingout.be\/fr\/","name":"Districos Webshop","description":"","publisher":{"@id":"https:\/\/districos.standingout.be\/fr\/#organization"},"potentialAction":[{"@type":"SearchAction","target":{"@type":"EntryPoint","urlTemplate":"https:\/\/districos.standingout.be\/fr\/?s={search_term_string}"},"query-input":{"@type":"PropertyValueSpecification","valueRequired":true,"valueName":"search_term_string"}}],"inLanguage":"fr-FR"},{"@type":"Organization","@id":"https:\/\/districos.standingout.be\/fr\/#organization","name":"Districos Webshop","url":"https:\/\/districos.standingout.be\/fr\/","logo":{"@type":"ImageObject","inLanguage":"fr-FR","@id":"https:\/\/districos.standingout.be\/fr\/#\/schema\/logo\/image\/","url":"https:\/\/districos.standingout.be\/wp-content\/uploads\/2022\/09\/Districos_Logo_Webshop.svg","contentUrl":"https:\/\/districos.standingout.be\/wp-content\/uploads\/2022\/09\/Districos_Logo_Webshop.svg","caption":"Districos Webshop"},"image":{"@id":"https:\/\/districos.standingout.be\/fr\/#\/schema\/logo\/image\/"}}]}},"_links":{"self":[{"href":"https:\/\/districos.standingout.be\/fr\/wp-json\/wp\/v2\/product\/141629","targetHints":{"allow":["GET"]}}],"collection":[{"href":"https:\/\/districos.standingout.be\/fr\/wp-json\/wp\/v2\/product"}],"about":[{"href":"https:\/\/districos.standingout.be\/fr\/wp-json\/wp\/v2\/types\/product"}],"replies":[{"embeddable":true,"href":"https:\/\/districos.standingout.be\/fr\/wp-json\/wp\/v2\/comments?post=141629"}],"wp:featuredmedia":[{"embeddable":true,"href":"https:\/\/districos.standingout.be\/fr\/wp-json\/wp\/v2\/media\/84047"}],"wp:attachment":[{"href":"https:\/\/districos.standingout.be\/fr\/wp-json\/wp\/v2\/media?parent=141629"}],"wp:term":[{"taxonomy":"product_brand","embeddable":true,"href":"https:\/\/districos.standingout.be\/fr\/wp-json\/wp\/v2\/product_brand?post=141629"},{"taxonomy":"product_cat","embeddable":true,"href":"https:\/\/districos.standingout.be\/fr\/wp-json\/wp\/v2\/product_cat?post=141629"},{"taxonomy":"product_tag","embeddable":true,"href":"https:\/\/districos.standingout.be\/fr\/wp-json\/wp\/v2\/product_tag?post=141629"}],"curies":[{"name":"wp","href":"https:\/\/api.w.org\/{rel}","templated":true}]}}