{"id":141633,"date":"2026-04-28T12:57:54","date_gmt":"2026-04-28T10:57:54","guid":{"rendered":"https:\/\/webshopdistricoscom.webhosting.be\/product\/busch-side-grip-medium-entonnoir-805s-065-ref-8867-231\/"},"modified":"2026-04-28T12:57:59","modified_gmt":"2026-04-28T10:57:59","slug":"busch-side-grip-medium-entonnoir-805s-065-ref-8867-231","status":"publish","type":"product","link":"https:\/\/districos.standingout.be\/fr\/product\/busch-side-grip-medium-entonnoir-805s-065-ref-8867-231\/","title":{"rendered":"Busch Side Grip M\u00e9dium Entonnoir 805S\/065"},"content":{"rendered":"<p >\n<p dir=ltr>Les fraises Side Grip de Busch sont les fraises id\u00e9ales pour le traitement des patients diab\u00e9tiques car elles poss\u00e8dent une s\u00e9curit\u00e9 passive. Avec leurs bords de s\u00e9curit\u00e9 arrondis \u00e0 l\u2019avant et seulement une partie rugueuse diamant\u00e9e sur le dessus, elles minimaliseront le risque de blessures. <\/p>\n<p> Id\u00e9ales pour limer tout en douceur l\u2019hypocychium(prolongement du lit de l\u2019ongle) et les cuticules.<\/p>\n<p> Disponible en rugosit\u00e9 moyenne et fine. <\/p><\/p>\n","protected":false},"excerpt":{"rendered":"<p>Les fraises Side Grip de Busch sont les fraises id\u00e9ales pour le traitement des patients diab\u00e9tiques car elles poss\u00e8dent une s\u00e9curit\u00e9 passive. Avec leurs bords de s\u00e9curit\u00e9 arrondis \u00e0 l\u2019avant et seulement une partie rugueuse diamant\u00e9e sur le dessus, elles minimaliseront le risque de blessures. Id\u00e9ales pour limer tout en douceur l\u2019hypocychium(prolongement du lit de [&hellip;]<\/p>\n","protected":false},"featured_media":84053,"comment_status":"open","ping_status":"closed","template":"","meta":{"_acf_changed":false},"product_brand":[10322],"product_cat":[9942,10020,10273],"product_tag":[],"class_list":{"0":"post-141633","1":"product","2":"type-product","3":"status-publish","4":"has-post-thumbnail","6":"product_brand-busch-fr","7":"product_cat-beaute-pedicure-fraises","8":"product_cat-soins-des-pieds-podologie-fraises-plaque-ungueale","9":"product_cat-soins-des-pieds-podologie-fraises-toutes-les-fraises","11":"first","12":"instock","13":"taxable","14":"shipping-taxable","15":"product-type-simple"},"acf":[],"yoast_head":"<!-- This site is optimized with the Yoast SEO plugin v27.3 - https:\/\/yoast.com\/product\/yoast-seo-wordpress\/ -->\n<title>Busch Side Grip M\u00e9dium Entonnoir 805S\/065 - Districos Webshop<\/title>\n<meta name=\"robots\" content=\"noindex, follow, max-snippet:-1, max-image-preview:large, max-video-preview:-1\" \/>\n<meta property=\"og:locale\" content=\"fr_FR\" \/>\n<meta property=\"og:type\" content=\"article\" \/>\n<meta property=\"og:title\" content=\"Busch Side Grip M\u00e9dium Entonnoir 805S\/065 - Districos Webshop\" \/>\n<meta property=\"og:description\" content=\"Les fraises Side Grip de Busch sont les fraises id\u00e9ales pour le traitement des patients diab\u00e9tiques car elles poss\u00e8dent une s\u00e9curit\u00e9 passive. Avec leurs bords de s\u00e9curit\u00e9 arrondis \u00e0 l\u2019avant et seulement une partie rugueuse diamant\u00e9e sur le dessus, elles minimaliseront le risque de blessures. Id\u00e9ales pour limer tout en douceur l\u2019hypocychium(prolongement du lit de [&hellip;]\" \/>\n<meta property=\"og:url\" content=\"https:\/\/districos.standingout.be\/fr\/product\/busch-side-grip-medium-entonnoir-805s-065-ref-8867-231\/\" \/>\n<meta property=\"og:site_name\" content=\"Districos Webshop\" \/>\n<meta property=\"article:modified_time\" content=\"2026-04-28T10:57:59+00:00\" \/>\n<meta name=\"twitter:card\" content=\"summary_large_image\" \/>\n<script type=\"application\/ld+json\" class=\"yoast-schema-graph\">{\"@context\":\"https:\\\/\\\/schema.org\",\"@graph\":[{\"@type\":\"WebPage\",\"@id\":\"https:\\\/\\\/districos.standingout.be\\\/fr\\\/product\\\/busch-side-grip-medium-entonnoir-805s-065-ref-8867-231\\\/\",\"url\":\"https:\\\/\\\/districos.standingout.be\\\/fr\\\/product\\\/busch-side-grip-medium-entonnoir-805s-065-ref-8867-231\\\/\",\"name\":\"Busch Side Grip M\u00e9dium Entonnoir 805S\\\/065 - Districos Webshop\",\"isPartOf\":{\"@id\":\"https:\\\/\\\/districos.standingout.be\\\/fr\\\/#website\"},\"primaryImageOfPage\":{\"@id\":\"https:\\\/\\\/districos.standingout.be\\\/fr\\\/product\\\/busch-side-grip-medium-entonnoir-805s-065-ref-8867-231\\\/#primaryimage\"},\"image\":{\"@id\":\"https:\\\/\\\/districos.standingout.be\\\/fr\\\/product\\\/busch-side-grip-medium-entonnoir-805s-065-ref-8867-231\\\/#primaryimage\"},\"thumbnailUrl\":\"https:\\\/\\\/districos.standingout.be\\\/wp-content\\\/uploads\\\/2025\\\/07\\\/8867.231@LowRes_0.png\",\"datePublished\":\"2026-04-28T10:57:54+00:00\",\"dateModified\":\"2026-04-28T10:57:59+00:00\",\"breadcrumb\":{\"@id\":\"https:\\\/\\\/districos.standingout.be\\\/fr\\\/product\\\/busch-side-grip-medium-entonnoir-805s-065-ref-8867-231\\\/#breadcrumb\"},\"inLanguage\":\"fr-FR\",\"potentialAction\":[{\"@type\":\"ReadAction\",\"target\":[\"https:\\\/\\\/districos.standingout.be\\\/fr\\\/product\\\/busch-side-grip-medium-entonnoir-805s-065-ref-8867-231\\\/\"]}]},{\"@type\":\"ImageObject\",\"inLanguage\":\"fr-FR\",\"@id\":\"https:\\\/\\\/districos.standingout.be\\\/fr\\\/product\\\/busch-side-grip-medium-entonnoir-805s-065-ref-8867-231\\\/#primaryimage\",\"url\":\"https:\\\/\\\/districos.standingout.be\\\/wp-content\\\/uploads\\\/2025\\\/07\\\/8867.231@LowRes_0.png\",\"contentUrl\":\"https:\\\/\\\/districos.standingout.be\\\/wp-content\\\/uploads\\\/2025\\\/07\\\/8867.231@LowRes_0.png\",\"width\":600,\"height\":600},{\"@type\":\"BreadcrumbList\",\"@id\":\"https:\\\/\\\/districos.standingout.be\\\/fr\\\/product\\\/busch-side-grip-medium-entonnoir-805s-065-ref-8867-231\\\/#breadcrumb\",\"itemListElement\":[{\"@type\":\"ListItem\",\"position\":1,\"name\":\"Home\",\"item\":\"https:\\\/\\\/districos.standingout.be\\\/fr\\\/bienvenue-chez-districos\\\/\"},{\"@type\":\"ListItem\",\"position\":2,\"name\":\"Boutique\",\"item\":\"https:\\\/\\\/districos.standingout.be\\\/fr\\\/boutique\\\/\"},{\"@type\":\"ListItem\",\"position\":3,\"name\":\"Busch Side Grip M\u00e9dium Entonnoir 805S\\\/065\"}]},{\"@type\":\"WebSite\",\"@id\":\"https:\\\/\\\/districos.standingout.be\\\/fr\\\/#website\",\"url\":\"https:\\\/\\\/districos.standingout.be\\\/fr\\\/\",\"name\":\"Districos Webshop\",\"description\":\"\",\"publisher\":{\"@id\":\"https:\\\/\\\/districos.standingout.be\\\/fr\\\/#organization\"},\"potentialAction\":[{\"@type\":\"SearchAction\",\"target\":{\"@type\":\"EntryPoint\",\"urlTemplate\":\"https:\\\/\\\/districos.standingout.be\\\/fr\\\/?s={search_term_string}\"},\"query-input\":{\"@type\":\"PropertyValueSpecification\",\"valueRequired\":true,\"valueName\":\"search_term_string\"}}],\"inLanguage\":\"fr-FR\"},{\"@type\":\"Organization\",\"@id\":\"https:\\\/\\\/districos.standingout.be\\\/fr\\\/#organization\",\"name\":\"Districos Webshop\",\"url\":\"https:\\\/\\\/districos.standingout.be\\\/fr\\\/\",\"logo\":{\"@type\":\"ImageObject\",\"inLanguage\":\"fr-FR\",\"@id\":\"https:\\\/\\\/districos.standingout.be\\\/fr\\\/#\\\/schema\\\/logo\\\/image\\\/\",\"url\":\"https:\\\/\\\/districos.standingout.be\\\/wp-content\\\/uploads\\\/2022\\\/09\\\/Districos_Logo_Webshop.svg\",\"contentUrl\":\"https:\\\/\\\/districos.standingout.be\\\/wp-content\\\/uploads\\\/2022\\\/09\\\/Districos_Logo_Webshop.svg\",\"caption\":\"Districos Webshop\"},\"image\":{\"@id\":\"https:\\\/\\\/districos.standingout.be\\\/fr\\\/#\\\/schema\\\/logo\\\/image\\\/\"}}]}<\/script>\n<!-- \/ Yoast SEO plugin. -->","yoast_head_json":{"title":"Busch Side Grip M\u00e9dium Entonnoir 805S\/065 - Districos Webshop","robots":{"index":"noindex","follow":"follow","max-snippet":"max-snippet:-1","max-image-preview":"max-image-preview:large","max-video-preview":"max-video-preview:-1"},"og_locale":"fr_FR","og_type":"article","og_title":"Busch Side Grip M\u00e9dium Entonnoir 805S\/065 - Districos Webshop","og_description":"Les fraises Side Grip de Busch sont les fraises id\u00e9ales pour le traitement des patients diab\u00e9tiques car elles poss\u00e8dent une s\u00e9curit\u00e9 passive. Avec leurs bords de s\u00e9curit\u00e9 arrondis \u00e0 l\u2019avant et seulement une partie rugueuse diamant\u00e9e sur le dessus, elles minimaliseront le risque de blessures. Id\u00e9ales pour limer tout en douceur l\u2019hypocychium(prolongement du lit de [&hellip;]","og_url":"https:\/\/districos.standingout.be\/fr\/product\/busch-side-grip-medium-entonnoir-805s-065-ref-8867-231\/","og_site_name":"Districos Webshop","article_modified_time":"2026-04-28T10:57:59+00:00","twitter_card":"summary_large_image","schema":{"@context":"https:\/\/schema.org","@graph":[{"@type":"WebPage","@id":"https:\/\/districos.standingout.be\/fr\/product\/busch-side-grip-medium-entonnoir-805s-065-ref-8867-231\/","url":"https:\/\/districos.standingout.be\/fr\/product\/busch-side-grip-medium-entonnoir-805s-065-ref-8867-231\/","name":"Busch Side Grip M\u00e9dium Entonnoir 805S\/065 - Districos Webshop","isPartOf":{"@id":"https:\/\/districos.standingout.be\/fr\/#website"},"primaryImageOfPage":{"@id":"https:\/\/districos.standingout.be\/fr\/product\/busch-side-grip-medium-entonnoir-805s-065-ref-8867-231\/#primaryimage"},"image":{"@id":"https:\/\/districos.standingout.be\/fr\/product\/busch-side-grip-medium-entonnoir-805s-065-ref-8867-231\/#primaryimage"},"thumbnailUrl":"https:\/\/districos.standingout.be\/wp-content\/uploads\/2025\/07\/8867.231@LowRes_0.png","datePublished":"2026-04-28T10:57:54+00:00","dateModified":"2026-04-28T10:57:59+00:00","breadcrumb":{"@id":"https:\/\/districos.standingout.be\/fr\/product\/busch-side-grip-medium-entonnoir-805s-065-ref-8867-231\/#breadcrumb"},"inLanguage":"fr-FR","potentialAction":[{"@type":"ReadAction","target":["https:\/\/districos.standingout.be\/fr\/product\/busch-side-grip-medium-entonnoir-805s-065-ref-8867-231\/"]}]},{"@type":"ImageObject","inLanguage":"fr-FR","@id":"https:\/\/districos.standingout.be\/fr\/product\/busch-side-grip-medium-entonnoir-805s-065-ref-8867-231\/#primaryimage","url":"https:\/\/districos.standingout.be\/wp-content\/uploads\/2025\/07\/8867.231@LowRes_0.png","contentUrl":"https:\/\/districos.standingout.be\/wp-content\/uploads\/2025\/07\/8867.231@LowRes_0.png","width":600,"height":600},{"@type":"BreadcrumbList","@id":"https:\/\/districos.standingout.be\/fr\/product\/busch-side-grip-medium-entonnoir-805s-065-ref-8867-231\/#breadcrumb","itemListElement":[{"@type":"ListItem","position":1,"name":"Home","item":"https:\/\/districos.standingout.be\/fr\/bienvenue-chez-districos\/"},{"@type":"ListItem","position":2,"name":"Boutique","item":"https:\/\/districos.standingout.be\/fr\/boutique\/"},{"@type":"ListItem","position":3,"name":"Busch Side Grip M\u00e9dium Entonnoir 805S\/065"}]},{"@type":"WebSite","@id":"https:\/\/districos.standingout.be\/fr\/#website","url":"https:\/\/districos.standingout.be\/fr\/","name":"Districos Webshop","description":"","publisher":{"@id":"https:\/\/districos.standingout.be\/fr\/#organization"},"potentialAction":[{"@type":"SearchAction","target":{"@type":"EntryPoint","urlTemplate":"https:\/\/districos.standingout.be\/fr\/?s={search_term_string}"},"query-input":{"@type":"PropertyValueSpecification","valueRequired":true,"valueName":"search_term_string"}}],"inLanguage":"fr-FR"},{"@type":"Organization","@id":"https:\/\/districos.standingout.be\/fr\/#organization","name":"Districos Webshop","url":"https:\/\/districos.standingout.be\/fr\/","logo":{"@type":"ImageObject","inLanguage":"fr-FR","@id":"https:\/\/districos.standingout.be\/fr\/#\/schema\/logo\/image\/","url":"https:\/\/districos.standingout.be\/wp-content\/uploads\/2022\/09\/Districos_Logo_Webshop.svg","contentUrl":"https:\/\/districos.standingout.be\/wp-content\/uploads\/2022\/09\/Districos_Logo_Webshop.svg","caption":"Districos Webshop"},"image":{"@id":"https:\/\/districos.standingout.be\/fr\/#\/schema\/logo\/image\/"}}]}},"_links":{"self":[{"href":"https:\/\/districos.standingout.be\/fr\/wp-json\/wp\/v2\/product\/141633","targetHints":{"allow":["GET"]}}],"collection":[{"href":"https:\/\/districos.standingout.be\/fr\/wp-json\/wp\/v2\/product"}],"about":[{"href":"https:\/\/districos.standingout.be\/fr\/wp-json\/wp\/v2\/types\/product"}],"replies":[{"embeddable":true,"href":"https:\/\/districos.standingout.be\/fr\/wp-json\/wp\/v2\/comments?post=141633"}],"wp:featuredmedia":[{"embeddable":true,"href":"https:\/\/districos.standingout.be\/fr\/wp-json\/wp\/v2\/media\/84053"}],"wp:attachment":[{"href":"https:\/\/districos.standingout.be\/fr\/wp-json\/wp\/v2\/media?parent=141633"}],"wp:term":[{"taxonomy":"product_brand","embeddable":true,"href":"https:\/\/districos.standingout.be\/fr\/wp-json\/wp\/v2\/product_brand?post=141633"},{"taxonomy":"product_cat","embeddable":true,"href":"https:\/\/districos.standingout.be\/fr\/wp-json\/wp\/v2\/product_cat?post=141633"},{"taxonomy":"product_tag","embeddable":true,"href":"https:\/\/districos.standingout.be\/fr\/wp-json\/wp\/v2\/product_tag?post=141633"}],"curies":[{"name":"wp","href":"https:\/\/api.w.org\/{rel}","templated":true}]}}