{"id":141637,"date":"2026-04-28T12:58:04","date_gmt":"2026-04-28T10:58:04","guid":{"rendered":"https:\/\/webshopdistricoscom.webhosting.be\/product\/busch-t-speed-fissure-cone-t429speed-040-ref-8867-250\/"},"modified":"2026-04-28T12:58:08","modified_gmt":"2026-04-28T10:58:08","slug":"busch-t-speed-fissure-cone-t429speed-040-ref-8867-250","status":"publish","type":"product","link":"https:\/\/districos.standingout.be\/fr\/product\/busch-t-speed-fissure-cone-t429speed-040-ref-8867-250\/","title":{"rendered":"Busch T-Speed Fissure C\u00f4ne T429SPEED\/040"},"content":{"rendered":"<p >\n<p dir=ltr>Pour de tr\u00e8s gros ongles \u00e9pais ou \u00e0 mycoses jusqu\u2019\u00e0 la construction d\u2019ongles artificiels en studio, La fraise SPEED en carbure certifi\u00e9e TiN* coating vous aidera \u00e0 travailler plus rapidement et tout en s\u00e9curit\u00e9 pour un r\u00e9sultat parfait !<\/p>\n<p> La coupe SPEED permet d\u2019enlever rapidement et efficacement la masse ungu\u00e9ale et d\u2019obtenir en m\u00eame temps une surface ungu\u00e9ale impeccablement liss\u00e9e, alors que le bout arrondi non dentel\u00e9 garantit un travail tout en s\u00e9curit\u00e9. En d\u2019autres termes, une combinaison ing\u00e9nieuse \u00e0 double but !&nbsp;<b>En plus, la poussi\u00e8re est tr\u00e8s fine, ce qui rend l\u2019aspiration plus facile pour votre fraiseuse.<\/b><\/p>\n<p> La version T-SPEED est meilleure pour un mat\u00e9riel plus doux et de par ce fait id\u00e9al pour une finition des ongles en gel. La version T-SPEED PLUS, pouvant se mesurer \u00e0 du mat\u00e9riel plus dure, sera elle meilleure pour une finition des ongles en acrylique.<\/p>\n<p> *Titanium Nitriet Coating -&gt; de part ceci la t\u00eate de la fraise est encore plus dure en comparaison avec une fraise au carbure normale. <\/p>\n<ul> <\/p>\n<li>\u200bDiam\u00e8tre 040 <\/li>\n<p> <\/p>\n<li>+\/- 20.000 tpm <\/li>\n<p> <\/ul><\/p>\n","protected":false},"excerpt":{"rendered":"<p>Pour de tr\u00e8s gros ongles \u00e9pais ou \u00e0 mycoses jusqu\u2019\u00e0 la construction d\u2019ongles artificiels en studio, La fraise SPEED en carbure certifi\u00e9e TiN* coating vous aidera \u00e0 travailler plus rapidement et tout en s\u00e9curit\u00e9 pour un r\u00e9sultat parfait ! La coupe SPEED permet d\u2019enlever rapidement et efficacement la masse ungu\u00e9ale et d\u2019obtenir en m\u00eame temps [&hellip;]<\/p>\n","protected":false},"featured_media":84059,"comment_status":"open","ping_status":"closed","template":"","meta":{"_acf_changed":false},"product_brand":[10322],"product_cat":[9942,10024,10022,10273],"product_tag":[],"class_list":{"0":"post-141637","1":"product","2":"type-product","3":"status-publish","4":"has-post-thumbnail","6":"product_brand-busch-fr","7":"product_cat-beaute-pedicure-fraises","8":"product_cat-soins-des-pieds-podologie-fraises-ongle-en-gel","9":"product_cat-soins-des-pieds-podologie-fraises-ongle-epaissi","10":"product_cat-soins-des-pieds-podologie-fraises-toutes-les-fraises","12":"first","13":"instock","14":"taxable","15":"shipping-taxable","16":"product-type-simple"},"acf":[],"yoast_head":"<!-- This site is optimized with the Yoast SEO plugin v27.3 - https:\/\/yoast.com\/product\/yoast-seo-wordpress\/ -->\n<title>Busch T-Speed Fissure C\u00f4ne T429SPEED\/040 - Districos Webshop<\/title>\n<meta name=\"robots\" content=\"noindex, follow, max-snippet:-1, max-image-preview:large, max-video-preview:-1\" \/>\n<meta property=\"og:locale\" content=\"fr_FR\" \/>\n<meta property=\"og:type\" content=\"article\" \/>\n<meta property=\"og:title\" content=\"Busch T-Speed Fissure C\u00f4ne T429SPEED\/040 - Districos Webshop\" \/>\n<meta property=\"og:description\" content=\"Pour de tr\u00e8s gros ongles \u00e9pais ou \u00e0 mycoses jusqu\u2019\u00e0 la construction d\u2019ongles artificiels en studio, La fraise SPEED en carbure certifi\u00e9e TiN* coating vous aidera \u00e0 travailler plus rapidement et tout en s\u00e9curit\u00e9 pour un r\u00e9sultat parfait ! La coupe SPEED permet d\u2019enlever rapidement et efficacement la masse ungu\u00e9ale et d\u2019obtenir en m\u00eame temps [&hellip;]\" \/>\n<meta property=\"og:url\" content=\"https:\/\/districos.standingout.be\/fr\/product\/busch-t-speed-fissure-cone-t429speed-040-ref-8867-250\/\" \/>\n<meta property=\"og:site_name\" content=\"Districos Webshop\" \/>\n<meta property=\"article:modified_time\" content=\"2026-04-28T10:58:08+00:00\" \/>\n<meta name=\"twitter:card\" content=\"summary_large_image\" \/>\n<meta name=\"twitter:label1\" content=\"Dur\u00e9e de lecture estim\u00e9e\" \/>\n\t<meta name=\"twitter:data1\" content=\"1 minute\" \/>\n<script type=\"application\/ld+json\" class=\"yoast-schema-graph\">{\"@context\":\"https:\\\/\\\/schema.org\",\"@graph\":[{\"@type\":\"WebPage\",\"@id\":\"https:\\\/\\\/districos.standingout.be\\\/fr\\\/product\\\/busch-t-speed-fissure-cone-t429speed-040-ref-8867-250\\\/\",\"url\":\"https:\\\/\\\/districos.standingout.be\\\/fr\\\/product\\\/busch-t-speed-fissure-cone-t429speed-040-ref-8867-250\\\/\",\"name\":\"Busch T-Speed Fissure C\u00f4ne T429SPEED\\\/040 - Districos Webshop\",\"isPartOf\":{\"@id\":\"https:\\\/\\\/districos.standingout.be\\\/fr\\\/#website\"},\"primaryImageOfPage\":{\"@id\":\"https:\\\/\\\/districos.standingout.be\\\/fr\\\/product\\\/busch-t-speed-fissure-cone-t429speed-040-ref-8867-250\\\/#primaryimage\"},\"image\":{\"@id\":\"https:\\\/\\\/districos.standingout.be\\\/fr\\\/product\\\/busch-t-speed-fissure-cone-t429speed-040-ref-8867-250\\\/#primaryimage\"},\"thumbnailUrl\":\"https:\\\/\\\/districos.standingout.be\\\/wp-content\\\/uploads\\\/2025\\\/07\\\/8867.250@LowRes_0.png\",\"datePublished\":\"2026-04-28T10:58:04+00:00\",\"dateModified\":\"2026-04-28T10:58:08+00:00\",\"breadcrumb\":{\"@id\":\"https:\\\/\\\/districos.standingout.be\\\/fr\\\/product\\\/busch-t-speed-fissure-cone-t429speed-040-ref-8867-250\\\/#breadcrumb\"},\"inLanguage\":\"fr-FR\",\"potentialAction\":[{\"@type\":\"ReadAction\",\"target\":[\"https:\\\/\\\/districos.standingout.be\\\/fr\\\/product\\\/busch-t-speed-fissure-cone-t429speed-040-ref-8867-250\\\/\"]}]},{\"@type\":\"ImageObject\",\"inLanguage\":\"fr-FR\",\"@id\":\"https:\\\/\\\/districos.standingout.be\\\/fr\\\/product\\\/busch-t-speed-fissure-cone-t429speed-040-ref-8867-250\\\/#primaryimage\",\"url\":\"https:\\\/\\\/districos.standingout.be\\\/wp-content\\\/uploads\\\/2025\\\/07\\\/8867.250@LowRes_0.png\",\"contentUrl\":\"https:\\\/\\\/districos.standingout.be\\\/wp-content\\\/uploads\\\/2025\\\/07\\\/8867.250@LowRes_0.png\",\"width\":600,\"height\":600},{\"@type\":\"BreadcrumbList\",\"@id\":\"https:\\\/\\\/districos.standingout.be\\\/fr\\\/product\\\/busch-t-speed-fissure-cone-t429speed-040-ref-8867-250\\\/#breadcrumb\",\"itemListElement\":[{\"@type\":\"ListItem\",\"position\":1,\"name\":\"Home\",\"item\":\"https:\\\/\\\/districos.standingout.be\\\/fr\\\/bienvenue-chez-districos\\\/\"},{\"@type\":\"ListItem\",\"position\":2,\"name\":\"Boutique\",\"item\":\"https:\\\/\\\/districos.standingout.be\\\/fr\\\/boutique\\\/\"},{\"@type\":\"ListItem\",\"position\":3,\"name\":\"Busch T-Speed Fissure C\u00f4ne T429SPEED\\\/040\"}]},{\"@type\":\"WebSite\",\"@id\":\"https:\\\/\\\/districos.standingout.be\\\/fr\\\/#website\",\"url\":\"https:\\\/\\\/districos.standingout.be\\\/fr\\\/\",\"name\":\"Districos Webshop\",\"description\":\"\",\"publisher\":{\"@id\":\"https:\\\/\\\/districos.standingout.be\\\/fr\\\/#organization\"},\"potentialAction\":[{\"@type\":\"SearchAction\",\"target\":{\"@type\":\"EntryPoint\",\"urlTemplate\":\"https:\\\/\\\/districos.standingout.be\\\/fr\\\/?s={search_term_string}\"},\"query-input\":{\"@type\":\"PropertyValueSpecification\",\"valueRequired\":true,\"valueName\":\"search_term_string\"}}],\"inLanguage\":\"fr-FR\"},{\"@type\":\"Organization\",\"@id\":\"https:\\\/\\\/districos.standingout.be\\\/fr\\\/#organization\",\"name\":\"Districos Webshop\",\"url\":\"https:\\\/\\\/districos.standingout.be\\\/fr\\\/\",\"logo\":{\"@type\":\"ImageObject\",\"inLanguage\":\"fr-FR\",\"@id\":\"https:\\\/\\\/districos.standingout.be\\\/fr\\\/#\\\/schema\\\/logo\\\/image\\\/\",\"url\":\"https:\\\/\\\/districos.standingout.be\\\/wp-content\\\/uploads\\\/2022\\\/09\\\/Districos_Logo_Webshop.svg\",\"contentUrl\":\"https:\\\/\\\/districos.standingout.be\\\/wp-content\\\/uploads\\\/2022\\\/09\\\/Districos_Logo_Webshop.svg\",\"caption\":\"Districos Webshop\"},\"image\":{\"@id\":\"https:\\\/\\\/districos.standingout.be\\\/fr\\\/#\\\/schema\\\/logo\\\/image\\\/\"}}]}<\/script>\n<!-- \/ Yoast SEO plugin. -->","yoast_head_json":{"title":"Busch T-Speed Fissure C\u00f4ne T429SPEED\/040 - Districos Webshop","robots":{"index":"noindex","follow":"follow","max-snippet":"max-snippet:-1","max-image-preview":"max-image-preview:large","max-video-preview":"max-video-preview:-1"},"og_locale":"fr_FR","og_type":"article","og_title":"Busch T-Speed Fissure C\u00f4ne T429SPEED\/040 - Districos Webshop","og_description":"Pour de tr\u00e8s gros ongles \u00e9pais ou \u00e0 mycoses jusqu\u2019\u00e0 la construction d\u2019ongles artificiels en studio, La fraise SPEED en carbure certifi\u00e9e TiN* coating vous aidera \u00e0 travailler plus rapidement et tout en s\u00e9curit\u00e9 pour un r\u00e9sultat parfait ! La coupe SPEED permet d\u2019enlever rapidement et efficacement la masse ungu\u00e9ale et d\u2019obtenir en m\u00eame temps [&hellip;]","og_url":"https:\/\/districos.standingout.be\/fr\/product\/busch-t-speed-fissure-cone-t429speed-040-ref-8867-250\/","og_site_name":"Districos Webshop","article_modified_time":"2026-04-28T10:58:08+00:00","twitter_card":"summary_large_image","twitter_misc":{"Dur\u00e9e de lecture estim\u00e9e":"1 minute"},"schema":{"@context":"https:\/\/schema.org","@graph":[{"@type":"WebPage","@id":"https:\/\/districos.standingout.be\/fr\/product\/busch-t-speed-fissure-cone-t429speed-040-ref-8867-250\/","url":"https:\/\/districos.standingout.be\/fr\/product\/busch-t-speed-fissure-cone-t429speed-040-ref-8867-250\/","name":"Busch T-Speed Fissure C\u00f4ne T429SPEED\/040 - Districos Webshop","isPartOf":{"@id":"https:\/\/districos.standingout.be\/fr\/#website"},"primaryImageOfPage":{"@id":"https:\/\/districos.standingout.be\/fr\/product\/busch-t-speed-fissure-cone-t429speed-040-ref-8867-250\/#primaryimage"},"image":{"@id":"https:\/\/districos.standingout.be\/fr\/product\/busch-t-speed-fissure-cone-t429speed-040-ref-8867-250\/#primaryimage"},"thumbnailUrl":"https:\/\/districos.standingout.be\/wp-content\/uploads\/2025\/07\/8867.250@LowRes_0.png","datePublished":"2026-04-28T10:58:04+00:00","dateModified":"2026-04-28T10:58:08+00:00","breadcrumb":{"@id":"https:\/\/districos.standingout.be\/fr\/product\/busch-t-speed-fissure-cone-t429speed-040-ref-8867-250\/#breadcrumb"},"inLanguage":"fr-FR","potentialAction":[{"@type":"ReadAction","target":["https:\/\/districos.standingout.be\/fr\/product\/busch-t-speed-fissure-cone-t429speed-040-ref-8867-250\/"]}]},{"@type":"ImageObject","inLanguage":"fr-FR","@id":"https:\/\/districos.standingout.be\/fr\/product\/busch-t-speed-fissure-cone-t429speed-040-ref-8867-250\/#primaryimage","url":"https:\/\/districos.standingout.be\/wp-content\/uploads\/2025\/07\/8867.250@LowRes_0.png","contentUrl":"https:\/\/districos.standingout.be\/wp-content\/uploads\/2025\/07\/8867.250@LowRes_0.png","width":600,"height":600},{"@type":"BreadcrumbList","@id":"https:\/\/districos.standingout.be\/fr\/product\/busch-t-speed-fissure-cone-t429speed-040-ref-8867-250\/#breadcrumb","itemListElement":[{"@type":"ListItem","position":1,"name":"Home","item":"https:\/\/districos.standingout.be\/fr\/bienvenue-chez-districos\/"},{"@type":"ListItem","position":2,"name":"Boutique","item":"https:\/\/districos.standingout.be\/fr\/boutique\/"},{"@type":"ListItem","position":3,"name":"Busch T-Speed Fissure C\u00f4ne T429SPEED\/040"}]},{"@type":"WebSite","@id":"https:\/\/districos.standingout.be\/fr\/#website","url":"https:\/\/districos.standingout.be\/fr\/","name":"Districos Webshop","description":"","publisher":{"@id":"https:\/\/districos.standingout.be\/fr\/#organization"},"potentialAction":[{"@type":"SearchAction","target":{"@type":"EntryPoint","urlTemplate":"https:\/\/districos.standingout.be\/fr\/?s={search_term_string}"},"query-input":{"@type":"PropertyValueSpecification","valueRequired":true,"valueName":"search_term_string"}}],"inLanguage":"fr-FR"},{"@type":"Organization","@id":"https:\/\/districos.standingout.be\/fr\/#organization","name":"Districos Webshop","url":"https:\/\/districos.standingout.be\/fr\/","logo":{"@type":"ImageObject","inLanguage":"fr-FR","@id":"https:\/\/districos.standingout.be\/fr\/#\/schema\/logo\/image\/","url":"https:\/\/districos.standingout.be\/wp-content\/uploads\/2022\/09\/Districos_Logo_Webshop.svg","contentUrl":"https:\/\/districos.standingout.be\/wp-content\/uploads\/2022\/09\/Districos_Logo_Webshop.svg","caption":"Districos Webshop"},"image":{"@id":"https:\/\/districos.standingout.be\/fr\/#\/schema\/logo\/image\/"}}]}},"_links":{"self":[{"href":"https:\/\/districos.standingout.be\/fr\/wp-json\/wp\/v2\/product\/141637","targetHints":{"allow":["GET"]}}],"collection":[{"href":"https:\/\/districos.standingout.be\/fr\/wp-json\/wp\/v2\/product"}],"about":[{"href":"https:\/\/districos.standingout.be\/fr\/wp-json\/wp\/v2\/types\/product"}],"replies":[{"embeddable":true,"href":"https:\/\/districos.standingout.be\/fr\/wp-json\/wp\/v2\/comments?post=141637"}],"wp:featuredmedia":[{"embeddable":true,"href":"https:\/\/districos.standingout.be\/fr\/wp-json\/wp\/v2\/media\/84059"}],"wp:attachment":[{"href":"https:\/\/districos.standingout.be\/fr\/wp-json\/wp\/v2\/media?parent=141637"}],"wp:term":[{"taxonomy":"product_brand","embeddable":true,"href":"https:\/\/districos.standingout.be\/fr\/wp-json\/wp\/v2\/product_brand?post=141637"},{"taxonomy":"product_cat","embeddable":true,"href":"https:\/\/districos.standingout.be\/fr\/wp-json\/wp\/v2\/product_cat?post=141637"},{"taxonomy":"product_tag","embeddable":true,"href":"https:\/\/districos.standingout.be\/fr\/wp-json\/wp\/v2\/product_tag?post=141637"}],"curies":[{"name":"wp","href":"https:\/\/api.w.org\/{rel}","templated":true}]}}