{"id":141651,"date":"2026-04-28T12:59:02","date_gmt":"2026-04-28T10:59:02","guid":{"rendered":"https:\/\/webshopdistricoscom.webhosting.be\/product\/busch-diamantee-super-gros-poire-pointue-5893-065-ref-8867-300\/"},"modified":"2026-04-28T12:59:07","modified_gmt":"2026-04-28T10:59:07","slug":"busch-diamantee-super-gros-poire-pointue-5893-065-ref-8867-300","status":"publish","type":"product","link":"https:\/\/districos.standingout.be\/fr\/product\/busch-diamantee-super-gros-poire-pointue-5893-065-ref-8867-300\/","title":{"rendered":"Busch Diamant\u00e9e Super Gros Poire Pointue 5893\/065"},"content":{"rendered":"<p >\n<p dir=ltr>Fraise diamant\u00e9e avec une tr\u00e8s forte rugosit\u00e9 pour l\u2019enl\u00e8vement des callosit\u00e9s. <\/p>\n<ul> <\/p>\n<li>M\u00e9ga Gros (2 bagues noires) : pour l\u2019enl\u00e8vement de callosit\u00e9s \u00e9paisses <\/li>\n<p> <\/p>\n<li>Tr\u00e8s Gros (1 bague noire) : pour l\u2019enl\u00e8vement de callosit\u00e9s dures <\/li>\n<p> <\/p>\n<li>Gros (1 bague verte) : pour l\u2019enl\u00e8vement de callosit\u00e9s d\u00e9butantes et traitement rugueux des ongles <\/li>\n<p> <\/p>\n<li>M\u00e9dium (pas de bague) : pour le traitement des callosit\u00e9s d\u00e9butantes, les cuticules &amp; les sillons et pour lisser la tablette ungu\u00e9ale<\/li>\n<p> <\/p>\n<li>Fin (1 bague rouge) : pour le traitement d\u00e9licat de callosit\u00e9s, d\u2019ongles, de cuticules et de sillons<\/li>\n<p> <\/p>\n<li>Extra fin (1 bague jaune) : pour le traitement tr\u00e8s d\u00e9licat de callosit\u00e9s, de cuticules et de sillons. \u00c9galement \u00e0 utiliser avant le polissage de l\u2019ongle.<\/li>\n<p> <\/ul>\n<p> ATTENTION : Toutes les fraises diamant\u00e9es de BUSCH doivent \u00eatre nettoy\u00e9es avec la brosse de nettoyage sp\u00e9cifiquement con\u00e7ue \u00e0 cette fin (R\u00e9f. 8867.950) ou la brosse de nettoyage synth\u00e9tique (R\u00e9f. 8866.78) et ne peuvent PAS \u00eatre nettoy\u00e9es avec la brosse en cuivre classique. Cette brosse diminuera consid\u00e9rablement la dur\u00e9e de vie de vos fraises. <\/p>\n<ul> <\/p>\n<li>\u200bDiam\u00e8tre : 065<\/li>\n<p> <\/p>\n<li>+\/- 25.000 tpm<\/li>\n<p> <\/ul><\/p>\n","protected":false},"excerpt":{"rendered":"<p>Fraise diamant\u00e9e avec une tr\u00e8s forte rugosit\u00e9 pour l\u2019enl\u00e8vement des callosit\u00e9s. M\u00e9ga Gros (2 bagues noires) : pour l\u2019enl\u00e8vement de callosit\u00e9s \u00e9paisses Tr\u00e8s Gros (1 bague noire) : pour l\u2019enl\u00e8vement de callosit\u00e9s dures Gros (1 bague verte) : pour l\u2019enl\u00e8vement de callosit\u00e9s d\u00e9butantes et traitement rugueux des ongles M\u00e9dium (pas de bague) : pour le [&hellip;]<\/p>\n","protected":false},"featured_media":84080,"comment_status":"open","ping_status":"closed","template":"","meta":{"_acf_changed":false},"product_brand":[10322],"product_cat":[10014,9942,10030,10273],"product_tag":[],"class_list":{"0":"post-141651","1":"product","2":"type-product","3":"status-publish","4":"has-post-thumbnail","6":"product_brand-busch-fr","7":"product_cat-soins-des-pieds-podologie-fraises-callosites","8":"product_cat-beaute-pedicure-fraises","9":"product_cat-soins-des-pieds-podologie-fraises-orthese","10":"product_cat-soins-des-pieds-podologie-fraises-toutes-les-fraises","12":"first","13":"instock","14":"taxable","15":"shipping-taxable","16":"product-type-simple"},"acf":[],"yoast_head":"<!-- This site is optimized with the Yoast SEO plugin v27.3 - https:\/\/yoast.com\/product\/yoast-seo-wordpress\/ -->\n<title>Busch Diamant\u00e9e Super Gros Poire Pointue 5893\/065 - Districos Webshop<\/title>\n<meta name=\"robots\" content=\"noindex, follow, max-snippet:-1, max-image-preview:large, max-video-preview:-1\" \/>\n<meta property=\"og:locale\" content=\"fr_FR\" \/>\n<meta property=\"og:type\" content=\"article\" \/>\n<meta property=\"og:title\" content=\"Busch Diamant\u00e9e Super Gros Poire Pointue 5893\/065 - Districos Webshop\" \/>\n<meta property=\"og:description\" content=\"Fraise diamant\u00e9e avec une tr\u00e8s forte rugosit\u00e9 pour l\u2019enl\u00e8vement des callosit\u00e9s. M\u00e9ga Gros (2 bagues noires) : pour l\u2019enl\u00e8vement de callosit\u00e9s \u00e9paisses Tr\u00e8s Gros (1 bague noire) : pour l\u2019enl\u00e8vement de callosit\u00e9s dures Gros (1 bague verte) : pour l\u2019enl\u00e8vement de callosit\u00e9s d\u00e9butantes et traitement rugueux des ongles M\u00e9dium (pas de bague) : pour le [&hellip;]\" \/>\n<meta property=\"og:url\" content=\"https:\/\/districos.standingout.be\/fr\/product\/busch-diamantee-super-gros-poire-pointue-5893-065-ref-8867-300\/\" \/>\n<meta property=\"og:site_name\" content=\"Districos Webshop\" \/>\n<meta property=\"article:modified_time\" content=\"2026-04-28T10:59:07+00:00\" \/>\n<meta name=\"twitter:card\" content=\"summary_large_image\" \/>\n<meta name=\"twitter:label1\" content=\"Dur\u00e9e de lecture estim\u00e9e\" \/>\n\t<meta name=\"twitter:data1\" content=\"1 minute\" \/>\n<script type=\"application\/ld+json\" class=\"yoast-schema-graph\">{\"@context\":\"https:\\\/\\\/schema.org\",\"@graph\":[{\"@type\":\"WebPage\",\"@id\":\"https:\\\/\\\/districos.standingout.be\\\/fr\\\/product\\\/busch-diamantee-super-gros-poire-pointue-5893-065-ref-8867-300\\\/\",\"url\":\"https:\\\/\\\/districos.standingout.be\\\/fr\\\/product\\\/busch-diamantee-super-gros-poire-pointue-5893-065-ref-8867-300\\\/\",\"name\":\"Busch Diamant\u00e9e Super Gros Poire Pointue 5893\\\/065 - Districos Webshop\",\"isPartOf\":{\"@id\":\"https:\\\/\\\/districos.standingout.be\\\/fr\\\/#website\"},\"primaryImageOfPage\":{\"@id\":\"https:\\\/\\\/districos.standingout.be\\\/fr\\\/product\\\/busch-diamantee-super-gros-poire-pointue-5893-065-ref-8867-300\\\/#primaryimage\"},\"image\":{\"@id\":\"https:\\\/\\\/districos.standingout.be\\\/fr\\\/product\\\/busch-diamantee-super-gros-poire-pointue-5893-065-ref-8867-300\\\/#primaryimage\"},\"thumbnailUrl\":\"https:\\\/\\\/districos.standingout.be\\\/wp-content\\\/uploads\\\/2025\\\/07\\\/8867.300@LowRes_0.png\",\"datePublished\":\"2026-04-28T10:59:02+00:00\",\"dateModified\":\"2026-04-28T10:59:07+00:00\",\"breadcrumb\":{\"@id\":\"https:\\\/\\\/districos.standingout.be\\\/fr\\\/product\\\/busch-diamantee-super-gros-poire-pointue-5893-065-ref-8867-300\\\/#breadcrumb\"},\"inLanguage\":\"fr-FR\",\"potentialAction\":[{\"@type\":\"ReadAction\",\"target\":[\"https:\\\/\\\/districos.standingout.be\\\/fr\\\/product\\\/busch-diamantee-super-gros-poire-pointue-5893-065-ref-8867-300\\\/\"]}]},{\"@type\":\"ImageObject\",\"inLanguage\":\"fr-FR\",\"@id\":\"https:\\\/\\\/districos.standingout.be\\\/fr\\\/product\\\/busch-diamantee-super-gros-poire-pointue-5893-065-ref-8867-300\\\/#primaryimage\",\"url\":\"https:\\\/\\\/districos.standingout.be\\\/wp-content\\\/uploads\\\/2025\\\/07\\\/8867.300@LowRes_0.png\",\"contentUrl\":\"https:\\\/\\\/districos.standingout.be\\\/wp-content\\\/uploads\\\/2025\\\/07\\\/8867.300@LowRes_0.png\",\"width\":600,\"height\":600},{\"@type\":\"BreadcrumbList\",\"@id\":\"https:\\\/\\\/districos.standingout.be\\\/fr\\\/product\\\/busch-diamantee-super-gros-poire-pointue-5893-065-ref-8867-300\\\/#breadcrumb\",\"itemListElement\":[{\"@type\":\"ListItem\",\"position\":1,\"name\":\"Home\",\"item\":\"https:\\\/\\\/districos.standingout.be\\\/fr\\\/bienvenue-chez-districos\\\/\"},{\"@type\":\"ListItem\",\"position\":2,\"name\":\"Boutique\",\"item\":\"https:\\\/\\\/districos.standingout.be\\\/fr\\\/boutique\\\/\"},{\"@type\":\"ListItem\",\"position\":3,\"name\":\"Busch Diamant\u00e9e Super Gros Poire Pointue 5893\\\/065\"}]},{\"@type\":\"WebSite\",\"@id\":\"https:\\\/\\\/districos.standingout.be\\\/fr\\\/#website\",\"url\":\"https:\\\/\\\/districos.standingout.be\\\/fr\\\/\",\"name\":\"Districos Webshop\",\"description\":\"\",\"publisher\":{\"@id\":\"https:\\\/\\\/districos.standingout.be\\\/fr\\\/#organization\"},\"potentialAction\":[{\"@type\":\"SearchAction\",\"target\":{\"@type\":\"EntryPoint\",\"urlTemplate\":\"https:\\\/\\\/districos.standingout.be\\\/fr\\\/?s={search_term_string}\"},\"query-input\":{\"@type\":\"PropertyValueSpecification\",\"valueRequired\":true,\"valueName\":\"search_term_string\"}}],\"inLanguage\":\"fr-FR\"},{\"@type\":\"Organization\",\"@id\":\"https:\\\/\\\/districos.standingout.be\\\/fr\\\/#organization\",\"name\":\"Districos Webshop\",\"url\":\"https:\\\/\\\/districos.standingout.be\\\/fr\\\/\",\"logo\":{\"@type\":\"ImageObject\",\"inLanguage\":\"fr-FR\",\"@id\":\"https:\\\/\\\/districos.standingout.be\\\/fr\\\/#\\\/schema\\\/logo\\\/image\\\/\",\"url\":\"https:\\\/\\\/districos.standingout.be\\\/wp-content\\\/uploads\\\/2022\\\/09\\\/Districos_Logo_Webshop.svg\",\"contentUrl\":\"https:\\\/\\\/districos.standingout.be\\\/wp-content\\\/uploads\\\/2022\\\/09\\\/Districos_Logo_Webshop.svg\",\"caption\":\"Districos Webshop\"},\"image\":{\"@id\":\"https:\\\/\\\/districos.standingout.be\\\/fr\\\/#\\\/schema\\\/logo\\\/image\\\/\"}}]}<\/script>\n<!-- \/ Yoast SEO plugin. -->","yoast_head_json":{"title":"Busch Diamant\u00e9e Super Gros Poire Pointue 5893\/065 - Districos Webshop","robots":{"index":"noindex","follow":"follow","max-snippet":"max-snippet:-1","max-image-preview":"max-image-preview:large","max-video-preview":"max-video-preview:-1"},"og_locale":"fr_FR","og_type":"article","og_title":"Busch Diamant\u00e9e Super Gros Poire Pointue 5893\/065 - Districos Webshop","og_description":"Fraise diamant\u00e9e avec une tr\u00e8s forte rugosit\u00e9 pour l\u2019enl\u00e8vement des callosit\u00e9s. M\u00e9ga Gros (2 bagues noires) : pour l\u2019enl\u00e8vement de callosit\u00e9s \u00e9paisses Tr\u00e8s Gros (1 bague noire) : pour l\u2019enl\u00e8vement de callosit\u00e9s dures Gros (1 bague verte) : pour l\u2019enl\u00e8vement de callosit\u00e9s d\u00e9butantes et traitement rugueux des ongles M\u00e9dium (pas de bague) : pour le [&hellip;]","og_url":"https:\/\/districos.standingout.be\/fr\/product\/busch-diamantee-super-gros-poire-pointue-5893-065-ref-8867-300\/","og_site_name":"Districos Webshop","article_modified_time":"2026-04-28T10:59:07+00:00","twitter_card":"summary_large_image","twitter_misc":{"Dur\u00e9e de lecture estim\u00e9e":"1 minute"},"schema":{"@context":"https:\/\/schema.org","@graph":[{"@type":"WebPage","@id":"https:\/\/districos.standingout.be\/fr\/product\/busch-diamantee-super-gros-poire-pointue-5893-065-ref-8867-300\/","url":"https:\/\/districos.standingout.be\/fr\/product\/busch-diamantee-super-gros-poire-pointue-5893-065-ref-8867-300\/","name":"Busch Diamant\u00e9e Super Gros Poire Pointue 5893\/065 - Districos Webshop","isPartOf":{"@id":"https:\/\/districos.standingout.be\/fr\/#website"},"primaryImageOfPage":{"@id":"https:\/\/districos.standingout.be\/fr\/product\/busch-diamantee-super-gros-poire-pointue-5893-065-ref-8867-300\/#primaryimage"},"image":{"@id":"https:\/\/districos.standingout.be\/fr\/product\/busch-diamantee-super-gros-poire-pointue-5893-065-ref-8867-300\/#primaryimage"},"thumbnailUrl":"https:\/\/districos.standingout.be\/wp-content\/uploads\/2025\/07\/8867.300@LowRes_0.png","datePublished":"2026-04-28T10:59:02+00:00","dateModified":"2026-04-28T10:59:07+00:00","breadcrumb":{"@id":"https:\/\/districos.standingout.be\/fr\/product\/busch-diamantee-super-gros-poire-pointue-5893-065-ref-8867-300\/#breadcrumb"},"inLanguage":"fr-FR","potentialAction":[{"@type":"ReadAction","target":["https:\/\/districos.standingout.be\/fr\/product\/busch-diamantee-super-gros-poire-pointue-5893-065-ref-8867-300\/"]}]},{"@type":"ImageObject","inLanguage":"fr-FR","@id":"https:\/\/districos.standingout.be\/fr\/product\/busch-diamantee-super-gros-poire-pointue-5893-065-ref-8867-300\/#primaryimage","url":"https:\/\/districos.standingout.be\/wp-content\/uploads\/2025\/07\/8867.300@LowRes_0.png","contentUrl":"https:\/\/districos.standingout.be\/wp-content\/uploads\/2025\/07\/8867.300@LowRes_0.png","width":600,"height":600},{"@type":"BreadcrumbList","@id":"https:\/\/districos.standingout.be\/fr\/product\/busch-diamantee-super-gros-poire-pointue-5893-065-ref-8867-300\/#breadcrumb","itemListElement":[{"@type":"ListItem","position":1,"name":"Home","item":"https:\/\/districos.standingout.be\/fr\/bienvenue-chez-districos\/"},{"@type":"ListItem","position":2,"name":"Boutique","item":"https:\/\/districos.standingout.be\/fr\/boutique\/"},{"@type":"ListItem","position":3,"name":"Busch Diamant\u00e9e Super Gros Poire Pointue 5893\/065"}]},{"@type":"WebSite","@id":"https:\/\/districos.standingout.be\/fr\/#website","url":"https:\/\/districos.standingout.be\/fr\/","name":"Districos Webshop","description":"","publisher":{"@id":"https:\/\/districos.standingout.be\/fr\/#organization"},"potentialAction":[{"@type":"SearchAction","target":{"@type":"EntryPoint","urlTemplate":"https:\/\/districos.standingout.be\/fr\/?s={search_term_string}"},"query-input":{"@type":"PropertyValueSpecification","valueRequired":true,"valueName":"search_term_string"}}],"inLanguage":"fr-FR"},{"@type":"Organization","@id":"https:\/\/districos.standingout.be\/fr\/#organization","name":"Districos Webshop","url":"https:\/\/districos.standingout.be\/fr\/","logo":{"@type":"ImageObject","inLanguage":"fr-FR","@id":"https:\/\/districos.standingout.be\/fr\/#\/schema\/logo\/image\/","url":"https:\/\/districos.standingout.be\/wp-content\/uploads\/2022\/09\/Districos_Logo_Webshop.svg","contentUrl":"https:\/\/districos.standingout.be\/wp-content\/uploads\/2022\/09\/Districos_Logo_Webshop.svg","caption":"Districos Webshop"},"image":{"@id":"https:\/\/districos.standingout.be\/fr\/#\/schema\/logo\/image\/"}}]}},"_links":{"self":[{"href":"https:\/\/districos.standingout.be\/fr\/wp-json\/wp\/v2\/product\/141651","targetHints":{"allow":["GET"]}}],"collection":[{"href":"https:\/\/districos.standingout.be\/fr\/wp-json\/wp\/v2\/product"}],"about":[{"href":"https:\/\/districos.standingout.be\/fr\/wp-json\/wp\/v2\/types\/product"}],"replies":[{"embeddable":true,"href":"https:\/\/districos.standingout.be\/fr\/wp-json\/wp\/v2\/comments?post=141651"}],"wp:featuredmedia":[{"embeddable":true,"href":"https:\/\/districos.standingout.be\/fr\/wp-json\/wp\/v2\/media\/84080"}],"wp:attachment":[{"href":"https:\/\/districos.standingout.be\/fr\/wp-json\/wp\/v2\/media?parent=141651"}],"wp:term":[{"taxonomy":"product_brand","embeddable":true,"href":"https:\/\/districos.standingout.be\/fr\/wp-json\/wp\/v2\/product_brand?post=141651"},{"taxonomy":"product_cat","embeddable":true,"href":"https:\/\/districos.standingout.be\/fr\/wp-json\/wp\/v2\/product_cat?post=141651"},{"taxonomy":"product_tag","embeddable":true,"href":"https:\/\/districos.standingout.be\/fr\/wp-json\/wp\/v2\/product_tag?post=141651"}],"curies":[{"name":"wp","href":"https:\/\/api.w.org\/{rel}","templated":true}]}}