{"id":141743,"date":"2026-04-28T13:03:57","date_gmt":"2026-04-28T11:03:57","guid":{"rendered":"https:\/\/webshopdistricoscom.webhosting.be\/product\/busch-trepan-sans-dents-225rs-023-ref-8867-461\/"},"modified":"2026-04-28T13:04:02","modified_gmt":"2026-04-28T11:04:02","slug":"busch-trepan-sans-dents-225rs-023-ref-8867-461","status":"publish","type":"product","link":"https:\/\/districos.standingout.be\/fr\/product\/busch-trepan-sans-dents-225rs-023-ref-8867-461\/","title":{"rendered":"Busch Tr\u00e9pan (sans dents) 225RS\/023"},"content":{"rendered":"<p >\n<p dir=ltr>Diam\u00e8tre : 023<\/p>\n<p> +\/- 5.000 &#8211; 16.000 tpm <\/p>\n<p> Fraise allong\u00e9e en acier inoxydable avec une cavit\u00e9 au milieu qui assure un refroidissement optimal et facilite le nettoyage de la t\u00eate de fraisage. Cette fraise est utilis\u00e9e pour enlever des callosit\u00e9s (par exemple entre les orteils et sur la plante du pied) ou des callosit\u00e9s.<\/p>\n<p> Utilisation \u00e0 basse vitesse (max. 16.000 t\/min).<\/p><\/p>\n","protected":false},"excerpt":{"rendered":"<p>Diam\u00e8tre : 023 +\/- 5.000 &#8211; 16.000 tpm Fraise allong\u00e9e en acier inoxydable avec une cavit\u00e9 au milieu qui assure un refroidissement optimal et facilite le nettoyage de la t\u00eate de fraisage. Cette fraise est utilis\u00e9e pour enlever des callosit\u00e9s (par exemple entre les orteils et sur la plante du pied) ou des callosit\u00e9s. Utilisation [&hellip;]<\/p>\n","protected":false},"featured_media":84218,"comment_status":"open","ping_status":"closed","template":"","meta":{"_acf_changed":false},"product_brand":[10322],"product_cat":[10014,10016,9942,10273],"product_tag":[],"class_list":{"0":"post-141743","1":"product","2":"type-product","3":"status-publish","4":"has-post-thumbnail","6":"product_brand-busch-fr","7":"product_cat-soins-des-pieds-podologie-fraises-callosites","8":"product_cat-soins-des-pieds-podologie-fraises-cors","9":"product_cat-beaute-pedicure-fraises","10":"product_cat-soins-des-pieds-podologie-fraises-toutes-les-fraises","12":"first","13":"instock","14":"taxable","15":"shipping-taxable","16":"product-type-simple"},"acf":[],"yoast_head":"<!-- This site is optimized with the Yoast SEO plugin v27.3 - https:\/\/yoast.com\/product\/yoast-seo-wordpress\/ -->\n<title>Busch Tr\u00e9pan (sans dents) 225RS\/023 - Districos Webshop<\/title>\n<meta name=\"robots\" content=\"noindex, follow, max-snippet:-1, max-image-preview:large, max-video-preview:-1\" \/>\n<meta property=\"og:locale\" content=\"fr_FR\" \/>\n<meta property=\"og:type\" content=\"article\" \/>\n<meta property=\"og:title\" content=\"Busch Tr\u00e9pan (sans dents) 225RS\/023 - Districos Webshop\" \/>\n<meta property=\"og:description\" content=\"Diam\u00e8tre : 023 +\/- 5.000 &#8211; 16.000 tpm Fraise allong\u00e9e en acier inoxydable avec une cavit\u00e9 au milieu qui assure un refroidissement optimal et facilite le nettoyage de la t\u00eate de fraisage. Cette fraise est utilis\u00e9e pour enlever des callosit\u00e9s (par exemple entre les orteils et sur la plante du pied) ou des callosit\u00e9s. Utilisation [&hellip;]\" \/>\n<meta property=\"og:url\" content=\"https:\/\/districos.standingout.be\/fr\/product\/busch-trepan-sans-dents-225rs-023-ref-8867-461\/\" \/>\n<meta property=\"og:site_name\" content=\"Districos Webshop\" \/>\n<meta property=\"article:modified_time\" content=\"2026-04-28T11:04:02+00:00\" \/>\n<meta name=\"twitter:card\" content=\"summary_large_image\" \/>\n<script type=\"application\/ld+json\" class=\"yoast-schema-graph\">{\"@context\":\"https:\\\/\\\/schema.org\",\"@graph\":[{\"@type\":\"WebPage\",\"@id\":\"https:\\\/\\\/districos.standingout.be\\\/fr\\\/product\\\/busch-trepan-sans-dents-225rs-023-ref-8867-461\\\/\",\"url\":\"https:\\\/\\\/districos.standingout.be\\\/fr\\\/product\\\/busch-trepan-sans-dents-225rs-023-ref-8867-461\\\/\",\"name\":\"Busch Tr\u00e9pan (sans dents) 225RS\\\/023 - Districos Webshop\",\"isPartOf\":{\"@id\":\"https:\\\/\\\/districos.standingout.be\\\/fr\\\/#website\"},\"primaryImageOfPage\":{\"@id\":\"https:\\\/\\\/districos.standingout.be\\\/fr\\\/product\\\/busch-trepan-sans-dents-225rs-023-ref-8867-461\\\/#primaryimage\"},\"image\":{\"@id\":\"https:\\\/\\\/districos.standingout.be\\\/fr\\\/product\\\/busch-trepan-sans-dents-225rs-023-ref-8867-461\\\/#primaryimage\"},\"thumbnailUrl\":\"https:\\\/\\\/districos.standingout.be\\\/wp-content\\\/uploads\\\/2025\\\/07\\\/8867.461@LowRes_0.png\",\"datePublished\":\"2026-04-28T11:03:57+00:00\",\"dateModified\":\"2026-04-28T11:04:02+00:00\",\"breadcrumb\":{\"@id\":\"https:\\\/\\\/districos.standingout.be\\\/fr\\\/product\\\/busch-trepan-sans-dents-225rs-023-ref-8867-461\\\/#breadcrumb\"},\"inLanguage\":\"fr-FR\",\"potentialAction\":[{\"@type\":\"ReadAction\",\"target\":[\"https:\\\/\\\/districos.standingout.be\\\/fr\\\/product\\\/busch-trepan-sans-dents-225rs-023-ref-8867-461\\\/\"]}]},{\"@type\":\"ImageObject\",\"inLanguage\":\"fr-FR\",\"@id\":\"https:\\\/\\\/districos.standingout.be\\\/fr\\\/product\\\/busch-trepan-sans-dents-225rs-023-ref-8867-461\\\/#primaryimage\",\"url\":\"https:\\\/\\\/districos.standingout.be\\\/wp-content\\\/uploads\\\/2025\\\/07\\\/8867.461@LowRes_0.png\",\"contentUrl\":\"https:\\\/\\\/districos.standingout.be\\\/wp-content\\\/uploads\\\/2025\\\/07\\\/8867.461@LowRes_0.png\",\"width\":600,\"height\":600},{\"@type\":\"BreadcrumbList\",\"@id\":\"https:\\\/\\\/districos.standingout.be\\\/fr\\\/product\\\/busch-trepan-sans-dents-225rs-023-ref-8867-461\\\/#breadcrumb\",\"itemListElement\":[{\"@type\":\"ListItem\",\"position\":1,\"name\":\"Home\",\"item\":\"https:\\\/\\\/districos.standingout.be\\\/fr\\\/bienvenue-chez-districos\\\/\"},{\"@type\":\"ListItem\",\"position\":2,\"name\":\"Boutique\",\"item\":\"https:\\\/\\\/districos.standingout.be\\\/fr\\\/boutique\\\/\"},{\"@type\":\"ListItem\",\"position\":3,\"name\":\"Busch Tr\u00e9pan (sans dents) 225RS\\\/023\"}]},{\"@type\":\"WebSite\",\"@id\":\"https:\\\/\\\/districos.standingout.be\\\/fr\\\/#website\",\"url\":\"https:\\\/\\\/districos.standingout.be\\\/fr\\\/\",\"name\":\"Districos Webshop\",\"description\":\"\",\"publisher\":{\"@id\":\"https:\\\/\\\/districos.standingout.be\\\/fr\\\/#organization\"},\"potentialAction\":[{\"@type\":\"SearchAction\",\"target\":{\"@type\":\"EntryPoint\",\"urlTemplate\":\"https:\\\/\\\/districos.standingout.be\\\/fr\\\/?s={search_term_string}\"},\"query-input\":{\"@type\":\"PropertyValueSpecification\",\"valueRequired\":true,\"valueName\":\"search_term_string\"}}],\"inLanguage\":\"fr-FR\"},{\"@type\":\"Organization\",\"@id\":\"https:\\\/\\\/districos.standingout.be\\\/fr\\\/#organization\",\"name\":\"Districos Webshop\",\"url\":\"https:\\\/\\\/districos.standingout.be\\\/fr\\\/\",\"logo\":{\"@type\":\"ImageObject\",\"inLanguage\":\"fr-FR\",\"@id\":\"https:\\\/\\\/districos.standingout.be\\\/fr\\\/#\\\/schema\\\/logo\\\/image\\\/\",\"url\":\"https:\\\/\\\/districos.standingout.be\\\/wp-content\\\/uploads\\\/2022\\\/09\\\/Districos_Logo_Webshop.svg\",\"contentUrl\":\"https:\\\/\\\/districos.standingout.be\\\/wp-content\\\/uploads\\\/2022\\\/09\\\/Districos_Logo_Webshop.svg\",\"caption\":\"Districos Webshop\"},\"image\":{\"@id\":\"https:\\\/\\\/districos.standingout.be\\\/fr\\\/#\\\/schema\\\/logo\\\/image\\\/\"}}]}<\/script>\n<!-- \/ Yoast SEO plugin. -->","yoast_head_json":{"title":"Busch Tr\u00e9pan (sans dents) 225RS\/023 - Districos Webshop","robots":{"index":"noindex","follow":"follow","max-snippet":"max-snippet:-1","max-image-preview":"max-image-preview:large","max-video-preview":"max-video-preview:-1"},"og_locale":"fr_FR","og_type":"article","og_title":"Busch Tr\u00e9pan (sans dents) 225RS\/023 - Districos Webshop","og_description":"Diam\u00e8tre : 023 +\/- 5.000 &#8211; 16.000 tpm Fraise allong\u00e9e en acier inoxydable avec une cavit\u00e9 au milieu qui assure un refroidissement optimal et facilite le nettoyage de la t\u00eate de fraisage. Cette fraise est utilis\u00e9e pour enlever des callosit\u00e9s (par exemple entre les orteils et sur la plante du pied) ou des callosit\u00e9s. Utilisation [&hellip;]","og_url":"https:\/\/districos.standingout.be\/fr\/product\/busch-trepan-sans-dents-225rs-023-ref-8867-461\/","og_site_name":"Districos Webshop","article_modified_time":"2026-04-28T11:04:02+00:00","twitter_card":"summary_large_image","schema":{"@context":"https:\/\/schema.org","@graph":[{"@type":"WebPage","@id":"https:\/\/districos.standingout.be\/fr\/product\/busch-trepan-sans-dents-225rs-023-ref-8867-461\/","url":"https:\/\/districos.standingout.be\/fr\/product\/busch-trepan-sans-dents-225rs-023-ref-8867-461\/","name":"Busch Tr\u00e9pan (sans dents) 225RS\/023 - Districos Webshop","isPartOf":{"@id":"https:\/\/districos.standingout.be\/fr\/#website"},"primaryImageOfPage":{"@id":"https:\/\/districos.standingout.be\/fr\/product\/busch-trepan-sans-dents-225rs-023-ref-8867-461\/#primaryimage"},"image":{"@id":"https:\/\/districos.standingout.be\/fr\/product\/busch-trepan-sans-dents-225rs-023-ref-8867-461\/#primaryimage"},"thumbnailUrl":"https:\/\/districos.standingout.be\/wp-content\/uploads\/2025\/07\/8867.461@LowRes_0.png","datePublished":"2026-04-28T11:03:57+00:00","dateModified":"2026-04-28T11:04:02+00:00","breadcrumb":{"@id":"https:\/\/districos.standingout.be\/fr\/product\/busch-trepan-sans-dents-225rs-023-ref-8867-461\/#breadcrumb"},"inLanguage":"fr-FR","potentialAction":[{"@type":"ReadAction","target":["https:\/\/districos.standingout.be\/fr\/product\/busch-trepan-sans-dents-225rs-023-ref-8867-461\/"]}]},{"@type":"ImageObject","inLanguage":"fr-FR","@id":"https:\/\/districos.standingout.be\/fr\/product\/busch-trepan-sans-dents-225rs-023-ref-8867-461\/#primaryimage","url":"https:\/\/districos.standingout.be\/wp-content\/uploads\/2025\/07\/8867.461@LowRes_0.png","contentUrl":"https:\/\/districos.standingout.be\/wp-content\/uploads\/2025\/07\/8867.461@LowRes_0.png","width":600,"height":600},{"@type":"BreadcrumbList","@id":"https:\/\/districos.standingout.be\/fr\/product\/busch-trepan-sans-dents-225rs-023-ref-8867-461\/#breadcrumb","itemListElement":[{"@type":"ListItem","position":1,"name":"Home","item":"https:\/\/districos.standingout.be\/fr\/bienvenue-chez-districos\/"},{"@type":"ListItem","position":2,"name":"Boutique","item":"https:\/\/districos.standingout.be\/fr\/boutique\/"},{"@type":"ListItem","position":3,"name":"Busch Tr\u00e9pan (sans dents) 225RS\/023"}]},{"@type":"WebSite","@id":"https:\/\/districos.standingout.be\/fr\/#website","url":"https:\/\/districos.standingout.be\/fr\/","name":"Districos Webshop","description":"","publisher":{"@id":"https:\/\/districos.standingout.be\/fr\/#organization"},"potentialAction":[{"@type":"SearchAction","target":{"@type":"EntryPoint","urlTemplate":"https:\/\/districos.standingout.be\/fr\/?s={search_term_string}"},"query-input":{"@type":"PropertyValueSpecification","valueRequired":true,"valueName":"search_term_string"}}],"inLanguage":"fr-FR"},{"@type":"Organization","@id":"https:\/\/districos.standingout.be\/fr\/#organization","name":"Districos Webshop","url":"https:\/\/districos.standingout.be\/fr\/","logo":{"@type":"ImageObject","inLanguage":"fr-FR","@id":"https:\/\/districos.standingout.be\/fr\/#\/schema\/logo\/image\/","url":"https:\/\/districos.standingout.be\/wp-content\/uploads\/2022\/09\/Districos_Logo_Webshop.svg","contentUrl":"https:\/\/districos.standingout.be\/wp-content\/uploads\/2022\/09\/Districos_Logo_Webshop.svg","caption":"Districos Webshop"},"image":{"@id":"https:\/\/districos.standingout.be\/fr\/#\/schema\/logo\/image\/"}}]}},"_links":{"self":[{"href":"https:\/\/districos.standingout.be\/fr\/wp-json\/wp\/v2\/product\/141743","targetHints":{"allow":["GET"]}}],"collection":[{"href":"https:\/\/districos.standingout.be\/fr\/wp-json\/wp\/v2\/product"}],"about":[{"href":"https:\/\/districos.standingout.be\/fr\/wp-json\/wp\/v2\/types\/product"}],"replies":[{"embeddable":true,"href":"https:\/\/districos.standingout.be\/fr\/wp-json\/wp\/v2\/comments?post=141743"}],"wp:featuredmedia":[{"embeddable":true,"href":"https:\/\/districos.standingout.be\/fr\/wp-json\/wp\/v2\/media\/84218"}],"wp:attachment":[{"href":"https:\/\/districos.standingout.be\/fr\/wp-json\/wp\/v2\/media?parent=141743"}],"wp:term":[{"taxonomy":"product_brand","embeddable":true,"href":"https:\/\/districos.standingout.be\/fr\/wp-json\/wp\/v2\/product_brand?post=141743"},{"taxonomy":"product_cat","embeddable":true,"href":"https:\/\/districos.standingout.be\/fr\/wp-json\/wp\/v2\/product_cat?post=141743"},{"taxonomy":"product_tag","embeddable":true,"href":"https:\/\/districos.standingout.be\/fr\/wp-json\/wp\/v2\/product_tag?post=141743"}],"curies":[{"name":"wp","href":"https:\/\/api.w.org\/{rel}","templated":true}]}}