{"id":141753,"date":"2026-04-28T13:04:48","date_gmt":"2026-04-28T11:04:48","guid":{"rendered":"https:\/\/webshopdistricoscom.webhosting.be\/product\/busch-prepolissoir-10mm-9628-100-ref-8867-526\/"},"modified":"2026-04-28T13:04:51","modified_gmt":"2026-04-28T11:04:51","slug":"busch-prepolissoir-10mm-9628-100-ref-8867-526","status":"publish","type":"product","link":"https:\/\/districos.standingout.be\/fr\/product\/busch-prepolissoir-10mm-9628-100-ref-8867-526\/","title":{"rendered":"Busch Pr\u00e9polissoir 10mm 9628\/100"},"content":{"rendered":"<p >\n<\/p>\n<\/p>\n<\/p>\n<\/p>\n<p><span lang=\"FR-BE\">Fraise sp\u00e9cifiquement con\u00e7ue pour le pr\u00e9polissage de l\u2019ongle. Est utilis\u00e9 comme pr\u00e9traitement de l\u2019ongle, avant de polir l\u2019ongle avec le polissoir (r\u00e9f. &nbsp;<\/span><span lang=\"FR-BE\"><a href=\"https:\/\/webshop.districos.com\/ProductDetail\/8867.537\" target=\"_blank\" rel=\"noopener noreferrer nofollow\"><span>8867.537<\/span><\/a><\/span><span lang=\"FR-BE\">).<br \/> <b><br \/><\/b><\/span><\/p>\n<p><span lang=\"FR-BE\"><b>Caract\u00e9ristiques<\/b><\/span><span lang=\"FR-BE\"><o:p><\/o:p><\/span><\/p>\n<ul type=\"disc\">\n<li><span lang=\"FR-BE\">Diam\u00e8tre : 100<\/span><\/li>\n<li><span lang=\"FR-BE\">+\/- 13.000 tpm<\/span><span lang=\"FR-BE\"><o:p><\/o:p><\/span><\/li>\n<\/ul>\n<p><b><span lang=\"FR-BE\">Mode d\u2019emploi<\/span><\/b><span lang=\"FR-BE\"><o:p><\/o:p><\/span><\/p>\n<p><span lang=\"FR-BE\">Pour un r\u00e9sultat optimal, utilisez le pr\u00e9polissoir \u00e0 sec. Utilisez ensuite le polissoir avec un peu d&rsquo;eau ou d&rsquo;huile.<\/span><span lang=\"FR-BE\"><o:p><\/o:p><\/span><\/p>\n<p><b><span lang=\"FR-BE\">Avertissement<\/span><\/b><span lang=\"FR-BE\"><o:p><\/o:p><\/span><\/p>\n<p><span lang=\"FR-BE\">Les fraises en \u00e9meri et les fraises polissoirs ne peuvent pas \u00eatre expos\u00e9es \u00e0 des temp\u00e9ratures extr\u00eames. Par cons\u00e9quent, on ne peut pas les st\u00e9riliser dans un st\u00e9rilisateur \u00e0 billes et\/ou dans un four \u00e0 air chaud.<\/span><span lang=\"FR-BE\"><o:p><\/o:p><\/span><\/p>\n<p><b><span lang=\"FR-BE\">Aussi disponible<\/span><\/b><span lang=\"FR-BE\"><o:p><\/o:p><\/span><\/p>\n<\/p>\n<ul type=\"disc\">\n<li><span lang=\"FR-BE\">Busch Pr\u00e9polissoir 9628\/065 (r\u00e9f.&nbsp;<\/span><span lang=\"FR-BE\"><a href=\"https:\/\/webshop.districos.com\/ProductDetail\/8867.525\" target=\"_blank\" rel=\"noopener noreferrer nofollow\"><span>&nbsp;8867.525<\/span><\/a><\/span><span lang=\"FR-BE\">) (<\/span>Il s&rsquo;agit de la m\u00eame fraise que le mod\u00e8le 8867.526, mais dans une taille plus petite.)<\/li>\n<li><span lang=\"FR-BE\">Busch Polissoir 9624\/065 (r\u00e9f.&nbsp;<\/span><span lang=\"FR-BE\"><a href=\"https:\/\/webshop.districos.com\/ProductDetail\/8867.537\" target=\"_blank\" rel=\"noopener noreferrer nofollow\"><span>&nbsp;8867.537<\/span><\/a><\/span><span lang=\"FR-BE\">)<\/span><span lang=\"FR-BE\"><o:p><\/o:p><\/span><\/li>\n<\/ul>\n<p><font face=\"Verdana\"><span><br \/><\/span><\/font><\/p>\n<ul type=\"disc\">\n<ul type=\"disc\"> <\/ul>\n<\/ul>\n<ul type=\"disc\">\n<ul type=\"disc\"> <\/ul>\n<\/ul>\n","protected":false},"excerpt":{"rendered":"<p>Fraise sp\u00e9cifiquement con\u00e7ue pour le pr\u00e9polissage de l\u2019ongle. Est utilis\u00e9 comme pr\u00e9traitement de l\u2019ongle, avant de polir l\u2019ongle avec le polissoir (r\u00e9f. &nbsp;8867.537). Caract\u00e9ristiques Diam\u00e8tre : 100 +\/- 13.000 tpm Mode d\u2019emploi Pour un r\u00e9sultat optimal, utilisez le pr\u00e9polissoir \u00e0 sec. Utilisez ensuite le polissoir avec un peu d&rsquo;eau ou d&rsquo;huile. Avertissement Les fraises en [&hellip;]<\/p>\n","protected":false},"featured_media":148488,"comment_status":"open","ping_status":"closed","template":"","meta":{"_acf_changed":false},"product_brand":[10322],"product_cat":[9942,10020,10273],"product_tag":[],"class_list":{"0":"post-141753","1":"product","2":"type-product","3":"status-publish","4":"has-post-thumbnail","6":"product_brand-busch-fr","7":"product_cat-beaute-pedicure-fraises","8":"product_cat-soins-des-pieds-podologie-fraises-plaque-ungueale","9":"product_cat-soins-des-pieds-podologie-fraises-toutes-les-fraises","11":"first","12":"instock","13":"taxable","14":"shipping-taxable","15":"product-type-simple"},"acf":[],"yoast_head":"<!-- This site is optimized with the Yoast SEO plugin v27.3 - https:\/\/yoast.com\/product\/yoast-seo-wordpress\/ -->\n<title>Busch Pr\u00e9polissoir 10mm 9628\/100 - Districos Webshop<\/title>\n<meta name=\"robots\" content=\"noindex, follow, max-snippet:-1, max-image-preview:large, max-video-preview:-1\" \/>\n<meta property=\"og:locale\" content=\"fr_FR\" \/>\n<meta property=\"og:type\" content=\"article\" \/>\n<meta property=\"og:title\" content=\"Busch Pr\u00e9polissoir 10mm 9628\/100 - Districos Webshop\" \/>\n<meta property=\"og:description\" content=\"Fraise sp\u00e9cifiquement con\u00e7ue pour le pr\u00e9polissage de l\u2019ongle. Est utilis\u00e9 comme pr\u00e9traitement de l\u2019ongle, avant de polir l\u2019ongle avec le polissoir (r\u00e9f. &nbsp;8867.537). Caract\u00e9ristiques Diam\u00e8tre : 100 +\/- 13.000 tpm Mode d\u2019emploi Pour un r\u00e9sultat optimal, utilisez le pr\u00e9polissoir \u00e0 sec. Utilisez ensuite le polissoir avec un peu d&rsquo;eau ou d&rsquo;huile. Avertissement Les fraises en [&hellip;]\" \/>\n<meta property=\"og:url\" content=\"https:\/\/districos.standingout.be\/fr\/product\/busch-prepolissoir-10mm-9628-100-ref-8867-526\/\" \/>\n<meta property=\"og:site_name\" content=\"Districos Webshop\" \/>\n<meta property=\"article:modified_time\" content=\"2026-04-28T11:04:51+00:00\" \/>\n<meta name=\"twitter:card\" content=\"summary_large_image\" \/>\n<meta name=\"twitter:label1\" content=\"Dur\u00e9e de lecture estim\u00e9e\" \/>\n\t<meta name=\"twitter:data1\" content=\"1 minute\" \/>\n<script type=\"application\/ld+json\" class=\"yoast-schema-graph\">{\"@context\":\"https:\\\/\\\/schema.org\",\"@graph\":[{\"@type\":\"WebPage\",\"@id\":\"https:\\\/\\\/districos.standingout.be\\\/fr\\\/product\\\/busch-prepolissoir-10mm-9628-100-ref-8867-526\\\/\",\"url\":\"https:\\\/\\\/districos.standingout.be\\\/fr\\\/product\\\/busch-prepolissoir-10mm-9628-100-ref-8867-526\\\/\",\"name\":\"Busch Pr\u00e9polissoir 10mm 9628\\\/100 - Districos Webshop\",\"isPartOf\":{\"@id\":\"https:\\\/\\\/districos.standingout.be\\\/fr\\\/#website\"},\"primaryImageOfPage\":{\"@id\":\"https:\\\/\\\/districos.standingout.be\\\/fr\\\/product\\\/busch-prepolissoir-10mm-9628-100-ref-8867-526\\\/#primaryimage\"},\"image\":{\"@id\":\"https:\\\/\\\/districos.standingout.be\\\/fr\\\/product\\\/busch-prepolissoir-10mm-9628-100-ref-8867-526\\\/#primaryimage\"},\"thumbnailUrl\":\"https:\\\/\\\/districos.standingout.be\\\/wp-content\\\/uploads\\\/2026\\\/04\\\/8867.526@Busch-Prepolijster-10mm-9628-100_1.png\",\"datePublished\":\"2026-04-28T11:04:48+00:00\",\"dateModified\":\"2026-04-28T11:04:51+00:00\",\"breadcrumb\":{\"@id\":\"https:\\\/\\\/districos.standingout.be\\\/fr\\\/product\\\/busch-prepolissoir-10mm-9628-100-ref-8867-526\\\/#breadcrumb\"},\"inLanguage\":\"fr-FR\",\"potentialAction\":[{\"@type\":\"ReadAction\",\"target\":[\"https:\\\/\\\/districos.standingout.be\\\/fr\\\/product\\\/busch-prepolissoir-10mm-9628-100-ref-8867-526\\\/\"]}]},{\"@type\":\"ImageObject\",\"inLanguage\":\"fr-FR\",\"@id\":\"https:\\\/\\\/districos.standingout.be\\\/fr\\\/product\\\/busch-prepolissoir-10mm-9628-100-ref-8867-526\\\/#primaryimage\",\"url\":\"https:\\\/\\\/districos.standingout.be\\\/wp-content\\\/uploads\\\/2026\\\/04\\\/8867.526@Busch-Prepolijster-10mm-9628-100_1.png\",\"contentUrl\":\"https:\\\/\\\/districos.standingout.be\\\/wp-content\\\/uploads\\\/2026\\\/04\\\/8867.526@Busch-Prepolijster-10mm-9628-100_1.png\",\"width\":600,\"height\":600},{\"@type\":\"BreadcrumbList\",\"@id\":\"https:\\\/\\\/districos.standingout.be\\\/fr\\\/product\\\/busch-prepolissoir-10mm-9628-100-ref-8867-526\\\/#breadcrumb\",\"itemListElement\":[{\"@type\":\"ListItem\",\"position\":1,\"name\":\"Home\",\"item\":\"https:\\\/\\\/districos.standingout.be\\\/fr\\\/bienvenue-chez-districos\\\/\"},{\"@type\":\"ListItem\",\"position\":2,\"name\":\"Boutique\",\"item\":\"https:\\\/\\\/districos.standingout.be\\\/fr\\\/boutique\\\/\"},{\"@type\":\"ListItem\",\"position\":3,\"name\":\"Busch Pr\u00e9polissoir 10mm 9628\\\/100\"}]},{\"@type\":\"WebSite\",\"@id\":\"https:\\\/\\\/districos.standingout.be\\\/fr\\\/#website\",\"url\":\"https:\\\/\\\/districos.standingout.be\\\/fr\\\/\",\"name\":\"Districos Webshop\",\"description\":\"\",\"publisher\":{\"@id\":\"https:\\\/\\\/districos.standingout.be\\\/fr\\\/#organization\"},\"potentialAction\":[{\"@type\":\"SearchAction\",\"target\":{\"@type\":\"EntryPoint\",\"urlTemplate\":\"https:\\\/\\\/districos.standingout.be\\\/fr\\\/?s={search_term_string}\"},\"query-input\":{\"@type\":\"PropertyValueSpecification\",\"valueRequired\":true,\"valueName\":\"search_term_string\"}}],\"inLanguage\":\"fr-FR\"},{\"@type\":\"Organization\",\"@id\":\"https:\\\/\\\/districos.standingout.be\\\/fr\\\/#organization\",\"name\":\"Districos Webshop\",\"url\":\"https:\\\/\\\/districos.standingout.be\\\/fr\\\/\",\"logo\":{\"@type\":\"ImageObject\",\"inLanguage\":\"fr-FR\",\"@id\":\"https:\\\/\\\/districos.standingout.be\\\/fr\\\/#\\\/schema\\\/logo\\\/image\\\/\",\"url\":\"https:\\\/\\\/districos.standingout.be\\\/wp-content\\\/uploads\\\/2022\\\/09\\\/Districos_Logo_Webshop.svg\",\"contentUrl\":\"https:\\\/\\\/districos.standingout.be\\\/wp-content\\\/uploads\\\/2022\\\/09\\\/Districos_Logo_Webshop.svg\",\"caption\":\"Districos Webshop\"},\"image\":{\"@id\":\"https:\\\/\\\/districos.standingout.be\\\/fr\\\/#\\\/schema\\\/logo\\\/image\\\/\"}}]}<\/script>\n<!-- \/ Yoast SEO plugin. -->","yoast_head_json":{"title":"Busch Pr\u00e9polissoir 10mm 9628\/100 - Districos Webshop","robots":{"index":"noindex","follow":"follow","max-snippet":"max-snippet:-1","max-image-preview":"max-image-preview:large","max-video-preview":"max-video-preview:-1"},"og_locale":"fr_FR","og_type":"article","og_title":"Busch Pr\u00e9polissoir 10mm 9628\/100 - Districos Webshop","og_description":"Fraise sp\u00e9cifiquement con\u00e7ue pour le pr\u00e9polissage de l\u2019ongle. Est utilis\u00e9 comme pr\u00e9traitement de l\u2019ongle, avant de polir l\u2019ongle avec le polissoir (r\u00e9f. &nbsp;8867.537). Caract\u00e9ristiques Diam\u00e8tre : 100 +\/- 13.000 tpm Mode d\u2019emploi Pour un r\u00e9sultat optimal, utilisez le pr\u00e9polissoir \u00e0 sec. Utilisez ensuite le polissoir avec un peu d&rsquo;eau ou d&rsquo;huile. Avertissement Les fraises en [&hellip;]","og_url":"https:\/\/districos.standingout.be\/fr\/product\/busch-prepolissoir-10mm-9628-100-ref-8867-526\/","og_site_name":"Districos Webshop","article_modified_time":"2026-04-28T11:04:51+00:00","twitter_card":"summary_large_image","twitter_misc":{"Dur\u00e9e de lecture estim\u00e9e":"1 minute"},"schema":{"@context":"https:\/\/schema.org","@graph":[{"@type":"WebPage","@id":"https:\/\/districos.standingout.be\/fr\/product\/busch-prepolissoir-10mm-9628-100-ref-8867-526\/","url":"https:\/\/districos.standingout.be\/fr\/product\/busch-prepolissoir-10mm-9628-100-ref-8867-526\/","name":"Busch Pr\u00e9polissoir 10mm 9628\/100 - Districos Webshop","isPartOf":{"@id":"https:\/\/districos.standingout.be\/fr\/#website"},"primaryImageOfPage":{"@id":"https:\/\/districos.standingout.be\/fr\/product\/busch-prepolissoir-10mm-9628-100-ref-8867-526\/#primaryimage"},"image":{"@id":"https:\/\/districos.standingout.be\/fr\/product\/busch-prepolissoir-10mm-9628-100-ref-8867-526\/#primaryimage"},"thumbnailUrl":"https:\/\/districos.standingout.be\/wp-content\/uploads\/2026\/04\/8867.526@Busch-Prepolijster-10mm-9628-100_1.png","datePublished":"2026-04-28T11:04:48+00:00","dateModified":"2026-04-28T11:04:51+00:00","breadcrumb":{"@id":"https:\/\/districos.standingout.be\/fr\/product\/busch-prepolissoir-10mm-9628-100-ref-8867-526\/#breadcrumb"},"inLanguage":"fr-FR","potentialAction":[{"@type":"ReadAction","target":["https:\/\/districos.standingout.be\/fr\/product\/busch-prepolissoir-10mm-9628-100-ref-8867-526\/"]}]},{"@type":"ImageObject","inLanguage":"fr-FR","@id":"https:\/\/districos.standingout.be\/fr\/product\/busch-prepolissoir-10mm-9628-100-ref-8867-526\/#primaryimage","url":"https:\/\/districos.standingout.be\/wp-content\/uploads\/2026\/04\/8867.526@Busch-Prepolijster-10mm-9628-100_1.png","contentUrl":"https:\/\/districos.standingout.be\/wp-content\/uploads\/2026\/04\/8867.526@Busch-Prepolijster-10mm-9628-100_1.png","width":600,"height":600},{"@type":"BreadcrumbList","@id":"https:\/\/districos.standingout.be\/fr\/product\/busch-prepolissoir-10mm-9628-100-ref-8867-526\/#breadcrumb","itemListElement":[{"@type":"ListItem","position":1,"name":"Home","item":"https:\/\/districos.standingout.be\/fr\/bienvenue-chez-districos\/"},{"@type":"ListItem","position":2,"name":"Boutique","item":"https:\/\/districos.standingout.be\/fr\/boutique\/"},{"@type":"ListItem","position":3,"name":"Busch Pr\u00e9polissoir 10mm 9628\/100"}]},{"@type":"WebSite","@id":"https:\/\/districos.standingout.be\/fr\/#website","url":"https:\/\/districos.standingout.be\/fr\/","name":"Districos Webshop","description":"","publisher":{"@id":"https:\/\/districos.standingout.be\/fr\/#organization"},"potentialAction":[{"@type":"SearchAction","target":{"@type":"EntryPoint","urlTemplate":"https:\/\/districos.standingout.be\/fr\/?s={search_term_string}"},"query-input":{"@type":"PropertyValueSpecification","valueRequired":true,"valueName":"search_term_string"}}],"inLanguage":"fr-FR"},{"@type":"Organization","@id":"https:\/\/districos.standingout.be\/fr\/#organization","name":"Districos Webshop","url":"https:\/\/districos.standingout.be\/fr\/","logo":{"@type":"ImageObject","inLanguage":"fr-FR","@id":"https:\/\/districos.standingout.be\/fr\/#\/schema\/logo\/image\/","url":"https:\/\/districos.standingout.be\/wp-content\/uploads\/2022\/09\/Districos_Logo_Webshop.svg","contentUrl":"https:\/\/districos.standingout.be\/wp-content\/uploads\/2022\/09\/Districos_Logo_Webshop.svg","caption":"Districos Webshop"},"image":{"@id":"https:\/\/districos.standingout.be\/fr\/#\/schema\/logo\/image\/"}}]}},"_links":{"self":[{"href":"https:\/\/districos.standingout.be\/fr\/wp-json\/wp\/v2\/product\/141753","targetHints":{"allow":["GET"]}}],"collection":[{"href":"https:\/\/districos.standingout.be\/fr\/wp-json\/wp\/v2\/product"}],"about":[{"href":"https:\/\/districos.standingout.be\/fr\/wp-json\/wp\/v2\/types\/product"}],"replies":[{"embeddable":true,"href":"https:\/\/districos.standingout.be\/fr\/wp-json\/wp\/v2\/comments?post=141753"}],"wp:featuredmedia":[{"embeddable":true,"href":"https:\/\/districos.standingout.be\/fr\/wp-json\/wp\/v2\/media\/148488"}],"wp:attachment":[{"href":"https:\/\/districos.standingout.be\/fr\/wp-json\/wp\/v2\/media?parent=141753"}],"wp:term":[{"taxonomy":"product_brand","embeddable":true,"href":"https:\/\/districos.standingout.be\/fr\/wp-json\/wp\/v2\/product_brand?post=141753"},{"taxonomy":"product_cat","embeddable":true,"href":"https:\/\/districos.standingout.be\/fr\/wp-json\/wp\/v2\/product_cat?post=141753"},{"taxonomy":"product_tag","embeddable":true,"href":"https:\/\/districos.standingout.be\/fr\/wp-json\/wp\/v2\/product_tag?post=141753"}],"curies":[{"name":"wp","href":"https:\/\/api.w.org\/{rel}","templated":true}]}}