{"id":141755,"date":"2026-04-28T13:04:52","date_gmt":"2026-04-28T11:04:52","guid":{"rendered":"https:\/\/webshopdistricoscom.webhosting.be\/product\/busch-polissoir-9624-065-ref-8867-537\/"},"modified":"2026-04-28T13:04:56","modified_gmt":"2026-04-28T11:04:56","slug":"busch-polissoir-9624-065-ref-8867-537","status":"publish","type":"product","link":"https:\/\/districos.standingout.be\/fr\/product\/busch-polissoir-9624-065-ref-8867-537\/","title":{"rendered":"Busch Polissoir 9624\/065"},"content":{"rendered":"<p >\n<p dir=\"ltr\">Fraise sp\u00e9cifiquement con\u00e7ue pour le polissage de l\u2019ongle. Apr\u00e8s que l\u2019ongle ait \u00e9t\u00e9 pr\u00e9par\u00e9 avec le pr\u00e9-polissoir (r\u00e9f. 8867.525 ou r\u00e9f. 8867.387, par exemple) cette fraise est utilis\u00e9e afin d\u2019obtenir un ongle joliment poli. <\/p>\n<p> Pour un r\u00e9sultat optimal, le polissoir est utilis\u00e9 en combinaison avec un peu de liquide ou d\u2019huile pour cuticule pendant le polissage.<\/p>\n<p> ATTENTION : Les fraises \u00e9meri et les polissoirs ne peuvent pas \u00eatre expos\u00e9s \u00e0 des temp\u00e9ratures extr\u00eames. Par cons\u00e9quent, on ne peut pas les st\u00e9rilis\u00e9s dans un st\u00e9rilisateur \u00e0 billes et\/ou \u00e0 air chaud. <\/p>\n<ul> <\/p>\n<li>Diam\u00e8tre : 065<\/li>\n<p> <\/p>\n<li>+\/- 13.000 tpm<\/li>\n<p> <\/ul><\/p>\n","protected":false},"excerpt":{"rendered":"<p>Fraise sp\u00e9cifiquement con\u00e7ue pour le polissage de l\u2019ongle. Apr\u00e8s que l\u2019ongle ait \u00e9t\u00e9 pr\u00e9par\u00e9 avec le pr\u00e9-polissoir (r\u00e9f. 8867.525 ou r\u00e9f. 8867.387, par exemple) cette fraise est utilis\u00e9e afin d\u2019obtenir un ongle joliment poli. Pour un r\u00e9sultat optimal, le polissoir est utilis\u00e9 en combinaison avec un peu de liquide ou d\u2019huile pour cuticule pendant le [&hellip;]<\/p>\n","protected":false},"featured_media":84236,"comment_status":"open","ping_status":"closed","template":"","meta":{"_acf_changed":false},"product_brand":[10322],"product_cat":[9942,10020,10273],"product_tag":[],"class_list":{"0":"post-141755","1":"product","2":"type-product","3":"status-publish","4":"has-post-thumbnail","6":"product_brand-busch-fr","7":"product_cat-beaute-pedicure-fraises","8":"product_cat-soins-des-pieds-podologie-fraises-plaque-ungueale","9":"product_cat-soins-des-pieds-podologie-fraises-toutes-les-fraises","11":"first","12":"instock","13":"taxable","14":"shipping-taxable","15":"product-type-simple"},"acf":[],"yoast_head":"<!-- This site is optimized with the Yoast SEO plugin v27.3 - https:\/\/yoast.com\/product\/yoast-seo-wordpress\/ -->\n<title>Busch Polissoir 9624\/065 - Districos Webshop<\/title>\n<meta name=\"robots\" content=\"noindex, follow, max-snippet:-1, max-image-preview:large, max-video-preview:-1\" \/>\n<meta property=\"og:locale\" content=\"fr_FR\" \/>\n<meta property=\"og:type\" content=\"article\" \/>\n<meta property=\"og:title\" content=\"Busch Polissoir 9624\/065 - Districos Webshop\" \/>\n<meta property=\"og:description\" content=\"Fraise sp\u00e9cifiquement con\u00e7ue pour le polissage de l\u2019ongle. Apr\u00e8s que l\u2019ongle ait \u00e9t\u00e9 pr\u00e9par\u00e9 avec le pr\u00e9-polissoir (r\u00e9f. 8867.525 ou r\u00e9f. 8867.387, par exemple) cette fraise est utilis\u00e9e afin d\u2019obtenir un ongle joliment poli. Pour un r\u00e9sultat optimal, le polissoir est utilis\u00e9 en combinaison avec un peu de liquide ou d\u2019huile pour cuticule pendant le [&hellip;]\" \/>\n<meta property=\"og:url\" content=\"https:\/\/districos.standingout.be\/fr\/product\/busch-polissoir-9624-065-ref-8867-537\/\" \/>\n<meta property=\"og:site_name\" content=\"Districos Webshop\" \/>\n<meta property=\"article:modified_time\" content=\"2026-04-28T11:04:56+00:00\" \/>\n<meta name=\"twitter:card\" content=\"summary_large_image\" \/>\n<meta name=\"twitter:label1\" content=\"Dur\u00e9e de lecture estim\u00e9e\" \/>\n\t<meta name=\"twitter:data1\" content=\"1 minute\" \/>\n<script type=\"application\/ld+json\" class=\"yoast-schema-graph\">{\"@context\":\"https:\\\/\\\/schema.org\",\"@graph\":[{\"@type\":\"WebPage\",\"@id\":\"https:\\\/\\\/districos.standingout.be\\\/fr\\\/product\\\/busch-polissoir-9624-065-ref-8867-537\\\/\",\"url\":\"https:\\\/\\\/districos.standingout.be\\\/fr\\\/product\\\/busch-polissoir-9624-065-ref-8867-537\\\/\",\"name\":\"Busch Polissoir 9624\\\/065 - Districos Webshop\",\"isPartOf\":{\"@id\":\"https:\\\/\\\/districos.standingout.be\\\/fr\\\/#website\"},\"primaryImageOfPage\":{\"@id\":\"https:\\\/\\\/districos.standingout.be\\\/fr\\\/product\\\/busch-polissoir-9624-065-ref-8867-537\\\/#primaryimage\"},\"image\":{\"@id\":\"https:\\\/\\\/districos.standingout.be\\\/fr\\\/product\\\/busch-polissoir-9624-065-ref-8867-537\\\/#primaryimage\"},\"thumbnailUrl\":\"https:\\\/\\\/districos.standingout.be\\\/wp-content\\\/uploads\\\/2025\\\/07\\\/8867.537@LowRes_0.png\",\"datePublished\":\"2026-04-28T11:04:52+00:00\",\"dateModified\":\"2026-04-28T11:04:56+00:00\",\"breadcrumb\":{\"@id\":\"https:\\\/\\\/districos.standingout.be\\\/fr\\\/product\\\/busch-polissoir-9624-065-ref-8867-537\\\/#breadcrumb\"},\"inLanguage\":\"fr-FR\",\"potentialAction\":[{\"@type\":\"ReadAction\",\"target\":[\"https:\\\/\\\/districos.standingout.be\\\/fr\\\/product\\\/busch-polissoir-9624-065-ref-8867-537\\\/\"]}]},{\"@type\":\"ImageObject\",\"inLanguage\":\"fr-FR\",\"@id\":\"https:\\\/\\\/districos.standingout.be\\\/fr\\\/product\\\/busch-polissoir-9624-065-ref-8867-537\\\/#primaryimage\",\"url\":\"https:\\\/\\\/districos.standingout.be\\\/wp-content\\\/uploads\\\/2025\\\/07\\\/8867.537@LowRes_0.png\",\"contentUrl\":\"https:\\\/\\\/districos.standingout.be\\\/wp-content\\\/uploads\\\/2025\\\/07\\\/8867.537@LowRes_0.png\",\"width\":600,\"height\":600},{\"@type\":\"BreadcrumbList\",\"@id\":\"https:\\\/\\\/districos.standingout.be\\\/fr\\\/product\\\/busch-polissoir-9624-065-ref-8867-537\\\/#breadcrumb\",\"itemListElement\":[{\"@type\":\"ListItem\",\"position\":1,\"name\":\"Home\",\"item\":\"https:\\\/\\\/districos.standingout.be\\\/fr\\\/bienvenue-chez-districos\\\/\"},{\"@type\":\"ListItem\",\"position\":2,\"name\":\"Boutique\",\"item\":\"https:\\\/\\\/districos.standingout.be\\\/fr\\\/boutique\\\/\"},{\"@type\":\"ListItem\",\"position\":3,\"name\":\"Busch Polissoir 9624\\\/065\"}]},{\"@type\":\"WebSite\",\"@id\":\"https:\\\/\\\/districos.standingout.be\\\/fr\\\/#website\",\"url\":\"https:\\\/\\\/districos.standingout.be\\\/fr\\\/\",\"name\":\"Districos Webshop\",\"description\":\"\",\"publisher\":{\"@id\":\"https:\\\/\\\/districos.standingout.be\\\/fr\\\/#organization\"},\"potentialAction\":[{\"@type\":\"SearchAction\",\"target\":{\"@type\":\"EntryPoint\",\"urlTemplate\":\"https:\\\/\\\/districos.standingout.be\\\/fr\\\/?s={search_term_string}\"},\"query-input\":{\"@type\":\"PropertyValueSpecification\",\"valueRequired\":true,\"valueName\":\"search_term_string\"}}],\"inLanguage\":\"fr-FR\"},{\"@type\":\"Organization\",\"@id\":\"https:\\\/\\\/districos.standingout.be\\\/fr\\\/#organization\",\"name\":\"Districos Webshop\",\"url\":\"https:\\\/\\\/districos.standingout.be\\\/fr\\\/\",\"logo\":{\"@type\":\"ImageObject\",\"inLanguage\":\"fr-FR\",\"@id\":\"https:\\\/\\\/districos.standingout.be\\\/fr\\\/#\\\/schema\\\/logo\\\/image\\\/\",\"url\":\"https:\\\/\\\/districos.standingout.be\\\/wp-content\\\/uploads\\\/2022\\\/09\\\/Districos_Logo_Webshop.svg\",\"contentUrl\":\"https:\\\/\\\/districos.standingout.be\\\/wp-content\\\/uploads\\\/2022\\\/09\\\/Districos_Logo_Webshop.svg\",\"caption\":\"Districos Webshop\"},\"image\":{\"@id\":\"https:\\\/\\\/districos.standingout.be\\\/fr\\\/#\\\/schema\\\/logo\\\/image\\\/\"}}]}<\/script>\n<!-- \/ Yoast SEO plugin. -->","yoast_head_json":{"title":"Busch Polissoir 9624\/065 - Districos Webshop","robots":{"index":"noindex","follow":"follow","max-snippet":"max-snippet:-1","max-image-preview":"max-image-preview:large","max-video-preview":"max-video-preview:-1"},"og_locale":"fr_FR","og_type":"article","og_title":"Busch Polissoir 9624\/065 - Districos Webshop","og_description":"Fraise sp\u00e9cifiquement con\u00e7ue pour le polissage de l\u2019ongle. Apr\u00e8s que l\u2019ongle ait \u00e9t\u00e9 pr\u00e9par\u00e9 avec le pr\u00e9-polissoir (r\u00e9f. 8867.525 ou r\u00e9f. 8867.387, par exemple) cette fraise est utilis\u00e9e afin d\u2019obtenir un ongle joliment poli. Pour un r\u00e9sultat optimal, le polissoir est utilis\u00e9 en combinaison avec un peu de liquide ou d\u2019huile pour cuticule pendant le [&hellip;]","og_url":"https:\/\/districos.standingout.be\/fr\/product\/busch-polissoir-9624-065-ref-8867-537\/","og_site_name":"Districos Webshop","article_modified_time":"2026-04-28T11:04:56+00:00","twitter_card":"summary_large_image","twitter_misc":{"Dur\u00e9e de lecture estim\u00e9e":"1 minute"},"schema":{"@context":"https:\/\/schema.org","@graph":[{"@type":"WebPage","@id":"https:\/\/districos.standingout.be\/fr\/product\/busch-polissoir-9624-065-ref-8867-537\/","url":"https:\/\/districos.standingout.be\/fr\/product\/busch-polissoir-9624-065-ref-8867-537\/","name":"Busch Polissoir 9624\/065 - Districos Webshop","isPartOf":{"@id":"https:\/\/districos.standingout.be\/fr\/#website"},"primaryImageOfPage":{"@id":"https:\/\/districos.standingout.be\/fr\/product\/busch-polissoir-9624-065-ref-8867-537\/#primaryimage"},"image":{"@id":"https:\/\/districos.standingout.be\/fr\/product\/busch-polissoir-9624-065-ref-8867-537\/#primaryimage"},"thumbnailUrl":"https:\/\/districos.standingout.be\/wp-content\/uploads\/2025\/07\/8867.537@LowRes_0.png","datePublished":"2026-04-28T11:04:52+00:00","dateModified":"2026-04-28T11:04:56+00:00","breadcrumb":{"@id":"https:\/\/districos.standingout.be\/fr\/product\/busch-polissoir-9624-065-ref-8867-537\/#breadcrumb"},"inLanguage":"fr-FR","potentialAction":[{"@type":"ReadAction","target":["https:\/\/districos.standingout.be\/fr\/product\/busch-polissoir-9624-065-ref-8867-537\/"]}]},{"@type":"ImageObject","inLanguage":"fr-FR","@id":"https:\/\/districos.standingout.be\/fr\/product\/busch-polissoir-9624-065-ref-8867-537\/#primaryimage","url":"https:\/\/districos.standingout.be\/wp-content\/uploads\/2025\/07\/8867.537@LowRes_0.png","contentUrl":"https:\/\/districos.standingout.be\/wp-content\/uploads\/2025\/07\/8867.537@LowRes_0.png","width":600,"height":600},{"@type":"BreadcrumbList","@id":"https:\/\/districos.standingout.be\/fr\/product\/busch-polissoir-9624-065-ref-8867-537\/#breadcrumb","itemListElement":[{"@type":"ListItem","position":1,"name":"Home","item":"https:\/\/districos.standingout.be\/fr\/bienvenue-chez-districos\/"},{"@type":"ListItem","position":2,"name":"Boutique","item":"https:\/\/districos.standingout.be\/fr\/boutique\/"},{"@type":"ListItem","position":3,"name":"Busch Polissoir 9624\/065"}]},{"@type":"WebSite","@id":"https:\/\/districos.standingout.be\/fr\/#website","url":"https:\/\/districos.standingout.be\/fr\/","name":"Districos Webshop","description":"","publisher":{"@id":"https:\/\/districos.standingout.be\/fr\/#organization"},"potentialAction":[{"@type":"SearchAction","target":{"@type":"EntryPoint","urlTemplate":"https:\/\/districos.standingout.be\/fr\/?s={search_term_string}"},"query-input":{"@type":"PropertyValueSpecification","valueRequired":true,"valueName":"search_term_string"}}],"inLanguage":"fr-FR"},{"@type":"Organization","@id":"https:\/\/districos.standingout.be\/fr\/#organization","name":"Districos Webshop","url":"https:\/\/districos.standingout.be\/fr\/","logo":{"@type":"ImageObject","inLanguage":"fr-FR","@id":"https:\/\/districos.standingout.be\/fr\/#\/schema\/logo\/image\/","url":"https:\/\/districos.standingout.be\/wp-content\/uploads\/2022\/09\/Districos_Logo_Webshop.svg","contentUrl":"https:\/\/districos.standingout.be\/wp-content\/uploads\/2022\/09\/Districos_Logo_Webshop.svg","caption":"Districos Webshop"},"image":{"@id":"https:\/\/districos.standingout.be\/fr\/#\/schema\/logo\/image\/"}}]}},"_links":{"self":[{"href":"https:\/\/districos.standingout.be\/fr\/wp-json\/wp\/v2\/product\/141755","targetHints":{"allow":["GET"]}}],"collection":[{"href":"https:\/\/districos.standingout.be\/fr\/wp-json\/wp\/v2\/product"}],"about":[{"href":"https:\/\/districos.standingout.be\/fr\/wp-json\/wp\/v2\/types\/product"}],"replies":[{"embeddable":true,"href":"https:\/\/districos.standingout.be\/fr\/wp-json\/wp\/v2\/comments?post=141755"}],"wp:featuredmedia":[{"embeddable":true,"href":"https:\/\/districos.standingout.be\/fr\/wp-json\/wp\/v2\/media\/84236"}],"wp:attachment":[{"href":"https:\/\/districos.standingout.be\/fr\/wp-json\/wp\/v2\/media?parent=141755"}],"wp:term":[{"taxonomy":"product_brand","embeddable":true,"href":"https:\/\/districos.standingout.be\/fr\/wp-json\/wp\/v2\/product_brand?post=141755"},{"taxonomy":"product_cat","embeddable":true,"href":"https:\/\/districos.standingout.be\/fr\/wp-json\/wp\/v2\/product_cat?post=141755"},{"taxonomy":"product_tag","embeddable":true,"href":"https:\/\/districos.standingout.be\/fr\/wp-json\/wp\/v2\/product_tag?post=141755"}],"curies":[{"name":"wp","href":"https:\/\/api.w.org\/{rel}","templated":true}]}}