{"id":141787,"date":"2026-04-28T13:06:24","date_gmt":"2026-04-28T11:06:24","guid":{"rendered":"https:\/\/webshopdistricoscom.webhosting.be\/product\/busch-carbure-coupe-x-grosse-poire-droite-424gx-060-ref-8867-640\/"},"modified":"2026-04-28T13:06:29","modified_gmt":"2026-04-28T11:06:29","slug":"busch-carbure-coupe-x-grosse-poire-droite-424gx-060-ref-8867-640","status":"publish","type":"product","link":"https:\/\/districos.standingout.be\/fr\/product\/busch-carbure-coupe-x-grosse-poire-droite-424gx-060-ref-8867-640\/","title":{"rendered":"Busch Carbure Coupe X Grosse Poire Droite 424GX\/060"},"content":{"rendered":"<p >\n<p dir=ltr>Cette fraise est sp\u00e9cifiquement utilis\u00e9e pour enlever ou traiter des ongles durs et \u00e9paissis.<\/p>\n<p> <b>G\u00e9n\u00e9ralit\u00e9s :<\/b><\/p>\n<p> Carbure de Tungst\u00e8ne, carbure ou parfois appel\u00e9e fraise en Tungst\u00e8ne, ces fraises sont principalement employ\u00e9es pour le traitement des ongles naturels ou en gel.<br \/> Ces fraises coupe-X ne sont pas dentel\u00e9es et elles sont employ\u00e9es pour enlever ou traiter de gros ongles \u00e9pais.&nbsp;<b>4 diff\u00e9rentes rugosit\u00e9s sont disponibles :<\/b> <\/p>\n<ul> <\/p>\n<li>Coupe-SGX : coupe-X tr\u00e8s rugueuse pour une plaque ungu\u00e9ale tr\u00e8s dure et \u00e9paisse<\/li>\n<p> <\/p>\n<li>Coupe-GX : coupe-X rugueuse pour une plaque ungu\u00e9ale dure et \u00e9paisse<\/li>\n<p> <\/p>\n<li>Coupe-X : coupe-X medium pour le traitement des contours d\u2019une plaque ungu\u00e9ale dure et \u00e9paisse<\/li>\n<p> <\/p>\n<li>Coupe-FX : coupe-FX fine pour le traitement d\u00e9licat de la plaque ungu\u00e9ale avant le polissage<\/li>\n<p> <\/ul>\n<p> <\/p>\n<ul> <\/ul>\n<ul> <\/p>\n<li>Diam\u00e8tre : 060<\/li>\n<p> <\/p>\n<li>+\/-15.000 tpm<\/li>\n<p> <\/ul><\/p>\n","protected":false},"excerpt":{"rendered":"<p>Cette fraise est sp\u00e9cifiquement utilis\u00e9e pour enlever ou traiter des ongles durs et \u00e9paissis. G\u00e9n\u00e9ralit\u00e9s : Carbure de Tungst\u00e8ne, carbure ou parfois appel\u00e9e fraise en Tungst\u00e8ne, ces fraises sont principalement employ\u00e9es pour le traitement des ongles naturels ou en gel. Ces fraises coupe-X ne sont pas dentel\u00e9es et elles sont employ\u00e9es pour enlever ou traiter [&hellip;]<\/p>\n","protected":false},"featured_media":84284,"comment_status":"open","ping_status":"closed","template":"","meta":{"_acf_changed":false},"product_brand":[10322],"product_cat":[9942,10022,10273],"product_tag":[],"class_list":{"0":"post-141787","1":"product","2":"type-product","3":"status-publish","4":"has-post-thumbnail","6":"product_brand-busch-fr","7":"product_cat-beaute-pedicure-fraises","8":"product_cat-soins-des-pieds-podologie-fraises-ongle-epaissi","9":"product_cat-soins-des-pieds-podologie-fraises-toutes-les-fraises","11":"first","12":"instock","13":"taxable","14":"shipping-taxable","15":"product-type-simple"},"acf":[],"yoast_head":"<!-- This site is optimized with the Yoast SEO plugin v27.3 - https:\/\/yoast.com\/product\/yoast-seo-wordpress\/ -->\n<title>Busch Carbure Coupe X Grosse Poire Droite 424GX\/060 - Districos Webshop<\/title>\n<meta name=\"robots\" content=\"noindex, follow, max-snippet:-1, max-image-preview:large, max-video-preview:-1\" \/>\n<meta property=\"og:locale\" content=\"fr_FR\" \/>\n<meta property=\"og:type\" content=\"article\" \/>\n<meta property=\"og:title\" content=\"Busch Carbure Coupe X Grosse Poire Droite 424GX\/060 - Districos Webshop\" \/>\n<meta property=\"og:description\" content=\"Cette fraise est sp\u00e9cifiquement utilis\u00e9e pour enlever ou traiter des ongles durs et \u00e9paissis. G\u00e9n\u00e9ralit\u00e9s : Carbure de Tungst\u00e8ne, carbure ou parfois appel\u00e9e fraise en Tungst\u00e8ne, ces fraises sont principalement employ\u00e9es pour le traitement des ongles naturels ou en gel. Ces fraises coupe-X ne sont pas dentel\u00e9es et elles sont employ\u00e9es pour enlever ou traiter [&hellip;]\" \/>\n<meta property=\"og:url\" content=\"https:\/\/districos.standingout.be\/fr\/product\/busch-carbure-coupe-x-grosse-poire-droite-424gx-060-ref-8867-640\/\" \/>\n<meta property=\"og:site_name\" content=\"Districos Webshop\" \/>\n<meta property=\"article:modified_time\" content=\"2026-04-28T11:06:29+00:00\" \/>\n<meta name=\"twitter:card\" content=\"summary_large_image\" \/>\n<meta name=\"twitter:label1\" content=\"Dur\u00e9e de lecture estim\u00e9e\" \/>\n\t<meta name=\"twitter:data1\" content=\"1 minute\" \/>\n<script type=\"application\/ld+json\" class=\"yoast-schema-graph\">{\"@context\":\"https:\\\/\\\/schema.org\",\"@graph\":[{\"@type\":\"WebPage\",\"@id\":\"https:\\\/\\\/districos.standingout.be\\\/fr\\\/product\\\/busch-carbure-coupe-x-grosse-poire-droite-424gx-060-ref-8867-640\\\/\",\"url\":\"https:\\\/\\\/districos.standingout.be\\\/fr\\\/product\\\/busch-carbure-coupe-x-grosse-poire-droite-424gx-060-ref-8867-640\\\/\",\"name\":\"Busch Carbure Coupe X Grosse Poire Droite 424GX\\\/060 - Districos Webshop\",\"isPartOf\":{\"@id\":\"https:\\\/\\\/districos.standingout.be\\\/fr\\\/#website\"},\"primaryImageOfPage\":{\"@id\":\"https:\\\/\\\/districos.standingout.be\\\/fr\\\/product\\\/busch-carbure-coupe-x-grosse-poire-droite-424gx-060-ref-8867-640\\\/#primaryimage\"},\"image\":{\"@id\":\"https:\\\/\\\/districos.standingout.be\\\/fr\\\/product\\\/busch-carbure-coupe-x-grosse-poire-droite-424gx-060-ref-8867-640\\\/#primaryimage\"},\"thumbnailUrl\":\"https:\\\/\\\/districos.standingout.be\\\/wp-content\\\/uploads\\\/2025\\\/07\\\/8867.640@LowRes_0.png\",\"datePublished\":\"2026-04-28T11:06:24+00:00\",\"dateModified\":\"2026-04-28T11:06:29+00:00\",\"breadcrumb\":{\"@id\":\"https:\\\/\\\/districos.standingout.be\\\/fr\\\/product\\\/busch-carbure-coupe-x-grosse-poire-droite-424gx-060-ref-8867-640\\\/#breadcrumb\"},\"inLanguage\":\"fr-FR\",\"potentialAction\":[{\"@type\":\"ReadAction\",\"target\":[\"https:\\\/\\\/districos.standingout.be\\\/fr\\\/product\\\/busch-carbure-coupe-x-grosse-poire-droite-424gx-060-ref-8867-640\\\/\"]}]},{\"@type\":\"ImageObject\",\"inLanguage\":\"fr-FR\",\"@id\":\"https:\\\/\\\/districos.standingout.be\\\/fr\\\/product\\\/busch-carbure-coupe-x-grosse-poire-droite-424gx-060-ref-8867-640\\\/#primaryimage\",\"url\":\"https:\\\/\\\/districos.standingout.be\\\/wp-content\\\/uploads\\\/2025\\\/07\\\/8867.640@LowRes_0.png\",\"contentUrl\":\"https:\\\/\\\/districos.standingout.be\\\/wp-content\\\/uploads\\\/2025\\\/07\\\/8867.640@LowRes_0.png\",\"width\":600,\"height\":600},{\"@type\":\"BreadcrumbList\",\"@id\":\"https:\\\/\\\/districos.standingout.be\\\/fr\\\/product\\\/busch-carbure-coupe-x-grosse-poire-droite-424gx-060-ref-8867-640\\\/#breadcrumb\",\"itemListElement\":[{\"@type\":\"ListItem\",\"position\":1,\"name\":\"Home\",\"item\":\"https:\\\/\\\/districos.standingout.be\\\/fr\\\/bienvenue-chez-districos\\\/\"},{\"@type\":\"ListItem\",\"position\":2,\"name\":\"Boutique\",\"item\":\"https:\\\/\\\/districos.standingout.be\\\/fr\\\/boutique\\\/\"},{\"@type\":\"ListItem\",\"position\":3,\"name\":\"Busch Carbure Coupe X Grosse Poire Droite 424GX\\\/060\"}]},{\"@type\":\"WebSite\",\"@id\":\"https:\\\/\\\/districos.standingout.be\\\/fr\\\/#website\",\"url\":\"https:\\\/\\\/districos.standingout.be\\\/fr\\\/\",\"name\":\"Districos Webshop\",\"description\":\"\",\"publisher\":{\"@id\":\"https:\\\/\\\/districos.standingout.be\\\/fr\\\/#organization\"},\"potentialAction\":[{\"@type\":\"SearchAction\",\"target\":{\"@type\":\"EntryPoint\",\"urlTemplate\":\"https:\\\/\\\/districos.standingout.be\\\/fr\\\/?s={search_term_string}\"},\"query-input\":{\"@type\":\"PropertyValueSpecification\",\"valueRequired\":true,\"valueName\":\"search_term_string\"}}],\"inLanguage\":\"fr-FR\"},{\"@type\":\"Organization\",\"@id\":\"https:\\\/\\\/districos.standingout.be\\\/fr\\\/#organization\",\"name\":\"Districos Webshop\",\"url\":\"https:\\\/\\\/districos.standingout.be\\\/fr\\\/\",\"logo\":{\"@type\":\"ImageObject\",\"inLanguage\":\"fr-FR\",\"@id\":\"https:\\\/\\\/districos.standingout.be\\\/fr\\\/#\\\/schema\\\/logo\\\/image\\\/\",\"url\":\"https:\\\/\\\/districos.standingout.be\\\/wp-content\\\/uploads\\\/2022\\\/09\\\/Districos_Logo_Webshop.svg\",\"contentUrl\":\"https:\\\/\\\/districos.standingout.be\\\/wp-content\\\/uploads\\\/2022\\\/09\\\/Districos_Logo_Webshop.svg\",\"caption\":\"Districos Webshop\"},\"image\":{\"@id\":\"https:\\\/\\\/districos.standingout.be\\\/fr\\\/#\\\/schema\\\/logo\\\/image\\\/\"}}]}<\/script>\n<!-- \/ Yoast SEO plugin. -->","yoast_head_json":{"title":"Busch Carbure Coupe X Grosse Poire Droite 424GX\/060 - Districos Webshop","robots":{"index":"noindex","follow":"follow","max-snippet":"max-snippet:-1","max-image-preview":"max-image-preview:large","max-video-preview":"max-video-preview:-1"},"og_locale":"fr_FR","og_type":"article","og_title":"Busch Carbure Coupe X Grosse Poire Droite 424GX\/060 - Districos Webshop","og_description":"Cette fraise est sp\u00e9cifiquement utilis\u00e9e pour enlever ou traiter des ongles durs et \u00e9paissis. G\u00e9n\u00e9ralit\u00e9s : Carbure de Tungst\u00e8ne, carbure ou parfois appel\u00e9e fraise en Tungst\u00e8ne, ces fraises sont principalement employ\u00e9es pour le traitement des ongles naturels ou en gel. Ces fraises coupe-X ne sont pas dentel\u00e9es et elles sont employ\u00e9es pour enlever ou traiter [&hellip;]","og_url":"https:\/\/districos.standingout.be\/fr\/product\/busch-carbure-coupe-x-grosse-poire-droite-424gx-060-ref-8867-640\/","og_site_name":"Districos Webshop","article_modified_time":"2026-04-28T11:06:29+00:00","twitter_card":"summary_large_image","twitter_misc":{"Dur\u00e9e de lecture estim\u00e9e":"1 minute"},"schema":{"@context":"https:\/\/schema.org","@graph":[{"@type":"WebPage","@id":"https:\/\/districos.standingout.be\/fr\/product\/busch-carbure-coupe-x-grosse-poire-droite-424gx-060-ref-8867-640\/","url":"https:\/\/districos.standingout.be\/fr\/product\/busch-carbure-coupe-x-grosse-poire-droite-424gx-060-ref-8867-640\/","name":"Busch Carbure Coupe X Grosse Poire Droite 424GX\/060 - Districos Webshop","isPartOf":{"@id":"https:\/\/districos.standingout.be\/fr\/#website"},"primaryImageOfPage":{"@id":"https:\/\/districos.standingout.be\/fr\/product\/busch-carbure-coupe-x-grosse-poire-droite-424gx-060-ref-8867-640\/#primaryimage"},"image":{"@id":"https:\/\/districos.standingout.be\/fr\/product\/busch-carbure-coupe-x-grosse-poire-droite-424gx-060-ref-8867-640\/#primaryimage"},"thumbnailUrl":"https:\/\/districos.standingout.be\/wp-content\/uploads\/2025\/07\/8867.640@LowRes_0.png","datePublished":"2026-04-28T11:06:24+00:00","dateModified":"2026-04-28T11:06:29+00:00","breadcrumb":{"@id":"https:\/\/districos.standingout.be\/fr\/product\/busch-carbure-coupe-x-grosse-poire-droite-424gx-060-ref-8867-640\/#breadcrumb"},"inLanguage":"fr-FR","potentialAction":[{"@type":"ReadAction","target":["https:\/\/districos.standingout.be\/fr\/product\/busch-carbure-coupe-x-grosse-poire-droite-424gx-060-ref-8867-640\/"]}]},{"@type":"ImageObject","inLanguage":"fr-FR","@id":"https:\/\/districos.standingout.be\/fr\/product\/busch-carbure-coupe-x-grosse-poire-droite-424gx-060-ref-8867-640\/#primaryimage","url":"https:\/\/districos.standingout.be\/wp-content\/uploads\/2025\/07\/8867.640@LowRes_0.png","contentUrl":"https:\/\/districos.standingout.be\/wp-content\/uploads\/2025\/07\/8867.640@LowRes_0.png","width":600,"height":600},{"@type":"BreadcrumbList","@id":"https:\/\/districos.standingout.be\/fr\/product\/busch-carbure-coupe-x-grosse-poire-droite-424gx-060-ref-8867-640\/#breadcrumb","itemListElement":[{"@type":"ListItem","position":1,"name":"Home","item":"https:\/\/districos.standingout.be\/fr\/bienvenue-chez-districos\/"},{"@type":"ListItem","position":2,"name":"Boutique","item":"https:\/\/districos.standingout.be\/fr\/boutique\/"},{"@type":"ListItem","position":3,"name":"Busch Carbure Coupe X Grosse Poire Droite 424GX\/060"}]},{"@type":"WebSite","@id":"https:\/\/districos.standingout.be\/fr\/#website","url":"https:\/\/districos.standingout.be\/fr\/","name":"Districos Webshop","description":"","publisher":{"@id":"https:\/\/districos.standingout.be\/fr\/#organization"},"potentialAction":[{"@type":"SearchAction","target":{"@type":"EntryPoint","urlTemplate":"https:\/\/districos.standingout.be\/fr\/?s={search_term_string}"},"query-input":{"@type":"PropertyValueSpecification","valueRequired":true,"valueName":"search_term_string"}}],"inLanguage":"fr-FR"},{"@type":"Organization","@id":"https:\/\/districos.standingout.be\/fr\/#organization","name":"Districos Webshop","url":"https:\/\/districos.standingout.be\/fr\/","logo":{"@type":"ImageObject","inLanguage":"fr-FR","@id":"https:\/\/districos.standingout.be\/fr\/#\/schema\/logo\/image\/","url":"https:\/\/districos.standingout.be\/wp-content\/uploads\/2022\/09\/Districos_Logo_Webshop.svg","contentUrl":"https:\/\/districos.standingout.be\/wp-content\/uploads\/2022\/09\/Districos_Logo_Webshop.svg","caption":"Districos Webshop"},"image":{"@id":"https:\/\/districos.standingout.be\/fr\/#\/schema\/logo\/image\/"}}]}},"_links":{"self":[{"href":"https:\/\/districos.standingout.be\/fr\/wp-json\/wp\/v2\/product\/141787","targetHints":{"allow":["GET"]}}],"collection":[{"href":"https:\/\/districos.standingout.be\/fr\/wp-json\/wp\/v2\/product"}],"about":[{"href":"https:\/\/districos.standingout.be\/fr\/wp-json\/wp\/v2\/types\/product"}],"replies":[{"embeddable":true,"href":"https:\/\/districos.standingout.be\/fr\/wp-json\/wp\/v2\/comments?post=141787"}],"wp:featuredmedia":[{"embeddable":true,"href":"https:\/\/districos.standingout.be\/fr\/wp-json\/wp\/v2\/media\/84284"}],"wp:attachment":[{"href":"https:\/\/districos.standingout.be\/fr\/wp-json\/wp\/v2\/media?parent=141787"}],"wp:term":[{"taxonomy":"product_brand","embeddable":true,"href":"https:\/\/districos.standingout.be\/fr\/wp-json\/wp\/v2\/product_brand?post=141787"},{"taxonomy":"product_cat","embeddable":true,"href":"https:\/\/districos.standingout.be\/fr\/wp-json\/wp\/v2\/product_cat?post=141787"},{"taxonomy":"product_tag","embeddable":true,"href":"https:\/\/districos.standingout.be\/fr\/wp-json\/wp\/v2\/product_tag?post=141787"}],"curies":[{"name":"wp","href":"https:\/\/api.w.org\/{rel}","templated":true}]}}