{"id":141815,"date":"2026-04-28T13:08:06","date_gmt":"2026-04-28T11:08:06","guid":{"rendered":"https:\/\/webshopdistricoscom.webhosting.be\/product\/busch-fraise-bombee-carbure-coupe-sxm-grosse-droite-sxm-014-ref-8867-672\/"},"modified":"2026-04-28T13:08:12","modified_gmt":"2026-04-28T11:08:12","slug":"busch-fraise-bombee-carbure-coupe-sxm-grosse-droite-sxm-014-ref-8867-672","status":"publish","type":"product","link":"https:\/\/districos.standingout.be\/fr\/product\/busch-fraise-bombee-carbure-coupe-sxm-grosse-droite-sxm-014-ref-8867-672\/","title":{"rendered":"Busch Fraise Bomb\u00e9e Carbure Coupe SXM Grosse Droite SXM\/014"},"content":{"rendered":"<p >\n<p dir=ltr>Fraise bomb\u00e9e en carbure \u00e0 encoche crois\u00e9e afin d\u2019enlever efficacement et prudemment les cors et l\u2019oeils-de-perdrix. Gr\u00e2ce au col fin et dor\u00e9, elle permet une grande visibilit\u00e9 sur les zones \u00e0 traiter. (max. 30.000 tpm) <\/p>\n<ul> <\/p>\n<li>\u200bDiam\u00e8tre 014 <\/li>\n<p> <\/p>\n<li>+\/- 25.000 tpm <\/li>\n<p> <\/ul><\/p>\n","protected":false},"excerpt":{"rendered":"<p>Fraise bomb\u00e9e en carbure \u00e0 encoche crois\u00e9e afin d\u2019enlever efficacement et prudemment les cors et l\u2019oeils-de-perdrix. Gr\u00e2ce au col fin et dor\u00e9, elle permet une grande visibilit\u00e9 sur les zones \u00e0 traiter. (max. 30.000 tpm) \u200bDiam\u00e8tre 014 +\/- 25.000 tpm<\/p>\n","protected":false},"featured_media":84326,"comment_status":"open","ping_status":"closed","template":"","meta":{"_acf_changed":false},"product_brand":[10322],"product_cat":[10014,10016,9942,10273],"product_tag":[],"class_list":{"0":"post-141815","1":"product","2":"type-product","3":"status-publish","4":"has-post-thumbnail","6":"product_brand-busch-fr","7":"product_cat-soins-des-pieds-podologie-fraises-callosites","8":"product_cat-soins-des-pieds-podologie-fraises-cors","9":"product_cat-beaute-pedicure-fraises","10":"product_cat-soins-des-pieds-podologie-fraises-toutes-les-fraises","12":"first","13":"instock","14":"taxable","15":"shipping-taxable","16":"product-type-simple"},"acf":[],"yoast_head":"<!-- This site is optimized with the Yoast SEO plugin v27.3 - https:\/\/yoast.com\/product\/yoast-seo-wordpress\/ -->\n<title>Busch Fraise Bomb\u00e9e Carbure Coupe SXM Grosse Droite SXM\/014 - Districos Webshop<\/title>\n<meta name=\"robots\" content=\"noindex, follow, max-snippet:-1, max-image-preview:large, max-video-preview:-1\" \/>\n<meta property=\"og:locale\" content=\"fr_FR\" \/>\n<meta property=\"og:type\" content=\"article\" \/>\n<meta property=\"og:title\" content=\"Busch Fraise Bomb\u00e9e Carbure Coupe SXM Grosse Droite SXM\/014 - Districos Webshop\" \/>\n<meta property=\"og:description\" content=\"Fraise bomb\u00e9e en carbure \u00e0 encoche crois\u00e9e afin d\u2019enlever efficacement et prudemment les cors et l\u2019oeils-de-perdrix. Gr\u00e2ce au col fin et dor\u00e9, elle permet une grande visibilit\u00e9 sur les zones \u00e0 traiter. (max. 30.000 tpm) \u200bDiam\u00e8tre 014 +\/- 25.000 tpm\" \/>\n<meta property=\"og:url\" content=\"https:\/\/districos.standingout.be\/fr\/product\/busch-fraise-bombee-carbure-coupe-sxm-grosse-droite-sxm-014-ref-8867-672\/\" \/>\n<meta property=\"og:site_name\" content=\"Districos Webshop\" \/>\n<meta property=\"article:modified_time\" content=\"2026-04-28T11:08:12+00:00\" \/>\n<meta name=\"twitter:card\" content=\"summary_large_image\" \/>\n<script type=\"application\/ld+json\" class=\"yoast-schema-graph\">{\"@context\":\"https:\\\/\\\/schema.org\",\"@graph\":[{\"@type\":\"WebPage\",\"@id\":\"https:\\\/\\\/districos.standingout.be\\\/fr\\\/product\\\/busch-fraise-bombee-carbure-coupe-sxm-grosse-droite-sxm-014-ref-8867-672\\\/\",\"url\":\"https:\\\/\\\/districos.standingout.be\\\/fr\\\/product\\\/busch-fraise-bombee-carbure-coupe-sxm-grosse-droite-sxm-014-ref-8867-672\\\/\",\"name\":\"Busch Fraise Bomb\u00e9e Carbure Coupe SXM Grosse Droite SXM\\\/014 - Districos Webshop\",\"isPartOf\":{\"@id\":\"https:\\\/\\\/districos.standingout.be\\\/fr\\\/#website\"},\"primaryImageOfPage\":{\"@id\":\"https:\\\/\\\/districos.standingout.be\\\/fr\\\/product\\\/busch-fraise-bombee-carbure-coupe-sxm-grosse-droite-sxm-014-ref-8867-672\\\/#primaryimage\"},\"image\":{\"@id\":\"https:\\\/\\\/districos.standingout.be\\\/fr\\\/product\\\/busch-fraise-bombee-carbure-coupe-sxm-grosse-droite-sxm-014-ref-8867-672\\\/#primaryimage\"},\"thumbnailUrl\":\"https:\\\/\\\/districos.standingout.be\\\/wp-content\\\/uploads\\\/2025\\\/07\\\/8867.672@LowRes_0.png\",\"datePublished\":\"2026-04-28T11:08:06+00:00\",\"dateModified\":\"2026-04-28T11:08:12+00:00\",\"breadcrumb\":{\"@id\":\"https:\\\/\\\/districos.standingout.be\\\/fr\\\/product\\\/busch-fraise-bombee-carbure-coupe-sxm-grosse-droite-sxm-014-ref-8867-672\\\/#breadcrumb\"},\"inLanguage\":\"fr-FR\",\"potentialAction\":[{\"@type\":\"ReadAction\",\"target\":[\"https:\\\/\\\/districos.standingout.be\\\/fr\\\/product\\\/busch-fraise-bombee-carbure-coupe-sxm-grosse-droite-sxm-014-ref-8867-672\\\/\"]}]},{\"@type\":\"ImageObject\",\"inLanguage\":\"fr-FR\",\"@id\":\"https:\\\/\\\/districos.standingout.be\\\/fr\\\/product\\\/busch-fraise-bombee-carbure-coupe-sxm-grosse-droite-sxm-014-ref-8867-672\\\/#primaryimage\",\"url\":\"https:\\\/\\\/districos.standingout.be\\\/wp-content\\\/uploads\\\/2025\\\/07\\\/8867.672@LowRes_0.png\",\"contentUrl\":\"https:\\\/\\\/districos.standingout.be\\\/wp-content\\\/uploads\\\/2025\\\/07\\\/8867.672@LowRes_0.png\",\"width\":600,\"height\":600},{\"@type\":\"BreadcrumbList\",\"@id\":\"https:\\\/\\\/districos.standingout.be\\\/fr\\\/product\\\/busch-fraise-bombee-carbure-coupe-sxm-grosse-droite-sxm-014-ref-8867-672\\\/#breadcrumb\",\"itemListElement\":[{\"@type\":\"ListItem\",\"position\":1,\"name\":\"Home\",\"item\":\"https:\\\/\\\/districos.standingout.be\\\/fr\\\/bienvenue-chez-districos\\\/\"},{\"@type\":\"ListItem\",\"position\":2,\"name\":\"Boutique\",\"item\":\"https:\\\/\\\/districos.standingout.be\\\/fr\\\/boutique\\\/\"},{\"@type\":\"ListItem\",\"position\":3,\"name\":\"Busch Fraise Bomb\u00e9e Carbure Coupe SXM Grosse Droite SXM\\\/014\"}]},{\"@type\":\"WebSite\",\"@id\":\"https:\\\/\\\/districos.standingout.be\\\/fr\\\/#website\",\"url\":\"https:\\\/\\\/districos.standingout.be\\\/fr\\\/\",\"name\":\"Districos Webshop\",\"description\":\"\",\"publisher\":{\"@id\":\"https:\\\/\\\/districos.standingout.be\\\/fr\\\/#organization\"},\"potentialAction\":[{\"@type\":\"SearchAction\",\"target\":{\"@type\":\"EntryPoint\",\"urlTemplate\":\"https:\\\/\\\/districos.standingout.be\\\/fr\\\/?s={search_term_string}\"},\"query-input\":{\"@type\":\"PropertyValueSpecification\",\"valueRequired\":true,\"valueName\":\"search_term_string\"}}],\"inLanguage\":\"fr-FR\"},{\"@type\":\"Organization\",\"@id\":\"https:\\\/\\\/districos.standingout.be\\\/fr\\\/#organization\",\"name\":\"Districos Webshop\",\"url\":\"https:\\\/\\\/districos.standingout.be\\\/fr\\\/\",\"logo\":{\"@type\":\"ImageObject\",\"inLanguage\":\"fr-FR\",\"@id\":\"https:\\\/\\\/districos.standingout.be\\\/fr\\\/#\\\/schema\\\/logo\\\/image\\\/\",\"url\":\"https:\\\/\\\/districos.standingout.be\\\/wp-content\\\/uploads\\\/2022\\\/09\\\/Districos_Logo_Webshop.svg\",\"contentUrl\":\"https:\\\/\\\/districos.standingout.be\\\/wp-content\\\/uploads\\\/2022\\\/09\\\/Districos_Logo_Webshop.svg\",\"caption\":\"Districos Webshop\"},\"image\":{\"@id\":\"https:\\\/\\\/districos.standingout.be\\\/fr\\\/#\\\/schema\\\/logo\\\/image\\\/\"}}]}<\/script>\n<!-- \/ Yoast SEO plugin. -->","yoast_head_json":{"title":"Busch Fraise Bomb\u00e9e Carbure Coupe SXM Grosse Droite SXM\/014 - Districos Webshop","robots":{"index":"noindex","follow":"follow","max-snippet":"max-snippet:-1","max-image-preview":"max-image-preview:large","max-video-preview":"max-video-preview:-1"},"og_locale":"fr_FR","og_type":"article","og_title":"Busch Fraise Bomb\u00e9e Carbure Coupe SXM Grosse Droite SXM\/014 - Districos Webshop","og_description":"Fraise bomb\u00e9e en carbure \u00e0 encoche crois\u00e9e afin d\u2019enlever efficacement et prudemment les cors et l\u2019oeils-de-perdrix. Gr\u00e2ce au col fin et dor\u00e9, elle permet une grande visibilit\u00e9 sur les zones \u00e0 traiter. (max. 30.000 tpm) \u200bDiam\u00e8tre 014 +\/- 25.000 tpm","og_url":"https:\/\/districos.standingout.be\/fr\/product\/busch-fraise-bombee-carbure-coupe-sxm-grosse-droite-sxm-014-ref-8867-672\/","og_site_name":"Districos Webshop","article_modified_time":"2026-04-28T11:08:12+00:00","twitter_card":"summary_large_image","schema":{"@context":"https:\/\/schema.org","@graph":[{"@type":"WebPage","@id":"https:\/\/districos.standingout.be\/fr\/product\/busch-fraise-bombee-carbure-coupe-sxm-grosse-droite-sxm-014-ref-8867-672\/","url":"https:\/\/districos.standingout.be\/fr\/product\/busch-fraise-bombee-carbure-coupe-sxm-grosse-droite-sxm-014-ref-8867-672\/","name":"Busch Fraise Bomb\u00e9e Carbure Coupe SXM Grosse Droite SXM\/014 - Districos Webshop","isPartOf":{"@id":"https:\/\/districos.standingout.be\/fr\/#website"},"primaryImageOfPage":{"@id":"https:\/\/districos.standingout.be\/fr\/product\/busch-fraise-bombee-carbure-coupe-sxm-grosse-droite-sxm-014-ref-8867-672\/#primaryimage"},"image":{"@id":"https:\/\/districos.standingout.be\/fr\/product\/busch-fraise-bombee-carbure-coupe-sxm-grosse-droite-sxm-014-ref-8867-672\/#primaryimage"},"thumbnailUrl":"https:\/\/districos.standingout.be\/wp-content\/uploads\/2025\/07\/8867.672@LowRes_0.png","datePublished":"2026-04-28T11:08:06+00:00","dateModified":"2026-04-28T11:08:12+00:00","breadcrumb":{"@id":"https:\/\/districos.standingout.be\/fr\/product\/busch-fraise-bombee-carbure-coupe-sxm-grosse-droite-sxm-014-ref-8867-672\/#breadcrumb"},"inLanguage":"fr-FR","potentialAction":[{"@type":"ReadAction","target":["https:\/\/districos.standingout.be\/fr\/product\/busch-fraise-bombee-carbure-coupe-sxm-grosse-droite-sxm-014-ref-8867-672\/"]}]},{"@type":"ImageObject","inLanguage":"fr-FR","@id":"https:\/\/districos.standingout.be\/fr\/product\/busch-fraise-bombee-carbure-coupe-sxm-grosse-droite-sxm-014-ref-8867-672\/#primaryimage","url":"https:\/\/districos.standingout.be\/wp-content\/uploads\/2025\/07\/8867.672@LowRes_0.png","contentUrl":"https:\/\/districos.standingout.be\/wp-content\/uploads\/2025\/07\/8867.672@LowRes_0.png","width":600,"height":600},{"@type":"BreadcrumbList","@id":"https:\/\/districos.standingout.be\/fr\/product\/busch-fraise-bombee-carbure-coupe-sxm-grosse-droite-sxm-014-ref-8867-672\/#breadcrumb","itemListElement":[{"@type":"ListItem","position":1,"name":"Home","item":"https:\/\/districos.standingout.be\/fr\/bienvenue-chez-districos\/"},{"@type":"ListItem","position":2,"name":"Boutique","item":"https:\/\/districos.standingout.be\/fr\/boutique\/"},{"@type":"ListItem","position":3,"name":"Busch Fraise Bomb\u00e9e Carbure Coupe SXM Grosse Droite SXM\/014"}]},{"@type":"WebSite","@id":"https:\/\/districos.standingout.be\/fr\/#website","url":"https:\/\/districos.standingout.be\/fr\/","name":"Districos Webshop","description":"","publisher":{"@id":"https:\/\/districos.standingout.be\/fr\/#organization"},"potentialAction":[{"@type":"SearchAction","target":{"@type":"EntryPoint","urlTemplate":"https:\/\/districos.standingout.be\/fr\/?s={search_term_string}"},"query-input":{"@type":"PropertyValueSpecification","valueRequired":true,"valueName":"search_term_string"}}],"inLanguage":"fr-FR"},{"@type":"Organization","@id":"https:\/\/districos.standingout.be\/fr\/#organization","name":"Districos Webshop","url":"https:\/\/districos.standingout.be\/fr\/","logo":{"@type":"ImageObject","inLanguage":"fr-FR","@id":"https:\/\/districos.standingout.be\/fr\/#\/schema\/logo\/image\/","url":"https:\/\/districos.standingout.be\/wp-content\/uploads\/2022\/09\/Districos_Logo_Webshop.svg","contentUrl":"https:\/\/districos.standingout.be\/wp-content\/uploads\/2022\/09\/Districos_Logo_Webshop.svg","caption":"Districos Webshop"},"image":{"@id":"https:\/\/districos.standingout.be\/fr\/#\/schema\/logo\/image\/"}}]}},"_links":{"self":[{"href":"https:\/\/districos.standingout.be\/fr\/wp-json\/wp\/v2\/product\/141815","targetHints":{"allow":["GET"]}}],"collection":[{"href":"https:\/\/districos.standingout.be\/fr\/wp-json\/wp\/v2\/product"}],"about":[{"href":"https:\/\/districos.standingout.be\/fr\/wp-json\/wp\/v2\/types\/product"}],"replies":[{"embeddable":true,"href":"https:\/\/districos.standingout.be\/fr\/wp-json\/wp\/v2\/comments?post=141815"}],"wp:featuredmedia":[{"embeddable":true,"href":"https:\/\/districos.standingout.be\/fr\/wp-json\/wp\/v2\/media\/84326"}],"wp:attachment":[{"href":"https:\/\/districos.standingout.be\/fr\/wp-json\/wp\/v2\/media?parent=141815"}],"wp:term":[{"taxonomy":"product_brand","embeddable":true,"href":"https:\/\/districos.standingout.be\/fr\/wp-json\/wp\/v2\/product_brand?post=141815"},{"taxonomy":"product_cat","embeddable":true,"href":"https:\/\/districos.standingout.be\/fr\/wp-json\/wp\/v2\/product_cat?post=141815"},{"taxonomy":"product_tag","embeddable":true,"href":"https:\/\/districos.standingout.be\/fr\/wp-json\/wp\/v2\/product_tag?post=141815"}],"curies":[{"name":"wp","href":"https:\/\/api.w.org\/{rel}","templated":true}]}}