{"id":141835,"date":"2026-04-28T13:09:07","date_gmt":"2026-04-28T11:09:07","guid":{"rendered":"https:\/\/webshopdistricoscom.webhosting.be\/product\/busch-ceramique-coupe-x-moyenne-marqueur-droite-k433x-016-ref-8867-707\/"},"modified":"2026-04-28T13:09:14","modified_gmt":"2026-04-28T11:09:14","slug":"busch-ceramique-coupe-x-moyenne-marqueur-droite-k433x-016-ref-8867-707","status":"publish","type":"product","link":"https:\/\/districos.standingout.be\/fr\/product\/busch-ceramique-coupe-x-moyenne-marqueur-droite-k433x-016-ref-8867-707\/","title":{"rendered":"Busch C\u00e9ramique Coupe X Moyenne Marqueur Droite K433X\/016"},"content":{"rendered":"<p >\n<p dir=ltr>Coupe X pour le traitement des ongles d\u00e9form\u00e9s et avec mycoses. Ces fraises en c\u00e9ramique sont 25 % plus l\u00e9g\u00e8res. Cela signifie moins de vibrations et de d\u00e9veloppement de chaleur et donc une sensation plus agr\u00e9able pour le patient. De plus, elles offrent une finition lisse et une usure moindre de votre fraiseuse.<\/p>\n<p> Diam\u00e8tre : 016<\/p>\n<p> +\/- 15.000 tpm <\/p><\/p>\n","protected":false},"excerpt":{"rendered":"<p>Coupe X pour le traitement des ongles d\u00e9form\u00e9s et avec mycoses. Ces fraises en c\u00e9ramique sont 25 % plus l\u00e9g\u00e8res. Cela signifie moins de vibrations et de d\u00e9veloppement de chaleur et donc une sensation plus agr\u00e9able pour le patient. De plus, elles offrent une finition lisse et une usure moindre de votre fraiseuse. Diam\u00e8tre : [&hellip;]<\/p>\n","protected":false},"featured_media":84356,"comment_status":"open","ping_status":"closed","template":"","meta":{"_acf_changed":false},"product_brand":[10322],"product_cat":[9942,10020,10273],"product_tag":[],"class_list":{"0":"post-141835","1":"product","2":"type-product","3":"status-publish","4":"has-post-thumbnail","6":"product_brand-busch-fr","7":"product_cat-beaute-pedicure-fraises","8":"product_cat-soins-des-pieds-podologie-fraises-plaque-ungueale","9":"product_cat-soins-des-pieds-podologie-fraises-toutes-les-fraises","11":"first","12":"outofstock","13":"taxable","14":"shipping-taxable","15":"product-type-simple"},"acf":[],"yoast_head":"<!-- This site is optimized with the Yoast SEO plugin v27.3 - https:\/\/yoast.com\/product\/yoast-seo-wordpress\/ -->\n<title>Busch C\u00e9ramique Coupe X Moyenne Marqueur Droite K433X\/016 - Districos Webshop<\/title>\n<meta name=\"robots\" content=\"noindex, follow, max-snippet:-1, max-image-preview:large, max-video-preview:-1\" \/>\n<meta property=\"og:locale\" content=\"fr_FR\" \/>\n<meta property=\"og:type\" content=\"article\" \/>\n<meta property=\"og:title\" content=\"Busch C\u00e9ramique Coupe X Moyenne Marqueur Droite K433X\/016 - Districos Webshop\" \/>\n<meta property=\"og:description\" content=\"Coupe X pour le traitement des ongles d\u00e9form\u00e9s et avec mycoses. Ces fraises en c\u00e9ramique sont 25 % plus l\u00e9g\u00e8res. Cela signifie moins de vibrations et de d\u00e9veloppement de chaleur et donc une sensation plus agr\u00e9able pour le patient. De plus, elles offrent une finition lisse et une usure moindre de votre fraiseuse. Diam\u00e8tre : [&hellip;]\" \/>\n<meta property=\"og:url\" content=\"https:\/\/districos.standingout.be\/fr\/product\/busch-ceramique-coupe-x-moyenne-marqueur-droite-k433x-016-ref-8867-707\/\" \/>\n<meta property=\"og:site_name\" content=\"Districos Webshop\" \/>\n<meta property=\"article:modified_time\" content=\"2026-04-28T11:09:14+00:00\" \/>\n<meta name=\"twitter:card\" content=\"summary_large_image\" \/>\n<script type=\"application\/ld+json\" class=\"yoast-schema-graph\">{\"@context\":\"https:\\\/\\\/schema.org\",\"@graph\":[{\"@type\":\"WebPage\",\"@id\":\"https:\\\/\\\/districos.standingout.be\\\/fr\\\/product\\\/busch-ceramique-coupe-x-moyenne-marqueur-droite-k433x-016-ref-8867-707\\\/\",\"url\":\"https:\\\/\\\/districos.standingout.be\\\/fr\\\/product\\\/busch-ceramique-coupe-x-moyenne-marqueur-droite-k433x-016-ref-8867-707\\\/\",\"name\":\"Busch C\u00e9ramique Coupe X Moyenne Marqueur Droite K433X\\\/016 - Districos Webshop\",\"isPartOf\":{\"@id\":\"https:\\\/\\\/districos.standingout.be\\\/fr\\\/#website\"},\"primaryImageOfPage\":{\"@id\":\"https:\\\/\\\/districos.standingout.be\\\/fr\\\/product\\\/busch-ceramique-coupe-x-moyenne-marqueur-droite-k433x-016-ref-8867-707\\\/#primaryimage\"},\"image\":{\"@id\":\"https:\\\/\\\/districos.standingout.be\\\/fr\\\/product\\\/busch-ceramique-coupe-x-moyenne-marqueur-droite-k433x-016-ref-8867-707\\\/#primaryimage\"},\"thumbnailUrl\":\"https:\\\/\\\/districos.standingout.be\\\/wp-content\\\/uploads\\\/2025\\\/07\\\/8867.707@LowRes_0.png\",\"datePublished\":\"2026-04-28T11:09:07+00:00\",\"dateModified\":\"2026-04-28T11:09:14+00:00\",\"breadcrumb\":{\"@id\":\"https:\\\/\\\/districos.standingout.be\\\/fr\\\/product\\\/busch-ceramique-coupe-x-moyenne-marqueur-droite-k433x-016-ref-8867-707\\\/#breadcrumb\"},\"inLanguage\":\"fr-FR\",\"potentialAction\":[{\"@type\":\"ReadAction\",\"target\":[\"https:\\\/\\\/districos.standingout.be\\\/fr\\\/product\\\/busch-ceramique-coupe-x-moyenne-marqueur-droite-k433x-016-ref-8867-707\\\/\"]}]},{\"@type\":\"ImageObject\",\"inLanguage\":\"fr-FR\",\"@id\":\"https:\\\/\\\/districos.standingout.be\\\/fr\\\/product\\\/busch-ceramique-coupe-x-moyenne-marqueur-droite-k433x-016-ref-8867-707\\\/#primaryimage\",\"url\":\"https:\\\/\\\/districos.standingout.be\\\/wp-content\\\/uploads\\\/2025\\\/07\\\/8867.707@LowRes_0.png\",\"contentUrl\":\"https:\\\/\\\/districos.standingout.be\\\/wp-content\\\/uploads\\\/2025\\\/07\\\/8867.707@LowRes_0.png\",\"width\":600,\"height\":600},{\"@type\":\"BreadcrumbList\",\"@id\":\"https:\\\/\\\/districos.standingout.be\\\/fr\\\/product\\\/busch-ceramique-coupe-x-moyenne-marqueur-droite-k433x-016-ref-8867-707\\\/#breadcrumb\",\"itemListElement\":[{\"@type\":\"ListItem\",\"position\":1,\"name\":\"Home\",\"item\":\"https:\\\/\\\/districos.standingout.be\\\/fr\\\/bienvenue-chez-districos\\\/\"},{\"@type\":\"ListItem\",\"position\":2,\"name\":\"Boutique\",\"item\":\"https:\\\/\\\/districos.standingout.be\\\/fr\\\/boutique\\\/\"},{\"@type\":\"ListItem\",\"position\":3,\"name\":\"Busch C\u00e9ramique Coupe X Moyenne Marqueur Droite K433X\\\/016\"}]},{\"@type\":\"WebSite\",\"@id\":\"https:\\\/\\\/districos.standingout.be\\\/fr\\\/#website\",\"url\":\"https:\\\/\\\/districos.standingout.be\\\/fr\\\/\",\"name\":\"Districos Webshop\",\"description\":\"\",\"publisher\":{\"@id\":\"https:\\\/\\\/districos.standingout.be\\\/fr\\\/#organization\"},\"potentialAction\":[{\"@type\":\"SearchAction\",\"target\":{\"@type\":\"EntryPoint\",\"urlTemplate\":\"https:\\\/\\\/districos.standingout.be\\\/fr\\\/?s={search_term_string}\"},\"query-input\":{\"@type\":\"PropertyValueSpecification\",\"valueRequired\":true,\"valueName\":\"search_term_string\"}}],\"inLanguage\":\"fr-FR\"},{\"@type\":\"Organization\",\"@id\":\"https:\\\/\\\/districos.standingout.be\\\/fr\\\/#organization\",\"name\":\"Districos Webshop\",\"url\":\"https:\\\/\\\/districos.standingout.be\\\/fr\\\/\",\"logo\":{\"@type\":\"ImageObject\",\"inLanguage\":\"fr-FR\",\"@id\":\"https:\\\/\\\/districos.standingout.be\\\/fr\\\/#\\\/schema\\\/logo\\\/image\\\/\",\"url\":\"https:\\\/\\\/districos.standingout.be\\\/wp-content\\\/uploads\\\/2022\\\/09\\\/Districos_Logo_Webshop.svg\",\"contentUrl\":\"https:\\\/\\\/districos.standingout.be\\\/wp-content\\\/uploads\\\/2022\\\/09\\\/Districos_Logo_Webshop.svg\",\"caption\":\"Districos Webshop\"},\"image\":{\"@id\":\"https:\\\/\\\/districos.standingout.be\\\/fr\\\/#\\\/schema\\\/logo\\\/image\\\/\"}}]}<\/script>\n<!-- \/ Yoast SEO plugin. -->","yoast_head_json":{"title":"Busch C\u00e9ramique Coupe X Moyenne Marqueur Droite K433X\/016 - Districos Webshop","robots":{"index":"noindex","follow":"follow","max-snippet":"max-snippet:-1","max-image-preview":"max-image-preview:large","max-video-preview":"max-video-preview:-1"},"og_locale":"fr_FR","og_type":"article","og_title":"Busch C\u00e9ramique Coupe X Moyenne Marqueur Droite K433X\/016 - Districos Webshop","og_description":"Coupe X pour le traitement des ongles d\u00e9form\u00e9s et avec mycoses. Ces fraises en c\u00e9ramique sont 25 % plus l\u00e9g\u00e8res. Cela signifie moins de vibrations et de d\u00e9veloppement de chaleur et donc une sensation plus agr\u00e9able pour le patient. De plus, elles offrent une finition lisse et une usure moindre de votre fraiseuse. Diam\u00e8tre : [&hellip;]","og_url":"https:\/\/districos.standingout.be\/fr\/product\/busch-ceramique-coupe-x-moyenne-marqueur-droite-k433x-016-ref-8867-707\/","og_site_name":"Districos Webshop","article_modified_time":"2026-04-28T11:09:14+00:00","twitter_card":"summary_large_image","schema":{"@context":"https:\/\/schema.org","@graph":[{"@type":"WebPage","@id":"https:\/\/districos.standingout.be\/fr\/product\/busch-ceramique-coupe-x-moyenne-marqueur-droite-k433x-016-ref-8867-707\/","url":"https:\/\/districos.standingout.be\/fr\/product\/busch-ceramique-coupe-x-moyenne-marqueur-droite-k433x-016-ref-8867-707\/","name":"Busch C\u00e9ramique Coupe X Moyenne Marqueur Droite K433X\/016 - Districos Webshop","isPartOf":{"@id":"https:\/\/districos.standingout.be\/fr\/#website"},"primaryImageOfPage":{"@id":"https:\/\/districos.standingout.be\/fr\/product\/busch-ceramique-coupe-x-moyenne-marqueur-droite-k433x-016-ref-8867-707\/#primaryimage"},"image":{"@id":"https:\/\/districos.standingout.be\/fr\/product\/busch-ceramique-coupe-x-moyenne-marqueur-droite-k433x-016-ref-8867-707\/#primaryimage"},"thumbnailUrl":"https:\/\/districos.standingout.be\/wp-content\/uploads\/2025\/07\/8867.707@LowRes_0.png","datePublished":"2026-04-28T11:09:07+00:00","dateModified":"2026-04-28T11:09:14+00:00","breadcrumb":{"@id":"https:\/\/districos.standingout.be\/fr\/product\/busch-ceramique-coupe-x-moyenne-marqueur-droite-k433x-016-ref-8867-707\/#breadcrumb"},"inLanguage":"fr-FR","potentialAction":[{"@type":"ReadAction","target":["https:\/\/districos.standingout.be\/fr\/product\/busch-ceramique-coupe-x-moyenne-marqueur-droite-k433x-016-ref-8867-707\/"]}]},{"@type":"ImageObject","inLanguage":"fr-FR","@id":"https:\/\/districos.standingout.be\/fr\/product\/busch-ceramique-coupe-x-moyenne-marqueur-droite-k433x-016-ref-8867-707\/#primaryimage","url":"https:\/\/districos.standingout.be\/wp-content\/uploads\/2025\/07\/8867.707@LowRes_0.png","contentUrl":"https:\/\/districos.standingout.be\/wp-content\/uploads\/2025\/07\/8867.707@LowRes_0.png","width":600,"height":600},{"@type":"BreadcrumbList","@id":"https:\/\/districos.standingout.be\/fr\/product\/busch-ceramique-coupe-x-moyenne-marqueur-droite-k433x-016-ref-8867-707\/#breadcrumb","itemListElement":[{"@type":"ListItem","position":1,"name":"Home","item":"https:\/\/districos.standingout.be\/fr\/bienvenue-chez-districos\/"},{"@type":"ListItem","position":2,"name":"Boutique","item":"https:\/\/districos.standingout.be\/fr\/boutique\/"},{"@type":"ListItem","position":3,"name":"Busch C\u00e9ramique Coupe X Moyenne Marqueur Droite K433X\/016"}]},{"@type":"WebSite","@id":"https:\/\/districos.standingout.be\/fr\/#website","url":"https:\/\/districos.standingout.be\/fr\/","name":"Districos Webshop","description":"","publisher":{"@id":"https:\/\/districos.standingout.be\/fr\/#organization"},"potentialAction":[{"@type":"SearchAction","target":{"@type":"EntryPoint","urlTemplate":"https:\/\/districos.standingout.be\/fr\/?s={search_term_string}"},"query-input":{"@type":"PropertyValueSpecification","valueRequired":true,"valueName":"search_term_string"}}],"inLanguage":"fr-FR"},{"@type":"Organization","@id":"https:\/\/districos.standingout.be\/fr\/#organization","name":"Districos Webshop","url":"https:\/\/districos.standingout.be\/fr\/","logo":{"@type":"ImageObject","inLanguage":"fr-FR","@id":"https:\/\/districos.standingout.be\/fr\/#\/schema\/logo\/image\/","url":"https:\/\/districos.standingout.be\/wp-content\/uploads\/2022\/09\/Districos_Logo_Webshop.svg","contentUrl":"https:\/\/districos.standingout.be\/wp-content\/uploads\/2022\/09\/Districos_Logo_Webshop.svg","caption":"Districos Webshop"},"image":{"@id":"https:\/\/districos.standingout.be\/fr\/#\/schema\/logo\/image\/"}}]}},"_links":{"self":[{"href":"https:\/\/districos.standingout.be\/fr\/wp-json\/wp\/v2\/product\/141835","targetHints":{"allow":["GET"]}}],"collection":[{"href":"https:\/\/districos.standingout.be\/fr\/wp-json\/wp\/v2\/product"}],"about":[{"href":"https:\/\/districos.standingout.be\/fr\/wp-json\/wp\/v2\/types\/product"}],"replies":[{"embeddable":true,"href":"https:\/\/districos.standingout.be\/fr\/wp-json\/wp\/v2\/comments?post=141835"}],"wp:featuredmedia":[{"embeddable":true,"href":"https:\/\/districos.standingout.be\/fr\/wp-json\/wp\/v2\/media\/84356"}],"wp:attachment":[{"href":"https:\/\/districos.standingout.be\/fr\/wp-json\/wp\/v2\/media?parent=141835"}],"wp:term":[{"taxonomy":"product_brand","embeddable":true,"href":"https:\/\/districos.standingout.be\/fr\/wp-json\/wp\/v2\/product_brand?post=141835"},{"taxonomy":"product_cat","embeddable":true,"href":"https:\/\/districos.standingout.be\/fr\/wp-json\/wp\/v2\/product_cat?post=141835"},{"taxonomy":"product_tag","embeddable":true,"href":"https:\/\/districos.standingout.be\/fr\/wp-json\/wp\/v2\/product_tag?post=141835"}],"curies":[{"name":"wp","href":"https:\/\/api.w.org\/{rel}","templated":true}]}}