{"id":141843,"date":"2026-04-28T13:09:33","date_gmt":"2026-04-28T11:09:33","guid":{"rendered":"https:\/\/webshopdistricoscom.webhosting.be\/product\/busch-ceramique-coupe-gqsr-grosse-cone-k432gqsr-023-ref-8867-711\/"},"modified":"2026-04-28T13:09:40","modified_gmt":"2026-04-28T11:09:40","slug":"busch-ceramique-coupe-gqsr-grosse-cone-k432gqsr-023-ref-8867-711","status":"publish","type":"product","link":"https:\/\/districos.standingout.be\/fr\/product\/busch-ceramique-coupe-gqsr-grosse-cone-k432gqsr-023-ref-8867-711\/","title":{"rendered":"Busch C\u00e9ramique Coupe GQSR Grosse C\u00f4ne K432GQSR\/023"},"content":{"rendered":"<p >\n<p dir=ltr>Id\u00e9ales pour la tablette ungu\u00e9ale \u00e9paissie. En comparaison avec les fraises en carbure, ces fraises c\u00e9ramiques sont 25% plus l\u00e9g\u00e8res. Ce qui signifie moins de vibrations et de d\u00e9gagements de chaleur, et donc une sensation plus agr\u00e9able pour votre patient(e). De plus, elles garantissent une finition lisse et provoque moins d\u2019usure \u00e0 votre fraiseuse.<\/p>\n<p> Coupe GQSR Grosse : Pour le traitement des ongles tr\u00e8s \u00e9pais, des onychrophysoses, de l\u2019hyperk\u00e9ratose et pour le traitement d\u2019orth\u00e8ses en silicone. Aussi bien pour les gauchers que pour les droitiers. <\/p>\n<ul> <\/p>\n<li>Diam\u00e8tre 023<\/li>\n<p> <\/p>\n<li>+\/- 15.000 tpm<\/li>\n<p> <\/ul><\/p>\n","protected":false},"excerpt":{"rendered":"<p>Id\u00e9ales pour la tablette ungu\u00e9ale \u00e9paissie. En comparaison avec les fraises en carbure, ces fraises c\u00e9ramiques sont 25% plus l\u00e9g\u00e8res. Ce qui signifie moins de vibrations et de d\u00e9gagements de chaleur, et donc une sensation plus agr\u00e9able pour votre patient(e). De plus, elles garantissent une finition lisse et provoque moins d\u2019usure \u00e0 votre fraiseuse. Coupe [&hellip;]<\/p>\n","protected":false},"featured_media":84368,"comment_status":"open","ping_status":"closed","template":"","meta":{"_acf_changed":false},"product_brand":[10322],"product_cat":[9942,10022,10020,10273],"product_tag":[],"class_list":{"0":"post-141843","1":"product","2":"type-product","3":"status-publish","4":"has-post-thumbnail","6":"product_brand-busch-fr","7":"product_cat-beaute-pedicure-fraises","8":"product_cat-soins-des-pieds-podologie-fraises-ongle-epaissi","9":"product_cat-soins-des-pieds-podologie-fraises-plaque-ungueale","10":"product_cat-soins-des-pieds-podologie-fraises-toutes-les-fraises","12":"first","13":"instock","14":"taxable","15":"shipping-taxable","16":"product-type-simple"},"acf":[],"yoast_head":"<!-- This site is optimized with the Yoast SEO plugin v27.3 - https:\/\/yoast.com\/product\/yoast-seo-wordpress\/ -->\n<title>Busch C\u00e9ramique Coupe GQSR Grosse C\u00f4ne K432GQSR\/023 - Districos Webshop<\/title>\n<meta name=\"robots\" content=\"noindex, follow, max-snippet:-1, max-image-preview:large, max-video-preview:-1\" \/>\n<meta property=\"og:locale\" content=\"fr_FR\" \/>\n<meta property=\"og:type\" content=\"article\" \/>\n<meta property=\"og:title\" content=\"Busch C\u00e9ramique Coupe GQSR Grosse C\u00f4ne K432GQSR\/023 - Districos Webshop\" \/>\n<meta property=\"og:description\" content=\"Id\u00e9ales pour la tablette ungu\u00e9ale \u00e9paissie. En comparaison avec les fraises en carbure, ces fraises c\u00e9ramiques sont 25% plus l\u00e9g\u00e8res. Ce qui signifie moins de vibrations et de d\u00e9gagements de chaleur, et donc une sensation plus agr\u00e9able pour votre patient(e). De plus, elles garantissent une finition lisse et provoque moins d\u2019usure \u00e0 votre fraiseuse. Coupe [&hellip;]\" \/>\n<meta property=\"og:url\" content=\"https:\/\/districos.standingout.be\/fr\/product\/busch-ceramique-coupe-gqsr-grosse-cone-k432gqsr-023-ref-8867-711\/\" \/>\n<meta property=\"og:site_name\" content=\"Districos Webshop\" \/>\n<meta property=\"article:modified_time\" content=\"2026-04-28T11:09:40+00:00\" \/>\n<meta name=\"twitter:card\" content=\"summary_large_image\" \/>\n<meta name=\"twitter:label1\" content=\"Dur\u00e9e de lecture estim\u00e9e\" \/>\n\t<meta name=\"twitter:data1\" content=\"1 minute\" \/>\n<script type=\"application\/ld+json\" class=\"yoast-schema-graph\">{\"@context\":\"https:\\\/\\\/schema.org\",\"@graph\":[{\"@type\":\"WebPage\",\"@id\":\"https:\\\/\\\/districos.standingout.be\\\/fr\\\/product\\\/busch-ceramique-coupe-gqsr-grosse-cone-k432gqsr-023-ref-8867-711\\\/\",\"url\":\"https:\\\/\\\/districos.standingout.be\\\/fr\\\/product\\\/busch-ceramique-coupe-gqsr-grosse-cone-k432gqsr-023-ref-8867-711\\\/\",\"name\":\"Busch C\u00e9ramique Coupe GQSR Grosse C\u00f4ne K432GQSR\\\/023 - Districos Webshop\",\"isPartOf\":{\"@id\":\"https:\\\/\\\/districos.standingout.be\\\/fr\\\/#website\"},\"primaryImageOfPage\":{\"@id\":\"https:\\\/\\\/districos.standingout.be\\\/fr\\\/product\\\/busch-ceramique-coupe-gqsr-grosse-cone-k432gqsr-023-ref-8867-711\\\/#primaryimage\"},\"image\":{\"@id\":\"https:\\\/\\\/districos.standingout.be\\\/fr\\\/product\\\/busch-ceramique-coupe-gqsr-grosse-cone-k432gqsr-023-ref-8867-711\\\/#primaryimage\"},\"thumbnailUrl\":\"https:\\\/\\\/districos.standingout.be\\\/wp-content\\\/uploads\\\/2025\\\/07\\\/8867.711@LowRes_0.png\",\"datePublished\":\"2026-04-28T11:09:33+00:00\",\"dateModified\":\"2026-04-28T11:09:40+00:00\",\"breadcrumb\":{\"@id\":\"https:\\\/\\\/districos.standingout.be\\\/fr\\\/product\\\/busch-ceramique-coupe-gqsr-grosse-cone-k432gqsr-023-ref-8867-711\\\/#breadcrumb\"},\"inLanguage\":\"fr-FR\",\"potentialAction\":[{\"@type\":\"ReadAction\",\"target\":[\"https:\\\/\\\/districos.standingout.be\\\/fr\\\/product\\\/busch-ceramique-coupe-gqsr-grosse-cone-k432gqsr-023-ref-8867-711\\\/\"]}]},{\"@type\":\"ImageObject\",\"inLanguage\":\"fr-FR\",\"@id\":\"https:\\\/\\\/districos.standingout.be\\\/fr\\\/product\\\/busch-ceramique-coupe-gqsr-grosse-cone-k432gqsr-023-ref-8867-711\\\/#primaryimage\",\"url\":\"https:\\\/\\\/districos.standingout.be\\\/wp-content\\\/uploads\\\/2025\\\/07\\\/8867.711@LowRes_0.png\",\"contentUrl\":\"https:\\\/\\\/districos.standingout.be\\\/wp-content\\\/uploads\\\/2025\\\/07\\\/8867.711@LowRes_0.png\",\"width\":600,\"height\":600},{\"@type\":\"BreadcrumbList\",\"@id\":\"https:\\\/\\\/districos.standingout.be\\\/fr\\\/product\\\/busch-ceramique-coupe-gqsr-grosse-cone-k432gqsr-023-ref-8867-711\\\/#breadcrumb\",\"itemListElement\":[{\"@type\":\"ListItem\",\"position\":1,\"name\":\"Home\",\"item\":\"https:\\\/\\\/districos.standingout.be\\\/fr\\\/bienvenue-chez-districos\\\/\"},{\"@type\":\"ListItem\",\"position\":2,\"name\":\"Boutique\",\"item\":\"https:\\\/\\\/districos.standingout.be\\\/fr\\\/boutique\\\/\"},{\"@type\":\"ListItem\",\"position\":3,\"name\":\"Busch C\u00e9ramique Coupe GQSR Grosse C\u00f4ne K432GQSR\\\/023\"}]},{\"@type\":\"WebSite\",\"@id\":\"https:\\\/\\\/districos.standingout.be\\\/fr\\\/#website\",\"url\":\"https:\\\/\\\/districos.standingout.be\\\/fr\\\/\",\"name\":\"Districos Webshop\",\"description\":\"\",\"publisher\":{\"@id\":\"https:\\\/\\\/districos.standingout.be\\\/fr\\\/#organization\"},\"potentialAction\":[{\"@type\":\"SearchAction\",\"target\":{\"@type\":\"EntryPoint\",\"urlTemplate\":\"https:\\\/\\\/districos.standingout.be\\\/fr\\\/?s={search_term_string}\"},\"query-input\":{\"@type\":\"PropertyValueSpecification\",\"valueRequired\":true,\"valueName\":\"search_term_string\"}}],\"inLanguage\":\"fr-FR\"},{\"@type\":\"Organization\",\"@id\":\"https:\\\/\\\/districos.standingout.be\\\/fr\\\/#organization\",\"name\":\"Districos Webshop\",\"url\":\"https:\\\/\\\/districos.standingout.be\\\/fr\\\/\",\"logo\":{\"@type\":\"ImageObject\",\"inLanguage\":\"fr-FR\",\"@id\":\"https:\\\/\\\/districos.standingout.be\\\/fr\\\/#\\\/schema\\\/logo\\\/image\\\/\",\"url\":\"https:\\\/\\\/districos.standingout.be\\\/wp-content\\\/uploads\\\/2022\\\/09\\\/Districos_Logo_Webshop.svg\",\"contentUrl\":\"https:\\\/\\\/districos.standingout.be\\\/wp-content\\\/uploads\\\/2022\\\/09\\\/Districos_Logo_Webshop.svg\",\"caption\":\"Districos Webshop\"},\"image\":{\"@id\":\"https:\\\/\\\/districos.standingout.be\\\/fr\\\/#\\\/schema\\\/logo\\\/image\\\/\"}}]}<\/script>\n<!-- \/ Yoast SEO plugin. -->","yoast_head_json":{"title":"Busch C\u00e9ramique Coupe GQSR Grosse C\u00f4ne K432GQSR\/023 - Districos Webshop","robots":{"index":"noindex","follow":"follow","max-snippet":"max-snippet:-1","max-image-preview":"max-image-preview:large","max-video-preview":"max-video-preview:-1"},"og_locale":"fr_FR","og_type":"article","og_title":"Busch C\u00e9ramique Coupe GQSR Grosse C\u00f4ne K432GQSR\/023 - Districos Webshop","og_description":"Id\u00e9ales pour la tablette ungu\u00e9ale \u00e9paissie. En comparaison avec les fraises en carbure, ces fraises c\u00e9ramiques sont 25% plus l\u00e9g\u00e8res. Ce qui signifie moins de vibrations et de d\u00e9gagements de chaleur, et donc une sensation plus agr\u00e9able pour votre patient(e). De plus, elles garantissent une finition lisse et provoque moins d\u2019usure \u00e0 votre fraiseuse. Coupe [&hellip;]","og_url":"https:\/\/districos.standingout.be\/fr\/product\/busch-ceramique-coupe-gqsr-grosse-cone-k432gqsr-023-ref-8867-711\/","og_site_name":"Districos Webshop","article_modified_time":"2026-04-28T11:09:40+00:00","twitter_card":"summary_large_image","twitter_misc":{"Dur\u00e9e de lecture estim\u00e9e":"1 minute"},"schema":{"@context":"https:\/\/schema.org","@graph":[{"@type":"WebPage","@id":"https:\/\/districos.standingout.be\/fr\/product\/busch-ceramique-coupe-gqsr-grosse-cone-k432gqsr-023-ref-8867-711\/","url":"https:\/\/districos.standingout.be\/fr\/product\/busch-ceramique-coupe-gqsr-grosse-cone-k432gqsr-023-ref-8867-711\/","name":"Busch C\u00e9ramique Coupe GQSR Grosse C\u00f4ne K432GQSR\/023 - Districos Webshop","isPartOf":{"@id":"https:\/\/districos.standingout.be\/fr\/#website"},"primaryImageOfPage":{"@id":"https:\/\/districos.standingout.be\/fr\/product\/busch-ceramique-coupe-gqsr-grosse-cone-k432gqsr-023-ref-8867-711\/#primaryimage"},"image":{"@id":"https:\/\/districos.standingout.be\/fr\/product\/busch-ceramique-coupe-gqsr-grosse-cone-k432gqsr-023-ref-8867-711\/#primaryimage"},"thumbnailUrl":"https:\/\/districos.standingout.be\/wp-content\/uploads\/2025\/07\/8867.711@LowRes_0.png","datePublished":"2026-04-28T11:09:33+00:00","dateModified":"2026-04-28T11:09:40+00:00","breadcrumb":{"@id":"https:\/\/districos.standingout.be\/fr\/product\/busch-ceramique-coupe-gqsr-grosse-cone-k432gqsr-023-ref-8867-711\/#breadcrumb"},"inLanguage":"fr-FR","potentialAction":[{"@type":"ReadAction","target":["https:\/\/districos.standingout.be\/fr\/product\/busch-ceramique-coupe-gqsr-grosse-cone-k432gqsr-023-ref-8867-711\/"]}]},{"@type":"ImageObject","inLanguage":"fr-FR","@id":"https:\/\/districos.standingout.be\/fr\/product\/busch-ceramique-coupe-gqsr-grosse-cone-k432gqsr-023-ref-8867-711\/#primaryimage","url":"https:\/\/districos.standingout.be\/wp-content\/uploads\/2025\/07\/8867.711@LowRes_0.png","contentUrl":"https:\/\/districos.standingout.be\/wp-content\/uploads\/2025\/07\/8867.711@LowRes_0.png","width":600,"height":600},{"@type":"BreadcrumbList","@id":"https:\/\/districos.standingout.be\/fr\/product\/busch-ceramique-coupe-gqsr-grosse-cone-k432gqsr-023-ref-8867-711\/#breadcrumb","itemListElement":[{"@type":"ListItem","position":1,"name":"Home","item":"https:\/\/districos.standingout.be\/fr\/bienvenue-chez-districos\/"},{"@type":"ListItem","position":2,"name":"Boutique","item":"https:\/\/districos.standingout.be\/fr\/boutique\/"},{"@type":"ListItem","position":3,"name":"Busch C\u00e9ramique Coupe GQSR Grosse C\u00f4ne K432GQSR\/023"}]},{"@type":"WebSite","@id":"https:\/\/districos.standingout.be\/fr\/#website","url":"https:\/\/districos.standingout.be\/fr\/","name":"Districos Webshop","description":"","publisher":{"@id":"https:\/\/districos.standingout.be\/fr\/#organization"},"potentialAction":[{"@type":"SearchAction","target":{"@type":"EntryPoint","urlTemplate":"https:\/\/districos.standingout.be\/fr\/?s={search_term_string}"},"query-input":{"@type":"PropertyValueSpecification","valueRequired":true,"valueName":"search_term_string"}}],"inLanguage":"fr-FR"},{"@type":"Organization","@id":"https:\/\/districos.standingout.be\/fr\/#organization","name":"Districos Webshop","url":"https:\/\/districos.standingout.be\/fr\/","logo":{"@type":"ImageObject","inLanguage":"fr-FR","@id":"https:\/\/districos.standingout.be\/fr\/#\/schema\/logo\/image\/","url":"https:\/\/districos.standingout.be\/wp-content\/uploads\/2022\/09\/Districos_Logo_Webshop.svg","contentUrl":"https:\/\/districos.standingout.be\/wp-content\/uploads\/2022\/09\/Districos_Logo_Webshop.svg","caption":"Districos Webshop"},"image":{"@id":"https:\/\/districos.standingout.be\/fr\/#\/schema\/logo\/image\/"}}]}},"_links":{"self":[{"href":"https:\/\/districos.standingout.be\/fr\/wp-json\/wp\/v2\/product\/141843","targetHints":{"allow":["GET"]}}],"collection":[{"href":"https:\/\/districos.standingout.be\/fr\/wp-json\/wp\/v2\/product"}],"about":[{"href":"https:\/\/districos.standingout.be\/fr\/wp-json\/wp\/v2\/types\/product"}],"replies":[{"embeddable":true,"href":"https:\/\/districos.standingout.be\/fr\/wp-json\/wp\/v2\/comments?post=141843"}],"wp:featuredmedia":[{"embeddable":true,"href":"https:\/\/districos.standingout.be\/fr\/wp-json\/wp\/v2\/media\/84368"}],"wp:attachment":[{"href":"https:\/\/districos.standingout.be\/fr\/wp-json\/wp\/v2\/media?parent=141843"}],"wp:term":[{"taxonomy":"product_brand","embeddable":true,"href":"https:\/\/districos.standingout.be\/fr\/wp-json\/wp\/v2\/product_brand?post=141843"},{"taxonomy":"product_cat","embeddable":true,"href":"https:\/\/districos.standingout.be\/fr\/wp-json\/wp\/v2\/product_cat?post=141843"},{"taxonomy":"product_tag","embeddable":true,"href":"https:\/\/districos.standingout.be\/fr\/wp-json\/wp\/v2\/product_tag?post=141843"}],"curies":[{"name":"wp","href":"https:\/\/api.w.org\/{rel}","templated":true}]}}