{"id":141871,"date":"2026-04-28T13:11:45","date_gmt":"2026-04-28T11:11:45","guid":{"rendered":"https:\/\/webshopdistricoscom.webhosting.be\/product\/busch-brosse-de-nettoyage-en-crin-9736-140-ref-8867-950\/"},"modified":"2026-04-28T13:11:49","modified_gmt":"2026-04-28T11:11:49","slug":"busch-brosse-de-nettoyage-en-crin-9736-140-ref-8867-950","status":"publish","type":"product","link":"https:\/\/districos.standingout.be\/fr\/product\/busch-brosse-de-nettoyage-en-crin-9736-140-ref-8867-950\/","title":{"rendered":"Busch Brosse de Nettoyage en Crin 9736\/140"},"content":{"rendered":"<p >\n<p dir=ltr>Cette brosse en crin \u00e9limine les grosses impuret\u00e9s sur vos fraises. BUSCH\u00ae recommande l\u2019emploi de cette brosse et non la brosse en cuivre connue partout en Belgique, parce qu\u2019elle est trop agressive pour les fraises et r\u00e9duit consid\u00e9rablement leur dur\u00e9e de vie, surtout des fraises diamant\u00e9es. \u00c0 utiliser \u00e0 un tour par minute tr\u00e8s bas. <\/p>\n<ul> <\/p>\n<li>Diam\u00e8tre 140 <\/li>\n<p> <\/p>\n<li>+\/- 5.000 tpm <\/li>\n<p> <\/ul><\/p>\n","protected":false},"excerpt":{"rendered":"<p>Cette brosse en crin \u00e9limine les grosses impuret\u00e9s sur vos fraises. BUSCH\u00ae recommande l\u2019emploi de cette brosse et non la brosse en cuivre connue partout en Belgique, parce qu\u2019elle est trop agressive pour les fraises et r\u00e9duit consid\u00e9rablement leur dur\u00e9e de vie, surtout des fraises diamant\u00e9es. \u00c0 utiliser \u00e0 un tour par minute tr\u00e8s bas. [&hellip;]<\/p>\n","protected":false},"featured_media":84410,"comment_status":"open","ping_status":"closed","template":"","meta":{"_acf_changed":false},"product_brand":[10322],"product_cat":[10032,9942,10273],"product_tag":[],"class_list":{"0":"post-141871","1":"product","2":"type-product","3":"status-publish","4":"has-post-thumbnail","6":"product_brand-busch-fr","7":"product_cat-soins-des-pieds-podologie-fraises-accessoires","8":"product_cat-beaute-pedicure-fraises","9":"product_cat-soins-des-pieds-podologie-fraises-toutes-les-fraises","11":"first","12":"instock","13":"taxable","14":"shipping-taxable","15":"product-type-simple"},"acf":[],"yoast_head":"<!-- This site is optimized with the Yoast SEO plugin v27.3 - https:\/\/yoast.com\/product\/yoast-seo-wordpress\/ -->\n<title>Busch Brosse de Nettoyage en Crin 9736\/140 - Districos Webshop<\/title>\n<meta name=\"robots\" content=\"noindex, follow, max-snippet:-1, max-image-preview:large, max-video-preview:-1\" \/>\n<meta property=\"og:locale\" content=\"fr_FR\" \/>\n<meta property=\"og:type\" content=\"article\" \/>\n<meta property=\"og:title\" content=\"Busch Brosse de Nettoyage en Crin 9736\/140 - Districos Webshop\" \/>\n<meta property=\"og:description\" content=\"Cette brosse en crin \u00e9limine les grosses impuret\u00e9s sur vos fraises. BUSCH\u00ae recommande l\u2019emploi de cette brosse et non la brosse en cuivre connue partout en Belgique, parce qu\u2019elle est trop agressive pour les fraises et r\u00e9duit consid\u00e9rablement leur dur\u00e9e de vie, surtout des fraises diamant\u00e9es. \u00c0 utiliser \u00e0 un tour par minute tr\u00e8s bas. [&hellip;]\" \/>\n<meta property=\"og:url\" content=\"https:\/\/districos.standingout.be\/fr\/product\/busch-brosse-de-nettoyage-en-crin-9736-140-ref-8867-950\/\" \/>\n<meta property=\"og:site_name\" content=\"Districos Webshop\" \/>\n<meta property=\"article:modified_time\" content=\"2026-04-28T11:11:49+00:00\" \/>\n<meta name=\"twitter:card\" content=\"summary_large_image\" \/>\n<script type=\"application\/ld+json\" class=\"yoast-schema-graph\">{\"@context\":\"https:\\\/\\\/schema.org\",\"@graph\":[{\"@type\":\"WebPage\",\"@id\":\"https:\\\/\\\/districos.standingout.be\\\/fr\\\/product\\\/busch-brosse-de-nettoyage-en-crin-9736-140-ref-8867-950\\\/\",\"url\":\"https:\\\/\\\/districos.standingout.be\\\/fr\\\/product\\\/busch-brosse-de-nettoyage-en-crin-9736-140-ref-8867-950\\\/\",\"name\":\"Busch Brosse de Nettoyage en Crin 9736\\\/140 - Districos Webshop\",\"isPartOf\":{\"@id\":\"https:\\\/\\\/districos.standingout.be\\\/fr\\\/#website\"},\"primaryImageOfPage\":{\"@id\":\"https:\\\/\\\/districos.standingout.be\\\/fr\\\/product\\\/busch-brosse-de-nettoyage-en-crin-9736-140-ref-8867-950\\\/#primaryimage\"},\"image\":{\"@id\":\"https:\\\/\\\/districos.standingout.be\\\/fr\\\/product\\\/busch-brosse-de-nettoyage-en-crin-9736-140-ref-8867-950\\\/#primaryimage\"},\"thumbnailUrl\":\"https:\\\/\\\/districos.standingout.be\\\/wp-content\\\/uploads\\\/2025\\\/07\\\/8867.950@LowRes_0.png\",\"datePublished\":\"2026-04-28T11:11:45+00:00\",\"dateModified\":\"2026-04-28T11:11:49+00:00\",\"breadcrumb\":{\"@id\":\"https:\\\/\\\/districos.standingout.be\\\/fr\\\/product\\\/busch-brosse-de-nettoyage-en-crin-9736-140-ref-8867-950\\\/#breadcrumb\"},\"inLanguage\":\"fr-FR\",\"potentialAction\":[{\"@type\":\"ReadAction\",\"target\":[\"https:\\\/\\\/districos.standingout.be\\\/fr\\\/product\\\/busch-brosse-de-nettoyage-en-crin-9736-140-ref-8867-950\\\/\"]}]},{\"@type\":\"ImageObject\",\"inLanguage\":\"fr-FR\",\"@id\":\"https:\\\/\\\/districos.standingout.be\\\/fr\\\/product\\\/busch-brosse-de-nettoyage-en-crin-9736-140-ref-8867-950\\\/#primaryimage\",\"url\":\"https:\\\/\\\/districos.standingout.be\\\/wp-content\\\/uploads\\\/2025\\\/07\\\/8867.950@LowRes_0.png\",\"contentUrl\":\"https:\\\/\\\/districos.standingout.be\\\/wp-content\\\/uploads\\\/2025\\\/07\\\/8867.950@LowRes_0.png\",\"width\":600,\"height\":600},{\"@type\":\"BreadcrumbList\",\"@id\":\"https:\\\/\\\/districos.standingout.be\\\/fr\\\/product\\\/busch-brosse-de-nettoyage-en-crin-9736-140-ref-8867-950\\\/#breadcrumb\",\"itemListElement\":[{\"@type\":\"ListItem\",\"position\":1,\"name\":\"Home\",\"item\":\"https:\\\/\\\/districos.standingout.be\\\/fr\\\/bienvenue-chez-districos\\\/\"},{\"@type\":\"ListItem\",\"position\":2,\"name\":\"Boutique\",\"item\":\"https:\\\/\\\/districos.standingout.be\\\/fr\\\/boutique\\\/\"},{\"@type\":\"ListItem\",\"position\":3,\"name\":\"Busch Brosse de Nettoyage en Crin 9736\\\/140\"}]},{\"@type\":\"WebSite\",\"@id\":\"https:\\\/\\\/districos.standingout.be\\\/fr\\\/#website\",\"url\":\"https:\\\/\\\/districos.standingout.be\\\/fr\\\/\",\"name\":\"Districos Webshop\",\"description\":\"\",\"publisher\":{\"@id\":\"https:\\\/\\\/districos.standingout.be\\\/fr\\\/#organization\"},\"potentialAction\":[{\"@type\":\"SearchAction\",\"target\":{\"@type\":\"EntryPoint\",\"urlTemplate\":\"https:\\\/\\\/districos.standingout.be\\\/fr\\\/?s={search_term_string}\"},\"query-input\":{\"@type\":\"PropertyValueSpecification\",\"valueRequired\":true,\"valueName\":\"search_term_string\"}}],\"inLanguage\":\"fr-FR\"},{\"@type\":\"Organization\",\"@id\":\"https:\\\/\\\/districos.standingout.be\\\/fr\\\/#organization\",\"name\":\"Districos Webshop\",\"url\":\"https:\\\/\\\/districos.standingout.be\\\/fr\\\/\",\"logo\":{\"@type\":\"ImageObject\",\"inLanguage\":\"fr-FR\",\"@id\":\"https:\\\/\\\/districos.standingout.be\\\/fr\\\/#\\\/schema\\\/logo\\\/image\\\/\",\"url\":\"https:\\\/\\\/districos.standingout.be\\\/wp-content\\\/uploads\\\/2022\\\/09\\\/Districos_Logo_Webshop.svg\",\"contentUrl\":\"https:\\\/\\\/districos.standingout.be\\\/wp-content\\\/uploads\\\/2022\\\/09\\\/Districos_Logo_Webshop.svg\",\"caption\":\"Districos Webshop\"},\"image\":{\"@id\":\"https:\\\/\\\/districos.standingout.be\\\/fr\\\/#\\\/schema\\\/logo\\\/image\\\/\"}}]}<\/script>\n<!-- \/ Yoast SEO plugin. -->","yoast_head_json":{"title":"Busch Brosse de Nettoyage en Crin 9736\/140 - Districos Webshop","robots":{"index":"noindex","follow":"follow","max-snippet":"max-snippet:-1","max-image-preview":"max-image-preview:large","max-video-preview":"max-video-preview:-1"},"og_locale":"fr_FR","og_type":"article","og_title":"Busch Brosse de Nettoyage en Crin 9736\/140 - Districos Webshop","og_description":"Cette brosse en crin \u00e9limine les grosses impuret\u00e9s sur vos fraises. BUSCH\u00ae recommande l\u2019emploi de cette brosse et non la brosse en cuivre connue partout en Belgique, parce qu\u2019elle est trop agressive pour les fraises et r\u00e9duit consid\u00e9rablement leur dur\u00e9e de vie, surtout des fraises diamant\u00e9es. \u00c0 utiliser \u00e0 un tour par minute tr\u00e8s bas. [&hellip;]","og_url":"https:\/\/districos.standingout.be\/fr\/product\/busch-brosse-de-nettoyage-en-crin-9736-140-ref-8867-950\/","og_site_name":"Districos Webshop","article_modified_time":"2026-04-28T11:11:49+00:00","twitter_card":"summary_large_image","schema":{"@context":"https:\/\/schema.org","@graph":[{"@type":"WebPage","@id":"https:\/\/districos.standingout.be\/fr\/product\/busch-brosse-de-nettoyage-en-crin-9736-140-ref-8867-950\/","url":"https:\/\/districos.standingout.be\/fr\/product\/busch-brosse-de-nettoyage-en-crin-9736-140-ref-8867-950\/","name":"Busch Brosse de Nettoyage en Crin 9736\/140 - Districos Webshop","isPartOf":{"@id":"https:\/\/districos.standingout.be\/fr\/#website"},"primaryImageOfPage":{"@id":"https:\/\/districos.standingout.be\/fr\/product\/busch-brosse-de-nettoyage-en-crin-9736-140-ref-8867-950\/#primaryimage"},"image":{"@id":"https:\/\/districos.standingout.be\/fr\/product\/busch-brosse-de-nettoyage-en-crin-9736-140-ref-8867-950\/#primaryimage"},"thumbnailUrl":"https:\/\/districos.standingout.be\/wp-content\/uploads\/2025\/07\/8867.950@LowRes_0.png","datePublished":"2026-04-28T11:11:45+00:00","dateModified":"2026-04-28T11:11:49+00:00","breadcrumb":{"@id":"https:\/\/districos.standingout.be\/fr\/product\/busch-brosse-de-nettoyage-en-crin-9736-140-ref-8867-950\/#breadcrumb"},"inLanguage":"fr-FR","potentialAction":[{"@type":"ReadAction","target":["https:\/\/districos.standingout.be\/fr\/product\/busch-brosse-de-nettoyage-en-crin-9736-140-ref-8867-950\/"]}]},{"@type":"ImageObject","inLanguage":"fr-FR","@id":"https:\/\/districos.standingout.be\/fr\/product\/busch-brosse-de-nettoyage-en-crin-9736-140-ref-8867-950\/#primaryimage","url":"https:\/\/districos.standingout.be\/wp-content\/uploads\/2025\/07\/8867.950@LowRes_0.png","contentUrl":"https:\/\/districos.standingout.be\/wp-content\/uploads\/2025\/07\/8867.950@LowRes_0.png","width":600,"height":600},{"@type":"BreadcrumbList","@id":"https:\/\/districos.standingout.be\/fr\/product\/busch-brosse-de-nettoyage-en-crin-9736-140-ref-8867-950\/#breadcrumb","itemListElement":[{"@type":"ListItem","position":1,"name":"Home","item":"https:\/\/districos.standingout.be\/fr\/bienvenue-chez-districos\/"},{"@type":"ListItem","position":2,"name":"Boutique","item":"https:\/\/districos.standingout.be\/fr\/boutique\/"},{"@type":"ListItem","position":3,"name":"Busch Brosse de Nettoyage en Crin 9736\/140"}]},{"@type":"WebSite","@id":"https:\/\/districos.standingout.be\/fr\/#website","url":"https:\/\/districos.standingout.be\/fr\/","name":"Districos Webshop","description":"","publisher":{"@id":"https:\/\/districos.standingout.be\/fr\/#organization"},"potentialAction":[{"@type":"SearchAction","target":{"@type":"EntryPoint","urlTemplate":"https:\/\/districos.standingout.be\/fr\/?s={search_term_string}"},"query-input":{"@type":"PropertyValueSpecification","valueRequired":true,"valueName":"search_term_string"}}],"inLanguage":"fr-FR"},{"@type":"Organization","@id":"https:\/\/districos.standingout.be\/fr\/#organization","name":"Districos Webshop","url":"https:\/\/districos.standingout.be\/fr\/","logo":{"@type":"ImageObject","inLanguage":"fr-FR","@id":"https:\/\/districos.standingout.be\/fr\/#\/schema\/logo\/image\/","url":"https:\/\/districos.standingout.be\/wp-content\/uploads\/2022\/09\/Districos_Logo_Webshop.svg","contentUrl":"https:\/\/districos.standingout.be\/wp-content\/uploads\/2022\/09\/Districos_Logo_Webshop.svg","caption":"Districos Webshop"},"image":{"@id":"https:\/\/districos.standingout.be\/fr\/#\/schema\/logo\/image\/"}}]}},"_links":{"self":[{"href":"https:\/\/districos.standingout.be\/fr\/wp-json\/wp\/v2\/product\/141871","targetHints":{"allow":["GET"]}}],"collection":[{"href":"https:\/\/districos.standingout.be\/fr\/wp-json\/wp\/v2\/product"}],"about":[{"href":"https:\/\/districos.standingout.be\/fr\/wp-json\/wp\/v2\/types\/product"}],"replies":[{"embeddable":true,"href":"https:\/\/districos.standingout.be\/fr\/wp-json\/wp\/v2\/comments?post=141871"}],"wp:featuredmedia":[{"embeddable":true,"href":"https:\/\/districos.standingout.be\/fr\/wp-json\/wp\/v2\/media\/84410"}],"wp:attachment":[{"href":"https:\/\/districos.standingout.be\/fr\/wp-json\/wp\/v2\/media?parent=141871"}],"wp:term":[{"taxonomy":"product_brand","embeddable":true,"href":"https:\/\/districos.standingout.be\/fr\/wp-json\/wp\/v2\/product_brand?post=141871"},{"taxonomy":"product_cat","embeddable":true,"href":"https:\/\/districos.standingout.be\/fr\/wp-json\/wp\/v2\/product_cat?post=141871"},{"taxonomy":"product_tag","embeddable":true,"href":"https:\/\/districos.standingout.be\/fr\/wp-json\/wp\/v2\/product_tag?post=141871"}],"curies":[{"name":"wp","href":"https:\/\/api.w.org\/{rel}","templated":true}]}}