{"id":141877,"date":"2026-04-28T13:11:57","date_gmt":"2026-04-28T11:11:57","guid":{"rendered":"https:\/\/webshopdistricoscom.webhosting.be\/product\/busch-set-de-fraises-de-depart-steri-safe-pro-ref-8867-991\/"},"modified":"2026-04-28T13:12:02","modified_gmt":"2026-04-28T11:12:02","slug":"busch-set-de-fraises-de-depart-steri-safe-pro-ref-8867-991","status":"publish","type":"product","link":"https:\/\/districos.standingout.be\/fr\/product\/busch-set-de-fraises-de-depart-steri-safe-pro-ref-8867-991\/","title":{"rendered":"Busch Set de Fraises de D\u00e9part + Steri-Safe Pro"},"content":{"rendered":"<p >\n<\/p>\n<p dir=\"ltr\">Le kit de d\u00e9part par excellence pour tous ceux qui veulent travailler avec des fraises durables et de qualit\u00e9 sup\u00e9rieure. Vous disposez ainsi d\u2019une grande vari\u00e9t\u00e9 de fraises afin de pouvoir effectuer un soin de pieds complet. En plus, avec la marque allemande Busch\u00ae, vous apportez de la qualit\u00e9 et de l&rsquo;efficacit\u00e9 dans votre salon de p\u00e9dicure ! <\/p>\n<p> <b>Contenu :<\/b> <\/p>\n<ul> <\/p>\n<li>8867.654 Carbure Coupe X Moyenne C\u00f4ne Droite 429X\/040 : Amincissement de l\u2019ongle, \u00e9galisation d\u2019ongles \u00e0 mycose et enlever les ongles en gel<\/li>\n<li>8867.342 Diamant Fissuur Medium 1,6 mm (1 st.) : pour le traitement des callosit\u00e9s, des cuticules et des sillons ungu\u00e9aux mais \u00e9galement afin d\u2019\u00e9galiser des surfaces calleuses <\/li>\n<p> <\/p>\n<li>8867,674 Fraise Bomb\u00e9e Carbure 1,8mm : enlever efficacement et prudemment les cors et un oeil-de-perdrix <\/li>\n<p> <\/p>\n<li>8867.338 Boule Diamant\u00e9e M\u00e9dium 1,8mm : pour le traitement des callosit\u00e9s, des cuticules et des sillons ungu\u00e9aux et afin d\u2019\u00e9galiser des surfaces calleuses <\/li>\n<p> <\/p>\n<li>8867.345 Poire Diamant\u00e9e M\u00e9dium 4,7mm pour le traitement des callosit\u00e9s, des cuticules et des sillons ungu\u00e9aux mais \u00e9galement afin d\u2019\u00e9galiser des surfaces calleuses <\/li>\n<p> <\/p>\n<li>8867.450 Ony Clean Small : fraise hexagonale sans surfaces aigu\u00ebs afin de nettoyer les sillons ungu\u00e9aux et d\u2019enlever les cuticules chez des diab\u00e9tiques ou d\u2019autres patients avec une peau sensible <\/li>\n<p> <\/p>\n<li>8867.951 Steri-Safe Pro dispose d\u2019un testeur de fraises pratique : afin de nettoyer, de st\u00e9riliser et de ranger vos fraises de mani\u00e8re pratique et efficace. Peut \u00eatre utilis\u00e9 dans le nettoyeur \u00e0 ultrasons et st\u00e9rilis\u00e9 dans le st\u00e9rilisateur \u00e0 air chaud ou dans l\u2019autoclave <\/li>\n<p> <\/ul><\/p>\n","protected":false},"excerpt":{"rendered":"<p>Le kit de d\u00e9part par excellence pour tous ceux qui veulent travailler avec des fraises durables et de qualit\u00e9 sup\u00e9rieure. Vous disposez ainsi d\u2019une grande vari\u00e9t\u00e9 de fraises afin de pouvoir effectuer un soin de pieds complet. En plus, avec la marque allemande Busch\u00ae, vous apportez de la qualit\u00e9 et de l&rsquo;efficacit\u00e9 dans votre salon [&hellip;]<\/p>\n","protected":false},"featured_media":148492,"comment_status":"open","ping_status":"closed","template":"","meta":{"_acf_changed":false},"product_brand":[10322],"product_cat":[9942,10273],"product_tag":[],"class_list":{"0":"post-141877","1":"product","2":"type-product","3":"status-publish","4":"has-post-thumbnail","6":"product_brand-busch-fr","7":"product_cat-beaute-pedicure-fraises","8":"product_cat-soins-des-pieds-podologie-fraises-toutes-les-fraises","10":"first","11":"instock","12":"taxable","13":"shipping-taxable","14":"product-type-simple"},"acf":[],"yoast_head":"<!-- This site is optimized with the Yoast SEO plugin v27.3 - https:\/\/yoast.com\/product\/yoast-seo-wordpress\/ -->\n<title>Busch Set de Fraises de D\u00e9part + Steri-Safe Pro - Districos Webshop<\/title>\n<meta name=\"robots\" content=\"noindex, follow, max-snippet:-1, max-image-preview:large, max-video-preview:-1\" \/>\n<meta property=\"og:locale\" content=\"fr_FR\" \/>\n<meta property=\"og:type\" content=\"article\" \/>\n<meta property=\"og:title\" content=\"Busch Set de Fraises de D\u00e9part + Steri-Safe Pro - Districos Webshop\" \/>\n<meta property=\"og:description\" content=\"Le kit de d\u00e9part par excellence pour tous ceux qui veulent travailler avec des fraises durables et de qualit\u00e9 sup\u00e9rieure. Vous disposez ainsi d\u2019une grande vari\u00e9t\u00e9 de fraises afin de pouvoir effectuer un soin de pieds complet. En plus, avec la marque allemande Busch\u00ae, vous apportez de la qualit\u00e9 et de l&rsquo;efficacit\u00e9 dans votre salon [&hellip;]\" \/>\n<meta property=\"og:url\" content=\"https:\/\/districos.standingout.be\/fr\/product\/busch-set-de-fraises-de-depart-steri-safe-pro-ref-8867-991\/\" \/>\n<meta property=\"og:site_name\" content=\"Districos Webshop\" \/>\n<meta property=\"article:modified_time\" content=\"2026-04-28T11:12:02+00:00\" \/>\n<meta name=\"twitter:card\" content=\"summary_large_image\" \/>\n<meta name=\"twitter:label1\" content=\"Dur\u00e9e de lecture estim\u00e9e\" \/>\n\t<meta name=\"twitter:data1\" content=\"1 minute\" \/>\n<script type=\"application\/ld+json\" class=\"yoast-schema-graph\">{\"@context\":\"https:\\\/\\\/schema.org\",\"@graph\":[{\"@type\":\"WebPage\",\"@id\":\"https:\\\/\\\/districos.standingout.be\\\/fr\\\/product\\\/busch-set-de-fraises-de-depart-steri-safe-pro-ref-8867-991\\\/\",\"url\":\"https:\\\/\\\/districos.standingout.be\\\/fr\\\/product\\\/busch-set-de-fraises-de-depart-steri-safe-pro-ref-8867-991\\\/\",\"name\":\"Busch Set de Fraises de D\u00e9part + Steri-Safe Pro - Districos Webshop\",\"isPartOf\":{\"@id\":\"https:\\\/\\\/districos.standingout.be\\\/fr\\\/#website\"},\"primaryImageOfPage\":{\"@id\":\"https:\\\/\\\/districos.standingout.be\\\/fr\\\/product\\\/busch-set-de-fraises-de-depart-steri-safe-pro-ref-8867-991\\\/#primaryimage\"},\"image\":{\"@id\":\"https:\\\/\\\/districos.standingout.be\\\/fr\\\/product\\\/busch-set-de-fraises-de-depart-steri-safe-pro-ref-8867-991\\\/#primaryimage\"},\"thumbnailUrl\":\"https:\\\/\\\/districos.standingout.be\\\/wp-content\\\/uploads\\\/2026\\\/04\\\/8867.991@Busch-Starter-Frezenset-Steri-Safe-Pro_1.png\",\"datePublished\":\"2026-04-28T11:11:57+00:00\",\"dateModified\":\"2026-04-28T11:12:02+00:00\",\"breadcrumb\":{\"@id\":\"https:\\\/\\\/districos.standingout.be\\\/fr\\\/product\\\/busch-set-de-fraises-de-depart-steri-safe-pro-ref-8867-991\\\/#breadcrumb\"},\"inLanguage\":\"fr-FR\",\"potentialAction\":[{\"@type\":\"ReadAction\",\"target\":[\"https:\\\/\\\/districos.standingout.be\\\/fr\\\/product\\\/busch-set-de-fraises-de-depart-steri-safe-pro-ref-8867-991\\\/\"]}]},{\"@type\":\"ImageObject\",\"inLanguage\":\"fr-FR\",\"@id\":\"https:\\\/\\\/districos.standingout.be\\\/fr\\\/product\\\/busch-set-de-fraises-de-depart-steri-safe-pro-ref-8867-991\\\/#primaryimage\",\"url\":\"https:\\\/\\\/districos.standingout.be\\\/wp-content\\\/uploads\\\/2026\\\/04\\\/8867.991@Busch-Starter-Frezenset-Steri-Safe-Pro_1.png\",\"contentUrl\":\"https:\\\/\\\/districos.standingout.be\\\/wp-content\\\/uploads\\\/2026\\\/04\\\/8867.991@Busch-Starter-Frezenset-Steri-Safe-Pro_1.png\",\"width\":600,\"height\":600},{\"@type\":\"BreadcrumbList\",\"@id\":\"https:\\\/\\\/districos.standingout.be\\\/fr\\\/product\\\/busch-set-de-fraises-de-depart-steri-safe-pro-ref-8867-991\\\/#breadcrumb\",\"itemListElement\":[{\"@type\":\"ListItem\",\"position\":1,\"name\":\"Home\",\"item\":\"https:\\\/\\\/districos.standingout.be\\\/fr\\\/bienvenue-chez-districos\\\/\"},{\"@type\":\"ListItem\",\"position\":2,\"name\":\"Boutique\",\"item\":\"https:\\\/\\\/districos.standingout.be\\\/fr\\\/boutique\\\/\"},{\"@type\":\"ListItem\",\"position\":3,\"name\":\"Busch Set de Fraises de D\u00e9part + Steri-Safe Pro\"}]},{\"@type\":\"WebSite\",\"@id\":\"https:\\\/\\\/districos.standingout.be\\\/fr\\\/#website\",\"url\":\"https:\\\/\\\/districos.standingout.be\\\/fr\\\/\",\"name\":\"Districos Webshop\",\"description\":\"\",\"publisher\":{\"@id\":\"https:\\\/\\\/districos.standingout.be\\\/fr\\\/#organization\"},\"potentialAction\":[{\"@type\":\"SearchAction\",\"target\":{\"@type\":\"EntryPoint\",\"urlTemplate\":\"https:\\\/\\\/districos.standingout.be\\\/fr\\\/?s={search_term_string}\"},\"query-input\":{\"@type\":\"PropertyValueSpecification\",\"valueRequired\":true,\"valueName\":\"search_term_string\"}}],\"inLanguage\":\"fr-FR\"},{\"@type\":\"Organization\",\"@id\":\"https:\\\/\\\/districos.standingout.be\\\/fr\\\/#organization\",\"name\":\"Districos Webshop\",\"url\":\"https:\\\/\\\/districos.standingout.be\\\/fr\\\/\",\"logo\":{\"@type\":\"ImageObject\",\"inLanguage\":\"fr-FR\",\"@id\":\"https:\\\/\\\/districos.standingout.be\\\/fr\\\/#\\\/schema\\\/logo\\\/image\\\/\",\"url\":\"https:\\\/\\\/districos.standingout.be\\\/wp-content\\\/uploads\\\/2022\\\/09\\\/Districos_Logo_Webshop.svg\",\"contentUrl\":\"https:\\\/\\\/districos.standingout.be\\\/wp-content\\\/uploads\\\/2022\\\/09\\\/Districos_Logo_Webshop.svg\",\"caption\":\"Districos Webshop\"},\"image\":{\"@id\":\"https:\\\/\\\/districos.standingout.be\\\/fr\\\/#\\\/schema\\\/logo\\\/image\\\/\"}}]}<\/script>\n<!-- \/ Yoast SEO plugin. -->","yoast_head_json":{"title":"Busch Set de Fraises de D\u00e9part + Steri-Safe Pro - Districos Webshop","robots":{"index":"noindex","follow":"follow","max-snippet":"max-snippet:-1","max-image-preview":"max-image-preview:large","max-video-preview":"max-video-preview:-1"},"og_locale":"fr_FR","og_type":"article","og_title":"Busch Set de Fraises de D\u00e9part + Steri-Safe Pro - Districos Webshop","og_description":"Le kit de d\u00e9part par excellence pour tous ceux qui veulent travailler avec des fraises durables et de qualit\u00e9 sup\u00e9rieure. Vous disposez ainsi d\u2019une grande vari\u00e9t\u00e9 de fraises afin de pouvoir effectuer un soin de pieds complet. En plus, avec la marque allemande Busch\u00ae, vous apportez de la qualit\u00e9 et de l&rsquo;efficacit\u00e9 dans votre salon [&hellip;]","og_url":"https:\/\/districos.standingout.be\/fr\/product\/busch-set-de-fraises-de-depart-steri-safe-pro-ref-8867-991\/","og_site_name":"Districos Webshop","article_modified_time":"2026-04-28T11:12:02+00:00","twitter_card":"summary_large_image","twitter_misc":{"Dur\u00e9e de lecture estim\u00e9e":"1 minute"},"schema":{"@context":"https:\/\/schema.org","@graph":[{"@type":"WebPage","@id":"https:\/\/districos.standingout.be\/fr\/product\/busch-set-de-fraises-de-depart-steri-safe-pro-ref-8867-991\/","url":"https:\/\/districos.standingout.be\/fr\/product\/busch-set-de-fraises-de-depart-steri-safe-pro-ref-8867-991\/","name":"Busch Set de Fraises de D\u00e9part + Steri-Safe Pro - Districos Webshop","isPartOf":{"@id":"https:\/\/districos.standingout.be\/fr\/#website"},"primaryImageOfPage":{"@id":"https:\/\/districos.standingout.be\/fr\/product\/busch-set-de-fraises-de-depart-steri-safe-pro-ref-8867-991\/#primaryimage"},"image":{"@id":"https:\/\/districos.standingout.be\/fr\/product\/busch-set-de-fraises-de-depart-steri-safe-pro-ref-8867-991\/#primaryimage"},"thumbnailUrl":"https:\/\/districos.standingout.be\/wp-content\/uploads\/2026\/04\/8867.991@Busch-Starter-Frezenset-Steri-Safe-Pro_1.png","datePublished":"2026-04-28T11:11:57+00:00","dateModified":"2026-04-28T11:12:02+00:00","breadcrumb":{"@id":"https:\/\/districos.standingout.be\/fr\/product\/busch-set-de-fraises-de-depart-steri-safe-pro-ref-8867-991\/#breadcrumb"},"inLanguage":"fr-FR","potentialAction":[{"@type":"ReadAction","target":["https:\/\/districos.standingout.be\/fr\/product\/busch-set-de-fraises-de-depart-steri-safe-pro-ref-8867-991\/"]}]},{"@type":"ImageObject","inLanguage":"fr-FR","@id":"https:\/\/districos.standingout.be\/fr\/product\/busch-set-de-fraises-de-depart-steri-safe-pro-ref-8867-991\/#primaryimage","url":"https:\/\/districos.standingout.be\/wp-content\/uploads\/2026\/04\/8867.991@Busch-Starter-Frezenset-Steri-Safe-Pro_1.png","contentUrl":"https:\/\/districos.standingout.be\/wp-content\/uploads\/2026\/04\/8867.991@Busch-Starter-Frezenset-Steri-Safe-Pro_1.png","width":600,"height":600},{"@type":"BreadcrumbList","@id":"https:\/\/districos.standingout.be\/fr\/product\/busch-set-de-fraises-de-depart-steri-safe-pro-ref-8867-991\/#breadcrumb","itemListElement":[{"@type":"ListItem","position":1,"name":"Home","item":"https:\/\/districos.standingout.be\/fr\/bienvenue-chez-districos\/"},{"@type":"ListItem","position":2,"name":"Boutique","item":"https:\/\/districos.standingout.be\/fr\/boutique\/"},{"@type":"ListItem","position":3,"name":"Busch Set de Fraises de D\u00e9part + Steri-Safe Pro"}]},{"@type":"WebSite","@id":"https:\/\/districos.standingout.be\/fr\/#website","url":"https:\/\/districos.standingout.be\/fr\/","name":"Districos Webshop","description":"","publisher":{"@id":"https:\/\/districos.standingout.be\/fr\/#organization"},"potentialAction":[{"@type":"SearchAction","target":{"@type":"EntryPoint","urlTemplate":"https:\/\/districos.standingout.be\/fr\/?s={search_term_string}"},"query-input":{"@type":"PropertyValueSpecification","valueRequired":true,"valueName":"search_term_string"}}],"inLanguage":"fr-FR"},{"@type":"Organization","@id":"https:\/\/districos.standingout.be\/fr\/#organization","name":"Districos Webshop","url":"https:\/\/districos.standingout.be\/fr\/","logo":{"@type":"ImageObject","inLanguage":"fr-FR","@id":"https:\/\/districos.standingout.be\/fr\/#\/schema\/logo\/image\/","url":"https:\/\/districos.standingout.be\/wp-content\/uploads\/2022\/09\/Districos_Logo_Webshop.svg","contentUrl":"https:\/\/districos.standingout.be\/wp-content\/uploads\/2022\/09\/Districos_Logo_Webshop.svg","caption":"Districos Webshop"},"image":{"@id":"https:\/\/districos.standingout.be\/fr\/#\/schema\/logo\/image\/"}}]}},"_links":{"self":[{"href":"https:\/\/districos.standingout.be\/fr\/wp-json\/wp\/v2\/product\/141877","targetHints":{"allow":["GET"]}}],"collection":[{"href":"https:\/\/districos.standingout.be\/fr\/wp-json\/wp\/v2\/product"}],"about":[{"href":"https:\/\/districos.standingout.be\/fr\/wp-json\/wp\/v2\/types\/product"}],"replies":[{"embeddable":true,"href":"https:\/\/districos.standingout.be\/fr\/wp-json\/wp\/v2\/comments?post=141877"}],"wp:featuredmedia":[{"embeddable":true,"href":"https:\/\/districos.standingout.be\/fr\/wp-json\/wp\/v2\/media\/148492"}],"wp:attachment":[{"href":"https:\/\/districos.standingout.be\/fr\/wp-json\/wp\/v2\/media?parent=141877"}],"wp:term":[{"taxonomy":"product_brand","embeddable":true,"href":"https:\/\/districos.standingout.be\/fr\/wp-json\/wp\/v2\/product_brand?post=141877"},{"taxonomy":"product_cat","embeddable":true,"href":"https:\/\/districos.standingout.be\/fr\/wp-json\/wp\/v2\/product_cat?post=141877"},{"taxonomy":"product_tag","embeddable":true,"href":"https:\/\/districos.standingout.be\/fr\/wp-json\/wp\/v2\/product_tag?post=141877"}],"curies":[{"name":"wp","href":"https:\/\/api.w.org\/{rel}","templated":true}]}}