{"id":141905,"date":"2026-04-28T13:13:42","date_gmt":"2026-04-28T11:13:42","guid":{"rendered":"https:\/\/webshopdistricoscom.webhosting.be\/product\/cobra-diamantee-medium-boule-18-mm-2-pcs-ref-8868-338\/"},"modified":"2026-04-28T13:13:47","modified_gmt":"2026-04-28T11:13:47","slug":"cobra-diamantee-medium-boule-18-mm-2-pcs-ref-8868-338","status":"publish","type":"product","link":"https:\/\/districos.standingout.be\/fr\/product\/cobra-diamantee-medium-boule-18-mm-2-pcs-ref-8868-338\/","title":{"rendered":"Cobra Diamant\u00e9e M\u00e9dium Boule 1,8 mm 2 pcs."},"content":{"rendered":"<p >\n<p dir=\"ltr\"><b><u>Fraises diamant\u00e9es &#8211; polyvalentes et efficaces<\/u><\/b><br \/>Les fraises diamant\u00e9es sont id\u00e9ales pour les soins intensifs de la peau et les traitements d\u00e9licats des ongles, et conviennent \u00e0 une utilisation en rotation \u00e0 droite comme \u00e0 gauche.<\/p>\n<p dir=\"ltr\"><b>Peau&nbsp;<\/b>: Parfait pour \u00e9liminer d\u00e9licatement les callosit\u00e9s et lisser les zones rugueuses sans ab\u00eemer la peau, gr\u00e2ce \u00e0 sa structure fine.<br \/><b>Ongles&nbsp;<\/b>: Id\u00e9al pour la finition, le nivellement et le limage de la plaque de l\u2019ongle.<\/p>\n<p dir=\"ltr\">Cette fraise est&nbsp;<b><i>la norme pour les callosit\u00e9s normales et la finition des ongles<\/i><\/b>&nbsp;(M\u00e9dium &#8211; bague bleue).<\/p>\n<p><b><u>Pourquoi choisir les fraises Cobra ?<\/u><\/b><\/p>\n<ul>\n<li>Convient pour les techniques \u00e0 sec et \u00e0 spray<\/li>\n<li>Compatible avec toutes les fraiseuses<\/li>\n<li>Rapport qualit\u00e9\/prix imbattable<\/li>\n<li>Prise en main pr\u00e9cise<\/li>\n<li>Large gamme, \u00e9galement pour les sp\u00e9cialistes gauchers<\/li>\n<\/ul><\/p>\n","protected":false},"excerpt":{"rendered":"<p>Fraises diamant\u00e9es &#8211; polyvalentes et efficacesLes fraises diamant\u00e9es sont id\u00e9ales pour les soins intensifs de la peau et les traitements d\u00e9licats des ongles, et conviennent \u00e0 une utilisation en rotation \u00e0 droite comme \u00e0 gauche. Peau&nbsp;: Parfait pour \u00e9liminer d\u00e9licatement les callosit\u00e9s et lisser les zones rugueuses sans ab\u00eemer la peau, gr\u00e2ce \u00e0 sa structure [&hellip;]<\/p>\n","protected":false},"featured_media":148528,"comment_status":"open","ping_status":"closed","template":"","meta":{"_acf_changed":false},"product_brand":[10334],"product_cat":[10014,10016,10018,9942,10273],"product_tag":[],"class_list":{"0":"post-141905","1":"product","2":"type-product","3":"status-publish","4":"has-post-thumbnail","6":"product_brand-cobra-fr","7":"product_cat-soins-des-pieds-podologie-fraises-callosites","8":"product_cat-soins-des-pieds-podologie-fraises-cors","9":"product_cat-soins-des-pieds-podologie-fraises-cuticules","10":"product_cat-beaute-pedicure-fraises","11":"product_cat-soins-des-pieds-podologie-fraises-toutes-les-fraises","13":"first","14":"instock","15":"taxable","16":"shipping-taxable","17":"product-type-simple"},"acf":[],"yoast_head":"<!-- This site is optimized with the Yoast SEO plugin v27.3 - https:\/\/yoast.com\/product\/yoast-seo-wordpress\/ -->\n<title>Cobra Diamant\u00e9e M\u00e9dium Boule 1,8 mm 2 pcs. - Districos Webshop<\/title>\n<meta name=\"robots\" content=\"noindex, follow, max-snippet:-1, max-image-preview:large, max-video-preview:-1\" \/>\n<meta property=\"og:locale\" content=\"fr_FR\" \/>\n<meta property=\"og:type\" content=\"article\" \/>\n<meta property=\"og:title\" content=\"Cobra Diamant\u00e9e M\u00e9dium Boule 1,8 mm 2 pcs. - Districos Webshop\" \/>\n<meta property=\"og:description\" content=\"Fraises diamant\u00e9es &#8211; polyvalentes et efficacesLes fraises diamant\u00e9es sont id\u00e9ales pour les soins intensifs de la peau et les traitements d\u00e9licats des ongles, et conviennent \u00e0 une utilisation en rotation \u00e0 droite comme \u00e0 gauche. Peau&nbsp;: Parfait pour \u00e9liminer d\u00e9licatement les callosit\u00e9s et lisser les zones rugueuses sans ab\u00eemer la peau, gr\u00e2ce \u00e0 sa structure [&hellip;]\" \/>\n<meta property=\"og:url\" content=\"https:\/\/districos.standingout.be\/fr\/product\/cobra-diamantee-medium-boule-18-mm-2-pcs-ref-8868-338\/\" \/>\n<meta property=\"og:site_name\" content=\"Districos Webshop\" \/>\n<meta property=\"article:modified_time\" content=\"2026-04-28T11:13:47+00:00\" \/>\n<meta name=\"twitter:card\" content=\"summary_large_image\" \/>\n<meta name=\"twitter:label1\" content=\"Dur\u00e9e de lecture estim\u00e9e\" \/>\n\t<meta name=\"twitter:data1\" content=\"1 minute\" \/>\n<script type=\"application\/ld+json\" class=\"yoast-schema-graph\">{\"@context\":\"https:\\\/\\\/schema.org\",\"@graph\":[{\"@type\":\"WebPage\",\"@id\":\"https:\\\/\\\/districos.standingout.be\\\/fr\\\/product\\\/cobra-diamantee-medium-boule-18-mm-2-pcs-ref-8868-338\\\/\",\"url\":\"https:\\\/\\\/districos.standingout.be\\\/fr\\\/product\\\/cobra-diamantee-medium-boule-18-mm-2-pcs-ref-8868-338\\\/\",\"name\":\"Cobra Diamant\u00e9e M\u00e9dium Boule 1,8 mm 2 pcs. - Districos Webshop\",\"isPartOf\":{\"@id\":\"https:\\\/\\\/districos.standingout.be\\\/fr\\\/#website\"},\"primaryImageOfPage\":{\"@id\":\"https:\\\/\\\/districos.standingout.be\\\/fr\\\/product\\\/cobra-diamantee-medium-boule-18-mm-2-pcs-ref-8868-338\\\/#primaryimage\"},\"image\":{\"@id\":\"https:\\\/\\\/districos.standingout.be\\\/fr\\\/product\\\/cobra-diamantee-medium-boule-18-mm-2-pcs-ref-8868-338\\\/#primaryimage\"},\"thumbnailUrl\":\"https:\\\/\\\/districos.standingout.be\\\/wp-content\\\/uploads\\\/2026\\\/04\\\/8868.338@Cobra-Diamant-Medium-Bolletje-18-mm-2-st._1.png\",\"datePublished\":\"2026-04-28T11:13:42+00:00\",\"dateModified\":\"2026-04-28T11:13:47+00:00\",\"breadcrumb\":{\"@id\":\"https:\\\/\\\/districos.standingout.be\\\/fr\\\/product\\\/cobra-diamantee-medium-boule-18-mm-2-pcs-ref-8868-338\\\/#breadcrumb\"},\"inLanguage\":\"fr-FR\",\"potentialAction\":[{\"@type\":\"ReadAction\",\"target\":[\"https:\\\/\\\/districos.standingout.be\\\/fr\\\/product\\\/cobra-diamantee-medium-boule-18-mm-2-pcs-ref-8868-338\\\/\"]}]},{\"@type\":\"ImageObject\",\"inLanguage\":\"fr-FR\",\"@id\":\"https:\\\/\\\/districos.standingout.be\\\/fr\\\/product\\\/cobra-diamantee-medium-boule-18-mm-2-pcs-ref-8868-338\\\/#primaryimage\",\"url\":\"https:\\\/\\\/districos.standingout.be\\\/wp-content\\\/uploads\\\/2026\\\/04\\\/8868.338@Cobra-Diamant-Medium-Bolletje-18-mm-2-st._1.png\",\"contentUrl\":\"https:\\\/\\\/districos.standingout.be\\\/wp-content\\\/uploads\\\/2026\\\/04\\\/8868.338@Cobra-Diamant-Medium-Bolletje-18-mm-2-st._1.png\",\"width\":600,\"height\":600},{\"@type\":\"BreadcrumbList\",\"@id\":\"https:\\\/\\\/districos.standingout.be\\\/fr\\\/product\\\/cobra-diamantee-medium-boule-18-mm-2-pcs-ref-8868-338\\\/#breadcrumb\",\"itemListElement\":[{\"@type\":\"ListItem\",\"position\":1,\"name\":\"Home\",\"item\":\"https:\\\/\\\/districos.standingout.be\\\/fr\\\/bienvenue-chez-districos\\\/\"},{\"@type\":\"ListItem\",\"position\":2,\"name\":\"Boutique\",\"item\":\"https:\\\/\\\/districos.standingout.be\\\/fr\\\/boutique\\\/\"},{\"@type\":\"ListItem\",\"position\":3,\"name\":\"Cobra Diamant\u00e9e M\u00e9dium Boule 1,8 mm 2 pcs.\"}]},{\"@type\":\"WebSite\",\"@id\":\"https:\\\/\\\/districos.standingout.be\\\/fr\\\/#website\",\"url\":\"https:\\\/\\\/districos.standingout.be\\\/fr\\\/\",\"name\":\"Districos Webshop\",\"description\":\"\",\"publisher\":{\"@id\":\"https:\\\/\\\/districos.standingout.be\\\/fr\\\/#organization\"},\"potentialAction\":[{\"@type\":\"SearchAction\",\"target\":{\"@type\":\"EntryPoint\",\"urlTemplate\":\"https:\\\/\\\/districos.standingout.be\\\/fr\\\/?s={search_term_string}\"},\"query-input\":{\"@type\":\"PropertyValueSpecification\",\"valueRequired\":true,\"valueName\":\"search_term_string\"}}],\"inLanguage\":\"fr-FR\"},{\"@type\":\"Organization\",\"@id\":\"https:\\\/\\\/districos.standingout.be\\\/fr\\\/#organization\",\"name\":\"Districos Webshop\",\"url\":\"https:\\\/\\\/districos.standingout.be\\\/fr\\\/\",\"logo\":{\"@type\":\"ImageObject\",\"inLanguage\":\"fr-FR\",\"@id\":\"https:\\\/\\\/districos.standingout.be\\\/fr\\\/#\\\/schema\\\/logo\\\/image\\\/\",\"url\":\"https:\\\/\\\/districos.standingout.be\\\/wp-content\\\/uploads\\\/2022\\\/09\\\/Districos_Logo_Webshop.svg\",\"contentUrl\":\"https:\\\/\\\/districos.standingout.be\\\/wp-content\\\/uploads\\\/2022\\\/09\\\/Districos_Logo_Webshop.svg\",\"caption\":\"Districos Webshop\"},\"image\":{\"@id\":\"https:\\\/\\\/districos.standingout.be\\\/fr\\\/#\\\/schema\\\/logo\\\/image\\\/\"}}]}<\/script>\n<!-- \/ Yoast SEO plugin. -->","yoast_head_json":{"title":"Cobra Diamant\u00e9e M\u00e9dium Boule 1,8 mm 2 pcs. - Districos Webshop","robots":{"index":"noindex","follow":"follow","max-snippet":"max-snippet:-1","max-image-preview":"max-image-preview:large","max-video-preview":"max-video-preview:-1"},"og_locale":"fr_FR","og_type":"article","og_title":"Cobra Diamant\u00e9e M\u00e9dium Boule 1,8 mm 2 pcs. - Districos Webshop","og_description":"Fraises diamant\u00e9es &#8211; polyvalentes et efficacesLes fraises diamant\u00e9es sont id\u00e9ales pour les soins intensifs de la peau et les traitements d\u00e9licats des ongles, et conviennent \u00e0 une utilisation en rotation \u00e0 droite comme \u00e0 gauche. Peau&nbsp;: Parfait pour \u00e9liminer d\u00e9licatement les callosit\u00e9s et lisser les zones rugueuses sans ab\u00eemer la peau, gr\u00e2ce \u00e0 sa structure [&hellip;]","og_url":"https:\/\/districos.standingout.be\/fr\/product\/cobra-diamantee-medium-boule-18-mm-2-pcs-ref-8868-338\/","og_site_name":"Districos Webshop","article_modified_time":"2026-04-28T11:13:47+00:00","twitter_card":"summary_large_image","twitter_misc":{"Dur\u00e9e de lecture estim\u00e9e":"1 minute"},"schema":{"@context":"https:\/\/schema.org","@graph":[{"@type":"WebPage","@id":"https:\/\/districos.standingout.be\/fr\/product\/cobra-diamantee-medium-boule-18-mm-2-pcs-ref-8868-338\/","url":"https:\/\/districos.standingout.be\/fr\/product\/cobra-diamantee-medium-boule-18-mm-2-pcs-ref-8868-338\/","name":"Cobra Diamant\u00e9e M\u00e9dium Boule 1,8 mm 2 pcs. - Districos Webshop","isPartOf":{"@id":"https:\/\/districos.standingout.be\/fr\/#website"},"primaryImageOfPage":{"@id":"https:\/\/districos.standingout.be\/fr\/product\/cobra-diamantee-medium-boule-18-mm-2-pcs-ref-8868-338\/#primaryimage"},"image":{"@id":"https:\/\/districos.standingout.be\/fr\/product\/cobra-diamantee-medium-boule-18-mm-2-pcs-ref-8868-338\/#primaryimage"},"thumbnailUrl":"https:\/\/districos.standingout.be\/wp-content\/uploads\/2026\/04\/8868.338@Cobra-Diamant-Medium-Bolletje-18-mm-2-st._1.png","datePublished":"2026-04-28T11:13:42+00:00","dateModified":"2026-04-28T11:13:47+00:00","breadcrumb":{"@id":"https:\/\/districos.standingout.be\/fr\/product\/cobra-diamantee-medium-boule-18-mm-2-pcs-ref-8868-338\/#breadcrumb"},"inLanguage":"fr-FR","potentialAction":[{"@type":"ReadAction","target":["https:\/\/districos.standingout.be\/fr\/product\/cobra-diamantee-medium-boule-18-mm-2-pcs-ref-8868-338\/"]}]},{"@type":"ImageObject","inLanguage":"fr-FR","@id":"https:\/\/districos.standingout.be\/fr\/product\/cobra-diamantee-medium-boule-18-mm-2-pcs-ref-8868-338\/#primaryimage","url":"https:\/\/districos.standingout.be\/wp-content\/uploads\/2026\/04\/8868.338@Cobra-Diamant-Medium-Bolletje-18-mm-2-st._1.png","contentUrl":"https:\/\/districos.standingout.be\/wp-content\/uploads\/2026\/04\/8868.338@Cobra-Diamant-Medium-Bolletje-18-mm-2-st._1.png","width":600,"height":600},{"@type":"BreadcrumbList","@id":"https:\/\/districos.standingout.be\/fr\/product\/cobra-diamantee-medium-boule-18-mm-2-pcs-ref-8868-338\/#breadcrumb","itemListElement":[{"@type":"ListItem","position":1,"name":"Home","item":"https:\/\/districos.standingout.be\/fr\/bienvenue-chez-districos\/"},{"@type":"ListItem","position":2,"name":"Boutique","item":"https:\/\/districos.standingout.be\/fr\/boutique\/"},{"@type":"ListItem","position":3,"name":"Cobra Diamant\u00e9e M\u00e9dium Boule 1,8 mm 2 pcs."}]},{"@type":"WebSite","@id":"https:\/\/districos.standingout.be\/fr\/#website","url":"https:\/\/districos.standingout.be\/fr\/","name":"Districos Webshop","description":"","publisher":{"@id":"https:\/\/districos.standingout.be\/fr\/#organization"},"potentialAction":[{"@type":"SearchAction","target":{"@type":"EntryPoint","urlTemplate":"https:\/\/districos.standingout.be\/fr\/?s={search_term_string}"},"query-input":{"@type":"PropertyValueSpecification","valueRequired":true,"valueName":"search_term_string"}}],"inLanguage":"fr-FR"},{"@type":"Organization","@id":"https:\/\/districos.standingout.be\/fr\/#organization","name":"Districos Webshop","url":"https:\/\/districos.standingout.be\/fr\/","logo":{"@type":"ImageObject","inLanguage":"fr-FR","@id":"https:\/\/districos.standingout.be\/fr\/#\/schema\/logo\/image\/","url":"https:\/\/districos.standingout.be\/wp-content\/uploads\/2022\/09\/Districos_Logo_Webshop.svg","contentUrl":"https:\/\/districos.standingout.be\/wp-content\/uploads\/2022\/09\/Districos_Logo_Webshop.svg","caption":"Districos Webshop"},"image":{"@id":"https:\/\/districos.standingout.be\/fr\/#\/schema\/logo\/image\/"}}]}},"_links":{"self":[{"href":"https:\/\/districos.standingout.be\/fr\/wp-json\/wp\/v2\/product\/141905","targetHints":{"allow":["GET"]}}],"collection":[{"href":"https:\/\/districos.standingout.be\/fr\/wp-json\/wp\/v2\/product"}],"about":[{"href":"https:\/\/districos.standingout.be\/fr\/wp-json\/wp\/v2\/types\/product"}],"replies":[{"embeddable":true,"href":"https:\/\/districos.standingout.be\/fr\/wp-json\/wp\/v2\/comments?post=141905"}],"wp:featuredmedia":[{"embeddable":true,"href":"https:\/\/districos.standingout.be\/fr\/wp-json\/wp\/v2\/media\/148528"}],"wp:attachment":[{"href":"https:\/\/districos.standingout.be\/fr\/wp-json\/wp\/v2\/media?parent=141905"}],"wp:term":[{"taxonomy":"product_brand","embeddable":true,"href":"https:\/\/districos.standingout.be\/fr\/wp-json\/wp\/v2\/product_brand?post=141905"},{"taxonomy":"product_cat","embeddable":true,"href":"https:\/\/districos.standingout.be\/fr\/wp-json\/wp\/v2\/product_cat?post=141905"},{"taxonomy":"product_tag","embeddable":true,"href":"https:\/\/districos.standingout.be\/fr\/wp-json\/wp\/v2\/product_tag?post=141905"}],"curies":[{"name":"wp","href":"https:\/\/api.w.org\/{rel}","templated":true}]}}