{"id":141955,"date":"2026-04-28T13:17:17","date_gmt":"2026-04-28T11:17:17","guid":{"rendered":"https:\/\/webshopdistricoscom.webhosting.be\/product\/cobra-carbure-medium-crosscut-droite-4-mm-1-pcs-ref-8868-654\/"},"modified":"2026-04-28T13:17:29","modified_gmt":"2026-04-28T11:17:29","slug":"cobra-carbure-medium-crosscut-droite-4-mm-1-pcs-ref-8868-654","status":"publish","type":"product","link":"https:\/\/districos.standingout.be\/fr\/product\/cobra-carbure-medium-crosscut-droite-4-mm-1-pcs-ref-8868-654\/","title":{"rendered":"Cobra Carbure M\u00e9dium Crosscut Droite 4 mm 1 pcs."},"content":{"rendered":"<p >\n<p dir=\"ltr\"><span>Cette fraise est la r\u00e9f\u00e9rence pour affiner la plaque ungu\u00e9ale et retirer le gel ou le vernis semi-permanent. Gr\u00e2ce \u00e0 un \u00e9quilibre parfait entre efficacit\u00e9 et s\u00e9curit\u00e9, elle est id\u00e9ale pour un usage professionnel. Ce mod\u00e8le est sp\u00e9cialement con\u00e7u pour les utilisateurs <b>droitiers<\/b>.<\/span><\/p>\n<p dir=\"ltr\"><\/p>\n<p dir=\"ltr\">Les fraises en carbure sont des fraises extr\u00eamement solide et durables, id\u00e9ales pour enlever les ongles&nbsp;<span>\u00e9paissis ainsi que les couches de gel ou d\u2019acrylique. Certaines variantes sont \u00e9galement adapt\u00e9es&nbsp;<\/span><span>pour l\u2019\u00e9limination des callosit\u00e9s dures.<\/span><\/p>\n<p dir=\"ltr\"><span><br \/><\/span><\/p>\n<p dir=\"ltr\"><b><u>Cobra propose 4 types :<\/u><\/b><\/p>\n<p dir=\"ltr\">\n<ol dir=\"ltr\">\n<li>Coupe Crosscut : Pour l\u2019amincissement doux et contr\u00f4l\u00e9 des ongles ou l\u2019\u00e9limination des callosit\u00e9s&nbsp;<span>(dures).&nbsp;<b>Attention \u00e0 la direction de rotation<\/b>&nbsp;!<\/span><\/li>\n<li>Coupe dentel\u00e9e : Efficace pour les plaques d\u2019ongles dures et les callosit\u00e9s (dures). Convient&nbsp;<b>aussi bien aux gauchers qu\u2019aux droitiers<\/b>.<\/li>\n<li>Coupe SNX : Une combinaison de la coupe Crosscut et de la coupe dentel\u00e9e.<\/li>\n<li>Avec ou sans rev\u00eatement en zirconium : Moins de d\u00e9veloppement de chaleur pour travailler de mani\u00e8re plus confortable et efficace<\/li>\n<\/ol><\/p>\n","protected":false},"excerpt":{"rendered":"<p>Cette fraise est la r\u00e9f\u00e9rence pour affiner la plaque ungu\u00e9ale et retirer le gel ou le vernis semi-permanent. Gr\u00e2ce \u00e0 un \u00e9quilibre parfait entre efficacit\u00e9 et s\u00e9curit\u00e9, elle est id\u00e9ale pour un usage professionnel. Ce mod\u00e8le est sp\u00e9cialement con\u00e7u pour les utilisateurs droitiers. Les fraises en carbure sont des fraises extr\u00eamement solide et durables, id\u00e9ales [&hellip;]<\/p>\n","protected":false},"featured_media":148590,"comment_status":"open","ping_status":"closed","template":"","meta":{"_acf_changed":false},"product_brand":[10334],"product_cat":[9942,10026,10024,10022,10020,10273],"product_tag":[],"class_list":{"0":"post-141955","1":"product","2":"type-product","3":"status-publish","4":"has-post-thumbnail","6":"product_brand-cobra-fr","7":"product_cat-beaute-pedicure-fraises","8":"product_cat-soins-des-pieds-podologie-fraises-ongle-en-acrylique","9":"product_cat-soins-des-pieds-podologie-fraises-ongle-en-gel","10":"product_cat-soins-des-pieds-podologie-fraises-ongle-epaissi","11":"product_cat-soins-des-pieds-podologie-fraises-plaque-ungueale","12":"product_cat-soins-des-pieds-podologie-fraises-toutes-les-fraises","14":"first","15":"instock","16":"taxable","17":"shipping-taxable","18":"product-type-simple"},"acf":[],"yoast_head":"<!-- This site is optimized with the Yoast SEO plugin v27.3 - https:\/\/yoast.com\/product\/yoast-seo-wordpress\/ -->\n<title>Cobra Carbure M\u00e9dium Crosscut Droite 4 mm 1 pcs. - Districos Webshop<\/title>\n<meta name=\"robots\" content=\"noindex, follow, max-snippet:-1, max-image-preview:large, max-video-preview:-1\" \/>\n<meta property=\"og:locale\" content=\"fr_FR\" \/>\n<meta property=\"og:type\" content=\"article\" \/>\n<meta property=\"og:title\" content=\"Cobra Carbure M\u00e9dium Crosscut Droite 4 mm 1 pcs. - Districos Webshop\" \/>\n<meta property=\"og:description\" content=\"Cette fraise est la r\u00e9f\u00e9rence pour affiner la plaque ungu\u00e9ale et retirer le gel ou le vernis semi-permanent. Gr\u00e2ce \u00e0 un \u00e9quilibre parfait entre efficacit\u00e9 et s\u00e9curit\u00e9, elle est id\u00e9ale pour un usage professionnel. Ce mod\u00e8le est sp\u00e9cialement con\u00e7u pour les utilisateurs droitiers. Les fraises en carbure sont des fraises extr\u00eamement solide et durables, id\u00e9ales [&hellip;]\" \/>\n<meta property=\"og:url\" content=\"https:\/\/districos.standingout.be\/fr\/product\/cobra-carbure-medium-crosscut-droite-4-mm-1-pcs-ref-8868-654\/\" \/>\n<meta property=\"og:site_name\" content=\"Districos Webshop\" \/>\n<meta property=\"article:modified_time\" content=\"2026-04-28T11:17:29+00:00\" \/>\n<meta name=\"twitter:card\" content=\"summary_large_image\" \/>\n<meta name=\"twitter:label1\" content=\"Dur\u00e9e de lecture estim\u00e9e\" \/>\n\t<meta name=\"twitter:data1\" content=\"1 minute\" \/>\n<script type=\"application\/ld+json\" class=\"yoast-schema-graph\">{\"@context\":\"https:\\\/\\\/schema.org\",\"@graph\":[{\"@type\":\"WebPage\",\"@id\":\"https:\\\/\\\/districos.standingout.be\\\/fr\\\/product\\\/cobra-carbure-medium-crosscut-droite-4-mm-1-pcs-ref-8868-654\\\/\",\"url\":\"https:\\\/\\\/districos.standingout.be\\\/fr\\\/product\\\/cobra-carbure-medium-crosscut-droite-4-mm-1-pcs-ref-8868-654\\\/\",\"name\":\"Cobra Carbure M\u00e9dium Crosscut Droite 4 mm 1 pcs. - Districos Webshop\",\"isPartOf\":{\"@id\":\"https:\\\/\\\/districos.standingout.be\\\/fr\\\/#website\"},\"primaryImageOfPage\":{\"@id\":\"https:\\\/\\\/districos.standingout.be\\\/fr\\\/product\\\/cobra-carbure-medium-crosscut-droite-4-mm-1-pcs-ref-8868-654\\\/#primaryimage\"},\"image\":{\"@id\":\"https:\\\/\\\/districos.standingout.be\\\/fr\\\/product\\\/cobra-carbure-medium-crosscut-droite-4-mm-1-pcs-ref-8868-654\\\/#primaryimage\"},\"thumbnailUrl\":\"https:\\\/\\\/districos.standingout.be\\\/wp-content\\\/uploads\\\/2026\\\/04\\\/8868.654@Cobra-Carbuur-Medium-Crosscut-Rechts-4-mm-1-st._1.png\",\"datePublished\":\"2026-04-28T11:17:17+00:00\",\"dateModified\":\"2026-04-28T11:17:29+00:00\",\"breadcrumb\":{\"@id\":\"https:\\\/\\\/districos.standingout.be\\\/fr\\\/product\\\/cobra-carbure-medium-crosscut-droite-4-mm-1-pcs-ref-8868-654\\\/#breadcrumb\"},\"inLanguage\":\"fr-FR\",\"potentialAction\":[{\"@type\":\"ReadAction\",\"target\":[\"https:\\\/\\\/districos.standingout.be\\\/fr\\\/product\\\/cobra-carbure-medium-crosscut-droite-4-mm-1-pcs-ref-8868-654\\\/\"]}]},{\"@type\":\"ImageObject\",\"inLanguage\":\"fr-FR\",\"@id\":\"https:\\\/\\\/districos.standingout.be\\\/fr\\\/product\\\/cobra-carbure-medium-crosscut-droite-4-mm-1-pcs-ref-8868-654\\\/#primaryimage\",\"url\":\"https:\\\/\\\/districos.standingout.be\\\/wp-content\\\/uploads\\\/2026\\\/04\\\/8868.654@Cobra-Carbuur-Medium-Crosscut-Rechts-4-mm-1-st._1.png\",\"contentUrl\":\"https:\\\/\\\/districos.standingout.be\\\/wp-content\\\/uploads\\\/2026\\\/04\\\/8868.654@Cobra-Carbuur-Medium-Crosscut-Rechts-4-mm-1-st._1.png\",\"width\":600,\"height\":600},{\"@type\":\"BreadcrumbList\",\"@id\":\"https:\\\/\\\/districos.standingout.be\\\/fr\\\/product\\\/cobra-carbure-medium-crosscut-droite-4-mm-1-pcs-ref-8868-654\\\/#breadcrumb\",\"itemListElement\":[{\"@type\":\"ListItem\",\"position\":1,\"name\":\"Home\",\"item\":\"https:\\\/\\\/districos.standingout.be\\\/fr\\\/bienvenue-chez-districos\\\/\"},{\"@type\":\"ListItem\",\"position\":2,\"name\":\"Boutique\",\"item\":\"https:\\\/\\\/districos.standingout.be\\\/fr\\\/boutique\\\/\"},{\"@type\":\"ListItem\",\"position\":3,\"name\":\"Cobra Carbure M\u00e9dium Crosscut Droite 4 mm 1 pcs.\"}]},{\"@type\":\"WebSite\",\"@id\":\"https:\\\/\\\/districos.standingout.be\\\/fr\\\/#website\",\"url\":\"https:\\\/\\\/districos.standingout.be\\\/fr\\\/\",\"name\":\"Districos Webshop\",\"description\":\"\",\"publisher\":{\"@id\":\"https:\\\/\\\/districos.standingout.be\\\/fr\\\/#organization\"},\"potentialAction\":[{\"@type\":\"SearchAction\",\"target\":{\"@type\":\"EntryPoint\",\"urlTemplate\":\"https:\\\/\\\/districos.standingout.be\\\/fr\\\/?s={search_term_string}\"},\"query-input\":{\"@type\":\"PropertyValueSpecification\",\"valueRequired\":true,\"valueName\":\"search_term_string\"}}],\"inLanguage\":\"fr-FR\"},{\"@type\":\"Organization\",\"@id\":\"https:\\\/\\\/districos.standingout.be\\\/fr\\\/#organization\",\"name\":\"Districos Webshop\",\"url\":\"https:\\\/\\\/districos.standingout.be\\\/fr\\\/\",\"logo\":{\"@type\":\"ImageObject\",\"inLanguage\":\"fr-FR\",\"@id\":\"https:\\\/\\\/districos.standingout.be\\\/fr\\\/#\\\/schema\\\/logo\\\/image\\\/\",\"url\":\"https:\\\/\\\/districos.standingout.be\\\/wp-content\\\/uploads\\\/2022\\\/09\\\/Districos_Logo_Webshop.svg\",\"contentUrl\":\"https:\\\/\\\/districos.standingout.be\\\/wp-content\\\/uploads\\\/2022\\\/09\\\/Districos_Logo_Webshop.svg\",\"caption\":\"Districos Webshop\"},\"image\":{\"@id\":\"https:\\\/\\\/districos.standingout.be\\\/fr\\\/#\\\/schema\\\/logo\\\/image\\\/\"}}]}<\/script>\n<!-- \/ Yoast SEO plugin. -->","yoast_head_json":{"title":"Cobra Carbure M\u00e9dium Crosscut Droite 4 mm 1 pcs. - Districos Webshop","robots":{"index":"noindex","follow":"follow","max-snippet":"max-snippet:-1","max-image-preview":"max-image-preview:large","max-video-preview":"max-video-preview:-1"},"og_locale":"fr_FR","og_type":"article","og_title":"Cobra Carbure M\u00e9dium Crosscut Droite 4 mm 1 pcs. - Districos Webshop","og_description":"Cette fraise est la r\u00e9f\u00e9rence pour affiner la plaque ungu\u00e9ale et retirer le gel ou le vernis semi-permanent. Gr\u00e2ce \u00e0 un \u00e9quilibre parfait entre efficacit\u00e9 et s\u00e9curit\u00e9, elle est id\u00e9ale pour un usage professionnel. Ce mod\u00e8le est sp\u00e9cialement con\u00e7u pour les utilisateurs droitiers. Les fraises en carbure sont des fraises extr\u00eamement solide et durables, id\u00e9ales [&hellip;]","og_url":"https:\/\/districos.standingout.be\/fr\/product\/cobra-carbure-medium-crosscut-droite-4-mm-1-pcs-ref-8868-654\/","og_site_name":"Districos Webshop","article_modified_time":"2026-04-28T11:17:29+00:00","twitter_card":"summary_large_image","twitter_misc":{"Dur\u00e9e de lecture estim\u00e9e":"1 minute"},"schema":{"@context":"https:\/\/schema.org","@graph":[{"@type":"WebPage","@id":"https:\/\/districos.standingout.be\/fr\/product\/cobra-carbure-medium-crosscut-droite-4-mm-1-pcs-ref-8868-654\/","url":"https:\/\/districos.standingout.be\/fr\/product\/cobra-carbure-medium-crosscut-droite-4-mm-1-pcs-ref-8868-654\/","name":"Cobra Carbure M\u00e9dium Crosscut Droite 4 mm 1 pcs. - Districos Webshop","isPartOf":{"@id":"https:\/\/districos.standingout.be\/fr\/#website"},"primaryImageOfPage":{"@id":"https:\/\/districos.standingout.be\/fr\/product\/cobra-carbure-medium-crosscut-droite-4-mm-1-pcs-ref-8868-654\/#primaryimage"},"image":{"@id":"https:\/\/districos.standingout.be\/fr\/product\/cobra-carbure-medium-crosscut-droite-4-mm-1-pcs-ref-8868-654\/#primaryimage"},"thumbnailUrl":"https:\/\/districos.standingout.be\/wp-content\/uploads\/2026\/04\/8868.654@Cobra-Carbuur-Medium-Crosscut-Rechts-4-mm-1-st._1.png","datePublished":"2026-04-28T11:17:17+00:00","dateModified":"2026-04-28T11:17:29+00:00","breadcrumb":{"@id":"https:\/\/districos.standingout.be\/fr\/product\/cobra-carbure-medium-crosscut-droite-4-mm-1-pcs-ref-8868-654\/#breadcrumb"},"inLanguage":"fr-FR","potentialAction":[{"@type":"ReadAction","target":["https:\/\/districos.standingout.be\/fr\/product\/cobra-carbure-medium-crosscut-droite-4-mm-1-pcs-ref-8868-654\/"]}]},{"@type":"ImageObject","inLanguage":"fr-FR","@id":"https:\/\/districos.standingout.be\/fr\/product\/cobra-carbure-medium-crosscut-droite-4-mm-1-pcs-ref-8868-654\/#primaryimage","url":"https:\/\/districos.standingout.be\/wp-content\/uploads\/2026\/04\/8868.654@Cobra-Carbuur-Medium-Crosscut-Rechts-4-mm-1-st._1.png","contentUrl":"https:\/\/districos.standingout.be\/wp-content\/uploads\/2026\/04\/8868.654@Cobra-Carbuur-Medium-Crosscut-Rechts-4-mm-1-st._1.png","width":600,"height":600},{"@type":"BreadcrumbList","@id":"https:\/\/districos.standingout.be\/fr\/product\/cobra-carbure-medium-crosscut-droite-4-mm-1-pcs-ref-8868-654\/#breadcrumb","itemListElement":[{"@type":"ListItem","position":1,"name":"Home","item":"https:\/\/districos.standingout.be\/fr\/bienvenue-chez-districos\/"},{"@type":"ListItem","position":2,"name":"Boutique","item":"https:\/\/districos.standingout.be\/fr\/boutique\/"},{"@type":"ListItem","position":3,"name":"Cobra Carbure M\u00e9dium Crosscut Droite 4 mm 1 pcs."}]},{"@type":"WebSite","@id":"https:\/\/districos.standingout.be\/fr\/#website","url":"https:\/\/districos.standingout.be\/fr\/","name":"Districos Webshop","description":"","publisher":{"@id":"https:\/\/districos.standingout.be\/fr\/#organization"},"potentialAction":[{"@type":"SearchAction","target":{"@type":"EntryPoint","urlTemplate":"https:\/\/districos.standingout.be\/fr\/?s={search_term_string}"},"query-input":{"@type":"PropertyValueSpecification","valueRequired":true,"valueName":"search_term_string"}}],"inLanguage":"fr-FR"},{"@type":"Organization","@id":"https:\/\/districos.standingout.be\/fr\/#organization","name":"Districos Webshop","url":"https:\/\/districos.standingout.be\/fr\/","logo":{"@type":"ImageObject","inLanguage":"fr-FR","@id":"https:\/\/districos.standingout.be\/fr\/#\/schema\/logo\/image\/","url":"https:\/\/districos.standingout.be\/wp-content\/uploads\/2022\/09\/Districos_Logo_Webshop.svg","contentUrl":"https:\/\/districos.standingout.be\/wp-content\/uploads\/2022\/09\/Districos_Logo_Webshop.svg","caption":"Districos Webshop"},"image":{"@id":"https:\/\/districos.standingout.be\/fr\/#\/schema\/logo\/image\/"}}]}},"_links":{"self":[{"href":"https:\/\/districos.standingout.be\/fr\/wp-json\/wp\/v2\/product\/141955","targetHints":{"allow":["GET"]}}],"collection":[{"href":"https:\/\/districos.standingout.be\/fr\/wp-json\/wp\/v2\/product"}],"about":[{"href":"https:\/\/districos.standingout.be\/fr\/wp-json\/wp\/v2\/types\/product"}],"replies":[{"embeddable":true,"href":"https:\/\/districos.standingout.be\/fr\/wp-json\/wp\/v2\/comments?post=141955"}],"wp:featuredmedia":[{"embeddable":true,"href":"https:\/\/districos.standingout.be\/fr\/wp-json\/wp\/v2\/media\/148590"}],"wp:attachment":[{"href":"https:\/\/districos.standingout.be\/fr\/wp-json\/wp\/v2\/media?parent=141955"}],"wp:term":[{"taxonomy":"product_brand","embeddable":true,"href":"https:\/\/districos.standingout.be\/fr\/wp-json\/wp\/v2\/product_brand?post=141955"},{"taxonomy":"product_cat","embeddable":true,"href":"https:\/\/districos.standingout.be\/fr\/wp-json\/wp\/v2\/product_cat?post=141955"},{"taxonomy":"product_tag","embeddable":true,"href":"https:\/\/districos.standingout.be\/fr\/wp-json\/wp\/v2\/product_tag?post=141955"}],"curies":[{"name":"wp","href":"https:\/\/api.w.org\/{rel}","templated":true}]}}