{"id":141963,"date":"2026-04-28T13:17:56","date_gmt":"2026-04-28T11:17:56","guid":{"rendered":"https:\/\/webshopdistricoscom.webhosting.be\/product\/cobra-ceramique-coupelle-crosscut-droite-6-mm-1-pcs-ref-8868-700\/"},"modified":"2026-04-28T13:18:05","modified_gmt":"2026-04-28T11:18:05","slug":"cobra-ceramique-coupelle-crosscut-droite-6-mm-1-pcs-ref-8868-700","status":"publish","type":"product","link":"https:\/\/districos.standingout.be\/fr\/product\/cobra-ceramique-coupelle-crosscut-droite-6-mm-1-pcs-ref-8868-700\/","title":{"rendered":"Cobra C\u00e9ramique Coupelle Crosscut Droite 6 mm 1 pcs."},"content":{"rendered":"<p >\n<\/p>\n<p dir=\"ltr\">Cette fraise est con\u00e7ue pour affiner la plaque ungu\u00e9ale et retirer le gel ou le vernis semi-permanent. Sp\u00e9cialement con\u00e7ue pour les utilisateurs <b>droitiers<\/b>.<\/p>\n<p dir=\"ltr\"><\/p>\n<p dir=\"ltr\">Les fraises en c\u00e9ramique offrent les m\u00eames propri\u00e9t\u00e9s efficaces que les fraises en carbure, mais se&nbsp;<span>distinguent par leur l\u00e9g\u00e8ret\u00e9, ce qui les rend plus agr\u00e9ables pour le patient. De plus, elles g\u00e9n\u00e8rent&nbsp;<\/span><span>moins de vibrations, ce qui non seulement r\u00e9duit la production de chaleur, mais permet \u00e9galement&nbsp;<\/span><span>une finition plus lisse et plus confortable.<\/span><\/p><\/p>\n","protected":false},"excerpt":{"rendered":"<p>Cette fraise est con\u00e7ue pour affiner la plaque ungu\u00e9ale et retirer le gel ou le vernis semi-permanent. Sp\u00e9cialement con\u00e7ue pour les utilisateurs droitiers. Les fraises en c\u00e9ramique offrent les m\u00eames propri\u00e9t\u00e9s efficaces que les fraises en carbure, mais se&nbsp;distinguent par leur l\u00e9g\u00e8ret\u00e9, ce qui les rend plus agr\u00e9ables pour le patient. De plus, elles g\u00e9n\u00e8rent&nbsp;moins [&hellip;]<\/p>\n","protected":false},"featured_media":148598,"comment_status":"open","ping_status":"closed","template":"","meta":{"_acf_changed":false},"product_brand":[10334],"product_cat":[9942,10026,10024,10022,10020,10273],"product_tag":[],"class_list":{"0":"post-141963","1":"product","2":"type-product","3":"status-publish","4":"has-post-thumbnail","6":"product_brand-cobra-fr","7":"product_cat-beaute-pedicure-fraises","8":"product_cat-soins-des-pieds-podologie-fraises-ongle-en-acrylique","9":"product_cat-soins-des-pieds-podologie-fraises-ongle-en-gel","10":"product_cat-soins-des-pieds-podologie-fraises-ongle-epaissi","11":"product_cat-soins-des-pieds-podologie-fraises-plaque-ungueale","12":"product_cat-soins-des-pieds-podologie-fraises-toutes-les-fraises","14":"first","15":"instock","16":"taxable","17":"shipping-taxable","18":"product-type-simple"},"acf":[],"yoast_head":"<!-- This site is optimized with the Yoast SEO plugin v27.3 - https:\/\/yoast.com\/product\/yoast-seo-wordpress\/ -->\n<title>Cobra C\u00e9ramique Coupelle Crosscut Droite 6 mm 1 pcs. - Districos Webshop<\/title>\n<meta name=\"robots\" content=\"noindex, follow, max-snippet:-1, max-image-preview:large, max-video-preview:-1\" \/>\n<meta property=\"og:locale\" content=\"fr_FR\" \/>\n<meta property=\"og:type\" content=\"article\" \/>\n<meta property=\"og:title\" content=\"Cobra C\u00e9ramique Coupelle Crosscut Droite 6 mm 1 pcs. - Districos Webshop\" \/>\n<meta property=\"og:description\" content=\"Cette fraise est con\u00e7ue pour affiner la plaque ungu\u00e9ale et retirer le gel ou le vernis semi-permanent. Sp\u00e9cialement con\u00e7ue pour les utilisateurs droitiers. Les fraises en c\u00e9ramique offrent les m\u00eames propri\u00e9t\u00e9s efficaces que les fraises en carbure, mais se&nbsp;distinguent par leur l\u00e9g\u00e8ret\u00e9, ce qui les rend plus agr\u00e9ables pour le patient. De plus, elles g\u00e9n\u00e8rent&nbsp;moins [&hellip;]\" \/>\n<meta property=\"og:url\" content=\"https:\/\/districos.standingout.be\/fr\/product\/cobra-ceramique-coupelle-crosscut-droite-6-mm-1-pcs-ref-8868-700\/\" \/>\n<meta property=\"og:site_name\" content=\"Districos Webshop\" \/>\n<meta property=\"article:modified_time\" content=\"2026-04-28T11:18:05+00:00\" \/>\n<meta name=\"twitter:card\" content=\"summary_large_image\" \/>\n<script type=\"application\/ld+json\" class=\"yoast-schema-graph\">{\"@context\":\"https:\\\/\\\/schema.org\",\"@graph\":[{\"@type\":\"WebPage\",\"@id\":\"https:\\\/\\\/districos.standingout.be\\\/fr\\\/product\\\/cobra-ceramique-coupelle-crosscut-droite-6-mm-1-pcs-ref-8868-700\\\/\",\"url\":\"https:\\\/\\\/districos.standingout.be\\\/fr\\\/product\\\/cobra-ceramique-coupelle-crosscut-droite-6-mm-1-pcs-ref-8868-700\\\/\",\"name\":\"Cobra C\u00e9ramique Coupelle Crosscut Droite 6 mm 1 pcs. - Districos Webshop\",\"isPartOf\":{\"@id\":\"https:\\\/\\\/districos.standingout.be\\\/fr\\\/#website\"},\"primaryImageOfPage\":{\"@id\":\"https:\\\/\\\/districos.standingout.be\\\/fr\\\/product\\\/cobra-ceramique-coupelle-crosscut-droite-6-mm-1-pcs-ref-8868-700\\\/#primaryimage\"},\"image\":{\"@id\":\"https:\\\/\\\/districos.standingout.be\\\/fr\\\/product\\\/cobra-ceramique-coupelle-crosscut-droite-6-mm-1-pcs-ref-8868-700\\\/#primaryimage\"},\"thumbnailUrl\":\"https:\\\/\\\/districos.standingout.be\\\/wp-content\\\/uploads\\\/2026\\\/04\\\/8868.700@Cobra-Keramische-Koepel-Crosscut-Rechts-6-mm-1-st._1.png\",\"datePublished\":\"2026-04-28T11:17:56+00:00\",\"dateModified\":\"2026-04-28T11:18:05+00:00\",\"breadcrumb\":{\"@id\":\"https:\\\/\\\/districos.standingout.be\\\/fr\\\/product\\\/cobra-ceramique-coupelle-crosscut-droite-6-mm-1-pcs-ref-8868-700\\\/#breadcrumb\"},\"inLanguage\":\"fr-FR\",\"potentialAction\":[{\"@type\":\"ReadAction\",\"target\":[\"https:\\\/\\\/districos.standingout.be\\\/fr\\\/product\\\/cobra-ceramique-coupelle-crosscut-droite-6-mm-1-pcs-ref-8868-700\\\/\"]}]},{\"@type\":\"ImageObject\",\"inLanguage\":\"fr-FR\",\"@id\":\"https:\\\/\\\/districos.standingout.be\\\/fr\\\/product\\\/cobra-ceramique-coupelle-crosscut-droite-6-mm-1-pcs-ref-8868-700\\\/#primaryimage\",\"url\":\"https:\\\/\\\/districos.standingout.be\\\/wp-content\\\/uploads\\\/2026\\\/04\\\/8868.700@Cobra-Keramische-Koepel-Crosscut-Rechts-6-mm-1-st._1.png\",\"contentUrl\":\"https:\\\/\\\/districos.standingout.be\\\/wp-content\\\/uploads\\\/2026\\\/04\\\/8868.700@Cobra-Keramische-Koepel-Crosscut-Rechts-6-mm-1-st._1.png\",\"width\":600,\"height\":600},{\"@type\":\"BreadcrumbList\",\"@id\":\"https:\\\/\\\/districos.standingout.be\\\/fr\\\/product\\\/cobra-ceramique-coupelle-crosscut-droite-6-mm-1-pcs-ref-8868-700\\\/#breadcrumb\",\"itemListElement\":[{\"@type\":\"ListItem\",\"position\":1,\"name\":\"Home\",\"item\":\"https:\\\/\\\/districos.standingout.be\\\/fr\\\/bienvenue-chez-districos\\\/\"},{\"@type\":\"ListItem\",\"position\":2,\"name\":\"Boutique\",\"item\":\"https:\\\/\\\/districos.standingout.be\\\/fr\\\/boutique\\\/\"},{\"@type\":\"ListItem\",\"position\":3,\"name\":\"Cobra C\u00e9ramique Coupelle Crosscut Droite 6 mm 1 pcs.\"}]},{\"@type\":\"WebSite\",\"@id\":\"https:\\\/\\\/districos.standingout.be\\\/fr\\\/#website\",\"url\":\"https:\\\/\\\/districos.standingout.be\\\/fr\\\/\",\"name\":\"Districos Webshop\",\"description\":\"\",\"publisher\":{\"@id\":\"https:\\\/\\\/districos.standingout.be\\\/fr\\\/#organization\"},\"potentialAction\":[{\"@type\":\"SearchAction\",\"target\":{\"@type\":\"EntryPoint\",\"urlTemplate\":\"https:\\\/\\\/districos.standingout.be\\\/fr\\\/?s={search_term_string}\"},\"query-input\":{\"@type\":\"PropertyValueSpecification\",\"valueRequired\":true,\"valueName\":\"search_term_string\"}}],\"inLanguage\":\"fr-FR\"},{\"@type\":\"Organization\",\"@id\":\"https:\\\/\\\/districos.standingout.be\\\/fr\\\/#organization\",\"name\":\"Districos Webshop\",\"url\":\"https:\\\/\\\/districos.standingout.be\\\/fr\\\/\",\"logo\":{\"@type\":\"ImageObject\",\"inLanguage\":\"fr-FR\",\"@id\":\"https:\\\/\\\/districos.standingout.be\\\/fr\\\/#\\\/schema\\\/logo\\\/image\\\/\",\"url\":\"https:\\\/\\\/districos.standingout.be\\\/wp-content\\\/uploads\\\/2022\\\/09\\\/Districos_Logo_Webshop.svg\",\"contentUrl\":\"https:\\\/\\\/districos.standingout.be\\\/wp-content\\\/uploads\\\/2022\\\/09\\\/Districos_Logo_Webshop.svg\",\"caption\":\"Districos Webshop\"},\"image\":{\"@id\":\"https:\\\/\\\/districos.standingout.be\\\/fr\\\/#\\\/schema\\\/logo\\\/image\\\/\"}}]}<\/script>\n<!-- \/ Yoast SEO plugin. -->","yoast_head_json":{"title":"Cobra C\u00e9ramique Coupelle Crosscut Droite 6 mm 1 pcs. - Districos Webshop","robots":{"index":"noindex","follow":"follow","max-snippet":"max-snippet:-1","max-image-preview":"max-image-preview:large","max-video-preview":"max-video-preview:-1"},"og_locale":"fr_FR","og_type":"article","og_title":"Cobra C\u00e9ramique Coupelle Crosscut Droite 6 mm 1 pcs. - Districos Webshop","og_description":"Cette fraise est con\u00e7ue pour affiner la plaque ungu\u00e9ale et retirer le gel ou le vernis semi-permanent. Sp\u00e9cialement con\u00e7ue pour les utilisateurs droitiers. Les fraises en c\u00e9ramique offrent les m\u00eames propri\u00e9t\u00e9s efficaces que les fraises en carbure, mais se&nbsp;distinguent par leur l\u00e9g\u00e8ret\u00e9, ce qui les rend plus agr\u00e9ables pour le patient. De plus, elles g\u00e9n\u00e8rent&nbsp;moins [&hellip;]","og_url":"https:\/\/districos.standingout.be\/fr\/product\/cobra-ceramique-coupelle-crosscut-droite-6-mm-1-pcs-ref-8868-700\/","og_site_name":"Districos Webshop","article_modified_time":"2026-04-28T11:18:05+00:00","twitter_card":"summary_large_image","schema":{"@context":"https:\/\/schema.org","@graph":[{"@type":"WebPage","@id":"https:\/\/districos.standingout.be\/fr\/product\/cobra-ceramique-coupelle-crosscut-droite-6-mm-1-pcs-ref-8868-700\/","url":"https:\/\/districos.standingout.be\/fr\/product\/cobra-ceramique-coupelle-crosscut-droite-6-mm-1-pcs-ref-8868-700\/","name":"Cobra C\u00e9ramique Coupelle Crosscut Droite 6 mm 1 pcs. - Districos Webshop","isPartOf":{"@id":"https:\/\/districos.standingout.be\/fr\/#website"},"primaryImageOfPage":{"@id":"https:\/\/districos.standingout.be\/fr\/product\/cobra-ceramique-coupelle-crosscut-droite-6-mm-1-pcs-ref-8868-700\/#primaryimage"},"image":{"@id":"https:\/\/districos.standingout.be\/fr\/product\/cobra-ceramique-coupelle-crosscut-droite-6-mm-1-pcs-ref-8868-700\/#primaryimage"},"thumbnailUrl":"https:\/\/districos.standingout.be\/wp-content\/uploads\/2026\/04\/8868.700@Cobra-Keramische-Koepel-Crosscut-Rechts-6-mm-1-st._1.png","datePublished":"2026-04-28T11:17:56+00:00","dateModified":"2026-04-28T11:18:05+00:00","breadcrumb":{"@id":"https:\/\/districos.standingout.be\/fr\/product\/cobra-ceramique-coupelle-crosscut-droite-6-mm-1-pcs-ref-8868-700\/#breadcrumb"},"inLanguage":"fr-FR","potentialAction":[{"@type":"ReadAction","target":["https:\/\/districos.standingout.be\/fr\/product\/cobra-ceramique-coupelle-crosscut-droite-6-mm-1-pcs-ref-8868-700\/"]}]},{"@type":"ImageObject","inLanguage":"fr-FR","@id":"https:\/\/districos.standingout.be\/fr\/product\/cobra-ceramique-coupelle-crosscut-droite-6-mm-1-pcs-ref-8868-700\/#primaryimage","url":"https:\/\/districos.standingout.be\/wp-content\/uploads\/2026\/04\/8868.700@Cobra-Keramische-Koepel-Crosscut-Rechts-6-mm-1-st._1.png","contentUrl":"https:\/\/districos.standingout.be\/wp-content\/uploads\/2026\/04\/8868.700@Cobra-Keramische-Koepel-Crosscut-Rechts-6-mm-1-st._1.png","width":600,"height":600},{"@type":"BreadcrumbList","@id":"https:\/\/districos.standingout.be\/fr\/product\/cobra-ceramique-coupelle-crosscut-droite-6-mm-1-pcs-ref-8868-700\/#breadcrumb","itemListElement":[{"@type":"ListItem","position":1,"name":"Home","item":"https:\/\/districos.standingout.be\/fr\/bienvenue-chez-districos\/"},{"@type":"ListItem","position":2,"name":"Boutique","item":"https:\/\/districos.standingout.be\/fr\/boutique\/"},{"@type":"ListItem","position":3,"name":"Cobra C\u00e9ramique Coupelle Crosscut Droite 6 mm 1 pcs."}]},{"@type":"WebSite","@id":"https:\/\/districos.standingout.be\/fr\/#website","url":"https:\/\/districos.standingout.be\/fr\/","name":"Districos Webshop","description":"","publisher":{"@id":"https:\/\/districos.standingout.be\/fr\/#organization"},"potentialAction":[{"@type":"SearchAction","target":{"@type":"EntryPoint","urlTemplate":"https:\/\/districos.standingout.be\/fr\/?s={search_term_string}"},"query-input":{"@type":"PropertyValueSpecification","valueRequired":true,"valueName":"search_term_string"}}],"inLanguage":"fr-FR"},{"@type":"Organization","@id":"https:\/\/districos.standingout.be\/fr\/#organization","name":"Districos Webshop","url":"https:\/\/districos.standingout.be\/fr\/","logo":{"@type":"ImageObject","inLanguage":"fr-FR","@id":"https:\/\/districos.standingout.be\/fr\/#\/schema\/logo\/image\/","url":"https:\/\/districos.standingout.be\/wp-content\/uploads\/2022\/09\/Districos_Logo_Webshop.svg","contentUrl":"https:\/\/districos.standingout.be\/wp-content\/uploads\/2022\/09\/Districos_Logo_Webshop.svg","caption":"Districos Webshop"},"image":{"@id":"https:\/\/districos.standingout.be\/fr\/#\/schema\/logo\/image\/"}}]}},"_links":{"self":[{"href":"https:\/\/districos.standingout.be\/fr\/wp-json\/wp\/v2\/product\/141963","targetHints":{"allow":["GET"]}}],"collection":[{"href":"https:\/\/districos.standingout.be\/fr\/wp-json\/wp\/v2\/product"}],"about":[{"href":"https:\/\/districos.standingout.be\/fr\/wp-json\/wp\/v2\/types\/product"}],"replies":[{"embeddable":true,"href":"https:\/\/districos.standingout.be\/fr\/wp-json\/wp\/v2\/comments?post=141963"}],"wp:featuredmedia":[{"embeddable":true,"href":"https:\/\/districos.standingout.be\/fr\/wp-json\/wp\/v2\/media\/148598"}],"wp:attachment":[{"href":"https:\/\/districos.standingout.be\/fr\/wp-json\/wp\/v2\/media?parent=141963"}],"wp:term":[{"taxonomy":"product_brand","embeddable":true,"href":"https:\/\/districos.standingout.be\/fr\/wp-json\/wp\/v2\/product_brand?post=141963"},{"taxonomy":"product_cat","embeddable":true,"href":"https:\/\/districos.standingout.be\/fr\/wp-json\/wp\/v2\/product_cat?post=141963"},{"taxonomy":"product_tag","embeddable":true,"href":"https:\/\/districos.standingout.be\/fr\/wp-json\/wp\/v2\/product_tag?post=141963"}],"curies":[{"name":"wp","href":"https:\/\/api.w.org\/{rel}","templated":true}]}}