{"id":141967,"date":"2026-04-28T13:18:17","date_gmt":"2026-04-28T11:18:17","guid":{"rendered":"https:\/\/webshopdistricoscom.webhosting.be\/product\/cobra-set-de-fraises-professionnel-droitier-1-pcs-ref-8868-920\/"},"modified":"2026-04-28T13:18:30","modified_gmt":"2026-04-28T11:18:30","slug":"cobra-set-de-fraises-professionnel-droitier-1-pcs-ref-8868-920","status":"publish","type":"product","link":"https:\/\/districos.standingout.be\/fr\/product\/cobra-set-de-fraises-professionnel-droitier-1-pcs-ref-8868-920\/","title":{"rendered":"Cobra Set de Fraises Professionnel Droitier 1 pcs."},"content":{"rendered":"<p >\n<\/p>\n<p><b>Set de Fraises Professionnelle pour Droutier de Cobra<\/b><\/p>\n<p>Id\u00e9al pour tous ceux qui souhaitent des soins de qualit\u00e9 pour les ongles et la peau \u00e0 un prix attractif.<\/p>\n<p dir=\"ltr\"><b>Contenu :<\/b><\/p>\n<ul>\n<li>Cobra C\u00e9ramique Coupelle Crosscut Droite 6 mm (<span><a href=\"https:\/\/webshop.districos.com\/ProductDetail\/8868.700\" target=\"_blank\" rel=\"noopener noreferrer nofollow\">r\u00e9f. 8868.700<\/a>)<\/span>: Amincissement de l\u2019ongle, \u00e9galisation d\u2019ongles \u00e0 mycose et traiter les ongles en gel.<\/li>\n<li>Cobra Fraise Bomb\u00e9e Carbure M\u00e9dium Coupe SNX (1 pc.) (<span><a href=\"https:\/\/webshop.districos.com\/ProductDetail\/8868.674\" target=\"_blank\" rel=\"noopener noreferrer nofollow\">r\u00e9f. 8868.674<\/a>)<\/span>: Enlever efficacement et prudemment les cors et un oeil-de-perdrix<\/li>\n<li>Cobra Onyclean Small 1,2 mm (<span><a href=\"https:\/\/webshop.districos.com\/ProductDetail\/8868.450\" target=\"_blank\" rel=\"noopener noreferrer nofollow\">r\u00e9f. 8868.450<\/a>)<\/span>: Fraise hexagonale sans surfaces aigu\u00ebs afin de nettoyer les sillons ungu\u00e9aux et d\u2019enlever les cuticules chez des diab\u00e9tiques ou d\u2019autres patients avec une peau sensible<\/li>\n<li>Cobra Diamant\u00e9e M\u00e9dium Fissure 1,8 mm (1 pc.) (<span><a href=\"https:\/\/webshop.districos.com\/ProductDetail\/8868.342\" target=\"_blank\" rel=\"noopener noreferrer nofollow\">r\u00e9f. 8868.342<\/a><\/span>)<span>: P<\/span>our le traitement des callosit\u00e9s, des cuticules et des sillons ungu\u00e9aux mais \u00e9galement afin d\u2019\u00e9galiser des surfaces calleuses.<\/li>\n<li>Cobra Diamant\u00e9e M\u00e9dium C\u00f4ne 4 mm (<a href=\"https:\/\/webshop.districos.com\/ProductDetail\/8868.348\" target=\"_blank\" rel=\"noopener noreferrer nofollow\">r\u00e9f. 8868.348<\/a>):&nbsp;Cette fraise est la norme pour les callosit\u00e9s normales et la finition des ongles.<\/li>\n<li>Cobra Diamant\u00e9e M\u00e9dium Marqueur 1,8 mm (1 pc.) (<a href=\"https:\/\/webshop.districos.com\/ProductDetail\/8868.343\" target=\"_blank\" rel=\"noopener noreferrer nofollow\">r\u00e9f. 8868.343<\/a>): Enl\u00e8vement et nettoyage des cuticules et des sillons ungu\u00e9aux.<\/li>\n<li>Cobra Diamant\u00e9e M\u00e9dium Boule 1,8 mm (1 st.) (<a href=\"https:\/\/webshop.districos.com\/ProductDetail\/8868.338\" target=\"_blank\" rel=\"noopener noreferrer nofollow\">r\u00e9f. 8868.338<\/a>): Pour le traitement des callosit\u00e9s, des cuticules et des sillons ungu\u00e9aux et afin d\u2019\u00e9galiser des surfaces calleuses.<\/li>\n<li>Cobra Diamant\u00e9e M\u00e9dium Poire 5 mm (<a href=\"https:\/\/webshop.districos.com\/ProductDetail\/8868.345\" target=\"_blank\" rel=\"noopener noreferrer nofollow\">r\u00e9f. 8868.345<\/a>): Pour le traitement des callosit\u00e9s, des cuticules et des sillons ungu\u00e9aux mais \u00e9galement afin d\u2019\u00e9galiser des surfaces calleuses.<\/li>\n<\/ul>\n","protected":false},"excerpt":{"rendered":"<p>Set de Fraises Professionnelle pour Droutier de Cobra Id\u00e9al pour tous ceux qui souhaitent des soins de qualit\u00e9 pour les ongles et la peau \u00e0 un prix attractif. Contenu : Cobra C\u00e9ramique Coupelle Crosscut Droite 6 mm (r\u00e9f. 8868.700): Amincissement de l\u2019ongle, \u00e9galisation d\u2019ongles \u00e0 mycose et traiter les ongles en gel. Cobra Fraise Bomb\u00e9e [&hellip;]<\/p>\n","protected":false},"featured_media":148602,"comment_status":"open","ping_status":"closed","template":"","meta":{"_acf_changed":false},"product_brand":[10334],"product_cat":[10014,10016,10018,9942,10026,10024,10022,10028,10020,10273],"product_tag":[],"class_list":{"0":"post-141967","1":"product","2":"type-product","3":"status-publish","4":"has-post-thumbnail","6":"product_brand-cobra-fr","7":"product_cat-soins-des-pieds-podologie-fraises-callosites","8":"product_cat-soins-des-pieds-podologie-fraises-cors","9":"product_cat-soins-des-pieds-podologie-fraises-cuticules","10":"product_cat-beaute-pedicure-fraises","11":"product_cat-soins-des-pieds-podologie-fraises-ongle-en-acrylique","12":"product_cat-soins-des-pieds-podologie-fraises-ongle-en-gel","13":"product_cat-soins-des-pieds-podologie-fraises-ongle-epaissi","14":"product_cat-soins-des-pieds-podologie-fraises-ongle-incarne","15":"product_cat-soins-des-pieds-podologie-fraises-plaque-ungueale","16":"product_cat-soins-des-pieds-podologie-fraises-toutes-les-fraises","18":"first","19":"instock","20":"taxable","21":"shipping-taxable","22":"product-type-simple"},"acf":[],"yoast_head":"<!-- This site is optimized with the Yoast SEO plugin v27.3 - https:\/\/yoast.com\/product\/yoast-seo-wordpress\/ -->\n<title>Cobra Set de Fraises Professionnel Droitier 1 pcs. - Districos Webshop<\/title>\n<meta name=\"robots\" content=\"noindex, follow, max-snippet:-1, max-image-preview:large, max-video-preview:-1\" \/>\n<meta property=\"og:locale\" content=\"fr_FR\" \/>\n<meta property=\"og:type\" content=\"article\" \/>\n<meta property=\"og:title\" content=\"Cobra Set de Fraises Professionnel Droitier 1 pcs. - Districos Webshop\" \/>\n<meta property=\"og:description\" content=\"Set de Fraises Professionnelle pour Droutier de Cobra Id\u00e9al pour tous ceux qui souhaitent des soins de qualit\u00e9 pour les ongles et la peau \u00e0 un prix attractif. Contenu : Cobra C\u00e9ramique Coupelle Crosscut Droite 6 mm (r\u00e9f. 8868.700): Amincissement de l\u2019ongle, \u00e9galisation d\u2019ongles \u00e0 mycose et traiter les ongles en gel. Cobra Fraise Bomb\u00e9e [&hellip;]\" \/>\n<meta property=\"og:url\" content=\"https:\/\/districos.standingout.be\/fr\/product\/cobra-set-de-fraises-professionnel-droitier-1-pcs-ref-8868-920\/\" \/>\n<meta property=\"og:site_name\" content=\"Districos Webshop\" \/>\n<meta property=\"article:modified_time\" content=\"2026-04-28T11:18:30+00:00\" \/>\n<meta name=\"twitter:card\" content=\"summary_large_image\" \/>\n<meta name=\"twitter:label1\" content=\"Dur\u00e9e de lecture estim\u00e9e\" \/>\n\t<meta name=\"twitter:data1\" content=\"1 minute\" \/>\n<script type=\"application\/ld+json\" class=\"yoast-schema-graph\">{\"@context\":\"https:\\\/\\\/schema.org\",\"@graph\":[{\"@type\":\"WebPage\",\"@id\":\"https:\\\/\\\/districos.standingout.be\\\/fr\\\/product\\\/cobra-set-de-fraises-professionnel-droitier-1-pcs-ref-8868-920\\\/\",\"url\":\"https:\\\/\\\/districos.standingout.be\\\/fr\\\/product\\\/cobra-set-de-fraises-professionnel-droitier-1-pcs-ref-8868-920\\\/\",\"name\":\"Cobra Set de Fraises Professionnel Droitier 1 pcs. - Districos Webshop\",\"isPartOf\":{\"@id\":\"https:\\\/\\\/districos.standingout.be\\\/fr\\\/#website\"},\"primaryImageOfPage\":{\"@id\":\"https:\\\/\\\/districos.standingout.be\\\/fr\\\/product\\\/cobra-set-de-fraises-professionnel-droitier-1-pcs-ref-8868-920\\\/#primaryimage\"},\"image\":{\"@id\":\"https:\\\/\\\/districos.standingout.be\\\/fr\\\/product\\\/cobra-set-de-fraises-professionnel-droitier-1-pcs-ref-8868-920\\\/#primaryimage\"},\"thumbnailUrl\":\"https:\\\/\\\/districos.standingout.be\\\/wp-content\\\/uploads\\\/2026\\\/04\\\/8868.920@Cobra-Professionele-Frezenset-Rechts-1-st._1.png\",\"datePublished\":\"2026-04-28T11:18:17+00:00\",\"dateModified\":\"2026-04-28T11:18:30+00:00\",\"breadcrumb\":{\"@id\":\"https:\\\/\\\/districos.standingout.be\\\/fr\\\/product\\\/cobra-set-de-fraises-professionnel-droitier-1-pcs-ref-8868-920\\\/#breadcrumb\"},\"inLanguage\":\"fr-FR\",\"potentialAction\":[{\"@type\":\"ReadAction\",\"target\":[\"https:\\\/\\\/districos.standingout.be\\\/fr\\\/product\\\/cobra-set-de-fraises-professionnel-droitier-1-pcs-ref-8868-920\\\/\"]}]},{\"@type\":\"ImageObject\",\"inLanguage\":\"fr-FR\",\"@id\":\"https:\\\/\\\/districos.standingout.be\\\/fr\\\/product\\\/cobra-set-de-fraises-professionnel-droitier-1-pcs-ref-8868-920\\\/#primaryimage\",\"url\":\"https:\\\/\\\/districos.standingout.be\\\/wp-content\\\/uploads\\\/2026\\\/04\\\/8868.920@Cobra-Professionele-Frezenset-Rechts-1-st._1.png\",\"contentUrl\":\"https:\\\/\\\/districos.standingout.be\\\/wp-content\\\/uploads\\\/2026\\\/04\\\/8868.920@Cobra-Professionele-Frezenset-Rechts-1-st._1.png\",\"width\":600,\"height\":600},{\"@type\":\"BreadcrumbList\",\"@id\":\"https:\\\/\\\/districos.standingout.be\\\/fr\\\/product\\\/cobra-set-de-fraises-professionnel-droitier-1-pcs-ref-8868-920\\\/#breadcrumb\",\"itemListElement\":[{\"@type\":\"ListItem\",\"position\":1,\"name\":\"Home\",\"item\":\"https:\\\/\\\/districos.standingout.be\\\/fr\\\/bienvenue-chez-districos\\\/\"},{\"@type\":\"ListItem\",\"position\":2,\"name\":\"Boutique\",\"item\":\"https:\\\/\\\/districos.standingout.be\\\/fr\\\/boutique\\\/\"},{\"@type\":\"ListItem\",\"position\":3,\"name\":\"Cobra Set de Fraises Professionnel Droitier 1 pcs.\"}]},{\"@type\":\"WebSite\",\"@id\":\"https:\\\/\\\/districos.standingout.be\\\/fr\\\/#website\",\"url\":\"https:\\\/\\\/districos.standingout.be\\\/fr\\\/\",\"name\":\"Districos Webshop\",\"description\":\"\",\"publisher\":{\"@id\":\"https:\\\/\\\/districos.standingout.be\\\/fr\\\/#organization\"},\"potentialAction\":[{\"@type\":\"SearchAction\",\"target\":{\"@type\":\"EntryPoint\",\"urlTemplate\":\"https:\\\/\\\/districos.standingout.be\\\/fr\\\/?s={search_term_string}\"},\"query-input\":{\"@type\":\"PropertyValueSpecification\",\"valueRequired\":true,\"valueName\":\"search_term_string\"}}],\"inLanguage\":\"fr-FR\"},{\"@type\":\"Organization\",\"@id\":\"https:\\\/\\\/districos.standingout.be\\\/fr\\\/#organization\",\"name\":\"Districos Webshop\",\"url\":\"https:\\\/\\\/districos.standingout.be\\\/fr\\\/\",\"logo\":{\"@type\":\"ImageObject\",\"inLanguage\":\"fr-FR\",\"@id\":\"https:\\\/\\\/districos.standingout.be\\\/fr\\\/#\\\/schema\\\/logo\\\/image\\\/\",\"url\":\"https:\\\/\\\/districos.standingout.be\\\/wp-content\\\/uploads\\\/2022\\\/09\\\/Districos_Logo_Webshop.svg\",\"contentUrl\":\"https:\\\/\\\/districos.standingout.be\\\/wp-content\\\/uploads\\\/2022\\\/09\\\/Districos_Logo_Webshop.svg\",\"caption\":\"Districos Webshop\"},\"image\":{\"@id\":\"https:\\\/\\\/districos.standingout.be\\\/fr\\\/#\\\/schema\\\/logo\\\/image\\\/\"}}]}<\/script>\n<!-- \/ Yoast SEO plugin. -->","yoast_head_json":{"title":"Cobra Set de Fraises Professionnel Droitier 1 pcs. - Districos Webshop","robots":{"index":"noindex","follow":"follow","max-snippet":"max-snippet:-1","max-image-preview":"max-image-preview:large","max-video-preview":"max-video-preview:-1"},"og_locale":"fr_FR","og_type":"article","og_title":"Cobra Set de Fraises Professionnel Droitier 1 pcs. - Districos Webshop","og_description":"Set de Fraises Professionnelle pour Droutier de Cobra Id\u00e9al pour tous ceux qui souhaitent des soins de qualit\u00e9 pour les ongles et la peau \u00e0 un prix attractif. Contenu : Cobra C\u00e9ramique Coupelle Crosscut Droite 6 mm (r\u00e9f. 8868.700): Amincissement de l\u2019ongle, \u00e9galisation d\u2019ongles \u00e0 mycose et traiter les ongles en gel. Cobra Fraise Bomb\u00e9e [&hellip;]","og_url":"https:\/\/districos.standingout.be\/fr\/product\/cobra-set-de-fraises-professionnel-droitier-1-pcs-ref-8868-920\/","og_site_name":"Districos Webshop","article_modified_time":"2026-04-28T11:18:30+00:00","twitter_card":"summary_large_image","twitter_misc":{"Dur\u00e9e de lecture estim\u00e9e":"1 minute"},"schema":{"@context":"https:\/\/schema.org","@graph":[{"@type":"WebPage","@id":"https:\/\/districos.standingout.be\/fr\/product\/cobra-set-de-fraises-professionnel-droitier-1-pcs-ref-8868-920\/","url":"https:\/\/districos.standingout.be\/fr\/product\/cobra-set-de-fraises-professionnel-droitier-1-pcs-ref-8868-920\/","name":"Cobra Set de Fraises Professionnel Droitier 1 pcs. - Districos Webshop","isPartOf":{"@id":"https:\/\/districos.standingout.be\/fr\/#website"},"primaryImageOfPage":{"@id":"https:\/\/districos.standingout.be\/fr\/product\/cobra-set-de-fraises-professionnel-droitier-1-pcs-ref-8868-920\/#primaryimage"},"image":{"@id":"https:\/\/districos.standingout.be\/fr\/product\/cobra-set-de-fraises-professionnel-droitier-1-pcs-ref-8868-920\/#primaryimage"},"thumbnailUrl":"https:\/\/districos.standingout.be\/wp-content\/uploads\/2026\/04\/8868.920@Cobra-Professionele-Frezenset-Rechts-1-st._1.png","datePublished":"2026-04-28T11:18:17+00:00","dateModified":"2026-04-28T11:18:30+00:00","breadcrumb":{"@id":"https:\/\/districos.standingout.be\/fr\/product\/cobra-set-de-fraises-professionnel-droitier-1-pcs-ref-8868-920\/#breadcrumb"},"inLanguage":"fr-FR","potentialAction":[{"@type":"ReadAction","target":["https:\/\/districos.standingout.be\/fr\/product\/cobra-set-de-fraises-professionnel-droitier-1-pcs-ref-8868-920\/"]}]},{"@type":"ImageObject","inLanguage":"fr-FR","@id":"https:\/\/districos.standingout.be\/fr\/product\/cobra-set-de-fraises-professionnel-droitier-1-pcs-ref-8868-920\/#primaryimage","url":"https:\/\/districos.standingout.be\/wp-content\/uploads\/2026\/04\/8868.920@Cobra-Professionele-Frezenset-Rechts-1-st._1.png","contentUrl":"https:\/\/districos.standingout.be\/wp-content\/uploads\/2026\/04\/8868.920@Cobra-Professionele-Frezenset-Rechts-1-st._1.png","width":600,"height":600},{"@type":"BreadcrumbList","@id":"https:\/\/districos.standingout.be\/fr\/product\/cobra-set-de-fraises-professionnel-droitier-1-pcs-ref-8868-920\/#breadcrumb","itemListElement":[{"@type":"ListItem","position":1,"name":"Home","item":"https:\/\/districos.standingout.be\/fr\/bienvenue-chez-districos\/"},{"@type":"ListItem","position":2,"name":"Boutique","item":"https:\/\/districos.standingout.be\/fr\/boutique\/"},{"@type":"ListItem","position":3,"name":"Cobra Set de Fraises Professionnel Droitier 1 pcs."}]},{"@type":"WebSite","@id":"https:\/\/districos.standingout.be\/fr\/#website","url":"https:\/\/districos.standingout.be\/fr\/","name":"Districos Webshop","description":"","publisher":{"@id":"https:\/\/districos.standingout.be\/fr\/#organization"},"potentialAction":[{"@type":"SearchAction","target":{"@type":"EntryPoint","urlTemplate":"https:\/\/districos.standingout.be\/fr\/?s={search_term_string}"},"query-input":{"@type":"PropertyValueSpecification","valueRequired":true,"valueName":"search_term_string"}}],"inLanguage":"fr-FR"},{"@type":"Organization","@id":"https:\/\/districos.standingout.be\/fr\/#organization","name":"Districos Webshop","url":"https:\/\/districos.standingout.be\/fr\/","logo":{"@type":"ImageObject","inLanguage":"fr-FR","@id":"https:\/\/districos.standingout.be\/fr\/#\/schema\/logo\/image\/","url":"https:\/\/districos.standingout.be\/wp-content\/uploads\/2022\/09\/Districos_Logo_Webshop.svg","contentUrl":"https:\/\/districos.standingout.be\/wp-content\/uploads\/2022\/09\/Districos_Logo_Webshop.svg","caption":"Districos Webshop"},"image":{"@id":"https:\/\/districos.standingout.be\/fr\/#\/schema\/logo\/image\/"}}]}},"_links":{"self":[{"href":"https:\/\/districos.standingout.be\/fr\/wp-json\/wp\/v2\/product\/141967","targetHints":{"allow":["GET"]}}],"collection":[{"href":"https:\/\/districos.standingout.be\/fr\/wp-json\/wp\/v2\/product"}],"about":[{"href":"https:\/\/districos.standingout.be\/fr\/wp-json\/wp\/v2\/types\/product"}],"replies":[{"embeddable":true,"href":"https:\/\/districos.standingout.be\/fr\/wp-json\/wp\/v2\/comments?post=141967"}],"wp:featuredmedia":[{"embeddable":true,"href":"https:\/\/districos.standingout.be\/fr\/wp-json\/wp\/v2\/media\/148602"}],"wp:attachment":[{"href":"https:\/\/districos.standingout.be\/fr\/wp-json\/wp\/v2\/media?parent=141967"}],"wp:term":[{"taxonomy":"product_brand","embeddable":true,"href":"https:\/\/districos.standingout.be\/fr\/wp-json\/wp\/v2\/product_brand?post=141967"},{"taxonomy":"product_cat","embeddable":true,"href":"https:\/\/districos.standingout.be\/fr\/wp-json\/wp\/v2\/product_cat?post=141967"},{"taxonomy":"product_tag","embeddable":true,"href":"https:\/\/districos.standingout.be\/fr\/wp-json\/wp\/v2\/product_tag?post=141967"}],"curies":[{"name":"wp","href":"https:\/\/api.w.org\/{rel}","templated":true}]}}