{"id":141971,"date":"2026-04-28T13:18:36","date_gmt":"2026-04-28T11:18:36","guid":{"rendered":"https:\/\/webshopdistricoscom.webhosting.be\/product\/cobra-nails-set-de-fraises-smooth-shape-ref-8868-960\/"},"modified":"2026-04-28T13:18:47","modified_gmt":"2026-04-28T11:18:47","slug":"cobra-nails-set-de-fraises-smooth-shape-ref-8868-960","status":"publish","type":"product","link":"https:\/\/districos.standingout.be\/fr\/product\/cobra-nails-set-de-fraises-smooth-shape-ref-8868-960\/","title":{"rendered":"Cobra Nails Set de Fraises Smooth &#038; Shape"},"content":{"rendered":"<p >\n<\/p>\n<\/p>\n<\/p>\n<\/p>\n<\/p>\n<\/p>\n<\/p>\n<\/p>\n<\/p>\n<\/p>\n<p dir=\"ltr\">Ce set de fraises avantageux est id\u00e9al pour toute styliste ongulaire \u00e0 la recherche d&#8217;embouts parfaits pour pr\u00e9parer correctement la plaque de l&rsquo;ongle en vue de l&rsquo;application de Gel Polish, ainsi que pour retirer en toute s\u00e9curit\u00e9 et avec efficacit\u00e9 la Fiber Gel ou Nail Gum de Cobra Nails de la plaque de l&rsquo;ongle. Convient aussi bien aux d\u00e9butantes qu&rsquo;aux stylistes ongulaires exp\u00e9riment\u00e9es et aussi bien aux droitiers qu&rsquo;aux gauchers.<\/p>\n<p dir=\"ltr\"><b>Contenu<\/b><\/p>\n<ul>\n<li>1 x Cobra Zirconium C\u00f4ne Crosscut Medium 6 mm 1 pc. (1 pc.) (<a href=\"https:\/\/webshop.districos.com\/ProductDetail\/8868.660\" target=\"_blank\" rel=\"noopener noreferrer nofollow\">r\u00e9f. 8868.660<\/a>)<\/li>\n<li>1 x Cobra Diamant\u00e9e M\u00e9dium Flamme 1,8 mm (1 pc.) (<a href=\"https:\/\/webshop.districos.com\/ProductDetail\/8868.344\" target=\"_blank\" rel=\"noopener noreferrer nofollow\">r\u00e9f. 8868.344<\/a>)<\/li>\n<li>1 x Cobra Diamant\u00e9e M\u00e9dium Marqueur 1,8 mm (1 pc.) (<a href=\"https:\/\/webshop.districos.com\/ProductDetail\/8868.343\" target=\"_blank\" rel=\"noopener noreferrer nofollow\">r\u00e9f. 8868.343<\/a>)<\/li>\n<li>1 x \u00c9meri Marqueur Rose 661\/030 (1 pc.) (<a href=\"https:\/\/webshop.districos.com\/ProductDetail\/8867.550\" target=\"_blank\" rel=\"noopener noreferrer nofollow\">r\u00e9f. 8867.550<\/a>) : Purification de la tablette ungu\u00e9ale des ongles rong\u00e9s<\/li>\n<\/ul>\n<div><b>Egalement disponible:<\/b><\/div>\n<div><span>Cobra Nails PRO Smooth &amp; Shape E-File Set (<a href=\"https:\/\/webshop.districos.com\/ProductDetail\/8868.961\" target=\"_blank\" rel=\"noopener noreferrer nofollow\">r\u00e9f. 8868.961<\/a>) avec un embout Zirkonium D\u00f4me Dent\u00e9le (X-cut) 6 mm \u00e0 la place de l&#8217;embout Zirconium C\u00f4ne Crosscut Medium 6 mm pour les stylistes ongulaires ma\u00eetrisant la e-manucure.&nbsp;<\/span><\/div><\/p>\n","protected":false},"excerpt":{"rendered":"<p>Ce set de fraises avantageux est id\u00e9al pour toute styliste ongulaire \u00e0 la recherche d&#8217;embouts parfaits pour pr\u00e9parer correctement la plaque de l&rsquo;ongle en vue de l&rsquo;application de Gel Polish, ainsi que pour retirer en toute s\u00e9curit\u00e9 et avec efficacit\u00e9 la Fiber Gel ou Nail Gum de Cobra Nails de la plaque de l&rsquo;ongle. Convient [&hellip;]<\/p>\n","protected":false},"featured_media":148638,"comment_status":"open","ping_status":"closed","template":"","meta":{"_acf_changed":false},"product_brand":[10334],"product_cat":[10018,9942,10024,10273],"product_tag":[],"class_list":{"0":"post-141971","1":"product","2":"type-product","3":"status-publish","4":"has-post-thumbnail","6":"product_brand-cobra-fr","7":"product_cat-soins-des-pieds-podologie-fraises-cuticules","8":"product_cat-beaute-pedicure-fraises","9":"product_cat-soins-des-pieds-podologie-fraises-ongle-en-gel","10":"product_cat-soins-des-pieds-podologie-fraises-toutes-les-fraises","12":"first","13":"instock","14":"taxable","15":"shipping-taxable","16":"product-type-simple"},"acf":[],"yoast_head":"<!-- This site is optimized with the Yoast SEO plugin v27.3 - https:\/\/yoast.com\/product\/yoast-seo-wordpress\/ -->\n<title>Cobra Nails Set de Fraises Smooth &amp; Shape - Districos Webshop<\/title>\n<meta name=\"robots\" content=\"noindex, follow, max-snippet:-1, max-image-preview:large, max-video-preview:-1\" \/>\n<meta property=\"og:locale\" content=\"fr_FR\" \/>\n<meta property=\"og:type\" content=\"article\" \/>\n<meta property=\"og:title\" content=\"Cobra Nails Set de Fraises Smooth &amp; Shape - Districos Webshop\" \/>\n<meta property=\"og:description\" content=\"Ce set de fraises avantageux est id\u00e9al pour toute styliste ongulaire \u00e0 la recherche d&#8217;embouts parfaits pour pr\u00e9parer correctement la plaque de l&rsquo;ongle en vue de l&rsquo;application de Gel Polish, ainsi que pour retirer en toute s\u00e9curit\u00e9 et avec efficacit\u00e9 la Fiber Gel ou Nail Gum de Cobra Nails de la plaque de l&rsquo;ongle. Convient [&hellip;]\" \/>\n<meta property=\"og:url\" content=\"https:\/\/districos.standingout.be\/fr\/product\/cobra-nails-set-de-fraises-smooth-shape-ref-8868-960\/\" \/>\n<meta property=\"og:site_name\" content=\"Districos Webshop\" \/>\n<meta property=\"article:modified_time\" content=\"2026-04-28T11:18:47+00:00\" \/>\n<meta name=\"twitter:card\" content=\"summary_large_image\" \/>\n<meta name=\"twitter:label1\" content=\"Dur\u00e9e de lecture estim\u00e9e\" \/>\n\t<meta name=\"twitter:data1\" content=\"1 minute\" \/>\n<script type=\"application\/ld+json\" class=\"yoast-schema-graph\">{\"@context\":\"https:\\\/\\\/schema.org\",\"@graph\":[{\"@type\":\"WebPage\",\"@id\":\"https:\\\/\\\/districos.standingout.be\\\/fr\\\/product\\\/cobra-nails-set-de-fraises-smooth-shape-ref-8868-960\\\/\",\"url\":\"https:\\\/\\\/districos.standingout.be\\\/fr\\\/product\\\/cobra-nails-set-de-fraises-smooth-shape-ref-8868-960\\\/\",\"name\":\"Cobra Nails Set de Fraises Smooth & Shape - Districos Webshop\",\"isPartOf\":{\"@id\":\"https:\\\/\\\/districos.standingout.be\\\/fr\\\/#website\"},\"primaryImageOfPage\":{\"@id\":\"https:\\\/\\\/districos.standingout.be\\\/fr\\\/product\\\/cobra-nails-set-de-fraises-smooth-shape-ref-8868-960\\\/#primaryimage\"},\"image\":{\"@id\":\"https:\\\/\\\/districos.standingout.be\\\/fr\\\/product\\\/cobra-nails-set-de-fraises-smooth-shape-ref-8868-960\\\/#primaryimage\"},\"thumbnailUrl\":\"https:\\\/\\\/districos.standingout.be\\\/wp-content\\\/uploads\\\/2026\\\/04\\\/8868.960@Cobra-Nails-Smooth-Shape-E-File-Set_1.png\",\"datePublished\":\"2026-04-28T11:18:36+00:00\",\"dateModified\":\"2026-04-28T11:18:47+00:00\",\"breadcrumb\":{\"@id\":\"https:\\\/\\\/districos.standingout.be\\\/fr\\\/product\\\/cobra-nails-set-de-fraises-smooth-shape-ref-8868-960\\\/#breadcrumb\"},\"inLanguage\":\"fr-FR\",\"potentialAction\":[{\"@type\":\"ReadAction\",\"target\":[\"https:\\\/\\\/districos.standingout.be\\\/fr\\\/product\\\/cobra-nails-set-de-fraises-smooth-shape-ref-8868-960\\\/\"]}]},{\"@type\":\"ImageObject\",\"inLanguage\":\"fr-FR\",\"@id\":\"https:\\\/\\\/districos.standingout.be\\\/fr\\\/product\\\/cobra-nails-set-de-fraises-smooth-shape-ref-8868-960\\\/#primaryimage\",\"url\":\"https:\\\/\\\/districos.standingout.be\\\/wp-content\\\/uploads\\\/2026\\\/04\\\/8868.960@Cobra-Nails-Smooth-Shape-E-File-Set_1.png\",\"contentUrl\":\"https:\\\/\\\/districos.standingout.be\\\/wp-content\\\/uploads\\\/2026\\\/04\\\/8868.960@Cobra-Nails-Smooth-Shape-E-File-Set_1.png\",\"width\":600,\"height\":600},{\"@type\":\"BreadcrumbList\",\"@id\":\"https:\\\/\\\/districos.standingout.be\\\/fr\\\/product\\\/cobra-nails-set-de-fraises-smooth-shape-ref-8868-960\\\/#breadcrumb\",\"itemListElement\":[{\"@type\":\"ListItem\",\"position\":1,\"name\":\"Home\",\"item\":\"https:\\\/\\\/districos.standingout.be\\\/fr\\\/bienvenue-chez-districos\\\/\"},{\"@type\":\"ListItem\",\"position\":2,\"name\":\"Boutique\",\"item\":\"https:\\\/\\\/districos.standingout.be\\\/fr\\\/boutique\\\/\"},{\"@type\":\"ListItem\",\"position\":3,\"name\":\"Cobra Nails Set de Fraises Smooth &#038; Shape\"}]},{\"@type\":\"WebSite\",\"@id\":\"https:\\\/\\\/districos.standingout.be\\\/fr\\\/#website\",\"url\":\"https:\\\/\\\/districos.standingout.be\\\/fr\\\/\",\"name\":\"Districos Webshop\",\"description\":\"\",\"publisher\":{\"@id\":\"https:\\\/\\\/districos.standingout.be\\\/fr\\\/#organization\"},\"potentialAction\":[{\"@type\":\"SearchAction\",\"target\":{\"@type\":\"EntryPoint\",\"urlTemplate\":\"https:\\\/\\\/districos.standingout.be\\\/fr\\\/?s={search_term_string}\"},\"query-input\":{\"@type\":\"PropertyValueSpecification\",\"valueRequired\":true,\"valueName\":\"search_term_string\"}}],\"inLanguage\":\"fr-FR\"},{\"@type\":\"Organization\",\"@id\":\"https:\\\/\\\/districos.standingout.be\\\/fr\\\/#organization\",\"name\":\"Districos Webshop\",\"url\":\"https:\\\/\\\/districos.standingout.be\\\/fr\\\/\",\"logo\":{\"@type\":\"ImageObject\",\"inLanguage\":\"fr-FR\",\"@id\":\"https:\\\/\\\/districos.standingout.be\\\/fr\\\/#\\\/schema\\\/logo\\\/image\\\/\",\"url\":\"https:\\\/\\\/districos.standingout.be\\\/wp-content\\\/uploads\\\/2022\\\/09\\\/Districos_Logo_Webshop.svg\",\"contentUrl\":\"https:\\\/\\\/districos.standingout.be\\\/wp-content\\\/uploads\\\/2022\\\/09\\\/Districos_Logo_Webshop.svg\",\"caption\":\"Districos Webshop\"},\"image\":{\"@id\":\"https:\\\/\\\/districos.standingout.be\\\/fr\\\/#\\\/schema\\\/logo\\\/image\\\/\"}}]}<\/script>\n<!-- \/ Yoast SEO plugin. -->","yoast_head_json":{"title":"Cobra Nails Set de Fraises Smooth & Shape - Districos Webshop","robots":{"index":"noindex","follow":"follow","max-snippet":"max-snippet:-1","max-image-preview":"max-image-preview:large","max-video-preview":"max-video-preview:-1"},"og_locale":"fr_FR","og_type":"article","og_title":"Cobra Nails Set de Fraises Smooth & Shape - Districos Webshop","og_description":"Ce set de fraises avantageux est id\u00e9al pour toute styliste ongulaire \u00e0 la recherche d&#8217;embouts parfaits pour pr\u00e9parer correctement la plaque de l&rsquo;ongle en vue de l&rsquo;application de Gel Polish, ainsi que pour retirer en toute s\u00e9curit\u00e9 et avec efficacit\u00e9 la Fiber Gel ou Nail Gum de Cobra Nails de la plaque de l&rsquo;ongle. Convient [&hellip;]","og_url":"https:\/\/districos.standingout.be\/fr\/product\/cobra-nails-set-de-fraises-smooth-shape-ref-8868-960\/","og_site_name":"Districos Webshop","article_modified_time":"2026-04-28T11:18:47+00:00","twitter_card":"summary_large_image","twitter_misc":{"Dur\u00e9e de lecture estim\u00e9e":"1 minute"},"schema":{"@context":"https:\/\/schema.org","@graph":[{"@type":"WebPage","@id":"https:\/\/districos.standingout.be\/fr\/product\/cobra-nails-set-de-fraises-smooth-shape-ref-8868-960\/","url":"https:\/\/districos.standingout.be\/fr\/product\/cobra-nails-set-de-fraises-smooth-shape-ref-8868-960\/","name":"Cobra Nails Set de Fraises Smooth & Shape - Districos Webshop","isPartOf":{"@id":"https:\/\/districos.standingout.be\/fr\/#website"},"primaryImageOfPage":{"@id":"https:\/\/districos.standingout.be\/fr\/product\/cobra-nails-set-de-fraises-smooth-shape-ref-8868-960\/#primaryimage"},"image":{"@id":"https:\/\/districos.standingout.be\/fr\/product\/cobra-nails-set-de-fraises-smooth-shape-ref-8868-960\/#primaryimage"},"thumbnailUrl":"https:\/\/districos.standingout.be\/wp-content\/uploads\/2026\/04\/8868.960@Cobra-Nails-Smooth-Shape-E-File-Set_1.png","datePublished":"2026-04-28T11:18:36+00:00","dateModified":"2026-04-28T11:18:47+00:00","breadcrumb":{"@id":"https:\/\/districos.standingout.be\/fr\/product\/cobra-nails-set-de-fraises-smooth-shape-ref-8868-960\/#breadcrumb"},"inLanguage":"fr-FR","potentialAction":[{"@type":"ReadAction","target":["https:\/\/districos.standingout.be\/fr\/product\/cobra-nails-set-de-fraises-smooth-shape-ref-8868-960\/"]}]},{"@type":"ImageObject","inLanguage":"fr-FR","@id":"https:\/\/districos.standingout.be\/fr\/product\/cobra-nails-set-de-fraises-smooth-shape-ref-8868-960\/#primaryimage","url":"https:\/\/districos.standingout.be\/wp-content\/uploads\/2026\/04\/8868.960@Cobra-Nails-Smooth-Shape-E-File-Set_1.png","contentUrl":"https:\/\/districos.standingout.be\/wp-content\/uploads\/2026\/04\/8868.960@Cobra-Nails-Smooth-Shape-E-File-Set_1.png","width":600,"height":600},{"@type":"BreadcrumbList","@id":"https:\/\/districos.standingout.be\/fr\/product\/cobra-nails-set-de-fraises-smooth-shape-ref-8868-960\/#breadcrumb","itemListElement":[{"@type":"ListItem","position":1,"name":"Home","item":"https:\/\/districos.standingout.be\/fr\/bienvenue-chez-districos\/"},{"@type":"ListItem","position":2,"name":"Boutique","item":"https:\/\/districos.standingout.be\/fr\/boutique\/"},{"@type":"ListItem","position":3,"name":"Cobra Nails Set de Fraises Smooth &#038; Shape"}]},{"@type":"WebSite","@id":"https:\/\/districos.standingout.be\/fr\/#website","url":"https:\/\/districos.standingout.be\/fr\/","name":"Districos Webshop","description":"","publisher":{"@id":"https:\/\/districos.standingout.be\/fr\/#organization"},"potentialAction":[{"@type":"SearchAction","target":{"@type":"EntryPoint","urlTemplate":"https:\/\/districos.standingout.be\/fr\/?s={search_term_string}"},"query-input":{"@type":"PropertyValueSpecification","valueRequired":true,"valueName":"search_term_string"}}],"inLanguage":"fr-FR"},{"@type":"Organization","@id":"https:\/\/districos.standingout.be\/fr\/#organization","name":"Districos Webshop","url":"https:\/\/districos.standingout.be\/fr\/","logo":{"@type":"ImageObject","inLanguage":"fr-FR","@id":"https:\/\/districos.standingout.be\/fr\/#\/schema\/logo\/image\/","url":"https:\/\/districos.standingout.be\/wp-content\/uploads\/2022\/09\/Districos_Logo_Webshop.svg","contentUrl":"https:\/\/districos.standingout.be\/wp-content\/uploads\/2022\/09\/Districos_Logo_Webshop.svg","caption":"Districos Webshop"},"image":{"@id":"https:\/\/districos.standingout.be\/fr\/#\/schema\/logo\/image\/"}}]}},"_links":{"self":[{"href":"https:\/\/districos.standingout.be\/fr\/wp-json\/wp\/v2\/product\/141971","targetHints":{"allow":["GET"]}}],"collection":[{"href":"https:\/\/districos.standingout.be\/fr\/wp-json\/wp\/v2\/product"}],"about":[{"href":"https:\/\/districos.standingout.be\/fr\/wp-json\/wp\/v2\/types\/product"}],"replies":[{"embeddable":true,"href":"https:\/\/districos.standingout.be\/fr\/wp-json\/wp\/v2\/comments?post=141971"}],"wp:featuredmedia":[{"embeddable":true,"href":"https:\/\/districos.standingout.be\/fr\/wp-json\/wp\/v2\/media\/148638"}],"wp:attachment":[{"href":"https:\/\/districos.standingout.be\/fr\/wp-json\/wp\/v2\/media?parent=141971"}],"wp:term":[{"taxonomy":"product_brand","embeddable":true,"href":"https:\/\/districos.standingout.be\/fr\/wp-json\/wp\/v2\/product_brand?post=141971"},{"taxonomy":"product_cat","embeddable":true,"href":"https:\/\/districos.standingout.be\/fr\/wp-json\/wp\/v2\/product_cat?post=141971"},{"taxonomy":"product_tag","embeddable":true,"href":"https:\/\/districos.standingout.be\/fr\/wp-json\/wp\/v2\/product_tag?post=141971"}],"curies":[{"name":"wp","href":"https:\/\/api.w.org\/{rel}","templated":true}]}}