{"id":141981,"date":"2026-04-28T13:19:55","date_gmt":"2026-04-28T11:19:55","guid":{"rendered":"https:\/\/webshopdistricoscom.webhosting.be\/product\/districos-brosse-de-nettoyage-en-fil-de-cuivre-ref-8870-09\/"},"modified":"2026-04-28T13:20:13","modified_gmt":"2026-04-28T11:20:13","slug":"districos-brosse-de-nettoyage-en-fil-de-cuivre-ref-8870-09","status":"publish","type":"product","link":"https:\/\/districos.standingout.be\/fr\/product\/districos-brosse-de-nettoyage-en-fil-de-cuivre-ref-8870-09\/","title":{"rendered":"Districos Brosse de Nettoyage en Fil de Cuivre"},"content":{"rendered":"<p >\n<p dir=\"ltr\">Brosse Fraisage Fil Cuivre pour le nettoyage de toutes sortes de fraises et de r\u00e2pes en m\u00e9tal dur (carbure ou inox). Cette brosse va seulement enlever les salet\u00e9s superficielles, par cons\u00e9quent, il faut toujours encore nettoyer avec un produit d\u00e9sinfectant de pr\u00e9f\u00e9rence en combinaison avec un appareil \u00e0 ultrasons. <\/p>\n<p> \u00c9galement disponible en mati\u00e8re synth\u00e9tique, appropri\u00e9 pour les fraises diamant\u00e9es (<a href=\"https:\/\/webshop.districos.com\/ProductDetail\/8866.78\" target=\"_blank\" rel=\"noopener noreferrer nofollow\">r\u00e9f. 8866.78<\/a>).<\/p><\/p>\n","protected":false},"excerpt":{"rendered":"<p>Brosse Fraisage Fil Cuivre pour le nettoyage de toutes sortes de fraises et de r\u00e2pes en m\u00e9tal dur (carbure ou inox). Cette brosse va seulement enlever les salet\u00e9s superficielles, par cons\u00e9quent, il faut toujours encore nettoyer avec un produit d\u00e9sinfectant de pr\u00e9f\u00e9rence en combinaison avec un appareil \u00e0 ultrasons. \u00c9galement disponible en mati\u00e8re synth\u00e9tique, appropri\u00e9 [&hellip;]<\/p>\n","protected":false},"featured_media":84455,"comment_status":"open","ping_status":"closed","template":"","meta":{"_acf_changed":false},"product_brand":[10380],"product_cat":[9942,10273],"product_tag":[],"class_list":{"0":"post-141981","1":"product","2":"type-product","3":"status-publish","4":"has-post-thumbnail","6":"product_brand-districos-fr","7":"product_cat-beaute-pedicure-fraises","8":"product_cat-soins-des-pieds-podologie-fraises-toutes-les-fraises","10":"first","11":"instock","12":"taxable","13":"shipping-taxable","14":"product-type-simple"},"acf":[],"yoast_head":"<!-- This site is optimized with the Yoast SEO plugin v27.3 - https:\/\/yoast.com\/product\/yoast-seo-wordpress\/ -->\n<title>Districos Brosse de Nettoyage en Fil de Cuivre - Districos Webshop<\/title>\n<meta name=\"robots\" content=\"noindex, follow, max-snippet:-1, max-image-preview:large, max-video-preview:-1\" \/>\n<meta property=\"og:locale\" content=\"fr_FR\" \/>\n<meta property=\"og:type\" content=\"article\" \/>\n<meta property=\"og:title\" content=\"Districos Brosse de Nettoyage en Fil de Cuivre - Districos Webshop\" \/>\n<meta property=\"og:description\" content=\"Brosse Fraisage Fil Cuivre pour le nettoyage de toutes sortes de fraises et de r\u00e2pes en m\u00e9tal dur (carbure ou inox). Cette brosse va seulement enlever les salet\u00e9s superficielles, par cons\u00e9quent, il faut toujours encore nettoyer avec un produit d\u00e9sinfectant de pr\u00e9f\u00e9rence en combinaison avec un appareil \u00e0 ultrasons. \u00c9galement disponible en mati\u00e8re synth\u00e9tique, appropri\u00e9 [&hellip;]\" \/>\n<meta property=\"og:url\" content=\"https:\/\/districos.standingout.be\/fr\/product\/districos-brosse-de-nettoyage-en-fil-de-cuivre-ref-8870-09\/\" \/>\n<meta property=\"og:site_name\" content=\"Districos Webshop\" \/>\n<meta property=\"article:modified_time\" content=\"2026-04-28T11:20:13+00:00\" \/>\n<meta name=\"twitter:card\" content=\"summary_large_image\" \/>\n<script type=\"application\/ld+json\" class=\"yoast-schema-graph\">{\"@context\":\"https:\\\/\\\/schema.org\",\"@graph\":[{\"@type\":\"WebPage\",\"@id\":\"https:\\\/\\\/districos.standingout.be\\\/fr\\\/product\\\/districos-brosse-de-nettoyage-en-fil-de-cuivre-ref-8870-09\\\/\",\"url\":\"https:\\\/\\\/districos.standingout.be\\\/fr\\\/product\\\/districos-brosse-de-nettoyage-en-fil-de-cuivre-ref-8870-09\\\/\",\"name\":\"Districos Brosse de Nettoyage en Fil de Cuivre - Districos Webshop\",\"isPartOf\":{\"@id\":\"https:\\\/\\\/districos.standingout.be\\\/fr\\\/#website\"},\"primaryImageOfPage\":{\"@id\":\"https:\\\/\\\/districos.standingout.be\\\/fr\\\/product\\\/districos-brosse-de-nettoyage-en-fil-de-cuivre-ref-8870-09\\\/#primaryimage\"},\"image\":{\"@id\":\"https:\\\/\\\/districos.standingout.be\\\/fr\\\/product\\\/districos-brosse-de-nettoyage-en-fil-de-cuivre-ref-8870-09\\\/#primaryimage\"},\"thumbnailUrl\":\"https:\\\/\\\/districos.standingout.be\\\/wp-content\\\/uploads\\\/2025\\\/07\\\/8870.09@LowRes_1_0.png\",\"datePublished\":\"2026-04-28T11:19:55+00:00\",\"dateModified\":\"2026-04-28T11:20:13+00:00\",\"breadcrumb\":{\"@id\":\"https:\\\/\\\/districos.standingout.be\\\/fr\\\/product\\\/districos-brosse-de-nettoyage-en-fil-de-cuivre-ref-8870-09\\\/#breadcrumb\"},\"inLanguage\":\"fr-FR\",\"potentialAction\":[{\"@type\":\"ReadAction\",\"target\":[\"https:\\\/\\\/districos.standingout.be\\\/fr\\\/product\\\/districos-brosse-de-nettoyage-en-fil-de-cuivre-ref-8870-09\\\/\"]}]},{\"@type\":\"ImageObject\",\"inLanguage\":\"fr-FR\",\"@id\":\"https:\\\/\\\/districos.standingout.be\\\/fr\\\/product\\\/districos-brosse-de-nettoyage-en-fil-de-cuivre-ref-8870-09\\\/#primaryimage\",\"url\":\"https:\\\/\\\/districos.standingout.be\\\/wp-content\\\/uploads\\\/2025\\\/07\\\/8870.09@LowRes_1_0.png\",\"contentUrl\":\"https:\\\/\\\/districos.standingout.be\\\/wp-content\\\/uploads\\\/2025\\\/07\\\/8870.09@LowRes_1_0.png\",\"width\":600,\"height\":600},{\"@type\":\"BreadcrumbList\",\"@id\":\"https:\\\/\\\/districos.standingout.be\\\/fr\\\/product\\\/districos-brosse-de-nettoyage-en-fil-de-cuivre-ref-8870-09\\\/#breadcrumb\",\"itemListElement\":[{\"@type\":\"ListItem\",\"position\":1,\"name\":\"Home\",\"item\":\"https:\\\/\\\/districos.standingout.be\\\/fr\\\/bienvenue-chez-districos\\\/\"},{\"@type\":\"ListItem\",\"position\":2,\"name\":\"Boutique\",\"item\":\"https:\\\/\\\/districos.standingout.be\\\/fr\\\/boutique\\\/\"},{\"@type\":\"ListItem\",\"position\":3,\"name\":\"Districos Brosse de Nettoyage en Fil de Cuivre\"}]},{\"@type\":\"WebSite\",\"@id\":\"https:\\\/\\\/districos.standingout.be\\\/fr\\\/#website\",\"url\":\"https:\\\/\\\/districos.standingout.be\\\/fr\\\/\",\"name\":\"Districos Webshop\",\"description\":\"\",\"publisher\":{\"@id\":\"https:\\\/\\\/districos.standingout.be\\\/fr\\\/#organization\"},\"potentialAction\":[{\"@type\":\"SearchAction\",\"target\":{\"@type\":\"EntryPoint\",\"urlTemplate\":\"https:\\\/\\\/districos.standingout.be\\\/fr\\\/?s={search_term_string}\"},\"query-input\":{\"@type\":\"PropertyValueSpecification\",\"valueRequired\":true,\"valueName\":\"search_term_string\"}}],\"inLanguage\":\"fr-FR\"},{\"@type\":\"Organization\",\"@id\":\"https:\\\/\\\/districos.standingout.be\\\/fr\\\/#organization\",\"name\":\"Districos Webshop\",\"url\":\"https:\\\/\\\/districos.standingout.be\\\/fr\\\/\",\"logo\":{\"@type\":\"ImageObject\",\"inLanguage\":\"fr-FR\",\"@id\":\"https:\\\/\\\/districos.standingout.be\\\/fr\\\/#\\\/schema\\\/logo\\\/image\\\/\",\"url\":\"https:\\\/\\\/districos.standingout.be\\\/wp-content\\\/uploads\\\/2022\\\/09\\\/Districos_Logo_Webshop.svg\",\"contentUrl\":\"https:\\\/\\\/districos.standingout.be\\\/wp-content\\\/uploads\\\/2022\\\/09\\\/Districos_Logo_Webshop.svg\",\"caption\":\"Districos Webshop\"},\"image\":{\"@id\":\"https:\\\/\\\/districos.standingout.be\\\/fr\\\/#\\\/schema\\\/logo\\\/image\\\/\"}}]}<\/script>\n<!-- \/ Yoast SEO plugin. -->","yoast_head_json":{"title":"Districos Brosse de Nettoyage en Fil de Cuivre - Districos Webshop","robots":{"index":"noindex","follow":"follow","max-snippet":"max-snippet:-1","max-image-preview":"max-image-preview:large","max-video-preview":"max-video-preview:-1"},"og_locale":"fr_FR","og_type":"article","og_title":"Districos Brosse de Nettoyage en Fil de Cuivre - Districos Webshop","og_description":"Brosse Fraisage Fil Cuivre pour le nettoyage de toutes sortes de fraises et de r\u00e2pes en m\u00e9tal dur (carbure ou inox). Cette brosse va seulement enlever les salet\u00e9s superficielles, par cons\u00e9quent, il faut toujours encore nettoyer avec un produit d\u00e9sinfectant de pr\u00e9f\u00e9rence en combinaison avec un appareil \u00e0 ultrasons. \u00c9galement disponible en mati\u00e8re synth\u00e9tique, appropri\u00e9 [&hellip;]","og_url":"https:\/\/districos.standingout.be\/fr\/product\/districos-brosse-de-nettoyage-en-fil-de-cuivre-ref-8870-09\/","og_site_name":"Districos Webshop","article_modified_time":"2026-04-28T11:20:13+00:00","twitter_card":"summary_large_image","schema":{"@context":"https:\/\/schema.org","@graph":[{"@type":"WebPage","@id":"https:\/\/districos.standingout.be\/fr\/product\/districos-brosse-de-nettoyage-en-fil-de-cuivre-ref-8870-09\/","url":"https:\/\/districos.standingout.be\/fr\/product\/districos-brosse-de-nettoyage-en-fil-de-cuivre-ref-8870-09\/","name":"Districos Brosse de Nettoyage en Fil de Cuivre - Districos Webshop","isPartOf":{"@id":"https:\/\/districos.standingout.be\/fr\/#website"},"primaryImageOfPage":{"@id":"https:\/\/districos.standingout.be\/fr\/product\/districos-brosse-de-nettoyage-en-fil-de-cuivre-ref-8870-09\/#primaryimage"},"image":{"@id":"https:\/\/districos.standingout.be\/fr\/product\/districos-brosse-de-nettoyage-en-fil-de-cuivre-ref-8870-09\/#primaryimage"},"thumbnailUrl":"https:\/\/districos.standingout.be\/wp-content\/uploads\/2025\/07\/8870.09@LowRes_1_0.png","datePublished":"2026-04-28T11:19:55+00:00","dateModified":"2026-04-28T11:20:13+00:00","breadcrumb":{"@id":"https:\/\/districos.standingout.be\/fr\/product\/districos-brosse-de-nettoyage-en-fil-de-cuivre-ref-8870-09\/#breadcrumb"},"inLanguage":"fr-FR","potentialAction":[{"@type":"ReadAction","target":["https:\/\/districos.standingout.be\/fr\/product\/districos-brosse-de-nettoyage-en-fil-de-cuivre-ref-8870-09\/"]}]},{"@type":"ImageObject","inLanguage":"fr-FR","@id":"https:\/\/districos.standingout.be\/fr\/product\/districos-brosse-de-nettoyage-en-fil-de-cuivre-ref-8870-09\/#primaryimage","url":"https:\/\/districos.standingout.be\/wp-content\/uploads\/2025\/07\/8870.09@LowRes_1_0.png","contentUrl":"https:\/\/districos.standingout.be\/wp-content\/uploads\/2025\/07\/8870.09@LowRes_1_0.png","width":600,"height":600},{"@type":"BreadcrumbList","@id":"https:\/\/districos.standingout.be\/fr\/product\/districos-brosse-de-nettoyage-en-fil-de-cuivre-ref-8870-09\/#breadcrumb","itemListElement":[{"@type":"ListItem","position":1,"name":"Home","item":"https:\/\/districos.standingout.be\/fr\/bienvenue-chez-districos\/"},{"@type":"ListItem","position":2,"name":"Boutique","item":"https:\/\/districos.standingout.be\/fr\/boutique\/"},{"@type":"ListItem","position":3,"name":"Districos Brosse de Nettoyage en Fil de Cuivre"}]},{"@type":"WebSite","@id":"https:\/\/districos.standingout.be\/fr\/#website","url":"https:\/\/districos.standingout.be\/fr\/","name":"Districos Webshop","description":"","publisher":{"@id":"https:\/\/districos.standingout.be\/fr\/#organization"},"potentialAction":[{"@type":"SearchAction","target":{"@type":"EntryPoint","urlTemplate":"https:\/\/districos.standingout.be\/fr\/?s={search_term_string}"},"query-input":{"@type":"PropertyValueSpecification","valueRequired":true,"valueName":"search_term_string"}}],"inLanguage":"fr-FR"},{"@type":"Organization","@id":"https:\/\/districos.standingout.be\/fr\/#organization","name":"Districos Webshop","url":"https:\/\/districos.standingout.be\/fr\/","logo":{"@type":"ImageObject","inLanguage":"fr-FR","@id":"https:\/\/districos.standingout.be\/fr\/#\/schema\/logo\/image\/","url":"https:\/\/districos.standingout.be\/wp-content\/uploads\/2022\/09\/Districos_Logo_Webshop.svg","contentUrl":"https:\/\/districos.standingout.be\/wp-content\/uploads\/2022\/09\/Districos_Logo_Webshop.svg","caption":"Districos Webshop"},"image":{"@id":"https:\/\/districos.standingout.be\/fr\/#\/schema\/logo\/image\/"}}]}},"_links":{"self":[{"href":"https:\/\/districos.standingout.be\/fr\/wp-json\/wp\/v2\/product\/141981","targetHints":{"allow":["GET"]}}],"collection":[{"href":"https:\/\/districos.standingout.be\/fr\/wp-json\/wp\/v2\/product"}],"about":[{"href":"https:\/\/districos.standingout.be\/fr\/wp-json\/wp\/v2\/types\/product"}],"replies":[{"embeddable":true,"href":"https:\/\/districos.standingout.be\/fr\/wp-json\/wp\/v2\/comments?post=141981"}],"wp:featuredmedia":[{"embeddable":true,"href":"https:\/\/districos.standingout.be\/fr\/wp-json\/wp\/v2\/media\/84455"}],"wp:attachment":[{"href":"https:\/\/districos.standingout.be\/fr\/wp-json\/wp\/v2\/media?parent=141981"}],"wp:term":[{"taxonomy":"product_brand","embeddable":true,"href":"https:\/\/districos.standingout.be\/fr\/wp-json\/wp\/v2\/product_brand?post=141981"},{"taxonomy":"product_cat","embeddable":true,"href":"https:\/\/districos.standingout.be\/fr\/wp-json\/wp\/v2\/product_cat?post=141981"},{"taxonomy":"product_tag","embeddable":true,"href":"https:\/\/districos.standingout.be\/fr\/wp-json\/wp\/v2\/product_tag?post=141981"}],"curies":[{"name":"wp","href":"https:\/\/api.w.org\/{rel}","templated":true}]}}