{"id":142007,"date":"2026-04-28T13:22:38","date_gmt":"2026-04-28T11:22:38","guid":{"rendered":"https:\/\/webshopdistricoscom.webhosting.be\/product\/yne-support-jambe-sac-et-lampe-loupe-led-ref-8870-851\/"},"modified":"2026-04-28T13:22:44","modified_gmt":"2026-04-28T11:22:44","slug":"yne-support-jambe-sac-et-lampe-loupe-led-ref-8870-851","status":"publish","type":"product","link":"https:\/\/districos.standingout.be\/fr\/product\/yne-support-jambe-sac-et-lampe-loupe-led-ref-8870-851\/","title":{"rendered":"Yne Support-Jambe + Sac et Lampe Loupe (LED)"},"content":{"rendered":"<p >\n<\/p>\n<p><span lang=\"FR\">Support-jambes stable et r\u00e9glable en hauteur avec une lampe loupe LED pour p\u00e9dicure qui augmente le confort de vos soins de p\u00e9dicure. Livr\u00e9 avec sac de transport et housse protectrice en plastique. Id\u00e9al pour les soins de p\u00e9dicure \u00e0 domicile.<br \/><b> Sp\u00e9cifications :<\/b><o:p><\/o:p><\/span><\/p>\n<ul type=\"disc\">\n<li><span lang=\"FR\">Couleur : noir<o:p><\/o:p><\/span><\/li>\n<li><span lang=\"FR\">Dimensions coussin : 29 x 20 x 5 cm (l x l x h)<o:p><\/o:p><\/span><\/li>\n<li><span lang=\"FR\">R\u00e9glable en hauteur : 52 &#8211; 73 cm<o:p><\/o:p><\/span><\/li>\n<li><span lang=\"FR\">Poids : 2,4 kg<o:p><\/o:p><\/span><\/li>\n<li><span lang=\"FR\">Lampe : 30 lampes LED 6 W<o:p><\/o:p><\/span><\/li>\n<li><span lang=\"FR\">Loupe : diam. 9 cm &#8211; dioptrie : 3&nbsp;<o:p><\/o:p><\/span><\/li>\n<\/ul>\n<p><span lang=\"FR\">\u00c9galement disponible sans lampe LED et fixation de lampe.<o:p><\/o:p><\/span><\/p>\n<p><span lang=\"FR\"><b>\u00c9galement disponible :<\/b><o:p><\/o:p><\/span><\/p>\n<ul type=\"disc\">\n<li><span lang=\"FR\">Yne Support-Jambe + Sac de Transport (<a href=\"https:\/\/webshop.districos.com\/ProductDetail\/8870.85\" target=\"_blank\" rel=\"noopener noreferrer nofollow\"><font color=\"#0004ff\">r\u00e9f. 8870.85<\/font><\/a>)<o:p><\/o:p><\/span><\/li>\n<\/ul>\n<ul type=\"disc\">\n<li><span lang=\"FR\">Fixation pour Lampe Loupe sur Yne Support-Jambe (<a href=\"https:\/\/webshop.districos.com\/ProductDetail\/8870.842\" target=\"_blank\" rel=\"noopener noreferrer nofollow\"><font color=\"#0004ff\">r\u00e9f. 8870.842<\/font><\/a>)<o:p><\/o:p><\/span><\/li>\n<li><span lang=\"FR\">Lampe Loupe (LED) P\u00e9dicure pour Support-Jambe (<a href=\"https:\/\/webshop.districos.com\/ProductDetail\/8404.46\" target=\"_blank\" rel=\"noopener noreferrer nofollow\"><font color=\"#0004ff\">r\u00e9f. 8404.46<\/font><\/a>)<o:p><\/o:p><\/span><\/li>\n<\/ul>\n<ul type=\"disc\"> <\/ul>\n<p><span lang=\"FR\"> <o:p><\/o:p><\/span><\/p>\n","protected":false},"excerpt":{"rendered":"<p>Support-jambes stable et r\u00e9glable en hauteur avec une lampe loupe LED pour p\u00e9dicure qui augmente le confort de vos soins de p\u00e9dicure. Livr\u00e9 avec sac de transport et housse protectrice en plastique. Id\u00e9al pour les soins de p\u00e9dicure \u00e0 domicile. Sp\u00e9cifications : Couleur : noir Dimensions coussin : 29 x 20 x 5 cm (l [&hellip;]<\/p>\n","protected":false},"featured_media":84515,"comment_status":"open","ping_status":"closed","template":"","meta":{"_acf_changed":false},"product_brand":[10612],"product_cat":[9960,10066,10233],"product_tag":[],"class_list":{"0":"post-142007","1":"product","2":"type-product","3":"status-publish","4":"has-post-thumbnail","6":"product_brand-zenna-fr","7":"product_cat-beaute-pedicure-amenagement-du-cabinet","8":"product_cat-soins-des-pieds-podologie-amenagement-du-cabinet-fauteuils-de-traitement","9":"product_cat-amenagement-fauteuils-de-traitement-pedicure","11":"first","12":"instock","13":"taxable","14":"shipping-taxable","15":"product-type-simple"},"acf":[],"yoast_head":"<!-- This site is optimized with the Yoast SEO plugin v27.3 - https:\/\/yoast.com\/product\/yoast-seo-wordpress\/ -->\n<title>Yne Support-Jambe + Sac et Lampe Loupe (LED) - Districos Webshop<\/title>\n<meta name=\"robots\" content=\"noindex, follow, max-snippet:-1, max-image-preview:large, max-video-preview:-1\" \/>\n<meta property=\"og:locale\" content=\"fr_FR\" \/>\n<meta property=\"og:type\" content=\"article\" \/>\n<meta property=\"og:title\" content=\"Yne Support-Jambe + Sac et Lampe Loupe (LED) - Districos Webshop\" \/>\n<meta property=\"og:description\" content=\"Support-jambes stable et r\u00e9glable en hauteur avec une lampe loupe LED pour p\u00e9dicure qui augmente le confort de vos soins de p\u00e9dicure. Livr\u00e9 avec sac de transport et housse protectrice en plastique. Id\u00e9al pour les soins de p\u00e9dicure \u00e0 domicile. Sp\u00e9cifications : Couleur : noir Dimensions coussin : 29 x 20 x 5 cm (l [&hellip;]\" \/>\n<meta property=\"og:url\" content=\"https:\/\/districos.standingout.be\/fr\/product\/yne-support-jambe-sac-et-lampe-loupe-led-ref-8870-851\/\" \/>\n<meta property=\"og:site_name\" content=\"Districos Webshop\" \/>\n<meta property=\"article:modified_time\" content=\"2026-04-28T11:22:44+00:00\" \/>\n<meta name=\"twitter:card\" content=\"summary_large_image\" \/>\n<meta name=\"twitter:label1\" content=\"Dur\u00e9e de lecture estim\u00e9e\" \/>\n\t<meta name=\"twitter:data1\" content=\"1 minute\" \/>\n<script type=\"application\/ld+json\" class=\"yoast-schema-graph\">{\"@context\":\"https:\\\/\\\/schema.org\",\"@graph\":[{\"@type\":\"WebPage\",\"@id\":\"https:\\\/\\\/districos.standingout.be\\\/fr\\\/product\\\/yne-support-jambe-sac-et-lampe-loupe-led-ref-8870-851\\\/\",\"url\":\"https:\\\/\\\/districos.standingout.be\\\/fr\\\/product\\\/yne-support-jambe-sac-et-lampe-loupe-led-ref-8870-851\\\/\",\"name\":\"Yne Support-Jambe + Sac et Lampe Loupe (LED) - Districos Webshop\",\"isPartOf\":{\"@id\":\"https:\\\/\\\/districos.standingout.be\\\/fr\\\/#website\"},\"primaryImageOfPage\":{\"@id\":\"https:\\\/\\\/districos.standingout.be\\\/fr\\\/product\\\/yne-support-jambe-sac-et-lampe-loupe-led-ref-8870-851\\\/#primaryimage\"},\"image\":{\"@id\":\"https:\\\/\\\/districos.standingout.be\\\/fr\\\/product\\\/yne-support-jambe-sac-et-lampe-loupe-led-ref-8870-851\\\/#primaryimage\"},\"thumbnailUrl\":\"https:\\\/\\\/districos.standingout.be\\\/wp-content\\\/uploads\\\/2025\\\/07\\\/8870.851@HighRes_0_99.png\",\"datePublished\":\"2026-04-28T11:22:38+00:00\",\"dateModified\":\"2026-04-28T11:22:44+00:00\",\"breadcrumb\":{\"@id\":\"https:\\\/\\\/districos.standingout.be\\\/fr\\\/product\\\/yne-support-jambe-sac-et-lampe-loupe-led-ref-8870-851\\\/#breadcrumb\"},\"inLanguage\":\"fr-FR\",\"potentialAction\":[{\"@type\":\"ReadAction\",\"target\":[\"https:\\\/\\\/districos.standingout.be\\\/fr\\\/product\\\/yne-support-jambe-sac-et-lampe-loupe-led-ref-8870-851\\\/\"]}]},{\"@type\":\"ImageObject\",\"inLanguage\":\"fr-FR\",\"@id\":\"https:\\\/\\\/districos.standingout.be\\\/fr\\\/product\\\/yne-support-jambe-sac-et-lampe-loupe-led-ref-8870-851\\\/#primaryimage\",\"url\":\"https:\\\/\\\/districos.standingout.be\\\/wp-content\\\/uploads\\\/2025\\\/07\\\/8870.851@HighRes_0_99.png\",\"contentUrl\":\"https:\\\/\\\/districos.standingout.be\\\/wp-content\\\/uploads\\\/2025\\\/07\\\/8870.851@HighRes_0_99.png\",\"width\":600,\"height\":600},{\"@type\":\"BreadcrumbList\",\"@id\":\"https:\\\/\\\/districos.standingout.be\\\/fr\\\/product\\\/yne-support-jambe-sac-et-lampe-loupe-led-ref-8870-851\\\/#breadcrumb\",\"itemListElement\":[{\"@type\":\"ListItem\",\"position\":1,\"name\":\"Home\",\"item\":\"https:\\\/\\\/districos.standingout.be\\\/fr\\\/bienvenue-chez-districos\\\/\"},{\"@type\":\"ListItem\",\"position\":2,\"name\":\"Boutique\",\"item\":\"https:\\\/\\\/districos.standingout.be\\\/fr\\\/boutique\\\/\"},{\"@type\":\"ListItem\",\"position\":3,\"name\":\"Yne Support-Jambe + Sac et Lampe Loupe (LED)\"}]},{\"@type\":\"WebSite\",\"@id\":\"https:\\\/\\\/districos.standingout.be\\\/fr\\\/#website\",\"url\":\"https:\\\/\\\/districos.standingout.be\\\/fr\\\/\",\"name\":\"Districos Webshop\",\"description\":\"\",\"publisher\":{\"@id\":\"https:\\\/\\\/districos.standingout.be\\\/fr\\\/#organization\"},\"potentialAction\":[{\"@type\":\"SearchAction\",\"target\":{\"@type\":\"EntryPoint\",\"urlTemplate\":\"https:\\\/\\\/districos.standingout.be\\\/fr\\\/?s={search_term_string}\"},\"query-input\":{\"@type\":\"PropertyValueSpecification\",\"valueRequired\":true,\"valueName\":\"search_term_string\"}}],\"inLanguage\":\"fr-FR\"},{\"@type\":\"Organization\",\"@id\":\"https:\\\/\\\/districos.standingout.be\\\/fr\\\/#organization\",\"name\":\"Districos Webshop\",\"url\":\"https:\\\/\\\/districos.standingout.be\\\/fr\\\/\",\"logo\":{\"@type\":\"ImageObject\",\"inLanguage\":\"fr-FR\",\"@id\":\"https:\\\/\\\/districos.standingout.be\\\/fr\\\/#\\\/schema\\\/logo\\\/image\\\/\",\"url\":\"https:\\\/\\\/districos.standingout.be\\\/wp-content\\\/uploads\\\/2022\\\/09\\\/Districos_Logo_Webshop.svg\",\"contentUrl\":\"https:\\\/\\\/districos.standingout.be\\\/wp-content\\\/uploads\\\/2022\\\/09\\\/Districos_Logo_Webshop.svg\",\"caption\":\"Districos Webshop\"},\"image\":{\"@id\":\"https:\\\/\\\/districos.standingout.be\\\/fr\\\/#\\\/schema\\\/logo\\\/image\\\/\"}}]}<\/script>\n<!-- \/ Yoast SEO plugin. -->","yoast_head_json":{"title":"Yne Support-Jambe + Sac et Lampe Loupe (LED) - Districos Webshop","robots":{"index":"noindex","follow":"follow","max-snippet":"max-snippet:-1","max-image-preview":"max-image-preview:large","max-video-preview":"max-video-preview:-1"},"og_locale":"fr_FR","og_type":"article","og_title":"Yne Support-Jambe + Sac et Lampe Loupe (LED) - Districos Webshop","og_description":"Support-jambes stable et r\u00e9glable en hauteur avec une lampe loupe LED pour p\u00e9dicure qui augmente le confort de vos soins de p\u00e9dicure. Livr\u00e9 avec sac de transport et housse protectrice en plastique. Id\u00e9al pour les soins de p\u00e9dicure \u00e0 domicile. Sp\u00e9cifications : Couleur : noir Dimensions coussin : 29 x 20 x 5 cm (l [&hellip;]","og_url":"https:\/\/districos.standingout.be\/fr\/product\/yne-support-jambe-sac-et-lampe-loupe-led-ref-8870-851\/","og_site_name":"Districos Webshop","article_modified_time":"2026-04-28T11:22:44+00:00","twitter_card":"summary_large_image","twitter_misc":{"Dur\u00e9e de lecture estim\u00e9e":"1 minute"},"schema":{"@context":"https:\/\/schema.org","@graph":[{"@type":"WebPage","@id":"https:\/\/districos.standingout.be\/fr\/product\/yne-support-jambe-sac-et-lampe-loupe-led-ref-8870-851\/","url":"https:\/\/districos.standingout.be\/fr\/product\/yne-support-jambe-sac-et-lampe-loupe-led-ref-8870-851\/","name":"Yne Support-Jambe + Sac et Lampe Loupe (LED) - Districos Webshop","isPartOf":{"@id":"https:\/\/districos.standingout.be\/fr\/#website"},"primaryImageOfPage":{"@id":"https:\/\/districos.standingout.be\/fr\/product\/yne-support-jambe-sac-et-lampe-loupe-led-ref-8870-851\/#primaryimage"},"image":{"@id":"https:\/\/districos.standingout.be\/fr\/product\/yne-support-jambe-sac-et-lampe-loupe-led-ref-8870-851\/#primaryimage"},"thumbnailUrl":"https:\/\/districos.standingout.be\/wp-content\/uploads\/2025\/07\/8870.851@HighRes_0_99.png","datePublished":"2026-04-28T11:22:38+00:00","dateModified":"2026-04-28T11:22:44+00:00","breadcrumb":{"@id":"https:\/\/districos.standingout.be\/fr\/product\/yne-support-jambe-sac-et-lampe-loupe-led-ref-8870-851\/#breadcrumb"},"inLanguage":"fr-FR","potentialAction":[{"@type":"ReadAction","target":["https:\/\/districos.standingout.be\/fr\/product\/yne-support-jambe-sac-et-lampe-loupe-led-ref-8870-851\/"]}]},{"@type":"ImageObject","inLanguage":"fr-FR","@id":"https:\/\/districos.standingout.be\/fr\/product\/yne-support-jambe-sac-et-lampe-loupe-led-ref-8870-851\/#primaryimage","url":"https:\/\/districos.standingout.be\/wp-content\/uploads\/2025\/07\/8870.851@HighRes_0_99.png","contentUrl":"https:\/\/districos.standingout.be\/wp-content\/uploads\/2025\/07\/8870.851@HighRes_0_99.png","width":600,"height":600},{"@type":"BreadcrumbList","@id":"https:\/\/districos.standingout.be\/fr\/product\/yne-support-jambe-sac-et-lampe-loupe-led-ref-8870-851\/#breadcrumb","itemListElement":[{"@type":"ListItem","position":1,"name":"Home","item":"https:\/\/districos.standingout.be\/fr\/bienvenue-chez-districos\/"},{"@type":"ListItem","position":2,"name":"Boutique","item":"https:\/\/districos.standingout.be\/fr\/boutique\/"},{"@type":"ListItem","position":3,"name":"Yne Support-Jambe + Sac et Lampe Loupe (LED)"}]},{"@type":"WebSite","@id":"https:\/\/districos.standingout.be\/fr\/#website","url":"https:\/\/districos.standingout.be\/fr\/","name":"Districos Webshop","description":"","publisher":{"@id":"https:\/\/districos.standingout.be\/fr\/#organization"},"potentialAction":[{"@type":"SearchAction","target":{"@type":"EntryPoint","urlTemplate":"https:\/\/districos.standingout.be\/fr\/?s={search_term_string}"},"query-input":{"@type":"PropertyValueSpecification","valueRequired":true,"valueName":"search_term_string"}}],"inLanguage":"fr-FR"},{"@type":"Organization","@id":"https:\/\/districos.standingout.be\/fr\/#organization","name":"Districos Webshop","url":"https:\/\/districos.standingout.be\/fr\/","logo":{"@type":"ImageObject","inLanguage":"fr-FR","@id":"https:\/\/districos.standingout.be\/fr\/#\/schema\/logo\/image\/","url":"https:\/\/districos.standingout.be\/wp-content\/uploads\/2022\/09\/Districos_Logo_Webshop.svg","contentUrl":"https:\/\/districos.standingout.be\/wp-content\/uploads\/2022\/09\/Districos_Logo_Webshop.svg","caption":"Districos Webshop"},"image":{"@id":"https:\/\/districos.standingout.be\/fr\/#\/schema\/logo\/image\/"}}]}},"_links":{"self":[{"href":"https:\/\/districos.standingout.be\/fr\/wp-json\/wp\/v2\/product\/142007","targetHints":{"allow":["GET"]}}],"collection":[{"href":"https:\/\/districos.standingout.be\/fr\/wp-json\/wp\/v2\/product"}],"about":[{"href":"https:\/\/districos.standingout.be\/fr\/wp-json\/wp\/v2\/types\/product"}],"replies":[{"embeddable":true,"href":"https:\/\/districos.standingout.be\/fr\/wp-json\/wp\/v2\/comments?post=142007"}],"wp:featuredmedia":[{"embeddable":true,"href":"https:\/\/districos.standingout.be\/fr\/wp-json\/wp\/v2\/media\/84515"}],"wp:attachment":[{"href":"https:\/\/districos.standingout.be\/fr\/wp-json\/wp\/v2\/media?parent=142007"}],"wp:term":[{"taxonomy":"product_brand","embeddable":true,"href":"https:\/\/districos.standingout.be\/fr\/wp-json\/wp\/v2\/product_brand?post=142007"},{"taxonomy":"product_cat","embeddable":true,"href":"https:\/\/districos.standingout.be\/fr\/wp-json\/wp\/v2\/product_cat?post=142007"},{"taxonomy":"product_tag","embeddable":true,"href":"https:\/\/districos.standingout.be\/fr\/wp-json\/wp\/v2\/product_tag?post=142007"}],"curies":[{"name":"wp","href":"https:\/\/api.w.org\/{rel}","templated":true}]}}