{"id":142017,"date":"2026-04-28T13:23:47","date_gmt":"2026-04-28T11:23:47","guid":{"rendered":"https:\/\/webshopdistricoscom.webhosting.be\/product\/sk-podo-support-5-mm-rond-ref-8872-10\/"},"modified":"2026-04-28T13:23:52","modified_gmt":"2026-04-28T11:23:52","slug":"sk-podo-support-5-mm-rond-ref-8872-10","status":"publish","type":"product","link":"https:\/\/districos.standingout.be\/fr\/product\/sk-podo-support-5-mm-rond-ref-8872-10\/","title":{"rendered":"SK Podo Support 5 mm Rond"},"content":{"rendered":"<p >\n<p><span lang=\"FR-BE\">Porte-capuchon rond de 5 mm.&nbsp;Les capuchons abrasifs de Lukas Podological sont le choix intelligent, aussi bien pour votre patient(e) que pour vous en tant que professionnel(le) !<\/span><span lang=\"FR-BE\"><o:p><\/o:p><\/span><\/p>\n<p><b><span lang=\"FR-BE\">Caract\u00e9ristiques :&nbsp;<\/span><\/b><b><span lang=\"FR-BE\"><o:p><\/o:p><\/span><\/b><\/p>\n<p><span lang=\"FR-BE\">\u00b7<span>&nbsp;&nbsp;&nbsp;&nbsp;&nbsp;&nbsp;&nbsp;<\/span><\/span><span lang=\"FR-BE\">Plus avantageux que les fraises diamant\u00e9es.<\/span><span lang=\"FR-BE\"><o:p><\/o:p><\/span><\/p>\n<p><span lang=\"FR-BE\">\u00b7<span>&nbsp;&nbsp;&nbsp;&nbsp;&nbsp;&nbsp;&nbsp;<\/span><\/span><span lang=\"FR-BE\">Une taille, forme et grain appropri\u00e9 pour chaque utilisation pour un travail efficace et pr\u00e9cis.<\/span><span lang=\"FR-BE\"><o:p><\/o:p><\/span><\/p>\n<p><span lang=\"FR-BE\">\u00b7<span>&nbsp;&nbsp;&nbsp;&nbsp;&nbsp;&nbsp;&nbsp;<\/span><\/span><span lang=\"FR-BE\">Hygi\u00e9nique : un nouveau capuchon abrasif pour chaque patient(e).<\/span><span lang=\"FR-BE\"><o:p><\/o:p><\/span><\/p>\n<p><span lang=\"FR-BE\">\u00b7<span>&nbsp;&nbsp;&nbsp;&nbsp;&nbsp;&nbsp;&nbsp;<\/span><\/span><span lang=\"FR-BE\">S\u00fbr : au revoir les coupures ! Id\u00e9al pour les patients \u00e0 risque (personnes diab\u00e9tiques par exemple).<\/span><span lang=\"FR-BE\"><o:p><\/o:p><\/span><\/p>\n<p><span lang=\"FR-BE\">\u00b7<span>&nbsp;&nbsp;&nbsp;&nbsp;&nbsp;&nbsp;&nbsp;<\/span><\/span><span lang=\"FR-BE\">Moins d\u2019\u00e9chauffement en comparaison avec les capuchons abrasifs classiques et donc plus confortable et s\u00fbr.<\/span><span lang=\"FR-BE\"><o:p><\/o:p><\/span><\/p>\n<p><span lang=\"FR-BE\">\u00b7<span>&nbsp;&nbsp;&nbsp;&nbsp;&nbsp;&nbsp;&nbsp;<\/span><\/span><span lang=\"FR-BE\">L&rsquo;effet anti-adh\u00e9sion rend le capuchon abrasif moins susceptible de se remplir. Cela permet de travailler de mani\u00e8re plus efficace et durable et de r\u00e9duire la pression exerc\u00e9e.<\/span><span lang=\"FR-BE\"><o:p><\/o:p><\/span><\/p>\n<p><span lang=\"FR-BE\">\u00b7<span>&nbsp;&nbsp;&nbsp;&nbsp;&nbsp;&nbsp;&nbsp;<\/span><\/span><span lang=\"FR-BE\">L\u2019usage du coton bio et la production sans ph\u00e9nol et formald\u00e9hyde le rend \u00e9cologiquement durable.<\/span><span lang=\"FR-BE\"><o:p><\/o:p><\/span><\/p>\n<p><b><span lang=\"FR-BE\">\u00c9galement disponible<\/span><\/b><b><span lang=\"FR-BE\"><o:p><\/o:p><\/span><\/b><\/p>\n<\/p>\n<ul type=\"disc\">\n<li><span lang=\"FR-BE\">SK Podo Support 5 mm Rond (r\u00e9f.&nbsp;<\/span><span lang=\"FR-BE\"><a href=\"https:\/\/webshop.districos.com\/ProductDetail\/8872.10\" target=\"_blank\" rel=\"noopener noreferrer nofollow\"><span>8872.10<\/span><\/a><\/span><span lang=\"FR-BE\">)<\/span><span lang=\"FR-BE\"><o:p><\/o:p><\/span><\/li>\n<li><span lang=\"FR-BE\">SK Podo Support 5 mm Pointu (r\u00e9f.&nbsp;<\/span><span lang=\"FR-BE\"><a href=\"https:\/\/webshop.districos.com\/ProductDetail\/8872.11\" target=\"_blank\" rel=\"noopener noreferrer nofollow\"><span>8872.11<\/span><\/a><\/span><span lang=\"FR-BE\">)<\/span><span lang=\"FR-BE\"><o:p><\/o:p><\/span><\/li>\n<li><span lang=\"FR-BE\">SK Podo Support Speciale 7 mm Rond (r\u00e9f. 8872.12)<\/span><\/li>\n<li><span lang=\"FR-BE\">SK Podo Support 10 mm Rond (r\u00e9f.&nbsp;<\/span><span lang=\"FR-BE\"><a href=\"https:\/\/webshop.districos.com\/ProductDetail\/8872.14\" target=\"_blank\" rel=\"noopener noreferrer nofollow\"><span>8872.14<\/span><\/a><\/span><span lang=\"FR-BE\">)<\/span><span lang=\"FR-BE\"><o:p><\/o:p><\/span><\/li>\n<li><span lang=\"FR-BE\">SK Podo Support 10 mm Pointu (r\u00e9f.&nbsp;<\/span><span lang=\"FR-BE\"><a href=\"https:\/\/webshop.districos.com\/ProductDetail\/8872.15\" target=\"_blank\" rel=\"noopener noreferrer nofollow\"><span>8872.15<\/span><\/a><\/span><span lang=\"FR-BE\">)<\/span><\/li>\n<li><span lang=\"FR-BE\">SK Podo Support 13 mm Rond (<a href=\"https:\/\/webshop.districos.com\/ProductDetail\/8872.16\" target=\"_blank\" rel=\"noopener noreferrer nofollow\">r\u00e9f. 8872.16<\/a>)<\/span><\/li>\n<\/ul>\n","protected":false},"excerpt":{"rendered":"<p>Porte-capuchon rond de 5 mm.&nbsp;Les capuchons abrasifs de Lukas Podological sont le choix intelligent, aussi bien pour votre patient(e) que pour vous en tant que professionnel(le) ! Caract\u00e9ristiques :&nbsp; \u00b7&nbsp;&nbsp;&nbsp;&nbsp;&nbsp;&nbsp;&nbsp;Plus avantageux que les fraises diamant\u00e9es. \u00b7&nbsp;&nbsp;&nbsp;&nbsp;&nbsp;&nbsp;&nbsp;Une taille, forme et grain appropri\u00e9 pour chaque utilisation pour un travail efficace et pr\u00e9cis. \u00b7&nbsp;&nbsp;&nbsp;&nbsp;&nbsp;&nbsp;&nbsp;Hygi\u00e9nique : un nouveau capuchon [&hellip;]<\/p>\n","protected":false},"featured_media":84536,"comment_status":"open","ping_status":"closed","template":"","meta":{"_acf_changed":false},"product_brand":[10556],"product_cat":[10014,9942,10273],"product_tag":[],"class_list":{"0":"post-142017","1":"product","2":"type-product","3":"status-publish","4":"has-post-thumbnail","6":"product_brand-sk-podo-fr","7":"product_cat-soins-des-pieds-podologie-fraises-callosites","8":"product_cat-beaute-pedicure-fraises","9":"product_cat-soins-des-pieds-podologie-fraises-toutes-les-fraises","11":"first","12":"instock","13":"taxable","14":"shipping-taxable","15":"product-type-simple"},"acf":[],"yoast_head":"<!-- This site is optimized with the Yoast SEO plugin v27.3 - https:\/\/yoast.com\/product\/yoast-seo-wordpress\/ -->\n<title>SK Podo Support 5 mm Rond - Districos Webshop<\/title>\n<meta name=\"robots\" content=\"noindex, follow, max-snippet:-1, max-image-preview:large, max-video-preview:-1\" \/>\n<meta property=\"og:locale\" content=\"fr_FR\" \/>\n<meta property=\"og:type\" content=\"article\" \/>\n<meta property=\"og:title\" content=\"SK Podo Support 5 mm Rond - Districos Webshop\" \/>\n<meta property=\"og:description\" content=\"Porte-capuchon rond de 5 mm.&nbsp;Les capuchons abrasifs de Lukas Podological sont le choix intelligent, aussi bien pour votre patient(e) que pour vous en tant que professionnel(le) ! Caract\u00e9ristiques :&nbsp; \u00b7&nbsp;&nbsp;&nbsp;&nbsp;&nbsp;&nbsp;&nbsp;Plus avantageux que les fraises diamant\u00e9es. \u00b7&nbsp;&nbsp;&nbsp;&nbsp;&nbsp;&nbsp;&nbsp;Une taille, forme et grain appropri\u00e9 pour chaque utilisation pour un travail efficace et pr\u00e9cis. \u00b7&nbsp;&nbsp;&nbsp;&nbsp;&nbsp;&nbsp;&nbsp;Hygi\u00e9nique : un nouveau capuchon [&hellip;]\" \/>\n<meta property=\"og:url\" content=\"https:\/\/districos.standingout.be\/fr\/product\/sk-podo-support-5-mm-rond-ref-8872-10\/\" \/>\n<meta property=\"og:site_name\" content=\"Districos Webshop\" \/>\n<meta property=\"article:modified_time\" content=\"2026-04-28T11:23:52+00:00\" \/>\n<meta name=\"twitter:card\" content=\"summary_large_image\" \/>\n<meta name=\"twitter:label1\" content=\"Dur\u00e9e de lecture estim\u00e9e\" \/>\n\t<meta name=\"twitter:data1\" content=\"1 minute\" \/>\n<script type=\"application\/ld+json\" class=\"yoast-schema-graph\">{\"@context\":\"https:\\\/\\\/schema.org\",\"@graph\":[{\"@type\":\"WebPage\",\"@id\":\"https:\\\/\\\/districos.standingout.be\\\/fr\\\/product\\\/sk-podo-support-5-mm-rond-ref-8872-10\\\/\",\"url\":\"https:\\\/\\\/districos.standingout.be\\\/fr\\\/product\\\/sk-podo-support-5-mm-rond-ref-8872-10\\\/\",\"name\":\"SK Podo Support 5 mm Rond - Districos Webshop\",\"isPartOf\":{\"@id\":\"https:\\\/\\\/districos.standingout.be\\\/fr\\\/#website\"},\"primaryImageOfPage\":{\"@id\":\"https:\\\/\\\/districos.standingout.be\\\/fr\\\/product\\\/sk-podo-support-5-mm-rond-ref-8872-10\\\/#primaryimage\"},\"image\":{\"@id\":\"https:\\\/\\\/districos.standingout.be\\\/fr\\\/product\\\/sk-podo-support-5-mm-rond-ref-8872-10\\\/#primaryimage\"},\"thumbnailUrl\":\"https:\\\/\\\/districos.standingout.be\\\/wp-content\\\/uploads\\\/2025\\\/07\\\/8872.10@HighRes_0_99.png\",\"datePublished\":\"2026-04-28T11:23:47+00:00\",\"dateModified\":\"2026-04-28T11:23:52+00:00\",\"breadcrumb\":{\"@id\":\"https:\\\/\\\/districos.standingout.be\\\/fr\\\/product\\\/sk-podo-support-5-mm-rond-ref-8872-10\\\/#breadcrumb\"},\"inLanguage\":\"fr-FR\",\"potentialAction\":[{\"@type\":\"ReadAction\",\"target\":[\"https:\\\/\\\/districos.standingout.be\\\/fr\\\/product\\\/sk-podo-support-5-mm-rond-ref-8872-10\\\/\"]}]},{\"@type\":\"ImageObject\",\"inLanguage\":\"fr-FR\",\"@id\":\"https:\\\/\\\/districos.standingout.be\\\/fr\\\/product\\\/sk-podo-support-5-mm-rond-ref-8872-10\\\/#primaryimage\",\"url\":\"https:\\\/\\\/districos.standingout.be\\\/wp-content\\\/uploads\\\/2025\\\/07\\\/8872.10@HighRes_0_99.png\",\"contentUrl\":\"https:\\\/\\\/districos.standingout.be\\\/wp-content\\\/uploads\\\/2025\\\/07\\\/8872.10@HighRes_0_99.png\",\"width\":600,\"height\":600},{\"@type\":\"BreadcrumbList\",\"@id\":\"https:\\\/\\\/districos.standingout.be\\\/fr\\\/product\\\/sk-podo-support-5-mm-rond-ref-8872-10\\\/#breadcrumb\",\"itemListElement\":[{\"@type\":\"ListItem\",\"position\":1,\"name\":\"Home\",\"item\":\"https:\\\/\\\/districos.standingout.be\\\/fr\\\/bienvenue-chez-districos\\\/\"},{\"@type\":\"ListItem\",\"position\":2,\"name\":\"Boutique\",\"item\":\"https:\\\/\\\/districos.standingout.be\\\/fr\\\/boutique\\\/\"},{\"@type\":\"ListItem\",\"position\":3,\"name\":\"SK Podo Support 5 mm Rond\"}]},{\"@type\":\"WebSite\",\"@id\":\"https:\\\/\\\/districos.standingout.be\\\/fr\\\/#website\",\"url\":\"https:\\\/\\\/districos.standingout.be\\\/fr\\\/\",\"name\":\"Districos Webshop\",\"description\":\"\",\"publisher\":{\"@id\":\"https:\\\/\\\/districos.standingout.be\\\/fr\\\/#organization\"},\"potentialAction\":[{\"@type\":\"SearchAction\",\"target\":{\"@type\":\"EntryPoint\",\"urlTemplate\":\"https:\\\/\\\/districos.standingout.be\\\/fr\\\/?s={search_term_string}\"},\"query-input\":{\"@type\":\"PropertyValueSpecification\",\"valueRequired\":true,\"valueName\":\"search_term_string\"}}],\"inLanguage\":\"fr-FR\"},{\"@type\":\"Organization\",\"@id\":\"https:\\\/\\\/districos.standingout.be\\\/fr\\\/#organization\",\"name\":\"Districos Webshop\",\"url\":\"https:\\\/\\\/districos.standingout.be\\\/fr\\\/\",\"logo\":{\"@type\":\"ImageObject\",\"inLanguage\":\"fr-FR\",\"@id\":\"https:\\\/\\\/districos.standingout.be\\\/fr\\\/#\\\/schema\\\/logo\\\/image\\\/\",\"url\":\"https:\\\/\\\/districos.standingout.be\\\/wp-content\\\/uploads\\\/2022\\\/09\\\/Districos_Logo_Webshop.svg\",\"contentUrl\":\"https:\\\/\\\/districos.standingout.be\\\/wp-content\\\/uploads\\\/2022\\\/09\\\/Districos_Logo_Webshop.svg\",\"caption\":\"Districos Webshop\"},\"image\":{\"@id\":\"https:\\\/\\\/districos.standingout.be\\\/fr\\\/#\\\/schema\\\/logo\\\/image\\\/\"}}]}<\/script>\n<!-- \/ Yoast SEO plugin. -->","yoast_head_json":{"title":"SK Podo Support 5 mm Rond - Districos Webshop","robots":{"index":"noindex","follow":"follow","max-snippet":"max-snippet:-1","max-image-preview":"max-image-preview:large","max-video-preview":"max-video-preview:-1"},"og_locale":"fr_FR","og_type":"article","og_title":"SK Podo Support 5 mm Rond - Districos Webshop","og_description":"Porte-capuchon rond de 5 mm.&nbsp;Les capuchons abrasifs de Lukas Podological sont le choix intelligent, aussi bien pour votre patient(e) que pour vous en tant que professionnel(le) ! Caract\u00e9ristiques :&nbsp; \u00b7&nbsp;&nbsp;&nbsp;&nbsp;&nbsp;&nbsp;&nbsp;Plus avantageux que les fraises diamant\u00e9es. \u00b7&nbsp;&nbsp;&nbsp;&nbsp;&nbsp;&nbsp;&nbsp;Une taille, forme et grain appropri\u00e9 pour chaque utilisation pour un travail efficace et pr\u00e9cis. \u00b7&nbsp;&nbsp;&nbsp;&nbsp;&nbsp;&nbsp;&nbsp;Hygi\u00e9nique : un nouveau capuchon [&hellip;]","og_url":"https:\/\/districos.standingout.be\/fr\/product\/sk-podo-support-5-mm-rond-ref-8872-10\/","og_site_name":"Districos Webshop","article_modified_time":"2026-04-28T11:23:52+00:00","twitter_card":"summary_large_image","twitter_misc":{"Dur\u00e9e de lecture estim\u00e9e":"1 minute"},"schema":{"@context":"https:\/\/schema.org","@graph":[{"@type":"WebPage","@id":"https:\/\/districos.standingout.be\/fr\/product\/sk-podo-support-5-mm-rond-ref-8872-10\/","url":"https:\/\/districos.standingout.be\/fr\/product\/sk-podo-support-5-mm-rond-ref-8872-10\/","name":"SK Podo Support 5 mm Rond - Districos Webshop","isPartOf":{"@id":"https:\/\/districos.standingout.be\/fr\/#website"},"primaryImageOfPage":{"@id":"https:\/\/districos.standingout.be\/fr\/product\/sk-podo-support-5-mm-rond-ref-8872-10\/#primaryimage"},"image":{"@id":"https:\/\/districos.standingout.be\/fr\/product\/sk-podo-support-5-mm-rond-ref-8872-10\/#primaryimage"},"thumbnailUrl":"https:\/\/districos.standingout.be\/wp-content\/uploads\/2025\/07\/8872.10@HighRes_0_99.png","datePublished":"2026-04-28T11:23:47+00:00","dateModified":"2026-04-28T11:23:52+00:00","breadcrumb":{"@id":"https:\/\/districos.standingout.be\/fr\/product\/sk-podo-support-5-mm-rond-ref-8872-10\/#breadcrumb"},"inLanguage":"fr-FR","potentialAction":[{"@type":"ReadAction","target":["https:\/\/districos.standingout.be\/fr\/product\/sk-podo-support-5-mm-rond-ref-8872-10\/"]}]},{"@type":"ImageObject","inLanguage":"fr-FR","@id":"https:\/\/districos.standingout.be\/fr\/product\/sk-podo-support-5-mm-rond-ref-8872-10\/#primaryimage","url":"https:\/\/districos.standingout.be\/wp-content\/uploads\/2025\/07\/8872.10@HighRes_0_99.png","contentUrl":"https:\/\/districos.standingout.be\/wp-content\/uploads\/2025\/07\/8872.10@HighRes_0_99.png","width":600,"height":600},{"@type":"BreadcrumbList","@id":"https:\/\/districos.standingout.be\/fr\/product\/sk-podo-support-5-mm-rond-ref-8872-10\/#breadcrumb","itemListElement":[{"@type":"ListItem","position":1,"name":"Home","item":"https:\/\/districos.standingout.be\/fr\/bienvenue-chez-districos\/"},{"@type":"ListItem","position":2,"name":"Boutique","item":"https:\/\/districos.standingout.be\/fr\/boutique\/"},{"@type":"ListItem","position":3,"name":"SK Podo Support 5 mm Rond"}]},{"@type":"WebSite","@id":"https:\/\/districos.standingout.be\/fr\/#website","url":"https:\/\/districos.standingout.be\/fr\/","name":"Districos Webshop","description":"","publisher":{"@id":"https:\/\/districos.standingout.be\/fr\/#organization"},"potentialAction":[{"@type":"SearchAction","target":{"@type":"EntryPoint","urlTemplate":"https:\/\/districos.standingout.be\/fr\/?s={search_term_string}"},"query-input":{"@type":"PropertyValueSpecification","valueRequired":true,"valueName":"search_term_string"}}],"inLanguage":"fr-FR"},{"@type":"Organization","@id":"https:\/\/districos.standingout.be\/fr\/#organization","name":"Districos Webshop","url":"https:\/\/districos.standingout.be\/fr\/","logo":{"@type":"ImageObject","inLanguage":"fr-FR","@id":"https:\/\/districos.standingout.be\/fr\/#\/schema\/logo\/image\/","url":"https:\/\/districos.standingout.be\/wp-content\/uploads\/2022\/09\/Districos_Logo_Webshop.svg","contentUrl":"https:\/\/districos.standingout.be\/wp-content\/uploads\/2022\/09\/Districos_Logo_Webshop.svg","caption":"Districos Webshop"},"image":{"@id":"https:\/\/districos.standingout.be\/fr\/#\/schema\/logo\/image\/"}}]}},"_links":{"self":[{"href":"https:\/\/districos.standingout.be\/fr\/wp-json\/wp\/v2\/product\/142017","targetHints":{"allow":["GET"]}}],"collection":[{"href":"https:\/\/districos.standingout.be\/fr\/wp-json\/wp\/v2\/product"}],"about":[{"href":"https:\/\/districos.standingout.be\/fr\/wp-json\/wp\/v2\/types\/product"}],"replies":[{"embeddable":true,"href":"https:\/\/districos.standingout.be\/fr\/wp-json\/wp\/v2\/comments?post=142017"}],"wp:featuredmedia":[{"embeddable":true,"href":"https:\/\/districos.standingout.be\/fr\/wp-json\/wp\/v2\/media\/84536"}],"wp:attachment":[{"href":"https:\/\/districos.standingout.be\/fr\/wp-json\/wp\/v2\/media?parent=142017"}],"wp:term":[{"taxonomy":"product_brand","embeddable":true,"href":"https:\/\/districos.standingout.be\/fr\/wp-json\/wp\/v2\/product_brand?post=142017"},{"taxonomy":"product_cat","embeddable":true,"href":"https:\/\/districos.standingout.be\/fr\/wp-json\/wp\/v2\/product_cat?post=142017"},{"taxonomy":"product_tag","embeddable":true,"href":"https:\/\/districos.standingout.be\/fr\/wp-json\/wp\/v2\/product_tag?post=142017"}],"curies":[{"name":"wp","href":"https:\/\/api.w.org\/{rel}","templated":true}]}}