{"id":142021,"date":"2026-04-28T13:23:58","date_gmt":"2026-04-28T11:23:58","guid":{"rendered":"https:\/\/webshopdistricoscom.webhosting.be\/product\/sk-podo-support-speciale-7-mm-rond-ref-8872-12\/"},"modified":"2026-04-28T13:24:04","modified_gmt":"2026-04-28T11:24:04","slug":"sk-podo-support-speciale-7-mm-rond-ref-8872-12","status":"publish","type":"product","link":"https:\/\/districos.standingout.be\/fr\/product\/sk-podo-support-speciale-7-mm-rond-ref-8872-12\/","title":{"rendered":"SK Podo Support Speciale 7 mm Rond"},"content":{"rendered":"<p >\n<\/p>\n<\/p>\n<p><span lang=\"FR-BE\">Porte-capuchon Sp\u00e9ciale rond de 7 mm. En raison du mat\u00e9riau utilis\u00e9, le porte-capuchon Sp\u00e9cial est plus r\u00e9sistant \u00e0 l&rsquo;usure que les portes-capuchon classiques de Lukas Podo. De plus, il est facile \u00e0 nettoyer.<\/span><\/p>\n<p><span lang=\"FR-BE\">Les capuchons abrasifs de Lukas Podological sont le choix intelligent, aussi bien pour votre patient(e) que pour vous en tant que professionnel(le) !<\/span><span lang=\"FR-BE\"><o:p><\/o:p><\/span><\/p>\n<p><b><span lang=\"FR-BE\">Caract\u00e9ristiques :&nbsp;<\/span><\/b><b><span lang=\"FR-BE\"><o:p><\/o:p><\/span><\/b><\/p>\n<\/p>\n<ul>\n<li><span lang=\"FR-BE\">Plus avantageux que les fraises diamant\u00e9es.<\/span><\/li>\n<li><span lang=\"FR-BE\">Une taille, forme et grain appropri\u00e9 pour chaque utilisation pour un travail efficace et pr\u00e9cis.<\/span><\/li>\n<li>Hygi\u00e9nique : un nouveau capuchon abrasif pour chaque patient(e).<\/li>\n<li>S\u00fbr : au revoir les coupures ! Id\u00e9al pour les patients \u00e0 risque (personnes diab\u00e9tiques par exemple).<\/li>\n<li>Moins d\u2019\u00e9chauffement en comparaison avec les capuchons abrasifs classiques et donc plus confortable et s\u00fbr.<\/li>\n<li>L&rsquo;effet anti-adh\u00e9sion rend le capuchon abrasif moins susceptible de se remplir. Cela permet de travailler de mani\u00e8re plus efficace et durable et de r\u00e9duire la pression exerc\u00e9e.<\/li>\n<li>L\u2019usage du coton bio et la production sans ph\u00e9nol et formald\u00e9hyde le rend \u00e9cologiquement durable.<\/li>\n<\/ul>\n<p><b><span lang=\"FR-BE\">\u00c9galement disponible<\/span><\/b><b><span lang=\"FR-BE\"><o:p><\/o:p><\/span><\/b><\/p>\n<\/p>\n<ul type=\"disc\">\n<li><span lang=\"FR-BE\">SK Podo Support 5 mm Rond (r\u00e9f.&nbsp;<\/span><span lang=\"FR-BE\"><a href=\"https:\/\/webshop.districos.com\/ProductDetail\/8872.10\" target=\"_blank\" rel=\"noopener noreferrer nofollow\"><span>8872.10<\/span><\/a><\/span><span lang=\"FR-BE\">)<\/span><span lang=\"FR-BE\"><o:p><\/o:p><\/span><\/li>\n<li><span lang=\"FR-BE\">SK Podo Support 5 mm Pointu (r\u00e9f.&nbsp;<\/span><span lang=\"FR-BE\"><a href=\"https:\/\/webshop.districos.com\/ProductDetail\/8872.11\" target=\"_blank\" rel=\"noopener noreferrer nofollow\"><span>8872.11<\/span><\/a><\/span><span lang=\"FR-BE\">)<\/span><span lang=\"FR-BE\"><o:p><\/o:p><\/span><\/li>\n<li><span lang=\"FR-BE\">SK Podo Support Speciale 7 mm Rond (r\u00e9f. <a href=\"https:\/\/webshop.districos.com\/ProductDetail\/8872.12\" target=\"_blank\" rel=\"noopener noreferrer nofollow\"> 8872.12<\/a>)<\/span><\/li>\n<li><span lang=\"FR-BE\">SK Podo Support 10 mm Rond (r\u00e9f.&nbsp;<\/span><span lang=\"FR-BE\"><a href=\"https:\/\/webshop.districos.com\/ProductDetail\/8872.14\" target=\"_blank\" rel=\"noopener noreferrer nofollow\"><span>8872.14<\/span><\/a><\/span><span lang=\"FR-BE\">)<\/span><span lang=\"FR-BE\"><o:p><\/o:p><\/span><\/li>\n<li><span lang=\"FR-BE\">SK Podo Support 10 mm Pointu (r\u00e9f.&nbsp;<\/span><span lang=\"FR-BE\"><a href=\"https:\/\/webshop.districos.com\/ProductDetail\/8872.15\" target=\"_blank\" rel=\"noopener noreferrer nofollow\"><span>8872.15<\/span><\/a><\/span><span lang=\"FR-BE\">)<\/span><\/li>\n<li><span lang=\"FR-BE\">SK Podo Support 13 mm Rond (<a href=\"https:\/\/webshop.districos.com\/ProductDetail\/8872.16\" target=\"_blank\" rel=\"noopener noreferrer nofollow\">r\u00e9f. 8872.16<\/a>)<\/span><\/li>\n<\/ul>\n","protected":false},"excerpt":{"rendered":"<p>Porte-capuchon Sp\u00e9ciale rond de 7 mm. En raison du mat\u00e9riau utilis\u00e9, le porte-capuchon Sp\u00e9cial est plus r\u00e9sistant \u00e0 l&rsquo;usure que les portes-capuchon classiques de Lukas Podo. De plus, il est facile \u00e0 nettoyer. Les capuchons abrasifs de Lukas Podological sont le choix intelligent, aussi bien pour votre patient(e) que pour vous en tant que professionnel(le) [&hellip;]<\/p>\n","protected":false},"featured_media":148652,"comment_status":"open","ping_status":"closed","template":"","meta":{"_acf_changed":false},"product_brand":[10556],"product_cat":[10014,9942,10273],"product_tag":[],"class_list":{"0":"post-142021","1":"product","2":"type-product","3":"status-publish","4":"has-post-thumbnail","6":"product_brand-sk-podo-fr","7":"product_cat-soins-des-pieds-podologie-fraises-callosites","8":"product_cat-beaute-pedicure-fraises","9":"product_cat-soins-des-pieds-podologie-fraises-toutes-les-fraises","11":"first","12":"instock","13":"taxable","14":"shipping-taxable","15":"product-type-simple"},"acf":[],"yoast_head":"<!-- This site is optimized with the Yoast SEO plugin v27.3 - https:\/\/yoast.com\/product\/yoast-seo-wordpress\/ -->\n<title>SK Podo Support Speciale 7 mm Rond - Districos Webshop<\/title>\n<meta name=\"robots\" content=\"noindex, follow, max-snippet:-1, max-image-preview:large, max-video-preview:-1\" \/>\n<meta property=\"og:locale\" content=\"fr_FR\" \/>\n<meta property=\"og:type\" content=\"article\" \/>\n<meta property=\"og:title\" content=\"SK Podo Support Speciale 7 mm Rond - Districos Webshop\" \/>\n<meta property=\"og:description\" content=\"Porte-capuchon Sp\u00e9ciale rond de 7 mm. En raison du mat\u00e9riau utilis\u00e9, le porte-capuchon Sp\u00e9cial est plus r\u00e9sistant \u00e0 l&rsquo;usure que les portes-capuchon classiques de Lukas Podo. De plus, il est facile \u00e0 nettoyer. Les capuchons abrasifs de Lukas Podological sont le choix intelligent, aussi bien pour votre patient(e) que pour vous en tant que professionnel(le) [&hellip;]\" \/>\n<meta property=\"og:url\" content=\"https:\/\/districos.standingout.be\/fr\/product\/sk-podo-support-speciale-7-mm-rond-ref-8872-12\/\" \/>\n<meta property=\"og:site_name\" content=\"Districos Webshop\" \/>\n<meta property=\"article:modified_time\" content=\"2026-04-28T11:24:04+00:00\" \/>\n<meta name=\"twitter:card\" content=\"summary_large_image\" \/>\n<meta name=\"twitter:label1\" content=\"Dur\u00e9e de lecture estim\u00e9e\" \/>\n\t<meta name=\"twitter:data1\" content=\"1 minute\" \/>\n<script type=\"application\/ld+json\" class=\"yoast-schema-graph\">{\"@context\":\"https:\\\/\\\/schema.org\",\"@graph\":[{\"@type\":\"WebPage\",\"@id\":\"https:\\\/\\\/districos.standingout.be\\\/fr\\\/product\\\/sk-podo-support-speciale-7-mm-rond-ref-8872-12\\\/\",\"url\":\"https:\\\/\\\/districos.standingout.be\\\/fr\\\/product\\\/sk-podo-support-speciale-7-mm-rond-ref-8872-12\\\/\",\"name\":\"SK Podo Support Speciale 7 mm Rond - Districos Webshop\",\"isPartOf\":{\"@id\":\"https:\\\/\\\/districos.standingout.be\\\/fr\\\/#website\"},\"primaryImageOfPage\":{\"@id\":\"https:\\\/\\\/districos.standingout.be\\\/fr\\\/product\\\/sk-podo-support-speciale-7-mm-rond-ref-8872-12\\\/#primaryimage\"},\"image\":{\"@id\":\"https:\\\/\\\/districos.standingout.be\\\/fr\\\/product\\\/sk-podo-support-speciale-7-mm-rond-ref-8872-12\\\/#primaryimage\"},\"thumbnailUrl\":\"https:\\\/\\\/districos.standingout.be\\\/wp-content\\\/uploads\\\/2026\\\/04\\\/8872.12@SK-Podo-Special-Drager-7-mm-Rond_1.png\",\"datePublished\":\"2026-04-28T11:23:58+00:00\",\"dateModified\":\"2026-04-28T11:24:04+00:00\",\"breadcrumb\":{\"@id\":\"https:\\\/\\\/districos.standingout.be\\\/fr\\\/product\\\/sk-podo-support-speciale-7-mm-rond-ref-8872-12\\\/#breadcrumb\"},\"inLanguage\":\"fr-FR\",\"potentialAction\":[{\"@type\":\"ReadAction\",\"target\":[\"https:\\\/\\\/districos.standingout.be\\\/fr\\\/product\\\/sk-podo-support-speciale-7-mm-rond-ref-8872-12\\\/\"]}]},{\"@type\":\"ImageObject\",\"inLanguage\":\"fr-FR\",\"@id\":\"https:\\\/\\\/districos.standingout.be\\\/fr\\\/product\\\/sk-podo-support-speciale-7-mm-rond-ref-8872-12\\\/#primaryimage\",\"url\":\"https:\\\/\\\/districos.standingout.be\\\/wp-content\\\/uploads\\\/2026\\\/04\\\/8872.12@SK-Podo-Special-Drager-7-mm-Rond_1.png\",\"contentUrl\":\"https:\\\/\\\/districos.standingout.be\\\/wp-content\\\/uploads\\\/2026\\\/04\\\/8872.12@SK-Podo-Special-Drager-7-mm-Rond_1.png\",\"width\":600,\"height\":600},{\"@type\":\"BreadcrumbList\",\"@id\":\"https:\\\/\\\/districos.standingout.be\\\/fr\\\/product\\\/sk-podo-support-speciale-7-mm-rond-ref-8872-12\\\/#breadcrumb\",\"itemListElement\":[{\"@type\":\"ListItem\",\"position\":1,\"name\":\"Home\",\"item\":\"https:\\\/\\\/districos.standingout.be\\\/fr\\\/bienvenue-chez-districos\\\/\"},{\"@type\":\"ListItem\",\"position\":2,\"name\":\"Boutique\",\"item\":\"https:\\\/\\\/districos.standingout.be\\\/fr\\\/boutique\\\/\"},{\"@type\":\"ListItem\",\"position\":3,\"name\":\"SK Podo Support Speciale 7 mm Rond\"}]},{\"@type\":\"WebSite\",\"@id\":\"https:\\\/\\\/districos.standingout.be\\\/fr\\\/#website\",\"url\":\"https:\\\/\\\/districos.standingout.be\\\/fr\\\/\",\"name\":\"Districos Webshop\",\"description\":\"\",\"publisher\":{\"@id\":\"https:\\\/\\\/districos.standingout.be\\\/fr\\\/#organization\"},\"potentialAction\":[{\"@type\":\"SearchAction\",\"target\":{\"@type\":\"EntryPoint\",\"urlTemplate\":\"https:\\\/\\\/districos.standingout.be\\\/fr\\\/?s={search_term_string}\"},\"query-input\":{\"@type\":\"PropertyValueSpecification\",\"valueRequired\":true,\"valueName\":\"search_term_string\"}}],\"inLanguage\":\"fr-FR\"},{\"@type\":\"Organization\",\"@id\":\"https:\\\/\\\/districos.standingout.be\\\/fr\\\/#organization\",\"name\":\"Districos Webshop\",\"url\":\"https:\\\/\\\/districos.standingout.be\\\/fr\\\/\",\"logo\":{\"@type\":\"ImageObject\",\"inLanguage\":\"fr-FR\",\"@id\":\"https:\\\/\\\/districos.standingout.be\\\/fr\\\/#\\\/schema\\\/logo\\\/image\\\/\",\"url\":\"https:\\\/\\\/districos.standingout.be\\\/wp-content\\\/uploads\\\/2022\\\/09\\\/Districos_Logo_Webshop.svg\",\"contentUrl\":\"https:\\\/\\\/districos.standingout.be\\\/wp-content\\\/uploads\\\/2022\\\/09\\\/Districos_Logo_Webshop.svg\",\"caption\":\"Districos Webshop\"},\"image\":{\"@id\":\"https:\\\/\\\/districos.standingout.be\\\/fr\\\/#\\\/schema\\\/logo\\\/image\\\/\"}}]}<\/script>\n<!-- \/ Yoast SEO plugin. -->","yoast_head_json":{"title":"SK Podo Support Speciale 7 mm Rond - Districos Webshop","robots":{"index":"noindex","follow":"follow","max-snippet":"max-snippet:-1","max-image-preview":"max-image-preview:large","max-video-preview":"max-video-preview:-1"},"og_locale":"fr_FR","og_type":"article","og_title":"SK Podo Support Speciale 7 mm Rond - Districos Webshop","og_description":"Porte-capuchon Sp\u00e9ciale rond de 7 mm. En raison du mat\u00e9riau utilis\u00e9, le porte-capuchon Sp\u00e9cial est plus r\u00e9sistant \u00e0 l&rsquo;usure que les portes-capuchon classiques de Lukas Podo. De plus, il est facile \u00e0 nettoyer. Les capuchons abrasifs de Lukas Podological sont le choix intelligent, aussi bien pour votre patient(e) que pour vous en tant que professionnel(le) [&hellip;]","og_url":"https:\/\/districos.standingout.be\/fr\/product\/sk-podo-support-speciale-7-mm-rond-ref-8872-12\/","og_site_name":"Districos Webshop","article_modified_time":"2026-04-28T11:24:04+00:00","twitter_card":"summary_large_image","twitter_misc":{"Dur\u00e9e de lecture estim\u00e9e":"1 minute"},"schema":{"@context":"https:\/\/schema.org","@graph":[{"@type":"WebPage","@id":"https:\/\/districos.standingout.be\/fr\/product\/sk-podo-support-speciale-7-mm-rond-ref-8872-12\/","url":"https:\/\/districos.standingout.be\/fr\/product\/sk-podo-support-speciale-7-mm-rond-ref-8872-12\/","name":"SK Podo Support Speciale 7 mm Rond - Districos Webshop","isPartOf":{"@id":"https:\/\/districos.standingout.be\/fr\/#website"},"primaryImageOfPage":{"@id":"https:\/\/districos.standingout.be\/fr\/product\/sk-podo-support-speciale-7-mm-rond-ref-8872-12\/#primaryimage"},"image":{"@id":"https:\/\/districos.standingout.be\/fr\/product\/sk-podo-support-speciale-7-mm-rond-ref-8872-12\/#primaryimage"},"thumbnailUrl":"https:\/\/districos.standingout.be\/wp-content\/uploads\/2026\/04\/8872.12@SK-Podo-Special-Drager-7-mm-Rond_1.png","datePublished":"2026-04-28T11:23:58+00:00","dateModified":"2026-04-28T11:24:04+00:00","breadcrumb":{"@id":"https:\/\/districos.standingout.be\/fr\/product\/sk-podo-support-speciale-7-mm-rond-ref-8872-12\/#breadcrumb"},"inLanguage":"fr-FR","potentialAction":[{"@type":"ReadAction","target":["https:\/\/districos.standingout.be\/fr\/product\/sk-podo-support-speciale-7-mm-rond-ref-8872-12\/"]}]},{"@type":"ImageObject","inLanguage":"fr-FR","@id":"https:\/\/districos.standingout.be\/fr\/product\/sk-podo-support-speciale-7-mm-rond-ref-8872-12\/#primaryimage","url":"https:\/\/districos.standingout.be\/wp-content\/uploads\/2026\/04\/8872.12@SK-Podo-Special-Drager-7-mm-Rond_1.png","contentUrl":"https:\/\/districos.standingout.be\/wp-content\/uploads\/2026\/04\/8872.12@SK-Podo-Special-Drager-7-mm-Rond_1.png","width":600,"height":600},{"@type":"BreadcrumbList","@id":"https:\/\/districos.standingout.be\/fr\/product\/sk-podo-support-speciale-7-mm-rond-ref-8872-12\/#breadcrumb","itemListElement":[{"@type":"ListItem","position":1,"name":"Home","item":"https:\/\/districos.standingout.be\/fr\/bienvenue-chez-districos\/"},{"@type":"ListItem","position":2,"name":"Boutique","item":"https:\/\/districos.standingout.be\/fr\/boutique\/"},{"@type":"ListItem","position":3,"name":"SK Podo Support Speciale 7 mm Rond"}]},{"@type":"WebSite","@id":"https:\/\/districos.standingout.be\/fr\/#website","url":"https:\/\/districos.standingout.be\/fr\/","name":"Districos Webshop","description":"","publisher":{"@id":"https:\/\/districos.standingout.be\/fr\/#organization"},"potentialAction":[{"@type":"SearchAction","target":{"@type":"EntryPoint","urlTemplate":"https:\/\/districos.standingout.be\/fr\/?s={search_term_string}"},"query-input":{"@type":"PropertyValueSpecification","valueRequired":true,"valueName":"search_term_string"}}],"inLanguage":"fr-FR"},{"@type":"Organization","@id":"https:\/\/districos.standingout.be\/fr\/#organization","name":"Districos Webshop","url":"https:\/\/districos.standingout.be\/fr\/","logo":{"@type":"ImageObject","inLanguage":"fr-FR","@id":"https:\/\/districos.standingout.be\/fr\/#\/schema\/logo\/image\/","url":"https:\/\/districos.standingout.be\/wp-content\/uploads\/2022\/09\/Districos_Logo_Webshop.svg","contentUrl":"https:\/\/districos.standingout.be\/wp-content\/uploads\/2022\/09\/Districos_Logo_Webshop.svg","caption":"Districos Webshop"},"image":{"@id":"https:\/\/districos.standingout.be\/fr\/#\/schema\/logo\/image\/"}}]}},"_links":{"self":[{"href":"https:\/\/districos.standingout.be\/fr\/wp-json\/wp\/v2\/product\/142021","targetHints":{"allow":["GET"]}}],"collection":[{"href":"https:\/\/districos.standingout.be\/fr\/wp-json\/wp\/v2\/product"}],"about":[{"href":"https:\/\/districos.standingout.be\/fr\/wp-json\/wp\/v2\/types\/product"}],"replies":[{"embeddable":true,"href":"https:\/\/districos.standingout.be\/fr\/wp-json\/wp\/v2\/comments?post=142021"}],"wp:featuredmedia":[{"embeddable":true,"href":"https:\/\/districos.standingout.be\/fr\/wp-json\/wp\/v2\/media\/148652"}],"wp:attachment":[{"href":"https:\/\/districos.standingout.be\/fr\/wp-json\/wp\/v2\/media?parent=142021"}],"wp:term":[{"taxonomy":"product_brand","embeddable":true,"href":"https:\/\/districos.standingout.be\/fr\/wp-json\/wp\/v2\/product_brand?post=142021"},{"taxonomy":"product_cat","embeddable":true,"href":"https:\/\/districos.standingout.be\/fr\/wp-json\/wp\/v2\/product_cat?post=142021"},{"taxonomy":"product_tag","embeddable":true,"href":"https:\/\/districos.standingout.be\/fr\/wp-json\/wp\/v2\/product_tag?post=142021"}],"curies":[{"name":"wp","href":"https:\/\/api.w.org\/{rel}","templated":true}]}}