{"id":142053,"date":"2026-04-28T13:25:52","date_gmt":"2026-04-28T11:25:52","guid":{"rendered":"https:\/\/webshopdistricoscom.webhosting.be\/product\/sk-podo-capuchon-abrasif-7-mm-moyen-rond-10-pcs-ref-8872-36\/"},"modified":"2026-04-28T13:25:58","modified_gmt":"2026-04-28T11:25:58","slug":"sk-podo-capuchon-abrasif-7-mm-moyen-rond-10-pcs-ref-8872-36","status":"publish","type":"product","link":"https:\/\/districos.standingout.be\/fr\/product\/sk-podo-capuchon-abrasif-7-mm-moyen-rond-10-pcs-ref-8872-36\/","title":{"rendered":"SK Podo Capuchon Abrasif 7 mm Moyen Rond 10 pcs."},"content":{"rendered":"<p >\n<\/p>\n<p><span lang=\"FR-BE\">Capuchon abrasif avec effet anti-adh\u00e9rence. Ainsi, la surface du capuchon ne se remplit pas de r\u00e9sidus cutan\u00e9s, mais reste toujours hygi\u00e9nique. En combinaison avec les porte-capuchons originaux de Lukas, le SK Podo est bien fix\u00e9 pendant le traitement.&nbsp; En plus, vous pouvez facilement le remplacer apr\u00e8s.<\/span><\/p>\n<p><b><span lang=\"FR-BE\">Avantages<\/span><\/b><b><span lang=\"FR-BE\"><o:p><\/o:p><\/span><\/b><\/p>\n<ul type=\"disc\">\n<li><span lang=\"FR-BE\">Plus avantageux que les fraises diamant\u00e9es.<\/span><span lang=\"FR-BE\"><o:p><\/o:p><\/span><\/li>\n<li><span lang=\"FR-BE\">Une taille, forme et grain appropri\u00e9 pour chaque utilisation pour un travail efficace et pr\u00e9cis.<\/span><span lang=\"FR-BE\"><o:p><\/o:p><\/span><\/li>\n<li><span lang=\"FR-BE\">Hygi\u00e9nique : un nouveau capuchon abrasif pour chaque client.<\/span><span lang=\"FR-BE\"><o:p><\/o:p><\/span><\/li>\n<li><span lang=\"FR-BE\">S\u00fbr : au revoir les coupures ! Id\u00e9al pour les patients \u00e0 risque (personnes diab\u00e9tiques par exemple).<\/span><span lang=\"FR-BE\"><o:p><\/o:p><\/span><\/li>\n<li><span lang=\"FR-BE\">Moins d\u2019\u00e9chauffement en comparaison avec les capuchons abrasifs classiques et donc plus confortable et s\u00fbr.<\/span><span lang=\"FR-BE\"><o:p><\/o:p><\/span><\/li>\n<li><span lang=\"FR-BE\">L&rsquo;effet anti-adh\u00e9rence rend le capuchon abrasif moins susceptible de se remplir. Cela permet de travailler de mani\u00e8re plus efficace et durable et de r\u00e9duire la pression exerc\u00e9e.<\/span><span lang=\"FR-BE\"><o:p><\/o:p><\/span><\/li>\n<li><span lang=\"FR-BE\">L\u2019usage du coton bio et la production sans ph\u00e9nol et formald\u00e9hyde le rend \u00e9cologiquement durable.<\/span><span lang=\"FR-BE\"><o:p><\/o:p><\/span><\/li>\n<\/ul>\n<p><span lang=\"FR-BE\"><b>Voil\u00e0 pourquoi les capuchons abrasifs de Lukas Podological sont le choix intelligent aussi bien pour votre patient(e) que pour vous en tant que professionnel(le) !<\/b><o:p><\/o:p><\/span><\/p>\n<p><span lang=\"FR-BE\"><b>Caract\u00e9ristiques :<\/b><\/span><\/p>\n<\/p>\n<ul>\n<li><span lang=\"FR-BE\">Forme : ronde<\/span><\/li>\n<li><span lang=\"FR-BE\">Taille : 7 mm<\/span><\/li>\n<li><span lang=\"FR-BE\">Grain : moyen<\/span><\/li>\n<li><span lang=\"FR-BE\">Emballage : 10 pcs<\/span><\/li>\n<\/ul>\n<p><span lang=\"FR-BE\"><b>\u00c9galement disponible :<\/b><\/span><\/p>\n<p><span lang=\"FR-BE\"><\/span><\/p>\n<ul>\n<li><font face=\"Verdana, sans-serif\">Par 50 pi\u00e8ces \u00e0&nbsp;<font color=\"#ff0400\"><b>un tarif avantageux<\/b>&nbsp;<\/font><font color=\"#000400\">(<a href=\"https:\/\/webshop.districos.com\/ProductDetail\/8872.3650\" target=\"_blank\" rel=\"noopener noreferrer nofollow\">r\u00e9f. 8872.3650<\/a>).<\/font><\/font><\/li>\n<li>Des capuchons abrasifs de diff\u00e9rentes formes (pointue\/ronde), tailles (5, 7, 10 ou 13 mm) ou grains (fin, moyen ou gros).<\/li>\n<\/ul>\n","protected":false},"excerpt":{"rendered":"<p>Capuchon abrasif avec effet anti-adh\u00e9rence. Ainsi, la surface du capuchon ne se remplit pas de r\u00e9sidus cutan\u00e9s, mais reste toujours hygi\u00e9nique. En combinaison avec les porte-capuchons originaux de Lukas, le SK Podo est bien fix\u00e9 pendant le traitement.&nbsp; En plus, vous pouvez facilement le remplacer apr\u00e8s. Avantages Plus avantageux que les fraises diamant\u00e9es. Une taille, [&hellip;]<\/p>\n","protected":false},"featured_media":148692,"comment_status":"open","ping_status":"closed","template":"","meta":{"_acf_changed":false},"product_brand":[10556],"product_cat":[10014,9942,10273],"product_tag":[],"class_list":{"0":"post-142053","1":"product","2":"type-product","3":"status-publish","4":"has-post-thumbnail","6":"product_brand-sk-podo-fr","7":"product_cat-soins-des-pieds-podologie-fraises-callosites","8":"product_cat-beaute-pedicure-fraises","9":"product_cat-soins-des-pieds-podologie-fraises-toutes-les-fraises","11":"first","12":"instock","13":"taxable","14":"shipping-taxable","15":"product-type-simple"},"acf":[],"yoast_head":"<!-- This site is optimized with the Yoast SEO plugin v27.3 - https:\/\/yoast.com\/product\/yoast-seo-wordpress\/ -->\n<title>SK Podo Capuchon Abrasif 7 mm Moyen Rond 10 pcs. - Districos Webshop<\/title>\n<meta name=\"robots\" content=\"noindex, follow, max-snippet:-1, max-image-preview:large, max-video-preview:-1\" \/>\n<meta property=\"og:locale\" content=\"fr_FR\" \/>\n<meta property=\"og:type\" content=\"article\" \/>\n<meta property=\"og:title\" content=\"SK Podo Capuchon Abrasif 7 mm Moyen Rond 10 pcs. - Districos Webshop\" \/>\n<meta property=\"og:description\" content=\"Capuchon abrasif avec effet anti-adh\u00e9rence. Ainsi, la surface du capuchon ne se remplit pas de r\u00e9sidus cutan\u00e9s, mais reste toujours hygi\u00e9nique. En combinaison avec les porte-capuchons originaux de Lukas, le SK Podo est bien fix\u00e9 pendant le traitement.&nbsp; En plus, vous pouvez facilement le remplacer apr\u00e8s. Avantages Plus avantageux que les fraises diamant\u00e9es. Une taille, [&hellip;]\" \/>\n<meta property=\"og:url\" content=\"https:\/\/districos.standingout.be\/fr\/product\/sk-podo-capuchon-abrasif-7-mm-moyen-rond-10-pcs-ref-8872-36\/\" \/>\n<meta property=\"og:site_name\" content=\"Districos Webshop\" \/>\n<meta property=\"article:modified_time\" content=\"2026-04-28T11:25:58+00:00\" \/>\n<meta name=\"twitter:card\" content=\"summary_large_image\" \/>\n<meta name=\"twitter:label1\" content=\"Dur\u00e9e de lecture estim\u00e9e\" \/>\n\t<meta name=\"twitter:data1\" content=\"1 minute\" \/>\n<script type=\"application\/ld+json\" class=\"yoast-schema-graph\">{\"@context\":\"https:\\\/\\\/schema.org\",\"@graph\":[{\"@type\":\"WebPage\",\"@id\":\"https:\\\/\\\/districos.standingout.be\\\/fr\\\/product\\\/sk-podo-capuchon-abrasif-7-mm-moyen-rond-10-pcs-ref-8872-36\\\/\",\"url\":\"https:\\\/\\\/districos.standingout.be\\\/fr\\\/product\\\/sk-podo-capuchon-abrasif-7-mm-moyen-rond-10-pcs-ref-8872-36\\\/\",\"name\":\"SK Podo Capuchon Abrasif 7 mm Moyen Rond 10 pcs. - Districos Webshop\",\"isPartOf\":{\"@id\":\"https:\\\/\\\/districos.standingout.be\\\/fr\\\/#website\"},\"primaryImageOfPage\":{\"@id\":\"https:\\\/\\\/districos.standingout.be\\\/fr\\\/product\\\/sk-podo-capuchon-abrasif-7-mm-moyen-rond-10-pcs-ref-8872-36\\\/#primaryimage\"},\"image\":{\"@id\":\"https:\\\/\\\/districos.standingout.be\\\/fr\\\/product\\\/sk-podo-capuchon-abrasif-7-mm-moyen-rond-10-pcs-ref-8872-36\\\/#primaryimage\"},\"thumbnailUrl\":\"https:\\\/\\\/districos.standingout.be\\\/wp-content\\\/uploads\\\/2026\\\/04\\\/8872.36@SK-Podo-Slijpkap-7-mm-Medium-Rond-10-st._1.png\",\"datePublished\":\"2026-04-28T11:25:52+00:00\",\"dateModified\":\"2026-04-28T11:25:58+00:00\",\"breadcrumb\":{\"@id\":\"https:\\\/\\\/districos.standingout.be\\\/fr\\\/product\\\/sk-podo-capuchon-abrasif-7-mm-moyen-rond-10-pcs-ref-8872-36\\\/#breadcrumb\"},\"inLanguage\":\"fr-FR\",\"potentialAction\":[{\"@type\":\"ReadAction\",\"target\":[\"https:\\\/\\\/districos.standingout.be\\\/fr\\\/product\\\/sk-podo-capuchon-abrasif-7-mm-moyen-rond-10-pcs-ref-8872-36\\\/\"]}]},{\"@type\":\"ImageObject\",\"inLanguage\":\"fr-FR\",\"@id\":\"https:\\\/\\\/districos.standingout.be\\\/fr\\\/product\\\/sk-podo-capuchon-abrasif-7-mm-moyen-rond-10-pcs-ref-8872-36\\\/#primaryimage\",\"url\":\"https:\\\/\\\/districos.standingout.be\\\/wp-content\\\/uploads\\\/2026\\\/04\\\/8872.36@SK-Podo-Slijpkap-7-mm-Medium-Rond-10-st._1.png\",\"contentUrl\":\"https:\\\/\\\/districos.standingout.be\\\/wp-content\\\/uploads\\\/2026\\\/04\\\/8872.36@SK-Podo-Slijpkap-7-mm-Medium-Rond-10-st._1.png\",\"width\":600,\"height\":600},{\"@type\":\"BreadcrumbList\",\"@id\":\"https:\\\/\\\/districos.standingout.be\\\/fr\\\/product\\\/sk-podo-capuchon-abrasif-7-mm-moyen-rond-10-pcs-ref-8872-36\\\/#breadcrumb\",\"itemListElement\":[{\"@type\":\"ListItem\",\"position\":1,\"name\":\"Home\",\"item\":\"https:\\\/\\\/districos.standingout.be\\\/fr\\\/bienvenue-chez-districos\\\/\"},{\"@type\":\"ListItem\",\"position\":2,\"name\":\"Boutique\",\"item\":\"https:\\\/\\\/districos.standingout.be\\\/fr\\\/boutique\\\/\"},{\"@type\":\"ListItem\",\"position\":3,\"name\":\"SK Podo Capuchon Abrasif 7 mm Moyen Rond 10 pcs.\"}]},{\"@type\":\"WebSite\",\"@id\":\"https:\\\/\\\/districos.standingout.be\\\/fr\\\/#website\",\"url\":\"https:\\\/\\\/districos.standingout.be\\\/fr\\\/\",\"name\":\"Districos Webshop\",\"description\":\"\",\"publisher\":{\"@id\":\"https:\\\/\\\/districos.standingout.be\\\/fr\\\/#organization\"},\"potentialAction\":[{\"@type\":\"SearchAction\",\"target\":{\"@type\":\"EntryPoint\",\"urlTemplate\":\"https:\\\/\\\/districos.standingout.be\\\/fr\\\/?s={search_term_string}\"},\"query-input\":{\"@type\":\"PropertyValueSpecification\",\"valueRequired\":true,\"valueName\":\"search_term_string\"}}],\"inLanguage\":\"fr-FR\"},{\"@type\":\"Organization\",\"@id\":\"https:\\\/\\\/districos.standingout.be\\\/fr\\\/#organization\",\"name\":\"Districos Webshop\",\"url\":\"https:\\\/\\\/districos.standingout.be\\\/fr\\\/\",\"logo\":{\"@type\":\"ImageObject\",\"inLanguage\":\"fr-FR\",\"@id\":\"https:\\\/\\\/districos.standingout.be\\\/fr\\\/#\\\/schema\\\/logo\\\/image\\\/\",\"url\":\"https:\\\/\\\/districos.standingout.be\\\/wp-content\\\/uploads\\\/2022\\\/09\\\/Districos_Logo_Webshop.svg\",\"contentUrl\":\"https:\\\/\\\/districos.standingout.be\\\/wp-content\\\/uploads\\\/2022\\\/09\\\/Districos_Logo_Webshop.svg\",\"caption\":\"Districos Webshop\"},\"image\":{\"@id\":\"https:\\\/\\\/districos.standingout.be\\\/fr\\\/#\\\/schema\\\/logo\\\/image\\\/\"}}]}<\/script>\n<!-- \/ Yoast SEO plugin. -->","yoast_head_json":{"title":"SK Podo Capuchon Abrasif 7 mm Moyen Rond 10 pcs. - Districos Webshop","robots":{"index":"noindex","follow":"follow","max-snippet":"max-snippet:-1","max-image-preview":"max-image-preview:large","max-video-preview":"max-video-preview:-1"},"og_locale":"fr_FR","og_type":"article","og_title":"SK Podo Capuchon Abrasif 7 mm Moyen Rond 10 pcs. - Districos Webshop","og_description":"Capuchon abrasif avec effet anti-adh\u00e9rence. Ainsi, la surface du capuchon ne se remplit pas de r\u00e9sidus cutan\u00e9s, mais reste toujours hygi\u00e9nique. En combinaison avec les porte-capuchons originaux de Lukas, le SK Podo est bien fix\u00e9 pendant le traitement.&nbsp; En plus, vous pouvez facilement le remplacer apr\u00e8s. Avantages Plus avantageux que les fraises diamant\u00e9es. Une taille, [&hellip;]","og_url":"https:\/\/districos.standingout.be\/fr\/product\/sk-podo-capuchon-abrasif-7-mm-moyen-rond-10-pcs-ref-8872-36\/","og_site_name":"Districos Webshop","article_modified_time":"2026-04-28T11:25:58+00:00","twitter_card":"summary_large_image","twitter_misc":{"Dur\u00e9e de lecture estim\u00e9e":"1 minute"},"schema":{"@context":"https:\/\/schema.org","@graph":[{"@type":"WebPage","@id":"https:\/\/districos.standingout.be\/fr\/product\/sk-podo-capuchon-abrasif-7-mm-moyen-rond-10-pcs-ref-8872-36\/","url":"https:\/\/districos.standingout.be\/fr\/product\/sk-podo-capuchon-abrasif-7-mm-moyen-rond-10-pcs-ref-8872-36\/","name":"SK Podo Capuchon Abrasif 7 mm Moyen Rond 10 pcs. - Districos Webshop","isPartOf":{"@id":"https:\/\/districos.standingout.be\/fr\/#website"},"primaryImageOfPage":{"@id":"https:\/\/districos.standingout.be\/fr\/product\/sk-podo-capuchon-abrasif-7-mm-moyen-rond-10-pcs-ref-8872-36\/#primaryimage"},"image":{"@id":"https:\/\/districos.standingout.be\/fr\/product\/sk-podo-capuchon-abrasif-7-mm-moyen-rond-10-pcs-ref-8872-36\/#primaryimage"},"thumbnailUrl":"https:\/\/districos.standingout.be\/wp-content\/uploads\/2026\/04\/8872.36@SK-Podo-Slijpkap-7-mm-Medium-Rond-10-st._1.png","datePublished":"2026-04-28T11:25:52+00:00","dateModified":"2026-04-28T11:25:58+00:00","breadcrumb":{"@id":"https:\/\/districos.standingout.be\/fr\/product\/sk-podo-capuchon-abrasif-7-mm-moyen-rond-10-pcs-ref-8872-36\/#breadcrumb"},"inLanguage":"fr-FR","potentialAction":[{"@type":"ReadAction","target":["https:\/\/districos.standingout.be\/fr\/product\/sk-podo-capuchon-abrasif-7-mm-moyen-rond-10-pcs-ref-8872-36\/"]}]},{"@type":"ImageObject","inLanguage":"fr-FR","@id":"https:\/\/districos.standingout.be\/fr\/product\/sk-podo-capuchon-abrasif-7-mm-moyen-rond-10-pcs-ref-8872-36\/#primaryimage","url":"https:\/\/districos.standingout.be\/wp-content\/uploads\/2026\/04\/8872.36@SK-Podo-Slijpkap-7-mm-Medium-Rond-10-st._1.png","contentUrl":"https:\/\/districos.standingout.be\/wp-content\/uploads\/2026\/04\/8872.36@SK-Podo-Slijpkap-7-mm-Medium-Rond-10-st._1.png","width":600,"height":600},{"@type":"BreadcrumbList","@id":"https:\/\/districos.standingout.be\/fr\/product\/sk-podo-capuchon-abrasif-7-mm-moyen-rond-10-pcs-ref-8872-36\/#breadcrumb","itemListElement":[{"@type":"ListItem","position":1,"name":"Home","item":"https:\/\/districos.standingout.be\/fr\/bienvenue-chez-districos\/"},{"@type":"ListItem","position":2,"name":"Boutique","item":"https:\/\/districos.standingout.be\/fr\/boutique\/"},{"@type":"ListItem","position":3,"name":"SK Podo Capuchon Abrasif 7 mm Moyen Rond 10 pcs."}]},{"@type":"WebSite","@id":"https:\/\/districos.standingout.be\/fr\/#website","url":"https:\/\/districos.standingout.be\/fr\/","name":"Districos Webshop","description":"","publisher":{"@id":"https:\/\/districos.standingout.be\/fr\/#organization"},"potentialAction":[{"@type":"SearchAction","target":{"@type":"EntryPoint","urlTemplate":"https:\/\/districos.standingout.be\/fr\/?s={search_term_string}"},"query-input":{"@type":"PropertyValueSpecification","valueRequired":true,"valueName":"search_term_string"}}],"inLanguage":"fr-FR"},{"@type":"Organization","@id":"https:\/\/districos.standingout.be\/fr\/#organization","name":"Districos Webshop","url":"https:\/\/districos.standingout.be\/fr\/","logo":{"@type":"ImageObject","inLanguage":"fr-FR","@id":"https:\/\/districos.standingout.be\/fr\/#\/schema\/logo\/image\/","url":"https:\/\/districos.standingout.be\/wp-content\/uploads\/2022\/09\/Districos_Logo_Webshop.svg","contentUrl":"https:\/\/districos.standingout.be\/wp-content\/uploads\/2022\/09\/Districos_Logo_Webshop.svg","caption":"Districos Webshop"},"image":{"@id":"https:\/\/districos.standingout.be\/fr\/#\/schema\/logo\/image\/"}}]}},"_links":{"self":[{"href":"https:\/\/districos.standingout.be\/fr\/wp-json\/wp\/v2\/product\/142053","targetHints":{"allow":["GET"]}}],"collection":[{"href":"https:\/\/districos.standingout.be\/fr\/wp-json\/wp\/v2\/product"}],"about":[{"href":"https:\/\/districos.standingout.be\/fr\/wp-json\/wp\/v2\/types\/product"}],"replies":[{"embeddable":true,"href":"https:\/\/districos.standingout.be\/fr\/wp-json\/wp\/v2\/comments?post=142053"}],"wp:featuredmedia":[{"embeddable":true,"href":"https:\/\/districos.standingout.be\/fr\/wp-json\/wp\/v2\/media\/148692"}],"wp:attachment":[{"href":"https:\/\/districos.standingout.be\/fr\/wp-json\/wp\/v2\/media?parent=142053"}],"wp:term":[{"taxonomy":"product_brand","embeddable":true,"href":"https:\/\/districos.standingout.be\/fr\/wp-json\/wp\/v2\/product_brand?post=142053"},{"taxonomy":"product_cat","embeddable":true,"href":"https:\/\/districos.standingout.be\/fr\/wp-json\/wp\/v2\/product_cat?post=142053"},{"taxonomy":"product_tag","embeddable":true,"href":"https:\/\/districos.standingout.be\/fr\/wp-json\/wp\/v2\/product_tag?post=142053"}],"curies":[{"name":"wp","href":"https:\/\/api.w.org\/{rel}","templated":true}]}}