{"id":142119,"date":"2026-04-28T13:29:54","date_gmt":"2026-04-28T11:29:54","guid":{"rendered":"https:\/\/webshopdistricoscom.webhosting.be\/product\/trousse-avec-instruments-de-pedicure-ref-8873-11\/"},"modified":"2026-04-28T13:29:56","modified_gmt":"2026-04-28T11:29:56","slug":"trousse-avec-instruments-de-pedicure-ref-8873-11","status":"publish","type":"product","link":"https:\/\/districos.standingout.be\/fr\/product\/trousse-avec-instruments-de-pedicure-ref-8873-11\/","title":{"rendered":"Trousse avec Instruments de P\u00e9dicure"},"content":{"rendered":"<p >\n<p dir=\"ltr\">Trousse compacte en cuir artificiel de haute qualit\u00e9 avec un grand nombre d&rsquo;instruments de p\u00e9dicure pratiques, facile \u00e0 emporter pour les soins en d\u00e9placement. Gr\u00e2ce aux \u00e9lastiques de fixation, les instruments restent en place pendant vos d\u00e9placements. \u00c0 l\u2019arri\u00e8re de l&rsquo;\u00e9tui, vous trouvez \u00e9galement un sac de rangement avec tirette. <\/p>\n<p> Contenu<br \/> &#8211; 1 x Trousse P\u00e9dicure<br \/> &#8211; 1 x Pince P\u00e9dicure Courb\u00e9e Inox 14 cm<br \/> &#8211; 1 x Pince Ongles Incarn\u00e9s Inox 13 cm\/Bec 20 mm<br \/> &#8211; 1 x Pince \u00e0 Envies Inox 12 cm\/3mm<br \/> &#8211; 2 x R\u00e2pe 120\/180<br \/> &#8211; 1 x Coupe-cors Cobra\u00ae + 10 Lames<br \/> &#8211; 1 x Porte-lames n\u00b0 3 &amp; 4<br \/> &#8211; Lames n\u00b0 15,20 &amp; 23 (10 de chacune)<br \/> &#8211; 2 x Bo\u00eetes pour Lames Inox<br \/> &#8211; 1 x Excavateur Inox 14,5 cm<br \/> &#8211; 1 x Lime Coins Ongles Double 17 cm<br \/> &#8211; 1 x Lime Diamant\u00e9e Saphir n\u00b0 6 &#8211; 15 cm<br \/> &#8211; 1 x Gouge Nettoyeur Inox 13 cm\/ fente 1,5 mm<br \/> &#8211; 1 Flacon pour Liquides 60 ml<br \/> &#8211; 1 x Huile Tea Tree Belfeet 15 ml<br \/> &#8211; 1 x Cr\u00e8me Pieds Care &amp; Refresh Bio Balance 75 ml<br \/> &#8211; 1 x Cr\u00e8me Pieds Avocado Bio Balance 75 ml<\/p><\/p>\n","protected":false},"excerpt":{"rendered":"<p>Trousse compacte en cuir artificiel de haute qualit\u00e9 avec un grand nombre d&rsquo;instruments de p\u00e9dicure pratiques, facile \u00e0 emporter pour les soins en d\u00e9placement. Gr\u00e2ce aux \u00e9lastiques de fixation, les instruments restent en place pendant vos d\u00e9placements. \u00c0 l\u2019arri\u00e8re de l&rsquo;\u00e9tui, vous trouvez \u00e9galement un sac de rangement avec tirette. Contenu &#8211; 1 x Trousse [&hellip;]<\/p>\n","protected":false},"featured_media":84794,"comment_status":"open","ping_status":"closed","template":"","meta":{"_acf_changed":false},"product_brand":[10342],"product_cat":[10170,9944,10206],"product_tag":[],"class_list":{"0":"post-142119","1":"product","2":"type-product","3":"status-publish","4":"has-post-thumbnail","6":"product_brand-cobra-steel-fr","7":"product_cat-fournitures-pour-cabinet-accessoires-accessoires-pedicure","8":"product_cat-beaute-pedicure-instruments","9":"product_cat-fournitures-pour-cabinet-coffres-sacs-trousses-de-rangement","11":"first","12":"instock","13":"taxable","14":"shipping-taxable","15":"product-type-simple"},"acf":[],"yoast_head":"<!-- This site is optimized with the Yoast SEO plugin v27.3 - https:\/\/yoast.com\/product\/yoast-seo-wordpress\/ -->\n<title>Trousse avec Instruments de P\u00e9dicure - Districos Webshop<\/title>\n<meta name=\"robots\" content=\"noindex, follow, max-snippet:-1, max-image-preview:large, max-video-preview:-1\" \/>\n<meta property=\"og:locale\" content=\"fr_FR\" \/>\n<meta property=\"og:type\" content=\"article\" \/>\n<meta property=\"og:title\" content=\"Trousse avec Instruments de P\u00e9dicure - Districos Webshop\" \/>\n<meta property=\"og:description\" content=\"Trousse compacte en cuir artificiel de haute qualit\u00e9 avec un grand nombre d&rsquo;instruments de p\u00e9dicure pratiques, facile \u00e0 emporter pour les soins en d\u00e9placement. Gr\u00e2ce aux \u00e9lastiques de fixation, les instruments restent en place pendant vos d\u00e9placements. \u00c0 l\u2019arri\u00e8re de l&rsquo;\u00e9tui, vous trouvez \u00e9galement un sac de rangement avec tirette. Contenu &#8211; 1 x Trousse [&hellip;]\" \/>\n<meta property=\"og:url\" content=\"https:\/\/districos.standingout.be\/fr\/product\/trousse-avec-instruments-de-pedicure-ref-8873-11\/\" \/>\n<meta property=\"og:site_name\" content=\"Districos Webshop\" \/>\n<meta property=\"article:modified_time\" content=\"2026-04-28T11:29:56+00:00\" \/>\n<meta name=\"twitter:card\" content=\"summary_large_image\" \/>\n<meta name=\"twitter:label1\" content=\"Dur\u00e9e de lecture estim\u00e9e\" \/>\n\t<meta name=\"twitter:data1\" content=\"1 minute\" \/>\n<script type=\"application\/ld+json\" class=\"yoast-schema-graph\">{\"@context\":\"https:\\\/\\\/schema.org\",\"@graph\":[{\"@type\":\"WebPage\",\"@id\":\"https:\\\/\\\/districos.standingout.be\\\/fr\\\/product\\\/trousse-avec-instruments-de-pedicure-ref-8873-11\\\/\",\"url\":\"https:\\\/\\\/districos.standingout.be\\\/fr\\\/product\\\/trousse-avec-instruments-de-pedicure-ref-8873-11\\\/\",\"name\":\"Trousse avec Instruments de P\u00e9dicure - Districos Webshop\",\"isPartOf\":{\"@id\":\"https:\\\/\\\/districos.standingout.be\\\/fr\\\/#website\"},\"primaryImageOfPage\":{\"@id\":\"https:\\\/\\\/districos.standingout.be\\\/fr\\\/product\\\/trousse-avec-instruments-de-pedicure-ref-8873-11\\\/#primaryimage\"},\"image\":{\"@id\":\"https:\\\/\\\/districos.standingout.be\\\/fr\\\/product\\\/trousse-avec-instruments-de-pedicure-ref-8873-11\\\/#primaryimage\"},\"thumbnailUrl\":\"https:\\\/\\\/districos.standingout.be\\\/wp-content\\\/uploads\\\/2025\\\/07\\\/8873.11@LowRes_1_179.png\",\"datePublished\":\"2026-04-28T11:29:54+00:00\",\"dateModified\":\"2026-04-28T11:29:56+00:00\",\"breadcrumb\":{\"@id\":\"https:\\\/\\\/districos.standingout.be\\\/fr\\\/product\\\/trousse-avec-instruments-de-pedicure-ref-8873-11\\\/#breadcrumb\"},\"inLanguage\":\"fr-FR\",\"potentialAction\":[{\"@type\":\"ReadAction\",\"target\":[\"https:\\\/\\\/districos.standingout.be\\\/fr\\\/product\\\/trousse-avec-instruments-de-pedicure-ref-8873-11\\\/\"]}]},{\"@type\":\"ImageObject\",\"inLanguage\":\"fr-FR\",\"@id\":\"https:\\\/\\\/districos.standingout.be\\\/fr\\\/product\\\/trousse-avec-instruments-de-pedicure-ref-8873-11\\\/#primaryimage\",\"url\":\"https:\\\/\\\/districos.standingout.be\\\/wp-content\\\/uploads\\\/2025\\\/07\\\/8873.11@LowRes_1_179.png\",\"contentUrl\":\"https:\\\/\\\/districos.standingout.be\\\/wp-content\\\/uploads\\\/2025\\\/07\\\/8873.11@LowRes_1_179.png\",\"width\":600,\"height\":600},{\"@type\":\"BreadcrumbList\",\"@id\":\"https:\\\/\\\/districos.standingout.be\\\/fr\\\/product\\\/trousse-avec-instruments-de-pedicure-ref-8873-11\\\/#breadcrumb\",\"itemListElement\":[{\"@type\":\"ListItem\",\"position\":1,\"name\":\"Home\",\"item\":\"https:\\\/\\\/districos.standingout.be\\\/fr\\\/bienvenue-chez-districos\\\/\"},{\"@type\":\"ListItem\",\"position\":2,\"name\":\"Boutique\",\"item\":\"https:\\\/\\\/districos.standingout.be\\\/fr\\\/boutique\\\/\"},{\"@type\":\"ListItem\",\"position\":3,\"name\":\"Trousse avec Instruments de P\u00e9dicure\"}]},{\"@type\":\"WebSite\",\"@id\":\"https:\\\/\\\/districos.standingout.be\\\/fr\\\/#website\",\"url\":\"https:\\\/\\\/districos.standingout.be\\\/fr\\\/\",\"name\":\"Districos Webshop\",\"description\":\"\",\"publisher\":{\"@id\":\"https:\\\/\\\/districos.standingout.be\\\/fr\\\/#organization\"},\"potentialAction\":[{\"@type\":\"SearchAction\",\"target\":{\"@type\":\"EntryPoint\",\"urlTemplate\":\"https:\\\/\\\/districos.standingout.be\\\/fr\\\/?s={search_term_string}\"},\"query-input\":{\"@type\":\"PropertyValueSpecification\",\"valueRequired\":true,\"valueName\":\"search_term_string\"}}],\"inLanguage\":\"fr-FR\"},{\"@type\":\"Organization\",\"@id\":\"https:\\\/\\\/districos.standingout.be\\\/fr\\\/#organization\",\"name\":\"Districos Webshop\",\"url\":\"https:\\\/\\\/districos.standingout.be\\\/fr\\\/\",\"logo\":{\"@type\":\"ImageObject\",\"inLanguage\":\"fr-FR\",\"@id\":\"https:\\\/\\\/districos.standingout.be\\\/fr\\\/#\\\/schema\\\/logo\\\/image\\\/\",\"url\":\"https:\\\/\\\/districos.standingout.be\\\/wp-content\\\/uploads\\\/2022\\\/09\\\/Districos_Logo_Webshop.svg\",\"contentUrl\":\"https:\\\/\\\/districos.standingout.be\\\/wp-content\\\/uploads\\\/2022\\\/09\\\/Districos_Logo_Webshop.svg\",\"caption\":\"Districos Webshop\"},\"image\":{\"@id\":\"https:\\\/\\\/districos.standingout.be\\\/fr\\\/#\\\/schema\\\/logo\\\/image\\\/\"}}]}<\/script>\n<!-- \/ Yoast SEO plugin. -->","yoast_head_json":{"title":"Trousse avec Instruments de P\u00e9dicure - Districos Webshop","robots":{"index":"noindex","follow":"follow","max-snippet":"max-snippet:-1","max-image-preview":"max-image-preview:large","max-video-preview":"max-video-preview:-1"},"og_locale":"fr_FR","og_type":"article","og_title":"Trousse avec Instruments de P\u00e9dicure - Districos Webshop","og_description":"Trousse compacte en cuir artificiel de haute qualit\u00e9 avec un grand nombre d&rsquo;instruments de p\u00e9dicure pratiques, facile \u00e0 emporter pour les soins en d\u00e9placement. Gr\u00e2ce aux \u00e9lastiques de fixation, les instruments restent en place pendant vos d\u00e9placements. \u00c0 l\u2019arri\u00e8re de l&rsquo;\u00e9tui, vous trouvez \u00e9galement un sac de rangement avec tirette. Contenu &#8211; 1 x Trousse [&hellip;]","og_url":"https:\/\/districos.standingout.be\/fr\/product\/trousse-avec-instruments-de-pedicure-ref-8873-11\/","og_site_name":"Districos Webshop","article_modified_time":"2026-04-28T11:29:56+00:00","twitter_card":"summary_large_image","twitter_misc":{"Dur\u00e9e de lecture estim\u00e9e":"1 minute"},"schema":{"@context":"https:\/\/schema.org","@graph":[{"@type":"WebPage","@id":"https:\/\/districos.standingout.be\/fr\/product\/trousse-avec-instruments-de-pedicure-ref-8873-11\/","url":"https:\/\/districos.standingout.be\/fr\/product\/trousse-avec-instruments-de-pedicure-ref-8873-11\/","name":"Trousse avec Instruments de P\u00e9dicure - Districos Webshop","isPartOf":{"@id":"https:\/\/districos.standingout.be\/fr\/#website"},"primaryImageOfPage":{"@id":"https:\/\/districos.standingout.be\/fr\/product\/trousse-avec-instruments-de-pedicure-ref-8873-11\/#primaryimage"},"image":{"@id":"https:\/\/districos.standingout.be\/fr\/product\/trousse-avec-instruments-de-pedicure-ref-8873-11\/#primaryimage"},"thumbnailUrl":"https:\/\/districos.standingout.be\/wp-content\/uploads\/2025\/07\/8873.11@LowRes_1_179.png","datePublished":"2026-04-28T11:29:54+00:00","dateModified":"2026-04-28T11:29:56+00:00","breadcrumb":{"@id":"https:\/\/districos.standingout.be\/fr\/product\/trousse-avec-instruments-de-pedicure-ref-8873-11\/#breadcrumb"},"inLanguage":"fr-FR","potentialAction":[{"@type":"ReadAction","target":["https:\/\/districos.standingout.be\/fr\/product\/trousse-avec-instruments-de-pedicure-ref-8873-11\/"]}]},{"@type":"ImageObject","inLanguage":"fr-FR","@id":"https:\/\/districos.standingout.be\/fr\/product\/trousse-avec-instruments-de-pedicure-ref-8873-11\/#primaryimage","url":"https:\/\/districos.standingout.be\/wp-content\/uploads\/2025\/07\/8873.11@LowRes_1_179.png","contentUrl":"https:\/\/districos.standingout.be\/wp-content\/uploads\/2025\/07\/8873.11@LowRes_1_179.png","width":600,"height":600},{"@type":"BreadcrumbList","@id":"https:\/\/districos.standingout.be\/fr\/product\/trousse-avec-instruments-de-pedicure-ref-8873-11\/#breadcrumb","itemListElement":[{"@type":"ListItem","position":1,"name":"Home","item":"https:\/\/districos.standingout.be\/fr\/bienvenue-chez-districos\/"},{"@type":"ListItem","position":2,"name":"Boutique","item":"https:\/\/districos.standingout.be\/fr\/boutique\/"},{"@type":"ListItem","position":3,"name":"Trousse avec Instruments de P\u00e9dicure"}]},{"@type":"WebSite","@id":"https:\/\/districos.standingout.be\/fr\/#website","url":"https:\/\/districos.standingout.be\/fr\/","name":"Districos Webshop","description":"","publisher":{"@id":"https:\/\/districos.standingout.be\/fr\/#organization"},"potentialAction":[{"@type":"SearchAction","target":{"@type":"EntryPoint","urlTemplate":"https:\/\/districos.standingout.be\/fr\/?s={search_term_string}"},"query-input":{"@type":"PropertyValueSpecification","valueRequired":true,"valueName":"search_term_string"}}],"inLanguage":"fr-FR"},{"@type":"Organization","@id":"https:\/\/districos.standingout.be\/fr\/#organization","name":"Districos Webshop","url":"https:\/\/districos.standingout.be\/fr\/","logo":{"@type":"ImageObject","inLanguage":"fr-FR","@id":"https:\/\/districos.standingout.be\/fr\/#\/schema\/logo\/image\/","url":"https:\/\/districos.standingout.be\/wp-content\/uploads\/2022\/09\/Districos_Logo_Webshop.svg","contentUrl":"https:\/\/districos.standingout.be\/wp-content\/uploads\/2022\/09\/Districos_Logo_Webshop.svg","caption":"Districos Webshop"},"image":{"@id":"https:\/\/districos.standingout.be\/fr\/#\/schema\/logo\/image\/"}}]}},"_links":{"self":[{"href":"https:\/\/districos.standingout.be\/fr\/wp-json\/wp\/v2\/product\/142119","targetHints":{"allow":["GET"]}}],"collection":[{"href":"https:\/\/districos.standingout.be\/fr\/wp-json\/wp\/v2\/product"}],"about":[{"href":"https:\/\/districos.standingout.be\/fr\/wp-json\/wp\/v2\/types\/product"}],"replies":[{"embeddable":true,"href":"https:\/\/districos.standingout.be\/fr\/wp-json\/wp\/v2\/comments?post=142119"}],"wp:featuredmedia":[{"embeddable":true,"href":"https:\/\/districos.standingout.be\/fr\/wp-json\/wp\/v2\/media\/84794"}],"wp:attachment":[{"href":"https:\/\/districos.standingout.be\/fr\/wp-json\/wp\/v2\/media?parent=142119"}],"wp:term":[{"taxonomy":"product_brand","embeddable":true,"href":"https:\/\/districos.standingout.be\/fr\/wp-json\/wp\/v2\/product_brand?post=142119"},{"taxonomy":"product_cat","embeddable":true,"href":"https:\/\/districos.standingout.be\/fr\/wp-json\/wp\/v2\/product_cat?post=142119"},{"taxonomy":"product_tag","embeddable":true,"href":"https:\/\/districos.standingout.be\/fr\/wp-json\/wp\/v2\/product_tag?post=142119"}],"curies":[{"name":"wp","href":"https:\/\/api.w.org\/{rel}","templated":true}]}}