{"id":142121,"date":"2026-04-28T13:29:57","date_gmt":"2026-04-28T11:29:57","guid":{"rendered":"https:\/\/webshopdistricoscom.webhosting.be\/product\/cobra-pince-a-envies-doree-10-cm-5-mm-ref-8874\/"},"modified":"2026-04-28T13:30:06","modified_gmt":"2026-04-28T11:30:06","slug":"cobra-pince-a-envies-doree-10-cm-5-mm-ref-8874","status":"publish","type":"product","link":"https:\/\/districos.standingout.be\/fr\/product\/cobra-pince-a-envies-doree-10-cm-5-mm-ref-8874\/","title":{"rendered":"Cobra Pince \u00e0 Envies Dor\u00e9e 10 cm\/5 mm"},"content":{"rendered":"<p >\n<p dir=\"ltr\">Cette pince \u00e0 cuticules dor\u00e9e convient pour couper facilement les envies d\u00e9tach\u00e9es. Elle est pourvue d\u2019un syst\u00e8me \u00e0 ressort ce qui fait qu\u2019elle s\u2019ouvre automatiquement si vous n\u2019exercez plus de pression.<\/p>\n<p dir=\"ltr\">\n<ul>\n<li>Longueur : 10 cm.<\/li>\n<li>Bec : 5 mm.<\/li>\n<li>Emballage : 1 pi\u00e8ce.<\/li>\n<\/ul><\/p>\n","protected":false},"excerpt":{"rendered":"<p>Cette pince \u00e0 cuticules dor\u00e9e convient pour couper facilement les envies d\u00e9tach\u00e9es. Elle est pourvue d\u2019un syst\u00e8me \u00e0 ressort ce qui fait qu\u2019elle s\u2019ouvre automatiquement si vous n\u2019exercez plus de pression. Longueur : 10 cm. Bec : 5 mm. Emballage : 1 pi\u00e8ce.<\/p>\n","protected":false},"featured_media":113372,"comment_status":"open","ping_status":"closed","template":"","meta":{"_acf_changed":false},"product_brand":[10342],"product_cat":[10170,9900,9944,10194,10046],"product_tag":[],"class_list":{"0":"post-142121","1":"product","2":"type-product","3":"status-publish","4":"has-post-thumbnail","6":"product_brand-cobra-steel-fr","7":"product_cat-fournitures-pour-cabinet-accessoires-accessoires-pedicure","8":"product_cat-beaute-manucure-ongles-instruments","9":"product_cat-beaute-pedicure-instruments","10":"product_cat-fournitures-pour-cabinet-instruments-pinces","11":"product_cat-soins-des-pieds-podologie-instruments-pinces","13":"first","14":"instock","15":"taxable","16":"shipping-taxable","17":"product-type-simple"},"acf":[],"yoast_head":"<!-- This site is optimized with the Yoast SEO plugin v27.3 - https:\/\/yoast.com\/product\/yoast-seo-wordpress\/ -->\n<title>Cobra Pince \u00e0 Envies Dor\u00e9e 10 cm\/5 mm - Districos Webshop<\/title>\n<meta name=\"robots\" content=\"noindex, follow, max-snippet:-1, max-image-preview:large, max-video-preview:-1\" \/>\n<meta property=\"og:locale\" content=\"fr_FR\" \/>\n<meta property=\"og:type\" content=\"article\" \/>\n<meta property=\"og:title\" content=\"Cobra Pince \u00e0 Envies Dor\u00e9e 10 cm\/5 mm - Districos Webshop\" \/>\n<meta property=\"og:description\" content=\"Cette pince \u00e0 cuticules dor\u00e9e convient pour couper facilement les envies d\u00e9tach\u00e9es. Elle est pourvue d\u2019un syst\u00e8me \u00e0 ressort ce qui fait qu\u2019elle s\u2019ouvre automatiquement si vous n\u2019exercez plus de pression. Longueur : 10 cm. Bec : 5 mm. Emballage : 1 pi\u00e8ce.\" \/>\n<meta property=\"og:url\" content=\"https:\/\/districos.standingout.be\/fr\/product\/cobra-pince-a-envies-doree-10-cm-5-mm-ref-8874\/\" \/>\n<meta property=\"og:site_name\" content=\"Districos Webshop\" \/>\n<meta property=\"article:modified_time\" content=\"2026-04-28T11:30:06+00:00\" \/>\n<meta name=\"twitter:card\" content=\"summary_large_image\" \/>\n<script type=\"application\/ld+json\" class=\"yoast-schema-graph\">{\"@context\":\"https:\\\/\\\/schema.org\",\"@graph\":[{\"@type\":\"WebPage\",\"@id\":\"https:\\\/\\\/districos.standingout.be\\\/fr\\\/product\\\/cobra-pince-a-envies-doree-10-cm-5-mm-ref-8874\\\/\",\"url\":\"https:\\\/\\\/districos.standingout.be\\\/fr\\\/product\\\/cobra-pince-a-envies-doree-10-cm-5-mm-ref-8874\\\/\",\"name\":\"Cobra Pince \u00e0 Envies Dor\u00e9e 10 cm\\\/5 mm - Districos Webshop\",\"isPartOf\":{\"@id\":\"https:\\\/\\\/districos.standingout.be\\\/fr\\\/#website\"},\"primaryImageOfPage\":{\"@id\":\"https:\\\/\\\/districos.standingout.be\\\/fr\\\/product\\\/cobra-pince-a-envies-doree-10-cm-5-mm-ref-8874\\\/#primaryimage\"},\"image\":{\"@id\":\"https:\\\/\\\/districos.standingout.be\\\/fr\\\/product\\\/cobra-pince-a-envies-doree-10-cm-5-mm-ref-8874\\\/#primaryimage\"},\"thumbnailUrl\":\"https:\\\/\\\/districos.standingout.be\\\/wp-content\\\/uploads\\\/2026\\\/03\\\/8874@LowRes_1_0.png\",\"datePublished\":\"2026-04-28T11:29:57+00:00\",\"dateModified\":\"2026-04-28T11:30:06+00:00\",\"breadcrumb\":{\"@id\":\"https:\\\/\\\/districos.standingout.be\\\/fr\\\/product\\\/cobra-pince-a-envies-doree-10-cm-5-mm-ref-8874\\\/#breadcrumb\"},\"inLanguage\":\"fr-FR\",\"potentialAction\":[{\"@type\":\"ReadAction\",\"target\":[\"https:\\\/\\\/districos.standingout.be\\\/fr\\\/product\\\/cobra-pince-a-envies-doree-10-cm-5-mm-ref-8874\\\/\"]}]},{\"@type\":\"ImageObject\",\"inLanguage\":\"fr-FR\",\"@id\":\"https:\\\/\\\/districos.standingout.be\\\/fr\\\/product\\\/cobra-pince-a-envies-doree-10-cm-5-mm-ref-8874\\\/#primaryimage\",\"url\":\"https:\\\/\\\/districos.standingout.be\\\/wp-content\\\/uploads\\\/2026\\\/03\\\/8874@LowRes_1_0.png\",\"contentUrl\":\"https:\\\/\\\/districos.standingout.be\\\/wp-content\\\/uploads\\\/2026\\\/03\\\/8874@LowRes_1_0.png\",\"width\":600,\"height\":600},{\"@type\":\"BreadcrumbList\",\"@id\":\"https:\\\/\\\/districos.standingout.be\\\/fr\\\/product\\\/cobra-pince-a-envies-doree-10-cm-5-mm-ref-8874\\\/#breadcrumb\",\"itemListElement\":[{\"@type\":\"ListItem\",\"position\":1,\"name\":\"Home\",\"item\":\"https:\\\/\\\/districos.standingout.be\\\/fr\\\/bienvenue-chez-districos\\\/\"},{\"@type\":\"ListItem\",\"position\":2,\"name\":\"Boutique\",\"item\":\"https:\\\/\\\/districos.standingout.be\\\/fr\\\/boutique\\\/\"},{\"@type\":\"ListItem\",\"position\":3,\"name\":\"Cobra Pince \u00e0 Envies Dor\u00e9e 10 cm\\\/5 mm\"}]},{\"@type\":\"WebSite\",\"@id\":\"https:\\\/\\\/districos.standingout.be\\\/fr\\\/#website\",\"url\":\"https:\\\/\\\/districos.standingout.be\\\/fr\\\/\",\"name\":\"Districos Webshop\",\"description\":\"\",\"publisher\":{\"@id\":\"https:\\\/\\\/districos.standingout.be\\\/fr\\\/#organization\"},\"potentialAction\":[{\"@type\":\"SearchAction\",\"target\":{\"@type\":\"EntryPoint\",\"urlTemplate\":\"https:\\\/\\\/districos.standingout.be\\\/fr\\\/?s={search_term_string}\"},\"query-input\":{\"@type\":\"PropertyValueSpecification\",\"valueRequired\":true,\"valueName\":\"search_term_string\"}}],\"inLanguage\":\"fr-FR\"},{\"@type\":\"Organization\",\"@id\":\"https:\\\/\\\/districos.standingout.be\\\/fr\\\/#organization\",\"name\":\"Districos Webshop\",\"url\":\"https:\\\/\\\/districos.standingout.be\\\/fr\\\/\",\"logo\":{\"@type\":\"ImageObject\",\"inLanguage\":\"fr-FR\",\"@id\":\"https:\\\/\\\/districos.standingout.be\\\/fr\\\/#\\\/schema\\\/logo\\\/image\\\/\",\"url\":\"https:\\\/\\\/districos.standingout.be\\\/wp-content\\\/uploads\\\/2022\\\/09\\\/Districos_Logo_Webshop.svg\",\"contentUrl\":\"https:\\\/\\\/districos.standingout.be\\\/wp-content\\\/uploads\\\/2022\\\/09\\\/Districos_Logo_Webshop.svg\",\"caption\":\"Districos Webshop\"},\"image\":{\"@id\":\"https:\\\/\\\/districos.standingout.be\\\/fr\\\/#\\\/schema\\\/logo\\\/image\\\/\"}}]}<\/script>\n<!-- \/ Yoast SEO plugin. -->","yoast_head_json":{"title":"Cobra Pince \u00e0 Envies Dor\u00e9e 10 cm\/5 mm - Districos Webshop","robots":{"index":"noindex","follow":"follow","max-snippet":"max-snippet:-1","max-image-preview":"max-image-preview:large","max-video-preview":"max-video-preview:-1"},"og_locale":"fr_FR","og_type":"article","og_title":"Cobra Pince \u00e0 Envies Dor\u00e9e 10 cm\/5 mm - Districos Webshop","og_description":"Cette pince \u00e0 cuticules dor\u00e9e convient pour couper facilement les envies d\u00e9tach\u00e9es. Elle est pourvue d\u2019un syst\u00e8me \u00e0 ressort ce qui fait qu\u2019elle s\u2019ouvre automatiquement si vous n\u2019exercez plus de pression. Longueur : 10 cm. Bec : 5 mm. Emballage : 1 pi\u00e8ce.","og_url":"https:\/\/districos.standingout.be\/fr\/product\/cobra-pince-a-envies-doree-10-cm-5-mm-ref-8874\/","og_site_name":"Districos Webshop","article_modified_time":"2026-04-28T11:30:06+00:00","twitter_card":"summary_large_image","schema":{"@context":"https:\/\/schema.org","@graph":[{"@type":"WebPage","@id":"https:\/\/districos.standingout.be\/fr\/product\/cobra-pince-a-envies-doree-10-cm-5-mm-ref-8874\/","url":"https:\/\/districos.standingout.be\/fr\/product\/cobra-pince-a-envies-doree-10-cm-5-mm-ref-8874\/","name":"Cobra Pince \u00e0 Envies Dor\u00e9e 10 cm\/5 mm - Districos Webshop","isPartOf":{"@id":"https:\/\/districos.standingout.be\/fr\/#website"},"primaryImageOfPage":{"@id":"https:\/\/districos.standingout.be\/fr\/product\/cobra-pince-a-envies-doree-10-cm-5-mm-ref-8874\/#primaryimage"},"image":{"@id":"https:\/\/districos.standingout.be\/fr\/product\/cobra-pince-a-envies-doree-10-cm-5-mm-ref-8874\/#primaryimage"},"thumbnailUrl":"https:\/\/districos.standingout.be\/wp-content\/uploads\/2026\/03\/8874@LowRes_1_0.png","datePublished":"2026-04-28T11:29:57+00:00","dateModified":"2026-04-28T11:30:06+00:00","breadcrumb":{"@id":"https:\/\/districos.standingout.be\/fr\/product\/cobra-pince-a-envies-doree-10-cm-5-mm-ref-8874\/#breadcrumb"},"inLanguage":"fr-FR","potentialAction":[{"@type":"ReadAction","target":["https:\/\/districos.standingout.be\/fr\/product\/cobra-pince-a-envies-doree-10-cm-5-mm-ref-8874\/"]}]},{"@type":"ImageObject","inLanguage":"fr-FR","@id":"https:\/\/districos.standingout.be\/fr\/product\/cobra-pince-a-envies-doree-10-cm-5-mm-ref-8874\/#primaryimage","url":"https:\/\/districos.standingout.be\/wp-content\/uploads\/2026\/03\/8874@LowRes_1_0.png","contentUrl":"https:\/\/districos.standingout.be\/wp-content\/uploads\/2026\/03\/8874@LowRes_1_0.png","width":600,"height":600},{"@type":"BreadcrumbList","@id":"https:\/\/districos.standingout.be\/fr\/product\/cobra-pince-a-envies-doree-10-cm-5-mm-ref-8874\/#breadcrumb","itemListElement":[{"@type":"ListItem","position":1,"name":"Home","item":"https:\/\/districos.standingout.be\/fr\/bienvenue-chez-districos\/"},{"@type":"ListItem","position":2,"name":"Boutique","item":"https:\/\/districos.standingout.be\/fr\/boutique\/"},{"@type":"ListItem","position":3,"name":"Cobra Pince \u00e0 Envies Dor\u00e9e 10 cm\/5 mm"}]},{"@type":"WebSite","@id":"https:\/\/districos.standingout.be\/fr\/#website","url":"https:\/\/districos.standingout.be\/fr\/","name":"Districos Webshop","description":"","publisher":{"@id":"https:\/\/districos.standingout.be\/fr\/#organization"},"potentialAction":[{"@type":"SearchAction","target":{"@type":"EntryPoint","urlTemplate":"https:\/\/districos.standingout.be\/fr\/?s={search_term_string}"},"query-input":{"@type":"PropertyValueSpecification","valueRequired":true,"valueName":"search_term_string"}}],"inLanguage":"fr-FR"},{"@type":"Organization","@id":"https:\/\/districos.standingout.be\/fr\/#organization","name":"Districos Webshop","url":"https:\/\/districos.standingout.be\/fr\/","logo":{"@type":"ImageObject","inLanguage":"fr-FR","@id":"https:\/\/districos.standingout.be\/fr\/#\/schema\/logo\/image\/","url":"https:\/\/districos.standingout.be\/wp-content\/uploads\/2022\/09\/Districos_Logo_Webshop.svg","contentUrl":"https:\/\/districos.standingout.be\/wp-content\/uploads\/2022\/09\/Districos_Logo_Webshop.svg","caption":"Districos Webshop"},"image":{"@id":"https:\/\/districos.standingout.be\/fr\/#\/schema\/logo\/image\/"}}]}},"_links":{"self":[{"href":"https:\/\/districos.standingout.be\/fr\/wp-json\/wp\/v2\/product\/142121","targetHints":{"allow":["GET"]}}],"collection":[{"href":"https:\/\/districos.standingout.be\/fr\/wp-json\/wp\/v2\/product"}],"about":[{"href":"https:\/\/districos.standingout.be\/fr\/wp-json\/wp\/v2\/types\/product"}],"replies":[{"embeddable":true,"href":"https:\/\/districos.standingout.be\/fr\/wp-json\/wp\/v2\/comments?post=142121"}],"wp:featuredmedia":[{"embeddable":true,"href":"https:\/\/districos.standingout.be\/fr\/wp-json\/wp\/v2\/media\/113372"}],"wp:attachment":[{"href":"https:\/\/districos.standingout.be\/fr\/wp-json\/wp\/v2\/media?parent=142121"}],"wp:term":[{"taxonomy":"product_brand","embeddable":true,"href":"https:\/\/districos.standingout.be\/fr\/wp-json\/wp\/v2\/product_brand?post=142121"},{"taxonomy":"product_cat","embeddable":true,"href":"https:\/\/districos.standingout.be\/fr\/wp-json\/wp\/v2\/product_cat?post=142121"},{"taxonomy":"product_tag","embeddable":true,"href":"https:\/\/districos.standingout.be\/fr\/wp-json\/wp\/v2\/product_tag?post=142121"}],"curies":[{"name":"wp","href":"https:\/\/api.w.org\/{rel}","templated":true}]}}