{"id":142149,"date":"2026-04-28T13:31:55","date_gmt":"2026-04-28T11:31:55","guid":{"rendered":"https:\/\/webshopdistricoscom.webhosting.be\/product\/plateau-en-inox-non-nervure-xl-30-x-21-x-1-cm-ref-8875-211\/"},"modified":"2026-04-28T13:31:57","modified_gmt":"2026-04-28T11:31:57","slug":"plateau-en-inox-non-nervure-xl-30-x-21-x-1-cm-ref-8875-211","status":"publish","type":"product","link":"https:\/\/districos.standingout.be\/fr\/product\/plateau-en-inox-non-nervure-xl-30-x-21-x-1-cm-ref-8875-211\/","title":{"rendered":"Plateau en Inox Non Nervur\u00e9 XL 30 x 21 x 1 cm"},"content":{"rendered":"<p >\n<p dir=ltr>Plateau inox grand non-nervur\u00e9 30 x 21 x 1 cm.<\/p>\n<p> \u00c9galement disponible en petit format (Dimensions : 21 x 15 x 1,5 cm) (R\u00e9f. : 8875.39). <\/p><\/p>\n","protected":false},"excerpt":{"rendered":"<p>Plateau inox grand non-nervur\u00e9 30 x 21 x 1 cm. \u00c9galement disponible en petit format (Dimensions : 21 x 15 x 1,5 cm) (R\u00e9f. : 8875.39).<\/p>\n","protected":false},"featured_media":84833,"comment_status":"open","ping_status":"closed","template":"","meta":{"_acf_changed":false},"product_brand":[10342],"product_cat":[10198,10170,9944],"product_tag":[],"class_list":{"0":"post-142149","1":"product","2":"type-product","3":"status-publish","4":"has-post-thumbnail","6":"product_brand-cobra-steel-fr","7":"product_cat-fournitures-pour-cabinet-instruments-accessoires-de-rangement","8":"product_cat-fournitures-pour-cabinet-accessoires-accessoires-pedicure","9":"product_cat-beaute-pedicure-instruments","11":"first","12":"instock","13":"taxable","14":"shipping-taxable","15":"product-type-simple"},"acf":[],"yoast_head":"<!-- This site is optimized with the Yoast SEO plugin v27.3 - https:\/\/yoast.com\/product\/yoast-seo-wordpress\/ -->\n<title>Plateau en Inox Non Nervur\u00e9 XL 30 x 21 x 1 cm - Districos Webshop<\/title>\n<meta name=\"robots\" content=\"noindex, follow, max-snippet:-1, max-image-preview:large, max-video-preview:-1\" \/>\n<meta property=\"og:locale\" content=\"fr_FR\" \/>\n<meta property=\"og:type\" content=\"article\" \/>\n<meta property=\"og:title\" content=\"Plateau en Inox Non Nervur\u00e9 XL 30 x 21 x 1 cm - Districos Webshop\" \/>\n<meta property=\"og:description\" content=\"Plateau inox grand non-nervur\u00e9 30 x 21 x 1 cm. \u00c9galement disponible en petit format (Dimensions : 21 x 15 x 1,5 cm) (R\u00e9f. : 8875.39).\" \/>\n<meta property=\"og:url\" content=\"https:\/\/districos.standingout.be\/fr\/product\/plateau-en-inox-non-nervure-xl-30-x-21-x-1-cm-ref-8875-211\/\" \/>\n<meta property=\"og:site_name\" content=\"Districos Webshop\" \/>\n<meta property=\"article:modified_time\" content=\"2026-04-28T11:31:57+00:00\" \/>\n<meta name=\"twitter:card\" content=\"summary_large_image\" \/>\n<script type=\"application\/ld+json\" class=\"yoast-schema-graph\">{\"@context\":\"https:\\\/\\\/schema.org\",\"@graph\":[{\"@type\":\"WebPage\",\"@id\":\"https:\\\/\\\/districos.standingout.be\\\/fr\\\/product\\\/plateau-en-inox-non-nervure-xl-30-x-21-x-1-cm-ref-8875-211\\\/\",\"url\":\"https:\\\/\\\/districos.standingout.be\\\/fr\\\/product\\\/plateau-en-inox-non-nervure-xl-30-x-21-x-1-cm-ref-8875-211\\\/\",\"name\":\"Plateau en Inox Non Nervur\u00e9 XL 30 x 21 x 1 cm - Districos Webshop\",\"isPartOf\":{\"@id\":\"https:\\\/\\\/districos.standingout.be\\\/fr\\\/#website\"},\"primaryImageOfPage\":{\"@id\":\"https:\\\/\\\/districos.standingout.be\\\/fr\\\/product\\\/plateau-en-inox-non-nervure-xl-30-x-21-x-1-cm-ref-8875-211\\\/#primaryimage\"},\"image\":{\"@id\":\"https:\\\/\\\/districos.standingout.be\\\/fr\\\/product\\\/plateau-en-inox-non-nervure-xl-30-x-21-x-1-cm-ref-8875-211\\\/#primaryimage\"},\"thumbnailUrl\":\"https:\\\/\\\/districos.standingout.be\\\/wp-content\\\/uploads\\\/2025\\\/07\\\/8875.211@LowRes_1_0.png\",\"datePublished\":\"2026-04-28T11:31:55+00:00\",\"dateModified\":\"2026-04-28T11:31:57+00:00\",\"breadcrumb\":{\"@id\":\"https:\\\/\\\/districos.standingout.be\\\/fr\\\/product\\\/plateau-en-inox-non-nervure-xl-30-x-21-x-1-cm-ref-8875-211\\\/#breadcrumb\"},\"inLanguage\":\"fr-FR\",\"potentialAction\":[{\"@type\":\"ReadAction\",\"target\":[\"https:\\\/\\\/districos.standingout.be\\\/fr\\\/product\\\/plateau-en-inox-non-nervure-xl-30-x-21-x-1-cm-ref-8875-211\\\/\"]}]},{\"@type\":\"ImageObject\",\"inLanguage\":\"fr-FR\",\"@id\":\"https:\\\/\\\/districos.standingout.be\\\/fr\\\/product\\\/plateau-en-inox-non-nervure-xl-30-x-21-x-1-cm-ref-8875-211\\\/#primaryimage\",\"url\":\"https:\\\/\\\/districos.standingout.be\\\/wp-content\\\/uploads\\\/2025\\\/07\\\/8875.211@LowRes_1_0.png\",\"contentUrl\":\"https:\\\/\\\/districos.standingout.be\\\/wp-content\\\/uploads\\\/2025\\\/07\\\/8875.211@LowRes_1_0.png\",\"width\":600,\"height\":600},{\"@type\":\"BreadcrumbList\",\"@id\":\"https:\\\/\\\/districos.standingout.be\\\/fr\\\/product\\\/plateau-en-inox-non-nervure-xl-30-x-21-x-1-cm-ref-8875-211\\\/#breadcrumb\",\"itemListElement\":[{\"@type\":\"ListItem\",\"position\":1,\"name\":\"Home\",\"item\":\"https:\\\/\\\/districos.standingout.be\\\/fr\\\/bienvenue-chez-districos\\\/\"},{\"@type\":\"ListItem\",\"position\":2,\"name\":\"Boutique\",\"item\":\"https:\\\/\\\/districos.standingout.be\\\/fr\\\/boutique\\\/\"},{\"@type\":\"ListItem\",\"position\":3,\"name\":\"Plateau en Inox Non Nervur\u00e9 XL 30 x 21 x 1 cm\"}]},{\"@type\":\"WebSite\",\"@id\":\"https:\\\/\\\/districos.standingout.be\\\/fr\\\/#website\",\"url\":\"https:\\\/\\\/districos.standingout.be\\\/fr\\\/\",\"name\":\"Districos Webshop\",\"description\":\"\",\"publisher\":{\"@id\":\"https:\\\/\\\/districos.standingout.be\\\/fr\\\/#organization\"},\"potentialAction\":[{\"@type\":\"SearchAction\",\"target\":{\"@type\":\"EntryPoint\",\"urlTemplate\":\"https:\\\/\\\/districos.standingout.be\\\/fr\\\/?s={search_term_string}\"},\"query-input\":{\"@type\":\"PropertyValueSpecification\",\"valueRequired\":true,\"valueName\":\"search_term_string\"}}],\"inLanguage\":\"fr-FR\"},{\"@type\":\"Organization\",\"@id\":\"https:\\\/\\\/districos.standingout.be\\\/fr\\\/#organization\",\"name\":\"Districos Webshop\",\"url\":\"https:\\\/\\\/districos.standingout.be\\\/fr\\\/\",\"logo\":{\"@type\":\"ImageObject\",\"inLanguage\":\"fr-FR\",\"@id\":\"https:\\\/\\\/districos.standingout.be\\\/fr\\\/#\\\/schema\\\/logo\\\/image\\\/\",\"url\":\"https:\\\/\\\/districos.standingout.be\\\/wp-content\\\/uploads\\\/2022\\\/09\\\/Districos_Logo_Webshop.svg\",\"contentUrl\":\"https:\\\/\\\/districos.standingout.be\\\/wp-content\\\/uploads\\\/2022\\\/09\\\/Districos_Logo_Webshop.svg\",\"caption\":\"Districos Webshop\"},\"image\":{\"@id\":\"https:\\\/\\\/districos.standingout.be\\\/fr\\\/#\\\/schema\\\/logo\\\/image\\\/\"}}]}<\/script>\n<!-- \/ Yoast SEO plugin. -->","yoast_head_json":{"title":"Plateau en Inox Non Nervur\u00e9 XL 30 x 21 x 1 cm - Districos Webshop","robots":{"index":"noindex","follow":"follow","max-snippet":"max-snippet:-1","max-image-preview":"max-image-preview:large","max-video-preview":"max-video-preview:-1"},"og_locale":"fr_FR","og_type":"article","og_title":"Plateau en Inox Non Nervur\u00e9 XL 30 x 21 x 1 cm - Districos Webshop","og_description":"Plateau inox grand non-nervur\u00e9 30 x 21 x 1 cm. \u00c9galement disponible en petit format (Dimensions : 21 x 15 x 1,5 cm) (R\u00e9f. : 8875.39).","og_url":"https:\/\/districos.standingout.be\/fr\/product\/plateau-en-inox-non-nervure-xl-30-x-21-x-1-cm-ref-8875-211\/","og_site_name":"Districos Webshop","article_modified_time":"2026-04-28T11:31:57+00:00","twitter_card":"summary_large_image","schema":{"@context":"https:\/\/schema.org","@graph":[{"@type":"WebPage","@id":"https:\/\/districos.standingout.be\/fr\/product\/plateau-en-inox-non-nervure-xl-30-x-21-x-1-cm-ref-8875-211\/","url":"https:\/\/districos.standingout.be\/fr\/product\/plateau-en-inox-non-nervure-xl-30-x-21-x-1-cm-ref-8875-211\/","name":"Plateau en Inox Non Nervur\u00e9 XL 30 x 21 x 1 cm - Districos Webshop","isPartOf":{"@id":"https:\/\/districos.standingout.be\/fr\/#website"},"primaryImageOfPage":{"@id":"https:\/\/districos.standingout.be\/fr\/product\/plateau-en-inox-non-nervure-xl-30-x-21-x-1-cm-ref-8875-211\/#primaryimage"},"image":{"@id":"https:\/\/districos.standingout.be\/fr\/product\/plateau-en-inox-non-nervure-xl-30-x-21-x-1-cm-ref-8875-211\/#primaryimage"},"thumbnailUrl":"https:\/\/districos.standingout.be\/wp-content\/uploads\/2025\/07\/8875.211@LowRes_1_0.png","datePublished":"2026-04-28T11:31:55+00:00","dateModified":"2026-04-28T11:31:57+00:00","breadcrumb":{"@id":"https:\/\/districos.standingout.be\/fr\/product\/plateau-en-inox-non-nervure-xl-30-x-21-x-1-cm-ref-8875-211\/#breadcrumb"},"inLanguage":"fr-FR","potentialAction":[{"@type":"ReadAction","target":["https:\/\/districos.standingout.be\/fr\/product\/plateau-en-inox-non-nervure-xl-30-x-21-x-1-cm-ref-8875-211\/"]}]},{"@type":"ImageObject","inLanguage":"fr-FR","@id":"https:\/\/districos.standingout.be\/fr\/product\/plateau-en-inox-non-nervure-xl-30-x-21-x-1-cm-ref-8875-211\/#primaryimage","url":"https:\/\/districos.standingout.be\/wp-content\/uploads\/2025\/07\/8875.211@LowRes_1_0.png","contentUrl":"https:\/\/districos.standingout.be\/wp-content\/uploads\/2025\/07\/8875.211@LowRes_1_0.png","width":600,"height":600},{"@type":"BreadcrumbList","@id":"https:\/\/districos.standingout.be\/fr\/product\/plateau-en-inox-non-nervure-xl-30-x-21-x-1-cm-ref-8875-211\/#breadcrumb","itemListElement":[{"@type":"ListItem","position":1,"name":"Home","item":"https:\/\/districos.standingout.be\/fr\/bienvenue-chez-districos\/"},{"@type":"ListItem","position":2,"name":"Boutique","item":"https:\/\/districos.standingout.be\/fr\/boutique\/"},{"@type":"ListItem","position":3,"name":"Plateau en Inox Non Nervur\u00e9 XL 30 x 21 x 1 cm"}]},{"@type":"WebSite","@id":"https:\/\/districos.standingout.be\/fr\/#website","url":"https:\/\/districos.standingout.be\/fr\/","name":"Districos Webshop","description":"","publisher":{"@id":"https:\/\/districos.standingout.be\/fr\/#organization"},"potentialAction":[{"@type":"SearchAction","target":{"@type":"EntryPoint","urlTemplate":"https:\/\/districos.standingout.be\/fr\/?s={search_term_string}"},"query-input":{"@type":"PropertyValueSpecification","valueRequired":true,"valueName":"search_term_string"}}],"inLanguage":"fr-FR"},{"@type":"Organization","@id":"https:\/\/districos.standingout.be\/fr\/#organization","name":"Districos Webshop","url":"https:\/\/districos.standingout.be\/fr\/","logo":{"@type":"ImageObject","inLanguage":"fr-FR","@id":"https:\/\/districos.standingout.be\/fr\/#\/schema\/logo\/image\/","url":"https:\/\/districos.standingout.be\/wp-content\/uploads\/2022\/09\/Districos_Logo_Webshop.svg","contentUrl":"https:\/\/districos.standingout.be\/wp-content\/uploads\/2022\/09\/Districos_Logo_Webshop.svg","caption":"Districos Webshop"},"image":{"@id":"https:\/\/districos.standingout.be\/fr\/#\/schema\/logo\/image\/"}}]}},"_links":{"self":[{"href":"https:\/\/districos.standingout.be\/fr\/wp-json\/wp\/v2\/product\/142149","targetHints":{"allow":["GET"]}}],"collection":[{"href":"https:\/\/districos.standingout.be\/fr\/wp-json\/wp\/v2\/product"}],"about":[{"href":"https:\/\/districos.standingout.be\/fr\/wp-json\/wp\/v2\/types\/product"}],"replies":[{"embeddable":true,"href":"https:\/\/districos.standingout.be\/fr\/wp-json\/wp\/v2\/comments?post=142149"}],"wp:featuredmedia":[{"embeddable":true,"href":"https:\/\/districos.standingout.be\/fr\/wp-json\/wp\/v2\/media\/84833"}],"wp:attachment":[{"href":"https:\/\/districos.standingout.be\/fr\/wp-json\/wp\/v2\/media?parent=142149"}],"wp:term":[{"taxonomy":"product_brand","embeddable":true,"href":"https:\/\/districos.standingout.be\/fr\/wp-json\/wp\/v2\/product_brand?post=142149"},{"taxonomy":"product_cat","embeddable":true,"href":"https:\/\/districos.standingout.be\/fr\/wp-json\/wp\/v2\/product_cat?post=142149"},{"taxonomy":"product_tag","embeddable":true,"href":"https:\/\/districos.standingout.be\/fr\/wp-json\/wp\/v2\/product_tag?post=142149"}],"curies":[{"name":"wp","href":"https:\/\/api.w.org\/{rel}","templated":true}]}}