{"id":142185,"date":"2026-04-28T13:33:26","date_gmt":"2026-04-28T11:33:26","guid":{"rendered":"https:\/\/webshopdistricoscom.webhosting.be\/product\/cobra-lime-coins-ongles-droite-excavateur-boule-145-cm-ref-8875-41\/"},"modified":"2026-04-28T13:33:29","modified_gmt":"2026-04-28T11:33:29","slug":"cobra-lime-coins-ongles-droite-excavateur-boule-145-cm-ref-8875-41","status":"publish","type":"product","link":"https:\/\/districos.standingout.be\/fr\/product\/cobra-lime-coins-ongles-droite-excavateur-boule-145-cm-ref-8875-41\/","title":{"rendered":"Cobra Lime Coins Ongles Droite + Excavateur Boule 14,5 cm"},"content":{"rendered":"<p >\n<\/p>\n<p data-start=\"115\" data-end=\"416\">Cet <span data-start=\"119\" data-end=\"147\">outil de p\u00e9dicure 2-en-1<\/span> combine deux fonctions essentielles :<br data-start=\"185\" data-end=\"188\"> D\u2019un c\u00f4t\u00e9, un <span data-start=\"202\" data-end=\"258\">excavateur avec une petite boule l\u00e9g\u00e8rement incurv\u00e9e<\/span> permet de <span data-start=\"269\" data-end=\"328\">d\u00e9tacher en douceur et de nettoyer les sillons ungu\u00e9aux<\/span>. Gr\u00e2ce \u00e0 sa forme arrondie, le risque d\u2019endommager la peau est consid\u00e9rablement r\u00e9duit.<\/p>\n<p data-start=\"418\" data-end=\"753\">De l\u2019autre c\u00f4t\u00e9, une <span data-start=\"439\" data-end=\"471\">lime droite de haute qualit\u00e9<\/span> est id\u00e9ale pour <span data-start=\"488\" data-end=\"546\">limier facilement et efficacement les coins de l\u2019ongle<\/span> ou pour retirer les parties plus profondes dans les replis ungu\u00e9aux. Son design droit et fin permet un travail de <span data-start=\"661\" data-end=\"682\">pr\u00e9cision extr\u00eame<\/span>, parfait en cas d\u2019ongles incarn\u00e9s ou pour lisser les bords tranchants.<\/p>\n<p dir=\"ltr\"><\/p>\n<ul>\n<li><b>Longueur :&nbsp;<\/b>14,5 cm, Taille de la lime: 1,5 cm, Diam\u00e8tre de la boule de l&rsquo;excavateur : 2 mm<\/li>\n<li><b>Mat\u00e9riau :&nbsp;<\/b>Inox (acier inoxydable)<\/li>\n<\/ul>\n<div><\/div>\n<div>Remarque : Cet instrument Cobra est fabriqu\u00e9 \u00e0 la main. Les dimensions indiqu\u00e9es sont approximatives et peuvent l\u00e9g\u00e8rement varier.&nbsp;<\/div><\/p>\n","protected":false},"excerpt":{"rendered":"<p>Cet outil de p\u00e9dicure 2-en-1 combine deux fonctions essentielles : D\u2019un c\u00f4t\u00e9, un excavateur avec une petite boule l\u00e9g\u00e8rement incurv\u00e9e permet de d\u00e9tacher en douceur et de nettoyer les sillons ungu\u00e9aux. Gr\u00e2ce \u00e0 sa forme arrondie, le risque d\u2019endommager la peau est consid\u00e9rablement r\u00e9duit. De l\u2019autre c\u00f4t\u00e9, une lime droite de haute qualit\u00e9 est id\u00e9ale [&hellip;]<\/p>\n","protected":false},"featured_media":148780,"comment_status":"open","ping_status":"closed","template":"","meta":{"_acf_changed":false},"product_brand":[10342],"product_cat":[10170,9944],"product_tag":[],"class_list":{"0":"post-142185","1":"product","2":"type-product","3":"status-publish","4":"has-post-thumbnail","6":"product_brand-cobra-steel-fr","7":"product_cat-fournitures-pour-cabinet-accessoires-accessoires-pedicure","8":"product_cat-beaute-pedicure-instruments","10":"first","11":"instock","12":"taxable","13":"shipping-taxable","14":"product-type-simple"},"acf":[],"yoast_head":"<!-- This site is optimized with the Yoast SEO plugin v27.3 - https:\/\/yoast.com\/product\/yoast-seo-wordpress\/ -->\n<title>Cobra Lime Coins Ongles Droite + Excavateur Boule 14,5 cm - Districos Webshop<\/title>\n<meta name=\"robots\" content=\"noindex, follow, max-snippet:-1, max-image-preview:large, max-video-preview:-1\" \/>\n<meta property=\"og:locale\" content=\"fr_FR\" \/>\n<meta property=\"og:type\" content=\"article\" \/>\n<meta property=\"og:title\" content=\"Cobra Lime Coins Ongles Droite + Excavateur Boule 14,5 cm - Districos Webshop\" \/>\n<meta property=\"og:description\" content=\"Cet outil de p\u00e9dicure 2-en-1 combine deux fonctions essentielles : D\u2019un c\u00f4t\u00e9, un excavateur avec une petite boule l\u00e9g\u00e8rement incurv\u00e9e permet de d\u00e9tacher en douceur et de nettoyer les sillons ungu\u00e9aux. Gr\u00e2ce \u00e0 sa forme arrondie, le risque d\u2019endommager la peau est consid\u00e9rablement r\u00e9duit. De l\u2019autre c\u00f4t\u00e9, une lime droite de haute qualit\u00e9 est id\u00e9ale [&hellip;]\" \/>\n<meta property=\"og:url\" content=\"https:\/\/districos.standingout.be\/fr\/product\/cobra-lime-coins-ongles-droite-excavateur-boule-145-cm-ref-8875-41\/\" \/>\n<meta property=\"og:site_name\" content=\"Districos Webshop\" \/>\n<meta property=\"article:modified_time\" content=\"2026-04-28T11:33:29+00:00\" \/>\n<meta name=\"twitter:card\" content=\"summary_large_image\" \/>\n<meta name=\"twitter:label1\" content=\"Dur\u00e9e de lecture estim\u00e9e\" \/>\n\t<meta name=\"twitter:data1\" content=\"1 minute\" \/>\n<script type=\"application\/ld+json\" class=\"yoast-schema-graph\">{\"@context\":\"https:\\\/\\\/schema.org\",\"@graph\":[{\"@type\":\"WebPage\",\"@id\":\"https:\\\/\\\/districos.standingout.be\\\/fr\\\/product\\\/cobra-lime-coins-ongles-droite-excavateur-boule-145-cm-ref-8875-41\\\/\",\"url\":\"https:\\\/\\\/districos.standingout.be\\\/fr\\\/product\\\/cobra-lime-coins-ongles-droite-excavateur-boule-145-cm-ref-8875-41\\\/\",\"name\":\"Cobra Lime Coins Ongles Droite + Excavateur Boule 14,5 cm - Districos Webshop\",\"isPartOf\":{\"@id\":\"https:\\\/\\\/districos.standingout.be\\\/fr\\\/#website\"},\"primaryImageOfPage\":{\"@id\":\"https:\\\/\\\/districos.standingout.be\\\/fr\\\/product\\\/cobra-lime-coins-ongles-droite-excavateur-boule-145-cm-ref-8875-41\\\/#primaryimage\"},\"image\":{\"@id\":\"https:\\\/\\\/districos.standingout.be\\\/fr\\\/product\\\/cobra-lime-coins-ongles-droite-excavateur-boule-145-cm-ref-8875-41\\\/#primaryimage\"},\"thumbnailUrl\":\"https:\\\/\\\/districos.standingout.be\\\/wp-content\\\/uploads\\\/2026\\\/04\\\/8875.41@Cobra-Nagelhoekvijl-Inox-Recht-en-Excavator-Bolletje-145cm_1.png\",\"datePublished\":\"2026-04-28T11:33:26+00:00\",\"dateModified\":\"2026-04-28T11:33:29+00:00\",\"breadcrumb\":{\"@id\":\"https:\\\/\\\/districos.standingout.be\\\/fr\\\/product\\\/cobra-lime-coins-ongles-droite-excavateur-boule-145-cm-ref-8875-41\\\/#breadcrumb\"},\"inLanguage\":\"fr-FR\",\"potentialAction\":[{\"@type\":\"ReadAction\",\"target\":[\"https:\\\/\\\/districos.standingout.be\\\/fr\\\/product\\\/cobra-lime-coins-ongles-droite-excavateur-boule-145-cm-ref-8875-41\\\/\"]}]},{\"@type\":\"ImageObject\",\"inLanguage\":\"fr-FR\",\"@id\":\"https:\\\/\\\/districos.standingout.be\\\/fr\\\/product\\\/cobra-lime-coins-ongles-droite-excavateur-boule-145-cm-ref-8875-41\\\/#primaryimage\",\"url\":\"https:\\\/\\\/districos.standingout.be\\\/wp-content\\\/uploads\\\/2026\\\/04\\\/8875.41@Cobra-Nagelhoekvijl-Inox-Recht-en-Excavator-Bolletje-145cm_1.png\",\"contentUrl\":\"https:\\\/\\\/districos.standingout.be\\\/wp-content\\\/uploads\\\/2026\\\/04\\\/8875.41@Cobra-Nagelhoekvijl-Inox-Recht-en-Excavator-Bolletje-145cm_1.png\",\"width\":600,\"height\":600},{\"@type\":\"BreadcrumbList\",\"@id\":\"https:\\\/\\\/districos.standingout.be\\\/fr\\\/product\\\/cobra-lime-coins-ongles-droite-excavateur-boule-145-cm-ref-8875-41\\\/#breadcrumb\",\"itemListElement\":[{\"@type\":\"ListItem\",\"position\":1,\"name\":\"Home\",\"item\":\"https:\\\/\\\/districos.standingout.be\\\/fr\\\/bienvenue-chez-districos\\\/\"},{\"@type\":\"ListItem\",\"position\":2,\"name\":\"Boutique\",\"item\":\"https:\\\/\\\/districos.standingout.be\\\/fr\\\/boutique\\\/\"},{\"@type\":\"ListItem\",\"position\":3,\"name\":\"Cobra Lime Coins Ongles Droite + Excavateur Boule 14,5 cm\"}]},{\"@type\":\"WebSite\",\"@id\":\"https:\\\/\\\/districos.standingout.be\\\/fr\\\/#website\",\"url\":\"https:\\\/\\\/districos.standingout.be\\\/fr\\\/\",\"name\":\"Districos Webshop\",\"description\":\"\",\"publisher\":{\"@id\":\"https:\\\/\\\/districos.standingout.be\\\/fr\\\/#organization\"},\"potentialAction\":[{\"@type\":\"SearchAction\",\"target\":{\"@type\":\"EntryPoint\",\"urlTemplate\":\"https:\\\/\\\/districos.standingout.be\\\/fr\\\/?s={search_term_string}\"},\"query-input\":{\"@type\":\"PropertyValueSpecification\",\"valueRequired\":true,\"valueName\":\"search_term_string\"}}],\"inLanguage\":\"fr-FR\"},{\"@type\":\"Organization\",\"@id\":\"https:\\\/\\\/districos.standingout.be\\\/fr\\\/#organization\",\"name\":\"Districos Webshop\",\"url\":\"https:\\\/\\\/districos.standingout.be\\\/fr\\\/\",\"logo\":{\"@type\":\"ImageObject\",\"inLanguage\":\"fr-FR\",\"@id\":\"https:\\\/\\\/districos.standingout.be\\\/fr\\\/#\\\/schema\\\/logo\\\/image\\\/\",\"url\":\"https:\\\/\\\/districos.standingout.be\\\/wp-content\\\/uploads\\\/2022\\\/09\\\/Districos_Logo_Webshop.svg\",\"contentUrl\":\"https:\\\/\\\/districos.standingout.be\\\/wp-content\\\/uploads\\\/2022\\\/09\\\/Districos_Logo_Webshop.svg\",\"caption\":\"Districos Webshop\"},\"image\":{\"@id\":\"https:\\\/\\\/districos.standingout.be\\\/fr\\\/#\\\/schema\\\/logo\\\/image\\\/\"}}]}<\/script>\n<!-- \/ Yoast SEO plugin. -->","yoast_head_json":{"title":"Cobra Lime Coins Ongles Droite + Excavateur Boule 14,5 cm - Districos Webshop","robots":{"index":"noindex","follow":"follow","max-snippet":"max-snippet:-1","max-image-preview":"max-image-preview:large","max-video-preview":"max-video-preview:-1"},"og_locale":"fr_FR","og_type":"article","og_title":"Cobra Lime Coins Ongles Droite + Excavateur Boule 14,5 cm - Districos Webshop","og_description":"Cet outil de p\u00e9dicure 2-en-1 combine deux fonctions essentielles : D\u2019un c\u00f4t\u00e9, un excavateur avec une petite boule l\u00e9g\u00e8rement incurv\u00e9e permet de d\u00e9tacher en douceur et de nettoyer les sillons ungu\u00e9aux. Gr\u00e2ce \u00e0 sa forme arrondie, le risque d\u2019endommager la peau est consid\u00e9rablement r\u00e9duit. De l\u2019autre c\u00f4t\u00e9, une lime droite de haute qualit\u00e9 est id\u00e9ale [&hellip;]","og_url":"https:\/\/districos.standingout.be\/fr\/product\/cobra-lime-coins-ongles-droite-excavateur-boule-145-cm-ref-8875-41\/","og_site_name":"Districos Webshop","article_modified_time":"2026-04-28T11:33:29+00:00","twitter_card":"summary_large_image","twitter_misc":{"Dur\u00e9e de lecture estim\u00e9e":"1 minute"},"schema":{"@context":"https:\/\/schema.org","@graph":[{"@type":"WebPage","@id":"https:\/\/districos.standingout.be\/fr\/product\/cobra-lime-coins-ongles-droite-excavateur-boule-145-cm-ref-8875-41\/","url":"https:\/\/districos.standingout.be\/fr\/product\/cobra-lime-coins-ongles-droite-excavateur-boule-145-cm-ref-8875-41\/","name":"Cobra Lime Coins Ongles Droite + Excavateur Boule 14,5 cm - Districos Webshop","isPartOf":{"@id":"https:\/\/districos.standingout.be\/fr\/#website"},"primaryImageOfPage":{"@id":"https:\/\/districos.standingout.be\/fr\/product\/cobra-lime-coins-ongles-droite-excavateur-boule-145-cm-ref-8875-41\/#primaryimage"},"image":{"@id":"https:\/\/districos.standingout.be\/fr\/product\/cobra-lime-coins-ongles-droite-excavateur-boule-145-cm-ref-8875-41\/#primaryimage"},"thumbnailUrl":"https:\/\/districos.standingout.be\/wp-content\/uploads\/2026\/04\/8875.41@Cobra-Nagelhoekvijl-Inox-Recht-en-Excavator-Bolletje-145cm_1.png","datePublished":"2026-04-28T11:33:26+00:00","dateModified":"2026-04-28T11:33:29+00:00","breadcrumb":{"@id":"https:\/\/districos.standingout.be\/fr\/product\/cobra-lime-coins-ongles-droite-excavateur-boule-145-cm-ref-8875-41\/#breadcrumb"},"inLanguage":"fr-FR","potentialAction":[{"@type":"ReadAction","target":["https:\/\/districos.standingout.be\/fr\/product\/cobra-lime-coins-ongles-droite-excavateur-boule-145-cm-ref-8875-41\/"]}]},{"@type":"ImageObject","inLanguage":"fr-FR","@id":"https:\/\/districos.standingout.be\/fr\/product\/cobra-lime-coins-ongles-droite-excavateur-boule-145-cm-ref-8875-41\/#primaryimage","url":"https:\/\/districos.standingout.be\/wp-content\/uploads\/2026\/04\/8875.41@Cobra-Nagelhoekvijl-Inox-Recht-en-Excavator-Bolletje-145cm_1.png","contentUrl":"https:\/\/districos.standingout.be\/wp-content\/uploads\/2026\/04\/8875.41@Cobra-Nagelhoekvijl-Inox-Recht-en-Excavator-Bolletje-145cm_1.png","width":600,"height":600},{"@type":"BreadcrumbList","@id":"https:\/\/districos.standingout.be\/fr\/product\/cobra-lime-coins-ongles-droite-excavateur-boule-145-cm-ref-8875-41\/#breadcrumb","itemListElement":[{"@type":"ListItem","position":1,"name":"Home","item":"https:\/\/districos.standingout.be\/fr\/bienvenue-chez-districos\/"},{"@type":"ListItem","position":2,"name":"Boutique","item":"https:\/\/districos.standingout.be\/fr\/boutique\/"},{"@type":"ListItem","position":3,"name":"Cobra Lime Coins Ongles Droite + Excavateur Boule 14,5 cm"}]},{"@type":"WebSite","@id":"https:\/\/districos.standingout.be\/fr\/#website","url":"https:\/\/districos.standingout.be\/fr\/","name":"Districos Webshop","description":"","publisher":{"@id":"https:\/\/districos.standingout.be\/fr\/#organization"},"potentialAction":[{"@type":"SearchAction","target":{"@type":"EntryPoint","urlTemplate":"https:\/\/districos.standingout.be\/fr\/?s={search_term_string}"},"query-input":{"@type":"PropertyValueSpecification","valueRequired":true,"valueName":"search_term_string"}}],"inLanguage":"fr-FR"},{"@type":"Organization","@id":"https:\/\/districos.standingout.be\/fr\/#organization","name":"Districos Webshop","url":"https:\/\/districos.standingout.be\/fr\/","logo":{"@type":"ImageObject","inLanguage":"fr-FR","@id":"https:\/\/districos.standingout.be\/fr\/#\/schema\/logo\/image\/","url":"https:\/\/districos.standingout.be\/wp-content\/uploads\/2022\/09\/Districos_Logo_Webshop.svg","contentUrl":"https:\/\/districos.standingout.be\/wp-content\/uploads\/2022\/09\/Districos_Logo_Webshop.svg","caption":"Districos Webshop"},"image":{"@id":"https:\/\/districos.standingout.be\/fr\/#\/schema\/logo\/image\/"}}]}},"_links":{"self":[{"href":"https:\/\/districos.standingout.be\/fr\/wp-json\/wp\/v2\/product\/142185","targetHints":{"allow":["GET"]}}],"collection":[{"href":"https:\/\/districos.standingout.be\/fr\/wp-json\/wp\/v2\/product"}],"about":[{"href":"https:\/\/districos.standingout.be\/fr\/wp-json\/wp\/v2\/types\/product"}],"replies":[{"embeddable":true,"href":"https:\/\/districos.standingout.be\/fr\/wp-json\/wp\/v2\/comments?post=142185"}],"wp:featuredmedia":[{"embeddable":true,"href":"https:\/\/districos.standingout.be\/fr\/wp-json\/wp\/v2\/media\/148780"}],"wp:attachment":[{"href":"https:\/\/districos.standingout.be\/fr\/wp-json\/wp\/v2\/media?parent=142185"}],"wp:term":[{"taxonomy":"product_brand","embeddable":true,"href":"https:\/\/districos.standingout.be\/fr\/wp-json\/wp\/v2\/product_brand?post=142185"},{"taxonomy":"product_cat","embeddable":true,"href":"https:\/\/districos.standingout.be\/fr\/wp-json\/wp\/v2\/product_cat?post=142185"},{"taxonomy":"product_tag","embeddable":true,"href":"https:\/\/districos.standingout.be\/fr\/wp-json\/wp\/v2\/product_tag?post=142185"}],"curies":[{"name":"wp","href":"https:\/\/api.w.org\/{rel}","templated":true}]}}