{"id":142197,"date":"2026-04-28T13:33:48","date_gmt":"2026-04-28T11:33:48","guid":{"rendered":"https:\/\/webshopdistricoscom.webhosting.be\/product\/pince-cobra-a-bec-plat-et-pointu-10-cm-ref-8875-65\/"},"modified":"2026-04-28T13:33:51","modified_gmt":"2026-04-28T11:33:51","slug":"pince-cobra-a-bec-plat-et-pointu-10-cm-ref-8875-65","status":"publish","type":"product","link":"https:\/\/districos.standingout.be\/fr\/product\/pince-cobra-a-bec-plat-et-pointu-10-cm-ref-8875-65\/","title":{"rendered":"Pince Cobra \u00e0 Bec Plat et Pointu 10 cm"},"content":{"rendered":"<p >\n<\/p>\n<\/p>\n<\/p>\n<\/p>\n<p dir=\"ltr\"><b>Id\u00e9al pour \u00e9liminer les ongles incarn\u00e9s<\/b><\/p>\n<p dir=\"ltr\">Gr\u00e2ce \u00e0 son bec droit et fin, cette pince convient parfaitement pour enlever les ongles incarn\u00e9s.<\/p>\n<p dir=\"ltr\"><b>Caract\u00e9ristiques<\/b><\/p>\n<ul>\n<li> Pince : 10 cm<\/li>\n<li>Bec : 14 mm<\/li>\n<li>Marque : Cobra Steel <\/li>\n<\/ul>\n<div><b>Cobra Steel<\/b><\/div>\n<div>Les instruments ergonomiques et agr\u00e9ables d&#8217;emploi de Cobra Steel, con\u00e7us pour les professionnel(le)s, sont tr\u00e8s maniables et fabriqu\u00e9s en acier inoxydable (420\/J2) d&rsquo;une grande durabilit\u00e9 et d&rsquo;une grande r\u00e9sistance \u00e0 la corrosion, de sorte qu&rsquo;ils sont tr\u00e8s faciles d&rsquo;entretien. St\u00e9rilisables \u00e0 180\u00b0C.<\/div>\n<div><b>\u00c9galement disponible<\/b><\/div>\n<\/p>\n<ul type=\"disc\">\n<li><span>Pince Cobra \u00e0 Bec Plat et Pointu de 11 cm&nbsp;(r\u00e9f.&nbsp;<a href=\"https:\/\/webshop.districos.com\/search?SearchText=8875.66\"style=\"\" target=\"_blank\" rel=\"noopener noreferrer nofollow\">8875.66<\/a>)<o:p><\/o:p><\/span><\/li>\n<li><span>Cobra Pince pour Ongles Incarn\u00e9s 13 cm\/20 mm (r\u00e9f.&nbsp;<a href=\"https:\/\/webshop.districos.com\/search?SearchText=8875.6\" target=\"_blank\" rel=\"noopener noreferrer nofollow\"> 8875.6<\/a>)<o:p><\/o:p><\/span><\/li>\n<li><span>Cobra Pince pour Ongles Incarn\u00e9s Fine 11 cm\/14 mm&nbsp;(r\u00e9f.&nbsp;<a href=\"https:\/\/webshop.districos.com\/search?SearchText=8875.62\" target=\"_blank\" rel=\"noopener noreferrer nofollow\">8875.62<\/a>)<o:p><\/o:p><\/span><\/li>\n<li><span>Cobra Pince pour Ongles Incarn\u00e9s Extra Fine 10,5 cm\/12 mm&nbsp;(r\u00e9f.&nbsp;<a href=\"https:\/\/webshop.districos.com\/search?SearchText=8875.63\" target=\"_blank\" rel=\"noopener noreferrer nofollow\">8875.63<\/a>)<o:p><\/o:p><\/span><\/li>\n<li><span>Cobra Pince pour Ongles Incarn\u00e9s Extra Fine 11 cm\/14mm&nbsp;(r\u00e9f.&nbsp;<a href=\"https:\/\/webshop.districos.com\/search?SearchText=8875.64\"style=\"\" target=\"_blank\" rel=\"noopener noreferrer nofollow\">8875.64<\/a>)<b><o:p><\/o:p><\/b><\/span><\/li>\n<\/ul>\n<p dir=\"ltr\">\n<div> <span><br clear=\"all\"> <\/span> <\/p>\n<p><span> &nbsp;<\/span><\/p>\n<\/div>\n<p dir=\"ltr\"> <\/p><\/p>\n","protected":false},"excerpt":{"rendered":"<p>Id\u00e9al pour \u00e9liminer les ongles incarn\u00e9s Gr\u00e2ce \u00e0 son bec droit et fin, cette pince convient parfaitement pour enlever les ongles incarn\u00e9s. Caract\u00e9ristiques Pince : 10 cm Bec : 14 mm Marque : Cobra Steel Cobra Steel Les instruments ergonomiques et agr\u00e9ables d&#8217;emploi de Cobra Steel, con\u00e7us pour les professionnel(le)s, sont tr\u00e8s maniables et fabriqu\u00e9s [&hellip;]<\/p>\n","protected":false},"featured_media":84902,"comment_status":"open","ping_status":"closed","template":"","meta":{"_acf_changed":false},"product_brand":[10342],"product_cat":[10170,9944,10046,10194],"product_tag":[],"class_list":{"0":"post-142197","1":"product","2":"type-product","3":"status-publish","4":"has-post-thumbnail","6":"product_brand-cobra-steel-fr","7":"product_cat-fournitures-pour-cabinet-accessoires-accessoires-pedicure","8":"product_cat-beaute-pedicure-instruments","9":"product_cat-soins-des-pieds-podologie-instruments-pinces","10":"product_cat-fournitures-pour-cabinet-instruments-pinces","12":"first","13":"instock","14":"taxable","15":"shipping-taxable","16":"product-type-simple"},"acf":[],"yoast_head":"<!-- This site is optimized with the Yoast SEO plugin v27.3 - https:\/\/yoast.com\/product\/yoast-seo-wordpress\/ -->\n<title>Pince Cobra \u00e0 Bec Plat et Pointu 10 cm - Districos Webshop<\/title>\n<meta name=\"robots\" content=\"noindex, follow, max-snippet:-1, max-image-preview:large, max-video-preview:-1\" \/>\n<meta property=\"og:locale\" content=\"fr_FR\" \/>\n<meta property=\"og:type\" content=\"article\" \/>\n<meta property=\"og:title\" content=\"Pince Cobra \u00e0 Bec Plat et Pointu 10 cm - Districos Webshop\" \/>\n<meta property=\"og:description\" content=\"Id\u00e9al pour \u00e9liminer les ongles incarn\u00e9s Gr\u00e2ce \u00e0 son bec droit et fin, cette pince convient parfaitement pour enlever les ongles incarn\u00e9s. Caract\u00e9ristiques Pince : 10 cm Bec : 14 mm Marque : Cobra Steel Cobra Steel Les instruments ergonomiques et agr\u00e9ables d&#8217;emploi de Cobra Steel, con\u00e7us pour les professionnel(le)s, sont tr\u00e8s maniables et fabriqu\u00e9s [&hellip;]\" \/>\n<meta property=\"og:url\" content=\"https:\/\/districos.standingout.be\/fr\/product\/pince-cobra-a-bec-plat-et-pointu-10-cm-ref-8875-65\/\" \/>\n<meta property=\"og:site_name\" content=\"Districos Webshop\" \/>\n<meta property=\"article:modified_time\" content=\"2026-04-28T11:33:51+00:00\" \/>\n<meta name=\"twitter:card\" content=\"summary_large_image\" \/>\n<meta name=\"twitter:label1\" content=\"Dur\u00e9e de lecture estim\u00e9e\" \/>\n\t<meta name=\"twitter:data1\" content=\"1 minute\" \/>\n<script type=\"application\/ld+json\" class=\"yoast-schema-graph\">{\"@context\":\"https:\\\/\\\/schema.org\",\"@graph\":[{\"@type\":\"WebPage\",\"@id\":\"https:\\\/\\\/districos.standingout.be\\\/fr\\\/product\\\/pince-cobra-a-bec-plat-et-pointu-10-cm-ref-8875-65\\\/\",\"url\":\"https:\\\/\\\/districos.standingout.be\\\/fr\\\/product\\\/pince-cobra-a-bec-plat-et-pointu-10-cm-ref-8875-65\\\/\",\"name\":\"Pince Cobra \u00e0 Bec Plat et Pointu 10 cm - Districos Webshop\",\"isPartOf\":{\"@id\":\"https:\\\/\\\/districos.standingout.be\\\/fr\\\/#website\"},\"primaryImageOfPage\":{\"@id\":\"https:\\\/\\\/districos.standingout.be\\\/fr\\\/product\\\/pince-cobra-a-bec-plat-et-pointu-10-cm-ref-8875-65\\\/#primaryimage\"},\"image\":{\"@id\":\"https:\\\/\\\/districos.standingout.be\\\/fr\\\/product\\\/pince-cobra-a-bec-plat-et-pointu-10-cm-ref-8875-65\\\/#primaryimage\"},\"thumbnailUrl\":\"https:\\\/\\\/districos.standingout.be\\\/wp-content\\\/uploads\\\/2025\\\/07\\\/8875.65@LowRes_1.png\",\"datePublished\":\"2026-04-28T11:33:48+00:00\",\"dateModified\":\"2026-04-28T11:33:51+00:00\",\"breadcrumb\":{\"@id\":\"https:\\\/\\\/districos.standingout.be\\\/fr\\\/product\\\/pince-cobra-a-bec-plat-et-pointu-10-cm-ref-8875-65\\\/#breadcrumb\"},\"inLanguage\":\"fr-FR\",\"potentialAction\":[{\"@type\":\"ReadAction\",\"target\":[\"https:\\\/\\\/districos.standingout.be\\\/fr\\\/product\\\/pince-cobra-a-bec-plat-et-pointu-10-cm-ref-8875-65\\\/\"]}]},{\"@type\":\"ImageObject\",\"inLanguage\":\"fr-FR\",\"@id\":\"https:\\\/\\\/districos.standingout.be\\\/fr\\\/product\\\/pince-cobra-a-bec-plat-et-pointu-10-cm-ref-8875-65\\\/#primaryimage\",\"url\":\"https:\\\/\\\/districos.standingout.be\\\/wp-content\\\/uploads\\\/2025\\\/07\\\/8875.65@LowRes_1.png\",\"contentUrl\":\"https:\\\/\\\/districos.standingout.be\\\/wp-content\\\/uploads\\\/2025\\\/07\\\/8875.65@LowRes_1.png\",\"width\":600,\"height\":600},{\"@type\":\"BreadcrumbList\",\"@id\":\"https:\\\/\\\/districos.standingout.be\\\/fr\\\/product\\\/pince-cobra-a-bec-plat-et-pointu-10-cm-ref-8875-65\\\/#breadcrumb\",\"itemListElement\":[{\"@type\":\"ListItem\",\"position\":1,\"name\":\"Home\",\"item\":\"https:\\\/\\\/districos.standingout.be\\\/fr\\\/bienvenue-chez-districos\\\/\"},{\"@type\":\"ListItem\",\"position\":2,\"name\":\"Boutique\",\"item\":\"https:\\\/\\\/districos.standingout.be\\\/fr\\\/boutique\\\/\"},{\"@type\":\"ListItem\",\"position\":3,\"name\":\"Pince Cobra \u00e0 Bec Plat et Pointu 10 cm\"}]},{\"@type\":\"WebSite\",\"@id\":\"https:\\\/\\\/districos.standingout.be\\\/fr\\\/#website\",\"url\":\"https:\\\/\\\/districos.standingout.be\\\/fr\\\/\",\"name\":\"Districos Webshop\",\"description\":\"\",\"publisher\":{\"@id\":\"https:\\\/\\\/districos.standingout.be\\\/fr\\\/#organization\"},\"potentialAction\":[{\"@type\":\"SearchAction\",\"target\":{\"@type\":\"EntryPoint\",\"urlTemplate\":\"https:\\\/\\\/districos.standingout.be\\\/fr\\\/?s={search_term_string}\"},\"query-input\":{\"@type\":\"PropertyValueSpecification\",\"valueRequired\":true,\"valueName\":\"search_term_string\"}}],\"inLanguage\":\"fr-FR\"},{\"@type\":\"Organization\",\"@id\":\"https:\\\/\\\/districos.standingout.be\\\/fr\\\/#organization\",\"name\":\"Districos Webshop\",\"url\":\"https:\\\/\\\/districos.standingout.be\\\/fr\\\/\",\"logo\":{\"@type\":\"ImageObject\",\"inLanguage\":\"fr-FR\",\"@id\":\"https:\\\/\\\/districos.standingout.be\\\/fr\\\/#\\\/schema\\\/logo\\\/image\\\/\",\"url\":\"https:\\\/\\\/districos.standingout.be\\\/wp-content\\\/uploads\\\/2022\\\/09\\\/Districos_Logo_Webshop.svg\",\"contentUrl\":\"https:\\\/\\\/districos.standingout.be\\\/wp-content\\\/uploads\\\/2022\\\/09\\\/Districos_Logo_Webshop.svg\",\"caption\":\"Districos Webshop\"},\"image\":{\"@id\":\"https:\\\/\\\/districos.standingout.be\\\/fr\\\/#\\\/schema\\\/logo\\\/image\\\/\"}}]}<\/script>\n<!-- \/ Yoast SEO plugin. -->","yoast_head_json":{"title":"Pince Cobra \u00e0 Bec Plat et Pointu 10 cm - Districos Webshop","robots":{"index":"noindex","follow":"follow","max-snippet":"max-snippet:-1","max-image-preview":"max-image-preview:large","max-video-preview":"max-video-preview:-1"},"og_locale":"fr_FR","og_type":"article","og_title":"Pince Cobra \u00e0 Bec Plat et Pointu 10 cm - Districos Webshop","og_description":"Id\u00e9al pour \u00e9liminer les ongles incarn\u00e9s Gr\u00e2ce \u00e0 son bec droit et fin, cette pince convient parfaitement pour enlever les ongles incarn\u00e9s. Caract\u00e9ristiques Pince : 10 cm Bec : 14 mm Marque : Cobra Steel Cobra Steel Les instruments ergonomiques et agr\u00e9ables d&#8217;emploi de Cobra Steel, con\u00e7us pour les professionnel(le)s, sont tr\u00e8s maniables et fabriqu\u00e9s [&hellip;]","og_url":"https:\/\/districos.standingout.be\/fr\/product\/pince-cobra-a-bec-plat-et-pointu-10-cm-ref-8875-65\/","og_site_name":"Districos Webshop","article_modified_time":"2026-04-28T11:33:51+00:00","twitter_card":"summary_large_image","twitter_misc":{"Dur\u00e9e de lecture estim\u00e9e":"1 minute"},"schema":{"@context":"https:\/\/schema.org","@graph":[{"@type":"WebPage","@id":"https:\/\/districos.standingout.be\/fr\/product\/pince-cobra-a-bec-plat-et-pointu-10-cm-ref-8875-65\/","url":"https:\/\/districos.standingout.be\/fr\/product\/pince-cobra-a-bec-plat-et-pointu-10-cm-ref-8875-65\/","name":"Pince Cobra \u00e0 Bec Plat et Pointu 10 cm - Districos Webshop","isPartOf":{"@id":"https:\/\/districos.standingout.be\/fr\/#website"},"primaryImageOfPage":{"@id":"https:\/\/districos.standingout.be\/fr\/product\/pince-cobra-a-bec-plat-et-pointu-10-cm-ref-8875-65\/#primaryimage"},"image":{"@id":"https:\/\/districos.standingout.be\/fr\/product\/pince-cobra-a-bec-plat-et-pointu-10-cm-ref-8875-65\/#primaryimage"},"thumbnailUrl":"https:\/\/districos.standingout.be\/wp-content\/uploads\/2025\/07\/8875.65@LowRes_1.png","datePublished":"2026-04-28T11:33:48+00:00","dateModified":"2026-04-28T11:33:51+00:00","breadcrumb":{"@id":"https:\/\/districos.standingout.be\/fr\/product\/pince-cobra-a-bec-plat-et-pointu-10-cm-ref-8875-65\/#breadcrumb"},"inLanguage":"fr-FR","potentialAction":[{"@type":"ReadAction","target":["https:\/\/districos.standingout.be\/fr\/product\/pince-cobra-a-bec-plat-et-pointu-10-cm-ref-8875-65\/"]}]},{"@type":"ImageObject","inLanguage":"fr-FR","@id":"https:\/\/districos.standingout.be\/fr\/product\/pince-cobra-a-bec-plat-et-pointu-10-cm-ref-8875-65\/#primaryimage","url":"https:\/\/districos.standingout.be\/wp-content\/uploads\/2025\/07\/8875.65@LowRes_1.png","contentUrl":"https:\/\/districos.standingout.be\/wp-content\/uploads\/2025\/07\/8875.65@LowRes_1.png","width":600,"height":600},{"@type":"BreadcrumbList","@id":"https:\/\/districos.standingout.be\/fr\/product\/pince-cobra-a-bec-plat-et-pointu-10-cm-ref-8875-65\/#breadcrumb","itemListElement":[{"@type":"ListItem","position":1,"name":"Home","item":"https:\/\/districos.standingout.be\/fr\/bienvenue-chez-districos\/"},{"@type":"ListItem","position":2,"name":"Boutique","item":"https:\/\/districos.standingout.be\/fr\/boutique\/"},{"@type":"ListItem","position":3,"name":"Pince Cobra \u00e0 Bec Plat et Pointu 10 cm"}]},{"@type":"WebSite","@id":"https:\/\/districos.standingout.be\/fr\/#website","url":"https:\/\/districos.standingout.be\/fr\/","name":"Districos Webshop","description":"","publisher":{"@id":"https:\/\/districos.standingout.be\/fr\/#organization"},"potentialAction":[{"@type":"SearchAction","target":{"@type":"EntryPoint","urlTemplate":"https:\/\/districos.standingout.be\/fr\/?s={search_term_string}"},"query-input":{"@type":"PropertyValueSpecification","valueRequired":true,"valueName":"search_term_string"}}],"inLanguage":"fr-FR"},{"@type":"Organization","@id":"https:\/\/districos.standingout.be\/fr\/#organization","name":"Districos Webshop","url":"https:\/\/districos.standingout.be\/fr\/","logo":{"@type":"ImageObject","inLanguage":"fr-FR","@id":"https:\/\/districos.standingout.be\/fr\/#\/schema\/logo\/image\/","url":"https:\/\/districos.standingout.be\/wp-content\/uploads\/2022\/09\/Districos_Logo_Webshop.svg","contentUrl":"https:\/\/districos.standingout.be\/wp-content\/uploads\/2022\/09\/Districos_Logo_Webshop.svg","caption":"Districos Webshop"},"image":{"@id":"https:\/\/districos.standingout.be\/fr\/#\/schema\/logo\/image\/"}}]}},"_links":{"self":[{"href":"https:\/\/districos.standingout.be\/fr\/wp-json\/wp\/v2\/product\/142197","targetHints":{"allow":["GET"]}}],"collection":[{"href":"https:\/\/districos.standingout.be\/fr\/wp-json\/wp\/v2\/product"}],"about":[{"href":"https:\/\/districos.standingout.be\/fr\/wp-json\/wp\/v2\/types\/product"}],"replies":[{"embeddable":true,"href":"https:\/\/districos.standingout.be\/fr\/wp-json\/wp\/v2\/comments?post=142197"}],"wp:featuredmedia":[{"embeddable":true,"href":"https:\/\/districos.standingout.be\/fr\/wp-json\/wp\/v2\/media\/84902"}],"wp:attachment":[{"href":"https:\/\/districos.standingout.be\/fr\/wp-json\/wp\/v2\/media?parent=142197"}],"wp:term":[{"taxonomy":"product_brand","embeddable":true,"href":"https:\/\/districos.standingout.be\/fr\/wp-json\/wp\/v2\/product_brand?post=142197"},{"taxonomy":"product_cat","embeddable":true,"href":"https:\/\/districos.standingout.be\/fr\/wp-json\/wp\/v2\/product_cat?post=142197"},{"taxonomy":"product_tag","embeddable":true,"href":"https:\/\/districos.standingout.be\/fr\/wp-json\/wp\/v2\/product_tag?post=142197"}],"curies":[{"name":"wp","href":"https:\/\/api.w.org\/{rel}","templated":true}]}}