{"id":142209,"date":"2026-04-28T13:34:10","date_gmt":"2026-04-28T11:34:10","guid":{"rendered":"https:\/\/webshopdistricoscom.webhosting.be\/product\/cobra-pince-pour-cotons-droite-145-cm-bec-nervure-ref-8875-93\/"},"modified":"2026-04-28T13:34:14","modified_gmt":"2026-04-28T11:34:14","slug":"cobra-pince-pour-cotons-droite-145-cm-bec-nervure-ref-8875-93","status":"publish","type":"product","link":"https:\/\/districos.standingout.be\/fr\/product\/cobra-pince-pour-cotons-droite-145-cm-bec-nervure-ref-8875-93\/","title":{"rendered":"Cobra Pince pour Cotons Droite 14,5 cm Bec Nervur\u00e9"},"content":{"rendered":"<p >\n<\/p>\n<p><b>Pince droite<\/b> pratique pour imbiber du coton dans un liquide. Choix entre une pince \u00e0 coton avec <b>bec rainur\u00e9<\/b>. Gr\u00e2ce \u00e0 ce bec, le coton ne peut pas glisser.<\/p>\n<p><\/p>\n<\/p>\n<p><span>\u2705&nbsp;<\/span><span>Longueur : 14,5 cm<\/span><\/p>\n<\/p>\n<div>\u2705 Marque : <b>Cobra Steel<\/b><\/div>\n","protected":false},"excerpt":{"rendered":"<p>Pince droite pratique pour imbiber du coton dans un liquide. Choix entre une pince \u00e0 coton avec bec rainur\u00e9. Gr\u00e2ce \u00e0 ce bec, le coton ne peut pas glisser. \u2705&nbsp;Longueur : 14,5 cm \u2705 Marque : Cobra Steel<\/p>\n","protected":false},"featured_media":148782,"comment_status":"open","ping_status":"closed","template":"","meta":{"_acf_changed":false},"product_brand":[10342],"product_cat":[10170,9944,9920],"product_tag":[],"class_list":{"0":"post-142209","1":"product","2":"type-product","3":"status-publish","4":"has-post-thumbnail","6":"product_brand-cobra-steel-fr","7":"product_cat-fournitures-pour-cabinet-accessoires-accessoires-pedicure","8":"product_cat-beaute-pedicure-instruments","9":"product_cat-beaute-epilation-pinces-a-epiler","11":"first","12":"instock","13":"taxable","14":"shipping-taxable","15":"product-type-simple"},"acf":[],"yoast_head":"<!-- This site is optimized with the Yoast SEO plugin v27.3 - https:\/\/yoast.com\/product\/yoast-seo-wordpress\/ -->\n<title>Cobra Pince pour Cotons Droite 14,5 cm Bec Nervur\u00e9 - Districos Webshop<\/title>\n<meta name=\"robots\" content=\"noindex, follow, max-snippet:-1, max-image-preview:large, max-video-preview:-1\" \/>\n<meta property=\"og:locale\" content=\"fr_FR\" \/>\n<meta property=\"og:type\" content=\"article\" \/>\n<meta property=\"og:title\" content=\"Cobra Pince pour Cotons Droite 14,5 cm Bec Nervur\u00e9 - Districos Webshop\" \/>\n<meta property=\"og:description\" content=\"Pince droite pratique pour imbiber du coton dans un liquide. Choix entre une pince \u00e0 coton avec bec rainur\u00e9. Gr\u00e2ce \u00e0 ce bec, le coton ne peut pas glisser. \u2705&nbsp;Longueur : 14,5 cm \u2705 Marque : Cobra Steel\" \/>\n<meta property=\"og:url\" content=\"https:\/\/districos.standingout.be\/fr\/product\/cobra-pince-pour-cotons-droite-145-cm-bec-nervure-ref-8875-93\/\" \/>\n<meta property=\"og:site_name\" content=\"Districos Webshop\" \/>\n<meta property=\"article:modified_time\" content=\"2026-04-28T11:34:14+00:00\" \/>\n<meta name=\"twitter:card\" content=\"summary_large_image\" \/>\n<script type=\"application\/ld+json\" class=\"yoast-schema-graph\">{\"@context\":\"https:\\\/\\\/schema.org\",\"@graph\":[{\"@type\":\"WebPage\",\"@id\":\"https:\\\/\\\/districos.standingout.be\\\/fr\\\/product\\\/cobra-pince-pour-cotons-droite-145-cm-bec-nervure-ref-8875-93\\\/\",\"url\":\"https:\\\/\\\/districos.standingout.be\\\/fr\\\/product\\\/cobra-pince-pour-cotons-droite-145-cm-bec-nervure-ref-8875-93\\\/\",\"name\":\"Cobra Pince pour Cotons Droite 14,5 cm Bec Nervur\u00e9 - Districos Webshop\",\"isPartOf\":{\"@id\":\"https:\\\/\\\/districos.standingout.be\\\/fr\\\/#website\"},\"primaryImageOfPage\":{\"@id\":\"https:\\\/\\\/districos.standingout.be\\\/fr\\\/product\\\/cobra-pince-pour-cotons-droite-145-cm-bec-nervure-ref-8875-93\\\/#primaryimage\"},\"image\":{\"@id\":\"https:\\\/\\\/districos.standingout.be\\\/fr\\\/product\\\/cobra-pince-pour-cotons-droite-145-cm-bec-nervure-ref-8875-93\\\/#primaryimage\"},\"thumbnailUrl\":\"https:\\\/\\\/districos.standingout.be\\\/wp-content\\\/uploads\\\/2026\\\/04\\\/8875.93@Wattenpincet-Recht-145-cm_1.png\",\"datePublished\":\"2026-04-28T11:34:10+00:00\",\"dateModified\":\"2026-04-28T11:34:14+00:00\",\"breadcrumb\":{\"@id\":\"https:\\\/\\\/districos.standingout.be\\\/fr\\\/product\\\/cobra-pince-pour-cotons-droite-145-cm-bec-nervure-ref-8875-93\\\/#breadcrumb\"},\"inLanguage\":\"fr-FR\",\"potentialAction\":[{\"@type\":\"ReadAction\",\"target\":[\"https:\\\/\\\/districos.standingout.be\\\/fr\\\/product\\\/cobra-pince-pour-cotons-droite-145-cm-bec-nervure-ref-8875-93\\\/\"]}]},{\"@type\":\"ImageObject\",\"inLanguage\":\"fr-FR\",\"@id\":\"https:\\\/\\\/districos.standingout.be\\\/fr\\\/product\\\/cobra-pince-pour-cotons-droite-145-cm-bec-nervure-ref-8875-93\\\/#primaryimage\",\"url\":\"https:\\\/\\\/districos.standingout.be\\\/wp-content\\\/uploads\\\/2026\\\/04\\\/8875.93@Wattenpincet-Recht-145-cm_1.png\",\"contentUrl\":\"https:\\\/\\\/districos.standingout.be\\\/wp-content\\\/uploads\\\/2026\\\/04\\\/8875.93@Wattenpincet-Recht-145-cm_1.png\",\"width\":600,\"height\":600},{\"@type\":\"BreadcrumbList\",\"@id\":\"https:\\\/\\\/districos.standingout.be\\\/fr\\\/product\\\/cobra-pince-pour-cotons-droite-145-cm-bec-nervure-ref-8875-93\\\/#breadcrumb\",\"itemListElement\":[{\"@type\":\"ListItem\",\"position\":1,\"name\":\"Home\",\"item\":\"https:\\\/\\\/districos.standingout.be\\\/fr\\\/bienvenue-chez-districos\\\/\"},{\"@type\":\"ListItem\",\"position\":2,\"name\":\"Boutique\",\"item\":\"https:\\\/\\\/districos.standingout.be\\\/fr\\\/boutique\\\/\"},{\"@type\":\"ListItem\",\"position\":3,\"name\":\"Cobra Pince pour Cotons Droite 14,5 cm Bec Nervur\u00e9\"}]},{\"@type\":\"WebSite\",\"@id\":\"https:\\\/\\\/districos.standingout.be\\\/fr\\\/#website\",\"url\":\"https:\\\/\\\/districos.standingout.be\\\/fr\\\/\",\"name\":\"Districos Webshop\",\"description\":\"\",\"publisher\":{\"@id\":\"https:\\\/\\\/districos.standingout.be\\\/fr\\\/#organization\"},\"potentialAction\":[{\"@type\":\"SearchAction\",\"target\":{\"@type\":\"EntryPoint\",\"urlTemplate\":\"https:\\\/\\\/districos.standingout.be\\\/fr\\\/?s={search_term_string}\"},\"query-input\":{\"@type\":\"PropertyValueSpecification\",\"valueRequired\":true,\"valueName\":\"search_term_string\"}}],\"inLanguage\":\"fr-FR\"},{\"@type\":\"Organization\",\"@id\":\"https:\\\/\\\/districos.standingout.be\\\/fr\\\/#organization\",\"name\":\"Districos Webshop\",\"url\":\"https:\\\/\\\/districos.standingout.be\\\/fr\\\/\",\"logo\":{\"@type\":\"ImageObject\",\"inLanguage\":\"fr-FR\",\"@id\":\"https:\\\/\\\/districos.standingout.be\\\/fr\\\/#\\\/schema\\\/logo\\\/image\\\/\",\"url\":\"https:\\\/\\\/districos.standingout.be\\\/wp-content\\\/uploads\\\/2022\\\/09\\\/Districos_Logo_Webshop.svg\",\"contentUrl\":\"https:\\\/\\\/districos.standingout.be\\\/wp-content\\\/uploads\\\/2022\\\/09\\\/Districos_Logo_Webshop.svg\",\"caption\":\"Districos Webshop\"},\"image\":{\"@id\":\"https:\\\/\\\/districos.standingout.be\\\/fr\\\/#\\\/schema\\\/logo\\\/image\\\/\"}}]}<\/script>\n<!-- \/ Yoast SEO plugin. -->","yoast_head_json":{"title":"Cobra Pince pour Cotons Droite 14,5 cm Bec Nervur\u00e9 - Districos Webshop","robots":{"index":"noindex","follow":"follow","max-snippet":"max-snippet:-1","max-image-preview":"max-image-preview:large","max-video-preview":"max-video-preview:-1"},"og_locale":"fr_FR","og_type":"article","og_title":"Cobra Pince pour Cotons Droite 14,5 cm Bec Nervur\u00e9 - Districos Webshop","og_description":"Pince droite pratique pour imbiber du coton dans un liquide. Choix entre une pince \u00e0 coton avec bec rainur\u00e9. Gr\u00e2ce \u00e0 ce bec, le coton ne peut pas glisser. \u2705&nbsp;Longueur : 14,5 cm \u2705 Marque : Cobra Steel","og_url":"https:\/\/districos.standingout.be\/fr\/product\/cobra-pince-pour-cotons-droite-145-cm-bec-nervure-ref-8875-93\/","og_site_name":"Districos Webshop","article_modified_time":"2026-04-28T11:34:14+00:00","twitter_card":"summary_large_image","schema":{"@context":"https:\/\/schema.org","@graph":[{"@type":"WebPage","@id":"https:\/\/districos.standingout.be\/fr\/product\/cobra-pince-pour-cotons-droite-145-cm-bec-nervure-ref-8875-93\/","url":"https:\/\/districos.standingout.be\/fr\/product\/cobra-pince-pour-cotons-droite-145-cm-bec-nervure-ref-8875-93\/","name":"Cobra Pince pour Cotons Droite 14,5 cm Bec Nervur\u00e9 - Districos Webshop","isPartOf":{"@id":"https:\/\/districos.standingout.be\/fr\/#website"},"primaryImageOfPage":{"@id":"https:\/\/districos.standingout.be\/fr\/product\/cobra-pince-pour-cotons-droite-145-cm-bec-nervure-ref-8875-93\/#primaryimage"},"image":{"@id":"https:\/\/districos.standingout.be\/fr\/product\/cobra-pince-pour-cotons-droite-145-cm-bec-nervure-ref-8875-93\/#primaryimage"},"thumbnailUrl":"https:\/\/districos.standingout.be\/wp-content\/uploads\/2026\/04\/8875.93@Wattenpincet-Recht-145-cm_1.png","datePublished":"2026-04-28T11:34:10+00:00","dateModified":"2026-04-28T11:34:14+00:00","breadcrumb":{"@id":"https:\/\/districos.standingout.be\/fr\/product\/cobra-pince-pour-cotons-droite-145-cm-bec-nervure-ref-8875-93\/#breadcrumb"},"inLanguage":"fr-FR","potentialAction":[{"@type":"ReadAction","target":["https:\/\/districos.standingout.be\/fr\/product\/cobra-pince-pour-cotons-droite-145-cm-bec-nervure-ref-8875-93\/"]}]},{"@type":"ImageObject","inLanguage":"fr-FR","@id":"https:\/\/districos.standingout.be\/fr\/product\/cobra-pince-pour-cotons-droite-145-cm-bec-nervure-ref-8875-93\/#primaryimage","url":"https:\/\/districos.standingout.be\/wp-content\/uploads\/2026\/04\/8875.93@Wattenpincet-Recht-145-cm_1.png","contentUrl":"https:\/\/districos.standingout.be\/wp-content\/uploads\/2026\/04\/8875.93@Wattenpincet-Recht-145-cm_1.png","width":600,"height":600},{"@type":"BreadcrumbList","@id":"https:\/\/districos.standingout.be\/fr\/product\/cobra-pince-pour-cotons-droite-145-cm-bec-nervure-ref-8875-93\/#breadcrumb","itemListElement":[{"@type":"ListItem","position":1,"name":"Home","item":"https:\/\/districos.standingout.be\/fr\/bienvenue-chez-districos\/"},{"@type":"ListItem","position":2,"name":"Boutique","item":"https:\/\/districos.standingout.be\/fr\/boutique\/"},{"@type":"ListItem","position":3,"name":"Cobra Pince pour Cotons Droite 14,5 cm Bec Nervur\u00e9"}]},{"@type":"WebSite","@id":"https:\/\/districos.standingout.be\/fr\/#website","url":"https:\/\/districos.standingout.be\/fr\/","name":"Districos Webshop","description":"","publisher":{"@id":"https:\/\/districos.standingout.be\/fr\/#organization"},"potentialAction":[{"@type":"SearchAction","target":{"@type":"EntryPoint","urlTemplate":"https:\/\/districos.standingout.be\/fr\/?s={search_term_string}"},"query-input":{"@type":"PropertyValueSpecification","valueRequired":true,"valueName":"search_term_string"}}],"inLanguage":"fr-FR"},{"@type":"Organization","@id":"https:\/\/districos.standingout.be\/fr\/#organization","name":"Districos Webshop","url":"https:\/\/districos.standingout.be\/fr\/","logo":{"@type":"ImageObject","inLanguage":"fr-FR","@id":"https:\/\/districos.standingout.be\/fr\/#\/schema\/logo\/image\/","url":"https:\/\/districos.standingout.be\/wp-content\/uploads\/2022\/09\/Districos_Logo_Webshop.svg","contentUrl":"https:\/\/districos.standingout.be\/wp-content\/uploads\/2022\/09\/Districos_Logo_Webshop.svg","caption":"Districos Webshop"},"image":{"@id":"https:\/\/districos.standingout.be\/fr\/#\/schema\/logo\/image\/"}}]}},"_links":{"self":[{"href":"https:\/\/districos.standingout.be\/fr\/wp-json\/wp\/v2\/product\/142209","targetHints":{"allow":["GET"]}}],"collection":[{"href":"https:\/\/districos.standingout.be\/fr\/wp-json\/wp\/v2\/product"}],"about":[{"href":"https:\/\/districos.standingout.be\/fr\/wp-json\/wp\/v2\/types\/product"}],"replies":[{"embeddable":true,"href":"https:\/\/districos.standingout.be\/fr\/wp-json\/wp\/v2\/comments?post=142209"}],"wp:featuredmedia":[{"embeddable":true,"href":"https:\/\/districos.standingout.be\/fr\/wp-json\/wp\/v2\/media\/148782"}],"wp:attachment":[{"href":"https:\/\/districos.standingout.be\/fr\/wp-json\/wp\/v2\/media?parent=142209"}],"wp:term":[{"taxonomy":"product_brand","embeddable":true,"href":"https:\/\/districos.standingout.be\/fr\/wp-json\/wp\/v2\/product_brand?post=142209"},{"taxonomy":"product_cat","embeddable":true,"href":"https:\/\/districos.standingout.be\/fr\/wp-json\/wp\/v2\/product_cat?post=142209"},{"taxonomy":"product_tag","embeddable":true,"href":"https:\/\/districos.standingout.be\/fr\/wp-json\/wp\/v2\/product_tag?post=142209"}],"curies":[{"name":"wp","href":"https:\/\/api.w.org\/{rel}","templated":true}]}}