{"id":142213,"date":"2026-04-28T13:34:19","date_gmt":"2026-04-28T11:34:19","guid":{"rendered":"https:\/\/webshopdistricoscom.webhosting.be\/product\/cobra-pince-pour-cotons-droite-16-cm-bec-dentele-avec-croch-ref-8875-95\/"},"modified":"2026-04-28T13:34:23","modified_gmt":"2026-04-28T11:34:23","slug":"cobra-pince-pour-cotons-droite-16-cm-bec-dentele-avec-croch-ref-8875-95","status":"publish","type":"product","link":"https:\/\/districos.standingout.be\/fr\/product\/cobra-pince-pour-cotons-droite-16-cm-bec-dentele-avec-croch-ref-8875-95\/","title":{"rendered":"Cobra Pince pour Cotons Droite 16 cm Bec Dentel\u00e9 avec Croch"},"content":{"rendered":"<p >\n<\/p>\n<\/p>\n<p><b>Pince droite<\/b> pratique pour imbiber du coton dans un liquide. Choix entre une pince \u00e0 coton avec<b> bec dentel\u00e9<\/b>. Le bec dentel\u00e9 emp\u00eache le coton de glisser.<\/p>\n<p><\/p>\n<p><span>\u2705&nbsp;<\/span><span>Longueur de la pince : 16 cm<\/span><br \/><span>\u2705&nbsp;<\/span><span>Marque : <\/span><b>Cobra Steel<\/b> <\/p><\/p>\n","protected":false},"excerpt":{"rendered":"<p>Pince droite pratique pour imbiber du coton dans un liquide. Choix entre une pince \u00e0 coton avec bec dentel\u00e9. Le bec dentel\u00e9 emp\u00eache le coton de glisser. \u2705&nbsp;Longueur de la pince : 16 cm\u2705&nbsp;Marque : Cobra Steel<\/p>\n","protected":false},"featured_media":113552,"comment_status":"open","ping_status":"closed","template":"","meta":{"_acf_changed":false},"product_brand":[10342],"product_cat":[10170,9944,9920],"product_tag":[],"class_list":{"0":"post-142213","1":"product","2":"type-product","3":"status-publish","4":"has-post-thumbnail","6":"product_brand-cobra-steel-fr","7":"product_cat-fournitures-pour-cabinet-accessoires-accessoires-pedicure","8":"product_cat-beaute-pedicure-instruments","9":"product_cat-beaute-epilation-pinces-a-epiler","11":"first","12":"instock","13":"taxable","14":"shipping-taxable","15":"product-type-simple"},"acf":[],"yoast_head":"<!-- This site is optimized with the Yoast SEO plugin v27.3 - https:\/\/yoast.com\/product\/yoast-seo-wordpress\/ -->\n<title>Cobra Pince pour Cotons Droite 16 cm Bec Dentel\u00e9 avec Croch - Districos Webshop<\/title>\n<meta name=\"robots\" content=\"noindex, follow, max-snippet:-1, max-image-preview:large, max-video-preview:-1\" \/>\n<meta property=\"og:locale\" content=\"fr_FR\" \/>\n<meta property=\"og:type\" content=\"article\" \/>\n<meta property=\"og:title\" content=\"Cobra Pince pour Cotons Droite 16 cm Bec Dentel\u00e9 avec Croch - Districos Webshop\" \/>\n<meta property=\"og:description\" content=\"Pince droite pratique pour imbiber du coton dans un liquide. Choix entre une pince \u00e0 coton avec bec dentel\u00e9. Le bec dentel\u00e9 emp\u00eache le coton de glisser. \u2705&nbsp;Longueur de la pince : 16 cm\u2705&nbsp;Marque : Cobra Steel\" \/>\n<meta property=\"og:url\" content=\"https:\/\/districos.standingout.be\/fr\/product\/cobra-pince-pour-cotons-droite-16-cm-bec-dentele-avec-croch-ref-8875-95\/\" \/>\n<meta property=\"og:site_name\" content=\"Districos Webshop\" \/>\n<meta property=\"article:modified_time\" content=\"2026-04-28T11:34:23+00:00\" \/>\n<meta name=\"twitter:card\" content=\"summary_large_image\" \/>\n<script type=\"application\/ld+json\" class=\"yoast-schema-graph\">{\"@context\":\"https:\\\/\\\/schema.org\",\"@graph\":[{\"@type\":\"WebPage\",\"@id\":\"https:\\\/\\\/districos.standingout.be\\\/fr\\\/product\\\/cobra-pince-pour-cotons-droite-16-cm-bec-dentele-avec-croch-ref-8875-95\\\/\",\"url\":\"https:\\\/\\\/districos.standingout.be\\\/fr\\\/product\\\/cobra-pince-pour-cotons-droite-16-cm-bec-dentele-avec-croch-ref-8875-95\\\/\",\"name\":\"Cobra Pince pour Cotons Droite 16 cm Bec Dentel\u00e9 avec Croch - Districos Webshop\",\"isPartOf\":{\"@id\":\"https:\\\/\\\/districos.standingout.be\\\/fr\\\/#website\"},\"primaryImageOfPage\":{\"@id\":\"https:\\\/\\\/districos.standingout.be\\\/fr\\\/product\\\/cobra-pince-pour-cotons-droite-16-cm-bec-dentele-avec-croch-ref-8875-95\\\/#primaryimage\"},\"image\":{\"@id\":\"https:\\\/\\\/districos.standingout.be\\\/fr\\\/product\\\/cobra-pince-pour-cotons-droite-16-cm-bec-dentele-avec-croch-ref-8875-95\\\/#primaryimage\"},\"thumbnailUrl\":\"https:\\\/\\\/districos.standingout.be\\\/wp-content\\\/uploads\\\/2026\\\/03\\\/8875.95@LowRes_1_0.png\",\"datePublished\":\"2026-04-28T11:34:19+00:00\",\"dateModified\":\"2026-04-28T11:34:23+00:00\",\"breadcrumb\":{\"@id\":\"https:\\\/\\\/districos.standingout.be\\\/fr\\\/product\\\/cobra-pince-pour-cotons-droite-16-cm-bec-dentele-avec-croch-ref-8875-95\\\/#breadcrumb\"},\"inLanguage\":\"fr-FR\",\"potentialAction\":[{\"@type\":\"ReadAction\",\"target\":[\"https:\\\/\\\/districos.standingout.be\\\/fr\\\/product\\\/cobra-pince-pour-cotons-droite-16-cm-bec-dentele-avec-croch-ref-8875-95\\\/\"]}]},{\"@type\":\"ImageObject\",\"inLanguage\":\"fr-FR\",\"@id\":\"https:\\\/\\\/districos.standingout.be\\\/fr\\\/product\\\/cobra-pince-pour-cotons-droite-16-cm-bec-dentele-avec-croch-ref-8875-95\\\/#primaryimage\",\"url\":\"https:\\\/\\\/districos.standingout.be\\\/wp-content\\\/uploads\\\/2026\\\/03\\\/8875.95@LowRes_1_0.png\",\"contentUrl\":\"https:\\\/\\\/districos.standingout.be\\\/wp-content\\\/uploads\\\/2026\\\/03\\\/8875.95@LowRes_1_0.png\",\"width\":600,\"height\":600},{\"@type\":\"BreadcrumbList\",\"@id\":\"https:\\\/\\\/districos.standingout.be\\\/fr\\\/product\\\/cobra-pince-pour-cotons-droite-16-cm-bec-dentele-avec-croch-ref-8875-95\\\/#breadcrumb\",\"itemListElement\":[{\"@type\":\"ListItem\",\"position\":1,\"name\":\"Home\",\"item\":\"https:\\\/\\\/districos.standingout.be\\\/fr\\\/bienvenue-chez-districos\\\/\"},{\"@type\":\"ListItem\",\"position\":2,\"name\":\"Boutique\",\"item\":\"https:\\\/\\\/districos.standingout.be\\\/fr\\\/boutique\\\/\"},{\"@type\":\"ListItem\",\"position\":3,\"name\":\"Cobra Pince pour Cotons Droite 16 cm Bec Dentel\u00e9 avec Croch\"}]},{\"@type\":\"WebSite\",\"@id\":\"https:\\\/\\\/districos.standingout.be\\\/fr\\\/#website\",\"url\":\"https:\\\/\\\/districos.standingout.be\\\/fr\\\/\",\"name\":\"Districos Webshop\",\"description\":\"\",\"publisher\":{\"@id\":\"https:\\\/\\\/districos.standingout.be\\\/fr\\\/#organization\"},\"potentialAction\":[{\"@type\":\"SearchAction\",\"target\":{\"@type\":\"EntryPoint\",\"urlTemplate\":\"https:\\\/\\\/districos.standingout.be\\\/fr\\\/?s={search_term_string}\"},\"query-input\":{\"@type\":\"PropertyValueSpecification\",\"valueRequired\":true,\"valueName\":\"search_term_string\"}}],\"inLanguage\":\"fr-FR\"},{\"@type\":\"Organization\",\"@id\":\"https:\\\/\\\/districos.standingout.be\\\/fr\\\/#organization\",\"name\":\"Districos Webshop\",\"url\":\"https:\\\/\\\/districos.standingout.be\\\/fr\\\/\",\"logo\":{\"@type\":\"ImageObject\",\"inLanguage\":\"fr-FR\",\"@id\":\"https:\\\/\\\/districos.standingout.be\\\/fr\\\/#\\\/schema\\\/logo\\\/image\\\/\",\"url\":\"https:\\\/\\\/districos.standingout.be\\\/wp-content\\\/uploads\\\/2022\\\/09\\\/Districos_Logo_Webshop.svg\",\"contentUrl\":\"https:\\\/\\\/districos.standingout.be\\\/wp-content\\\/uploads\\\/2022\\\/09\\\/Districos_Logo_Webshop.svg\",\"caption\":\"Districos Webshop\"},\"image\":{\"@id\":\"https:\\\/\\\/districos.standingout.be\\\/fr\\\/#\\\/schema\\\/logo\\\/image\\\/\"}}]}<\/script>\n<!-- \/ Yoast SEO plugin. -->","yoast_head_json":{"title":"Cobra Pince pour Cotons Droite 16 cm Bec Dentel\u00e9 avec Croch - Districos Webshop","robots":{"index":"noindex","follow":"follow","max-snippet":"max-snippet:-1","max-image-preview":"max-image-preview:large","max-video-preview":"max-video-preview:-1"},"og_locale":"fr_FR","og_type":"article","og_title":"Cobra Pince pour Cotons Droite 16 cm Bec Dentel\u00e9 avec Croch - Districos Webshop","og_description":"Pince droite pratique pour imbiber du coton dans un liquide. Choix entre une pince \u00e0 coton avec bec dentel\u00e9. Le bec dentel\u00e9 emp\u00eache le coton de glisser. \u2705&nbsp;Longueur de la pince : 16 cm\u2705&nbsp;Marque : Cobra Steel","og_url":"https:\/\/districos.standingout.be\/fr\/product\/cobra-pince-pour-cotons-droite-16-cm-bec-dentele-avec-croch-ref-8875-95\/","og_site_name":"Districos Webshop","article_modified_time":"2026-04-28T11:34:23+00:00","twitter_card":"summary_large_image","schema":{"@context":"https:\/\/schema.org","@graph":[{"@type":"WebPage","@id":"https:\/\/districos.standingout.be\/fr\/product\/cobra-pince-pour-cotons-droite-16-cm-bec-dentele-avec-croch-ref-8875-95\/","url":"https:\/\/districos.standingout.be\/fr\/product\/cobra-pince-pour-cotons-droite-16-cm-bec-dentele-avec-croch-ref-8875-95\/","name":"Cobra Pince pour Cotons Droite 16 cm Bec Dentel\u00e9 avec Croch - Districos Webshop","isPartOf":{"@id":"https:\/\/districos.standingout.be\/fr\/#website"},"primaryImageOfPage":{"@id":"https:\/\/districos.standingout.be\/fr\/product\/cobra-pince-pour-cotons-droite-16-cm-bec-dentele-avec-croch-ref-8875-95\/#primaryimage"},"image":{"@id":"https:\/\/districos.standingout.be\/fr\/product\/cobra-pince-pour-cotons-droite-16-cm-bec-dentele-avec-croch-ref-8875-95\/#primaryimage"},"thumbnailUrl":"https:\/\/districos.standingout.be\/wp-content\/uploads\/2026\/03\/8875.95@LowRes_1_0.png","datePublished":"2026-04-28T11:34:19+00:00","dateModified":"2026-04-28T11:34:23+00:00","breadcrumb":{"@id":"https:\/\/districos.standingout.be\/fr\/product\/cobra-pince-pour-cotons-droite-16-cm-bec-dentele-avec-croch-ref-8875-95\/#breadcrumb"},"inLanguage":"fr-FR","potentialAction":[{"@type":"ReadAction","target":["https:\/\/districos.standingout.be\/fr\/product\/cobra-pince-pour-cotons-droite-16-cm-bec-dentele-avec-croch-ref-8875-95\/"]}]},{"@type":"ImageObject","inLanguage":"fr-FR","@id":"https:\/\/districos.standingout.be\/fr\/product\/cobra-pince-pour-cotons-droite-16-cm-bec-dentele-avec-croch-ref-8875-95\/#primaryimage","url":"https:\/\/districos.standingout.be\/wp-content\/uploads\/2026\/03\/8875.95@LowRes_1_0.png","contentUrl":"https:\/\/districos.standingout.be\/wp-content\/uploads\/2026\/03\/8875.95@LowRes_1_0.png","width":600,"height":600},{"@type":"BreadcrumbList","@id":"https:\/\/districos.standingout.be\/fr\/product\/cobra-pince-pour-cotons-droite-16-cm-bec-dentele-avec-croch-ref-8875-95\/#breadcrumb","itemListElement":[{"@type":"ListItem","position":1,"name":"Home","item":"https:\/\/districos.standingout.be\/fr\/bienvenue-chez-districos\/"},{"@type":"ListItem","position":2,"name":"Boutique","item":"https:\/\/districos.standingout.be\/fr\/boutique\/"},{"@type":"ListItem","position":3,"name":"Cobra Pince pour Cotons Droite 16 cm Bec Dentel\u00e9 avec Croch"}]},{"@type":"WebSite","@id":"https:\/\/districos.standingout.be\/fr\/#website","url":"https:\/\/districos.standingout.be\/fr\/","name":"Districos Webshop","description":"","publisher":{"@id":"https:\/\/districos.standingout.be\/fr\/#organization"},"potentialAction":[{"@type":"SearchAction","target":{"@type":"EntryPoint","urlTemplate":"https:\/\/districos.standingout.be\/fr\/?s={search_term_string}"},"query-input":{"@type":"PropertyValueSpecification","valueRequired":true,"valueName":"search_term_string"}}],"inLanguage":"fr-FR"},{"@type":"Organization","@id":"https:\/\/districos.standingout.be\/fr\/#organization","name":"Districos Webshop","url":"https:\/\/districos.standingout.be\/fr\/","logo":{"@type":"ImageObject","inLanguage":"fr-FR","@id":"https:\/\/districos.standingout.be\/fr\/#\/schema\/logo\/image\/","url":"https:\/\/districos.standingout.be\/wp-content\/uploads\/2022\/09\/Districos_Logo_Webshop.svg","contentUrl":"https:\/\/districos.standingout.be\/wp-content\/uploads\/2022\/09\/Districos_Logo_Webshop.svg","caption":"Districos Webshop"},"image":{"@id":"https:\/\/districos.standingout.be\/fr\/#\/schema\/logo\/image\/"}}]}},"_links":{"self":[{"href":"https:\/\/districos.standingout.be\/fr\/wp-json\/wp\/v2\/product\/142213","targetHints":{"allow":["GET"]}}],"collection":[{"href":"https:\/\/districos.standingout.be\/fr\/wp-json\/wp\/v2\/product"}],"about":[{"href":"https:\/\/districos.standingout.be\/fr\/wp-json\/wp\/v2\/types\/product"}],"replies":[{"embeddable":true,"href":"https:\/\/districos.standingout.be\/fr\/wp-json\/wp\/v2\/comments?post=142213"}],"wp:featuredmedia":[{"embeddable":true,"href":"https:\/\/districos.standingout.be\/fr\/wp-json\/wp\/v2\/media\/113552"}],"wp:attachment":[{"href":"https:\/\/districos.standingout.be\/fr\/wp-json\/wp\/v2\/media?parent=142213"}],"wp:term":[{"taxonomy":"product_brand","embeddable":true,"href":"https:\/\/districos.standingout.be\/fr\/wp-json\/wp\/v2\/product_brand?post=142213"},{"taxonomy":"product_cat","embeddable":true,"href":"https:\/\/districos.standingout.be\/fr\/wp-json\/wp\/v2\/product_cat?post=142213"},{"taxonomy":"product_tag","embeddable":true,"href":"https:\/\/districos.standingout.be\/fr\/wp-json\/wp\/v2\/product_tag?post=142213"}],"curies":[{"name":"wp","href":"https:\/\/api.w.org\/{rel}","templated":true}]}}