{"id":142215,"date":"2026-04-28T13:34:23","date_gmt":"2026-04-28T11:34:23","guid":{"rendered":"https:\/\/webshopdistricoscom.webhosting.be\/product\/cobra-pince-droite-115-bec-strie-avec-stabilisateur-ref-8875-96\/"},"modified":"2026-04-28T13:34:26","modified_gmt":"2026-04-28T11:34:26","slug":"cobra-pince-droite-115-bec-strie-avec-stabilisateur-ref-8875-96","status":"publish","type":"product","link":"https:\/\/districos.standingout.be\/fr\/product\/cobra-pince-droite-115-bec-strie-avec-stabilisateur-ref-8875-96\/","title":{"rendered":"Cobra Pince Droite 11,5 bec stri\u00e9 avec stabilisateur"},"content":{"rendered":"<p >\n<\/p>\n<p><b>Pince \u00e0 \u00e9piler<\/b> professionnelle avec <b>bords stri\u00e9s<\/b> pour une prise ferme et un <b>stabilisateur <\/b>pour un contr\u00f4le maximal. Id\u00e9ale pour les travaux de pr\u00e9cision dans le cadre de soins de p\u00e9dicure et de podologie.<\/p>\n<p><\/p>\n<p>\u2705 Longueur : 11,5 cm<\/p>\n<p>\u2705 Bords stri\u00e9s \u2013 prise antid\u00e9rapante<\/p>\n<p>\u2705 Avec stabilisateur pour plus de pr\u00e9cision<\/p>\n<p>\u2705 Inox \u2013 st\u00e9rilisable et durable<\/p>\n<p dir=\"ltr\">\n<p>\u2705 Marque : <b>Cobra Steel<\/b><\/p><\/p>\n","protected":false},"excerpt":{"rendered":"<p>Pince \u00e0 \u00e9piler professionnelle avec bords stri\u00e9s pour une prise ferme et un stabilisateur pour un contr\u00f4le maximal. Id\u00e9ale pour les travaux de pr\u00e9cision dans le cadre de soins de p\u00e9dicure et de podologie. \u2705 Longueur : 11,5 cm \u2705 Bords stri\u00e9s \u2013 prise antid\u00e9rapante \u2705 Avec stabilisateur pour plus de pr\u00e9cision \u2705 Inox \u2013 [&hellip;]<\/p>\n","protected":false},"featured_media":148788,"comment_status":"open","ping_status":"closed","template":"","meta":{"_acf_changed":false},"product_brand":[10342],"product_cat":[10170,9944,9920],"product_tag":[],"class_list":{"0":"post-142215","1":"product","2":"type-product","3":"status-publish","4":"has-post-thumbnail","6":"product_brand-cobra-steel-fr","7":"product_cat-fournitures-pour-cabinet-accessoires-accessoires-pedicure","8":"product_cat-beaute-pedicure-instruments","9":"product_cat-beaute-epilation-pinces-a-epiler","11":"first","12":"instock","13":"taxable","14":"shipping-taxable","15":"product-type-simple"},"acf":[],"yoast_head":"<!-- This site is optimized with the Yoast SEO plugin v27.3 - https:\/\/yoast.com\/product\/yoast-seo-wordpress\/ -->\n<title>Cobra Pince Droite 11,5 bec stri\u00e9 avec stabilisateur - Districos Webshop<\/title>\n<meta name=\"robots\" content=\"noindex, follow, max-snippet:-1, max-image-preview:large, max-video-preview:-1\" \/>\n<meta property=\"og:locale\" content=\"fr_FR\" \/>\n<meta property=\"og:type\" content=\"article\" \/>\n<meta property=\"og:title\" content=\"Cobra Pince Droite 11,5 bec stri\u00e9 avec stabilisateur - Districos Webshop\" \/>\n<meta property=\"og:description\" content=\"Pince \u00e0 \u00e9piler professionnelle avec bords stri\u00e9s pour une prise ferme et un stabilisateur pour un contr\u00f4le maximal. Id\u00e9ale pour les travaux de pr\u00e9cision dans le cadre de soins de p\u00e9dicure et de podologie. \u2705 Longueur : 11,5 cm \u2705 Bords stri\u00e9s \u2013 prise antid\u00e9rapante \u2705 Avec stabilisateur pour plus de pr\u00e9cision \u2705 Inox \u2013 [&hellip;]\" \/>\n<meta property=\"og:url\" content=\"https:\/\/districos.standingout.be\/fr\/product\/cobra-pince-droite-115-bec-strie-avec-stabilisateur-ref-8875-96\/\" \/>\n<meta property=\"og:site_name\" content=\"Districos Webshop\" \/>\n<meta property=\"article:modified_time\" content=\"2026-04-28T11:34:26+00:00\" \/>\n<meta name=\"twitter:card\" content=\"summary_large_image\" \/>\n<script type=\"application\/ld+json\" class=\"yoast-schema-graph\">{\"@context\":\"https:\\\/\\\/schema.org\",\"@graph\":[{\"@type\":\"WebPage\",\"@id\":\"https:\\\/\\\/districos.standingout.be\\\/fr\\\/product\\\/cobra-pince-droite-115-bec-strie-avec-stabilisateur-ref-8875-96\\\/\",\"url\":\"https:\\\/\\\/districos.standingout.be\\\/fr\\\/product\\\/cobra-pince-droite-115-bec-strie-avec-stabilisateur-ref-8875-96\\\/\",\"name\":\"Cobra Pince Droite 11,5 bec stri\u00e9 avec stabilisateur - Districos Webshop\",\"isPartOf\":{\"@id\":\"https:\\\/\\\/districos.standingout.be\\\/fr\\\/#website\"},\"primaryImageOfPage\":{\"@id\":\"https:\\\/\\\/districos.standingout.be\\\/fr\\\/product\\\/cobra-pince-droite-115-bec-strie-avec-stabilisateur-ref-8875-96\\\/#primaryimage\"},\"image\":{\"@id\":\"https:\\\/\\\/districos.standingout.be\\\/fr\\\/product\\\/cobra-pince-droite-115-bec-strie-avec-stabilisateur-ref-8875-96\\\/#primaryimage\"},\"thumbnailUrl\":\"https:\\\/\\\/districos.standingout.be\\\/wp-content\\\/uploads\\\/2026\\\/04\\\/8875.96@Cobra-Pincet-Recht-115-geribbelde-bek-met-stabilisator_1.png\",\"datePublished\":\"2026-04-28T11:34:23+00:00\",\"dateModified\":\"2026-04-28T11:34:26+00:00\",\"breadcrumb\":{\"@id\":\"https:\\\/\\\/districos.standingout.be\\\/fr\\\/product\\\/cobra-pince-droite-115-bec-strie-avec-stabilisateur-ref-8875-96\\\/#breadcrumb\"},\"inLanguage\":\"fr-FR\",\"potentialAction\":[{\"@type\":\"ReadAction\",\"target\":[\"https:\\\/\\\/districos.standingout.be\\\/fr\\\/product\\\/cobra-pince-droite-115-bec-strie-avec-stabilisateur-ref-8875-96\\\/\"]}]},{\"@type\":\"ImageObject\",\"inLanguage\":\"fr-FR\",\"@id\":\"https:\\\/\\\/districos.standingout.be\\\/fr\\\/product\\\/cobra-pince-droite-115-bec-strie-avec-stabilisateur-ref-8875-96\\\/#primaryimage\",\"url\":\"https:\\\/\\\/districos.standingout.be\\\/wp-content\\\/uploads\\\/2026\\\/04\\\/8875.96@Cobra-Pincet-Recht-115-geribbelde-bek-met-stabilisator_1.png\",\"contentUrl\":\"https:\\\/\\\/districos.standingout.be\\\/wp-content\\\/uploads\\\/2026\\\/04\\\/8875.96@Cobra-Pincet-Recht-115-geribbelde-bek-met-stabilisator_1.png\",\"width\":600,\"height\":600},{\"@type\":\"BreadcrumbList\",\"@id\":\"https:\\\/\\\/districos.standingout.be\\\/fr\\\/product\\\/cobra-pince-droite-115-bec-strie-avec-stabilisateur-ref-8875-96\\\/#breadcrumb\",\"itemListElement\":[{\"@type\":\"ListItem\",\"position\":1,\"name\":\"Home\",\"item\":\"https:\\\/\\\/districos.standingout.be\\\/fr\\\/bienvenue-chez-districos\\\/\"},{\"@type\":\"ListItem\",\"position\":2,\"name\":\"Boutique\",\"item\":\"https:\\\/\\\/districos.standingout.be\\\/fr\\\/boutique\\\/\"},{\"@type\":\"ListItem\",\"position\":3,\"name\":\"Cobra Pince Droite 11,5 bec stri\u00e9 avec stabilisateur\"}]},{\"@type\":\"WebSite\",\"@id\":\"https:\\\/\\\/districos.standingout.be\\\/fr\\\/#website\",\"url\":\"https:\\\/\\\/districos.standingout.be\\\/fr\\\/\",\"name\":\"Districos Webshop\",\"description\":\"\",\"publisher\":{\"@id\":\"https:\\\/\\\/districos.standingout.be\\\/fr\\\/#organization\"},\"potentialAction\":[{\"@type\":\"SearchAction\",\"target\":{\"@type\":\"EntryPoint\",\"urlTemplate\":\"https:\\\/\\\/districos.standingout.be\\\/fr\\\/?s={search_term_string}\"},\"query-input\":{\"@type\":\"PropertyValueSpecification\",\"valueRequired\":true,\"valueName\":\"search_term_string\"}}],\"inLanguage\":\"fr-FR\"},{\"@type\":\"Organization\",\"@id\":\"https:\\\/\\\/districos.standingout.be\\\/fr\\\/#organization\",\"name\":\"Districos Webshop\",\"url\":\"https:\\\/\\\/districos.standingout.be\\\/fr\\\/\",\"logo\":{\"@type\":\"ImageObject\",\"inLanguage\":\"fr-FR\",\"@id\":\"https:\\\/\\\/districos.standingout.be\\\/fr\\\/#\\\/schema\\\/logo\\\/image\\\/\",\"url\":\"https:\\\/\\\/districos.standingout.be\\\/wp-content\\\/uploads\\\/2022\\\/09\\\/Districos_Logo_Webshop.svg\",\"contentUrl\":\"https:\\\/\\\/districos.standingout.be\\\/wp-content\\\/uploads\\\/2022\\\/09\\\/Districos_Logo_Webshop.svg\",\"caption\":\"Districos Webshop\"},\"image\":{\"@id\":\"https:\\\/\\\/districos.standingout.be\\\/fr\\\/#\\\/schema\\\/logo\\\/image\\\/\"}}]}<\/script>\n<!-- \/ Yoast SEO plugin. -->","yoast_head_json":{"title":"Cobra Pince Droite 11,5 bec stri\u00e9 avec stabilisateur - Districos Webshop","robots":{"index":"noindex","follow":"follow","max-snippet":"max-snippet:-1","max-image-preview":"max-image-preview:large","max-video-preview":"max-video-preview:-1"},"og_locale":"fr_FR","og_type":"article","og_title":"Cobra Pince Droite 11,5 bec stri\u00e9 avec stabilisateur - Districos Webshop","og_description":"Pince \u00e0 \u00e9piler professionnelle avec bords stri\u00e9s pour une prise ferme et un stabilisateur pour un contr\u00f4le maximal. Id\u00e9ale pour les travaux de pr\u00e9cision dans le cadre de soins de p\u00e9dicure et de podologie. \u2705 Longueur : 11,5 cm \u2705 Bords stri\u00e9s \u2013 prise antid\u00e9rapante \u2705 Avec stabilisateur pour plus de pr\u00e9cision \u2705 Inox \u2013 [&hellip;]","og_url":"https:\/\/districos.standingout.be\/fr\/product\/cobra-pince-droite-115-bec-strie-avec-stabilisateur-ref-8875-96\/","og_site_name":"Districos Webshop","article_modified_time":"2026-04-28T11:34:26+00:00","twitter_card":"summary_large_image","schema":{"@context":"https:\/\/schema.org","@graph":[{"@type":"WebPage","@id":"https:\/\/districos.standingout.be\/fr\/product\/cobra-pince-droite-115-bec-strie-avec-stabilisateur-ref-8875-96\/","url":"https:\/\/districos.standingout.be\/fr\/product\/cobra-pince-droite-115-bec-strie-avec-stabilisateur-ref-8875-96\/","name":"Cobra Pince Droite 11,5 bec stri\u00e9 avec stabilisateur - Districos Webshop","isPartOf":{"@id":"https:\/\/districos.standingout.be\/fr\/#website"},"primaryImageOfPage":{"@id":"https:\/\/districos.standingout.be\/fr\/product\/cobra-pince-droite-115-bec-strie-avec-stabilisateur-ref-8875-96\/#primaryimage"},"image":{"@id":"https:\/\/districos.standingout.be\/fr\/product\/cobra-pince-droite-115-bec-strie-avec-stabilisateur-ref-8875-96\/#primaryimage"},"thumbnailUrl":"https:\/\/districos.standingout.be\/wp-content\/uploads\/2026\/04\/8875.96@Cobra-Pincet-Recht-115-geribbelde-bek-met-stabilisator_1.png","datePublished":"2026-04-28T11:34:23+00:00","dateModified":"2026-04-28T11:34:26+00:00","breadcrumb":{"@id":"https:\/\/districos.standingout.be\/fr\/product\/cobra-pince-droite-115-bec-strie-avec-stabilisateur-ref-8875-96\/#breadcrumb"},"inLanguage":"fr-FR","potentialAction":[{"@type":"ReadAction","target":["https:\/\/districos.standingout.be\/fr\/product\/cobra-pince-droite-115-bec-strie-avec-stabilisateur-ref-8875-96\/"]}]},{"@type":"ImageObject","inLanguage":"fr-FR","@id":"https:\/\/districos.standingout.be\/fr\/product\/cobra-pince-droite-115-bec-strie-avec-stabilisateur-ref-8875-96\/#primaryimage","url":"https:\/\/districos.standingout.be\/wp-content\/uploads\/2026\/04\/8875.96@Cobra-Pincet-Recht-115-geribbelde-bek-met-stabilisator_1.png","contentUrl":"https:\/\/districos.standingout.be\/wp-content\/uploads\/2026\/04\/8875.96@Cobra-Pincet-Recht-115-geribbelde-bek-met-stabilisator_1.png","width":600,"height":600},{"@type":"BreadcrumbList","@id":"https:\/\/districos.standingout.be\/fr\/product\/cobra-pince-droite-115-bec-strie-avec-stabilisateur-ref-8875-96\/#breadcrumb","itemListElement":[{"@type":"ListItem","position":1,"name":"Home","item":"https:\/\/districos.standingout.be\/fr\/bienvenue-chez-districos\/"},{"@type":"ListItem","position":2,"name":"Boutique","item":"https:\/\/districos.standingout.be\/fr\/boutique\/"},{"@type":"ListItem","position":3,"name":"Cobra Pince Droite 11,5 bec stri\u00e9 avec stabilisateur"}]},{"@type":"WebSite","@id":"https:\/\/districos.standingout.be\/fr\/#website","url":"https:\/\/districos.standingout.be\/fr\/","name":"Districos Webshop","description":"","publisher":{"@id":"https:\/\/districos.standingout.be\/fr\/#organization"},"potentialAction":[{"@type":"SearchAction","target":{"@type":"EntryPoint","urlTemplate":"https:\/\/districos.standingout.be\/fr\/?s={search_term_string}"},"query-input":{"@type":"PropertyValueSpecification","valueRequired":true,"valueName":"search_term_string"}}],"inLanguage":"fr-FR"},{"@type":"Organization","@id":"https:\/\/districos.standingout.be\/fr\/#organization","name":"Districos Webshop","url":"https:\/\/districos.standingout.be\/fr\/","logo":{"@type":"ImageObject","inLanguage":"fr-FR","@id":"https:\/\/districos.standingout.be\/fr\/#\/schema\/logo\/image\/","url":"https:\/\/districos.standingout.be\/wp-content\/uploads\/2022\/09\/Districos_Logo_Webshop.svg","contentUrl":"https:\/\/districos.standingout.be\/wp-content\/uploads\/2022\/09\/Districos_Logo_Webshop.svg","caption":"Districos Webshop"},"image":{"@id":"https:\/\/districos.standingout.be\/fr\/#\/schema\/logo\/image\/"}}]}},"_links":{"self":[{"href":"https:\/\/districos.standingout.be\/fr\/wp-json\/wp\/v2\/product\/142215","targetHints":{"allow":["GET"]}}],"collection":[{"href":"https:\/\/districos.standingout.be\/fr\/wp-json\/wp\/v2\/product"}],"about":[{"href":"https:\/\/districos.standingout.be\/fr\/wp-json\/wp\/v2\/types\/product"}],"replies":[{"embeddable":true,"href":"https:\/\/districos.standingout.be\/fr\/wp-json\/wp\/v2\/comments?post=142215"}],"wp:featuredmedia":[{"embeddable":true,"href":"https:\/\/districos.standingout.be\/fr\/wp-json\/wp\/v2\/media\/148788"}],"wp:attachment":[{"href":"https:\/\/districos.standingout.be\/fr\/wp-json\/wp\/v2\/media?parent=142215"}],"wp:term":[{"taxonomy":"product_brand","embeddable":true,"href":"https:\/\/districos.standingout.be\/fr\/wp-json\/wp\/v2\/product_brand?post=142215"},{"taxonomy":"product_cat","embeddable":true,"href":"https:\/\/districos.standingout.be\/fr\/wp-json\/wp\/v2\/product_cat?post=142215"},{"taxonomy":"product_tag","embeddable":true,"href":"https:\/\/districos.standingout.be\/fr\/wp-json\/wp\/v2\/product_tag?post=142215"}],"curies":[{"name":"wp","href":"https:\/\/api.w.org\/{rel}","templated":true}]}}