{"id":142231,"date":"2026-04-28T13:35:25","date_gmt":"2026-04-28T11:35:25","guid":{"rendered":"https:\/\/webshopdistricoscom.webhosting.be\/product\/tire-comedons-vissable-inox-165-cm-ref-8877-2\/"},"modified":"2026-04-28T13:35:30","modified_gmt":"2026-04-28T11:35:30","slug":"tire-comedons-vissable-inox-165-cm-ref-8877-2","status":"publish","type":"product","link":"https:\/\/districos.standingout.be\/fr\/product\/tire-comedons-vissable-inox-165-cm-ref-8877-2\/","title":{"rendered":"Tire-Com\u00e9dons Vissable Inox 16,5 cm"},"content":{"rendered":"<p >\n<p dir=\"ltr\">Tire-com\u00e9dons avec une pointe aigu\u00eb pour extraire des orgelets et une cuill\u00e8re pour les sortir. Les deux bouts peuvent \u00eatre viss\u00e9s vers l\u2019int\u00e9rieur pour les bien prot\u00e9ger.<\/p>\n<p dir=\"ltr\">\n<ul>\n<li>Fabriqu\u00e9 en inox. <\/li>\n<li><span>Diam\u00e8tre de la cuill\u00e8re : 2 mm.<\/span><\/li>\n<li><span>Longueur : 16,5 cm.<\/span><\/li>\n<li><span>Emballage : 1 pi\u00e8ce.<\/span><\/li>\n<\/ul><\/p>\n","protected":false},"excerpt":{"rendered":"<p>Tire-com\u00e9dons avec une pointe aigu\u00eb pour extraire des orgelets et une cuill\u00e8re pour les sortir. Les deux bouts peuvent \u00eatre viss\u00e9s vers l\u2019int\u00e9rieur pour les bien prot\u00e9ger. Fabriqu\u00e9 en inox. Diam\u00e8tre de la cuill\u00e8re : 2 mm. Longueur : 16,5 cm. Emballage : 1 pi\u00e8ce.<\/p>\n","protected":false},"featured_media":113579,"comment_status":"open","ping_status":"closed","template":"","meta":{"_acf_changed":false},"product_brand":[10342],"product_cat":[9864,9972,10168,9970,10616],"product_tag":[],"class_list":{"0":"post-142231","1":"product","2":"type-product","3":"status-publish","4":"has-post-thumbnail","6":"product_brand-cobra-steel-fr","7":"product_cat-beaute-visage-accessoires","8":"product_cat-beaute-materiel-pratique-accessoires","9":"product_cat-fournitures-pour-cabinet-accessoires-accessoires-visage","10":"product_cat-beaute-materiel-pratique-instruments","11":"product_cat-fournitures-pour-cabinet-instruments-visage","13":"first","14":"instock","15":"taxable","16":"shipping-taxable","17":"product-type-simple"},"acf":[],"yoast_head":"<!-- This site is optimized with the Yoast SEO plugin v27.3 - https:\/\/yoast.com\/product\/yoast-seo-wordpress\/ -->\n<title>Tire-Com\u00e9dons Vissable Inox 16,5 cm - Districos Webshop<\/title>\n<meta name=\"robots\" content=\"noindex, follow, max-snippet:-1, max-image-preview:large, max-video-preview:-1\" \/>\n<meta property=\"og:locale\" content=\"fr_FR\" \/>\n<meta property=\"og:type\" content=\"article\" \/>\n<meta property=\"og:title\" content=\"Tire-Com\u00e9dons Vissable Inox 16,5 cm - Districos Webshop\" \/>\n<meta property=\"og:description\" content=\"Tire-com\u00e9dons avec une pointe aigu\u00eb pour extraire des orgelets et une cuill\u00e8re pour les sortir. Les deux bouts peuvent \u00eatre viss\u00e9s vers l\u2019int\u00e9rieur pour les bien prot\u00e9ger. Fabriqu\u00e9 en inox. Diam\u00e8tre de la cuill\u00e8re : 2 mm. Longueur : 16,5 cm. Emballage : 1 pi\u00e8ce.\" \/>\n<meta property=\"og:url\" content=\"https:\/\/districos.standingout.be\/fr\/product\/tire-comedons-vissable-inox-165-cm-ref-8877-2\/\" \/>\n<meta property=\"og:site_name\" content=\"Districos Webshop\" \/>\n<meta property=\"article:modified_time\" content=\"2026-04-28T11:35:30+00:00\" \/>\n<meta name=\"twitter:card\" content=\"summary_large_image\" \/>\n<script type=\"application\/ld+json\" class=\"yoast-schema-graph\">{\"@context\":\"https:\\\/\\\/schema.org\",\"@graph\":[{\"@type\":\"WebPage\",\"@id\":\"https:\\\/\\\/districos.standingout.be\\\/fr\\\/product\\\/tire-comedons-vissable-inox-165-cm-ref-8877-2\\\/\",\"url\":\"https:\\\/\\\/districos.standingout.be\\\/fr\\\/product\\\/tire-comedons-vissable-inox-165-cm-ref-8877-2\\\/\",\"name\":\"Tire-Com\u00e9dons Vissable Inox 16,5 cm - Districos Webshop\",\"isPartOf\":{\"@id\":\"https:\\\/\\\/districos.standingout.be\\\/fr\\\/#website\"},\"primaryImageOfPage\":{\"@id\":\"https:\\\/\\\/districos.standingout.be\\\/fr\\\/product\\\/tire-comedons-vissable-inox-165-cm-ref-8877-2\\\/#primaryimage\"},\"image\":{\"@id\":\"https:\\\/\\\/districos.standingout.be\\\/fr\\\/product\\\/tire-comedons-vissable-inox-165-cm-ref-8877-2\\\/#primaryimage\"},\"thumbnailUrl\":\"https:\\\/\\\/districos.standingout.be\\\/wp-content\\\/uploads\\\/2026\\\/03\\\/8877.2@LowRes_1_0.png\",\"datePublished\":\"2026-04-28T11:35:25+00:00\",\"dateModified\":\"2026-04-28T11:35:30+00:00\",\"breadcrumb\":{\"@id\":\"https:\\\/\\\/districos.standingout.be\\\/fr\\\/product\\\/tire-comedons-vissable-inox-165-cm-ref-8877-2\\\/#breadcrumb\"},\"inLanguage\":\"fr-FR\",\"potentialAction\":[{\"@type\":\"ReadAction\",\"target\":[\"https:\\\/\\\/districos.standingout.be\\\/fr\\\/product\\\/tire-comedons-vissable-inox-165-cm-ref-8877-2\\\/\"]}]},{\"@type\":\"ImageObject\",\"inLanguage\":\"fr-FR\",\"@id\":\"https:\\\/\\\/districos.standingout.be\\\/fr\\\/product\\\/tire-comedons-vissable-inox-165-cm-ref-8877-2\\\/#primaryimage\",\"url\":\"https:\\\/\\\/districos.standingout.be\\\/wp-content\\\/uploads\\\/2026\\\/03\\\/8877.2@LowRes_1_0.png\",\"contentUrl\":\"https:\\\/\\\/districos.standingout.be\\\/wp-content\\\/uploads\\\/2026\\\/03\\\/8877.2@LowRes_1_0.png\",\"width\":600,\"height\":600},{\"@type\":\"BreadcrumbList\",\"@id\":\"https:\\\/\\\/districos.standingout.be\\\/fr\\\/product\\\/tire-comedons-vissable-inox-165-cm-ref-8877-2\\\/#breadcrumb\",\"itemListElement\":[{\"@type\":\"ListItem\",\"position\":1,\"name\":\"Home\",\"item\":\"https:\\\/\\\/districos.standingout.be\\\/fr\\\/bienvenue-chez-districos\\\/\"},{\"@type\":\"ListItem\",\"position\":2,\"name\":\"Boutique\",\"item\":\"https:\\\/\\\/districos.standingout.be\\\/fr\\\/boutique\\\/\"},{\"@type\":\"ListItem\",\"position\":3,\"name\":\"Tire-Com\u00e9dons Vissable Inox 16,5 cm\"}]},{\"@type\":\"WebSite\",\"@id\":\"https:\\\/\\\/districos.standingout.be\\\/fr\\\/#website\",\"url\":\"https:\\\/\\\/districos.standingout.be\\\/fr\\\/\",\"name\":\"Districos Webshop\",\"description\":\"\",\"publisher\":{\"@id\":\"https:\\\/\\\/districos.standingout.be\\\/fr\\\/#organization\"},\"potentialAction\":[{\"@type\":\"SearchAction\",\"target\":{\"@type\":\"EntryPoint\",\"urlTemplate\":\"https:\\\/\\\/districos.standingout.be\\\/fr\\\/?s={search_term_string}\"},\"query-input\":{\"@type\":\"PropertyValueSpecification\",\"valueRequired\":true,\"valueName\":\"search_term_string\"}}],\"inLanguage\":\"fr-FR\"},{\"@type\":\"Organization\",\"@id\":\"https:\\\/\\\/districos.standingout.be\\\/fr\\\/#organization\",\"name\":\"Districos Webshop\",\"url\":\"https:\\\/\\\/districos.standingout.be\\\/fr\\\/\",\"logo\":{\"@type\":\"ImageObject\",\"inLanguage\":\"fr-FR\",\"@id\":\"https:\\\/\\\/districos.standingout.be\\\/fr\\\/#\\\/schema\\\/logo\\\/image\\\/\",\"url\":\"https:\\\/\\\/districos.standingout.be\\\/wp-content\\\/uploads\\\/2022\\\/09\\\/Districos_Logo_Webshop.svg\",\"contentUrl\":\"https:\\\/\\\/districos.standingout.be\\\/wp-content\\\/uploads\\\/2022\\\/09\\\/Districos_Logo_Webshop.svg\",\"caption\":\"Districos Webshop\"},\"image\":{\"@id\":\"https:\\\/\\\/districos.standingout.be\\\/fr\\\/#\\\/schema\\\/logo\\\/image\\\/\"}}]}<\/script>\n<!-- \/ Yoast SEO plugin. -->","yoast_head_json":{"title":"Tire-Com\u00e9dons Vissable Inox 16,5 cm - Districos Webshop","robots":{"index":"noindex","follow":"follow","max-snippet":"max-snippet:-1","max-image-preview":"max-image-preview:large","max-video-preview":"max-video-preview:-1"},"og_locale":"fr_FR","og_type":"article","og_title":"Tire-Com\u00e9dons Vissable Inox 16,5 cm - Districos Webshop","og_description":"Tire-com\u00e9dons avec une pointe aigu\u00eb pour extraire des orgelets et une cuill\u00e8re pour les sortir. Les deux bouts peuvent \u00eatre viss\u00e9s vers l\u2019int\u00e9rieur pour les bien prot\u00e9ger. Fabriqu\u00e9 en inox. Diam\u00e8tre de la cuill\u00e8re : 2 mm. Longueur : 16,5 cm. Emballage : 1 pi\u00e8ce.","og_url":"https:\/\/districos.standingout.be\/fr\/product\/tire-comedons-vissable-inox-165-cm-ref-8877-2\/","og_site_name":"Districos Webshop","article_modified_time":"2026-04-28T11:35:30+00:00","twitter_card":"summary_large_image","schema":{"@context":"https:\/\/schema.org","@graph":[{"@type":"WebPage","@id":"https:\/\/districos.standingout.be\/fr\/product\/tire-comedons-vissable-inox-165-cm-ref-8877-2\/","url":"https:\/\/districos.standingout.be\/fr\/product\/tire-comedons-vissable-inox-165-cm-ref-8877-2\/","name":"Tire-Com\u00e9dons Vissable Inox 16,5 cm - Districos Webshop","isPartOf":{"@id":"https:\/\/districos.standingout.be\/fr\/#website"},"primaryImageOfPage":{"@id":"https:\/\/districos.standingout.be\/fr\/product\/tire-comedons-vissable-inox-165-cm-ref-8877-2\/#primaryimage"},"image":{"@id":"https:\/\/districos.standingout.be\/fr\/product\/tire-comedons-vissable-inox-165-cm-ref-8877-2\/#primaryimage"},"thumbnailUrl":"https:\/\/districos.standingout.be\/wp-content\/uploads\/2026\/03\/8877.2@LowRes_1_0.png","datePublished":"2026-04-28T11:35:25+00:00","dateModified":"2026-04-28T11:35:30+00:00","breadcrumb":{"@id":"https:\/\/districos.standingout.be\/fr\/product\/tire-comedons-vissable-inox-165-cm-ref-8877-2\/#breadcrumb"},"inLanguage":"fr-FR","potentialAction":[{"@type":"ReadAction","target":["https:\/\/districos.standingout.be\/fr\/product\/tire-comedons-vissable-inox-165-cm-ref-8877-2\/"]}]},{"@type":"ImageObject","inLanguage":"fr-FR","@id":"https:\/\/districos.standingout.be\/fr\/product\/tire-comedons-vissable-inox-165-cm-ref-8877-2\/#primaryimage","url":"https:\/\/districos.standingout.be\/wp-content\/uploads\/2026\/03\/8877.2@LowRes_1_0.png","contentUrl":"https:\/\/districos.standingout.be\/wp-content\/uploads\/2026\/03\/8877.2@LowRes_1_0.png","width":600,"height":600},{"@type":"BreadcrumbList","@id":"https:\/\/districos.standingout.be\/fr\/product\/tire-comedons-vissable-inox-165-cm-ref-8877-2\/#breadcrumb","itemListElement":[{"@type":"ListItem","position":1,"name":"Home","item":"https:\/\/districos.standingout.be\/fr\/bienvenue-chez-districos\/"},{"@type":"ListItem","position":2,"name":"Boutique","item":"https:\/\/districos.standingout.be\/fr\/boutique\/"},{"@type":"ListItem","position":3,"name":"Tire-Com\u00e9dons Vissable Inox 16,5 cm"}]},{"@type":"WebSite","@id":"https:\/\/districos.standingout.be\/fr\/#website","url":"https:\/\/districos.standingout.be\/fr\/","name":"Districos Webshop","description":"","publisher":{"@id":"https:\/\/districos.standingout.be\/fr\/#organization"},"potentialAction":[{"@type":"SearchAction","target":{"@type":"EntryPoint","urlTemplate":"https:\/\/districos.standingout.be\/fr\/?s={search_term_string}"},"query-input":{"@type":"PropertyValueSpecification","valueRequired":true,"valueName":"search_term_string"}}],"inLanguage":"fr-FR"},{"@type":"Organization","@id":"https:\/\/districos.standingout.be\/fr\/#organization","name":"Districos Webshop","url":"https:\/\/districos.standingout.be\/fr\/","logo":{"@type":"ImageObject","inLanguage":"fr-FR","@id":"https:\/\/districos.standingout.be\/fr\/#\/schema\/logo\/image\/","url":"https:\/\/districos.standingout.be\/wp-content\/uploads\/2022\/09\/Districos_Logo_Webshop.svg","contentUrl":"https:\/\/districos.standingout.be\/wp-content\/uploads\/2022\/09\/Districos_Logo_Webshop.svg","caption":"Districos Webshop"},"image":{"@id":"https:\/\/districos.standingout.be\/fr\/#\/schema\/logo\/image\/"}}]}},"_links":{"self":[{"href":"https:\/\/districos.standingout.be\/fr\/wp-json\/wp\/v2\/product\/142231","targetHints":{"allow":["GET"]}}],"collection":[{"href":"https:\/\/districos.standingout.be\/fr\/wp-json\/wp\/v2\/product"}],"about":[{"href":"https:\/\/districos.standingout.be\/fr\/wp-json\/wp\/v2\/types\/product"}],"replies":[{"embeddable":true,"href":"https:\/\/districos.standingout.be\/fr\/wp-json\/wp\/v2\/comments?post=142231"}],"wp:featuredmedia":[{"embeddable":true,"href":"https:\/\/districos.standingout.be\/fr\/wp-json\/wp\/v2\/media\/113579"}],"wp:attachment":[{"href":"https:\/\/districos.standingout.be\/fr\/wp-json\/wp\/v2\/media?parent=142231"}],"wp:term":[{"taxonomy":"product_brand","embeddable":true,"href":"https:\/\/districos.standingout.be\/fr\/wp-json\/wp\/v2\/product_brand?post=142231"},{"taxonomy":"product_cat","embeddable":true,"href":"https:\/\/districos.standingout.be\/fr\/wp-json\/wp\/v2\/product_cat?post=142231"},{"taxonomy":"product_tag","embeddable":true,"href":"https:\/\/districos.standingout.be\/fr\/wp-json\/wp\/v2\/product_tag?post=142231"}],"curies":[{"name":"wp","href":"https:\/\/api.w.org\/{rel}","templated":true}]}}