{"id":142239,"date":"2026-04-28T13:35:44","date_gmt":"2026-04-28T11:35:44","guid":{"rendered":"https:\/\/webshopdistricoscom.webhosting.be\/product\/aiguille-dorgelet-25g-5-8-05-x-16-mm-100-pcs-ref-8877-42\/"},"modified":"2026-04-28T13:35:47","modified_gmt":"2026-04-28T11:35:47","slug":"aiguille-dorgelet-25g-5-8-05-x-16-mm-100-pcs-ref-8877-42","status":"publish","type":"product","link":"https:\/\/districos.standingout.be\/fr\/product\/aiguille-dorgelet-25g-5-8-05-x-16-mm-100-pcs-ref-8877-42\/","title":{"rendered":"Aiguille d&rsquo;Orgelet 25G 5\/8&Prime; 0,5 x 16 mm 100 pcs."},"content":{"rendered":"<p >\n<p dir=\"ltr\">Aiguille d\u2019orgelet pour l\u2019extraction des orgelets.<\/p>\n<p dir=\"ltr\">\n<ul>\n<li>Emballage : 100 pi\u00e8ces.<\/li>\n<li>Le porte-aiguille d&rsquo;orgelet doit \u00eatre command\u00e9 s\u00e9par\u00e9ment (<u><a href=\"https:\/\/districos.com\/ProductDetail\/8877.49\" target=\"_blank\" rel=\"noopener noreferrer nofollow\">r\u00e9f. 8877.49<\/a><\/u>).<\/li>\n<li>\u00c9galement disponible par 10 pi\u00e8ces (<u><a href=\"https:\/\/districos.com\/ProductDetail\/8877.41\" target=\"_blank\" rel=\"noopener noreferrer nofollow\">r\u00e9f. 8877.41<\/a><\/u>).<\/li>\n<\/ul>\n","protected":false},"excerpt":{"rendered":"<p>Aiguille d\u2019orgelet pour l\u2019extraction des orgelets. Emballage : 100 pi\u00e8ces. Le porte-aiguille d&rsquo;orgelet doit \u00eatre command\u00e9 s\u00e9par\u00e9ment (r\u00e9f. 8877.49). \u00c9galement disponible par 10 pi\u00e8ces (r\u00e9f. 8877.41).<\/p>\n","protected":false},"featured_media":148794,"comment_status":"open","ping_status":"closed","template":"","meta":{"_acf_changed":false},"product_brand":[10342],"product_cat":[9864,9972,10168,9970,10616],"product_tag":[],"class_list":{"0":"post-142239","1":"product","2":"type-product","3":"status-publish","4":"has-post-thumbnail","6":"product_brand-cobra-steel-fr","7":"product_cat-beaute-visage-accessoires","8":"product_cat-beaute-materiel-pratique-accessoires","9":"product_cat-fournitures-pour-cabinet-accessoires-accessoires-visage","10":"product_cat-beaute-materiel-pratique-instruments","11":"product_cat-fournitures-pour-cabinet-instruments-visage","13":"first","14":"instock","15":"taxable","16":"shipping-taxable","17":"product-type-simple"},"acf":[],"yoast_head":"<!-- This site is optimized with the Yoast SEO plugin v27.3 - https:\/\/yoast.com\/product\/yoast-seo-wordpress\/ -->\n<title>Aiguille d&#039;Orgelet 25G 5\/8&quot; 0,5 x 16 mm 100 pcs. - Districos Webshop<\/title>\n<meta name=\"robots\" content=\"noindex, follow, max-snippet:-1, max-image-preview:large, max-video-preview:-1\" \/>\n<meta property=\"og:locale\" content=\"fr_FR\" \/>\n<meta property=\"og:type\" content=\"article\" \/>\n<meta property=\"og:title\" content=\"Aiguille d&#039;Orgelet 25G 5\/8&quot; 0,5 x 16 mm 100 pcs. - Districos Webshop\" \/>\n<meta property=\"og:description\" content=\"Aiguille d\u2019orgelet pour l\u2019extraction des orgelets. Emballage : 100 pi\u00e8ces. Le porte-aiguille d&rsquo;orgelet doit \u00eatre command\u00e9 s\u00e9par\u00e9ment (r\u00e9f. 8877.49). \u00c9galement disponible par 10 pi\u00e8ces (r\u00e9f. 8877.41).\" \/>\n<meta property=\"og:url\" content=\"https:\/\/districos.standingout.be\/fr\/product\/aiguille-dorgelet-25g-5-8-05-x-16-mm-100-pcs-ref-8877-42\/\" \/>\n<meta property=\"og:site_name\" content=\"Districos Webshop\" \/>\n<meta property=\"article:modified_time\" content=\"2026-04-28T11:35:47+00:00\" \/>\n<meta name=\"twitter:card\" content=\"summary_large_image\" \/>\n<script type=\"application\/ld+json\" class=\"yoast-schema-graph\">{\"@context\":\"https:\\\/\\\/schema.org\",\"@graph\":[{\"@type\":\"WebPage\",\"@id\":\"https:\\\/\\\/districos.standingout.be\\\/fr\\\/product\\\/aiguille-dorgelet-25g-5-8-05-x-16-mm-100-pcs-ref-8877-42\\\/\",\"url\":\"https:\\\/\\\/districos.standingout.be\\\/fr\\\/product\\\/aiguille-dorgelet-25g-5-8-05-x-16-mm-100-pcs-ref-8877-42\\\/\",\"name\":\"Aiguille d'Orgelet 25G 5\\\/8\\\" 0,5 x 16 mm 100 pcs. - Districos Webshop\",\"isPartOf\":{\"@id\":\"https:\\\/\\\/districos.standingout.be\\\/fr\\\/#website\"},\"primaryImageOfPage\":{\"@id\":\"https:\\\/\\\/districos.standingout.be\\\/fr\\\/product\\\/aiguille-dorgelet-25g-5-8-05-x-16-mm-100-pcs-ref-8877-42\\\/#primaryimage\"},\"image\":{\"@id\":\"https:\\\/\\\/districos.standingout.be\\\/fr\\\/product\\\/aiguille-dorgelet-25g-5-8-05-x-16-mm-100-pcs-ref-8877-42\\\/#primaryimage\"},\"thumbnailUrl\":\"https:\\\/\\\/districos.standingout.be\\\/wp-content\\\/uploads\\\/2026\\\/04\\\/8877.42@Gerstekorrelnaald-25G-0.5-x-16-mm-100-st_1.png\",\"datePublished\":\"2026-04-28T11:35:44+00:00\",\"dateModified\":\"2026-04-28T11:35:47+00:00\",\"breadcrumb\":{\"@id\":\"https:\\\/\\\/districos.standingout.be\\\/fr\\\/product\\\/aiguille-dorgelet-25g-5-8-05-x-16-mm-100-pcs-ref-8877-42\\\/#breadcrumb\"},\"inLanguage\":\"fr-FR\",\"potentialAction\":[{\"@type\":\"ReadAction\",\"target\":[\"https:\\\/\\\/districos.standingout.be\\\/fr\\\/product\\\/aiguille-dorgelet-25g-5-8-05-x-16-mm-100-pcs-ref-8877-42\\\/\"]}]},{\"@type\":\"ImageObject\",\"inLanguage\":\"fr-FR\",\"@id\":\"https:\\\/\\\/districos.standingout.be\\\/fr\\\/product\\\/aiguille-dorgelet-25g-5-8-05-x-16-mm-100-pcs-ref-8877-42\\\/#primaryimage\",\"url\":\"https:\\\/\\\/districos.standingout.be\\\/wp-content\\\/uploads\\\/2026\\\/04\\\/8877.42@Gerstekorrelnaald-25G-0.5-x-16-mm-100-st_1.png\",\"contentUrl\":\"https:\\\/\\\/districos.standingout.be\\\/wp-content\\\/uploads\\\/2026\\\/04\\\/8877.42@Gerstekorrelnaald-25G-0.5-x-16-mm-100-st_1.png\",\"width\":600,\"height\":600},{\"@type\":\"BreadcrumbList\",\"@id\":\"https:\\\/\\\/districos.standingout.be\\\/fr\\\/product\\\/aiguille-dorgelet-25g-5-8-05-x-16-mm-100-pcs-ref-8877-42\\\/#breadcrumb\",\"itemListElement\":[{\"@type\":\"ListItem\",\"position\":1,\"name\":\"Home\",\"item\":\"https:\\\/\\\/districos.standingout.be\\\/fr\\\/bienvenue-chez-districos\\\/\"},{\"@type\":\"ListItem\",\"position\":2,\"name\":\"Boutique\",\"item\":\"https:\\\/\\\/districos.standingout.be\\\/fr\\\/boutique\\\/\"},{\"@type\":\"ListItem\",\"position\":3,\"name\":\"Aiguille d&#8217;Orgelet 25G 5\\\/8&#8243; 0,5 x 16 mm 100 pcs.\"}]},{\"@type\":\"WebSite\",\"@id\":\"https:\\\/\\\/districos.standingout.be\\\/fr\\\/#website\",\"url\":\"https:\\\/\\\/districos.standingout.be\\\/fr\\\/\",\"name\":\"Districos Webshop\",\"description\":\"\",\"publisher\":{\"@id\":\"https:\\\/\\\/districos.standingout.be\\\/fr\\\/#organization\"},\"potentialAction\":[{\"@type\":\"SearchAction\",\"target\":{\"@type\":\"EntryPoint\",\"urlTemplate\":\"https:\\\/\\\/districos.standingout.be\\\/fr\\\/?s={search_term_string}\"},\"query-input\":{\"@type\":\"PropertyValueSpecification\",\"valueRequired\":true,\"valueName\":\"search_term_string\"}}],\"inLanguage\":\"fr-FR\"},{\"@type\":\"Organization\",\"@id\":\"https:\\\/\\\/districos.standingout.be\\\/fr\\\/#organization\",\"name\":\"Districos Webshop\",\"url\":\"https:\\\/\\\/districos.standingout.be\\\/fr\\\/\",\"logo\":{\"@type\":\"ImageObject\",\"inLanguage\":\"fr-FR\",\"@id\":\"https:\\\/\\\/districos.standingout.be\\\/fr\\\/#\\\/schema\\\/logo\\\/image\\\/\",\"url\":\"https:\\\/\\\/districos.standingout.be\\\/wp-content\\\/uploads\\\/2022\\\/09\\\/Districos_Logo_Webshop.svg\",\"contentUrl\":\"https:\\\/\\\/districos.standingout.be\\\/wp-content\\\/uploads\\\/2022\\\/09\\\/Districos_Logo_Webshop.svg\",\"caption\":\"Districos Webshop\"},\"image\":{\"@id\":\"https:\\\/\\\/districos.standingout.be\\\/fr\\\/#\\\/schema\\\/logo\\\/image\\\/\"}}]}<\/script>\n<!-- \/ Yoast SEO plugin. -->","yoast_head_json":{"title":"Aiguille d'Orgelet 25G 5\/8\" 0,5 x 16 mm 100 pcs. - Districos Webshop","robots":{"index":"noindex","follow":"follow","max-snippet":"max-snippet:-1","max-image-preview":"max-image-preview:large","max-video-preview":"max-video-preview:-1"},"og_locale":"fr_FR","og_type":"article","og_title":"Aiguille d'Orgelet 25G 5\/8\" 0,5 x 16 mm 100 pcs. - Districos Webshop","og_description":"Aiguille d\u2019orgelet pour l\u2019extraction des orgelets. Emballage : 100 pi\u00e8ces. Le porte-aiguille d&rsquo;orgelet doit \u00eatre command\u00e9 s\u00e9par\u00e9ment (r\u00e9f. 8877.49). \u00c9galement disponible par 10 pi\u00e8ces (r\u00e9f. 8877.41).","og_url":"https:\/\/districos.standingout.be\/fr\/product\/aiguille-dorgelet-25g-5-8-05-x-16-mm-100-pcs-ref-8877-42\/","og_site_name":"Districos Webshop","article_modified_time":"2026-04-28T11:35:47+00:00","twitter_card":"summary_large_image","schema":{"@context":"https:\/\/schema.org","@graph":[{"@type":"WebPage","@id":"https:\/\/districos.standingout.be\/fr\/product\/aiguille-dorgelet-25g-5-8-05-x-16-mm-100-pcs-ref-8877-42\/","url":"https:\/\/districos.standingout.be\/fr\/product\/aiguille-dorgelet-25g-5-8-05-x-16-mm-100-pcs-ref-8877-42\/","name":"Aiguille d'Orgelet 25G 5\/8\" 0,5 x 16 mm 100 pcs. - Districos Webshop","isPartOf":{"@id":"https:\/\/districos.standingout.be\/fr\/#website"},"primaryImageOfPage":{"@id":"https:\/\/districos.standingout.be\/fr\/product\/aiguille-dorgelet-25g-5-8-05-x-16-mm-100-pcs-ref-8877-42\/#primaryimage"},"image":{"@id":"https:\/\/districos.standingout.be\/fr\/product\/aiguille-dorgelet-25g-5-8-05-x-16-mm-100-pcs-ref-8877-42\/#primaryimage"},"thumbnailUrl":"https:\/\/districos.standingout.be\/wp-content\/uploads\/2026\/04\/8877.42@Gerstekorrelnaald-25G-0.5-x-16-mm-100-st_1.png","datePublished":"2026-04-28T11:35:44+00:00","dateModified":"2026-04-28T11:35:47+00:00","breadcrumb":{"@id":"https:\/\/districos.standingout.be\/fr\/product\/aiguille-dorgelet-25g-5-8-05-x-16-mm-100-pcs-ref-8877-42\/#breadcrumb"},"inLanguage":"fr-FR","potentialAction":[{"@type":"ReadAction","target":["https:\/\/districos.standingout.be\/fr\/product\/aiguille-dorgelet-25g-5-8-05-x-16-mm-100-pcs-ref-8877-42\/"]}]},{"@type":"ImageObject","inLanguage":"fr-FR","@id":"https:\/\/districos.standingout.be\/fr\/product\/aiguille-dorgelet-25g-5-8-05-x-16-mm-100-pcs-ref-8877-42\/#primaryimage","url":"https:\/\/districos.standingout.be\/wp-content\/uploads\/2026\/04\/8877.42@Gerstekorrelnaald-25G-0.5-x-16-mm-100-st_1.png","contentUrl":"https:\/\/districos.standingout.be\/wp-content\/uploads\/2026\/04\/8877.42@Gerstekorrelnaald-25G-0.5-x-16-mm-100-st_1.png","width":600,"height":600},{"@type":"BreadcrumbList","@id":"https:\/\/districos.standingout.be\/fr\/product\/aiguille-dorgelet-25g-5-8-05-x-16-mm-100-pcs-ref-8877-42\/#breadcrumb","itemListElement":[{"@type":"ListItem","position":1,"name":"Home","item":"https:\/\/districos.standingout.be\/fr\/bienvenue-chez-districos\/"},{"@type":"ListItem","position":2,"name":"Boutique","item":"https:\/\/districos.standingout.be\/fr\/boutique\/"},{"@type":"ListItem","position":3,"name":"Aiguille d&#8217;Orgelet 25G 5\/8&#8243; 0,5 x 16 mm 100 pcs."}]},{"@type":"WebSite","@id":"https:\/\/districos.standingout.be\/fr\/#website","url":"https:\/\/districos.standingout.be\/fr\/","name":"Districos Webshop","description":"","publisher":{"@id":"https:\/\/districos.standingout.be\/fr\/#organization"},"potentialAction":[{"@type":"SearchAction","target":{"@type":"EntryPoint","urlTemplate":"https:\/\/districos.standingout.be\/fr\/?s={search_term_string}"},"query-input":{"@type":"PropertyValueSpecification","valueRequired":true,"valueName":"search_term_string"}}],"inLanguage":"fr-FR"},{"@type":"Organization","@id":"https:\/\/districos.standingout.be\/fr\/#organization","name":"Districos Webshop","url":"https:\/\/districos.standingout.be\/fr\/","logo":{"@type":"ImageObject","inLanguage":"fr-FR","@id":"https:\/\/districos.standingout.be\/fr\/#\/schema\/logo\/image\/","url":"https:\/\/districos.standingout.be\/wp-content\/uploads\/2022\/09\/Districos_Logo_Webshop.svg","contentUrl":"https:\/\/districos.standingout.be\/wp-content\/uploads\/2022\/09\/Districos_Logo_Webshop.svg","caption":"Districos Webshop"},"image":{"@id":"https:\/\/districos.standingout.be\/fr\/#\/schema\/logo\/image\/"}}]}},"_links":{"self":[{"href":"https:\/\/districos.standingout.be\/fr\/wp-json\/wp\/v2\/product\/142239","targetHints":{"allow":["GET"]}}],"collection":[{"href":"https:\/\/districos.standingout.be\/fr\/wp-json\/wp\/v2\/product"}],"about":[{"href":"https:\/\/districos.standingout.be\/fr\/wp-json\/wp\/v2\/types\/product"}],"replies":[{"embeddable":true,"href":"https:\/\/districos.standingout.be\/fr\/wp-json\/wp\/v2\/comments?post=142239"}],"wp:featuredmedia":[{"embeddable":true,"href":"https:\/\/districos.standingout.be\/fr\/wp-json\/wp\/v2\/media\/148794"}],"wp:attachment":[{"href":"https:\/\/districos.standingout.be\/fr\/wp-json\/wp\/v2\/media?parent=142239"}],"wp:term":[{"taxonomy":"product_brand","embeddable":true,"href":"https:\/\/districos.standingout.be\/fr\/wp-json\/wp\/v2\/product_brand?post=142239"},{"taxonomy":"product_cat","embeddable":true,"href":"https:\/\/districos.standingout.be\/fr\/wp-json\/wp\/v2\/product_cat?post=142239"},{"taxonomy":"product_tag","embeddable":true,"href":"https:\/\/districos.standingout.be\/fr\/wp-json\/wp\/v2\/product_tag?post=142239"}],"curies":[{"name":"wp","href":"https:\/\/api.w.org\/{rel}","templated":true}]}}