{"id":142253,"date":"2026-04-28T13:36:07","date_gmt":"2026-04-28T11:36:07","guid":{"rendered":"https:\/\/webshopdistricoscom.webhosting.be\/product\/set-etudiant-pedicure-ref-8879-10\/"},"modified":"2026-04-28T13:36:10","modified_gmt":"2026-04-28T11:36:10","slug":"set-etudiant-pedicure-ref-8879-10","status":"publish","type":"product","link":"https:\/\/districos.standingout.be\/fr\/product\/set-etudiant-pedicure-ref-8879-10\/","title":{"rendered":"Set \u00c9tudiant P\u00e9dicure"},"content":{"rendered":"<p >\n<\/p>\n<\/p>\n<p dir=\"ltr\">La base parfaite avec des instruments et des cr\u00e8mes pour prendre <b>un d\u00e9but optimal<\/b> de la p\u00e9dicure \u00e9tudiant(e)&nbsp;<\/p>\n<p><b> Contenu :&nbsp;<\/b><\/p>\n<ul>\n<li>Bo\u00eete d\u2019Instruments en Inox (<a href=\"https:\/\/webshop.districos.com\/ProductDetail\/8875.20\" target=\"_blank\" rel=\"noopener noreferrer nofollow\">r\u00e9f. 8875.20<\/a>)<\/li>\n<li>Pince P\u00e9dicure Courb\u00e9e Inox 14 cm (<a href=\"https:\/\/webshop.districos.com\/ProductDetail\/8875.01\" target=\"_blank\" rel=\"noopener noreferrer nofollow\">r\u00e9f. 8875.01<\/a>)<\/li>\n<li>Pince Ongles Incarn\u00e9s Inox 13 cm\/Bec 20 mm (<a href=\"https:\/\/webshop.districos.com\/ProductDetail\/8875.6\" target=\"_blank\" rel=\"noopener noreferrer nofollow\">r\u00e9f. 8875.6<\/a>)<\/li>\n<li>Lime Diamant\u00e9e Saphir n\u00b0 6 (<a href=\"https:\/\/webshop.districos.com\/ProductDetail\/8710.06\" target=\"_blank\" rel=\"noopener noreferrer nofollow\">r\u00e9f. 8710.06<\/a>)<\/li>\n<li>Lime de Coins double Inox 17 cm (<a href=\"https:\/\/webshop.districos.com\/ProductDetail\/8875.17\" target=\"_blank\" rel=\"noopener noreferrer nofollow\">r\u00e9f. 8875.17<\/a>)<\/li>\n<li>Gouge Nettoyeur Inox 13 cm\/Fente 1,5 mm (<a href=\"https:\/\/webshop.districos.com\/ProductDetail\/8875.13\" target=\"_blank\" rel=\"noopener noreferrer nofollow\">r\u00e9f. 8875.13<\/a>)<\/li>\n<li>Excavateur Inox 14,5 cm (<a href=\"https:\/\/webshop.districos.com\/ProductDetail\/8875.18\" target=\"_blank\" rel=\"noopener noreferrer nofollow\">r\u00e9f. 8875.18<\/a>)<\/li>\n<li>Coupe-cors Cobra\u00ae + 10 Lames (<a href=\"https:\/\/webshop.districos.com\/ProductDetail\/8871.02\" target=\"_blank\" rel=\"noopener noreferrer nofollow\">r\u00e9f. 8871.02<\/a>)<\/li>\n<li>Porte-lames n\u00b0 3 &amp; 4 (<a href=\"https:\/\/webshop.districos.com\/ProductDetail\/8703.02\" target=\"_blank\" rel=\"noopener noreferrer nofollow\">r\u00e9f. 8703.02<\/a>&nbsp;\/&nbsp;<a href=\"https:\/\/webshop.districos.com\/ProductDetail\/8704.02\" target=\"_blank\" rel=\"noopener noreferrer nofollow\"> 8704.02<\/a>)<\/li>\n<li>Lames n\u00b0 15 &amp; 23 (15 de chacune) (<a href=\"https:\/\/webshop.districos.com\/ProductDetail\/8703.09\" target=\"_blank\" rel=\"noopener noreferrer nofollow\">r\u00e9f. 8703.09<\/a>)<\/li>\n<li>R\u00e2pe Districos 120\/180 (<a href=\"https:\/\/webshop.districos.com\/ProductDetail\/8935\" target=\"_blank\" rel=\"noopener noreferrer nofollow\">r\u00e9f. 8935<\/a>)<\/li>\n<li>Huile Tea Tree Belfeet 15 ml (<a href=\"https:\/\/webshop.districos.com\/ProductDetail\/5009.01\" target=\"_blank\" rel=\"noopener noreferrer nofollow\">r\u00e9f. 5009.01<\/a>)<\/li>\n<li>Cr\u00e8me Pieds Care &amp; Refresh Bio Balance 75 ml (<a href=\"https:\/\/webshop.districos.com\/ProductDetail\/7075.011\" target=\"_blank\" rel=\"noopener noreferrer nofollow\">r\u00e9f. 7075.011<\/a>)<\/li>\n<li>Cr\u00e8me Pieds Avocado Bio Balance 75 ml&nbsp;<span>(<a href=\"https:\/\/webshop.districos.com\/ProductDetail\/7075.001\" target=\"_blank\" rel=\"noopener noreferrer nofollow\">r\u00e9f. 7<\/a><\/span><a href=\"https:\/\/webshop.districos.com\/ProductDetail\/7075.001\"style=\"font-size: 10pt;\" target=\"_blank\" rel=\"noopener noreferrer nofollow\">075.001<\/a><span>)<\/span><\/li>\n<\/ul><\/p>\n","protected":false},"excerpt":{"rendered":"<p>La base parfaite avec des instruments et des cr\u00e8mes pour prendre un d\u00e9but optimal de la p\u00e9dicure \u00e9tudiant(e)&nbsp; Contenu :&nbsp; Bo\u00eete d\u2019Instruments en Inox (r\u00e9f. 8875.20) Pince P\u00e9dicure Courb\u00e9e Inox 14 cm (r\u00e9f. 8875.01) Pince Ongles Incarn\u00e9s Inox 13 cm\/Bec 20 mm (r\u00e9f. 8875.6) Lime Diamant\u00e9e Saphir n\u00b0 6 (r\u00e9f. 8710.06) Lime de Coins double [&hellip;]<\/p>\n","protected":false},"featured_media":84998,"comment_status":"open","ping_status":"closed","template":"","meta":{"_acf_changed":false},"product_brand":[10342],"product_cat":[10170,9944],"product_tag":[],"class_list":{"0":"post-142253","1":"product","2":"type-product","3":"status-publish","4":"has-post-thumbnail","6":"product_brand-cobra-steel-fr","7":"product_cat-fournitures-pour-cabinet-accessoires-accessoires-pedicure","8":"product_cat-beaute-pedicure-instruments","10":"first","11":"instock","12":"taxable","13":"shipping-taxable","14":"product-type-simple"},"acf":[],"yoast_head":"<!-- This site is optimized with the Yoast SEO plugin v27.3 - https:\/\/yoast.com\/product\/yoast-seo-wordpress\/ -->\n<title>Set \u00c9tudiant P\u00e9dicure - Districos Webshop<\/title>\n<meta name=\"robots\" content=\"noindex, follow, max-snippet:-1, max-image-preview:large, max-video-preview:-1\" \/>\n<meta property=\"og:locale\" content=\"fr_FR\" \/>\n<meta property=\"og:type\" content=\"article\" \/>\n<meta property=\"og:title\" content=\"Set \u00c9tudiant P\u00e9dicure - Districos Webshop\" \/>\n<meta property=\"og:description\" content=\"La base parfaite avec des instruments et des cr\u00e8mes pour prendre un d\u00e9but optimal de la p\u00e9dicure \u00e9tudiant(e)&nbsp; Contenu :&nbsp; Bo\u00eete d\u2019Instruments en Inox (r\u00e9f. 8875.20) Pince P\u00e9dicure Courb\u00e9e Inox 14 cm (r\u00e9f. 8875.01) Pince Ongles Incarn\u00e9s Inox 13 cm\/Bec 20 mm (r\u00e9f. 8875.6) Lime Diamant\u00e9e Saphir n\u00b0 6 (r\u00e9f. 8710.06) Lime de Coins double [&hellip;]\" \/>\n<meta property=\"og:url\" content=\"https:\/\/districos.standingout.be\/fr\/product\/set-etudiant-pedicure-ref-8879-10\/\" \/>\n<meta property=\"og:site_name\" content=\"Districos Webshop\" \/>\n<meta property=\"article:modified_time\" content=\"2026-04-28T11:36:10+00:00\" \/>\n<meta name=\"twitter:card\" content=\"summary_large_image\" \/>\n<meta name=\"twitter:label1\" content=\"Dur\u00e9e de lecture estim\u00e9e\" \/>\n\t<meta name=\"twitter:data1\" content=\"1 minute\" \/>\n<script type=\"application\/ld+json\" class=\"yoast-schema-graph\">{\"@context\":\"https:\\\/\\\/schema.org\",\"@graph\":[{\"@type\":\"WebPage\",\"@id\":\"https:\\\/\\\/districos.standingout.be\\\/fr\\\/product\\\/set-etudiant-pedicure-ref-8879-10\\\/\",\"url\":\"https:\\\/\\\/districos.standingout.be\\\/fr\\\/product\\\/set-etudiant-pedicure-ref-8879-10\\\/\",\"name\":\"Set \u00c9tudiant P\u00e9dicure - Districos Webshop\",\"isPartOf\":{\"@id\":\"https:\\\/\\\/districos.standingout.be\\\/fr\\\/#website\"},\"primaryImageOfPage\":{\"@id\":\"https:\\\/\\\/districos.standingout.be\\\/fr\\\/product\\\/set-etudiant-pedicure-ref-8879-10\\\/#primaryimage\"},\"image\":{\"@id\":\"https:\\\/\\\/districos.standingout.be\\\/fr\\\/product\\\/set-etudiant-pedicure-ref-8879-10\\\/#primaryimage\"},\"thumbnailUrl\":\"https:\\\/\\\/districos.standingout.be\\\/wp-content\\\/uploads\\\/2025\\\/07\\\/8879.10@LowRes_1.png\",\"datePublished\":\"2026-04-28T11:36:07+00:00\",\"dateModified\":\"2026-04-28T11:36:10+00:00\",\"breadcrumb\":{\"@id\":\"https:\\\/\\\/districos.standingout.be\\\/fr\\\/product\\\/set-etudiant-pedicure-ref-8879-10\\\/#breadcrumb\"},\"inLanguage\":\"fr-FR\",\"potentialAction\":[{\"@type\":\"ReadAction\",\"target\":[\"https:\\\/\\\/districos.standingout.be\\\/fr\\\/product\\\/set-etudiant-pedicure-ref-8879-10\\\/\"]}]},{\"@type\":\"ImageObject\",\"inLanguage\":\"fr-FR\",\"@id\":\"https:\\\/\\\/districos.standingout.be\\\/fr\\\/product\\\/set-etudiant-pedicure-ref-8879-10\\\/#primaryimage\",\"url\":\"https:\\\/\\\/districos.standingout.be\\\/wp-content\\\/uploads\\\/2025\\\/07\\\/8879.10@LowRes_1.png\",\"contentUrl\":\"https:\\\/\\\/districos.standingout.be\\\/wp-content\\\/uploads\\\/2025\\\/07\\\/8879.10@LowRes_1.png\",\"width\":600,\"height\":600},{\"@type\":\"BreadcrumbList\",\"@id\":\"https:\\\/\\\/districos.standingout.be\\\/fr\\\/product\\\/set-etudiant-pedicure-ref-8879-10\\\/#breadcrumb\",\"itemListElement\":[{\"@type\":\"ListItem\",\"position\":1,\"name\":\"Home\",\"item\":\"https:\\\/\\\/districos.standingout.be\\\/fr\\\/bienvenue-chez-districos\\\/\"},{\"@type\":\"ListItem\",\"position\":2,\"name\":\"Boutique\",\"item\":\"https:\\\/\\\/districos.standingout.be\\\/fr\\\/boutique\\\/\"},{\"@type\":\"ListItem\",\"position\":3,\"name\":\"Set \u00c9tudiant P\u00e9dicure\"}]},{\"@type\":\"WebSite\",\"@id\":\"https:\\\/\\\/districos.standingout.be\\\/fr\\\/#website\",\"url\":\"https:\\\/\\\/districos.standingout.be\\\/fr\\\/\",\"name\":\"Districos Webshop\",\"description\":\"\",\"publisher\":{\"@id\":\"https:\\\/\\\/districos.standingout.be\\\/fr\\\/#organization\"},\"potentialAction\":[{\"@type\":\"SearchAction\",\"target\":{\"@type\":\"EntryPoint\",\"urlTemplate\":\"https:\\\/\\\/districos.standingout.be\\\/fr\\\/?s={search_term_string}\"},\"query-input\":{\"@type\":\"PropertyValueSpecification\",\"valueRequired\":true,\"valueName\":\"search_term_string\"}}],\"inLanguage\":\"fr-FR\"},{\"@type\":\"Organization\",\"@id\":\"https:\\\/\\\/districos.standingout.be\\\/fr\\\/#organization\",\"name\":\"Districos Webshop\",\"url\":\"https:\\\/\\\/districos.standingout.be\\\/fr\\\/\",\"logo\":{\"@type\":\"ImageObject\",\"inLanguage\":\"fr-FR\",\"@id\":\"https:\\\/\\\/districos.standingout.be\\\/fr\\\/#\\\/schema\\\/logo\\\/image\\\/\",\"url\":\"https:\\\/\\\/districos.standingout.be\\\/wp-content\\\/uploads\\\/2022\\\/09\\\/Districos_Logo_Webshop.svg\",\"contentUrl\":\"https:\\\/\\\/districos.standingout.be\\\/wp-content\\\/uploads\\\/2022\\\/09\\\/Districos_Logo_Webshop.svg\",\"caption\":\"Districos Webshop\"},\"image\":{\"@id\":\"https:\\\/\\\/districos.standingout.be\\\/fr\\\/#\\\/schema\\\/logo\\\/image\\\/\"}}]}<\/script>\n<!-- \/ Yoast SEO plugin. -->","yoast_head_json":{"title":"Set \u00c9tudiant P\u00e9dicure - Districos Webshop","robots":{"index":"noindex","follow":"follow","max-snippet":"max-snippet:-1","max-image-preview":"max-image-preview:large","max-video-preview":"max-video-preview:-1"},"og_locale":"fr_FR","og_type":"article","og_title":"Set \u00c9tudiant P\u00e9dicure - Districos Webshop","og_description":"La base parfaite avec des instruments et des cr\u00e8mes pour prendre un d\u00e9but optimal de la p\u00e9dicure \u00e9tudiant(e)&nbsp; Contenu :&nbsp; Bo\u00eete d\u2019Instruments en Inox (r\u00e9f. 8875.20) Pince P\u00e9dicure Courb\u00e9e Inox 14 cm (r\u00e9f. 8875.01) Pince Ongles Incarn\u00e9s Inox 13 cm\/Bec 20 mm (r\u00e9f. 8875.6) Lime Diamant\u00e9e Saphir n\u00b0 6 (r\u00e9f. 8710.06) Lime de Coins double [&hellip;]","og_url":"https:\/\/districos.standingout.be\/fr\/product\/set-etudiant-pedicure-ref-8879-10\/","og_site_name":"Districos Webshop","article_modified_time":"2026-04-28T11:36:10+00:00","twitter_card":"summary_large_image","twitter_misc":{"Dur\u00e9e de lecture estim\u00e9e":"1 minute"},"schema":{"@context":"https:\/\/schema.org","@graph":[{"@type":"WebPage","@id":"https:\/\/districos.standingout.be\/fr\/product\/set-etudiant-pedicure-ref-8879-10\/","url":"https:\/\/districos.standingout.be\/fr\/product\/set-etudiant-pedicure-ref-8879-10\/","name":"Set \u00c9tudiant P\u00e9dicure - Districos Webshop","isPartOf":{"@id":"https:\/\/districos.standingout.be\/fr\/#website"},"primaryImageOfPage":{"@id":"https:\/\/districos.standingout.be\/fr\/product\/set-etudiant-pedicure-ref-8879-10\/#primaryimage"},"image":{"@id":"https:\/\/districos.standingout.be\/fr\/product\/set-etudiant-pedicure-ref-8879-10\/#primaryimage"},"thumbnailUrl":"https:\/\/districos.standingout.be\/wp-content\/uploads\/2025\/07\/8879.10@LowRes_1.png","datePublished":"2026-04-28T11:36:07+00:00","dateModified":"2026-04-28T11:36:10+00:00","breadcrumb":{"@id":"https:\/\/districos.standingout.be\/fr\/product\/set-etudiant-pedicure-ref-8879-10\/#breadcrumb"},"inLanguage":"fr-FR","potentialAction":[{"@type":"ReadAction","target":["https:\/\/districos.standingout.be\/fr\/product\/set-etudiant-pedicure-ref-8879-10\/"]}]},{"@type":"ImageObject","inLanguage":"fr-FR","@id":"https:\/\/districos.standingout.be\/fr\/product\/set-etudiant-pedicure-ref-8879-10\/#primaryimage","url":"https:\/\/districos.standingout.be\/wp-content\/uploads\/2025\/07\/8879.10@LowRes_1.png","contentUrl":"https:\/\/districos.standingout.be\/wp-content\/uploads\/2025\/07\/8879.10@LowRes_1.png","width":600,"height":600},{"@type":"BreadcrumbList","@id":"https:\/\/districos.standingout.be\/fr\/product\/set-etudiant-pedicure-ref-8879-10\/#breadcrumb","itemListElement":[{"@type":"ListItem","position":1,"name":"Home","item":"https:\/\/districos.standingout.be\/fr\/bienvenue-chez-districos\/"},{"@type":"ListItem","position":2,"name":"Boutique","item":"https:\/\/districos.standingout.be\/fr\/boutique\/"},{"@type":"ListItem","position":3,"name":"Set \u00c9tudiant P\u00e9dicure"}]},{"@type":"WebSite","@id":"https:\/\/districos.standingout.be\/fr\/#website","url":"https:\/\/districos.standingout.be\/fr\/","name":"Districos Webshop","description":"","publisher":{"@id":"https:\/\/districos.standingout.be\/fr\/#organization"},"potentialAction":[{"@type":"SearchAction","target":{"@type":"EntryPoint","urlTemplate":"https:\/\/districos.standingout.be\/fr\/?s={search_term_string}"},"query-input":{"@type":"PropertyValueSpecification","valueRequired":true,"valueName":"search_term_string"}}],"inLanguage":"fr-FR"},{"@type":"Organization","@id":"https:\/\/districos.standingout.be\/fr\/#organization","name":"Districos Webshop","url":"https:\/\/districos.standingout.be\/fr\/","logo":{"@type":"ImageObject","inLanguage":"fr-FR","@id":"https:\/\/districos.standingout.be\/fr\/#\/schema\/logo\/image\/","url":"https:\/\/districos.standingout.be\/wp-content\/uploads\/2022\/09\/Districos_Logo_Webshop.svg","contentUrl":"https:\/\/districos.standingout.be\/wp-content\/uploads\/2022\/09\/Districos_Logo_Webshop.svg","caption":"Districos Webshop"},"image":{"@id":"https:\/\/districos.standingout.be\/fr\/#\/schema\/logo\/image\/"}}]}},"_links":{"self":[{"href":"https:\/\/districos.standingout.be\/fr\/wp-json\/wp\/v2\/product\/142253","targetHints":{"allow":["GET"]}}],"collection":[{"href":"https:\/\/districos.standingout.be\/fr\/wp-json\/wp\/v2\/product"}],"about":[{"href":"https:\/\/districos.standingout.be\/fr\/wp-json\/wp\/v2\/types\/product"}],"replies":[{"embeddable":true,"href":"https:\/\/districos.standingout.be\/fr\/wp-json\/wp\/v2\/comments?post=142253"}],"wp:featuredmedia":[{"embeddable":true,"href":"https:\/\/districos.standingout.be\/fr\/wp-json\/wp\/v2\/media\/84998"}],"wp:attachment":[{"href":"https:\/\/districos.standingout.be\/fr\/wp-json\/wp\/v2\/media?parent=142253"}],"wp:term":[{"taxonomy":"product_brand","embeddable":true,"href":"https:\/\/districos.standingout.be\/fr\/wp-json\/wp\/v2\/product_brand?post=142253"},{"taxonomy":"product_cat","embeddable":true,"href":"https:\/\/districos.standingout.be\/fr\/wp-json\/wp\/v2\/product_cat?post=142253"},{"taxonomy":"product_tag","embeddable":true,"href":"https:\/\/districos.standingout.be\/fr\/wp-json\/wp\/v2\/product_tag?post=142253"}],"curies":[{"name":"wp","href":"https:\/\/api.w.org\/{rel}","templated":true}]}}