{"id":142255,"date":"2026-04-28T13:36:49","date_gmt":"2026-04-28T11:36:49","guid":{"rendered":"https:\/\/webshopdistricoscom.webhosting.be\/product\/districos-fraise-diamantee-poire-3-mm-ref-8881-01\/"},"modified":"2026-04-28T13:36:54","modified_gmt":"2026-04-28T11:36:54","slug":"districos-fraise-diamantee-poire-3-mm-ref-8881-01","status":"publish","type":"product","link":"https:\/\/districos.standingout.be\/fr\/product\/districos-fraise-diamantee-poire-3-mm-ref-8881-01\/","title":{"rendered":"Districos Fraise Diamant\u00e9e Poire 3 mm"},"content":{"rendered":"<p >\n<p dir=ltr>Fraise Diamant\u00e9e Piriforme pour le modelage de l\u2019ongle naturel, nettoyer le bord libre et pour rendre l\u2019ongle naturel rugueux. \u00c9galement utilis\u00e9e pour l\u2019enl\u00e8vement de r\u00e9sidus de colle et de gel des ongles artificiels et pour ouvrir les cuticules et les sillons ungu\u00e9ales lors d\u2019une Russian ou E-manucure.<\/p>\n<p> ATTENTION : Toutes les fraises diamant\u00e9es doivent \u00eatre nettoy\u00e9es avec la brosse de nettoyage sp\u00e9cifiquement con\u00e7ue \u00e0 cette fin (R\u00e9f. 8867.950) ou la brosse de nettoyage synth\u00e9tique (R\u00e9f. 8866.78) et ne peuvent PAS \u00eatre nettoy\u00e9es avec la brosse en cuivre classique. Cette brosse diminuera consid\u00e9rablement la dur\u00e9e de vie de vos fraises. <\/p>\n<ul> <\/p>\n<li>Diam\u00e8tre : 030<\/li>\n<p> <\/p>\n<li>+\/- 30.000 tpm.<\/li>\n<p> <\/ul><\/p>\n","protected":false},"excerpt":{"rendered":"<p>Fraise Diamant\u00e9e Piriforme pour le modelage de l\u2019ongle naturel, nettoyer le bord libre et pour rendre l\u2019ongle naturel rugueux. \u00c9galement utilis\u00e9e pour l\u2019enl\u00e8vement de r\u00e9sidus de colle et de gel des ongles artificiels et pour ouvrir les cuticules et les sillons ungu\u00e9ales lors d\u2019une Russian ou E-manucure. ATTENTION : Toutes les fraises diamant\u00e9es doivent \u00eatre [&hellip;]<\/p>\n","protected":false},"featured_media":85001,"comment_status":"open","ping_status":"closed","template":"","meta":{"_acf_changed":false},"product_brand":[10380],"product_cat":[10018,9942,10024,10020,10273],"product_tag":[],"class_list":{"0":"post-142255","1":"product","2":"type-product","3":"status-publish","4":"has-post-thumbnail","6":"product_brand-districos-fr","7":"product_cat-soins-des-pieds-podologie-fraises-cuticules","8":"product_cat-beaute-pedicure-fraises","9":"product_cat-soins-des-pieds-podologie-fraises-ongle-en-gel","10":"product_cat-soins-des-pieds-podologie-fraises-plaque-ungueale","11":"product_cat-soins-des-pieds-podologie-fraises-toutes-les-fraises","13":"first","14":"instock","15":"taxable","16":"shipping-taxable","17":"product-type-simple"},"acf":[],"yoast_head":"<!-- This site is optimized with the Yoast SEO plugin v27.3 - https:\/\/yoast.com\/product\/yoast-seo-wordpress\/ -->\n<title>Districos Fraise Diamant\u00e9e Poire 3 mm - Districos Webshop<\/title>\n<meta name=\"robots\" content=\"noindex, follow, max-snippet:-1, max-image-preview:large, max-video-preview:-1\" \/>\n<meta property=\"og:locale\" content=\"fr_FR\" \/>\n<meta property=\"og:type\" content=\"article\" \/>\n<meta property=\"og:title\" content=\"Districos Fraise Diamant\u00e9e Poire 3 mm - Districos Webshop\" \/>\n<meta property=\"og:description\" content=\"Fraise Diamant\u00e9e Piriforme pour le modelage de l\u2019ongle naturel, nettoyer le bord libre et pour rendre l\u2019ongle naturel rugueux. \u00c9galement utilis\u00e9e pour l\u2019enl\u00e8vement de r\u00e9sidus de colle et de gel des ongles artificiels et pour ouvrir les cuticules et les sillons ungu\u00e9ales lors d\u2019une Russian ou E-manucure. ATTENTION : Toutes les fraises diamant\u00e9es doivent \u00eatre [&hellip;]\" \/>\n<meta property=\"og:url\" content=\"https:\/\/districos.standingout.be\/fr\/product\/districos-fraise-diamantee-poire-3-mm-ref-8881-01\/\" \/>\n<meta property=\"og:site_name\" content=\"Districos Webshop\" \/>\n<meta property=\"article:modified_time\" content=\"2026-04-28T11:36:54+00:00\" \/>\n<meta name=\"twitter:card\" content=\"summary_large_image\" \/>\n<meta name=\"twitter:label1\" content=\"Dur\u00e9e de lecture estim\u00e9e\" \/>\n\t<meta name=\"twitter:data1\" content=\"1 minute\" \/>\n<script type=\"application\/ld+json\" class=\"yoast-schema-graph\">{\"@context\":\"https:\\\/\\\/schema.org\",\"@graph\":[{\"@type\":\"WebPage\",\"@id\":\"https:\\\/\\\/districos.standingout.be\\\/fr\\\/product\\\/districos-fraise-diamantee-poire-3-mm-ref-8881-01\\\/\",\"url\":\"https:\\\/\\\/districos.standingout.be\\\/fr\\\/product\\\/districos-fraise-diamantee-poire-3-mm-ref-8881-01\\\/\",\"name\":\"Districos Fraise Diamant\u00e9e Poire 3 mm - Districos Webshop\",\"isPartOf\":{\"@id\":\"https:\\\/\\\/districos.standingout.be\\\/fr\\\/#website\"},\"primaryImageOfPage\":{\"@id\":\"https:\\\/\\\/districos.standingout.be\\\/fr\\\/product\\\/districos-fraise-diamantee-poire-3-mm-ref-8881-01\\\/#primaryimage\"},\"image\":{\"@id\":\"https:\\\/\\\/districos.standingout.be\\\/fr\\\/product\\\/districos-fraise-diamantee-poire-3-mm-ref-8881-01\\\/#primaryimage\"},\"thumbnailUrl\":\"https:\\\/\\\/districos.standingout.be\\\/wp-content\\\/uploads\\\/2025\\\/07\\\/8881.01@LowRes_1_0.png\",\"datePublished\":\"2026-04-28T11:36:49+00:00\",\"dateModified\":\"2026-04-28T11:36:54+00:00\",\"breadcrumb\":{\"@id\":\"https:\\\/\\\/districos.standingout.be\\\/fr\\\/product\\\/districos-fraise-diamantee-poire-3-mm-ref-8881-01\\\/#breadcrumb\"},\"inLanguage\":\"fr-FR\",\"potentialAction\":[{\"@type\":\"ReadAction\",\"target\":[\"https:\\\/\\\/districos.standingout.be\\\/fr\\\/product\\\/districos-fraise-diamantee-poire-3-mm-ref-8881-01\\\/\"]}]},{\"@type\":\"ImageObject\",\"inLanguage\":\"fr-FR\",\"@id\":\"https:\\\/\\\/districos.standingout.be\\\/fr\\\/product\\\/districos-fraise-diamantee-poire-3-mm-ref-8881-01\\\/#primaryimage\",\"url\":\"https:\\\/\\\/districos.standingout.be\\\/wp-content\\\/uploads\\\/2025\\\/07\\\/8881.01@LowRes_1_0.png\",\"contentUrl\":\"https:\\\/\\\/districos.standingout.be\\\/wp-content\\\/uploads\\\/2025\\\/07\\\/8881.01@LowRes_1_0.png\",\"width\":600,\"height\":600},{\"@type\":\"BreadcrumbList\",\"@id\":\"https:\\\/\\\/districos.standingout.be\\\/fr\\\/product\\\/districos-fraise-diamantee-poire-3-mm-ref-8881-01\\\/#breadcrumb\",\"itemListElement\":[{\"@type\":\"ListItem\",\"position\":1,\"name\":\"Home\",\"item\":\"https:\\\/\\\/districos.standingout.be\\\/fr\\\/bienvenue-chez-districos\\\/\"},{\"@type\":\"ListItem\",\"position\":2,\"name\":\"Boutique\",\"item\":\"https:\\\/\\\/districos.standingout.be\\\/fr\\\/boutique\\\/\"},{\"@type\":\"ListItem\",\"position\":3,\"name\":\"Districos Fraise Diamant\u00e9e Poire 3 mm\"}]},{\"@type\":\"WebSite\",\"@id\":\"https:\\\/\\\/districos.standingout.be\\\/fr\\\/#website\",\"url\":\"https:\\\/\\\/districos.standingout.be\\\/fr\\\/\",\"name\":\"Districos Webshop\",\"description\":\"\",\"publisher\":{\"@id\":\"https:\\\/\\\/districos.standingout.be\\\/fr\\\/#organization\"},\"potentialAction\":[{\"@type\":\"SearchAction\",\"target\":{\"@type\":\"EntryPoint\",\"urlTemplate\":\"https:\\\/\\\/districos.standingout.be\\\/fr\\\/?s={search_term_string}\"},\"query-input\":{\"@type\":\"PropertyValueSpecification\",\"valueRequired\":true,\"valueName\":\"search_term_string\"}}],\"inLanguage\":\"fr-FR\"},{\"@type\":\"Organization\",\"@id\":\"https:\\\/\\\/districos.standingout.be\\\/fr\\\/#organization\",\"name\":\"Districos Webshop\",\"url\":\"https:\\\/\\\/districos.standingout.be\\\/fr\\\/\",\"logo\":{\"@type\":\"ImageObject\",\"inLanguage\":\"fr-FR\",\"@id\":\"https:\\\/\\\/districos.standingout.be\\\/fr\\\/#\\\/schema\\\/logo\\\/image\\\/\",\"url\":\"https:\\\/\\\/districos.standingout.be\\\/wp-content\\\/uploads\\\/2022\\\/09\\\/Districos_Logo_Webshop.svg\",\"contentUrl\":\"https:\\\/\\\/districos.standingout.be\\\/wp-content\\\/uploads\\\/2022\\\/09\\\/Districos_Logo_Webshop.svg\",\"caption\":\"Districos Webshop\"},\"image\":{\"@id\":\"https:\\\/\\\/districos.standingout.be\\\/fr\\\/#\\\/schema\\\/logo\\\/image\\\/\"}}]}<\/script>\n<!-- \/ Yoast SEO plugin. -->","yoast_head_json":{"title":"Districos Fraise Diamant\u00e9e Poire 3 mm - Districos Webshop","robots":{"index":"noindex","follow":"follow","max-snippet":"max-snippet:-1","max-image-preview":"max-image-preview:large","max-video-preview":"max-video-preview:-1"},"og_locale":"fr_FR","og_type":"article","og_title":"Districos Fraise Diamant\u00e9e Poire 3 mm - Districos Webshop","og_description":"Fraise Diamant\u00e9e Piriforme pour le modelage de l\u2019ongle naturel, nettoyer le bord libre et pour rendre l\u2019ongle naturel rugueux. \u00c9galement utilis\u00e9e pour l\u2019enl\u00e8vement de r\u00e9sidus de colle et de gel des ongles artificiels et pour ouvrir les cuticules et les sillons ungu\u00e9ales lors d\u2019une Russian ou E-manucure. ATTENTION : Toutes les fraises diamant\u00e9es doivent \u00eatre [&hellip;]","og_url":"https:\/\/districos.standingout.be\/fr\/product\/districos-fraise-diamantee-poire-3-mm-ref-8881-01\/","og_site_name":"Districos Webshop","article_modified_time":"2026-04-28T11:36:54+00:00","twitter_card":"summary_large_image","twitter_misc":{"Dur\u00e9e de lecture estim\u00e9e":"1 minute"},"schema":{"@context":"https:\/\/schema.org","@graph":[{"@type":"WebPage","@id":"https:\/\/districos.standingout.be\/fr\/product\/districos-fraise-diamantee-poire-3-mm-ref-8881-01\/","url":"https:\/\/districos.standingout.be\/fr\/product\/districos-fraise-diamantee-poire-3-mm-ref-8881-01\/","name":"Districos Fraise Diamant\u00e9e Poire 3 mm - Districos Webshop","isPartOf":{"@id":"https:\/\/districos.standingout.be\/fr\/#website"},"primaryImageOfPage":{"@id":"https:\/\/districos.standingout.be\/fr\/product\/districos-fraise-diamantee-poire-3-mm-ref-8881-01\/#primaryimage"},"image":{"@id":"https:\/\/districos.standingout.be\/fr\/product\/districos-fraise-diamantee-poire-3-mm-ref-8881-01\/#primaryimage"},"thumbnailUrl":"https:\/\/districos.standingout.be\/wp-content\/uploads\/2025\/07\/8881.01@LowRes_1_0.png","datePublished":"2026-04-28T11:36:49+00:00","dateModified":"2026-04-28T11:36:54+00:00","breadcrumb":{"@id":"https:\/\/districos.standingout.be\/fr\/product\/districos-fraise-diamantee-poire-3-mm-ref-8881-01\/#breadcrumb"},"inLanguage":"fr-FR","potentialAction":[{"@type":"ReadAction","target":["https:\/\/districos.standingout.be\/fr\/product\/districos-fraise-diamantee-poire-3-mm-ref-8881-01\/"]}]},{"@type":"ImageObject","inLanguage":"fr-FR","@id":"https:\/\/districos.standingout.be\/fr\/product\/districos-fraise-diamantee-poire-3-mm-ref-8881-01\/#primaryimage","url":"https:\/\/districos.standingout.be\/wp-content\/uploads\/2025\/07\/8881.01@LowRes_1_0.png","contentUrl":"https:\/\/districos.standingout.be\/wp-content\/uploads\/2025\/07\/8881.01@LowRes_1_0.png","width":600,"height":600},{"@type":"BreadcrumbList","@id":"https:\/\/districos.standingout.be\/fr\/product\/districos-fraise-diamantee-poire-3-mm-ref-8881-01\/#breadcrumb","itemListElement":[{"@type":"ListItem","position":1,"name":"Home","item":"https:\/\/districos.standingout.be\/fr\/bienvenue-chez-districos\/"},{"@type":"ListItem","position":2,"name":"Boutique","item":"https:\/\/districos.standingout.be\/fr\/boutique\/"},{"@type":"ListItem","position":3,"name":"Districos Fraise Diamant\u00e9e Poire 3 mm"}]},{"@type":"WebSite","@id":"https:\/\/districos.standingout.be\/fr\/#website","url":"https:\/\/districos.standingout.be\/fr\/","name":"Districos Webshop","description":"","publisher":{"@id":"https:\/\/districos.standingout.be\/fr\/#organization"},"potentialAction":[{"@type":"SearchAction","target":{"@type":"EntryPoint","urlTemplate":"https:\/\/districos.standingout.be\/fr\/?s={search_term_string}"},"query-input":{"@type":"PropertyValueSpecification","valueRequired":true,"valueName":"search_term_string"}}],"inLanguage":"fr-FR"},{"@type":"Organization","@id":"https:\/\/districos.standingout.be\/fr\/#organization","name":"Districos Webshop","url":"https:\/\/districos.standingout.be\/fr\/","logo":{"@type":"ImageObject","inLanguage":"fr-FR","@id":"https:\/\/districos.standingout.be\/fr\/#\/schema\/logo\/image\/","url":"https:\/\/districos.standingout.be\/wp-content\/uploads\/2022\/09\/Districos_Logo_Webshop.svg","contentUrl":"https:\/\/districos.standingout.be\/wp-content\/uploads\/2022\/09\/Districos_Logo_Webshop.svg","caption":"Districos Webshop"},"image":{"@id":"https:\/\/districos.standingout.be\/fr\/#\/schema\/logo\/image\/"}}]}},"_links":{"self":[{"href":"https:\/\/districos.standingout.be\/fr\/wp-json\/wp\/v2\/product\/142255","targetHints":{"allow":["GET"]}}],"collection":[{"href":"https:\/\/districos.standingout.be\/fr\/wp-json\/wp\/v2\/product"}],"about":[{"href":"https:\/\/districos.standingout.be\/fr\/wp-json\/wp\/v2\/types\/product"}],"replies":[{"embeddable":true,"href":"https:\/\/districos.standingout.be\/fr\/wp-json\/wp\/v2\/comments?post=142255"}],"wp:featuredmedia":[{"embeddable":true,"href":"https:\/\/districos.standingout.be\/fr\/wp-json\/wp\/v2\/media\/85001"}],"wp:attachment":[{"href":"https:\/\/districos.standingout.be\/fr\/wp-json\/wp\/v2\/media?parent=142255"}],"wp:term":[{"taxonomy":"product_brand","embeddable":true,"href":"https:\/\/districos.standingout.be\/fr\/wp-json\/wp\/v2\/product_brand?post=142255"},{"taxonomy":"product_cat","embeddable":true,"href":"https:\/\/districos.standingout.be\/fr\/wp-json\/wp\/v2\/product_cat?post=142255"},{"taxonomy":"product_tag","embeddable":true,"href":"https:\/\/districos.standingout.be\/fr\/wp-json\/wp\/v2\/product_tag?post=142255"}],"curies":[{"name":"wp","href":"https:\/\/api.w.org\/{rel}","templated":true}]}}