{"id":142267,"date":"2026-04-28T13:37:20","date_gmt":"2026-04-28T11:37:20","guid":{"rendered":"https:\/\/webshopdistricoscom.webhosting.be\/product\/districos-bandes-abrasives-gros-80-grain-100-pcs-ref-8881-15\/"},"modified":"2026-04-28T13:37:26","modified_gmt":"2026-04-28T11:37:26","slug":"districos-bandes-abrasives-gros-80-grain-100-pcs-ref-8881-15","status":"publish","type":"product","link":"https:\/\/districos.standingout.be\/fr\/product\/districos-bandes-abrasives-gros-80-grain-100-pcs-ref-8881-15\/","title":{"rendered":"Districos Bandes Abrasives Gros 80 grain 100 pcs."},"content":{"rendered":"<p >\n<p dir=ltr>Bandes abrasifs grain gros pour la retouche d\u2019ongles artificiels et pour pr\u00e9parer l\u2019ongle naturel. Elles sont pos\u00e9es sur le mandrin en m\u00e9tal (R\u00e9f. 8881,12).<\/p>\n<p> Disponible en 3 grains : <\/p>\n<ul> <\/p>\n<li>fin : peut \u00eatre utilis\u00e9 sur l\u2019ongle naturel<\/li>\n<p> <\/p>\n<li>m\u00e9dium<\/li>\n<p> <\/p>\n<li>gros<\/li>\n<p> <\/ul>\n<p> Uniquement pour la technique \u00e0 sec. <\/p>\n<ul> <\/ul>\n<p> Emballage : 100 pi\u00e8ces<\/p>\n<p> \u00c9galement disponible en grain fin et m\u00e9dium ou par 25 pi\u00e8ces.<\/p><\/p>\n","protected":false},"excerpt":{"rendered":"<p>Bandes abrasifs grain gros pour la retouche d\u2019ongles artificiels et pour pr\u00e9parer l\u2019ongle naturel. Elles sont pos\u00e9es sur le mandrin en m\u00e9tal (R\u00e9f. 8881,12). Disponible en 3 grains : fin : peut \u00eatre utilis\u00e9 sur l\u2019ongle naturel m\u00e9dium gros Uniquement pour la technique \u00e0 sec. Emballage : 100 pi\u00e8ces \u00c9galement disponible en grain fin et [&hellip;]<\/p>\n","protected":false},"featured_media":113627,"comment_status":"open","ping_status":"closed","template":"","meta":{"_acf_changed":false},"product_brand":[10380],"product_cat":[9942,10026,10024,10273],"product_tag":[],"class_list":{"0":"post-142267","1":"product","2":"type-product","3":"status-publish","4":"has-post-thumbnail","6":"product_brand-districos-fr","7":"product_cat-beaute-pedicure-fraises","8":"product_cat-soins-des-pieds-podologie-fraises-ongle-en-acrylique","9":"product_cat-soins-des-pieds-podologie-fraises-ongle-en-gel","10":"product_cat-soins-des-pieds-podologie-fraises-toutes-les-fraises","12":"first","13":"instock","14":"taxable","15":"shipping-taxable","16":"product-type-simple"},"acf":[],"yoast_head":"<!-- This site is optimized with the Yoast SEO plugin v27.3 - https:\/\/yoast.com\/product\/yoast-seo-wordpress\/ -->\n<title>Districos Bandes Abrasives Gros 80 grain 100 pcs. - Districos Webshop<\/title>\n<meta name=\"robots\" content=\"noindex, follow, max-snippet:-1, max-image-preview:large, max-video-preview:-1\" \/>\n<meta property=\"og:locale\" content=\"fr_FR\" \/>\n<meta property=\"og:type\" content=\"article\" \/>\n<meta property=\"og:title\" content=\"Districos Bandes Abrasives Gros 80 grain 100 pcs. - Districos Webshop\" \/>\n<meta property=\"og:description\" content=\"Bandes abrasifs grain gros pour la retouche d\u2019ongles artificiels et pour pr\u00e9parer l\u2019ongle naturel. Elles sont pos\u00e9es sur le mandrin en m\u00e9tal (R\u00e9f. 8881,12). Disponible en 3 grains : fin : peut \u00eatre utilis\u00e9 sur l\u2019ongle naturel m\u00e9dium gros Uniquement pour la technique \u00e0 sec. Emballage : 100 pi\u00e8ces \u00c9galement disponible en grain fin et [&hellip;]\" \/>\n<meta property=\"og:url\" content=\"https:\/\/districos.standingout.be\/fr\/product\/districos-bandes-abrasives-gros-80-grain-100-pcs-ref-8881-15\/\" \/>\n<meta property=\"og:site_name\" content=\"Districos Webshop\" \/>\n<meta property=\"article:modified_time\" content=\"2026-04-28T11:37:26+00:00\" \/>\n<meta name=\"twitter:card\" content=\"summary_large_image\" \/>\n<script type=\"application\/ld+json\" class=\"yoast-schema-graph\">{\"@context\":\"https:\\\/\\\/schema.org\",\"@graph\":[{\"@type\":\"WebPage\",\"@id\":\"https:\\\/\\\/districos.standingout.be\\\/fr\\\/product\\\/districos-bandes-abrasives-gros-80-grain-100-pcs-ref-8881-15\\\/\",\"url\":\"https:\\\/\\\/districos.standingout.be\\\/fr\\\/product\\\/districos-bandes-abrasives-gros-80-grain-100-pcs-ref-8881-15\\\/\",\"name\":\"Districos Bandes Abrasives Gros 80 grain 100 pcs. - Districos Webshop\",\"isPartOf\":{\"@id\":\"https:\\\/\\\/districos.standingout.be\\\/fr\\\/#website\"},\"primaryImageOfPage\":{\"@id\":\"https:\\\/\\\/districos.standingout.be\\\/fr\\\/product\\\/districos-bandes-abrasives-gros-80-grain-100-pcs-ref-8881-15\\\/#primaryimage\"},\"image\":{\"@id\":\"https:\\\/\\\/districos.standingout.be\\\/fr\\\/product\\\/districos-bandes-abrasives-gros-80-grain-100-pcs-ref-8881-15\\\/#primaryimage\"},\"thumbnailUrl\":\"https:\\\/\\\/districos.standingout.be\\\/wp-content\\\/uploads\\\/2026\\\/03\\\/8881.15@LowRes_1_0.png\",\"datePublished\":\"2026-04-28T11:37:20+00:00\",\"dateModified\":\"2026-04-28T11:37:26+00:00\",\"breadcrumb\":{\"@id\":\"https:\\\/\\\/districos.standingout.be\\\/fr\\\/product\\\/districos-bandes-abrasives-gros-80-grain-100-pcs-ref-8881-15\\\/#breadcrumb\"},\"inLanguage\":\"fr-FR\",\"potentialAction\":[{\"@type\":\"ReadAction\",\"target\":[\"https:\\\/\\\/districos.standingout.be\\\/fr\\\/product\\\/districos-bandes-abrasives-gros-80-grain-100-pcs-ref-8881-15\\\/\"]}]},{\"@type\":\"ImageObject\",\"inLanguage\":\"fr-FR\",\"@id\":\"https:\\\/\\\/districos.standingout.be\\\/fr\\\/product\\\/districos-bandes-abrasives-gros-80-grain-100-pcs-ref-8881-15\\\/#primaryimage\",\"url\":\"https:\\\/\\\/districos.standingout.be\\\/wp-content\\\/uploads\\\/2026\\\/03\\\/8881.15@LowRes_1_0.png\",\"contentUrl\":\"https:\\\/\\\/districos.standingout.be\\\/wp-content\\\/uploads\\\/2026\\\/03\\\/8881.15@LowRes_1_0.png\",\"width\":600,\"height\":600},{\"@type\":\"BreadcrumbList\",\"@id\":\"https:\\\/\\\/districos.standingout.be\\\/fr\\\/product\\\/districos-bandes-abrasives-gros-80-grain-100-pcs-ref-8881-15\\\/#breadcrumb\",\"itemListElement\":[{\"@type\":\"ListItem\",\"position\":1,\"name\":\"Home\",\"item\":\"https:\\\/\\\/districos.standingout.be\\\/fr\\\/bienvenue-chez-districos\\\/\"},{\"@type\":\"ListItem\",\"position\":2,\"name\":\"Boutique\",\"item\":\"https:\\\/\\\/districos.standingout.be\\\/fr\\\/boutique\\\/\"},{\"@type\":\"ListItem\",\"position\":3,\"name\":\"Districos Bandes Abrasives Gros 80 grain 100 pcs.\"}]},{\"@type\":\"WebSite\",\"@id\":\"https:\\\/\\\/districos.standingout.be\\\/fr\\\/#website\",\"url\":\"https:\\\/\\\/districos.standingout.be\\\/fr\\\/\",\"name\":\"Districos Webshop\",\"description\":\"\",\"publisher\":{\"@id\":\"https:\\\/\\\/districos.standingout.be\\\/fr\\\/#organization\"},\"potentialAction\":[{\"@type\":\"SearchAction\",\"target\":{\"@type\":\"EntryPoint\",\"urlTemplate\":\"https:\\\/\\\/districos.standingout.be\\\/fr\\\/?s={search_term_string}\"},\"query-input\":{\"@type\":\"PropertyValueSpecification\",\"valueRequired\":true,\"valueName\":\"search_term_string\"}}],\"inLanguage\":\"fr-FR\"},{\"@type\":\"Organization\",\"@id\":\"https:\\\/\\\/districos.standingout.be\\\/fr\\\/#organization\",\"name\":\"Districos Webshop\",\"url\":\"https:\\\/\\\/districos.standingout.be\\\/fr\\\/\",\"logo\":{\"@type\":\"ImageObject\",\"inLanguage\":\"fr-FR\",\"@id\":\"https:\\\/\\\/districos.standingout.be\\\/fr\\\/#\\\/schema\\\/logo\\\/image\\\/\",\"url\":\"https:\\\/\\\/districos.standingout.be\\\/wp-content\\\/uploads\\\/2022\\\/09\\\/Districos_Logo_Webshop.svg\",\"contentUrl\":\"https:\\\/\\\/districos.standingout.be\\\/wp-content\\\/uploads\\\/2022\\\/09\\\/Districos_Logo_Webshop.svg\",\"caption\":\"Districos Webshop\"},\"image\":{\"@id\":\"https:\\\/\\\/districos.standingout.be\\\/fr\\\/#\\\/schema\\\/logo\\\/image\\\/\"}}]}<\/script>\n<!-- \/ Yoast SEO plugin. -->","yoast_head_json":{"title":"Districos Bandes Abrasives Gros 80 grain 100 pcs. - Districos Webshop","robots":{"index":"noindex","follow":"follow","max-snippet":"max-snippet:-1","max-image-preview":"max-image-preview:large","max-video-preview":"max-video-preview:-1"},"og_locale":"fr_FR","og_type":"article","og_title":"Districos Bandes Abrasives Gros 80 grain 100 pcs. - Districos Webshop","og_description":"Bandes abrasifs grain gros pour la retouche d\u2019ongles artificiels et pour pr\u00e9parer l\u2019ongle naturel. Elles sont pos\u00e9es sur le mandrin en m\u00e9tal (R\u00e9f. 8881,12). Disponible en 3 grains : fin : peut \u00eatre utilis\u00e9 sur l\u2019ongle naturel m\u00e9dium gros Uniquement pour la technique \u00e0 sec. Emballage : 100 pi\u00e8ces \u00c9galement disponible en grain fin et [&hellip;]","og_url":"https:\/\/districos.standingout.be\/fr\/product\/districos-bandes-abrasives-gros-80-grain-100-pcs-ref-8881-15\/","og_site_name":"Districos Webshop","article_modified_time":"2026-04-28T11:37:26+00:00","twitter_card":"summary_large_image","schema":{"@context":"https:\/\/schema.org","@graph":[{"@type":"WebPage","@id":"https:\/\/districos.standingout.be\/fr\/product\/districos-bandes-abrasives-gros-80-grain-100-pcs-ref-8881-15\/","url":"https:\/\/districos.standingout.be\/fr\/product\/districos-bandes-abrasives-gros-80-grain-100-pcs-ref-8881-15\/","name":"Districos Bandes Abrasives Gros 80 grain 100 pcs. - Districos Webshop","isPartOf":{"@id":"https:\/\/districos.standingout.be\/fr\/#website"},"primaryImageOfPage":{"@id":"https:\/\/districos.standingout.be\/fr\/product\/districos-bandes-abrasives-gros-80-grain-100-pcs-ref-8881-15\/#primaryimage"},"image":{"@id":"https:\/\/districos.standingout.be\/fr\/product\/districos-bandes-abrasives-gros-80-grain-100-pcs-ref-8881-15\/#primaryimage"},"thumbnailUrl":"https:\/\/districos.standingout.be\/wp-content\/uploads\/2026\/03\/8881.15@LowRes_1_0.png","datePublished":"2026-04-28T11:37:20+00:00","dateModified":"2026-04-28T11:37:26+00:00","breadcrumb":{"@id":"https:\/\/districos.standingout.be\/fr\/product\/districos-bandes-abrasives-gros-80-grain-100-pcs-ref-8881-15\/#breadcrumb"},"inLanguage":"fr-FR","potentialAction":[{"@type":"ReadAction","target":["https:\/\/districos.standingout.be\/fr\/product\/districos-bandes-abrasives-gros-80-grain-100-pcs-ref-8881-15\/"]}]},{"@type":"ImageObject","inLanguage":"fr-FR","@id":"https:\/\/districos.standingout.be\/fr\/product\/districos-bandes-abrasives-gros-80-grain-100-pcs-ref-8881-15\/#primaryimage","url":"https:\/\/districos.standingout.be\/wp-content\/uploads\/2026\/03\/8881.15@LowRes_1_0.png","contentUrl":"https:\/\/districos.standingout.be\/wp-content\/uploads\/2026\/03\/8881.15@LowRes_1_0.png","width":600,"height":600},{"@type":"BreadcrumbList","@id":"https:\/\/districos.standingout.be\/fr\/product\/districos-bandes-abrasives-gros-80-grain-100-pcs-ref-8881-15\/#breadcrumb","itemListElement":[{"@type":"ListItem","position":1,"name":"Home","item":"https:\/\/districos.standingout.be\/fr\/bienvenue-chez-districos\/"},{"@type":"ListItem","position":2,"name":"Boutique","item":"https:\/\/districos.standingout.be\/fr\/boutique\/"},{"@type":"ListItem","position":3,"name":"Districos Bandes Abrasives Gros 80 grain 100 pcs."}]},{"@type":"WebSite","@id":"https:\/\/districos.standingout.be\/fr\/#website","url":"https:\/\/districos.standingout.be\/fr\/","name":"Districos Webshop","description":"","publisher":{"@id":"https:\/\/districos.standingout.be\/fr\/#organization"},"potentialAction":[{"@type":"SearchAction","target":{"@type":"EntryPoint","urlTemplate":"https:\/\/districos.standingout.be\/fr\/?s={search_term_string}"},"query-input":{"@type":"PropertyValueSpecification","valueRequired":true,"valueName":"search_term_string"}}],"inLanguage":"fr-FR"},{"@type":"Organization","@id":"https:\/\/districos.standingout.be\/fr\/#organization","name":"Districos Webshop","url":"https:\/\/districos.standingout.be\/fr\/","logo":{"@type":"ImageObject","inLanguage":"fr-FR","@id":"https:\/\/districos.standingout.be\/fr\/#\/schema\/logo\/image\/","url":"https:\/\/districos.standingout.be\/wp-content\/uploads\/2022\/09\/Districos_Logo_Webshop.svg","contentUrl":"https:\/\/districos.standingout.be\/wp-content\/uploads\/2022\/09\/Districos_Logo_Webshop.svg","caption":"Districos Webshop"},"image":{"@id":"https:\/\/districos.standingout.be\/fr\/#\/schema\/logo\/image\/"}}]}},"_links":{"self":[{"href":"https:\/\/districos.standingout.be\/fr\/wp-json\/wp\/v2\/product\/142267","targetHints":{"allow":["GET"]}}],"collection":[{"href":"https:\/\/districos.standingout.be\/fr\/wp-json\/wp\/v2\/product"}],"about":[{"href":"https:\/\/districos.standingout.be\/fr\/wp-json\/wp\/v2\/types\/product"}],"replies":[{"embeddable":true,"href":"https:\/\/districos.standingout.be\/fr\/wp-json\/wp\/v2\/comments?post=142267"}],"wp:featuredmedia":[{"embeddable":true,"href":"https:\/\/districos.standingout.be\/fr\/wp-json\/wp\/v2\/media\/113627"}],"wp:attachment":[{"href":"https:\/\/districos.standingout.be\/fr\/wp-json\/wp\/v2\/media?parent=142267"}],"wp:term":[{"taxonomy":"product_brand","embeddable":true,"href":"https:\/\/districos.standingout.be\/fr\/wp-json\/wp\/v2\/product_brand?post=142267"},{"taxonomy":"product_cat","embeddable":true,"href":"https:\/\/districos.standingout.be\/fr\/wp-json\/wp\/v2\/product_cat?post=142267"},{"taxonomy":"product_tag","embeddable":true,"href":"https:\/\/districos.standingout.be\/fr\/wp-json\/wp\/v2\/product_tag?post=142267"}],"curies":[{"name":"wp","href":"https:\/\/api.w.org\/{rel}","templated":true}]}}