{"id":142275,"date":"2026-04-28T13:37:39","date_gmt":"2026-04-28T11:37:39","guid":{"rendered":"https:\/\/webshopdistricoscom.webhosting.be\/product\/porte-fraises-sterilisable-ref-8881-77\/"},"modified":"2026-04-28T13:37:42","modified_gmt":"2026-04-28T11:37:42","slug":"porte-fraises-sterilisable-ref-8881-77","status":"publish","type":"product","link":"https:\/\/districos.standingout.be\/fr\/product\/porte-fraises-sterilisable-ref-8881-77\/","title":{"rendered":"Porte-Fraises St\u00e9rilisable"},"content":{"rendered":"<p >\n<p dir=ltr>Support pour nettoyer, st\u00e9riliser et ranger vos fraises de mani\u00e8re pratique et efficace. Appropri\u00e9 pour 16 fraises (peut \u00e9galement \u00eatre utilis\u00e9 pour les fraises turbine). En utilisant le support, vous \u00e9vitez que les fraises ne frottent l\u2019une contre l\u2019autre dans le nettoyeur \u00e0 ultrasons et ainsi ne se d\u00e9gradent. Peut \u00e9galement \u00eatre st\u00e9rilis\u00e9 dans le St\u00e9rilisateur \u00e0 air chaud Emmi-Steri 15 (jusqu&rsquo;\u00e0 180\u00b0) et dans un Autoclave (jusqu&rsquo;\u00e0 134\u00b0), mais PAS dans le st\u00e9rilisateur \u00e0 air chaud TAU (voir p. 343). Utilisez le porte-fraises m\u00e9tallique. Livr\u00e9 avec bo\u00eete de rangement.&nbsp;<\/p>\n<p> Attention ! Contrairement \u00e0 la bo\u00eete de rangement du Steri-Safe Pro, cette bo\u00eete n\u2019est pas herm\u00e9tique et est seulement destin\u00e9e au rangement. <\/p><\/p>\n","protected":false},"excerpt":{"rendered":"<p>Support pour nettoyer, st\u00e9riliser et ranger vos fraises de mani\u00e8re pratique et efficace. Appropri\u00e9 pour 16 fraises (peut \u00e9galement \u00eatre utilis\u00e9 pour les fraises turbine). En utilisant le support, vous \u00e9vitez que les fraises ne frottent l\u2019une contre l\u2019autre dans le nettoyeur \u00e0 ultrasons et ainsi ne se d\u00e9gradent. Peut \u00e9galement \u00eatre st\u00e9rilis\u00e9 dans le [&hellip;]<\/p>\n","protected":false},"featured_media":113639,"comment_status":"open","ping_status":"closed","template":"","meta":{"_acf_changed":false},"product_brand":[10380],"product_cat":[10032,9942,10273],"product_tag":[],"class_list":{"0":"post-142275","1":"product","2":"type-product","3":"status-publish","4":"has-post-thumbnail","6":"product_brand-districos-fr","7":"product_cat-soins-des-pieds-podologie-fraises-accessoires","8":"product_cat-beaute-pedicure-fraises","9":"product_cat-soins-des-pieds-podologie-fraises-toutes-les-fraises","11":"first","12":"instock","13":"taxable","14":"shipping-taxable","15":"product-type-simple"},"acf":[],"yoast_head":"<!-- This site is optimized with the Yoast SEO plugin v27.3 - https:\/\/yoast.com\/product\/yoast-seo-wordpress\/ -->\n<title>Porte-Fraises St\u00e9rilisable - Districos Webshop<\/title>\n<meta name=\"robots\" content=\"noindex, follow, max-snippet:-1, max-image-preview:large, max-video-preview:-1\" \/>\n<meta property=\"og:locale\" content=\"fr_FR\" \/>\n<meta property=\"og:type\" content=\"article\" \/>\n<meta property=\"og:title\" content=\"Porte-Fraises St\u00e9rilisable - Districos Webshop\" \/>\n<meta property=\"og:description\" content=\"Support pour nettoyer, st\u00e9riliser et ranger vos fraises de mani\u00e8re pratique et efficace. Appropri\u00e9 pour 16 fraises (peut \u00e9galement \u00eatre utilis\u00e9 pour les fraises turbine). En utilisant le support, vous \u00e9vitez que les fraises ne frottent l\u2019une contre l\u2019autre dans le nettoyeur \u00e0 ultrasons et ainsi ne se d\u00e9gradent. Peut \u00e9galement \u00eatre st\u00e9rilis\u00e9 dans le [&hellip;]\" \/>\n<meta property=\"og:url\" content=\"https:\/\/districos.standingout.be\/fr\/product\/porte-fraises-sterilisable-ref-8881-77\/\" \/>\n<meta property=\"og:site_name\" content=\"Districos Webshop\" \/>\n<meta property=\"article:modified_time\" content=\"2026-04-28T11:37:42+00:00\" \/>\n<meta name=\"twitter:card\" content=\"summary_large_image\" \/>\n<meta name=\"twitter:label1\" content=\"Dur\u00e9e de lecture estim\u00e9e\" \/>\n\t<meta name=\"twitter:data1\" content=\"1 minute\" \/>\n<script type=\"application\/ld+json\" class=\"yoast-schema-graph\">{\"@context\":\"https:\\\/\\\/schema.org\",\"@graph\":[{\"@type\":\"WebPage\",\"@id\":\"https:\\\/\\\/districos.standingout.be\\\/fr\\\/product\\\/porte-fraises-sterilisable-ref-8881-77\\\/\",\"url\":\"https:\\\/\\\/districos.standingout.be\\\/fr\\\/product\\\/porte-fraises-sterilisable-ref-8881-77\\\/\",\"name\":\"Porte-Fraises St\u00e9rilisable - Districos Webshop\",\"isPartOf\":{\"@id\":\"https:\\\/\\\/districos.standingout.be\\\/fr\\\/#website\"},\"primaryImageOfPage\":{\"@id\":\"https:\\\/\\\/districos.standingout.be\\\/fr\\\/product\\\/porte-fraises-sterilisable-ref-8881-77\\\/#primaryimage\"},\"image\":{\"@id\":\"https:\\\/\\\/districos.standingout.be\\\/fr\\\/product\\\/porte-fraises-sterilisable-ref-8881-77\\\/#primaryimage\"},\"thumbnailUrl\":\"https:\\\/\\\/districos.standingout.be\\\/wp-content\\\/uploads\\\/2026\\\/03\\\/8881.77@LowRes_1_0.png\",\"datePublished\":\"2026-04-28T11:37:39+00:00\",\"dateModified\":\"2026-04-28T11:37:42+00:00\",\"breadcrumb\":{\"@id\":\"https:\\\/\\\/districos.standingout.be\\\/fr\\\/product\\\/porte-fraises-sterilisable-ref-8881-77\\\/#breadcrumb\"},\"inLanguage\":\"fr-FR\",\"potentialAction\":[{\"@type\":\"ReadAction\",\"target\":[\"https:\\\/\\\/districos.standingout.be\\\/fr\\\/product\\\/porte-fraises-sterilisable-ref-8881-77\\\/\"]}]},{\"@type\":\"ImageObject\",\"inLanguage\":\"fr-FR\",\"@id\":\"https:\\\/\\\/districos.standingout.be\\\/fr\\\/product\\\/porte-fraises-sterilisable-ref-8881-77\\\/#primaryimage\",\"url\":\"https:\\\/\\\/districos.standingout.be\\\/wp-content\\\/uploads\\\/2026\\\/03\\\/8881.77@LowRes_1_0.png\",\"contentUrl\":\"https:\\\/\\\/districos.standingout.be\\\/wp-content\\\/uploads\\\/2026\\\/03\\\/8881.77@LowRes_1_0.png\",\"width\":600,\"height\":600},{\"@type\":\"BreadcrumbList\",\"@id\":\"https:\\\/\\\/districos.standingout.be\\\/fr\\\/product\\\/porte-fraises-sterilisable-ref-8881-77\\\/#breadcrumb\",\"itemListElement\":[{\"@type\":\"ListItem\",\"position\":1,\"name\":\"Home\",\"item\":\"https:\\\/\\\/districos.standingout.be\\\/fr\\\/bienvenue-chez-districos\\\/\"},{\"@type\":\"ListItem\",\"position\":2,\"name\":\"Boutique\",\"item\":\"https:\\\/\\\/districos.standingout.be\\\/fr\\\/boutique\\\/\"},{\"@type\":\"ListItem\",\"position\":3,\"name\":\"Porte-Fraises St\u00e9rilisable\"}]},{\"@type\":\"WebSite\",\"@id\":\"https:\\\/\\\/districos.standingout.be\\\/fr\\\/#website\",\"url\":\"https:\\\/\\\/districos.standingout.be\\\/fr\\\/\",\"name\":\"Districos Webshop\",\"description\":\"\",\"publisher\":{\"@id\":\"https:\\\/\\\/districos.standingout.be\\\/fr\\\/#organization\"},\"potentialAction\":[{\"@type\":\"SearchAction\",\"target\":{\"@type\":\"EntryPoint\",\"urlTemplate\":\"https:\\\/\\\/districos.standingout.be\\\/fr\\\/?s={search_term_string}\"},\"query-input\":{\"@type\":\"PropertyValueSpecification\",\"valueRequired\":true,\"valueName\":\"search_term_string\"}}],\"inLanguage\":\"fr-FR\"},{\"@type\":\"Organization\",\"@id\":\"https:\\\/\\\/districos.standingout.be\\\/fr\\\/#organization\",\"name\":\"Districos Webshop\",\"url\":\"https:\\\/\\\/districos.standingout.be\\\/fr\\\/\",\"logo\":{\"@type\":\"ImageObject\",\"inLanguage\":\"fr-FR\",\"@id\":\"https:\\\/\\\/districos.standingout.be\\\/fr\\\/#\\\/schema\\\/logo\\\/image\\\/\",\"url\":\"https:\\\/\\\/districos.standingout.be\\\/wp-content\\\/uploads\\\/2022\\\/09\\\/Districos_Logo_Webshop.svg\",\"contentUrl\":\"https:\\\/\\\/districos.standingout.be\\\/wp-content\\\/uploads\\\/2022\\\/09\\\/Districos_Logo_Webshop.svg\",\"caption\":\"Districos Webshop\"},\"image\":{\"@id\":\"https:\\\/\\\/districos.standingout.be\\\/fr\\\/#\\\/schema\\\/logo\\\/image\\\/\"}}]}<\/script>\n<!-- \/ Yoast SEO plugin. -->","yoast_head_json":{"title":"Porte-Fraises St\u00e9rilisable - Districos Webshop","robots":{"index":"noindex","follow":"follow","max-snippet":"max-snippet:-1","max-image-preview":"max-image-preview:large","max-video-preview":"max-video-preview:-1"},"og_locale":"fr_FR","og_type":"article","og_title":"Porte-Fraises St\u00e9rilisable - Districos Webshop","og_description":"Support pour nettoyer, st\u00e9riliser et ranger vos fraises de mani\u00e8re pratique et efficace. Appropri\u00e9 pour 16 fraises (peut \u00e9galement \u00eatre utilis\u00e9 pour les fraises turbine). En utilisant le support, vous \u00e9vitez que les fraises ne frottent l\u2019une contre l\u2019autre dans le nettoyeur \u00e0 ultrasons et ainsi ne se d\u00e9gradent. Peut \u00e9galement \u00eatre st\u00e9rilis\u00e9 dans le [&hellip;]","og_url":"https:\/\/districos.standingout.be\/fr\/product\/porte-fraises-sterilisable-ref-8881-77\/","og_site_name":"Districos Webshop","article_modified_time":"2026-04-28T11:37:42+00:00","twitter_card":"summary_large_image","twitter_misc":{"Dur\u00e9e de lecture estim\u00e9e":"1 minute"},"schema":{"@context":"https:\/\/schema.org","@graph":[{"@type":"WebPage","@id":"https:\/\/districos.standingout.be\/fr\/product\/porte-fraises-sterilisable-ref-8881-77\/","url":"https:\/\/districos.standingout.be\/fr\/product\/porte-fraises-sterilisable-ref-8881-77\/","name":"Porte-Fraises St\u00e9rilisable - Districos Webshop","isPartOf":{"@id":"https:\/\/districos.standingout.be\/fr\/#website"},"primaryImageOfPage":{"@id":"https:\/\/districos.standingout.be\/fr\/product\/porte-fraises-sterilisable-ref-8881-77\/#primaryimage"},"image":{"@id":"https:\/\/districos.standingout.be\/fr\/product\/porte-fraises-sterilisable-ref-8881-77\/#primaryimage"},"thumbnailUrl":"https:\/\/districos.standingout.be\/wp-content\/uploads\/2026\/03\/8881.77@LowRes_1_0.png","datePublished":"2026-04-28T11:37:39+00:00","dateModified":"2026-04-28T11:37:42+00:00","breadcrumb":{"@id":"https:\/\/districos.standingout.be\/fr\/product\/porte-fraises-sterilisable-ref-8881-77\/#breadcrumb"},"inLanguage":"fr-FR","potentialAction":[{"@type":"ReadAction","target":["https:\/\/districos.standingout.be\/fr\/product\/porte-fraises-sterilisable-ref-8881-77\/"]}]},{"@type":"ImageObject","inLanguage":"fr-FR","@id":"https:\/\/districos.standingout.be\/fr\/product\/porte-fraises-sterilisable-ref-8881-77\/#primaryimage","url":"https:\/\/districos.standingout.be\/wp-content\/uploads\/2026\/03\/8881.77@LowRes_1_0.png","contentUrl":"https:\/\/districos.standingout.be\/wp-content\/uploads\/2026\/03\/8881.77@LowRes_1_0.png","width":600,"height":600},{"@type":"BreadcrumbList","@id":"https:\/\/districos.standingout.be\/fr\/product\/porte-fraises-sterilisable-ref-8881-77\/#breadcrumb","itemListElement":[{"@type":"ListItem","position":1,"name":"Home","item":"https:\/\/districos.standingout.be\/fr\/bienvenue-chez-districos\/"},{"@type":"ListItem","position":2,"name":"Boutique","item":"https:\/\/districos.standingout.be\/fr\/boutique\/"},{"@type":"ListItem","position":3,"name":"Porte-Fraises St\u00e9rilisable"}]},{"@type":"WebSite","@id":"https:\/\/districos.standingout.be\/fr\/#website","url":"https:\/\/districos.standingout.be\/fr\/","name":"Districos Webshop","description":"","publisher":{"@id":"https:\/\/districos.standingout.be\/fr\/#organization"},"potentialAction":[{"@type":"SearchAction","target":{"@type":"EntryPoint","urlTemplate":"https:\/\/districos.standingout.be\/fr\/?s={search_term_string}"},"query-input":{"@type":"PropertyValueSpecification","valueRequired":true,"valueName":"search_term_string"}}],"inLanguage":"fr-FR"},{"@type":"Organization","@id":"https:\/\/districos.standingout.be\/fr\/#organization","name":"Districos Webshop","url":"https:\/\/districos.standingout.be\/fr\/","logo":{"@type":"ImageObject","inLanguage":"fr-FR","@id":"https:\/\/districos.standingout.be\/fr\/#\/schema\/logo\/image\/","url":"https:\/\/districos.standingout.be\/wp-content\/uploads\/2022\/09\/Districos_Logo_Webshop.svg","contentUrl":"https:\/\/districos.standingout.be\/wp-content\/uploads\/2022\/09\/Districos_Logo_Webshop.svg","caption":"Districos Webshop"},"image":{"@id":"https:\/\/districos.standingout.be\/fr\/#\/schema\/logo\/image\/"}}]}},"_links":{"self":[{"href":"https:\/\/districos.standingout.be\/fr\/wp-json\/wp\/v2\/product\/142275","targetHints":{"allow":["GET"]}}],"collection":[{"href":"https:\/\/districos.standingout.be\/fr\/wp-json\/wp\/v2\/product"}],"about":[{"href":"https:\/\/districos.standingout.be\/fr\/wp-json\/wp\/v2\/types\/product"}],"replies":[{"embeddable":true,"href":"https:\/\/districos.standingout.be\/fr\/wp-json\/wp\/v2\/comments?post=142275"}],"wp:featuredmedia":[{"embeddable":true,"href":"https:\/\/districos.standingout.be\/fr\/wp-json\/wp\/v2\/media\/113639"}],"wp:attachment":[{"href":"https:\/\/districos.standingout.be\/fr\/wp-json\/wp\/v2\/media?parent=142275"}],"wp:term":[{"taxonomy":"product_brand","embeddable":true,"href":"https:\/\/districos.standingout.be\/fr\/wp-json\/wp\/v2\/product_brand?post=142275"},{"taxonomy":"product_cat","embeddable":true,"href":"https:\/\/districos.standingout.be\/fr\/wp-json\/wp\/v2\/product_cat?post=142275"},{"taxonomy":"product_tag","embeddable":true,"href":"https:\/\/districos.standingout.be\/fr\/wp-json\/wp\/v2\/product_tag?post=142275"}],"curies":[{"name":"wp","href":"https:\/\/api.w.org\/{rel}","templated":true}]}}