{"id":142279,"date":"2026-04-28T13:38:10","date_gmt":"2026-04-28T11:38:10","guid":{"rendered":"https:\/\/webshopdistricoscom.webhosting.be\/product\/strong-90n-ref-8883-11-2\/"},"modified":"2026-04-28T13:38:19","modified_gmt":"2026-04-28T11:38:19","slug":"strong-90n-ref-8883-11","status":"publish","type":"product","link":"https:\/\/districos.standingout.be\/fr\/product\/strong-90n-ref-8883-11\/","title":{"rendered":"Strong 90N"},"content":{"rendered":"<p >\n<p dir=\"ltr\">Fraiseuse pour la manucure (ongles naturels et artificiels) et la p\u00e9dicure.<br \/> Id\u00e9ale pour usage en d\u00e9placement.<br \/> Une solution raisonnable pour des \u00e9tudiant(e)s pr\u00e9f\u00e9rant une fraiseuse de premi\u00e8re qualit\u00e9.<\/p>\n<ul>\n<li> G\/D : Tourne aussi bien \u00e0 gauche qu\u2019\u00e0 droite.<\/li>\n<li> Caract\u00e9ristiques techniques : 30.000 tpm. Puissance: 55 W.<\/li>\n<li>Appareil compact et facile \u00e0 emporter en d\u00e9placement.<\/li>\n<li> Pi\u00e8ce \u00e0 main : Moteur dans la pi\u00e8ce \u00e0 main : 160 g. Support d\u00e9tach\u00e9 pour la pi\u00e8ce \u00e0 main.<\/li>\n<li> Inclus : Sac de transport et p\u00e9dale marche\/arr\u00eat.<\/li>\n<li> Dimensions base : 9,5 x 12,5 x 7 cm (L x l x h).<\/li>\n<li> Poids base : 1,46 kg.<\/li>\n<li> Option : adaptateur pour Omnicut<\/li>\n<\/ul><\/p>\n","protected":false},"excerpt":{"rendered":"<p>Fraiseuse pour la manucure (ongles naturels et artificiels) et la p\u00e9dicure. Id\u00e9ale pour usage en d\u00e9placement. Une solution raisonnable pour des \u00e9tudiant(e)s pr\u00e9f\u00e9rant une fraiseuse de premi\u00e8re qualit\u00e9. G\/D : Tourne aussi bien \u00e0 gauche qu\u2019\u00e0 droite. Caract\u00e9ristiques techniques : 30.000 tpm. Puissance: 55 W. Appareil compact et facile \u00e0 emporter en d\u00e9placement. Pi\u00e8ce \u00e0 [&hellip;]<\/p>\n","protected":false},"featured_media":85055,"comment_status":"open","ping_status":"closed","template":"","meta":{"_acf_changed":false},"product_brand":[10536],"product_cat":[9940,10096,10036],"product_tag":[],"class_list":{"0":"post-142279","1":"product","2":"type-product","3":"status-publish","4":"has-post-thumbnail","6":"product_brand-saeshin-fr","7":"product_cat-beaute-pedicure-fraiseuses","8":"product_cat-amenagement-equipement-pedicure","9":"product_cat-soins-des-pieds-podologie-fraiseuses-technique-a-sec","11":"first","12":"instock","13":"taxable","14":"shipping-taxable","15":"product-type-simple"},"acf":[],"yoast_head":"<!-- This site is optimized with the Yoast SEO plugin v27.3 - https:\/\/yoast.com\/product\/yoast-seo-wordpress\/ -->\n<title>Strong 90N - Districos Webshop<\/title>\n<meta name=\"robots\" content=\"noindex, follow, max-snippet:-1, max-image-preview:large, max-video-preview:-1\" \/>\n<meta property=\"og:locale\" content=\"fr_FR\" \/>\n<meta property=\"og:type\" content=\"article\" \/>\n<meta property=\"og:title\" content=\"Strong 90N - Districos Webshop\" \/>\n<meta property=\"og:description\" content=\"Fraiseuse pour la manucure (ongles naturels et artificiels) et la p\u00e9dicure. Id\u00e9ale pour usage en d\u00e9placement. Une solution raisonnable pour des \u00e9tudiant(e)s pr\u00e9f\u00e9rant une fraiseuse de premi\u00e8re qualit\u00e9. G\/D : Tourne aussi bien \u00e0 gauche qu\u2019\u00e0 droite. Caract\u00e9ristiques techniques : 30.000 tpm. Puissance: 55 W. Appareil compact et facile \u00e0 emporter en d\u00e9placement. Pi\u00e8ce \u00e0 [&hellip;]\" \/>\n<meta property=\"og:url\" content=\"https:\/\/districos.standingout.be\/fr\/product\/strong-90n-ref-8883-11\/\" \/>\n<meta property=\"og:site_name\" content=\"Districos Webshop\" \/>\n<meta property=\"article:modified_time\" content=\"2026-04-28T11:38:19+00:00\" \/>\n<meta name=\"twitter:card\" content=\"summary_large_image\" \/>\n<meta name=\"twitter:label1\" content=\"Dur\u00e9e de lecture estim\u00e9e\" \/>\n\t<meta name=\"twitter:data1\" content=\"1 minute\" \/>\n<script type=\"application\/ld+json\" class=\"yoast-schema-graph\">{\"@context\":\"https:\\\/\\\/schema.org\",\"@graph\":[{\"@type\":\"WebPage\",\"@id\":\"https:\\\/\\\/districos.standingout.be\\\/fr\\\/product\\\/strong-90n-ref-8883-11\\\/\",\"url\":\"https:\\\/\\\/districos.standingout.be\\\/fr\\\/product\\\/strong-90n-ref-8883-11\\\/\",\"name\":\"Strong 90N - Districos Webshop\",\"isPartOf\":{\"@id\":\"https:\\\/\\\/districos.standingout.be\\\/fr\\\/#website\"},\"primaryImageOfPage\":{\"@id\":\"https:\\\/\\\/districos.standingout.be\\\/fr\\\/product\\\/strong-90n-ref-8883-11\\\/#primaryimage\"},\"image\":{\"@id\":\"https:\\\/\\\/districos.standingout.be\\\/fr\\\/product\\\/strong-90n-ref-8883-11\\\/#primaryimage\"},\"thumbnailUrl\":\"https:\\\/\\\/districos.standingout.be\\\/wp-content\\\/uploads\\\/2025\\\/07\\\/8883.11@LowRes_1_0.png\",\"datePublished\":\"2026-04-28T11:38:10+00:00\",\"dateModified\":\"2026-04-28T11:38:19+00:00\",\"breadcrumb\":{\"@id\":\"https:\\\/\\\/districos.standingout.be\\\/fr\\\/product\\\/strong-90n-ref-8883-11\\\/#breadcrumb\"},\"inLanguage\":\"fr-FR\",\"potentialAction\":[{\"@type\":\"ReadAction\",\"target\":[\"https:\\\/\\\/districos.standingout.be\\\/fr\\\/product\\\/strong-90n-ref-8883-11\\\/\"]}]},{\"@type\":\"ImageObject\",\"inLanguage\":\"fr-FR\",\"@id\":\"https:\\\/\\\/districos.standingout.be\\\/fr\\\/product\\\/strong-90n-ref-8883-11\\\/#primaryimage\",\"url\":\"https:\\\/\\\/districos.standingout.be\\\/wp-content\\\/uploads\\\/2025\\\/07\\\/8883.11@LowRes_1_0.png\",\"contentUrl\":\"https:\\\/\\\/districos.standingout.be\\\/wp-content\\\/uploads\\\/2025\\\/07\\\/8883.11@LowRes_1_0.png\",\"width\":600,\"height\":600},{\"@type\":\"BreadcrumbList\",\"@id\":\"https:\\\/\\\/districos.standingout.be\\\/fr\\\/product\\\/strong-90n-ref-8883-11\\\/#breadcrumb\",\"itemListElement\":[{\"@type\":\"ListItem\",\"position\":1,\"name\":\"Home\",\"item\":\"https:\\\/\\\/districos.standingout.be\\\/fr\\\/bienvenue-chez-districos\\\/\"},{\"@type\":\"ListItem\",\"position\":2,\"name\":\"Boutique\",\"item\":\"https:\\\/\\\/districos.standingout.be\\\/fr\\\/boutique\\\/\"},{\"@type\":\"ListItem\",\"position\":3,\"name\":\"Strong 90N\"}]},{\"@type\":\"WebSite\",\"@id\":\"https:\\\/\\\/districos.standingout.be\\\/fr\\\/#website\",\"url\":\"https:\\\/\\\/districos.standingout.be\\\/fr\\\/\",\"name\":\"Districos Webshop\",\"description\":\"\",\"publisher\":{\"@id\":\"https:\\\/\\\/districos.standingout.be\\\/fr\\\/#organization\"},\"potentialAction\":[{\"@type\":\"SearchAction\",\"target\":{\"@type\":\"EntryPoint\",\"urlTemplate\":\"https:\\\/\\\/districos.standingout.be\\\/fr\\\/?s={search_term_string}\"},\"query-input\":{\"@type\":\"PropertyValueSpecification\",\"valueRequired\":true,\"valueName\":\"search_term_string\"}}],\"inLanguage\":\"fr-FR\"},{\"@type\":\"Organization\",\"@id\":\"https:\\\/\\\/districos.standingout.be\\\/fr\\\/#organization\",\"name\":\"Districos Webshop\",\"url\":\"https:\\\/\\\/districos.standingout.be\\\/fr\\\/\",\"logo\":{\"@type\":\"ImageObject\",\"inLanguage\":\"fr-FR\",\"@id\":\"https:\\\/\\\/districos.standingout.be\\\/fr\\\/#\\\/schema\\\/logo\\\/image\\\/\",\"url\":\"https:\\\/\\\/districos.standingout.be\\\/wp-content\\\/uploads\\\/2022\\\/09\\\/Districos_Logo_Webshop.svg\",\"contentUrl\":\"https:\\\/\\\/districos.standingout.be\\\/wp-content\\\/uploads\\\/2022\\\/09\\\/Districos_Logo_Webshop.svg\",\"caption\":\"Districos Webshop\"},\"image\":{\"@id\":\"https:\\\/\\\/districos.standingout.be\\\/fr\\\/#\\\/schema\\\/logo\\\/image\\\/\"}}]}<\/script>\n<!-- \/ Yoast SEO plugin. -->","yoast_head_json":{"title":"Strong 90N - Districos Webshop","robots":{"index":"noindex","follow":"follow","max-snippet":"max-snippet:-1","max-image-preview":"max-image-preview:large","max-video-preview":"max-video-preview:-1"},"og_locale":"fr_FR","og_type":"article","og_title":"Strong 90N - Districos Webshop","og_description":"Fraiseuse pour la manucure (ongles naturels et artificiels) et la p\u00e9dicure. Id\u00e9ale pour usage en d\u00e9placement. Une solution raisonnable pour des \u00e9tudiant(e)s pr\u00e9f\u00e9rant une fraiseuse de premi\u00e8re qualit\u00e9. G\/D : Tourne aussi bien \u00e0 gauche qu\u2019\u00e0 droite. Caract\u00e9ristiques techniques : 30.000 tpm. Puissance: 55 W. Appareil compact et facile \u00e0 emporter en d\u00e9placement. Pi\u00e8ce \u00e0 [&hellip;]","og_url":"https:\/\/districos.standingout.be\/fr\/product\/strong-90n-ref-8883-11\/","og_site_name":"Districos Webshop","article_modified_time":"2026-04-28T11:38:19+00:00","twitter_card":"summary_large_image","twitter_misc":{"Dur\u00e9e de lecture estim\u00e9e":"1 minute"},"schema":{"@context":"https:\/\/schema.org","@graph":[{"@type":"WebPage","@id":"https:\/\/districos.standingout.be\/fr\/product\/strong-90n-ref-8883-11\/","url":"https:\/\/districos.standingout.be\/fr\/product\/strong-90n-ref-8883-11\/","name":"Strong 90N - Districos Webshop","isPartOf":{"@id":"https:\/\/districos.standingout.be\/fr\/#website"},"primaryImageOfPage":{"@id":"https:\/\/districos.standingout.be\/fr\/product\/strong-90n-ref-8883-11\/#primaryimage"},"image":{"@id":"https:\/\/districos.standingout.be\/fr\/product\/strong-90n-ref-8883-11\/#primaryimage"},"thumbnailUrl":"https:\/\/districos.standingout.be\/wp-content\/uploads\/2025\/07\/8883.11@LowRes_1_0.png","datePublished":"2026-04-28T11:38:10+00:00","dateModified":"2026-04-28T11:38:19+00:00","breadcrumb":{"@id":"https:\/\/districos.standingout.be\/fr\/product\/strong-90n-ref-8883-11\/#breadcrumb"},"inLanguage":"fr-FR","potentialAction":[{"@type":"ReadAction","target":["https:\/\/districos.standingout.be\/fr\/product\/strong-90n-ref-8883-11\/"]}]},{"@type":"ImageObject","inLanguage":"fr-FR","@id":"https:\/\/districos.standingout.be\/fr\/product\/strong-90n-ref-8883-11\/#primaryimage","url":"https:\/\/districos.standingout.be\/wp-content\/uploads\/2025\/07\/8883.11@LowRes_1_0.png","contentUrl":"https:\/\/districos.standingout.be\/wp-content\/uploads\/2025\/07\/8883.11@LowRes_1_0.png","width":600,"height":600},{"@type":"BreadcrumbList","@id":"https:\/\/districos.standingout.be\/fr\/product\/strong-90n-ref-8883-11\/#breadcrumb","itemListElement":[{"@type":"ListItem","position":1,"name":"Home","item":"https:\/\/districos.standingout.be\/fr\/bienvenue-chez-districos\/"},{"@type":"ListItem","position":2,"name":"Boutique","item":"https:\/\/districos.standingout.be\/fr\/boutique\/"},{"@type":"ListItem","position":3,"name":"Strong 90N"}]},{"@type":"WebSite","@id":"https:\/\/districos.standingout.be\/fr\/#website","url":"https:\/\/districos.standingout.be\/fr\/","name":"Districos Webshop","description":"","publisher":{"@id":"https:\/\/districos.standingout.be\/fr\/#organization"},"potentialAction":[{"@type":"SearchAction","target":{"@type":"EntryPoint","urlTemplate":"https:\/\/districos.standingout.be\/fr\/?s={search_term_string}"},"query-input":{"@type":"PropertyValueSpecification","valueRequired":true,"valueName":"search_term_string"}}],"inLanguage":"fr-FR"},{"@type":"Organization","@id":"https:\/\/districos.standingout.be\/fr\/#organization","name":"Districos Webshop","url":"https:\/\/districos.standingout.be\/fr\/","logo":{"@type":"ImageObject","inLanguage":"fr-FR","@id":"https:\/\/districos.standingout.be\/fr\/#\/schema\/logo\/image\/","url":"https:\/\/districos.standingout.be\/wp-content\/uploads\/2022\/09\/Districos_Logo_Webshop.svg","contentUrl":"https:\/\/districos.standingout.be\/wp-content\/uploads\/2022\/09\/Districos_Logo_Webshop.svg","caption":"Districos Webshop"},"image":{"@id":"https:\/\/districos.standingout.be\/fr\/#\/schema\/logo\/image\/"}}]}},"_links":{"self":[{"href":"https:\/\/districos.standingout.be\/fr\/wp-json\/wp\/v2\/product\/142279","targetHints":{"allow":["GET"]}}],"collection":[{"href":"https:\/\/districos.standingout.be\/fr\/wp-json\/wp\/v2\/product"}],"about":[{"href":"https:\/\/districos.standingout.be\/fr\/wp-json\/wp\/v2\/types\/product"}],"replies":[{"embeddable":true,"href":"https:\/\/districos.standingout.be\/fr\/wp-json\/wp\/v2\/comments?post=142279"}],"wp:featuredmedia":[{"embeddable":true,"href":"https:\/\/districos.standingout.be\/fr\/wp-json\/wp\/v2\/media\/85055"}],"wp:attachment":[{"href":"https:\/\/districos.standingout.be\/fr\/wp-json\/wp\/v2\/media?parent=142279"}],"wp:term":[{"taxonomy":"product_brand","embeddable":true,"href":"https:\/\/districos.standingout.be\/fr\/wp-json\/wp\/v2\/product_brand?post=142279"},{"taxonomy":"product_cat","embeddable":true,"href":"https:\/\/districos.standingout.be\/fr\/wp-json\/wp\/v2\/product_cat?post=142279"},{"taxonomy":"product_tag","embeddable":true,"href":"https:\/\/districos.standingout.be\/fr\/wp-json\/wp\/v2\/product_tag?post=142279"}],"curies":[{"name":"wp","href":"https:\/\/api.w.org\/{rel}","templated":true}]}}