{"id":142283,"date":"2026-04-28T13:38:45","date_gmt":"2026-04-28T11:38:45","guid":{"rendered":"https:\/\/webshopdistricoscom.webhosting.be\/product\/strong-b350-fraiseuse-blanche-ref-8883-13w\/"},"modified":"2026-04-28T13:38:48","modified_gmt":"2026-04-28T11:38:48","slug":"strong-b350-fraiseuse-blanche-ref-8883-13w","status":"publish","type":"product","link":"https:\/\/districos.standingout.be\/fr\/product\/strong-b350-fraiseuse-blanche-ref-8883-13w\/","title":{"rendered":"Strong B350 Fraiseuse Blanche"},"content":{"rendered":"<p >\n<\/p>\n<p>Fraiseuse pour manucure (ongles naturels et artificiels) et p\u00e9dicure. Id\u00e9ale pour usage en d\u00e9placement. Une solution abordable pour des \u00e9tudiants pr\u00e9f\u00e9rant une fraiseuse de premi\u00e8re qualit\u00e9.<\/p>\n<\/p>\n<ul>\n<li>Rotation \u00e0 gauche et \u00e0 droite<\/li>\n<li>35.000 tr\/min\/puissance : 55 W<\/li>\n<li>Appareil compact et facile \u00e0 emporter<\/li>\n<li>Moteur int\u00e9gr\u00e9e dans la poign\u00e9e : 160 g<\/li>\n<li>Inclus : sac de transport et p\u00e9dale marche\/arr\u00eat<\/li>\n<li>Dimensions base : 9 x 15 x 8 cm (L x p x h)<\/li>\n<li>Couleur : blanc<\/li>\n<\/ul>\n<div><b>Option :<\/b> Adaptateur pour raccordement Omnicut (r\u00e9f. 8440.5311)<\/div>\n<div><b>Aussi disponible<\/b><\/div>\n<div>Strong B350 Fraiseuse Gris (<a href=\"https:\/\/www.districos.com\/ProductDetail\/8883.13G\" target=\"_blank\" rel=\"noopener noreferrer nofollow\"><font color=\"#0004ff\">r\u00e9f. 8883.13G<\/font><\/a>)<\/div>\n","protected":false},"excerpt":{"rendered":"<p>Fraiseuse pour manucure (ongles naturels et artificiels) et p\u00e9dicure. Id\u00e9ale pour usage en d\u00e9placement. Une solution abordable pour des \u00e9tudiants pr\u00e9f\u00e9rant une fraiseuse de premi\u00e8re qualit\u00e9. Rotation \u00e0 gauche et \u00e0 droite 35.000 tr\/min\/puissance : 55 W Appareil compact et facile \u00e0 emporter Moteur int\u00e9gr\u00e9e dans la poign\u00e9e : 160 g Inclus : sac de [&hellip;]<\/p>\n","protected":false},"featured_media":85061,"comment_status":"open","ping_status":"closed","template":"","meta":{"_acf_changed":false},"product_brand":[10536],"product_cat":[9940,10096,10036],"product_tag":[],"class_list":{"0":"post-142283","1":"product","2":"type-product","3":"status-publish","4":"has-post-thumbnail","6":"product_brand-saeshin-fr","7":"product_cat-beaute-pedicure-fraiseuses","8":"product_cat-amenagement-equipement-pedicure","9":"product_cat-soins-des-pieds-podologie-fraiseuses-technique-a-sec","11":"first","12":"instock","13":"taxable","14":"shipping-taxable","15":"product-type-simple"},"acf":[],"yoast_head":"<!-- This site is optimized with the Yoast SEO plugin v27.3 - https:\/\/yoast.com\/product\/yoast-seo-wordpress\/ -->\n<title>Strong B350 Fraiseuse Blanche - Districos Webshop<\/title>\n<meta name=\"robots\" content=\"noindex, follow, max-snippet:-1, max-image-preview:large, max-video-preview:-1\" \/>\n<meta property=\"og:locale\" content=\"fr_FR\" \/>\n<meta property=\"og:type\" content=\"article\" \/>\n<meta property=\"og:title\" content=\"Strong B350 Fraiseuse Blanche - Districos Webshop\" \/>\n<meta property=\"og:description\" content=\"Fraiseuse pour manucure (ongles naturels et artificiels) et p\u00e9dicure. Id\u00e9ale pour usage en d\u00e9placement. Une solution abordable pour des \u00e9tudiants pr\u00e9f\u00e9rant une fraiseuse de premi\u00e8re qualit\u00e9. Rotation \u00e0 gauche et \u00e0 droite 35.000 tr\/min\/puissance : 55 W Appareil compact et facile \u00e0 emporter Moteur int\u00e9gr\u00e9e dans la poign\u00e9e : 160 g Inclus : sac de [&hellip;]\" \/>\n<meta property=\"og:url\" content=\"https:\/\/districos.standingout.be\/fr\/product\/strong-b350-fraiseuse-blanche-ref-8883-13w\/\" \/>\n<meta property=\"og:site_name\" content=\"Districos Webshop\" \/>\n<meta property=\"article:modified_time\" content=\"2026-04-28T11:38:48+00:00\" \/>\n<meta name=\"twitter:card\" content=\"summary_large_image\" \/>\n<script type=\"application\/ld+json\" class=\"yoast-schema-graph\">{\"@context\":\"https:\\\/\\\/schema.org\",\"@graph\":[{\"@type\":\"WebPage\",\"@id\":\"https:\\\/\\\/districos.standingout.be\\\/fr\\\/product\\\/strong-b350-fraiseuse-blanche-ref-8883-13w\\\/\",\"url\":\"https:\\\/\\\/districos.standingout.be\\\/fr\\\/product\\\/strong-b350-fraiseuse-blanche-ref-8883-13w\\\/\",\"name\":\"Strong B350 Fraiseuse Blanche - Districos Webshop\",\"isPartOf\":{\"@id\":\"https:\\\/\\\/districos.standingout.be\\\/fr\\\/#website\"},\"primaryImageOfPage\":{\"@id\":\"https:\\\/\\\/districos.standingout.be\\\/fr\\\/product\\\/strong-b350-fraiseuse-blanche-ref-8883-13w\\\/#primaryimage\"},\"image\":{\"@id\":\"https:\\\/\\\/districos.standingout.be\\\/fr\\\/product\\\/strong-b350-fraiseuse-blanche-ref-8883-13w\\\/#primaryimage\"},\"thumbnailUrl\":\"https:\\\/\\\/districos.standingout.be\\\/wp-content\\\/uploads\\\/2025\\\/07\\\/8883.13W@LowRes_1_0.png\",\"datePublished\":\"2026-04-28T11:38:45+00:00\",\"dateModified\":\"2026-04-28T11:38:48+00:00\",\"breadcrumb\":{\"@id\":\"https:\\\/\\\/districos.standingout.be\\\/fr\\\/product\\\/strong-b350-fraiseuse-blanche-ref-8883-13w\\\/#breadcrumb\"},\"inLanguage\":\"fr-FR\",\"potentialAction\":[{\"@type\":\"ReadAction\",\"target\":[\"https:\\\/\\\/districos.standingout.be\\\/fr\\\/product\\\/strong-b350-fraiseuse-blanche-ref-8883-13w\\\/\"]}]},{\"@type\":\"ImageObject\",\"inLanguage\":\"fr-FR\",\"@id\":\"https:\\\/\\\/districos.standingout.be\\\/fr\\\/product\\\/strong-b350-fraiseuse-blanche-ref-8883-13w\\\/#primaryimage\",\"url\":\"https:\\\/\\\/districos.standingout.be\\\/wp-content\\\/uploads\\\/2025\\\/07\\\/8883.13W@LowRes_1_0.png\",\"contentUrl\":\"https:\\\/\\\/districos.standingout.be\\\/wp-content\\\/uploads\\\/2025\\\/07\\\/8883.13W@LowRes_1_0.png\",\"width\":600,\"height\":600},{\"@type\":\"BreadcrumbList\",\"@id\":\"https:\\\/\\\/districos.standingout.be\\\/fr\\\/product\\\/strong-b350-fraiseuse-blanche-ref-8883-13w\\\/#breadcrumb\",\"itemListElement\":[{\"@type\":\"ListItem\",\"position\":1,\"name\":\"Home\",\"item\":\"https:\\\/\\\/districos.standingout.be\\\/fr\\\/bienvenue-chez-districos\\\/\"},{\"@type\":\"ListItem\",\"position\":2,\"name\":\"Boutique\",\"item\":\"https:\\\/\\\/districos.standingout.be\\\/fr\\\/boutique\\\/\"},{\"@type\":\"ListItem\",\"position\":3,\"name\":\"Strong B350 Fraiseuse Blanche\"}]},{\"@type\":\"WebSite\",\"@id\":\"https:\\\/\\\/districos.standingout.be\\\/fr\\\/#website\",\"url\":\"https:\\\/\\\/districos.standingout.be\\\/fr\\\/\",\"name\":\"Districos Webshop\",\"description\":\"\",\"publisher\":{\"@id\":\"https:\\\/\\\/districos.standingout.be\\\/fr\\\/#organization\"},\"potentialAction\":[{\"@type\":\"SearchAction\",\"target\":{\"@type\":\"EntryPoint\",\"urlTemplate\":\"https:\\\/\\\/districos.standingout.be\\\/fr\\\/?s={search_term_string}\"},\"query-input\":{\"@type\":\"PropertyValueSpecification\",\"valueRequired\":true,\"valueName\":\"search_term_string\"}}],\"inLanguage\":\"fr-FR\"},{\"@type\":\"Organization\",\"@id\":\"https:\\\/\\\/districos.standingout.be\\\/fr\\\/#organization\",\"name\":\"Districos Webshop\",\"url\":\"https:\\\/\\\/districos.standingout.be\\\/fr\\\/\",\"logo\":{\"@type\":\"ImageObject\",\"inLanguage\":\"fr-FR\",\"@id\":\"https:\\\/\\\/districos.standingout.be\\\/fr\\\/#\\\/schema\\\/logo\\\/image\\\/\",\"url\":\"https:\\\/\\\/districos.standingout.be\\\/wp-content\\\/uploads\\\/2022\\\/09\\\/Districos_Logo_Webshop.svg\",\"contentUrl\":\"https:\\\/\\\/districos.standingout.be\\\/wp-content\\\/uploads\\\/2022\\\/09\\\/Districos_Logo_Webshop.svg\",\"caption\":\"Districos Webshop\"},\"image\":{\"@id\":\"https:\\\/\\\/districos.standingout.be\\\/fr\\\/#\\\/schema\\\/logo\\\/image\\\/\"}}]}<\/script>\n<!-- \/ Yoast SEO plugin. -->","yoast_head_json":{"title":"Strong B350 Fraiseuse Blanche - Districos Webshop","robots":{"index":"noindex","follow":"follow","max-snippet":"max-snippet:-1","max-image-preview":"max-image-preview:large","max-video-preview":"max-video-preview:-1"},"og_locale":"fr_FR","og_type":"article","og_title":"Strong B350 Fraiseuse Blanche - Districos Webshop","og_description":"Fraiseuse pour manucure (ongles naturels et artificiels) et p\u00e9dicure. Id\u00e9ale pour usage en d\u00e9placement. Une solution abordable pour des \u00e9tudiants pr\u00e9f\u00e9rant une fraiseuse de premi\u00e8re qualit\u00e9. Rotation \u00e0 gauche et \u00e0 droite 35.000 tr\/min\/puissance : 55 W Appareil compact et facile \u00e0 emporter Moteur int\u00e9gr\u00e9e dans la poign\u00e9e : 160 g Inclus : sac de [&hellip;]","og_url":"https:\/\/districos.standingout.be\/fr\/product\/strong-b350-fraiseuse-blanche-ref-8883-13w\/","og_site_name":"Districos Webshop","article_modified_time":"2026-04-28T11:38:48+00:00","twitter_card":"summary_large_image","schema":{"@context":"https:\/\/schema.org","@graph":[{"@type":"WebPage","@id":"https:\/\/districos.standingout.be\/fr\/product\/strong-b350-fraiseuse-blanche-ref-8883-13w\/","url":"https:\/\/districos.standingout.be\/fr\/product\/strong-b350-fraiseuse-blanche-ref-8883-13w\/","name":"Strong B350 Fraiseuse Blanche - Districos Webshop","isPartOf":{"@id":"https:\/\/districos.standingout.be\/fr\/#website"},"primaryImageOfPage":{"@id":"https:\/\/districos.standingout.be\/fr\/product\/strong-b350-fraiseuse-blanche-ref-8883-13w\/#primaryimage"},"image":{"@id":"https:\/\/districos.standingout.be\/fr\/product\/strong-b350-fraiseuse-blanche-ref-8883-13w\/#primaryimage"},"thumbnailUrl":"https:\/\/districos.standingout.be\/wp-content\/uploads\/2025\/07\/8883.13W@LowRes_1_0.png","datePublished":"2026-04-28T11:38:45+00:00","dateModified":"2026-04-28T11:38:48+00:00","breadcrumb":{"@id":"https:\/\/districos.standingout.be\/fr\/product\/strong-b350-fraiseuse-blanche-ref-8883-13w\/#breadcrumb"},"inLanguage":"fr-FR","potentialAction":[{"@type":"ReadAction","target":["https:\/\/districos.standingout.be\/fr\/product\/strong-b350-fraiseuse-blanche-ref-8883-13w\/"]}]},{"@type":"ImageObject","inLanguage":"fr-FR","@id":"https:\/\/districos.standingout.be\/fr\/product\/strong-b350-fraiseuse-blanche-ref-8883-13w\/#primaryimage","url":"https:\/\/districos.standingout.be\/wp-content\/uploads\/2025\/07\/8883.13W@LowRes_1_0.png","contentUrl":"https:\/\/districos.standingout.be\/wp-content\/uploads\/2025\/07\/8883.13W@LowRes_1_0.png","width":600,"height":600},{"@type":"BreadcrumbList","@id":"https:\/\/districos.standingout.be\/fr\/product\/strong-b350-fraiseuse-blanche-ref-8883-13w\/#breadcrumb","itemListElement":[{"@type":"ListItem","position":1,"name":"Home","item":"https:\/\/districos.standingout.be\/fr\/bienvenue-chez-districos\/"},{"@type":"ListItem","position":2,"name":"Boutique","item":"https:\/\/districos.standingout.be\/fr\/boutique\/"},{"@type":"ListItem","position":3,"name":"Strong B350 Fraiseuse Blanche"}]},{"@type":"WebSite","@id":"https:\/\/districos.standingout.be\/fr\/#website","url":"https:\/\/districos.standingout.be\/fr\/","name":"Districos Webshop","description":"","publisher":{"@id":"https:\/\/districos.standingout.be\/fr\/#organization"},"potentialAction":[{"@type":"SearchAction","target":{"@type":"EntryPoint","urlTemplate":"https:\/\/districos.standingout.be\/fr\/?s={search_term_string}"},"query-input":{"@type":"PropertyValueSpecification","valueRequired":true,"valueName":"search_term_string"}}],"inLanguage":"fr-FR"},{"@type":"Organization","@id":"https:\/\/districos.standingout.be\/fr\/#organization","name":"Districos Webshop","url":"https:\/\/districos.standingout.be\/fr\/","logo":{"@type":"ImageObject","inLanguage":"fr-FR","@id":"https:\/\/districos.standingout.be\/fr\/#\/schema\/logo\/image\/","url":"https:\/\/districos.standingout.be\/wp-content\/uploads\/2022\/09\/Districos_Logo_Webshop.svg","contentUrl":"https:\/\/districos.standingout.be\/wp-content\/uploads\/2022\/09\/Districos_Logo_Webshop.svg","caption":"Districos Webshop"},"image":{"@id":"https:\/\/districos.standingout.be\/fr\/#\/schema\/logo\/image\/"}}]}},"_links":{"self":[{"href":"https:\/\/districos.standingout.be\/fr\/wp-json\/wp\/v2\/product\/142283","targetHints":{"allow":["GET"]}}],"collection":[{"href":"https:\/\/districos.standingout.be\/fr\/wp-json\/wp\/v2\/product"}],"about":[{"href":"https:\/\/districos.standingout.be\/fr\/wp-json\/wp\/v2\/types\/product"}],"replies":[{"embeddable":true,"href":"https:\/\/districos.standingout.be\/fr\/wp-json\/wp\/v2\/comments?post=142283"}],"wp:featuredmedia":[{"embeddable":true,"href":"https:\/\/districos.standingout.be\/fr\/wp-json\/wp\/v2\/media\/85061"}],"wp:attachment":[{"href":"https:\/\/districos.standingout.be\/fr\/wp-json\/wp\/v2\/media?parent=142283"}],"wp:term":[{"taxonomy":"product_brand","embeddable":true,"href":"https:\/\/districos.standingout.be\/fr\/wp-json\/wp\/v2\/product_brand?post=142283"},{"taxonomy":"product_cat","embeddable":true,"href":"https:\/\/districos.standingout.be\/fr\/wp-json\/wp\/v2\/product_cat?post=142283"},{"taxonomy":"product_tag","embeddable":true,"href":"https:\/\/districos.standingout.be\/fr\/wp-json\/wp\/v2\/product_tag?post=142283"}],"curies":[{"name":"wp","href":"https:\/\/api.w.org\/{rel}","templated":true}]}}