{"id":142287,"date":"2026-04-28T13:38:52","date_gmt":"2026-04-28T11:38:52","guid":{"rendered":"https:\/\/webshopdistricoscom.webhosting.be\/product\/cobra-nail-master-502-ref-8883-41-2\/"},"modified":"2026-04-28T13:38:56","modified_gmt":"2026-04-28T11:38:56","slug":"cobra-nail-master-502-ref-8883-41","status":"publish","type":"product","link":"https:\/\/districos.standingout.be\/fr\/product\/cobra-nail-master-502-ref-8883-41\/","title":{"rendered":"Cobra Nail Master 502"},"content":{"rendered":"<p >\n<p dir=\"ltr\">Fraiseuse \u00e0 sec id\u00e9ale pour les \u00e9tudiant(e)s\/les stylistes d\u2019ongles d\u00e9butant(e)s.<\/p>\n<ul>\n<li><span>Rotation \u00e0 gauche et \u00e0 droite.<\/span><\/li>\n<li><span>35.000 tr\/min.<\/span><\/li>\n<li>Poids pi\u00e8ce \u00e0 main : 110 g.<\/li>\n<li>Dimensions de la base : 11,7 x 15,4 x 7,2 cm.<\/li>\n<li>Syst\u00e8me de s\u00e9curit\u00e9 automatique en cas de surcharge (fonction reset).<\/li>\n<li>Avec p\u00e9dale.<\/li>\n<li>Uniquement pour les manucures !<\/li>\n<\/ul><\/p>\n","protected":false},"excerpt":{"rendered":"<p>Fraiseuse \u00e0 sec id\u00e9ale pour les \u00e9tudiant(e)s\/les stylistes d\u2019ongles d\u00e9butant(e)s. Rotation \u00e0 gauche et \u00e0 droite. 35.000 tr\/min. Poids pi\u00e8ce \u00e0 main : 110 g. Dimensions de la base : 11,7 x 15,4 x 7,2 cm. Syst\u00e8me de s\u00e9curit\u00e9 automatique en cas de surcharge (fonction reset). Avec p\u00e9dale. Uniquement pour les manucures !<\/p>\n","protected":false},"featured_media":85067,"comment_status":"open","ping_status":"closed","template":"","meta":{"_acf_changed":false},"product_brand":[10340],"product_cat":[10271,10092],"product_tag":[],"class_list":{"0":"post-142287","1":"product","2":"type-product","3":"status-publish","4":"has-post-thumbnail","6":"product_brand-cobra-nails-fr","7":"product_cat-beaute-manucure-ongles-equipement","8":"product_cat-amenagement-equipement-manucure","10":"first","11":"instock","12":"taxable","13":"shipping-taxable","14":"product-type-simple"},"acf":[],"yoast_head":"<!-- This site is optimized with the Yoast SEO plugin v27.3 - https:\/\/yoast.com\/product\/yoast-seo-wordpress\/ -->\n<title>Cobra Nail Master 502 - Districos Webshop<\/title>\n<meta name=\"robots\" content=\"noindex, follow, max-snippet:-1, max-image-preview:large, max-video-preview:-1\" \/>\n<meta property=\"og:locale\" content=\"fr_FR\" \/>\n<meta property=\"og:type\" content=\"article\" \/>\n<meta property=\"og:title\" content=\"Cobra Nail Master 502 - Districos Webshop\" \/>\n<meta property=\"og:description\" content=\"Fraiseuse \u00e0 sec id\u00e9ale pour les \u00e9tudiant(e)s\/les stylistes d\u2019ongles d\u00e9butant(e)s. Rotation \u00e0 gauche et \u00e0 droite. 35.000 tr\/min. Poids pi\u00e8ce \u00e0 main : 110 g. Dimensions de la base : 11,7 x 15,4 x 7,2 cm. Syst\u00e8me de s\u00e9curit\u00e9 automatique en cas de surcharge (fonction reset). Avec p\u00e9dale. Uniquement pour les manucures !\" \/>\n<meta property=\"og:url\" content=\"https:\/\/districos.standingout.be\/fr\/product\/cobra-nail-master-502-ref-8883-41\/\" \/>\n<meta property=\"og:site_name\" content=\"Districos Webshop\" \/>\n<meta property=\"article:modified_time\" content=\"2026-04-28T11:38:56+00:00\" \/>\n<meta name=\"twitter:card\" content=\"summary_large_image\" \/>\n<script type=\"application\/ld+json\" class=\"yoast-schema-graph\">{\"@context\":\"https:\\\/\\\/schema.org\",\"@graph\":[{\"@type\":\"WebPage\",\"@id\":\"https:\\\/\\\/districos.standingout.be\\\/fr\\\/product\\\/cobra-nail-master-502-ref-8883-41\\\/\",\"url\":\"https:\\\/\\\/districos.standingout.be\\\/fr\\\/product\\\/cobra-nail-master-502-ref-8883-41\\\/\",\"name\":\"Cobra Nail Master 502 - Districos Webshop\",\"isPartOf\":{\"@id\":\"https:\\\/\\\/districos.standingout.be\\\/fr\\\/#website\"},\"primaryImageOfPage\":{\"@id\":\"https:\\\/\\\/districos.standingout.be\\\/fr\\\/product\\\/cobra-nail-master-502-ref-8883-41\\\/#primaryimage\"},\"image\":{\"@id\":\"https:\\\/\\\/districos.standingout.be\\\/fr\\\/product\\\/cobra-nail-master-502-ref-8883-41\\\/#primaryimage\"},\"thumbnailUrl\":\"https:\\\/\\\/districos.standingout.be\\\/wp-content\\\/uploads\\\/2025\\\/07\\\/8883.41@HighRes_0_99.png\",\"datePublished\":\"2026-04-28T11:38:52+00:00\",\"dateModified\":\"2026-04-28T11:38:56+00:00\",\"breadcrumb\":{\"@id\":\"https:\\\/\\\/districos.standingout.be\\\/fr\\\/product\\\/cobra-nail-master-502-ref-8883-41\\\/#breadcrumb\"},\"inLanguage\":\"fr-FR\",\"potentialAction\":[{\"@type\":\"ReadAction\",\"target\":[\"https:\\\/\\\/districos.standingout.be\\\/fr\\\/product\\\/cobra-nail-master-502-ref-8883-41\\\/\"]}]},{\"@type\":\"ImageObject\",\"inLanguage\":\"fr-FR\",\"@id\":\"https:\\\/\\\/districos.standingout.be\\\/fr\\\/product\\\/cobra-nail-master-502-ref-8883-41\\\/#primaryimage\",\"url\":\"https:\\\/\\\/districos.standingout.be\\\/wp-content\\\/uploads\\\/2025\\\/07\\\/8883.41@HighRes_0_99.png\",\"contentUrl\":\"https:\\\/\\\/districos.standingout.be\\\/wp-content\\\/uploads\\\/2025\\\/07\\\/8883.41@HighRes_0_99.png\",\"width\":600,\"height\":600},{\"@type\":\"BreadcrumbList\",\"@id\":\"https:\\\/\\\/districos.standingout.be\\\/fr\\\/product\\\/cobra-nail-master-502-ref-8883-41\\\/#breadcrumb\",\"itemListElement\":[{\"@type\":\"ListItem\",\"position\":1,\"name\":\"Home\",\"item\":\"https:\\\/\\\/districos.standingout.be\\\/fr\\\/bienvenue-chez-districos\\\/\"},{\"@type\":\"ListItem\",\"position\":2,\"name\":\"Boutique\",\"item\":\"https:\\\/\\\/districos.standingout.be\\\/fr\\\/boutique\\\/\"},{\"@type\":\"ListItem\",\"position\":3,\"name\":\"Cobra Nail Master 502\"}]},{\"@type\":\"WebSite\",\"@id\":\"https:\\\/\\\/districos.standingout.be\\\/fr\\\/#website\",\"url\":\"https:\\\/\\\/districos.standingout.be\\\/fr\\\/\",\"name\":\"Districos Webshop\",\"description\":\"\",\"publisher\":{\"@id\":\"https:\\\/\\\/districos.standingout.be\\\/fr\\\/#organization\"},\"potentialAction\":[{\"@type\":\"SearchAction\",\"target\":{\"@type\":\"EntryPoint\",\"urlTemplate\":\"https:\\\/\\\/districos.standingout.be\\\/fr\\\/?s={search_term_string}\"},\"query-input\":{\"@type\":\"PropertyValueSpecification\",\"valueRequired\":true,\"valueName\":\"search_term_string\"}}],\"inLanguage\":\"fr-FR\"},{\"@type\":\"Organization\",\"@id\":\"https:\\\/\\\/districos.standingout.be\\\/fr\\\/#organization\",\"name\":\"Districos Webshop\",\"url\":\"https:\\\/\\\/districos.standingout.be\\\/fr\\\/\",\"logo\":{\"@type\":\"ImageObject\",\"inLanguage\":\"fr-FR\",\"@id\":\"https:\\\/\\\/districos.standingout.be\\\/fr\\\/#\\\/schema\\\/logo\\\/image\\\/\",\"url\":\"https:\\\/\\\/districos.standingout.be\\\/wp-content\\\/uploads\\\/2022\\\/09\\\/Districos_Logo_Webshop.svg\",\"contentUrl\":\"https:\\\/\\\/districos.standingout.be\\\/wp-content\\\/uploads\\\/2022\\\/09\\\/Districos_Logo_Webshop.svg\",\"caption\":\"Districos Webshop\"},\"image\":{\"@id\":\"https:\\\/\\\/districos.standingout.be\\\/fr\\\/#\\\/schema\\\/logo\\\/image\\\/\"}}]}<\/script>\n<!-- \/ Yoast SEO plugin. -->","yoast_head_json":{"title":"Cobra Nail Master 502 - Districos Webshop","robots":{"index":"noindex","follow":"follow","max-snippet":"max-snippet:-1","max-image-preview":"max-image-preview:large","max-video-preview":"max-video-preview:-1"},"og_locale":"fr_FR","og_type":"article","og_title":"Cobra Nail Master 502 - Districos Webshop","og_description":"Fraiseuse \u00e0 sec id\u00e9ale pour les \u00e9tudiant(e)s\/les stylistes d\u2019ongles d\u00e9butant(e)s. Rotation \u00e0 gauche et \u00e0 droite. 35.000 tr\/min. Poids pi\u00e8ce \u00e0 main : 110 g. Dimensions de la base : 11,7 x 15,4 x 7,2 cm. Syst\u00e8me de s\u00e9curit\u00e9 automatique en cas de surcharge (fonction reset). Avec p\u00e9dale. Uniquement pour les manucures !","og_url":"https:\/\/districos.standingout.be\/fr\/product\/cobra-nail-master-502-ref-8883-41\/","og_site_name":"Districos Webshop","article_modified_time":"2026-04-28T11:38:56+00:00","twitter_card":"summary_large_image","schema":{"@context":"https:\/\/schema.org","@graph":[{"@type":"WebPage","@id":"https:\/\/districos.standingout.be\/fr\/product\/cobra-nail-master-502-ref-8883-41\/","url":"https:\/\/districos.standingout.be\/fr\/product\/cobra-nail-master-502-ref-8883-41\/","name":"Cobra Nail Master 502 - Districos Webshop","isPartOf":{"@id":"https:\/\/districos.standingout.be\/fr\/#website"},"primaryImageOfPage":{"@id":"https:\/\/districos.standingout.be\/fr\/product\/cobra-nail-master-502-ref-8883-41\/#primaryimage"},"image":{"@id":"https:\/\/districos.standingout.be\/fr\/product\/cobra-nail-master-502-ref-8883-41\/#primaryimage"},"thumbnailUrl":"https:\/\/districos.standingout.be\/wp-content\/uploads\/2025\/07\/8883.41@HighRes_0_99.png","datePublished":"2026-04-28T11:38:52+00:00","dateModified":"2026-04-28T11:38:56+00:00","breadcrumb":{"@id":"https:\/\/districos.standingout.be\/fr\/product\/cobra-nail-master-502-ref-8883-41\/#breadcrumb"},"inLanguage":"fr-FR","potentialAction":[{"@type":"ReadAction","target":["https:\/\/districos.standingout.be\/fr\/product\/cobra-nail-master-502-ref-8883-41\/"]}]},{"@type":"ImageObject","inLanguage":"fr-FR","@id":"https:\/\/districos.standingout.be\/fr\/product\/cobra-nail-master-502-ref-8883-41\/#primaryimage","url":"https:\/\/districos.standingout.be\/wp-content\/uploads\/2025\/07\/8883.41@HighRes_0_99.png","contentUrl":"https:\/\/districos.standingout.be\/wp-content\/uploads\/2025\/07\/8883.41@HighRes_0_99.png","width":600,"height":600},{"@type":"BreadcrumbList","@id":"https:\/\/districos.standingout.be\/fr\/product\/cobra-nail-master-502-ref-8883-41\/#breadcrumb","itemListElement":[{"@type":"ListItem","position":1,"name":"Home","item":"https:\/\/districos.standingout.be\/fr\/bienvenue-chez-districos\/"},{"@type":"ListItem","position":2,"name":"Boutique","item":"https:\/\/districos.standingout.be\/fr\/boutique\/"},{"@type":"ListItem","position":3,"name":"Cobra Nail Master 502"}]},{"@type":"WebSite","@id":"https:\/\/districos.standingout.be\/fr\/#website","url":"https:\/\/districos.standingout.be\/fr\/","name":"Districos Webshop","description":"","publisher":{"@id":"https:\/\/districos.standingout.be\/fr\/#organization"},"potentialAction":[{"@type":"SearchAction","target":{"@type":"EntryPoint","urlTemplate":"https:\/\/districos.standingout.be\/fr\/?s={search_term_string}"},"query-input":{"@type":"PropertyValueSpecification","valueRequired":true,"valueName":"search_term_string"}}],"inLanguage":"fr-FR"},{"@type":"Organization","@id":"https:\/\/districos.standingout.be\/fr\/#organization","name":"Districos Webshop","url":"https:\/\/districos.standingout.be\/fr\/","logo":{"@type":"ImageObject","inLanguage":"fr-FR","@id":"https:\/\/districos.standingout.be\/fr\/#\/schema\/logo\/image\/","url":"https:\/\/districos.standingout.be\/wp-content\/uploads\/2022\/09\/Districos_Logo_Webshop.svg","contentUrl":"https:\/\/districos.standingout.be\/wp-content\/uploads\/2022\/09\/Districos_Logo_Webshop.svg","caption":"Districos Webshop"},"image":{"@id":"https:\/\/districos.standingout.be\/fr\/#\/schema\/logo\/image\/"}}]}},"_links":{"self":[{"href":"https:\/\/districos.standingout.be\/fr\/wp-json\/wp\/v2\/product\/142287","targetHints":{"allow":["GET"]}}],"collection":[{"href":"https:\/\/districos.standingout.be\/fr\/wp-json\/wp\/v2\/product"}],"about":[{"href":"https:\/\/districos.standingout.be\/fr\/wp-json\/wp\/v2\/types\/product"}],"replies":[{"embeddable":true,"href":"https:\/\/districos.standingout.be\/fr\/wp-json\/wp\/v2\/comments?post=142287"}],"wp:featuredmedia":[{"embeddable":true,"href":"https:\/\/districos.standingout.be\/fr\/wp-json\/wp\/v2\/media\/85067"}],"wp:attachment":[{"href":"https:\/\/districos.standingout.be\/fr\/wp-json\/wp\/v2\/media?parent=142287"}],"wp:term":[{"taxonomy":"product_brand","embeddable":true,"href":"https:\/\/districos.standingout.be\/fr\/wp-json\/wp\/v2\/product_brand?post=142287"},{"taxonomy":"product_cat","embeddable":true,"href":"https:\/\/districos.standingout.be\/fr\/wp-json\/wp\/v2\/product_cat?post=142287"},{"taxonomy":"product_tag","embeddable":true,"href":"https:\/\/districos.standingout.be\/fr\/wp-json\/wp\/v2\/product_tag?post=142287"}],"curies":[{"name":"wp","href":"https:\/\/api.w.org\/{rel}","templated":true}]}}