{"id":142289,"date":"2026-04-28T13:39:23","date_gmt":"2026-04-28T11:39:23","guid":{"rendered":"https:\/\/webshopdistricoscom.webhosting.be\/product\/cobra-silent-go-fraiseuse-ref-8883-42\/"},"modified":"2026-04-28T13:39:27","modified_gmt":"2026-04-28T11:39:27","slug":"cobra-silent-go-fraiseuse-ref-8883-42","status":"publish","type":"product","link":"https:\/\/districos.standingout.be\/fr\/product\/cobra-silent-go-fraiseuse-ref-8883-42\/","title":{"rendered":"Cobra Silent &#038; Go Fraiseuse"},"content":{"rendered":"<p >\n<\/p>\n<\/p>\n<\/p>\n<\/p>\n<\/p>\n<\/p>\n<\/p>\n<p><b>Portable, puissante, super silencieuse et facile \u00e0 manipuler !<\/b><\/p>\n<p><span>Cette fraiseuse portable et l\u00e9g\u00e8re avec une batterie int\u00e9gr\u00e9e vous permet d&#8217;emporter facilement votre fraiseuse sans fil lors de vos d\u00e9placements. Lorsque l&rsquo;appareil est enti\u00e8rement charg\u00e9, la batterie a une autonomie de 8 heures. La fraiseuse est \u00e9quip\u00e9e d&rsquo;un moteur puissant mais tr\u00e8s silencieux, avec un minimum de vibrations. Un avertissement s&rsquo;affiche en cas de surcharge. Id\u00e9al pour les stylistes ongulaires.<o:p><\/o:p><\/span><\/p>\n<\/p>\n<p><b><span>Caract\u00e9ristiques<o:p><\/o:p><\/span><\/b><\/p>\n<\/p>\n<ul>\n<li>Rotation \u00e0 droite et \u00e0 gauche<\/li>\n<li>Plage tr\/min : 1000 &#8211; 35 000 tr\/min<\/li>\n<li>Puissance : 80 W<\/li>\n<li>Autonomie de la batterie : 8 h<\/li>\n<li>Temps de charge : 2,5 h<\/li>\n<li>Dimensions de la pi\u00e8ce \u00e0 main : 13 x&nbsp;<span>\u00d8&nbsp;<\/span><span>2,2 cm<\/span><\/li>\n<li><span>Dimensions de la base :&nbsp;<\/span>15,5 x 7 x 2,7 cm (L x l x h)<\/li>\n<li>Poids : 272 g (base) &#8211; 162 g (pi\u00e8ce \u00e0 main)<\/li>\n<li>Ecran LCD<\/li>\n<\/ul>\n<div>\n<div>\n<div><\/div>\n<\/div>\n<\/div>\n","protected":false},"excerpt":{"rendered":"<p>Portable, puissante, super silencieuse et facile \u00e0 manipuler ! Cette fraiseuse portable et l\u00e9g\u00e8re avec une batterie int\u00e9gr\u00e9e vous permet d&#8217;emporter facilement votre fraiseuse sans fil lors de vos d\u00e9placements. Lorsque l&rsquo;appareil est enti\u00e8rement charg\u00e9, la batterie a une autonomie de 8 heures. La fraiseuse est \u00e9quip\u00e9e d&rsquo;un moteur puissant mais tr\u00e8s silencieux, avec un [&hellip;]<\/p>\n","protected":false},"featured_media":148798,"comment_status":"open","ping_status":"closed","template":"","meta":{"_acf_changed":false},"product_brand":[10340],"product_cat":[10271,10092],"product_tag":[],"class_list":{"0":"post-142289","1":"product","2":"type-product","3":"status-publish","4":"has-post-thumbnail","6":"product_brand-cobra-nails-fr","7":"product_cat-beaute-manucure-ongles-equipement","8":"product_cat-amenagement-equipement-manucure","10":"first","11":"instock","12":"taxable","13":"shipping-taxable","14":"product-type-simple"},"acf":[],"yoast_head":"<!-- This site is optimized with the Yoast SEO plugin v27.3 - https:\/\/yoast.com\/product\/yoast-seo-wordpress\/ -->\n<title>Cobra Silent &amp; Go Fraiseuse - Districos Webshop<\/title>\n<meta name=\"robots\" content=\"noindex, follow, max-snippet:-1, max-image-preview:large, max-video-preview:-1\" \/>\n<meta property=\"og:locale\" content=\"fr_FR\" \/>\n<meta property=\"og:type\" content=\"article\" \/>\n<meta property=\"og:title\" content=\"Cobra Silent &amp; Go Fraiseuse - Districos Webshop\" \/>\n<meta property=\"og:description\" content=\"Portable, puissante, super silencieuse et facile \u00e0 manipuler ! Cette fraiseuse portable et l\u00e9g\u00e8re avec une batterie int\u00e9gr\u00e9e vous permet d&#8217;emporter facilement votre fraiseuse sans fil lors de vos d\u00e9placements. Lorsque l&rsquo;appareil est enti\u00e8rement charg\u00e9, la batterie a une autonomie de 8 heures. La fraiseuse est \u00e9quip\u00e9e d&rsquo;un moteur puissant mais tr\u00e8s silencieux, avec un [&hellip;]\" \/>\n<meta property=\"og:url\" content=\"https:\/\/districos.standingout.be\/fr\/product\/cobra-silent-go-fraiseuse-ref-8883-42\/\" \/>\n<meta property=\"og:site_name\" content=\"Districos Webshop\" \/>\n<meta property=\"article:modified_time\" content=\"2026-04-28T11:39:27+00:00\" \/>\n<meta name=\"twitter:card\" content=\"summary_large_image\" \/>\n<meta name=\"twitter:label1\" content=\"Dur\u00e9e de lecture estim\u00e9e\" \/>\n\t<meta name=\"twitter:data1\" content=\"1 minute\" \/>\n<script type=\"application\/ld+json\" class=\"yoast-schema-graph\">{\"@context\":\"https:\\\/\\\/schema.org\",\"@graph\":[{\"@type\":\"WebPage\",\"@id\":\"https:\\\/\\\/districos.standingout.be\\\/fr\\\/product\\\/cobra-silent-go-fraiseuse-ref-8883-42\\\/\",\"url\":\"https:\\\/\\\/districos.standingout.be\\\/fr\\\/product\\\/cobra-silent-go-fraiseuse-ref-8883-42\\\/\",\"name\":\"Cobra Silent & Go Fraiseuse - Districos Webshop\",\"isPartOf\":{\"@id\":\"https:\\\/\\\/districos.standingout.be\\\/fr\\\/#website\"},\"primaryImageOfPage\":{\"@id\":\"https:\\\/\\\/districos.standingout.be\\\/fr\\\/product\\\/cobra-silent-go-fraiseuse-ref-8883-42\\\/#primaryimage\"},\"image\":{\"@id\":\"https:\\\/\\\/districos.standingout.be\\\/fr\\\/product\\\/cobra-silent-go-fraiseuse-ref-8883-42\\\/#primaryimage\"},\"thumbnailUrl\":\"https:\\\/\\\/districos.standingout.be\\\/wp-content\\\/uploads\\\/2026\\\/04\\\/8883.42@Cobra-Silent-Go-Freestoestel_1.png\",\"datePublished\":\"2026-04-28T11:39:23+00:00\",\"dateModified\":\"2026-04-28T11:39:27+00:00\",\"breadcrumb\":{\"@id\":\"https:\\\/\\\/districos.standingout.be\\\/fr\\\/product\\\/cobra-silent-go-fraiseuse-ref-8883-42\\\/#breadcrumb\"},\"inLanguage\":\"fr-FR\",\"potentialAction\":[{\"@type\":\"ReadAction\",\"target\":[\"https:\\\/\\\/districos.standingout.be\\\/fr\\\/product\\\/cobra-silent-go-fraiseuse-ref-8883-42\\\/\"]}]},{\"@type\":\"ImageObject\",\"inLanguage\":\"fr-FR\",\"@id\":\"https:\\\/\\\/districos.standingout.be\\\/fr\\\/product\\\/cobra-silent-go-fraiseuse-ref-8883-42\\\/#primaryimage\",\"url\":\"https:\\\/\\\/districos.standingout.be\\\/wp-content\\\/uploads\\\/2026\\\/04\\\/8883.42@Cobra-Silent-Go-Freestoestel_1.png\",\"contentUrl\":\"https:\\\/\\\/districos.standingout.be\\\/wp-content\\\/uploads\\\/2026\\\/04\\\/8883.42@Cobra-Silent-Go-Freestoestel_1.png\",\"width\":600,\"height\":600},{\"@type\":\"BreadcrumbList\",\"@id\":\"https:\\\/\\\/districos.standingout.be\\\/fr\\\/product\\\/cobra-silent-go-fraiseuse-ref-8883-42\\\/#breadcrumb\",\"itemListElement\":[{\"@type\":\"ListItem\",\"position\":1,\"name\":\"Home\",\"item\":\"https:\\\/\\\/districos.standingout.be\\\/fr\\\/bienvenue-chez-districos\\\/\"},{\"@type\":\"ListItem\",\"position\":2,\"name\":\"Boutique\",\"item\":\"https:\\\/\\\/districos.standingout.be\\\/fr\\\/boutique\\\/\"},{\"@type\":\"ListItem\",\"position\":3,\"name\":\"Cobra Silent &#038; Go Fraiseuse\"}]},{\"@type\":\"WebSite\",\"@id\":\"https:\\\/\\\/districos.standingout.be\\\/fr\\\/#website\",\"url\":\"https:\\\/\\\/districos.standingout.be\\\/fr\\\/\",\"name\":\"Districos Webshop\",\"description\":\"\",\"publisher\":{\"@id\":\"https:\\\/\\\/districos.standingout.be\\\/fr\\\/#organization\"},\"potentialAction\":[{\"@type\":\"SearchAction\",\"target\":{\"@type\":\"EntryPoint\",\"urlTemplate\":\"https:\\\/\\\/districos.standingout.be\\\/fr\\\/?s={search_term_string}\"},\"query-input\":{\"@type\":\"PropertyValueSpecification\",\"valueRequired\":true,\"valueName\":\"search_term_string\"}}],\"inLanguage\":\"fr-FR\"},{\"@type\":\"Organization\",\"@id\":\"https:\\\/\\\/districos.standingout.be\\\/fr\\\/#organization\",\"name\":\"Districos Webshop\",\"url\":\"https:\\\/\\\/districos.standingout.be\\\/fr\\\/\",\"logo\":{\"@type\":\"ImageObject\",\"inLanguage\":\"fr-FR\",\"@id\":\"https:\\\/\\\/districos.standingout.be\\\/fr\\\/#\\\/schema\\\/logo\\\/image\\\/\",\"url\":\"https:\\\/\\\/districos.standingout.be\\\/wp-content\\\/uploads\\\/2022\\\/09\\\/Districos_Logo_Webshop.svg\",\"contentUrl\":\"https:\\\/\\\/districos.standingout.be\\\/wp-content\\\/uploads\\\/2022\\\/09\\\/Districos_Logo_Webshop.svg\",\"caption\":\"Districos Webshop\"},\"image\":{\"@id\":\"https:\\\/\\\/districos.standingout.be\\\/fr\\\/#\\\/schema\\\/logo\\\/image\\\/\"}}]}<\/script>\n<!-- \/ Yoast SEO plugin. -->","yoast_head_json":{"title":"Cobra Silent & Go Fraiseuse - Districos Webshop","robots":{"index":"noindex","follow":"follow","max-snippet":"max-snippet:-1","max-image-preview":"max-image-preview:large","max-video-preview":"max-video-preview:-1"},"og_locale":"fr_FR","og_type":"article","og_title":"Cobra Silent & Go Fraiseuse - Districos Webshop","og_description":"Portable, puissante, super silencieuse et facile \u00e0 manipuler ! Cette fraiseuse portable et l\u00e9g\u00e8re avec une batterie int\u00e9gr\u00e9e vous permet d&#8217;emporter facilement votre fraiseuse sans fil lors de vos d\u00e9placements. Lorsque l&rsquo;appareil est enti\u00e8rement charg\u00e9, la batterie a une autonomie de 8 heures. La fraiseuse est \u00e9quip\u00e9e d&rsquo;un moteur puissant mais tr\u00e8s silencieux, avec un [&hellip;]","og_url":"https:\/\/districos.standingout.be\/fr\/product\/cobra-silent-go-fraiseuse-ref-8883-42\/","og_site_name":"Districos Webshop","article_modified_time":"2026-04-28T11:39:27+00:00","twitter_card":"summary_large_image","twitter_misc":{"Dur\u00e9e de lecture estim\u00e9e":"1 minute"},"schema":{"@context":"https:\/\/schema.org","@graph":[{"@type":"WebPage","@id":"https:\/\/districos.standingout.be\/fr\/product\/cobra-silent-go-fraiseuse-ref-8883-42\/","url":"https:\/\/districos.standingout.be\/fr\/product\/cobra-silent-go-fraiseuse-ref-8883-42\/","name":"Cobra Silent & Go Fraiseuse - Districos Webshop","isPartOf":{"@id":"https:\/\/districos.standingout.be\/fr\/#website"},"primaryImageOfPage":{"@id":"https:\/\/districos.standingout.be\/fr\/product\/cobra-silent-go-fraiseuse-ref-8883-42\/#primaryimage"},"image":{"@id":"https:\/\/districos.standingout.be\/fr\/product\/cobra-silent-go-fraiseuse-ref-8883-42\/#primaryimage"},"thumbnailUrl":"https:\/\/districos.standingout.be\/wp-content\/uploads\/2026\/04\/8883.42@Cobra-Silent-Go-Freestoestel_1.png","datePublished":"2026-04-28T11:39:23+00:00","dateModified":"2026-04-28T11:39:27+00:00","breadcrumb":{"@id":"https:\/\/districos.standingout.be\/fr\/product\/cobra-silent-go-fraiseuse-ref-8883-42\/#breadcrumb"},"inLanguage":"fr-FR","potentialAction":[{"@type":"ReadAction","target":["https:\/\/districos.standingout.be\/fr\/product\/cobra-silent-go-fraiseuse-ref-8883-42\/"]}]},{"@type":"ImageObject","inLanguage":"fr-FR","@id":"https:\/\/districos.standingout.be\/fr\/product\/cobra-silent-go-fraiseuse-ref-8883-42\/#primaryimage","url":"https:\/\/districos.standingout.be\/wp-content\/uploads\/2026\/04\/8883.42@Cobra-Silent-Go-Freestoestel_1.png","contentUrl":"https:\/\/districos.standingout.be\/wp-content\/uploads\/2026\/04\/8883.42@Cobra-Silent-Go-Freestoestel_1.png","width":600,"height":600},{"@type":"BreadcrumbList","@id":"https:\/\/districos.standingout.be\/fr\/product\/cobra-silent-go-fraiseuse-ref-8883-42\/#breadcrumb","itemListElement":[{"@type":"ListItem","position":1,"name":"Home","item":"https:\/\/districos.standingout.be\/fr\/bienvenue-chez-districos\/"},{"@type":"ListItem","position":2,"name":"Boutique","item":"https:\/\/districos.standingout.be\/fr\/boutique\/"},{"@type":"ListItem","position":3,"name":"Cobra Silent &#038; Go Fraiseuse"}]},{"@type":"WebSite","@id":"https:\/\/districos.standingout.be\/fr\/#website","url":"https:\/\/districos.standingout.be\/fr\/","name":"Districos Webshop","description":"","publisher":{"@id":"https:\/\/districos.standingout.be\/fr\/#organization"},"potentialAction":[{"@type":"SearchAction","target":{"@type":"EntryPoint","urlTemplate":"https:\/\/districos.standingout.be\/fr\/?s={search_term_string}"},"query-input":{"@type":"PropertyValueSpecification","valueRequired":true,"valueName":"search_term_string"}}],"inLanguage":"fr-FR"},{"@type":"Organization","@id":"https:\/\/districos.standingout.be\/fr\/#organization","name":"Districos Webshop","url":"https:\/\/districos.standingout.be\/fr\/","logo":{"@type":"ImageObject","inLanguage":"fr-FR","@id":"https:\/\/districos.standingout.be\/fr\/#\/schema\/logo\/image\/","url":"https:\/\/districos.standingout.be\/wp-content\/uploads\/2022\/09\/Districos_Logo_Webshop.svg","contentUrl":"https:\/\/districos.standingout.be\/wp-content\/uploads\/2022\/09\/Districos_Logo_Webshop.svg","caption":"Districos Webshop"},"image":{"@id":"https:\/\/districos.standingout.be\/fr\/#\/schema\/logo\/image\/"}}]}},"_links":{"self":[{"href":"https:\/\/districos.standingout.be\/fr\/wp-json\/wp\/v2\/product\/142289","targetHints":{"allow":["GET"]}}],"collection":[{"href":"https:\/\/districos.standingout.be\/fr\/wp-json\/wp\/v2\/product"}],"about":[{"href":"https:\/\/districos.standingout.be\/fr\/wp-json\/wp\/v2\/types\/product"}],"replies":[{"embeddable":true,"href":"https:\/\/districos.standingout.be\/fr\/wp-json\/wp\/v2\/comments?post=142289"}],"wp:featuredmedia":[{"embeddable":true,"href":"https:\/\/districos.standingout.be\/fr\/wp-json\/wp\/v2\/media\/148798"}],"wp:attachment":[{"href":"https:\/\/districos.standingout.be\/fr\/wp-json\/wp\/v2\/media?parent=142289"}],"wp:term":[{"taxonomy":"product_brand","embeddable":true,"href":"https:\/\/districos.standingout.be\/fr\/wp-json\/wp\/v2\/product_brand?post=142289"},{"taxonomy":"product_cat","embeddable":true,"href":"https:\/\/districos.standingout.be\/fr\/wp-json\/wp\/v2\/product_cat?post=142289"},{"taxonomy":"product_tag","embeddable":true,"href":"https:\/\/districos.standingout.be\/fr\/wp-json\/wp\/v2\/product_tag?post=142289"}],"curies":[{"name":"wp","href":"https:\/\/api.w.org\/{rel}","templated":true}]}}