{"id":142317,"date":"2026-04-28T13:41:38","date_gmt":"2026-04-28T11:41:38","guid":{"rendered":"https:\/\/webshopdistricoscom.webhosting.be\/product\/housses-de-protection-non-tissees-200x75-cm-25-pcs-ref-8894-06\/"},"modified":"2026-04-28T13:41:41","modified_gmt":"2026-04-28T11:41:41","slug":"housses-de-protection-non-tissees-200x75-cm-25-pcs-ref-8894-06","status":"publish","type":"product","link":"https:\/\/districos.standingout.be\/fr\/product\/housses-de-protection-non-tissees-200x75-cm-25-pcs-ref-8894-06\/","title":{"rendered":"Housses de Protection Non Tiss\u00e9es 200&#215;75 cm 25 pcs."},"content":{"rendered":"<p >\n<\/p>\n<p dir=\"ltr\"><span>Housses jetables sp\u00e9cialement trait\u00e9es, repousse la salet\u00e9 pour prot\u00e9ger les housses en textile sur vos tables de soins. Tr\u00e8s pratiques, r\u00e9duit \u00e9norm\u00e9ment votre travail et \u00e9conomise votre lessive. Gr\u00e2ce \u00e0 l\u2019\u00e9lastique int\u00e9gr\u00e9, elles sont compatibles pour la plupart des tables.<\/span><\/p>\n<p dir=\"ltr\">\n<ul>\n<li>Dimensions : 200 x 75 cm<\/li>\n<li>Couleur : blanc<\/li>\n<li>Mati\u00e8re : non-tiss\u00e9<\/li>\n<li>Emballage : bo\u00eete de 25 pcs.<\/li>\n<\/ul>\n","protected":false},"excerpt":{"rendered":"<p>Housses jetables sp\u00e9cialement trait\u00e9es, repousse la salet\u00e9 pour prot\u00e9ger les housses en textile sur vos tables de soins. Tr\u00e8s pratiques, r\u00e9duit \u00e9norm\u00e9ment votre travail et \u00e9conomise votre lessive. Gr\u00e2ce \u00e0 l\u2019\u00e9lastique int\u00e9gr\u00e9, elles sont compatibles pour la plupart des tables. Dimensions : 200 x 75 cm Couleur : blanc Mati\u00e8re : non-tiss\u00e9 Emballage : bo\u00eete [&hellip;]<\/p>\n","protected":false},"featured_media":85124,"comment_status":"open","ping_status":"closed","template":"","meta":{"_acf_changed":false},"product_brand":[10380],"product_cat":[9992,10152,10134],"product_tag":[],"class_list":{"0":"post-142317","1":"product","2":"type-product","3":"status-publish","4":"has-post-thumbnail","6":"product_brand-districos-fr","7":"product_cat-soins-des-pieds-podologie-desinfection-nettoyage-articles-jetables","8":"product_cat-hygiene-articles-jetables-articles-jetables-protection-de-table","9":"product_cat-hygiene-articles-jetables-hygiene-protection-protection-de-table","11":"first","12":"instock","13":"taxable","14":"shipping-taxable","15":"product-type-simple"},"acf":[],"yoast_head":"<!-- This site is optimized with the Yoast SEO plugin v27.3 - https:\/\/yoast.com\/product\/yoast-seo-wordpress\/ -->\n<title>Housses de Protection Non Tiss\u00e9es 200x75 cm 25 pcs. - Districos Webshop<\/title>\n<meta name=\"robots\" content=\"noindex, follow, max-snippet:-1, max-image-preview:large, max-video-preview:-1\" \/>\n<meta property=\"og:locale\" content=\"fr_FR\" \/>\n<meta property=\"og:type\" content=\"article\" \/>\n<meta property=\"og:title\" content=\"Housses de Protection Non Tiss\u00e9es 200x75 cm 25 pcs. - Districos Webshop\" \/>\n<meta property=\"og:description\" content=\"Housses jetables sp\u00e9cialement trait\u00e9es, repousse la salet\u00e9 pour prot\u00e9ger les housses en textile sur vos tables de soins. Tr\u00e8s pratiques, r\u00e9duit \u00e9norm\u00e9ment votre travail et \u00e9conomise votre lessive. Gr\u00e2ce \u00e0 l\u2019\u00e9lastique int\u00e9gr\u00e9, elles sont compatibles pour la plupart des tables. Dimensions : 200 x 75 cm Couleur : blanc Mati\u00e8re : non-tiss\u00e9 Emballage : bo\u00eete [&hellip;]\" \/>\n<meta property=\"og:url\" content=\"https:\/\/districos.standingout.be\/fr\/product\/housses-de-protection-non-tissees-200x75-cm-25-pcs-ref-8894-06\/\" \/>\n<meta property=\"og:site_name\" content=\"Districos Webshop\" \/>\n<meta property=\"article:modified_time\" content=\"2026-04-28T11:41:41+00:00\" \/>\n<meta name=\"twitter:card\" content=\"summary_large_image\" \/>\n<script type=\"application\/ld+json\" class=\"yoast-schema-graph\">{\"@context\":\"https:\\\/\\\/schema.org\",\"@graph\":[{\"@type\":\"WebPage\",\"@id\":\"https:\\\/\\\/districos.standingout.be\\\/fr\\\/product\\\/housses-de-protection-non-tissees-200x75-cm-25-pcs-ref-8894-06\\\/\",\"url\":\"https:\\\/\\\/districos.standingout.be\\\/fr\\\/product\\\/housses-de-protection-non-tissees-200x75-cm-25-pcs-ref-8894-06\\\/\",\"name\":\"Housses de Protection Non Tiss\u00e9es 200x75 cm 25 pcs. - Districos Webshop\",\"isPartOf\":{\"@id\":\"https:\\\/\\\/districos.standingout.be\\\/fr\\\/#website\"},\"primaryImageOfPage\":{\"@id\":\"https:\\\/\\\/districos.standingout.be\\\/fr\\\/product\\\/housses-de-protection-non-tissees-200x75-cm-25-pcs-ref-8894-06\\\/#primaryimage\"},\"image\":{\"@id\":\"https:\\\/\\\/districos.standingout.be\\\/fr\\\/product\\\/housses-de-protection-non-tissees-200x75-cm-25-pcs-ref-8894-06\\\/#primaryimage\"},\"thumbnailUrl\":\"https:\\\/\\\/districos.standingout.be\\\/wp-content\\\/uploads\\\/2025\\\/07\\\/8894.06@LowRes_0_99.png\",\"datePublished\":\"2026-04-28T11:41:38+00:00\",\"dateModified\":\"2026-04-28T11:41:41+00:00\",\"breadcrumb\":{\"@id\":\"https:\\\/\\\/districos.standingout.be\\\/fr\\\/product\\\/housses-de-protection-non-tissees-200x75-cm-25-pcs-ref-8894-06\\\/#breadcrumb\"},\"inLanguage\":\"fr-FR\",\"potentialAction\":[{\"@type\":\"ReadAction\",\"target\":[\"https:\\\/\\\/districos.standingout.be\\\/fr\\\/product\\\/housses-de-protection-non-tissees-200x75-cm-25-pcs-ref-8894-06\\\/\"]}]},{\"@type\":\"ImageObject\",\"inLanguage\":\"fr-FR\",\"@id\":\"https:\\\/\\\/districos.standingout.be\\\/fr\\\/product\\\/housses-de-protection-non-tissees-200x75-cm-25-pcs-ref-8894-06\\\/#primaryimage\",\"url\":\"https:\\\/\\\/districos.standingout.be\\\/wp-content\\\/uploads\\\/2025\\\/07\\\/8894.06@LowRes_0_99.png\",\"contentUrl\":\"https:\\\/\\\/districos.standingout.be\\\/wp-content\\\/uploads\\\/2025\\\/07\\\/8894.06@LowRes_0_99.png\",\"width\":600,\"height\":600},{\"@type\":\"BreadcrumbList\",\"@id\":\"https:\\\/\\\/districos.standingout.be\\\/fr\\\/product\\\/housses-de-protection-non-tissees-200x75-cm-25-pcs-ref-8894-06\\\/#breadcrumb\",\"itemListElement\":[{\"@type\":\"ListItem\",\"position\":1,\"name\":\"Home\",\"item\":\"https:\\\/\\\/districos.standingout.be\\\/fr\\\/bienvenue-chez-districos\\\/\"},{\"@type\":\"ListItem\",\"position\":2,\"name\":\"Boutique\",\"item\":\"https:\\\/\\\/districos.standingout.be\\\/fr\\\/boutique\\\/\"},{\"@type\":\"ListItem\",\"position\":3,\"name\":\"Housses de Protection Non Tiss\u00e9es 200&#215;75 cm 25 pcs.\"}]},{\"@type\":\"WebSite\",\"@id\":\"https:\\\/\\\/districos.standingout.be\\\/fr\\\/#website\",\"url\":\"https:\\\/\\\/districos.standingout.be\\\/fr\\\/\",\"name\":\"Districos Webshop\",\"description\":\"\",\"publisher\":{\"@id\":\"https:\\\/\\\/districos.standingout.be\\\/fr\\\/#organization\"},\"potentialAction\":[{\"@type\":\"SearchAction\",\"target\":{\"@type\":\"EntryPoint\",\"urlTemplate\":\"https:\\\/\\\/districos.standingout.be\\\/fr\\\/?s={search_term_string}\"},\"query-input\":{\"@type\":\"PropertyValueSpecification\",\"valueRequired\":true,\"valueName\":\"search_term_string\"}}],\"inLanguage\":\"fr-FR\"},{\"@type\":\"Organization\",\"@id\":\"https:\\\/\\\/districos.standingout.be\\\/fr\\\/#organization\",\"name\":\"Districos Webshop\",\"url\":\"https:\\\/\\\/districos.standingout.be\\\/fr\\\/\",\"logo\":{\"@type\":\"ImageObject\",\"inLanguage\":\"fr-FR\",\"@id\":\"https:\\\/\\\/districos.standingout.be\\\/fr\\\/#\\\/schema\\\/logo\\\/image\\\/\",\"url\":\"https:\\\/\\\/districos.standingout.be\\\/wp-content\\\/uploads\\\/2022\\\/09\\\/Districos_Logo_Webshop.svg\",\"contentUrl\":\"https:\\\/\\\/districos.standingout.be\\\/wp-content\\\/uploads\\\/2022\\\/09\\\/Districos_Logo_Webshop.svg\",\"caption\":\"Districos Webshop\"},\"image\":{\"@id\":\"https:\\\/\\\/districos.standingout.be\\\/fr\\\/#\\\/schema\\\/logo\\\/image\\\/\"}}]}<\/script>\n<!-- \/ Yoast SEO plugin. -->","yoast_head_json":{"title":"Housses de Protection Non Tiss\u00e9es 200x75 cm 25 pcs. - Districos Webshop","robots":{"index":"noindex","follow":"follow","max-snippet":"max-snippet:-1","max-image-preview":"max-image-preview:large","max-video-preview":"max-video-preview:-1"},"og_locale":"fr_FR","og_type":"article","og_title":"Housses de Protection Non Tiss\u00e9es 200x75 cm 25 pcs. - Districos Webshop","og_description":"Housses jetables sp\u00e9cialement trait\u00e9es, repousse la salet\u00e9 pour prot\u00e9ger les housses en textile sur vos tables de soins. Tr\u00e8s pratiques, r\u00e9duit \u00e9norm\u00e9ment votre travail et \u00e9conomise votre lessive. Gr\u00e2ce \u00e0 l\u2019\u00e9lastique int\u00e9gr\u00e9, elles sont compatibles pour la plupart des tables. Dimensions : 200 x 75 cm Couleur : blanc Mati\u00e8re : non-tiss\u00e9 Emballage : bo\u00eete [&hellip;]","og_url":"https:\/\/districos.standingout.be\/fr\/product\/housses-de-protection-non-tissees-200x75-cm-25-pcs-ref-8894-06\/","og_site_name":"Districos Webshop","article_modified_time":"2026-04-28T11:41:41+00:00","twitter_card":"summary_large_image","schema":{"@context":"https:\/\/schema.org","@graph":[{"@type":"WebPage","@id":"https:\/\/districos.standingout.be\/fr\/product\/housses-de-protection-non-tissees-200x75-cm-25-pcs-ref-8894-06\/","url":"https:\/\/districos.standingout.be\/fr\/product\/housses-de-protection-non-tissees-200x75-cm-25-pcs-ref-8894-06\/","name":"Housses de Protection Non Tiss\u00e9es 200x75 cm 25 pcs. - Districos Webshop","isPartOf":{"@id":"https:\/\/districos.standingout.be\/fr\/#website"},"primaryImageOfPage":{"@id":"https:\/\/districos.standingout.be\/fr\/product\/housses-de-protection-non-tissees-200x75-cm-25-pcs-ref-8894-06\/#primaryimage"},"image":{"@id":"https:\/\/districos.standingout.be\/fr\/product\/housses-de-protection-non-tissees-200x75-cm-25-pcs-ref-8894-06\/#primaryimage"},"thumbnailUrl":"https:\/\/districos.standingout.be\/wp-content\/uploads\/2025\/07\/8894.06@LowRes_0_99.png","datePublished":"2026-04-28T11:41:38+00:00","dateModified":"2026-04-28T11:41:41+00:00","breadcrumb":{"@id":"https:\/\/districos.standingout.be\/fr\/product\/housses-de-protection-non-tissees-200x75-cm-25-pcs-ref-8894-06\/#breadcrumb"},"inLanguage":"fr-FR","potentialAction":[{"@type":"ReadAction","target":["https:\/\/districos.standingout.be\/fr\/product\/housses-de-protection-non-tissees-200x75-cm-25-pcs-ref-8894-06\/"]}]},{"@type":"ImageObject","inLanguage":"fr-FR","@id":"https:\/\/districos.standingout.be\/fr\/product\/housses-de-protection-non-tissees-200x75-cm-25-pcs-ref-8894-06\/#primaryimage","url":"https:\/\/districos.standingout.be\/wp-content\/uploads\/2025\/07\/8894.06@LowRes_0_99.png","contentUrl":"https:\/\/districos.standingout.be\/wp-content\/uploads\/2025\/07\/8894.06@LowRes_0_99.png","width":600,"height":600},{"@type":"BreadcrumbList","@id":"https:\/\/districos.standingout.be\/fr\/product\/housses-de-protection-non-tissees-200x75-cm-25-pcs-ref-8894-06\/#breadcrumb","itemListElement":[{"@type":"ListItem","position":1,"name":"Home","item":"https:\/\/districos.standingout.be\/fr\/bienvenue-chez-districos\/"},{"@type":"ListItem","position":2,"name":"Boutique","item":"https:\/\/districos.standingout.be\/fr\/boutique\/"},{"@type":"ListItem","position":3,"name":"Housses de Protection Non Tiss\u00e9es 200&#215;75 cm 25 pcs."}]},{"@type":"WebSite","@id":"https:\/\/districos.standingout.be\/fr\/#website","url":"https:\/\/districos.standingout.be\/fr\/","name":"Districos Webshop","description":"","publisher":{"@id":"https:\/\/districos.standingout.be\/fr\/#organization"},"potentialAction":[{"@type":"SearchAction","target":{"@type":"EntryPoint","urlTemplate":"https:\/\/districos.standingout.be\/fr\/?s={search_term_string}"},"query-input":{"@type":"PropertyValueSpecification","valueRequired":true,"valueName":"search_term_string"}}],"inLanguage":"fr-FR"},{"@type":"Organization","@id":"https:\/\/districos.standingout.be\/fr\/#organization","name":"Districos Webshop","url":"https:\/\/districos.standingout.be\/fr\/","logo":{"@type":"ImageObject","inLanguage":"fr-FR","@id":"https:\/\/districos.standingout.be\/fr\/#\/schema\/logo\/image\/","url":"https:\/\/districos.standingout.be\/wp-content\/uploads\/2022\/09\/Districos_Logo_Webshop.svg","contentUrl":"https:\/\/districos.standingout.be\/wp-content\/uploads\/2022\/09\/Districos_Logo_Webshop.svg","caption":"Districos Webshop"},"image":{"@id":"https:\/\/districos.standingout.be\/fr\/#\/schema\/logo\/image\/"}}]}},"_links":{"self":[{"href":"https:\/\/districos.standingout.be\/fr\/wp-json\/wp\/v2\/product\/142317","targetHints":{"allow":["GET"]}}],"collection":[{"href":"https:\/\/districos.standingout.be\/fr\/wp-json\/wp\/v2\/product"}],"about":[{"href":"https:\/\/districos.standingout.be\/fr\/wp-json\/wp\/v2\/types\/product"}],"replies":[{"embeddable":true,"href":"https:\/\/districos.standingout.be\/fr\/wp-json\/wp\/v2\/comments?post=142317"}],"wp:featuredmedia":[{"embeddable":true,"href":"https:\/\/districos.standingout.be\/fr\/wp-json\/wp\/v2\/media\/85124"}],"wp:attachment":[{"href":"https:\/\/districos.standingout.be\/fr\/wp-json\/wp\/v2\/media?parent=142317"}],"wp:term":[{"taxonomy":"product_brand","embeddable":true,"href":"https:\/\/districos.standingout.be\/fr\/wp-json\/wp\/v2\/product_brand?post=142317"},{"taxonomy":"product_cat","embeddable":true,"href":"https:\/\/districos.standingout.be\/fr\/wp-json\/wp\/v2\/product_cat?post=142317"},{"taxonomy":"product_tag","embeddable":true,"href":"https:\/\/districos.standingout.be\/fr\/wp-json\/wp\/v2\/product_tag?post=142317"}],"curies":[{"name":"wp","href":"https:\/\/api.w.org\/{rel}","templated":true}]}}