{"id":142329,"date":"2026-04-28T13:42:24","date_gmt":"2026-04-28T11:42:24","guid":{"rendered":"https:\/\/webshopdistricoscom.webhosting.be\/product\/masques-buccaux-lavables-5-pcs-ref-8895-25\/"},"modified":"2026-04-28T13:42:26","modified_gmt":"2026-04-28T11:42:26","slug":"masques-buccaux-lavables-5-pcs-ref-8895-25","status":"publish","type":"product","link":"https:\/\/districos.standingout.be\/fr\/product\/masques-buccaux-lavables-5-pcs-ref-8895-25\/","title":{"rendered":"Masques Buccaux Lavables 5 pcs."},"content":{"rendered":"<p >\n<p dir=ltr>\n<ul> <\/p>\n<li>Doubles couches de coton avec certificat OEKO-TEX\u00ae<\/li>\n<p> <\/p>\n<li>Possibilit\u00e9 de placer un filtre*<\/li>\n<p> <\/p>\n<li>R\u00e9utilisable, lavable \u00e0 90\u00b0C<\/li>\n<p> <\/p>\n<li>Confort de port agr\u00e9able<\/li>\n<p> <\/ul>\n<p> * Placer un filtre est fortement recommand\u00e9 par le SPF Sant\u00e9 ! Vous pouvez utiliser un filtre d\u2019aspirateur ou \u00e0 caf\u00e9, par exemple.<\/p>\n<p> IMPORTANT : Si vous avez une petite t\u00eate\/un visage fin, torsadez les \u00e9lastiques ou faites un noeud. <\/p><\/p>\n","protected":false},"excerpt":{"rendered":"<p>Doubles couches de coton avec certificat OEKO-TEX\u00ae Possibilit\u00e9 de placer un filtre* R\u00e9utilisable, lavable \u00e0 90\u00b0C Confort de port agr\u00e9able * Placer un filtre est fortement recommand\u00e9 par le SPF Sant\u00e9 ! Vous pouvez utiliser un filtre d\u2019aspirateur ou \u00e0 caf\u00e9, par exemple. IMPORTANT : Si vous avez une petite t\u00eate\/un visage fin, torsadez les [&hellip;]<\/p>\n","protected":false},"featured_media":113681,"comment_status":"open","ping_status":"closed","template":"","meta":{"_acf_changed":false},"product_brand":[10380],"product_cat":[9992,10136,10150],"product_tag":[],"class_list":{"0":"post-142329","1":"product","2":"type-product","3":"status-publish","4":"has-post-thumbnail","6":"product_brand-districos-fr","7":"product_cat-soins-des-pieds-podologie-desinfection-nettoyage-articles-jetables","8":"product_cat-hygiene-articles-jetables-hygiene-protection-equipements-de-protection-individuelle-epi","9":"product_cat-hygiene-articles-jetables-articles-jetables-masques-buccaux","11":"first","12":"outofstock","13":"taxable","14":"shipping-taxable","15":"product-type-simple"},"acf":[],"yoast_head":"<!-- This site is optimized with the Yoast SEO plugin v27.3 - https:\/\/yoast.com\/product\/yoast-seo-wordpress\/ -->\n<title>Masques Buccaux Lavables 5 pcs. - Districos Webshop<\/title>\n<meta name=\"robots\" content=\"noindex, follow, max-snippet:-1, max-image-preview:large, max-video-preview:-1\" \/>\n<meta property=\"og:locale\" content=\"fr_FR\" \/>\n<meta property=\"og:type\" content=\"article\" \/>\n<meta property=\"og:title\" content=\"Masques Buccaux Lavables 5 pcs. - Districos Webshop\" \/>\n<meta property=\"og:description\" content=\"Doubles couches de coton avec certificat OEKO-TEX\u00ae Possibilit\u00e9 de placer un filtre* R\u00e9utilisable, lavable \u00e0 90\u00b0C Confort de port agr\u00e9able * Placer un filtre est fortement recommand\u00e9 par le SPF Sant\u00e9 ! Vous pouvez utiliser un filtre d\u2019aspirateur ou \u00e0 caf\u00e9, par exemple. IMPORTANT : Si vous avez une petite t\u00eate\/un visage fin, torsadez les [&hellip;]\" \/>\n<meta property=\"og:url\" content=\"https:\/\/districos.standingout.be\/fr\/product\/masques-buccaux-lavables-5-pcs-ref-8895-25\/\" \/>\n<meta property=\"og:site_name\" content=\"Districos Webshop\" \/>\n<meta property=\"article:modified_time\" content=\"2026-04-28T11:42:26+00:00\" \/>\n<meta name=\"twitter:card\" content=\"summary_large_image\" \/>\n<script type=\"application\/ld+json\" class=\"yoast-schema-graph\">{\"@context\":\"https:\\\/\\\/schema.org\",\"@graph\":[{\"@type\":\"WebPage\",\"@id\":\"https:\\\/\\\/districos.standingout.be\\\/fr\\\/product\\\/masques-buccaux-lavables-5-pcs-ref-8895-25\\\/\",\"url\":\"https:\\\/\\\/districos.standingout.be\\\/fr\\\/product\\\/masques-buccaux-lavables-5-pcs-ref-8895-25\\\/\",\"name\":\"Masques Buccaux Lavables 5 pcs. - Districos Webshop\",\"isPartOf\":{\"@id\":\"https:\\\/\\\/districos.standingout.be\\\/fr\\\/#website\"},\"primaryImageOfPage\":{\"@id\":\"https:\\\/\\\/districos.standingout.be\\\/fr\\\/product\\\/masques-buccaux-lavables-5-pcs-ref-8895-25\\\/#primaryimage\"},\"image\":{\"@id\":\"https:\\\/\\\/districos.standingout.be\\\/fr\\\/product\\\/masques-buccaux-lavables-5-pcs-ref-8895-25\\\/#primaryimage\"},\"thumbnailUrl\":\"https:\\\/\\\/districos.standingout.be\\\/wp-content\\\/uploads\\\/2026\\\/03\\\/8895.25@LowRes_1_0.png\",\"datePublished\":\"2026-04-28T11:42:24+00:00\",\"dateModified\":\"2026-04-28T11:42:26+00:00\",\"breadcrumb\":{\"@id\":\"https:\\\/\\\/districos.standingout.be\\\/fr\\\/product\\\/masques-buccaux-lavables-5-pcs-ref-8895-25\\\/#breadcrumb\"},\"inLanguage\":\"fr-FR\",\"potentialAction\":[{\"@type\":\"ReadAction\",\"target\":[\"https:\\\/\\\/districos.standingout.be\\\/fr\\\/product\\\/masques-buccaux-lavables-5-pcs-ref-8895-25\\\/\"]}]},{\"@type\":\"ImageObject\",\"inLanguage\":\"fr-FR\",\"@id\":\"https:\\\/\\\/districos.standingout.be\\\/fr\\\/product\\\/masques-buccaux-lavables-5-pcs-ref-8895-25\\\/#primaryimage\",\"url\":\"https:\\\/\\\/districos.standingout.be\\\/wp-content\\\/uploads\\\/2026\\\/03\\\/8895.25@LowRes_1_0.png\",\"contentUrl\":\"https:\\\/\\\/districos.standingout.be\\\/wp-content\\\/uploads\\\/2026\\\/03\\\/8895.25@LowRes_1_0.png\",\"width\":600,\"height\":600},{\"@type\":\"BreadcrumbList\",\"@id\":\"https:\\\/\\\/districos.standingout.be\\\/fr\\\/product\\\/masques-buccaux-lavables-5-pcs-ref-8895-25\\\/#breadcrumb\",\"itemListElement\":[{\"@type\":\"ListItem\",\"position\":1,\"name\":\"Home\",\"item\":\"https:\\\/\\\/districos.standingout.be\\\/fr\\\/bienvenue-chez-districos\\\/\"},{\"@type\":\"ListItem\",\"position\":2,\"name\":\"Boutique\",\"item\":\"https:\\\/\\\/districos.standingout.be\\\/fr\\\/boutique\\\/\"},{\"@type\":\"ListItem\",\"position\":3,\"name\":\"Masques Buccaux Lavables 5 pcs.\"}]},{\"@type\":\"WebSite\",\"@id\":\"https:\\\/\\\/districos.standingout.be\\\/fr\\\/#website\",\"url\":\"https:\\\/\\\/districos.standingout.be\\\/fr\\\/\",\"name\":\"Districos Webshop\",\"description\":\"\",\"publisher\":{\"@id\":\"https:\\\/\\\/districos.standingout.be\\\/fr\\\/#organization\"},\"potentialAction\":[{\"@type\":\"SearchAction\",\"target\":{\"@type\":\"EntryPoint\",\"urlTemplate\":\"https:\\\/\\\/districos.standingout.be\\\/fr\\\/?s={search_term_string}\"},\"query-input\":{\"@type\":\"PropertyValueSpecification\",\"valueRequired\":true,\"valueName\":\"search_term_string\"}}],\"inLanguage\":\"fr-FR\"},{\"@type\":\"Organization\",\"@id\":\"https:\\\/\\\/districos.standingout.be\\\/fr\\\/#organization\",\"name\":\"Districos Webshop\",\"url\":\"https:\\\/\\\/districos.standingout.be\\\/fr\\\/\",\"logo\":{\"@type\":\"ImageObject\",\"inLanguage\":\"fr-FR\",\"@id\":\"https:\\\/\\\/districos.standingout.be\\\/fr\\\/#\\\/schema\\\/logo\\\/image\\\/\",\"url\":\"https:\\\/\\\/districos.standingout.be\\\/wp-content\\\/uploads\\\/2022\\\/09\\\/Districos_Logo_Webshop.svg\",\"contentUrl\":\"https:\\\/\\\/districos.standingout.be\\\/wp-content\\\/uploads\\\/2022\\\/09\\\/Districos_Logo_Webshop.svg\",\"caption\":\"Districos Webshop\"},\"image\":{\"@id\":\"https:\\\/\\\/districos.standingout.be\\\/fr\\\/#\\\/schema\\\/logo\\\/image\\\/\"}}]}<\/script>\n<!-- \/ Yoast SEO plugin. -->","yoast_head_json":{"title":"Masques Buccaux Lavables 5 pcs. - Districos Webshop","robots":{"index":"noindex","follow":"follow","max-snippet":"max-snippet:-1","max-image-preview":"max-image-preview:large","max-video-preview":"max-video-preview:-1"},"og_locale":"fr_FR","og_type":"article","og_title":"Masques Buccaux Lavables 5 pcs. - Districos Webshop","og_description":"Doubles couches de coton avec certificat OEKO-TEX\u00ae Possibilit\u00e9 de placer un filtre* R\u00e9utilisable, lavable \u00e0 90\u00b0C Confort de port agr\u00e9able * Placer un filtre est fortement recommand\u00e9 par le SPF Sant\u00e9 ! Vous pouvez utiliser un filtre d\u2019aspirateur ou \u00e0 caf\u00e9, par exemple. IMPORTANT : Si vous avez une petite t\u00eate\/un visage fin, torsadez les [&hellip;]","og_url":"https:\/\/districos.standingout.be\/fr\/product\/masques-buccaux-lavables-5-pcs-ref-8895-25\/","og_site_name":"Districos Webshop","article_modified_time":"2026-04-28T11:42:26+00:00","twitter_card":"summary_large_image","schema":{"@context":"https:\/\/schema.org","@graph":[{"@type":"WebPage","@id":"https:\/\/districos.standingout.be\/fr\/product\/masques-buccaux-lavables-5-pcs-ref-8895-25\/","url":"https:\/\/districos.standingout.be\/fr\/product\/masques-buccaux-lavables-5-pcs-ref-8895-25\/","name":"Masques Buccaux Lavables 5 pcs. - Districos Webshop","isPartOf":{"@id":"https:\/\/districos.standingout.be\/fr\/#website"},"primaryImageOfPage":{"@id":"https:\/\/districos.standingout.be\/fr\/product\/masques-buccaux-lavables-5-pcs-ref-8895-25\/#primaryimage"},"image":{"@id":"https:\/\/districos.standingout.be\/fr\/product\/masques-buccaux-lavables-5-pcs-ref-8895-25\/#primaryimage"},"thumbnailUrl":"https:\/\/districos.standingout.be\/wp-content\/uploads\/2026\/03\/8895.25@LowRes_1_0.png","datePublished":"2026-04-28T11:42:24+00:00","dateModified":"2026-04-28T11:42:26+00:00","breadcrumb":{"@id":"https:\/\/districos.standingout.be\/fr\/product\/masques-buccaux-lavables-5-pcs-ref-8895-25\/#breadcrumb"},"inLanguage":"fr-FR","potentialAction":[{"@type":"ReadAction","target":["https:\/\/districos.standingout.be\/fr\/product\/masques-buccaux-lavables-5-pcs-ref-8895-25\/"]}]},{"@type":"ImageObject","inLanguage":"fr-FR","@id":"https:\/\/districos.standingout.be\/fr\/product\/masques-buccaux-lavables-5-pcs-ref-8895-25\/#primaryimage","url":"https:\/\/districos.standingout.be\/wp-content\/uploads\/2026\/03\/8895.25@LowRes_1_0.png","contentUrl":"https:\/\/districos.standingout.be\/wp-content\/uploads\/2026\/03\/8895.25@LowRes_1_0.png","width":600,"height":600},{"@type":"BreadcrumbList","@id":"https:\/\/districos.standingout.be\/fr\/product\/masques-buccaux-lavables-5-pcs-ref-8895-25\/#breadcrumb","itemListElement":[{"@type":"ListItem","position":1,"name":"Home","item":"https:\/\/districos.standingout.be\/fr\/bienvenue-chez-districos\/"},{"@type":"ListItem","position":2,"name":"Boutique","item":"https:\/\/districos.standingout.be\/fr\/boutique\/"},{"@type":"ListItem","position":3,"name":"Masques Buccaux Lavables 5 pcs."}]},{"@type":"WebSite","@id":"https:\/\/districos.standingout.be\/fr\/#website","url":"https:\/\/districos.standingout.be\/fr\/","name":"Districos Webshop","description":"","publisher":{"@id":"https:\/\/districos.standingout.be\/fr\/#organization"},"potentialAction":[{"@type":"SearchAction","target":{"@type":"EntryPoint","urlTemplate":"https:\/\/districos.standingout.be\/fr\/?s={search_term_string}"},"query-input":{"@type":"PropertyValueSpecification","valueRequired":true,"valueName":"search_term_string"}}],"inLanguage":"fr-FR"},{"@type":"Organization","@id":"https:\/\/districos.standingout.be\/fr\/#organization","name":"Districos Webshop","url":"https:\/\/districos.standingout.be\/fr\/","logo":{"@type":"ImageObject","inLanguage":"fr-FR","@id":"https:\/\/districos.standingout.be\/fr\/#\/schema\/logo\/image\/","url":"https:\/\/districos.standingout.be\/wp-content\/uploads\/2022\/09\/Districos_Logo_Webshop.svg","contentUrl":"https:\/\/districos.standingout.be\/wp-content\/uploads\/2022\/09\/Districos_Logo_Webshop.svg","caption":"Districos Webshop"},"image":{"@id":"https:\/\/districos.standingout.be\/fr\/#\/schema\/logo\/image\/"}}]}},"_links":{"self":[{"href":"https:\/\/districos.standingout.be\/fr\/wp-json\/wp\/v2\/product\/142329","targetHints":{"allow":["GET"]}}],"collection":[{"href":"https:\/\/districos.standingout.be\/fr\/wp-json\/wp\/v2\/product"}],"about":[{"href":"https:\/\/districos.standingout.be\/fr\/wp-json\/wp\/v2\/types\/product"}],"replies":[{"embeddable":true,"href":"https:\/\/districos.standingout.be\/fr\/wp-json\/wp\/v2\/comments?post=142329"}],"wp:featuredmedia":[{"embeddable":true,"href":"https:\/\/districos.standingout.be\/fr\/wp-json\/wp\/v2\/media\/113681"}],"wp:attachment":[{"href":"https:\/\/districos.standingout.be\/fr\/wp-json\/wp\/v2\/media?parent=142329"}],"wp:term":[{"taxonomy":"product_brand","embeddable":true,"href":"https:\/\/districos.standingout.be\/fr\/wp-json\/wp\/v2\/product_brand?post=142329"},{"taxonomy":"product_cat","embeddable":true,"href":"https:\/\/districos.standingout.be\/fr\/wp-json\/wp\/v2\/product_cat?post=142329"},{"taxonomy":"product_tag","embeddable":true,"href":"https:\/\/districos.standingout.be\/fr\/wp-json\/wp\/v2\/product_tag?post=142329"}],"curies":[{"name":"wp","href":"https:\/\/api.w.org\/{rel}","templated":true}]}}