{"id":142361,"date":"2026-04-28T13:44:01","date_gmt":"2026-04-28T11:44:01","guid":{"rendered":"https:\/\/webshopdistricoscom.webhosting.be\/product\/refectocil-oxidant-3-10-vol-cream-100-ml-ref-8914-25-2\/"},"modified":"2026-04-28T13:44:05","modified_gmt":"2026-04-28T11:44:05","slug":"refectocil-oxidant-3-10-vol-cream-100-ml-ref-8914-25","status":"publish","type":"product","link":"https:\/\/districos.standingout.be\/fr\/product\/refectocil-oxidant-3-10-vol-cream-100-ml-ref-8914-25\/","title":{"rendered":"RefectoCil Oxidant 3% 10 vol. Cream 100 ml"},"content":{"rendered":"<p >\n<p dir=ltr>M\u00e9langez 2 cm de teinture avec la m\u00eame quantit\u00e9 de cr\u00e8me dans un godet en verre. Laissez agir pendant 15. Appropri\u00e9e aux yeux sensibles. <\/p>\n<p> Emballage : flacon de 100 ml<\/p><\/p>\n","protected":false},"excerpt":{"rendered":"<p>M\u00e9langez 2 cm de teinture avec la m\u00eame quantit\u00e9 de cr\u00e8me dans un godet en verre. Laissez agir pendant 15. Appropri\u00e9e aux yeux sensibles. Emballage : flacon de 100 ml<\/p>\n","protected":false},"featured_media":148832,"comment_status":"open","ping_status":"closed","template":"","meta":{"_acf_changed":false},"product_brand":[10528],"product_cat":[9978,9980,9882],"product_tag":[],"class_list":{"0":"post-142361","1":"product","2":"type-product","3":"status-publish","4":"has-post-thumbnail","6":"product_brand-refectocil-fr","7":"product_cat-beaute-cils-sourcils-lifting-des-sourcils","8":"product_cat-beaute-cils-sourcils-teinture","9":"product_cat-beaute-maquillage-yeux-sourcils","11":"first","12":"instock","13":"taxable","14":"shipping-taxable","15":"product-type-simple"},"acf":[],"yoast_head":"<!-- This site is optimized with the Yoast SEO plugin v27.3 - https:\/\/yoast.com\/product\/yoast-seo-wordpress\/ -->\n<title>RefectoCil Oxidant 3% 10 vol. Cream 100 ml - Districos Webshop<\/title>\n<meta name=\"robots\" content=\"noindex, follow, max-snippet:-1, max-image-preview:large, max-video-preview:-1\" \/>\n<meta property=\"og:locale\" content=\"fr_FR\" \/>\n<meta property=\"og:type\" content=\"article\" \/>\n<meta property=\"og:title\" content=\"RefectoCil Oxidant 3% 10 vol. Cream 100 ml - Districos Webshop\" \/>\n<meta property=\"og:description\" content=\"M\u00e9langez 2 cm de teinture avec la m\u00eame quantit\u00e9 de cr\u00e8me dans un godet en verre. Laissez agir pendant 15. Appropri\u00e9e aux yeux sensibles. Emballage : flacon de 100 ml\" \/>\n<meta property=\"og:url\" content=\"https:\/\/districos.standingout.be\/fr\/product\/refectocil-oxidant-3-10-vol-cream-100-ml-ref-8914-25\/\" \/>\n<meta property=\"og:site_name\" content=\"Districos Webshop\" \/>\n<meta property=\"article:modified_time\" content=\"2026-04-28T11:44:05+00:00\" \/>\n<meta name=\"twitter:card\" content=\"summary_large_image\" \/>\n<script type=\"application\/ld+json\" class=\"yoast-schema-graph\">{\"@context\":\"https:\\\/\\\/schema.org\",\"@graph\":[{\"@type\":\"WebPage\",\"@id\":\"https:\\\/\\\/districos.standingout.be\\\/fr\\\/product\\\/refectocil-oxidant-3-10-vol-cream-100-ml-ref-8914-25\\\/\",\"url\":\"https:\\\/\\\/districos.standingout.be\\\/fr\\\/product\\\/refectocil-oxidant-3-10-vol-cream-100-ml-ref-8914-25\\\/\",\"name\":\"RefectoCil Oxidant 3% 10 vol. Cream 100 ml - Districos Webshop\",\"isPartOf\":{\"@id\":\"https:\\\/\\\/districos.standingout.be\\\/fr\\\/#website\"},\"primaryImageOfPage\":{\"@id\":\"https:\\\/\\\/districos.standingout.be\\\/fr\\\/product\\\/refectocil-oxidant-3-10-vol-cream-100-ml-ref-8914-25\\\/#primaryimage\"},\"image\":{\"@id\":\"https:\\\/\\\/districos.standingout.be\\\/fr\\\/product\\\/refectocil-oxidant-3-10-vol-cream-100-ml-ref-8914-25\\\/#primaryimage\"},\"thumbnailUrl\":\"https:\\\/\\\/districos.standingout.be\\\/wp-content\\\/uploads\\\/2026\\\/04\\\/8914.25@Oxidant-Creme-3-100-ml_1.png\",\"datePublished\":\"2026-04-28T11:44:01+00:00\",\"dateModified\":\"2026-04-28T11:44:05+00:00\",\"breadcrumb\":{\"@id\":\"https:\\\/\\\/districos.standingout.be\\\/fr\\\/product\\\/refectocil-oxidant-3-10-vol-cream-100-ml-ref-8914-25\\\/#breadcrumb\"},\"inLanguage\":\"fr-FR\",\"potentialAction\":[{\"@type\":\"ReadAction\",\"target\":[\"https:\\\/\\\/districos.standingout.be\\\/fr\\\/product\\\/refectocil-oxidant-3-10-vol-cream-100-ml-ref-8914-25\\\/\"]}]},{\"@type\":\"ImageObject\",\"inLanguage\":\"fr-FR\",\"@id\":\"https:\\\/\\\/districos.standingout.be\\\/fr\\\/product\\\/refectocil-oxidant-3-10-vol-cream-100-ml-ref-8914-25\\\/#primaryimage\",\"url\":\"https:\\\/\\\/districos.standingout.be\\\/wp-content\\\/uploads\\\/2026\\\/04\\\/8914.25@Oxidant-Creme-3-100-ml_1.png\",\"contentUrl\":\"https:\\\/\\\/districos.standingout.be\\\/wp-content\\\/uploads\\\/2026\\\/04\\\/8914.25@Oxidant-Creme-3-100-ml_1.png\",\"width\":600,\"height\":600},{\"@type\":\"BreadcrumbList\",\"@id\":\"https:\\\/\\\/districos.standingout.be\\\/fr\\\/product\\\/refectocil-oxidant-3-10-vol-cream-100-ml-ref-8914-25\\\/#breadcrumb\",\"itemListElement\":[{\"@type\":\"ListItem\",\"position\":1,\"name\":\"Home\",\"item\":\"https:\\\/\\\/districos.standingout.be\\\/fr\\\/bienvenue-chez-districos\\\/\"},{\"@type\":\"ListItem\",\"position\":2,\"name\":\"Boutique\",\"item\":\"https:\\\/\\\/districos.standingout.be\\\/fr\\\/boutique\\\/\"},{\"@type\":\"ListItem\",\"position\":3,\"name\":\"RefectoCil Oxidant 3% 10 vol. Cream 100 ml\"}]},{\"@type\":\"WebSite\",\"@id\":\"https:\\\/\\\/districos.standingout.be\\\/fr\\\/#website\",\"url\":\"https:\\\/\\\/districos.standingout.be\\\/fr\\\/\",\"name\":\"Districos Webshop\",\"description\":\"\",\"publisher\":{\"@id\":\"https:\\\/\\\/districos.standingout.be\\\/fr\\\/#organization\"},\"potentialAction\":[{\"@type\":\"SearchAction\",\"target\":{\"@type\":\"EntryPoint\",\"urlTemplate\":\"https:\\\/\\\/districos.standingout.be\\\/fr\\\/?s={search_term_string}\"},\"query-input\":{\"@type\":\"PropertyValueSpecification\",\"valueRequired\":true,\"valueName\":\"search_term_string\"}}],\"inLanguage\":\"fr-FR\"},{\"@type\":\"Organization\",\"@id\":\"https:\\\/\\\/districos.standingout.be\\\/fr\\\/#organization\",\"name\":\"Districos Webshop\",\"url\":\"https:\\\/\\\/districos.standingout.be\\\/fr\\\/\",\"logo\":{\"@type\":\"ImageObject\",\"inLanguage\":\"fr-FR\",\"@id\":\"https:\\\/\\\/districos.standingout.be\\\/fr\\\/#\\\/schema\\\/logo\\\/image\\\/\",\"url\":\"https:\\\/\\\/districos.standingout.be\\\/wp-content\\\/uploads\\\/2022\\\/09\\\/Districos_Logo_Webshop.svg\",\"contentUrl\":\"https:\\\/\\\/districos.standingout.be\\\/wp-content\\\/uploads\\\/2022\\\/09\\\/Districos_Logo_Webshop.svg\",\"caption\":\"Districos Webshop\"},\"image\":{\"@id\":\"https:\\\/\\\/districos.standingout.be\\\/fr\\\/#\\\/schema\\\/logo\\\/image\\\/\"}}]}<\/script>\n<!-- \/ Yoast SEO plugin. -->","yoast_head_json":{"title":"RefectoCil Oxidant 3% 10 vol. Cream 100 ml - Districos Webshop","robots":{"index":"noindex","follow":"follow","max-snippet":"max-snippet:-1","max-image-preview":"max-image-preview:large","max-video-preview":"max-video-preview:-1"},"og_locale":"fr_FR","og_type":"article","og_title":"RefectoCil Oxidant 3% 10 vol. Cream 100 ml - Districos Webshop","og_description":"M\u00e9langez 2 cm de teinture avec la m\u00eame quantit\u00e9 de cr\u00e8me dans un godet en verre. Laissez agir pendant 15. Appropri\u00e9e aux yeux sensibles. Emballage : flacon de 100 ml","og_url":"https:\/\/districos.standingout.be\/fr\/product\/refectocil-oxidant-3-10-vol-cream-100-ml-ref-8914-25\/","og_site_name":"Districos Webshop","article_modified_time":"2026-04-28T11:44:05+00:00","twitter_card":"summary_large_image","schema":{"@context":"https:\/\/schema.org","@graph":[{"@type":"WebPage","@id":"https:\/\/districos.standingout.be\/fr\/product\/refectocil-oxidant-3-10-vol-cream-100-ml-ref-8914-25\/","url":"https:\/\/districos.standingout.be\/fr\/product\/refectocil-oxidant-3-10-vol-cream-100-ml-ref-8914-25\/","name":"RefectoCil Oxidant 3% 10 vol. Cream 100 ml - Districos Webshop","isPartOf":{"@id":"https:\/\/districos.standingout.be\/fr\/#website"},"primaryImageOfPage":{"@id":"https:\/\/districos.standingout.be\/fr\/product\/refectocil-oxidant-3-10-vol-cream-100-ml-ref-8914-25\/#primaryimage"},"image":{"@id":"https:\/\/districos.standingout.be\/fr\/product\/refectocil-oxidant-3-10-vol-cream-100-ml-ref-8914-25\/#primaryimage"},"thumbnailUrl":"https:\/\/districos.standingout.be\/wp-content\/uploads\/2026\/04\/8914.25@Oxidant-Creme-3-100-ml_1.png","datePublished":"2026-04-28T11:44:01+00:00","dateModified":"2026-04-28T11:44:05+00:00","breadcrumb":{"@id":"https:\/\/districos.standingout.be\/fr\/product\/refectocil-oxidant-3-10-vol-cream-100-ml-ref-8914-25\/#breadcrumb"},"inLanguage":"fr-FR","potentialAction":[{"@type":"ReadAction","target":["https:\/\/districos.standingout.be\/fr\/product\/refectocil-oxidant-3-10-vol-cream-100-ml-ref-8914-25\/"]}]},{"@type":"ImageObject","inLanguage":"fr-FR","@id":"https:\/\/districos.standingout.be\/fr\/product\/refectocil-oxidant-3-10-vol-cream-100-ml-ref-8914-25\/#primaryimage","url":"https:\/\/districos.standingout.be\/wp-content\/uploads\/2026\/04\/8914.25@Oxidant-Creme-3-100-ml_1.png","contentUrl":"https:\/\/districos.standingout.be\/wp-content\/uploads\/2026\/04\/8914.25@Oxidant-Creme-3-100-ml_1.png","width":600,"height":600},{"@type":"BreadcrumbList","@id":"https:\/\/districos.standingout.be\/fr\/product\/refectocil-oxidant-3-10-vol-cream-100-ml-ref-8914-25\/#breadcrumb","itemListElement":[{"@type":"ListItem","position":1,"name":"Home","item":"https:\/\/districos.standingout.be\/fr\/bienvenue-chez-districos\/"},{"@type":"ListItem","position":2,"name":"Boutique","item":"https:\/\/districos.standingout.be\/fr\/boutique\/"},{"@type":"ListItem","position":3,"name":"RefectoCil Oxidant 3% 10 vol. Cream 100 ml"}]},{"@type":"WebSite","@id":"https:\/\/districos.standingout.be\/fr\/#website","url":"https:\/\/districos.standingout.be\/fr\/","name":"Districos Webshop","description":"","publisher":{"@id":"https:\/\/districos.standingout.be\/fr\/#organization"},"potentialAction":[{"@type":"SearchAction","target":{"@type":"EntryPoint","urlTemplate":"https:\/\/districos.standingout.be\/fr\/?s={search_term_string}"},"query-input":{"@type":"PropertyValueSpecification","valueRequired":true,"valueName":"search_term_string"}}],"inLanguage":"fr-FR"},{"@type":"Organization","@id":"https:\/\/districos.standingout.be\/fr\/#organization","name":"Districos Webshop","url":"https:\/\/districos.standingout.be\/fr\/","logo":{"@type":"ImageObject","inLanguage":"fr-FR","@id":"https:\/\/districos.standingout.be\/fr\/#\/schema\/logo\/image\/","url":"https:\/\/districos.standingout.be\/wp-content\/uploads\/2022\/09\/Districos_Logo_Webshop.svg","contentUrl":"https:\/\/districos.standingout.be\/wp-content\/uploads\/2022\/09\/Districos_Logo_Webshop.svg","caption":"Districos Webshop"},"image":{"@id":"https:\/\/districos.standingout.be\/fr\/#\/schema\/logo\/image\/"}}]}},"_links":{"self":[{"href":"https:\/\/districos.standingout.be\/fr\/wp-json\/wp\/v2\/product\/142361","targetHints":{"allow":["GET"]}}],"collection":[{"href":"https:\/\/districos.standingout.be\/fr\/wp-json\/wp\/v2\/product"}],"about":[{"href":"https:\/\/districos.standingout.be\/fr\/wp-json\/wp\/v2\/types\/product"}],"replies":[{"embeddable":true,"href":"https:\/\/districos.standingout.be\/fr\/wp-json\/wp\/v2\/comments?post=142361"}],"wp:featuredmedia":[{"embeddable":true,"href":"https:\/\/districos.standingout.be\/fr\/wp-json\/wp\/v2\/media\/148832"}],"wp:attachment":[{"href":"https:\/\/districos.standingout.be\/fr\/wp-json\/wp\/v2\/media?parent=142361"}],"wp:term":[{"taxonomy":"product_brand","embeddable":true,"href":"https:\/\/districos.standingout.be\/fr\/wp-json\/wp\/v2\/product_brand?post=142361"},{"taxonomy":"product_cat","embeddable":true,"href":"https:\/\/districos.standingout.be\/fr\/wp-json\/wp\/v2\/product_cat?post=142361"},{"taxonomy":"product_tag","embeddable":true,"href":"https:\/\/districos.standingout.be\/fr\/wp-json\/wp\/v2\/product_tag?post=142361"}],"curies":[{"name":"wp","href":"https:\/\/api.w.org\/{rel}","templated":true}]}}