{"id":142365,"date":"2026-04-28T13:44:12","date_gmt":"2026-04-28T11:44:12","guid":{"rendered":"https:\/\/webshopdistricoscom.webhosting.be\/product\/refectocil-pads-en-silicone-1-paire-ref-8914-27\/"},"modified":"2026-04-28T13:44:16","modified_gmt":"2026-04-28T11:44:16","slug":"refectocil-pads-en-silicone-1-paire-ref-8914-27","status":"publish","type":"product","link":"https:\/\/districos.standingout.be\/fr\/product\/refectocil-pads-en-silicone-1-paire-ref-8914-27\/","title":{"rendered":"RefectoCil Pads en Silicone 1 paire"},"content":{"rendered":"<p >\n<p dir=ltr>Ces pads sont l\u2019alternative antiallergique des feuillets protecteurs et de la cr\u00e8me protectrice. Ils sont facilement lavables et d\u00e8s lors r\u00e9utilisables. Ces pads autocollants et antid\u00e9rapants s\u2019adaptent \u00e0 chaque forme d\u2019\u0153il et sont test\u00e9s sous contr\u00f4le dermatologique. <\/p>\n<p> \u200bEmballage : paquet d\u2019une paire<\/p><\/p>\n","protected":false},"excerpt":{"rendered":"<p>Ces pads sont l\u2019alternative antiallergique des feuillets protecteurs et de la cr\u00e8me protectrice. Ils sont facilement lavables et d\u00e8s lors r\u00e9utilisables. Ces pads autocollants et antid\u00e9rapants s\u2019adaptent \u00e0 chaque forme d\u2019\u0153il et sont test\u00e9s sous contr\u00f4le dermatologique. \u200bEmballage : paquet d\u2019une paire<\/p>\n","protected":false},"featured_media":85205,"comment_status":"open","ping_status":"closed","template":"","meta":{"_acf_changed":false},"product_brand":[10528],"product_cat":[9978,9980,9882],"product_tag":[],"class_list":{"0":"post-142365","1":"product","2":"type-product","3":"status-publish","4":"has-post-thumbnail","6":"product_brand-refectocil-fr","7":"product_cat-beaute-cils-sourcils-lifting-des-sourcils","8":"product_cat-beaute-cils-sourcils-teinture","9":"product_cat-beaute-maquillage-yeux-sourcils","11":"first","12":"instock","13":"taxable","14":"shipping-taxable","15":"product-type-simple"},"acf":[],"yoast_head":"<!-- This site is optimized with the Yoast SEO plugin v27.3 - https:\/\/yoast.com\/product\/yoast-seo-wordpress\/ -->\n<title>RefectoCil Pads en Silicone 1 paire - Districos Webshop<\/title>\n<meta name=\"robots\" content=\"noindex, follow, max-snippet:-1, max-image-preview:large, max-video-preview:-1\" \/>\n<meta property=\"og:locale\" content=\"fr_FR\" \/>\n<meta property=\"og:type\" content=\"article\" \/>\n<meta property=\"og:title\" content=\"RefectoCil Pads en Silicone 1 paire - Districos Webshop\" \/>\n<meta property=\"og:description\" content=\"Ces pads sont l\u2019alternative antiallergique des feuillets protecteurs et de la cr\u00e8me protectrice. Ils sont facilement lavables et d\u00e8s lors r\u00e9utilisables. Ces pads autocollants et antid\u00e9rapants s\u2019adaptent \u00e0 chaque forme d\u2019\u0153il et sont test\u00e9s sous contr\u00f4le dermatologique. \u200bEmballage : paquet d\u2019une paire\" \/>\n<meta property=\"og:url\" content=\"https:\/\/districos.standingout.be\/fr\/product\/refectocil-pads-en-silicone-1-paire-ref-8914-27\/\" \/>\n<meta property=\"og:site_name\" content=\"Districos Webshop\" \/>\n<meta property=\"article:modified_time\" content=\"2026-04-28T11:44:16+00:00\" \/>\n<meta name=\"twitter:card\" content=\"summary_large_image\" \/>\n<script type=\"application\/ld+json\" class=\"yoast-schema-graph\">{\"@context\":\"https:\\\/\\\/schema.org\",\"@graph\":[{\"@type\":\"WebPage\",\"@id\":\"https:\\\/\\\/districos.standingout.be\\\/fr\\\/product\\\/refectocil-pads-en-silicone-1-paire-ref-8914-27\\\/\",\"url\":\"https:\\\/\\\/districos.standingout.be\\\/fr\\\/product\\\/refectocil-pads-en-silicone-1-paire-ref-8914-27\\\/\",\"name\":\"RefectoCil Pads en Silicone 1 paire - Districos Webshop\",\"isPartOf\":{\"@id\":\"https:\\\/\\\/districos.standingout.be\\\/fr\\\/#website\"},\"primaryImageOfPage\":{\"@id\":\"https:\\\/\\\/districos.standingout.be\\\/fr\\\/product\\\/refectocil-pads-en-silicone-1-paire-ref-8914-27\\\/#primaryimage\"},\"image\":{\"@id\":\"https:\\\/\\\/districos.standingout.be\\\/fr\\\/product\\\/refectocil-pads-en-silicone-1-paire-ref-8914-27\\\/#primaryimage\"},\"thumbnailUrl\":\"https:\\\/\\\/districos.standingout.be\\\/wp-content\\\/uploads\\\/2025\\\/07\\\/8914.27@LowRes_1_0.png\",\"datePublished\":\"2026-04-28T11:44:12+00:00\",\"dateModified\":\"2026-04-28T11:44:16+00:00\",\"breadcrumb\":{\"@id\":\"https:\\\/\\\/districos.standingout.be\\\/fr\\\/product\\\/refectocil-pads-en-silicone-1-paire-ref-8914-27\\\/#breadcrumb\"},\"inLanguage\":\"fr-FR\",\"potentialAction\":[{\"@type\":\"ReadAction\",\"target\":[\"https:\\\/\\\/districos.standingout.be\\\/fr\\\/product\\\/refectocil-pads-en-silicone-1-paire-ref-8914-27\\\/\"]}]},{\"@type\":\"ImageObject\",\"inLanguage\":\"fr-FR\",\"@id\":\"https:\\\/\\\/districos.standingout.be\\\/fr\\\/product\\\/refectocil-pads-en-silicone-1-paire-ref-8914-27\\\/#primaryimage\",\"url\":\"https:\\\/\\\/districos.standingout.be\\\/wp-content\\\/uploads\\\/2025\\\/07\\\/8914.27@LowRes_1_0.png\",\"contentUrl\":\"https:\\\/\\\/districos.standingout.be\\\/wp-content\\\/uploads\\\/2025\\\/07\\\/8914.27@LowRes_1_0.png\",\"width\":600,\"height\":600},{\"@type\":\"BreadcrumbList\",\"@id\":\"https:\\\/\\\/districos.standingout.be\\\/fr\\\/product\\\/refectocil-pads-en-silicone-1-paire-ref-8914-27\\\/#breadcrumb\",\"itemListElement\":[{\"@type\":\"ListItem\",\"position\":1,\"name\":\"Home\",\"item\":\"https:\\\/\\\/districos.standingout.be\\\/fr\\\/bienvenue-chez-districos\\\/\"},{\"@type\":\"ListItem\",\"position\":2,\"name\":\"Boutique\",\"item\":\"https:\\\/\\\/districos.standingout.be\\\/fr\\\/boutique\\\/\"},{\"@type\":\"ListItem\",\"position\":3,\"name\":\"RefectoCil Pads en Silicone 1 paire\"}]},{\"@type\":\"WebSite\",\"@id\":\"https:\\\/\\\/districos.standingout.be\\\/fr\\\/#website\",\"url\":\"https:\\\/\\\/districos.standingout.be\\\/fr\\\/\",\"name\":\"Districos Webshop\",\"description\":\"\",\"publisher\":{\"@id\":\"https:\\\/\\\/districos.standingout.be\\\/fr\\\/#organization\"},\"potentialAction\":[{\"@type\":\"SearchAction\",\"target\":{\"@type\":\"EntryPoint\",\"urlTemplate\":\"https:\\\/\\\/districos.standingout.be\\\/fr\\\/?s={search_term_string}\"},\"query-input\":{\"@type\":\"PropertyValueSpecification\",\"valueRequired\":true,\"valueName\":\"search_term_string\"}}],\"inLanguage\":\"fr-FR\"},{\"@type\":\"Organization\",\"@id\":\"https:\\\/\\\/districos.standingout.be\\\/fr\\\/#organization\",\"name\":\"Districos Webshop\",\"url\":\"https:\\\/\\\/districos.standingout.be\\\/fr\\\/\",\"logo\":{\"@type\":\"ImageObject\",\"inLanguage\":\"fr-FR\",\"@id\":\"https:\\\/\\\/districos.standingout.be\\\/fr\\\/#\\\/schema\\\/logo\\\/image\\\/\",\"url\":\"https:\\\/\\\/districos.standingout.be\\\/wp-content\\\/uploads\\\/2022\\\/09\\\/Districos_Logo_Webshop.svg\",\"contentUrl\":\"https:\\\/\\\/districos.standingout.be\\\/wp-content\\\/uploads\\\/2022\\\/09\\\/Districos_Logo_Webshop.svg\",\"caption\":\"Districos Webshop\"},\"image\":{\"@id\":\"https:\\\/\\\/districos.standingout.be\\\/fr\\\/#\\\/schema\\\/logo\\\/image\\\/\"}}]}<\/script>\n<!-- \/ Yoast SEO plugin. -->","yoast_head_json":{"title":"RefectoCil Pads en Silicone 1 paire - Districos Webshop","robots":{"index":"noindex","follow":"follow","max-snippet":"max-snippet:-1","max-image-preview":"max-image-preview:large","max-video-preview":"max-video-preview:-1"},"og_locale":"fr_FR","og_type":"article","og_title":"RefectoCil Pads en Silicone 1 paire - Districos Webshop","og_description":"Ces pads sont l\u2019alternative antiallergique des feuillets protecteurs et de la cr\u00e8me protectrice. Ils sont facilement lavables et d\u00e8s lors r\u00e9utilisables. Ces pads autocollants et antid\u00e9rapants s\u2019adaptent \u00e0 chaque forme d\u2019\u0153il et sont test\u00e9s sous contr\u00f4le dermatologique. \u200bEmballage : paquet d\u2019une paire","og_url":"https:\/\/districos.standingout.be\/fr\/product\/refectocil-pads-en-silicone-1-paire-ref-8914-27\/","og_site_name":"Districos Webshop","article_modified_time":"2026-04-28T11:44:16+00:00","twitter_card":"summary_large_image","schema":{"@context":"https:\/\/schema.org","@graph":[{"@type":"WebPage","@id":"https:\/\/districos.standingout.be\/fr\/product\/refectocil-pads-en-silicone-1-paire-ref-8914-27\/","url":"https:\/\/districos.standingout.be\/fr\/product\/refectocil-pads-en-silicone-1-paire-ref-8914-27\/","name":"RefectoCil Pads en Silicone 1 paire - Districos Webshop","isPartOf":{"@id":"https:\/\/districos.standingout.be\/fr\/#website"},"primaryImageOfPage":{"@id":"https:\/\/districos.standingout.be\/fr\/product\/refectocil-pads-en-silicone-1-paire-ref-8914-27\/#primaryimage"},"image":{"@id":"https:\/\/districos.standingout.be\/fr\/product\/refectocil-pads-en-silicone-1-paire-ref-8914-27\/#primaryimage"},"thumbnailUrl":"https:\/\/districos.standingout.be\/wp-content\/uploads\/2025\/07\/8914.27@LowRes_1_0.png","datePublished":"2026-04-28T11:44:12+00:00","dateModified":"2026-04-28T11:44:16+00:00","breadcrumb":{"@id":"https:\/\/districos.standingout.be\/fr\/product\/refectocil-pads-en-silicone-1-paire-ref-8914-27\/#breadcrumb"},"inLanguage":"fr-FR","potentialAction":[{"@type":"ReadAction","target":["https:\/\/districos.standingout.be\/fr\/product\/refectocil-pads-en-silicone-1-paire-ref-8914-27\/"]}]},{"@type":"ImageObject","inLanguage":"fr-FR","@id":"https:\/\/districos.standingout.be\/fr\/product\/refectocil-pads-en-silicone-1-paire-ref-8914-27\/#primaryimage","url":"https:\/\/districos.standingout.be\/wp-content\/uploads\/2025\/07\/8914.27@LowRes_1_0.png","contentUrl":"https:\/\/districos.standingout.be\/wp-content\/uploads\/2025\/07\/8914.27@LowRes_1_0.png","width":600,"height":600},{"@type":"BreadcrumbList","@id":"https:\/\/districos.standingout.be\/fr\/product\/refectocil-pads-en-silicone-1-paire-ref-8914-27\/#breadcrumb","itemListElement":[{"@type":"ListItem","position":1,"name":"Home","item":"https:\/\/districos.standingout.be\/fr\/bienvenue-chez-districos\/"},{"@type":"ListItem","position":2,"name":"Boutique","item":"https:\/\/districos.standingout.be\/fr\/boutique\/"},{"@type":"ListItem","position":3,"name":"RefectoCil Pads en Silicone 1 paire"}]},{"@type":"WebSite","@id":"https:\/\/districos.standingout.be\/fr\/#website","url":"https:\/\/districos.standingout.be\/fr\/","name":"Districos Webshop","description":"","publisher":{"@id":"https:\/\/districos.standingout.be\/fr\/#organization"},"potentialAction":[{"@type":"SearchAction","target":{"@type":"EntryPoint","urlTemplate":"https:\/\/districos.standingout.be\/fr\/?s={search_term_string}"},"query-input":{"@type":"PropertyValueSpecification","valueRequired":true,"valueName":"search_term_string"}}],"inLanguage":"fr-FR"},{"@type":"Organization","@id":"https:\/\/districos.standingout.be\/fr\/#organization","name":"Districos Webshop","url":"https:\/\/districos.standingout.be\/fr\/","logo":{"@type":"ImageObject","inLanguage":"fr-FR","@id":"https:\/\/districos.standingout.be\/fr\/#\/schema\/logo\/image\/","url":"https:\/\/districos.standingout.be\/wp-content\/uploads\/2022\/09\/Districos_Logo_Webshop.svg","contentUrl":"https:\/\/districos.standingout.be\/wp-content\/uploads\/2022\/09\/Districos_Logo_Webshop.svg","caption":"Districos Webshop"},"image":{"@id":"https:\/\/districos.standingout.be\/fr\/#\/schema\/logo\/image\/"}}]}},"_links":{"self":[{"href":"https:\/\/districos.standingout.be\/fr\/wp-json\/wp\/v2\/product\/142365","targetHints":{"allow":["GET"]}}],"collection":[{"href":"https:\/\/districos.standingout.be\/fr\/wp-json\/wp\/v2\/product"}],"about":[{"href":"https:\/\/districos.standingout.be\/fr\/wp-json\/wp\/v2\/types\/product"}],"replies":[{"embeddable":true,"href":"https:\/\/districos.standingout.be\/fr\/wp-json\/wp\/v2\/comments?post=142365"}],"wp:featuredmedia":[{"embeddable":true,"href":"https:\/\/districos.standingout.be\/fr\/wp-json\/wp\/v2\/media\/85205"}],"wp:attachment":[{"href":"https:\/\/districos.standingout.be\/fr\/wp-json\/wp\/v2\/media?parent=142365"}],"wp:term":[{"taxonomy":"product_brand","embeddable":true,"href":"https:\/\/districos.standingout.be\/fr\/wp-json\/wp\/v2\/product_brand?post=142365"},{"taxonomy":"product_cat","embeddable":true,"href":"https:\/\/districos.standingout.be\/fr\/wp-json\/wp\/v2\/product_cat?post=142365"},{"taxonomy":"product_tag","embeddable":true,"href":"https:\/\/districos.standingout.be\/fr\/wp-json\/wp\/v2\/product_tag?post=142365"}],"curies":[{"name":"wp","href":"https:\/\/api.w.org\/{rel}","templated":true}]}}