{"id":142367,"date":"2026-04-28T13:44:18","date_gmt":"2026-04-28T11:44:18","guid":{"rendered":"https:\/\/webshopdistricoscom.webhosting.be\/product\/refectocil-kit-teinture-des-cils-ref-8914-50\/"},"modified":"2026-04-28T13:44:22","modified_gmt":"2026-04-28T11:44:22","slug":"refectocil-kit-teinture-des-cils-ref-8914-50","status":"publish","type":"product","link":"https:\/\/districos.standingout.be\/fr\/product\/refectocil-kit-teinture-des-cils-ref-8914-50\/","title":{"rendered":"RefectoCil Kit Teinture des Cils"},"content":{"rendered":"<p >\n<\/p>\n<\/p>\n<p dir=\"ltr\">Les couleurs profondes de Refectocil\u00ae donnent \u00e0 votre client(e) un regard plein de s\u00e9duction ! Les cils ne paraissent pas seulement plus longs et plus \u00e9pais, mais la teinture sublime \u00e9galement les poils ternes afin que les yeux rayonnent. Refectocil\u00ae peut \u00e9galement \u00eatre utilis\u00e9 sur les sourcils pour plus d\u2019expression dans le visage. Les teintures peuvent \u00eatre m\u00e9lang\u00e9es afin d\u2019obtenir d\u2019autres nuances. La couleur tient jusqu\u2019\u00e0 6 semaines et en cas d\u2019une teinture fr\u00e9quente, celle-ci p\u00e9n\u00e8trera la racine ce qui intensifiera la couleur des cils.<br \/><b> Contenu :<\/b><\/p>\n<ul>\n<li>1 x Cobra Eye Make-Up Remover Soft 250 ml<\/li>\n<li>1 x&nbsp;RefectoCil Cr\u00e8me Protectrice 75 ml<\/li>\n<li>1 x&nbsp;RefectoCil Feuillets Protecteurs 96 pcs.<\/li>\n<li>1 x&nbsp;RefectoCil 1 Teinture Noir Profond 15 ml<\/li>\n<li>1 x&nbsp;RefectoCil 2 Teinture Bleu-Noir 15 ml<\/li>\n<li>1 x&nbsp;RefectoCil 2.1 Teinture Bleu Profond 15 ml<\/li>\n<li>1 x&nbsp;RefectoCil 3 Teinture Brun 15 ml<\/li>\n<li>1 x RefectoCil 3.1 Teinture Brun Clair 15 ml<\/li>\n<li>1 x&nbsp;RefectoCil Oxidant 3% 10 vol. Liquid 100 ml<\/li>\n<li>1 x&nbsp;Cobra Pinceau Teinture de Cils 5 mm<\/li>\n<li>1 x Cobra Pinceau Oblique 6 mm<\/li>\n<li>1 x&nbsp;Godet en Verre (hauteur : 3,5 cm)<\/li>\n<li>1 x&nbsp;RefectoCil Tint Remover 150 ml<\/li>\n<\/ul><\/p>\n","protected":false},"excerpt":{"rendered":"<p>Les couleurs profondes de Refectocil\u00ae donnent \u00e0 votre client(e) un regard plein de s\u00e9duction ! Les cils ne paraissent pas seulement plus longs et plus \u00e9pais, mais la teinture sublime \u00e9galement les poils ternes afin que les yeux rayonnent. Refectocil\u00ae peut \u00e9galement \u00eatre utilis\u00e9 sur les sourcils pour plus d\u2019expression dans le visage. Les teintures [&hellip;]<\/p>\n","protected":false},"featured_media":85208,"comment_status":"open","ping_status":"closed","template":"","meta":{"_acf_changed":false},"product_brand":[10528],"product_cat":[9978,9890,9980,9882],"product_tag":[],"class_list":{"0":"post-142367","1":"product","2":"type-product","3":"status-publish","4":"has-post-thumbnail","6":"product_brand-refectocil-fr","7":"product_cat-beaute-cils-sourcils-lifting-des-sourcils","8":"product_cat-beaute-maquillage-sets","9":"product_cat-beaute-cils-sourcils-teinture","10":"product_cat-beaute-maquillage-yeux-sourcils","12":"first","13":"instock","14":"taxable","15":"shipping-taxable","16":"product-type-simple"},"acf":[],"yoast_head":"<!-- This site is optimized with the Yoast SEO plugin v27.3 - https:\/\/yoast.com\/product\/yoast-seo-wordpress\/ -->\n<title>RefectoCil Kit Teinture des Cils - Districos Webshop<\/title>\n<meta name=\"robots\" content=\"noindex, follow, max-snippet:-1, max-image-preview:large, max-video-preview:-1\" \/>\n<meta property=\"og:locale\" content=\"fr_FR\" \/>\n<meta property=\"og:type\" content=\"article\" \/>\n<meta property=\"og:title\" content=\"RefectoCil Kit Teinture des Cils - Districos Webshop\" \/>\n<meta property=\"og:description\" content=\"Les couleurs profondes de Refectocil\u00ae donnent \u00e0 votre client(e) un regard plein de s\u00e9duction ! Les cils ne paraissent pas seulement plus longs et plus \u00e9pais, mais la teinture sublime \u00e9galement les poils ternes afin que les yeux rayonnent. Refectocil\u00ae peut \u00e9galement \u00eatre utilis\u00e9 sur les sourcils pour plus d\u2019expression dans le visage. Les teintures [&hellip;]\" \/>\n<meta property=\"og:url\" content=\"https:\/\/districos.standingout.be\/fr\/product\/refectocil-kit-teinture-des-cils-ref-8914-50\/\" \/>\n<meta property=\"og:site_name\" content=\"Districos Webshop\" \/>\n<meta property=\"article:modified_time\" content=\"2026-04-28T11:44:22+00:00\" \/>\n<meta name=\"twitter:card\" content=\"summary_large_image\" \/>\n<meta name=\"twitter:label1\" content=\"Dur\u00e9e de lecture estim\u00e9e\" \/>\n\t<meta name=\"twitter:data1\" content=\"1 minute\" \/>\n<script type=\"application\/ld+json\" class=\"yoast-schema-graph\">{\"@context\":\"https:\\\/\\\/schema.org\",\"@graph\":[{\"@type\":\"WebPage\",\"@id\":\"https:\\\/\\\/districos.standingout.be\\\/fr\\\/product\\\/refectocil-kit-teinture-des-cils-ref-8914-50\\\/\",\"url\":\"https:\\\/\\\/districos.standingout.be\\\/fr\\\/product\\\/refectocil-kit-teinture-des-cils-ref-8914-50\\\/\",\"name\":\"RefectoCil Kit Teinture des Cils - Districos Webshop\",\"isPartOf\":{\"@id\":\"https:\\\/\\\/districos.standingout.be\\\/fr\\\/#website\"},\"primaryImageOfPage\":{\"@id\":\"https:\\\/\\\/districos.standingout.be\\\/fr\\\/product\\\/refectocil-kit-teinture-des-cils-ref-8914-50\\\/#primaryimage\"},\"image\":{\"@id\":\"https:\\\/\\\/districos.standingout.be\\\/fr\\\/product\\\/refectocil-kit-teinture-des-cils-ref-8914-50\\\/#primaryimage\"},\"thumbnailUrl\":\"https:\\\/\\\/districos.standingout.be\\\/wp-content\\\/uploads\\\/2025\\\/07\\\/8914.50@LowRes_1_0.png\",\"datePublished\":\"2026-04-28T11:44:18+00:00\",\"dateModified\":\"2026-04-28T11:44:22+00:00\",\"breadcrumb\":{\"@id\":\"https:\\\/\\\/districos.standingout.be\\\/fr\\\/product\\\/refectocil-kit-teinture-des-cils-ref-8914-50\\\/#breadcrumb\"},\"inLanguage\":\"fr-FR\",\"potentialAction\":[{\"@type\":\"ReadAction\",\"target\":[\"https:\\\/\\\/districos.standingout.be\\\/fr\\\/product\\\/refectocil-kit-teinture-des-cils-ref-8914-50\\\/\"]}]},{\"@type\":\"ImageObject\",\"inLanguage\":\"fr-FR\",\"@id\":\"https:\\\/\\\/districos.standingout.be\\\/fr\\\/product\\\/refectocil-kit-teinture-des-cils-ref-8914-50\\\/#primaryimage\",\"url\":\"https:\\\/\\\/districos.standingout.be\\\/wp-content\\\/uploads\\\/2025\\\/07\\\/8914.50@LowRes_1_0.png\",\"contentUrl\":\"https:\\\/\\\/districos.standingout.be\\\/wp-content\\\/uploads\\\/2025\\\/07\\\/8914.50@LowRes_1_0.png\",\"width\":600,\"height\":600},{\"@type\":\"BreadcrumbList\",\"@id\":\"https:\\\/\\\/districos.standingout.be\\\/fr\\\/product\\\/refectocil-kit-teinture-des-cils-ref-8914-50\\\/#breadcrumb\",\"itemListElement\":[{\"@type\":\"ListItem\",\"position\":1,\"name\":\"Home\",\"item\":\"https:\\\/\\\/districos.standingout.be\\\/fr\\\/bienvenue-chez-districos\\\/\"},{\"@type\":\"ListItem\",\"position\":2,\"name\":\"Boutique\",\"item\":\"https:\\\/\\\/districos.standingout.be\\\/fr\\\/boutique\\\/\"},{\"@type\":\"ListItem\",\"position\":3,\"name\":\"RefectoCil Kit Teinture des Cils\"}]},{\"@type\":\"WebSite\",\"@id\":\"https:\\\/\\\/districos.standingout.be\\\/fr\\\/#website\",\"url\":\"https:\\\/\\\/districos.standingout.be\\\/fr\\\/\",\"name\":\"Districos Webshop\",\"description\":\"\",\"publisher\":{\"@id\":\"https:\\\/\\\/districos.standingout.be\\\/fr\\\/#organization\"},\"potentialAction\":[{\"@type\":\"SearchAction\",\"target\":{\"@type\":\"EntryPoint\",\"urlTemplate\":\"https:\\\/\\\/districos.standingout.be\\\/fr\\\/?s={search_term_string}\"},\"query-input\":{\"@type\":\"PropertyValueSpecification\",\"valueRequired\":true,\"valueName\":\"search_term_string\"}}],\"inLanguage\":\"fr-FR\"},{\"@type\":\"Organization\",\"@id\":\"https:\\\/\\\/districos.standingout.be\\\/fr\\\/#organization\",\"name\":\"Districos Webshop\",\"url\":\"https:\\\/\\\/districos.standingout.be\\\/fr\\\/\",\"logo\":{\"@type\":\"ImageObject\",\"inLanguage\":\"fr-FR\",\"@id\":\"https:\\\/\\\/districos.standingout.be\\\/fr\\\/#\\\/schema\\\/logo\\\/image\\\/\",\"url\":\"https:\\\/\\\/districos.standingout.be\\\/wp-content\\\/uploads\\\/2022\\\/09\\\/Districos_Logo_Webshop.svg\",\"contentUrl\":\"https:\\\/\\\/districos.standingout.be\\\/wp-content\\\/uploads\\\/2022\\\/09\\\/Districos_Logo_Webshop.svg\",\"caption\":\"Districos Webshop\"},\"image\":{\"@id\":\"https:\\\/\\\/districos.standingout.be\\\/fr\\\/#\\\/schema\\\/logo\\\/image\\\/\"}}]}<\/script>\n<!-- \/ Yoast SEO plugin. -->","yoast_head_json":{"title":"RefectoCil Kit Teinture des Cils - Districos Webshop","robots":{"index":"noindex","follow":"follow","max-snippet":"max-snippet:-1","max-image-preview":"max-image-preview:large","max-video-preview":"max-video-preview:-1"},"og_locale":"fr_FR","og_type":"article","og_title":"RefectoCil Kit Teinture des Cils - Districos Webshop","og_description":"Les couleurs profondes de Refectocil\u00ae donnent \u00e0 votre client(e) un regard plein de s\u00e9duction ! Les cils ne paraissent pas seulement plus longs et plus \u00e9pais, mais la teinture sublime \u00e9galement les poils ternes afin que les yeux rayonnent. Refectocil\u00ae peut \u00e9galement \u00eatre utilis\u00e9 sur les sourcils pour plus d\u2019expression dans le visage. Les teintures [&hellip;]","og_url":"https:\/\/districos.standingout.be\/fr\/product\/refectocil-kit-teinture-des-cils-ref-8914-50\/","og_site_name":"Districos Webshop","article_modified_time":"2026-04-28T11:44:22+00:00","twitter_card":"summary_large_image","twitter_misc":{"Dur\u00e9e de lecture estim\u00e9e":"1 minute"},"schema":{"@context":"https:\/\/schema.org","@graph":[{"@type":"WebPage","@id":"https:\/\/districos.standingout.be\/fr\/product\/refectocil-kit-teinture-des-cils-ref-8914-50\/","url":"https:\/\/districos.standingout.be\/fr\/product\/refectocil-kit-teinture-des-cils-ref-8914-50\/","name":"RefectoCil Kit Teinture des Cils - Districos Webshop","isPartOf":{"@id":"https:\/\/districos.standingout.be\/fr\/#website"},"primaryImageOfPage":{"@id":"https:\/\/districos.standingout.be\/fr\/product\/refectocil-kit-teinture-des-cils-ref-8914-50\/#primaryimage"},"image":{"@id":"https:\/\/districos.standingout.be\/fr\/product\/refectocil-kit-teinture-des-cils-ref-8914-50\/#primaryimage"},"thumbnailUrl":"https:\/\/districos.standingout.be\/wp-content\/uploads\/2025\/07\/8914.50@LowRes_1_0.png","datePublished":"2026-04-28T11:44:18+00:00","dateModified":"2026-04-28T11:44:22+00:00","breadcrumb":{"@id":"https:\/\/districos.standingout.be\/fr\/product\/refectocil-kit-teinture-des-cils-ref-8914-50\/#breadcrumb"},"inLanguage":"fr-FR","potentialAction":[{"@type":"ReadAction","target":["https:\/\/districos.standingout.be\/fr\/product\/refectocil-kit-teinture-des-cils-ref-8914-50\/"]}]},{"@type":"ImageObject","inLanguage":"fr-FR","@id":"https:\/\/districos.standingout.be\/fr\/product\/refectocil-kit-teinture-des-cils-ref-8914-50\/#primaryimage","url":"https:\/\/districos.standingout.be\/wp-content\/uploads\/2025\/07\/8914.50@LowRes_1_0.png","contentUrl":"https:\/\/districos.standingout.be\/wp-content\/uploads\/2025\/07\/8914.50@LowRes_1_0.png","width":600,"height":600},{"@type":"BreadcrumbList","@id":"https:\/\/districos.standingout.be\/fr\/product\/refectocil-kit-teinture-des-cils-ref-8914-50\/#breadcrumb","itemListElement":[{"@type":"ListItem","position":1,"name":"Home","item":"https:\/\/districos.standingout.be\/fr\/bienvenue-chez-districos\/"},{"@type":"ListItem","position":2,"name":"Boutique","item":"https:\/\/districos.standingout.be\/fr\/boutique\/"},{"@type":"ListItem","position":3,"name":"RefectoCil Kit Teinture des Cils"}]},{"@type":"WebSite","@id":"https:\/\/districos.standingout.be\/fr\/#website","url":"https:\/\/districos.standingout.be\/fr\/","name":"Districos Webshop","description":"","publisher":{"@id":"https:\/\/districos.standingout.be\/fr\/#organization"},"potentialAction":[{"@type":"SearchAction","target":{"@type":"EntryPoint","urlTemplate":"https:\/\/districos.standingout.be\/fr\/?s={search_term_string}"},"query-input":{"@type":"PropertyValueSpecification","valueRequired":true,"valueName":"search_term_string"}}],"inLanguage":"fr-FR"},{"@type":"Organization","@id":"https:\/\/districos.standingout.be\/fr\/#organization","name":"Districos Webshop","url":"https:\/\/districos.standingout.be\/fr\/","logo":{"@type":"ImageObject","inLanguage":"fr-FR","@id":"https:\/\/districos.standingout.be\/fr\/#\/schema\/logo\/image\/","url":"https:\/\/districos.standingout.be\/wp-content\/uploads\/2022\/09\/Districos_Logo_Webshop.svg","contentUrl":"https:\/\/districos.standingout.be\/wp-content\/uploads\/2022\/09\/Districos_Logo_Webshop.svg","caption":"Districos Webshop"},"image":{"@id":"https:\/\/districos.standingout.be\/fr\/#\/schema\/logo\/image\/"}}]}},"_links":{"self":[{"href":"https:\/\/districos.standingout.be\/fr\/wp-json\/wp\/v2\/product\/142367","targetHints":{"allow":["GET"]}}],"collection":[{"href":"https:\/\/districos.standingout.be\/fr\/wp-json\/wp\/v2\/product"}],"about":[{"href":"https:\/\/districos.standingout.be\/fr\/wp-json\/wp\/v2\/types\/product"}],"replies":[{"embeddable":true,"href":"https:\/\/districos.standingout.be\/fr\/wp-json\/wp\/v2\/comments?post=142367"}],"wp:featuredmedia":[{"embeddable":true,"href":"https:\/\/districos.standingout.be\/fr\/wp-json\/wp\/v2\/media\/85208"}],"wp:attachment":[{"href":"https:\/\/districos.standingout.be\/fr\/wp-json\/wp\/v2\/media?parent=142367"}],"wp:term":[{"taxonomy":"product_brand","embeddable":true,"href":"https:\/\/districos.standingout.be\/fr\/wp-json\/wp\/v2\/product_brand?post=142367"},{"taxonomy":"product_cat","embeddable":true,"href":"https:\/\/districos.standingout.be\/fr\/wp-json\/wp\/v2\/product_cat?post=142367"},{"taxonomy":"product_tag","embeddable":true,"href":"https:\/\/districos.standingout.be\/fr\/wp-json\/wp\/v2\/product_tag?post=142367"}],"curies":[{"name":"wp","href":"https:\/\/api.w.org\/{rel}","templated":true}]}}