{"id":142399,"date":"2026-04-28T13:46:44","date_gmt":"2026-04-28T11:46:44","guid":{"rendered":"https:\/\/webshopdistricoscom.webhosting.be\/product\/presentoir-cobra-rainbow-rape-60-100-12-pcs-ref-8935-04d\/"},"modified":"2026-04-28T13:46:45","modified_gmt":"2026-04-28T11:46:45","slug":"presentoir-cobra-rainbow-rape-60-100-12-pcs-ref-8935-04d","status":"publish","type":"product","link":"https:\/\/districos.standingout.be\/fr\/product\/presentoir-cobra-rainbow-rape-60-100-12-pcs-ref-8935-04d\/","title":{"rendered":"Pr\u00e9sentoir Cobra Rainbow R\u00e2pe 60\/100 12 pcs."},"content":{"rendered":"<p >\n<p dir=ltr>Enlevez facilement et sans douleur les callosit\u00e9s avec cette r\u00e2pe \u00e0 double face (grain 60 &amp; 100). Son manche ergonomique vous garantit un emploi confortable, comparable \u00e0 une lime en bois, mais elle est plus hygi\u00e9nique. Limez d&rsquo;abord les callosit\u00e9s avec la face \u00e0 gros grain (60), finissez par la face \u00e0 grain fin (100). La peau sera imm\u00e9diatement souple et douce. Nettoyez la r\u00e2pe apr\u00e8s chaque emploi avec une petite brosse sous l&rsquo;eau chaude courante, d\u00e9sinfectez ensuite avec un coton imbib\u00e9 d\u2019alcool \u00e0 80%. La qualit\u00e9 sup\u00e9rieure garantit une dur\u00e9e de vie prolong\u00e9e. <\/p>\n<p> Emballage : 12 pi\u00e8ces et pr\u00e9sentoir<\/p><\/p>\n","protected":false},"excerpt":{"rendered":"<p>Enlevez facilement et sans douleur les callosit\u00e9s avec cette r\u00e2pe \u00e0 double face (grain 60 &amp; 100). Son manche ergonomique vous garantit un emploi confortable, comparable \u00e0 une lime en bois, mais elle est plus hygi\u00e9nique. Limez d&rsquo;abord les callosit\u00e9s avec la face \u00e0 gros grain (60), finissez par la face \u00e0 grain fin (100). [&hellip;]<\/p>\n","protected":false},"featured_media":113732,"comment_status":"open","ping_status":"closed","template":"","meta":{"_acf_changed":false},"product_brand":[10334],"product_cat":[10170,9944],"product_tag":[],"class_list":{"0":"post-142399","1":"product","2":"type-product","3":"status-publish","4":"has-post-thumbnail","6":"product_brand-cobra-fr","7":"product_cat-fournitures-pour-cabinet-accessoires-accessoires-pedicure","8":"product_cat-beaute-pedicure-instruments","10":"first","11":"instock","12":"taxable","13":"shipping-taxable","14":"product-type-simple"},"acf":[],"yoast_head":"<!-- This site is optimized with the Yoast SEO plugin v27.3 - https:\/\/yoast.com\/product\/yoast-seo-wordpress\/ -->\n<title>Pr\u00e9sentoir Cobra Rainbow R\u00e2pe 60\/100 12 pcs. - Districos Webshop<\/title>\n<meta name=\"robots\" content=\"noindex, follow, max-snippet:-1, max-image-preview:large, max-video-preview:-1\" \/>\n<meta property=\"og:locale\" content=\"fr_FR\" \/>\n<meta property=\"og:type\" content=\"article\" \/>\n<meta property=\"og:title\" content=\"Pr\u00e9sentoir Cobra Rainbow R\u00e2pe 60\/100 12 pcs. - Districos Webshop\" \/>\n<meta property=\"og:description\" content=\"Enlevez facilement et sans douleur les callosit\u00e9s avec cette r\u00e2pe \u00e0 double face (grain 60 &amp; 100). Son manche ergonomique vous garantit un emploi confortable, comparable \u00e0 une lime en bois, mais elle est plus hygi\u00e9nique. Limez d&rsquo;abord les callosit\u00e9s avec la face \u00e0 gros grain (60), finissez par la face \u00e0 grain fin (100). [&hellip;]\" \/>\n<meta property=\"og:url\" content=\"https:\/\/districos.standingout.be\/fr\/product\/presentoir-cobra-rainbow-rape-60-100-12-pcs-ref-8935-04d\/\" \/>\n<meta property=\"og:site_name\" content=\"Districos Webshop\" \/>\n<meta property=\"article:modified_time\" content=\"2026-04-28T11:46:45+00:00\" \/>\n<meta name=\"twitter:card\" content=\"summary_large_image\" \/>\n<meta name=\"twitter:label1\" content=\"Dur\u00e9e de lecture estim\u00e9e\" \/>\n\t<meta name=\"twitter:data1\" content=\"1 minute\" \/>\n<script type=\"application\/ld+json\" class=\"yoast-schema-graph\">{\"@context\":\"https:\\\/\\\/schema.org\",\"@graph\":[{\"@type\":\"WebPage\",\"@id\":\"https:\\\/\\\/districos.standingout.be\\\/fr\\\/product\\\/presentoir-cobra-rainbow-rape-60-100-12-pcs-ref-8935-04d\\\/\",\"url\":\"https:\\\/\\\/districos.standingout.be\\\/fr\\\/product\\\/presentoir-cobra-rainbow-rape-60-100-12-pcs-ref-8935-04d\\\/\",\"name\":\"Pr\u00e9sentoir Cobra Rainbow R\u00e2pe 60\\\/100 12 pcs. - Districos Webshop\",\"isPartOf\":{\"@id\":\"https:\\\/\\\/districos.standingout.be\\\/fr\\\/#website\"},\"primaryImageOfPage\":{\"@id\":\"https:\\\/\\\/districos.standingout.be\\\/fr\\\/product\\\/presentoir-cobra-rainbow-rape-60-100-12-pcs-ref-8935-04d\\\/#primaryimage\"},\"image\":{\"@id\":\"https:\\\/\\\/districos.standingout.be\\\/fr\\\/product\\\/presentoir-cobra-rainbow-rape-60-100-12-pcs-ref-8935-04d\\\/#primaryimage\"},\"thumbnailUrl\":\"https:\\\/\\\/districos.standingout.be\\\/wp-content\\\/uploads\\\/2026\\\/03\\\/8935.04D@LowRes_1_0.png\",\"datePublished\":\"2026-04-28T11:46:44+00:00\",\"dateModified\":\"2026-04-28T11:46:45+00:00\",\"breadcrumb\":{\"@id\":\"https:\\\/\\\/districos.standingout.be\\\/fr\\\/product\\\/presentoir-cobra-rainbow-rape-60-100-12-pcs-ref-8935-04d\\\/#breadcrumb\"},\"inLanguage\":\"fr-FR\",\"potentialAction\":[{\"@type\":\"ReadAction\",\"target\":[\"https:\\\/\\\/districos.standingout.be\\\/fr\\\/product\\\/presentoir-cobra-rainbow-rape-60-100-12-pcs-ref-8935-04d\\\/\"]}]},{\"@type\":\"ImageObject\",\"inLanguage\":\"fr-FR\",\"@id\":\"https:\\\/\\\/districos.standingout.be\\\/fr\\\/product\\\/presentoir-cobra-rainbow-rape-60-100-12-pcs-ref-8935-04d\\\/#primaryimage\",\"url\":\"https:\\\/\\\/districos.standingout.be\\\/wp-content\\\/uploads\\\/2026\\\/03\\\/8935.04D@LowRes_1_0.png\",\"contentUrl\":\"https:\\\/\\\/districos.standingout.be\\\/wp-content\\\/uploads\\\/2026\\\/03\\\/8935.04D@LowRes_1_0.png\",\"width\":600,\"height\":600},{\"@type\":\"BreadcrumbList\",\"@id\":\"https:\\\/\\\/districos.standingout.be\\\/fr\\\/product\\\/presentoir-cobra-rainbow-rape-60-100-12-pcs-ref-8935-04d\\\/#breadcrumb\",\"itemListElement\":[{\"@type\":\"ListItem\",\"position\":1,\"name\":\"Home\",\"item\":\"https:\\\/\\\/districos.standingout.be\\\/fr\\\/bienvenue-chez-districos\\\/\"},{\"@type\":\"ListItem\",\"position\":2,\"name\":\"Boutique\",\"item\":\"https:\\\/\\\/districos.standingout.be\\\/fr\\\/boutique\\\/\"},{\"@type\":\"ListItem\",\"position\":3,\"name\":\"Pr\u00e9sentoir Cobra Rainbow R\u00e2pe 60\\\/100 12 pcs.\"}]},{\"@type\":\"WebSite\",\"@id\":\"https:\\\/\\\/districos.standingout.be\\\/fr\\\/#website\",\"url\":\"https:\\\/\\\/districos.standingout.be\\\/fr\\\/\",\"name\":\"Districos Webshop\",\"description\":\"\",\"publisher\":{\"@id\":\"https:\\\/\\\/districos.standingout.be\\\/fr\\\/#organization\"},\"potentialAction\":[{\"@type\":\"SearchAction\",\"target\":{\"@type\":\"EntryPoint\",\"urlTemplate\":\"https:\\\/\\\/districos.standingout.be\\\/fr\\\/?s={search_term_string}\"},\"query-input\":{\"@type\":\"PropertyValueSpecification\",\"valueRequired\":true,\"valueName\":\"search_term_string\"}}],\"inLanguage\":\"fr-FR\"},{\"@type\":\"Organization\",\"@id\":\"https:\\\/\\\/districos.standingout.be\\\/fr\\\/#organization\",\"name\":\"Districos Webshop\",\"url\":\"https:\\\/\\\/districos.standingout.be\\\/fr\\\/\",\"logo\":{\"@type\":\"ImageObject\",\"inLanguage\":\"fr-FR\",\"@id\":\"https:\\\/\\\/districos.standingout.be\\\/fr\\\/#\\\/schema\\\/logo\\\/image\\\/\",\"url\":\"https:\\\/\\\/districos.standingout.be\\\/wp-content\\\/uploads\\\/2022\\\/09\\\/Districos_Logo_Webshop.svg\",\"contentUrl\":\"https:\\\/\\\/districos.standingout.be\\\/wp-content\\\/uploads\\\/2022\\\/09\\\/Districos_Logo_Webshop.svg\",\"caption\":\"Districos Webshop\"},\"image\":{\"@id\":\"https:\\\/\\\/districos.standingout.be\\\/fr\\\/#\\\/schema\\\/logo\\\/image\\\/\"}}]}<\/script>\n<!-- \/ Yoast SEO plugin. -->","yoast_head_json":{"title":"Pr\u00e9sentoir Cobra Rainbow R\u00e2pe 60\/100 12 pcs. - Districos Webshop","robots":{"index":"noindex","follow":"follow","max-snippet":"max-snippet:-1","max-image-preview":"max-image-preview:large","max-video-preview":"max-video-preview:-1"},"og_locale":"fr_FR","og_type":"article","og_title":"Pr\u00e9sentoir Cobra Rainbow R\u00e2pe 60\/100 12 pcs. - Districos Webshop","og_description":"Enlevez facilement et sans douleur les callosit\u00e9s avec cette r\u00e2pe \u00e0 double face (grain 60 &amp; 100). Son manche ergonomique vous garantit un emploi confortable, comparable \u00e0 une lime en bois, mais elle est plus hygi\u00e9nique. Limez d&rsquo;abord les callosit\u00e9s avec la face \u00e0 gros grain (60), finissez par la face \u00e0 grain fin (100). [&hellip;]","og_url":"https:\/\/districos.standingout.be\/fr\/product\/presentoir-cobra-rainbow-rape-60-100-12-pcs-ref-8935-04d\/","og_site_name":"Districos Webshop","article_modified_time":"2026-04-28T11:46:45+00:00","twitter_card":"summary_large_image","twitter_misc":{"Dur\u00e9e de lecture estim\u00e9e":"1 minute"},"schema":{"@context":"https:\/\/schema.org","@graph":[{"@type":"WebPage","@id":"https:\/\/districos.standingout.be\/fr\/product\/presentoir-cobra-rainbow-rape-60-100-12-pcs-ref-8935-04d\/","url":"https:\/\/districos.standingout.be\/fr\/product\/presentoir-cobra-rainbow-rape-60-100-12-pcs-ref-8935-04d\/","name":"Pr\u00e9sentoir Cobra Rainbow R\u00e2pe 60\/100 12 pcs. - Districos Webshop","isPartOf":{"@id":"https:\/\/districos.standingout.be\/fr\/#website"},"primaryImageOfPage":{"@id":"https:\/\/districos.standingout.be\/fr\/product\/presentoir-cobra-rainbow-rape-60-100-12-pcs-ref-8935-04d\/#primaryimage"},"image":{"@id":"https:\/\/districos.standingout.be\/fr\/product\/presentoir-cobra-rainbow-rape-60-100-12-pcs-ref-8935-04d\/#primaryimage"},"thumbnailUrl":"https:\/\/districos.standingout.be\/wp-content\/uploads\/2026\/03\/8935.04D@LowRes_1_0.png","datePublished":"2026-04-28T11:46:44+00:00","dateModified":"2026-04-28T11:46:45+00:00","breadcrumb":{"@id":"https:\/\/districos.standingout.be\/fr\/product\/presentoir-cobra-rainbow-rape-60-100-12-pcs-ref-8935-04d\/#breadcrumb"},"inLanguage":"fr-FR","potentialAction":[{"@type":"ReadAction","target":["https:\/\/districos.standingout.be\/fr\/product\/presentoir-cobra-rainbow-rape-60-100-12-pcs-ref-8935-04d\/"]}]},{"@type":"ImageObject","inLanguage":"fr-FR","@id":"https:\/\/districos.standingout.be\/fr\/product\/presentoir-cobra-rainbow-rape-60-100-12-pcs-ref-8935-04d\/#primaryimage","url":"https:\/\/districos.standingout.be\/wp-content\/uploads\/2026\/03\/8935.04D@LowRes_1_0.png","contentUrl":"https:\/\/districos.standingout.be\/wp-content\/uploads\/2026\/03\/8935.04D@LowRes_1_0.png","width":600,"height":600},{"@type":"BreadcrumbList","@id":"https:\/\/districos.standingout.be\/fr\/product\/presentoir-cobra-rainbow-rape-60-100-12-pcs-ref-8935-04d\/#breadcrumb","itemListElement":[{"@type":"ListItem","position":1,"name":"Home","item":"https:\/\/districos.standingout.be\/fr\/bienvenue-chez-districos\/"},{"@type":"ListItem","position":2,"name":"Boutique","item":"https:\/\/districos.standingout.be\/fr\/boutique\/"},{"@type":"ListItem","position":3,"name":"Pr\u00e9sentoir Cobra Rainbow R\u00e2pe 60\/100 12 pcs."}]},{"@type":"WebSite","@id":"https:\/\/districos.standingout.be\/fr\/#website","url":"https:\/\/districos.standingout.be\/fr\/","name":"Districos Webshop","description":"","publisher":{"@id":"https:\/\/districos.standingout.be\/fr\/#organization"},"potentialAction":[{"@type":"SearchAction","target":{"@type":"EntryPoint","urlTemplate":"https:\/\/districos.standingout.be\/fr\/?s={search_term_string}"},"query-input":{"@type":"PropertyValueSpecification","valueRequired":true,"valueName":"search_term_string"}}],"inLanguage":"fr-FR"},{"@type":"Organization","@id":"https:\/\/districos.standingout.be\/fr\/#organization","name":"Districos Webshop","url":"https:\/\/districos.standingout.be\/fr\/","logo":{"@type":"ImageObject","inLanguage":"fr-FR","@id":"https:\/\/districos.standingout.be\/fr\/#\/schema\/logo\/image\/","url":"https:\/\/districos.standingout.be\/wp-content\/uploads\/2022\/09\/Districos_Logo_Webshop.svg","contentUrl":"https:\/\/districos.standingout.be\/wp-content\/uploads\/2022\/09\/Districos_Logo_Webshop.svg","caption":"Districos Webshop"},"image":{"@id":"https:\/\/districos.standingout.be\/fr\/#\/schema\/logo\/image\/"}}]}},"_links":{"self":[{"href":"https:\/\/districos.standingout.be\/fr\/wp-json\/wp\/v2\/product\/142399","targetHints":{"allow":["GET"]}}],"collection":[{"href":"https:\/\/districos.standingout.be\/fr\/wp-json\/wp\/v2\/product"}],"about":[{"href":"https:\/\/districos.standingout.be\/fr\/wp-json\/wp\/v2\/types\/product"}],"replies":[{"embeddable":true,"href":"https:\/\/districos.standingout.be\/fr\/wp-json\/wp\/v2\/comments?post=142399"}],"wp:featuredmedia":[{"embeddable":true,"href":"https:\/\/districos.standingout.be\/fr\/wp-json\/wp\/v2\/media\/113732"}],"wp:attachment":[{"href":"https:\/\/districos.standingout.be\/fr\/wp-json\/wp\/v2\/media?parent=142399"}],"wp:term":[{"taxonomy":"product_brand","embeddable":true,"href":"https:\/\/districos.standingout.be\/fr\/wp-json\/wp\/v2\/product_brand?post=142399"},{"taxonomy":"product_cat","embeddable":true,"href":"https:\/\/districos.standingout.be\/fr\/wp-json\/wp\/v2\/product_cat?post=142399"},{"taxonomy":"product_tag","embeddable":true,"href":"https:\/\/districos.standingout.be\/fr\/wp-json\/wp\/v2\/product_tag?post=142399"}],"curies":[{"name":"wp","href":"https:\/\/api.w.org\/{rel}","templated":true}]}}